{"id":20369,"date":"2026-01-28T16:05:17","date_gmt":"2026-01-28T14:05:17","guid":{"rendered":"https:\/\/mekulo.com\/no\/produkt\/toalettborste-med-trekantet-hode-2-stk\/"},"modified":"2026-02-03T17:08:24","modified_gmt":"2026-02-03T15:08:24","slug":"toalettborste-med-trekantet-hode-2-stk","status":"publish","type":"product","link":"https:\/\/mekulo.com\/no\/produkt\/toalettborste-med-trekantet-hode-2-stk\/","title":{"rendered":"Toalettb\u00f8rste med trekantet hode (2 stk)"},"content":{"rendered":"<div class=\"flex max-w-full flex-col grow\">\n<div class=\"min-h-8 text-message relative flex w-full flex-col items-end gap-2 text-start break-words whitespace-normal [.text-message+&amp;]:mt-1\" dir=\"auto\" data-message-author-role=\"assistant\" data-message-id=\"5e9b3abb-5633-4144-ab1b-9b326cf60cd9\" data-message-model-slug=\"gpt-5-2\">\n<div class=\"flex w-full flex-col gap-1 empty:hidden first:pt-[1px]\">\n<div class=\"markdown prose dark:prose-invert w-full wrap-break-word light markdown-new-styling\">\n<p style=\"text-align: center;\" data-start=\"0\" data-end=\"67\"><strong data-start=\"0\" data-end=\"67\">Rengj\u00f8r Hvert Hj\u00f8rne Av Toalettet Ditt Enkelt Uten S\u00f8l Eller Lukt. \ud83d\udebd<\/strong><\/p>\n<p data-start=\"0\" data-end=\"67\"><img fetchpriority=\"high\" decoding=\"async\" class=\"size-full wp-image-22447 aligncenter\" src=\"https:\/\/mekulo.com\/template\/wp-content\/uploads\/sites\/6\/2026\/01\/cce7374a8a2653df8a6b130846cb616500e5b2dc-800.jpg\" alt=\"\" width=\"1080\" height=\"1080\" \/><\/p>\n<h2 style=\"text-align: center;\" data-start=\"361\" data-end=\"378\">Hovedfordeler \ud83e\uddfc<\/h2>\n<p data-start=\"381\" data-end=\"449\">\ud83d\udd3a Trekantet b\u00f8rstehode &#8211; Rengj\u00f8r hj\u00f8rner og kanter grundig.<\/p>\n<p data-start=\"452\" data-end=\"508\">\ud83d\udebf Lett \u00e5 skylle rent &#8211; Smuss vaskes av umiddelbart.<\/p>\n<p data-start=\"511\" data-end=\"574\">\ud83e\uddfc Ingen h\u00e5rfloker &#8211; Glatte TPR-bust forhindrer opphopning.<\/p>\n<p data-start=\"577\" data-end=\"636\">\ud83d\udebd Sk\u00e5nsom mot overflater &#8211; Vil ikke skrape keramiske toaletter.<\/p>\n<p data-start=\"639\" data-end=\"700\">\ud83e\uddf2 Veggmontert oppbevaring &#8211; Holder b\u00f8rsten borte fra gulvet.<\/p>\n<p data-start=\"703\" data-end=\"763\">\ud83d\udee0\ufe0f Installasjon uten boring &#8211; Sterkt klebemiddel, ingen skader.<\/p>\n<p data-start=\"703\" data-end=\"763\"><img decoding=\"async\" class=\"size-full wp-image-22444 aligncenter\" src=\"https:\/\/mekulo.com\/template\/wp-content\/uploads\/sites\/6\/2026\/01\/98cc23be62cce1eb69f38211940d539b28ed71bc-800.jpg\" alt=\"\" width=\"1080\" height=\"1075\" \/><\/p>\n<h2 style=\"text-align: center;\" data-start=\"765\" data-end=\"779\">Hvordan Du Bruker \ud83d\udccc<\/h2>\n<ol data-start=\"780\" data-end=\"1026\">\n<li data-start=\"780\" data-end=\"842\">\n<p data-start=\"783\" data-end=\"842\">Feste holderen til veggen ved hjelp av klistremerket.<\/p>\n<\/li>\n<li data-start=\"843\" data-end=\"877\">\n<p data-start=\"846\" data-end=\"877\">La den sette seg fast f\u00f8r bruk.<\/p>\n<\/li>\n<li data-start=\"878\" data-end=\"938\">\n<p data-start=\"881\" data-end=\"938\">Skrubb toalettsk\u00e5len, med fokus p\u00e5 hj\u00f8rner og spor.<\/p>\n<\/li>\n<li data-start=\"939\" data-end=\"982\">\n<p data-start=\"942\" data-end=\"982\">Skyll b\u00f8rsten under vann etter bruk.<\/p>\n<\/li>\n<li data-start=\"983\" data-end=\"1026\">\n<p data-start=\"986\" data-end=\"1026\">Plasser den tilbake i veggholderen for \u00e5 t\u00f8rke.<\/p>\n<\/li>\n<\/ol>\n<h2 style=\"text-align: center;\" data-start=\"1028\" data-end=\"1047\">Produktdetaljer \ud83d\udccf<\/h2>\n<ul data-start=\"1048\" data-end=\"1245\">\n<li data-start=\"1048\" data-end=\"1080\">\n<p data-start=\"1050\" data-end=\"1080\">B\u00f8rstehodeform: Trekantet<\/p>\n<\/li>\n<li data-start=\"1081\" data-end=\"1119\">\n<p data-start=\"1083\" data-end=\"1119\">Borstemateriale: TPR<\/p>\n<\/li>\n<li data-start=\"1120\" data-end=\"1163\">\n<p data-start=\"1122\" data-end=\"1163\">Installasjon: Veggmontert, ingen boring<\/p>\n<\/li>\n<li data-start=\"1164\" data-end=\"1205\">\n<p data-start=\"1166\" data-end=\"1205\">Bruksomr\u00e5de: Toalettsk\u00e5l og indre kanter<\/p>\n<\/li>\n<li data-start=\"1206\" data-end=\"1245\">\n<p data-start=\"1208\" data-end=\"1245\">Rengj\u00f8ring: Skyller rent, uten rester<\/p>\n<\/li>\n<li data-start=\"1206\" data-end=\"1245\">St\u00f8rrelse: 40 x 7,2 x 5 cm<\/li>\n<\/ul>\n<h2 style=\"text-align: center;\" data-start=\"1247\" data-end=\"1267\">Pakken inkluderer \ud83d\udce6<\/h2>\n<ul data-start=\"1268\" data-end=\"1365\" data-is-last-node=\"\" data-is-only-node=\"\">\n<li data-start=\"1268\" data-end=\"1309\">\n<p data-start=\"1270\" data-end=\"1309\">2x toalettb\u00f8rster med trekantet hode<\/p>\n<\/li>\n<li data-start=\"1338\" data-end=\"1365\" data-is-last-node=\"\">\n<p data-start=\"1340\" data-end=\"1365\" data-is-last-node=\"\">2x selvklebende monteringsb\u00e5nd.<\/p>\n<\/li>\n<\/ul>\n<\/div>\n<\/div>\n<\/div>\n<\/div>\n","protected":false},"excerpt":{"rendered":"<p>\ud83e\udea0Denne toalettb\u00f8rsten med trekantet hode n\u00e5r dype hj\u00f8rner og vanskelig \u00e5 rengj\u00f8re riller som vanlige b\u00f8rster ikke n\u00e5r.<br \/>\n\ud83d\udd3aDe myke TPR-bustene fanger ikke h\u00e5r og skyller rent umiddelbart, noe som holder badet ditt hygienisk.<br \/>\n\ud83e\udee7En moderne, lettstelt b\u00f8rste som gj\u00f8r toalettrengj\u00f8ringen raskere og mer stressfri.<\/p>\n","protected":false},"featured_media":20365,"comment_status":"open","ping_status":"closed","template":"","meta":{"site-sidebar-layout":"default","site-content-layout":"","ast-site-content-layout":"default","site-content-style":"default","site-sidebar-style":"default","ast-global-header-display":"","ast-banner-title-visibility":"","ast-main-header-display":"","ast-hfb-above-header-display":"","ast-hfb-below-header-display":"","ast-hfb-mobile-header-display":"","site-post-title":"","ast-breadcrumbs-content":"","ast-featured-img":"","footer-sml-layout":"","theme-transparent-header-meta":"default","adv-header-id-meta":"","stick-header-meta":"","header-above-stick-meta":"","header-main-stick-meta":"","header-below-stick-meta":"","astra-migrate-meta-layouts":"set","ast-page-background-enabled":"default","ast-page-background-meta":{"desktop":{"background-color":"var(--ast-global-color-5)","background-image":"","background-repeat":"repeat","background-position":"center center","background-size":"auto","background-attachment":"scroll","background-type":"","background-media":"","overlay-type":"","overlay-color":"","overlay-opacity":"","overlay-gradient":""},"tablet":{"background-color":"","background-image":"","background-repeat":"repeat","background-position":"center center","background-size":"auto","background-attachment":"scroll","background-type":"","background-media":"","overlay-type":"","overlay-color":"","overlay-opacity":"","overlay-gradient":""},"mobile":{"background-color":"","background-image":"","background-repeat":"repeat","background-position":"center center","background-size":"auto","background-attachment":"scroll","background-type":"","background-media":"","overlay-type":"","overlay-color":"","overlay-opacity":"","overlay-gradient":""}},"ast-content-background-meta":{"desktop":{"background-color":"var(--ast-global-color-4)","background-image":"","background-repeat":"repeat","background-position":"center center","background-size":"auto","background-attachment":"scroll","background-type":"","background-media":"","overlay-type":"","overlay-color":"","overlay-opacity":"","overlay-gradient":""},"tablet":{"background-color":"var(--ast-global-color-4)","background-image":"","background-repeat":"repeat","background-position":"center center","background-size":"auto","background-attachment":"scroll","background-type":"","background-media":"","overlay-type":"","overlay-color":"","overlay-opacity":"","overlay-gradient":""},"mobile":{"background-color":"var(--ast-global-color-4)","background-image":"","background-repeat":"repeat","background-position":"center center","background-size":"auto","background-attachment":"scroll","background-type":"","background-media":"","overlay-type":"","overlay-color":"","overlay-opacity":"","overlay-gradient":""}}},"product_brand":[],"product_cat":[168],"product_tag":[],"class_list":{"0":"post-20369","1":"product","2":"type-product","3":"status-publish","4":"has-post-thumbnail","6":"product_cat-husholdningsartikler","7":"pa_52813_2dyifixe-bla","8":"pa_52813_2dyifixe-gronn","9":"pa_52813_2dyifixe-hvit","10":"pa_52813_2dyifixe-svart","11":"desktop-align-left","12":"tablet-align-left","13":"mobile-align-left","15":"first","16":"instock","17":"shipping-taxable","18":"purchasable","19":"product-type-variable"},"yoast_head":"<!-- This site is optimized with the Yoast SEO plugin v26.6 - https:\/\/yoast.com\/wordpress\/plugins\/seo\/ -->\n<title>Toalettb\u00f8rste med trekantet hode (2 stk) - Mekulo NO<\/title>\n<meta name=\"robots\" content=\"index, follow, max-snippet:-1, max-image-preview:large, max-video-preview:-1\" \/>\n<link rel=\"canonical\" href=\"https:\/\/mekulo.com\/no\/produkt\/toalettborste-med-trekantet-hode-2-stk\/\" \/>\n<meta property=\"og:locale\" content=\"nb_NO\" \/>\n<meta property=\"og:type\" content=\"article\" \/>\n<meta property=\"og:title\" content=\"Toalettb\u00f8rste med trekantet hode (2 stk) - Mekulo NO\" \/>\n<meta property=\"og:description\" content=\"\ud83e\udea0Denne toalettb\u00f8rsten med trekantet hode n\u00e5r dype hj\u00f8rner og vanskelig \u00e5 rengj\u00f8re riller som vanlige b\u00f8rster ikke n\u00e5r. \ud83d\udd3aDe myke TPR-bustene fanger ikke h\u00e5r og skyller rent umiddelbart, noe som holder badet ditt hygienisk. \ud83e\udee7En moderne, lettstelt b\u00f8rste som gj\u00f8r toalettrengj\u00f8ringen raskere og mer stressfri.\" \/>\n<meta property=\"og:url\" content=\"https:\/\/mekulo.com\/no\/produkt\/toalettborste-med-trekantet-hode-2-stk\/\" \/>\n<meta property=\"og:site_name\" content=\"Mekulo NO\" \/>\n<meta property=\"article:modified_time\" content=\"2026-02-03T15:08:24+00:00\" \/>\n<meta property=\"og:image\" content=\"https:\/\/mekulo.com\/no\/wp-content\/uploads\/sites\/10\/2026\/01\/qoxwnb3-1.jpg\" \/>\n\t<meta property=\"og:image:width\" content=\"1080\" \/>\n\t<meta property=\"og:image:height\" content=\"1080\" \/>\n\t<meta property=\"og:image:type\" content=\"image\/jpeg\" \/>\n<meta name=\"twitter:card\" content=\"summary_large_image\" \/>\n<meta name=\"twitter:label1\" content=\"Ansl. lesetid\" \/>\n\t<meta name=\"twitter:data1\" content=\"2 minutter\" \/>\n<script type=\"application\/ld+json\" class=\"yoast-schema-graph\">{\"@context\":\"https:\/\/schema.org\",\"@graph\":[{\"@type\":\"WebPage\",\"@id\":\"https:\/\/mekulo.com\/no\/produkt\/toalettborste-med-trekantet-hode-2-stk\/\",\"url\":\"https:\/\/mekulo.com\/no\/produkt\/toalettborste-med-trekantet-hode-2-stk\/\",\"name\":\"Toalettb\u00f8rste med trekantet hode (2 stk) - Mekulo NO\",\"isPartOf\":{\"@id\":\"https:\/\/mekulo.com\/no\/#website\"},\"primaryImageOfPage\":{\"@id\":\"https:\/\/mekulo.com\/no\/produkt\/toalettborste-med-trekantet-hode-2-stk\/#primaryimage\"},\"image\":{\"@id\":\"https:\/\/mekulo.com\/no\/produkt\/toalettborste-med-trekantet-hode-2-stk\/#primaryimage\"},\"thumbnailUrl\":\"https:\/\/mekulo.com\/no\/wp-content\/uploads\/sites\/10\/2026\/01\/qoxwnb3-1.jpg\",\"datePublished\":\"2026-01-28T14:05:17+00:00\",\"dateModified\":\"2026-02-03T15:08:24+00:00\",\"breadcrumb\":{\"@id\":\"https:\/\/mekulo.com\/no\/produkt\/toalettborste-med-trekantet-hode-2-stk\/#breadcrumb\"},\"inLanguage\":\"nb-NO\",\"potentialAction\":[{\"@type\":\"ReadAction\",\"target\":[\"https:\/\/mekulo.com\/no\/produkt\/toalettborste-med-trekantet-hode-2-stk\/\"]}]},{\"@type\":\"ImageObject\",\"inLanguage\":\"nb-NO\",\"@id\":\"https:\/\/mekulo.com\/no\/produkt\/toalettborste-med-trekantet-hode-2-stk\/#primaryimage\",\"url\":\"https:\/\/mekulo.com\/no\/wp-content\/uploads\/sites\/10\/2026\/01\/qoxwnb3-1.jpg\",\"contentUrl\":\"https:\/\/mekulo.com\/no\/wp-content\/uploads\/sites\/10\/2026\/01\/qoxwnb3-1.jpg\",\"width\":1080,\"height\":1080},{\"@type\":\"BreadcrumbList\",\"@id\":\"https:\/\/mekulo.com\/no\/produkt\/toalettborste-med-trekantet-hode-2-stk\/#breadcrumb\",\"itemListElement\":[{\"@type\":\"ListItem\",\"position\":1,\"name\":\"Home\",\"item\":\"https:\/\/mekulo.com\/no\/\"},{\"@type\":\"ListItem\",\"position\":2,\"name\":\"Butikk\",\"item\":\"https:\/\/mekulo.com\/no\/butikk\/\"},{\"@type\":\"ListItem\",\"position\":3,\"name\":\"Toalettb\u00f8rste med trekantet hode (2 stk)\"}]},{\"@type\":\"WebSite\",\"@id\":\"https:\/\/mekulo.com\/no\/#website\",\"url\":\"https:\/\/mekulo.com\/no\/\",\"name\":\"Mekulo NO\",\"description\":\"\",\"publisher\":{\"@id\":\"https:\/\/mekulo.com\/no\/#organization\"},\"potentialAction\":[{\"@type\":\"SearchAction\",\"target\":{\"@type\":\"EntryPoint\",\"urlTemplate\":\"https:\/\/mekulo.com\/no\/?s={search_term_string}\"},\"query-input\":{\"@type\":\"PropertyValueSpecification\",\"valueRequired\":true,\"valueName\":\"search_term_string\"}}],\"inLanguage\":\"nb-NO\"},{\"@type\":\"Organization\",\"@id\":\"https:\/\/mekulo.com\/no\/#organization\",\"name\":\"Mekulo\",\"url\":\"https:\/\/mekulo.com\/no\/\",\"logo\":{\"@type\":\"ImageObject\",\"inLanguage\":\"nb-NO\",\"@id\":\"https:\/\/mekulo.com\/no\/#\/schema\/logo\/image\/\",\"url\":\"https:\/\/mekulo.com\/no\/wp-content\/uploads\/sites\/10\/2025\/12\/favicon_mekulo.png\",\"contentUrl\":\"https:\/\/mekulo.com\/no\/wp-content\/uploads\/sites\/10\/2025\/12\/favicon_mekulo.png\",\"width\":50,\"height\":50,\"caption\":\"Mekulo\"},\"image\":{\"@id\":\"https:\/\/mekulo.com\/no\/#\/schema\/logo\/image\/\"}}]}<\/script>\n<!-- \/ Yoast SEO plugin. -->","yoast_head_json":{"title":"Toalettb\u00f8rste med trekantet hode (2 stk) - Mekulo NO","robots":{"index":"index","follow":"follow","max-snippet":"max-snippet:-1","max-image-preview":"max-image-preview:large","max-video-preview":"max-video-preview:-1"},"canonical":"https:\/\/mekulo.com\/no\/produkt\/toalettborste-med-trekantet-hode-2-stk\/","og_locale":"nb_NO","og_type":"article","og_title":"Toalettb\u00f8rste med trekantet hode (2 stk) - Mekulo NO","og_description":"\ud83e\udea0Denne toalettb\u00f8rsten med trekantet hode n\u00e5r dype hj\u00f8rner og vanskelig \u00e5 rengj\u00f8re riller som vanlige b\u00f8rster ikke n\u00e5r. \ud83d\udd3aDe myke TPR-bustene fanger ikke h\u00e5r og skyller rent umiddelbart, noe som holder badet ditt hygienisk. \ud83e\udee7En moderne, lettstelt b\u00f8rste som gj\u00f8r toalettrengj\u00f8ringen raskere og mer stressfri.","og_url":"https:\/\/mekulo.com\/no\/produkt\/toalettborste-med-trekantet-hode-2-stk\/","og_site_name":"Mekulo NO","article_modified_time":"2026-02-03T15:08:24+00:00","og_image":[{"width":1080,"height":1080,"url":"https:\/\/mekulo.com\/no\/wp-content\/uploads\/sites\/10\/2026\/01\/qoxwnb3-1.jpg","type":"image\/jpeg"}],"twitter_card":"summary_large_image","twitter_misc":{"Ansl. lesetid":"2 minutter"},"schema":{"@context":"https:\/\/schema.org","@graph":[{"@type":"WebPage","@id":"https:\/\/mekulo.com\/no\/produkt\/toalettborste-med-trekantet-hode-2-stk\/","url":"https:\/\/mekulo.com\/no\/produkt\/toalettborste-med-trekantet-hode-2-stk\/","name":"Toalettb\u00f8rste med trekantet hode (2 stk) - Mekulo NO","isPartOf":{"@id":"https:\/\/mekulo.com\/no\/#website"},"primaryImageOfPage":{"@id":"https:\/\/mekulo.com\/no\/produkt\/toalettborste-med-trekantet-hode-2-stk\/#primaryimage"},"image":{"@id":"https:\/\/mekulo.com\/no\/produkt\/toalettborste-med-trekantet-hode-2-stk\/#primaryimage"},"thumbnailUrl":"https:\/\/mekulo.com\/no\/wp-content\/uploads\/sites\/10\/2026\/01\/qoxwnb3-1.jpg","datePublished":"2026-01-28T14:05:17+00:00","dateModified":"2026-02-03T15:08:24+00:00","breadcrumb":{"@id":"https:\/\/mekulo.com\/no\/produkt\/toalettborste-med-trekantet-hode-2-stk\/#breadcrumb"},"inLanguage":"nb-NO","potentialAction":[{"@type":"ReadAction","target":["https:\/\/mekulo.com\/no\/produkt\/toalettborste-med-trekantet-hode-2-stk\/"]}]},{"@type":"ImageObject","inLanguage":"nb-NO","@id":"https:\/\/mekulo.com\/no\/produkt\/toalettborste-med-trekantet-hode-2-stk\/#primaryimage","url":"https:\/\/mekulo.com\/no\/wp-content\/uploads\/sites\/10\/2026\/01\/qoxwnb3-1.jpg","contentUrl":"https:\/\/mekulo.com\/no\/wp-content\/uploads\/sites\/10\/2026\/01\/qoxwnb3-1.jpg","width":1080,"height":1080},{"@type":"BreadcrumbList","@id":"https:\/\/mekulo.com\/no\/produkt\/toalettborste-med-trekantet-hode-2-stk\/#breadcrumb","itemListElement":[{"@type":"ListItem","position":1,"name":"Home","item":"https:\/\/mekulo.com\/no\/"},{"@type":"ListItem","position":2,"name":"Butikk","item":"https:\/\/mekulo.com\/no\/butikk\/"},{"@type":"ListItem","position":3,"name":"Toalettb\u00f8rste med trekantet hode (2 stk)"}]},{"@type":"WebSite","@id":"https:\/\/mekulo.com\/no\/#website","url":"https:\/\/mekulo.com\/no\/","name":"Mekulo NO","description":"","publisher":{"@id":"https:\/\/mekulo.com\/no\/#organization"},"potentialAction":[{"@type":"SearchAction","target":{"@type":"EntryPoint","urlTemplate":"https:\/\/mekulo.com\/no\/?s={search_term_string}"},"query-input":{"@type":"PropertyValueSpecification","valueRequired":true,"valueName":"search_term_string"}}],"inLanguage":"nb-NO"},{"@type":"Organization","@id":"https:\/\/mekulo.com\/no\/#organization","name":"Mekulo","url":"https:\/\/mekulo.com\/no\/","logo":{"@type":"ImageObject","inLanguage":"nb-NO","@id":"https:\/\/mekulo.com\/no\/#\/schema\/logo\/image\/","url":"https:\/\/mekulo.com\/no\/wp-content\/uploads\/sites\/10\/2025\/12\/favicon_mekulo.png","contentUrl":"https:\/\/mekulo.com\/no\/wp-content\/uploads\/sites\/10\/2025\/12\/favicon_mekulo.png","width":50,"height":50,"caption":"Mekulo"},"image":{"@id":"https:\/\/mekulo.com\/no\/#\/schema\/logo\/image\/"}}]}},"_links":{"self":[{"href":"https:\/\/mekulo.com\/no\/wp-json\/wp\/v2\/product\/20369","targetHints":{"allow":["GET"]}}],"collection":[{"href":"https:\/\/mekulo.com\/no\/wp-json\/wp\/v2\/product"}],"about":[{"href":"https:\/\/mekulo.com\/no\/wp-json\/wp\/v2\/types\/product"}],"replies":[{"embeddable":true,"href":"https:\/\/mekulo.com\/no\/wp-json\/wp\/v2\/comments?post=20369"}],"wp:featuredmedia":[{"embeddable":true,"href":"https:\/\/mekulo.com\/no\/wp-json\/wp\/v2\/media\/20365"}],"wp:attachment":[{"href":"https:\/\/mekulo.com\/no\/wp-json\/wp\/v2\/media?parent=20369"}],"wp:term":[{"taxonomy":"product_brand","embeddable":true,"href":"https:\/\/mekulo.com\/no\/wp-json\/wp\/v2\/product_brand?post=20369"},{"taxonomy":"product_cat","embeddable":true,"href":"https:\/\/mekulo.com\/no\/wp-json\/wp\/v2\/product_cat?post=20369"},{"taxonomy":"product_tag","embeddable":true,"href":"https:\/\/mekulo.com\/no\/wp-json\/wp\/v2\/product_tag?post=20369"}],"curies":[{"name":"wp","href":"https:\/\/api.w.org\/{rel}","templated":true}]}}