{"id":20355,"date":"2026-01-28T16:03:23","date_gmt":"2026-01-28T14:03:23","guid":{"rendered":"https:\/\/mekulo.com\/no\/produkt\/universelle-ventilhetter-for-dekktrykkovervaking-8-stk\/"},"modified":"2026-02-10T11:05:00","modified_gmt":"2026-02-10T09:05:00","slug":"universelle-ventilhetter-for-dekktrykkovervaking-8-stk","status":"publish","type":"product","link":"https:\/\/mekulo.com\/no\/produkt\/universelle-ventilhetter-for-dekktrykkovervaking-8-stk\/","title":{"rendered":"Universelle ventilhetter for dekktrykkoverv\u00e5king (8 stk)"},"content":{"rendered":"<p style=\"text-align: center;\" data-start=\"0\" data-end=\"65\"><strong data-start=\"0\" data-end=\"65\">Sjekk dekktrykket umiddelbart med et raskt blikk i farger. \ud83d\ude99<\/strong><\/p>\n<p data-start=\"0\" data-end=\"65\"><img fetchpriority=\"high\" decoding=\"async\" class=\"size-full wp-image-22399 aligncenter\" src=\"https:\/\/mekulo.com\/template\/wp-content\/uploads\/sites\/6\/2026\/01\/54eb03da59dbbf16546870346f7fb8b364b6d782.jpg\" alt=\"\" width=\"1080\" height=\"1080\" \/><\/p>\n<h2 style=\"text-align: center;\" data-start=\"425\" data-end=\"442\"><strong>Hovedfordeler \ud83d\ude98<\/strong><\/h2>\n<p data-start=\"445\" data-end=\"516\">\ud83d\udc40 \u00d8yeblikkelige fargevarsler &#8211; Gr\u00f8nn, gul og r\u00f8d trykkvisning.<\/p>\n<p data-start=\"519\" data-end=\"594\">\ud83d\udee1\ufe0f Forbedret sikkerhet &#8211; Oppdager lavt trykk f\u00f8r det blir farlig.<\/p>\n<p data-start=\"597\" data-end=\"660\">\ud83d\udcb0 Spar drivstoff og penger &#8211; Riktig trykk reduserer drivstofforbruket.<\/p>\n<p data-start=\"663\" data-end=\"732\">\ud83d\ude97 Universell passform &#8211; Fungerer med de fleste biler, sykler og motorsykler.<\/p>\n<p data-start=\"735\" data-end=\"801\">\ud83d\udd10 Tyverisikret design &#8211; Inkluderer l\u00e5semutter og liten skiften\u00f8kkel.<\/p>\n<p data-start=\"804\" data-end=\"867\">\ud83d\udcaa Slitesterk konstruksjon &#8211; Laget av rustfritt st\u00e5l og PC.<\/p>\n<p data-start=\"804\" data-end=\"867\"><img decoding=\"async\" class=\"size-full wp-image-22403 aligncenter\" src=\"https:\/\/mekulo.com\/template\/wp-content\/uploads\/sites\/6\/2026\/01\/7ea7ef69d78c12dad3b5d47f010c58c7f534c848.webp\" alt=\"\" width=\"1601\" height=\"1601\" \/><\/p>\n<h2 style=\"text-align: center;\" data-start=\"869\" data-end=\"883\"><strong>Hvordan Du Bruker \ud83d\udccc<\/strong><\/h2>\n<ol data-start=\"884\" data-end=\"1125\">\n<li data-start=\"884\" data-end=\"921\">\n<p data-start=\"887\" data-end=\"921\">Fjern dine eksisterende ventilhetter.<\/p>\n<\/li>\n<li data-start=\"922\" data-end=\"974\">\n<p data-start=\"925\" data-end=\"974\">Skru overv\u00e5kingshettene p\u00e5 dekkventilene.<\/p>\n<\/li>\n<li data-start=\"975\" data-end=\"1018\">\n<p data-start=\"978\" data-end=\"1018\">Sjekk fargeindikatoren med et \u00f8yeblikk.<\/p>\n<\/li>\n<li data-start=\"1019\" data-end=\"1063\">\n<p data-start=\"1022\" data-end=\"1063\">Pump dekkene hvis gult eller r\u00f8dt vises.<\/p>\n<\/li>\n<li data-start=\"1064\" data-end=\"1125\">\n<p data-start=\"1067\" data-end=\"1125\">L\u00e5s p\u00e5 plass ved hjelp av den medf\u00f8lgende tyverisikringsmutteren om n\u00f8dvendig.<\/p>\n<\/li>\n<\/ol>\n<h2 style=\"text-align: center;\" data-start=\"1127\" data-end=\"1146\"><strong>Produktdetaljer \ud83d\udccf<\/strong><\/h2>\n<ul data-start=\"1147\" data-end=\"1348\">\n<li data-start=\"1147\" data-end=\"1187\">\n<p data-start=\"1149\" data-end=\"1187\">Materiale: Rustfritt st\u00e5l metall + PC<\/p>\n<\/li>\n<li data-start=\"1188\" data-end=\"1210\">\n<p data-start=\"1190\" data-end=\"1210\">St\u00f8rrelse: 2,3 x 1,1 cm<\/p>\n<\/li>\n<li data-start=\"1211\" data-end=\"1254\">\n<p data-start=\"1213\" data-end=\"1254\">Trykkomr\u00e5de: 2,2-2,4 bar (32-36 PSI)<\/p>\n<\/li>\n<li data-start=\"1255\" data-end=\"1293\">\n<p data-start=\"1257\" data-end=\"1293\">N\u00f8yaktighet: Indikator med h\u00f8y presisjon<\/p>\n<\/li>\n<li data-start=\"1325\" data-end=\"1348\">\n<p data-start=\"1327\" data-end=\"1348\">Passform: Universal<\/p>\n<\/li>\n<\/ul>\n<h2 style=\"text-align: center;\" data-start=\"1350\" data-end=\"1370\"><strong>Pakken inkluderer \ud83d\udce6<\/strong><\/h2>\n<ul data-start=\"1371\" data-end=\"1484\" data-is-last-node=\"\" data-is-only-node=\"\">\n<li data-start=\"1371\" data-end=\"1414\">\n<p data-start=\"1373\" data-end=\"1414\">8x ventilhetter for dekktrykkoverv\u00e5king<\/p>\n<\/li>\n<li data-start=\"1415\" data-end=\"1438\">\n<p data-start=\"1417\" data-end=\"1438\">8x tyverisikringsmuttere<\/p>\n<\/li>\n<li data-start=\"1439\" data-end=\"1459\">\n<p data-start=\"1441\" data-end=\"1459\">2x liten skiften\u00f8kkel.<\/p>\n<\/li>\n<\/ul>\n","protected":false},"excerpt":{"rendered":"<p>\ud83d\udc40Denne universelle ventilhetten for dekktrykkoverv\u00e5king viser dekktrykket i sanntid ved hjelp av tydelige fargeindikatorer, slik at du alltid vet n\u00e5r det er trygt \u00e5 kj\u00f8re.<br \/>\n\u26fdDe bidrar til \u00e5 forhindre lavt dekktrykk, redusere slitasje og forbedre drivstoffeffektiviteten uten bruk av verkt\u00f8y.<br \/>\n\ud83d\ude97En enkel sikkerhetsoppgradering som beskytter dekkene dine og gir deg ro i sjelen hver gang du kj\u00f8rer.<\/p>\n","protected":false},"featured_media":20351,"comment_status":"open","ping_status":"closed","template":"","meta":{"site-sidebar-layout":"default","site-content-layout":"","ast-site-content-layout":"default","site-content-style":"default","site-sidebar-style":"default","ast-global-header-display":"","ast-banner-title-visibility":"","ast-main-header-display":"","ast-hfb-above-header-display":"","ast-hfb-below-header-display":"","ast-hfb-mobile-header-display":"","site-post-title":"","ast-breadcrumbs-content":"","ast-featured-img":"","footer-sml-layout":"","theme-transparent-header-meta":"default","adv-header-id-meta":"","stick-header-meta":"","header-above-stick-meta":"","header-main-stick-meta":"","header-below-stick-meta":"","astra-migrate-meta-layouts":"set","ast-page-background-enabled":"default","ast-page-background-meta":{"desktop":{"background-color":"var(--ast-global-color-5)","background-image":"","background-repeat":"repeat","background-position":"center center","background-size":"auto","background-attachment":"scroll","background-type":"","background-media":"","overlay-type":"","overlay-color":"","overlay-opacity":"","overlay-gradient":""},"tablet":{"background-color":"","background-image":"","background-repeat":"repeat","background-position":"center center","background-size":"auto","background-attachment":"scroll","background-type":"","background-media":"","overlay-type":"","overlay-color":"","overlay-opacity":"","overlay-gradient":""},"mobile":{"background-color":"","background-image":"","background-repeat":"repeat","background-position":"center center","background-size":"auto","background-attachment":"scroll","background-type":"","background-media":"","overlay-type":"","overlay-color":"","overlay-opacity":"","overlay-gradient":""}},"ast-content-background-meta":{"desktop":{"background-color":"var(--ast-global-color-4)","background-image":"","background-repeat":"repeat","background-position":"center center","background-size":"auto","background-attachment":"scroll","background-type":"","background-media":"","overlay-type":"","overlay-color":"","overlay-opacity":"","overlay-gradient":""},"tablet":{"background-color":"var(--ast-global-color-4)","background-image":"","background-repeat":"repeat","background-position":"center center","background-size":"auto","background-attachment":"scroll","background-type":"","background-media":"","overlay-type":"","overlay-color":"","overlay-opacity":"","overlay-gradient":""},"mobile":{"background-color":"var(--ast-global-color-4)","background-image":"","background-repeat":"repeat","background-position":"center center","background-size":"auto","background-attachment":"scroll","background-type":"","background-media":"","overlay-type":"","overlay-color":"","overlay-opacity":"","overlay-gradient":""}}},"product_brand":[],"product_cat":[161],"product_tag":[],"class_list":{"0":"post-20355","1":"product","2":"type-product","3":"status-publish","4":"has-post-thumbnail","6":"product_cat-bilprodukter","7":"pa_52781_hy561b08-gull","8":"pa_52781_hy561b08-solv","9":"desktop-align-left","10":"tablet-align-left","11":"mobile-align-left","13":"first","14":"instock","15":"shipping-taxable","16":"purchasable","17":"product-type-variable"},"yoast_head":"<!-- This site is optimized with the Yoast SEO plugin v26.6 - https:\/\/yoast.com\/wordpress\/plugins\/seo\/ -->\n<title>Universelle ventilhetter for dekktrykkoverv\u00e5king (8 stk) - Mekulo NO<\/title>\n<meta name=\"robots\" content=\"index, follow, max-snippet:-1, max-image-preview:large, max-video-preview:-1\" \/>\n<link rel=\"canonical\" href=\"https:\/\/mekulo.com\/no\/produkt\/universelle-ventilhetter-for-dekktrykkovervaking-8-stk\/\" \/>\n<meta property=\"og:locale\" content=\"nb_NO\" \/>\n<meta property=\"og:type\" content=\"article\" \/>\n<meta property=\"og:title\" content=\"Universelle ventilhetter for dekktrykkoverv\u00e5king (8 stk) - Mekulo NO\" \/>\n<meta property=\"og:description\" content=\"\ud83d\udc40Denne universelle ventilhetten for dekktrykkoverv\u00e5king viser dekktrykket i sanntid ved hjelp av tydelige fargeindikatorer, slik at du alltid vet n\u00e5r det er trygt \u00e5 kj\u00f8re. \u26fdDe bidrar til \u00e5 forhindre lavt dekktrykk, redusere slitasje og forbedre drivstoffeffektiviteten uten bruk av verkt\u00f8y. \ud83d\ude97En enkel sikkerhetsoppgradering som beskytter dekkene dine og gir deg ro i sjelen hver gang du kj\u00f8rer.\" \/>\n<meta property=\"og:url\" content=\"https:\/\/mekulo.com\/no\/produkt\/universelle-ventilhetter-for-dekktrykkovervaking-8-stk\/\" \/>\n<meta property=\"og:site_name\" content=\"Mekulo NO\" \/>\n<meta property=\"article:modified_time\" content=\"2026-02-10T09:05:00+00:00\" \/>\n<meta property=\"og:image\" content=\"https:\/\/mekulo.com\/no\/wp-content\/uploads\/sites\/10\/2026\/01\/kjwx0dz-1.webp\" \/>\n\t<meta property=\"og:image:width\" content=\"1601\" \/>\n\t<meta property=\"og:image:height\" content=\"1601\" \/>\n\t<meta property=\"og:image:type\" content=\"image\/webp\" \/>\n<meta name=\"twitter:card\" content=\"summary_large_image\" \/>\n<meta name=\"twitter:label1\" content=\"Ansl. lesetid\" \/>\n\t<meta name=\"twitter:data1\" content=\"2 minutter\" \/>\n<script type=\"application\/ld+json\" class=\"yoast-schema-graph\">{\"@context\":\"https:\/\/schema.org\",\"@graph\":[{\"@type\":\"WebPage\",\"@id\":\"https:\/\/mekulo.com\/no\/produkt\/universelle-ventilhetter-for-dekktrykkovervaking-8-stk\/\",\"url\":\"https:\/\/mekulo.com\/no\/produkt\/universelle-ventilhetter-for-dekktrykkovervaking-8-stk\/\",\"name\":\"Universelle ventilhetter for dekktrykkoverv\u00e5king (8 stk) - Mekulo NO\",\"isPartOf\":{\"@id\":\"https:\/\/mekulo.com\/no\/#website\"},\"primaryImageOfPage\":{\"@id\":\"https:\/\/mekulo.com\/no\/produkt\/universelle-ventilhetter-for-dekktrykkovervaking-8-stk\/#primaryimage\"},\"image\":{\"@id\":\"https:\/\/mekulo.com\/no\/produkt\/universelle-ventilhetter-for-dekktrykkovervaking-8-stk\/#primaryimage\"},\"thumbnailUrl\":\"https:\/\/mekulo.com\/no\/wp-content\/uploads\/sites\/10\/2026\/01\/kjwx0dz-1.webp\",\"datePublished\":\"2026-01-28T14:03:23+00:00\",\"dateModified\":\"2026-02-10T09:05:00+00:00\",\"breadcrumb\":{\"@id\":\"https:\/\/mekulo.com\/no\/produkt\/universelle-ventilhetter-for-dekktrykkovervaking-8-stk\/#breadcrumb\"},\"inLanguage\":\"nb-NO\",\"potentialAction\":[{\"@type\":\"ReadAction\",\"target\":[\"https:\/\/mekulo.com\/no\/produkt\/universelle-ventilhetter-for-dekktrykkovervaking-8-stk\/\"]}]},{\"@type\":\"ImageObject\",\"inLanguage\":\"nb-NO\",\"@id\":\"https:\/\/mekulo.com\/no\/produkt\/universelle-ventilhetter-for-dekktrykkovervaking-8-stk\/#primaryimage\",\"url\":\"https:\/\/mekulo.com\/no\/wp-content\/uploads\/sites\/10\/2026\/01\/kjwx0dz-1.webp\",\"contentUrl\":\"https:\/\/mekulo.com\/no\/wp-content\/uploads\/sites\/10\/2026\/01\/kjwx0dz-1.webp\",\"width\":1601,\"height\":1601},{\"@type\":\"BreadcrumbList\",\"@id\":\"https:\/\/mekulo.com\/no\/produkt\/universelle-ventilhetter-for-dekktrykkovervaking-8-stk\/#breadcrumb\",\"itemListElement\":[{\"@type\":\"ListItem\",\"position\":1,\"name\":\"Home\",\"item\":\"https:\/\/mekulo.com\/no\/\"},{\"@type\":\"ListItem\",\"position\":2,\"name\":\"Butikk\",\"item\":\"https:\/\/mekulo.com\/no\/butikk\/\"},{\"@type\":\"ListItem\",\"position\":3,\"name\":\"Universelle ventilhetter for dekktrykkoverv\u00e5king (8 stk)\"}]},{\"@type\":\"WebSite\",\"@id\":\"https:\/\/mekulo.com\/no\/#website\",\"url\":\"https:\/\/mekulo.com\/no\/\",\"name\":\"Mekulo NO\",\"description\":\"\",\"publisher\":{\"@id\":\"https:\/\/mekulo.com\/no\/#organization\"},\"potentialAction\":[{\"@type\":\"SearchAction\",\"target\":{\"@type\":\"EntryPoint\",\"urlTemplate\":\"https:\/\/mekulo.com\/no\/?s={search_term_string}\"},\"query-input\":{\"@type\":\"PropertyValueSpecification\",\"valueRequired\":true,\"valueName\":\"search_term_string\"}}],\"inLanguage\":\"nb-NO\"},{\"@type\":\"Organization\",\"@id\":\"https:\/\/mekulo.com\/no\/#organization\",\"name\":\"Mekulo\",\"url\":\"https:\/\/mekulo.com\/no\/\",\"logo\":{\"@type\":\"ImageObject\",\"inLanguage\":\"nb-NO\",\"@id\":\"https:\/\/mekulo.com\/no\/#\/schema\/logo\/image\/\",\"url\":\"https:\/\/mekulo.com\/no\/wp-content\/uploads\/sites\/10\/2025\/12\/favicon_mekulo.png\",\"contentUrl\":\"https:\/\/mekulo.com\/no\/wp-content\/uploads\/sites\/10\/2025\/12\/favicon_mekulo.png\",\"width\":50,\"height\":50,\"caption\":\"Mekulo\"},\"image\":{\"@id\":\"https:\/\/mekulo.com\/no\/#\/schema\/logo\/image\/\"}}]}<\/script>\n<!-- \/ Yoast SEO plugin. -->","yoast_head_json":{"title":"Universelle ventilhetter for dekktrykkoverv\u00e5king (8 stk) - Mekulo NO","robots":{"index":"index","follow":"follow","max-snippet":"max-snippet:-1","max-image-preview":"max-image-preview:large","max-video-preview":"max-video-preview:-1"},"canonical":"https:\/\/mekulo.com\/no\/produkt\/universelle-ventilhetter-for-dekktrykkovervaking-8-stk\/","og_locale":"nb_NO","og_type":"article","og_title":"Universelle ventilhetter for dekktrykkoverv\u00e5king (8 stk) - Mekulo NO","og_description":"\ud83d\udc40Denne universelle ventilhetten for dekktrykkoverv\u00e5king viser dekktrykket i sanntid ved hjelp av tydelige fargeindikatorer, slik at du alltid vet n\u00e5r det er trygt \u00e5 kj\u00f8re. \u26fdDe bidrar til \u00e5 forhindre lavt dekktrykk, redusere slitasje og forbedre drivstoffeffektiviteten uten bruk av verkt\u00f8y. \ud83d\ude97En enkel sikkerhetsoppgradering som beskytter dekkene dine og gir deg ro i sjelen hver gang du kj\u00f8rer.","og_url":"https:\/\/mekulo.com\/no\/produkt\/universelle-ventilhetter-for-dekktrykkovervaking-8-stk\/","og_site_name":"Mekulo NO","article_modified_time":"2026-02-10T09:05:00+00:00","og_image":[{"width":1601,"height":1601,"url":"https:\/\/mekulo.com\/no\/wp-content\/uploads\/sites\/10\/2026\/01\/kjwx0dz-1.webp","type":"image\/webp"}],"twitter_card":"summary_large_image","twitter_misc":{"Ansl. lesetid":"2 minutter"},"schema":{"@context":"https:\/\/schema.org","@graph":[{"@type":"WebPage","@id":"https:\/\/mekulo.com\/no\/produkt\/universelle-ventilhetter-for-dekktrykkovervaking-8-stk\/","url":"https:\/\/mekulo.com\/no\/produkt\/universelle-ventilhetter-for-dekktrykkovervaking-8-stk\/","name":"Universelle ventilhetter for dekktrykkoverv\u00e5king (8 stk) - Mekulo NO","isPartOf":{"@id":"https:\/\/mekulo.com\/no\/#website"},"primaryImageOfPage":{"@id":"https:\/\/mekulo.com\/no\/produkt\/universelle-ventilhetter-for-dekktrykkovervaking-8-stk\/#primaryimage"},"image":{"@id":"https:\/\/mekulo.com\/no\/produkt\/universelle-ventilhetter-for-dekktrykkovervaking-8-stk\/#primaryimage"},"thumbnailUrl":"https:\/\/mekulo.com\/no\/wp-content\/uploads\/sites\/10\/2026\/01\/kjwx0dz-1.webp","datePublished":"2026-01-28T14:03:23+00:00","dateModified":"2026-02-10T09:05:00+00:00","breadcrumb":{"@id":"https:\/\/mekulo.com\/no\/produkt\/universelle-ventilhetter-for-dekktrykkovervaking-8-stk\/#breadcrumb"},"inLanguage":"nb-NO","potentialAction":[{"@type":"ReadAction","target":["https:\/\/mekulo.com\/no\/produkt\/universelle-ventilhetter-for-dekktrykkovervaking-8-stk\/"]}]},{"@type":"ImageObject","inLanguage":"nb-NO","@id":"https:\/\/mekulo.com\/no\/produkt\/universelle-ventilhetter-for-dekktrykkovervaking-8-stk\/#primaryimage","url":"https:\/\/mekulo.com\/no\/wp-content\/uploads\/sites\/10\/2026\/01\/kjwx0dz-1.webp","contentUrl":"https:\/\/mekulo.com\/no\/wp-content\/uploads\/sites\/10\/2026\/01\/kjwx0dz-1.webp","width":1601,"height":1601},{"@type":"BreadcrumbList","@id":"https:\/\/mekulo.com\/no\/produkt\/universelle-ventilhetter-for-dekktrykkovervaking-8-stk\/#breadcrumb","itemListElement":[{"@type":"ListItem","position":1,"name":"Home","item":"https:\/\/mekulo.com\/no\/"},{"@type":"ListItem","position":2,"name":"Butikk","item":"https:\/\/mekulo.com\/no\/butikk\/"},{"@type":"ListItem","position":3,"name":"Universelle ventilhetter for dekktrykkoverv\u00e5king (8 stk)"}]},{"@type":"WebSite","@id":"https:\/\/mekulo.com\/no\/#website","url":"https:\/\/mekulo.com\/no\/","name":"Mekulo NO","description":"","publisher":{"@id":"https:\/\/mekulo.com\/no\/#organization"},"potentialAction":[{"@type":"SearchAction","target":{"@type":"EntryPoint","urlTemplate":"https:\/\/mekulo.com\/no\/?s={search_term_string}"},"query-input":{"@type":"PropertyValueSpecification","valueRequired":true,"valueName":"search_term_string"}}],"inLanguage":"nb-NO"},{"@type":"Organization","@id":"https:\/\/mekulo.com\/no\/#organization","name":"Mekulo","url":"https:\/\/mekulo.com\/no\/","logo":{"@type":"ImageObject","inLanguage":"nb-NO","@id":"https:\/\/mekulo.com\/no\/#\/schema\/logo\/image\/","url":"https:\/\/mekulo.com\/no\/wp-content\/uploads\/sites\/10\/2025\/12\/favicon_mekulo.png","contentUrl":"https:\/\/mekulo.com\/no\/wp-content\/uploads\/sites\/10\/2025\/12\/favicon_mekulo.png","width":50,"height":50,"caption":"Mekulo"},"image":{"@id":"https:\/\/mekulo.com\/no\/#\/schema\/logo\/image\/"}}]}},"_links":{"self":[{"href":"https:\/\/mekulo.com\/no\/wp-json\/wp\/v2\/product\/20355","targetHints":{"allow":["GET"]}}],"collection":[{"href":"https:\/\/mekulo.com\/no\/wp-json\/wp\/v2\/product"}],"about":[{"href":"https:\/\/mekulo.com\/no\/wp-json\/wp\/v2\/types\/product"}],"replies":[{"embeddable":true,"href":"https:\/\/mekulo.com\/no\/wp-json\/wp\/v2\/comments?post=20355"}],"wp:featuredmedia":[{"embeddable":true,"href":"https:\/\/mekulo.com\/no\/wp-json\/wp\/v2\/media\/20351"}],"wp:attachment":[{"href":"https:\/\/mekulo.com\/no\/wp-json\/wp\/v2\/media?parent=20355"}],"wp:term":[{"taxonomy":"product_brand","embeddable":true,"href":"https:\/\/mekulo.com\/no\/wp-json\/wp\/v2\/product_brand?post=20355"},{"taxonomy":"product_cat","embeddable":true,"href":"https:\/\/mekulo.com\/no\/wp-json\/wp\/v2\/product_cat?post=20355"},{"taxonomy":"product_tag","embeddable":true,"href":"https:\/\/mekulo.com\/no\/wp-json\/wp\/v2\/product_tag?post=20355"}],"curies":[{"name":"wp","href":"https:\/\/api.w.org\/{rel}","templated":true}]}}