{"id":20345,"date":"2026-01-28T15:59:37","date_gmt":"2026-01-28T13:59:37","guid":{"rendered":"https:\/\/mekulo.com\/no\/produkt\/kobling-for-fettpresse\/"},"modified":"2026-02-03T17:11:22","modified_gmt":"2026-02-03T15:11:22","slug":"kobling-for-fettpresse","status":"publish","type":"product","link":"https:\/\/mekulo.com\/no\/produkt\/kobling-for-fettpresse\/","title":{"rendered":"Kobling for fettpresse"},"content":{"rendered":"<p style=\"text-align: center;\" data-start=\"0\" data-end=\"72\"><strong data-start=\"0\" data-end=\"72\">L\u00e5s p\u00e5 sm\u00f8refittings sikkert og sm\u00f8r uten lekkasjer eller s\u00f8l. \ud83d\udca8<\/strong><\/p>\n<p data-start=\"74\" data-end=\"382\"><img fetchpriority=\"high\" decoding=\"async\" class=\"size-full wp-image-22378 aligncenter\" src=\"https:\/\/mekulo.com\/template\/wp-content\/uploads\/sites\/6\/2026\/01\/77fe2a188c104734663aacc7ef5427ab37cad129-900.jpg\" alt=\"\" width=\"1080\" height=\"1080\" \/><\/p>\n<h2 style=\"text-align: center;\" data-start=\"384\" data-end=\"401\">Hovedfordeler \ud83d\udd12<\/h2>\n<p data-start=\"404\" data-end=\"466\">\ud83d\udd12 Sterk l\u00e5setetning &#8211; Holder seg festet uten \u00e5 skli.<\/p>\n<p data-start=\"469\" data-end=\"524\">\ud83d\udca7 Lekkasjefri ytelse &#8211; Fungerer opptil 12 000 PSI.<\/p>\n<p data-start=\"527\" data-end=\"586\">\u270b Enh\u00e5ndsbetjening &#8211; Sklisikkert h\u00e5ndtak for enkel bruk.<\/p>\n<p data-start=\"589\" data-end=\"651\">\ud83e\uddf0 Kraftig konstruksjon &#8211; Tykt st\u00e5l og forsterkede fj\u00e6rer.<\/p>\n<p data-start=\"654\" data-end=\"704\">\ud83d\udcb8 Sparer fett og penger &#8211; Ikke noe avfall eller rot.<\/p>\n<p data-start=\"707\" data-end=\"766\">\ud83d\udd27 Bred kompatibilitet &#8211; Passer til standard fettpistolspisser.<\/p>\n<p data-start=\"707\" data-end=\"766\"><img decoding=\"async\" class=\"size-full wp-image-22377 aligncenter\" src=\"https:\/\/mekulo.com\/template\/wp-content\/uploads\/sites\/6\/2026\/01\/8839133fa986bf25caf51d584c4700480421eb38-900.jpg\" alt=\"\" width=\"1080\" height=\"1080\" \/><\/p>\n<h2 style=\"text-align: center;\" data-start=\"768\" data-end=\"782\">Hvordan Du Bruker \ud83d\udccc<\/h2>\n<ol data-start=\"783\" data-end=\"998\">\n<li data-start=\"783\" data-end=\"823\">\n<p data-start=\"786\" data-end=\"823\">Fjern den gamle fettpressekoblingen.<\/p>\n<\/li>\n<li data-start=\"824\" data-end=\"871\">\n<p data-start=\"827\" data-end=\"871\">Fest fettpressekoblingen til pistolen.<\/p>\n<\/li>\n<li data-start=\"872\" data-end=\"919\">\n<p data-start=\"875\" data-end=\"919\">Trykk koblingen p\u00e5 fettfittingen.<\/p>\n<\/li>\n<li data-start=\"920\" data-end=\"956\">\n<p data-start=\"923\" data-end=\"956\">L\u00e5s den p\u00e5 plass med en h\u00e5nd.<\/p>\n<\/li>\n<li data-start=\"957\" data-end=\"998\">\n<p data-start=\"960\" data-end=\"998\">Pump fett og slipp n\u00e5r du er ferdig.<\/p>\n<\/li>\n<\/ol>\n<h2 style=\"text-align: center;\" data-start=\"1000\" data-end=\"1019\">Produktdetaljer \ud83d\udccf<\/h2>\n<ul data-start=\"1020\" data-end=\"1271\">\n<li data-start=\"1020\" data-end=\"1056\">\n<p data-start=\"1022\" data-end=\"1056\">Materiale: Galvanisert legert st\u00e5l<\/p>\n<\/li>\n<li data-start=\"1057\" data-end=\"1094\">\n<p data-start=\"1059\" data-end=\"1094\">Trykkklassifisering: Opptil 12 000 PSI<\/p>\n<\/li>\n<li data-start=\"1095\" data-end=\"1141\">\n<p data-start=\"1097\" data-end=\"1141\">Design: 6-punkts l\u00e5se- og tetningssystem<\/p>\n<\/li>\n<li data-start=\"1142\" data-end=\"1176\">\n<p data-start=\"1144\" data-end=\"1176\">Grep: Forlenget sklisikkert h\u00e5ndtak<\/p>\n<\/li>\n<li data-start=\"1177\" data-end=\"1210\">\n<p data-start=\"1179\" data-end=\"1210\">Gjengetype: 1\/8 NPT standard<\/p>\n<\/li>\n<li data-start=\"1211\" data-end=\"1271\">\n<p data-start=\"1213\" data-end=\"1271\">Bruksomr\u00e5der: Verksted, garasje, bygg, g\u00e5rd, fabrikk<\/p>\n<\/li>\n<\/ul>\n<h2 style=\"text-align: center;\" data-start=\"1273\" data-end=\"1293\">Pakken inkluderer \ud83d\udce6<\/h2>\n<ul data-start=\"1294\" data-end=\"1319\" data-is-last-node=\"\" data-is-only-node=\"\">\n<li data-start=\"1294\" data-end=\"1319\" data-is-last-node=\"\">\n<p data-start=\"1296\" data-end=\"1319\" data-is-last-node=\"\">1x fettpistolkobling<\/p>\n<\/li>\n<li data-start=\"1294\" data-end=\"1319\" data-is-last-node=\"\">\n<p data-start=\"1296\" data-end=\"1319\" data-is-last-node=\"\">1x fleksibel fettslange<\/p>\n<\/li>\n<li data-start=\"1294\" data-end=\"1319\" data-is-last-node=\"\">4x sm\u00f8refittings \/ dyser.<\/li>\n<\/ul>\n","protected":false},"excerpt":{"rendered":"<p>\ud83d\udca8Denne fettpressekoblingen kobles fast til fettfittings og forblir forseglet selv under ekstremt trykk.<br \/>\n\ud83d\udd90\ufe0fDen l\u00e5ses p\u00e5 plass, forhindrer lekkasjer og lar deg sm\u00f8re med \u00e9n h\u00e5nd, noe som sparer tid og reduserer sl\u00f8sing med fett.<br \/>\n\ud83e\uddfcEn p\u00e5litelig oppgradering som gj\u00f8r sm\u00f8ringen raskere, renere og mer effektiv hver gang.<\/p>\n","protected":false},"featured_media":20341,"comment_status":"open","ping_status":"closed","template":"","meta":{"site-sidebar-layout":"default","site-content-layout":"","ast-site-content-layout":"default","site-content-style":"default","site-sidebar-style":"default","ast-global-header-display":"","ast-banner-title-visibility":"","ast-main-header-display":"","ast-hfb-above-header-display":"","ast-hfb-below-header-display":"","ast-hfb-mobile-header-display":"","site-post-title":"","ast-breadcrumbs-content":"","ast-featured-img":"","footer-sml-layout":"","theme-transparent-header-meta":"default","adv-header-id-meta":"","stick-header-meta":"","header-above-stick-meta":"","header-main-stick-meta":"","header-below-stick-meta":"","astra-migrate-meta-layouts":"set","ast-page-background-enabled":"default","ast-page-background-meta":{"desktop":{"background-color":"var(--ast-global-color-5)","background-image":"","background-repeat":"repeat","background-position":"center center","background-size":"auto","background-attachment":"scroll","background-type":"","background-media":"","overlay-type":"","overlay-color":"","overlay-opacity":"","overlay-gradient":""},"tablet":{"background-color":"","background-image":"","background-repeat":"repeat","background-position":"center center","background-size":"auto","background-attachment":"scroll","background-type":"","background-media":"","overlay-type":"","overlay-color":"","overlay-opacity":"","overlay-gradient":""},"mobile":{"background-color":"","background-image":"","background-repeat":"repeat","background-position":"center center","background-size":"auto","background-attachment":"scroll","background-type":"","background-media":"","overlay-type":"","overlay-color":"","overlay-opacity":"","overlay-gradient":""}},"ast-content-background-meta":{"desktop":{"background-color":"var(--ast-global-color-4)","background-image":"","background-repeat":"repeat","background-position":"center center","background-size":"auto","background-attachment":"scroll","background-type":"","background-media":"","overlay-type":"","overlay-color":"","overlay-opacity":"","overlay-gradient":""},"tablet":{"background-color":"var(--ast-global-color-4)","background-image":"","background-repeat":"repeat","background-position":"center center","background-size":"auto","background-attachment":"scroll","background-type":"","background-media":"","overlay-type":"","overlay-color":"","overlay-opacity":"","overlay-gradient":""},"mobile":{"background-color":"var(--ast-global-color-4)","background-image":"","background-repeat":"repeat","background-position":"center center","background-size":"auto","background-attachment":"scroll","background-type":"","background-media":"","overlay-type":"","overlay-color":"","overlay-opacity":"","overlay-gradient":""}}},"product_brand":[],"product_cat":[15],"product_tag":[],"class_list":{"0":"post-20345","1":"product","2":"type-product","3":"status-publish","4":"has-post-thumbnail","6":"product_cat-uncategorized","7":"desktop-align-left","8":"tablet-align-left","9":"mobile-align-left","11":"first","12":"instock","13":"shipping-taxable","14":"purchasable","15":"product-type-simple"},"yoast_head":"<!-- This site is optimized with the Yoast SEO plugin v26.6 - https:\/\/yoast.com\/wordpress\/plugins\/seo\/ -->\n<title>Kobling for fettpresse - Mekulo NO<\/title>\n<meta name=\"robots\" content=\"index, follow, max-snippet:-1, max-image-preview:large, max-video-preview:-1\" \/>\n<link rel=\"canonical\" href=\"https:\/\/mekulo.com\/no\/produkt\/kobling-for-fettpresse\/\" \/>\n<meta property=\"og:locale\" content=\"nb_NO\" \/>\n<meta property=\"og:type\" content=\"article\" \/>\n<meta property=\"og:title\" content=\"Kobling for fettpresse - Mekulo NO\" \/>\n<meta property=\"og:description\" content=\"\ud83d\udca8Denne fettpressekoblingen kobles fast til fettfittings og forblir forseglet selv under ekstremt trykk. \ud83d\udd90\ufe0fDen l\u00e5ses p\u00e5 plass, forhindrer lekkasjer og lar deg sm\u00f8re med \u00e9n h\u00e5nd, noe som sparer tid og reduserer sl\u00f8sing med fett. \ud83e\uddfcEn p\u00e5litelig oppgradering som gj\u00f8r sm\u00f8ringen raskere, renere og mer effektiv hver gang.\" \/>\n<meta property=\"og:url\" content=\"https:\/\/mekulo.com\/no\/produkt\/kobling-for-fettpresse\/\" \/>\n<meta property=\"og:site_name\" content=\"Mekulo NO\" \/>\n<meta property=\"article:modified_time\" content=\"2026-02-03T15:11:22+00:00\" \/>\n<meta property=\"og:image\" content=\"https:\/\/mekulo.com\/no\/wp-content\/uploads\/sites\/10\/2026\/01\/0orkfkg-1.webp\" \/>\n\t<meta property=\"og:image:width\" content=\"800\" \/>\n\t<meta property=\"og:image:height\" content=\"800\" \/>\n\t<meta property=\"og:image:type\" content=\"image\/webp\" \/>\n<meta name=\"twitter:card\" content=\"summary_large_image\" \/>\n<meta name=\"twitter:label1\" content=\"Ansl. lesetid\" \/>\n\t<meta name=\"twitter:data1\" content=\"2 minutter\" \/>\n<script type=\"application\/ld+json\" class=\"yoast-schema-graph\">{\"@context\":\"https:\/\/schema.org\",\"@graph\":[{\"@type\":\"WebPage\",\"@id\":\"https:\/\/mekulo.com\/no\/produkt\/kobling-for-fettpresse\/\",\"url\":\"https:\/\/mekulo.com\/no\/produkt\/kobling-for-fettpresse\/\",\"name\":\"Kobling for fettpresse - Mekulo NO\",\"isPartOf\":{\"@id\":\"https:\/\/mekulo.com\/no\/#website\"},\"primaryImageOfPage\":{\"@id\":\"https:\/\/mekulo.com\/no\/produkt\/kobling-for-fettpresse\/#primaryimage\"},\"image\":{\"@id\":\"https:\/\/mekulo.com\/no\/produkt\/kobling-for-fettpresse\/#primaryimage\"},\"thumbnailUrl\":\"https:\/\/mekulo.com\/no\/wp-content\/uploads\/sites\/10\/2026\/01\/0orkfkg-1.webp\",\"datePublished\":\"2026-01-28T13:59:37+00:00\",\"dateModified\":\"2026-02-03T15:11:22+00:00\",\"breadcrumb\":{\"@id\":\"https:\/\/mekulo.com\/no\/produkt\/kobling-for-fettpresse\/#breadcrumb\"},\"inLanguage\":\"nb-NO\",\"potentialAction\":[{\"@type\":\"ReadAction\",\"target\":[\"https:\/\/mekulo.com\/no\/produkt\/kobling-for-fettpresse\/\"]}]},{\"@type\":\"ImageObject\",\"inLanguage\":\"nb-NO\",\"@id\":\"https:\/\/mekulo.com\/no\/produkt\/kobling-for-fettpresse\/#primaryimage\",\"url\":\"https:\/\/mekulo.com\/no\/wp-content\/uploads\/sites\/10\/2026\/01\/0orkfkg-1.webp\",\"contentUrl\":\"https:\/\/mekulo.com\/no\/wp-content\/uploads\/sites\/10\/2026\/01\/0orkfkg-1.webp\",\"width\":800,\"height\":800},{\"@type\":\"BreadcrumbList\",\"@id\":\"https:\/\/mekulo.com\/no\/produkt\/kobling-for-fettpresse\/#breadcrumb\",\"itemListElement\":[{\"@type\":\"ListItem\",\"position\":1,\"name\":\"Home\",\"item\":\"https:\/\/mekulo.com\/no\/\"},{\"@type\":\"ListItem\",\"position\":2,\"name\":\"Butikk\",\"item\":\"https:\/\/mekulo.com\/no\/butikk\/\"},{\"@type\":\"ListItem\",\"position\":3,\"name\":\"Kobling for fettpresse\"}]},{\"@type\":\"WebSite\",\"@id\":\"https:\/\/mekulo.com\/no\/#website\",\"url\":\"https:\/\/mekulo.com\/no\/\",\"name\":\"Mekulo NO\",\"description\":\"\",\"publisher\":{\"@id\":\"https:\/\/mekulo.com\/no\/#organization\"},\"potentialAction\":[{\"@type\":\"SearchAction\",\"target\":{\"@type\":\"EntryPoint\",\"urlTemplate\":\"https:\/\/mekulo.com\/no\/?s={search_term_string}\"},\"query-input\":{\"@type\":\"PropertyValueSpecification\",\"valueRequired\":true,\"valueName\":\"search_term_string\"}}],\"inLanguage\":\"nb-NO\"},{\"@type\":\"Organization\",\"@id\":\"https:\/\/mekulo.com\/no\/#organization\",\"name\":\"Mekulo\",\"url\":\"https:\/\/mekulo.com\/no\/\",\"logo\":{\"@type\":\"ImageObject\",\"inLanguage\":\"nb-NO\",\"@id\":\"https:\/\/mekulo.com\/no\/#\/schema\/logo\/image\/\",\"url\":\"https:\/\/mekulo.com\/no\/wp-content\/uploads\/sites\/10\/2025\/12\/favicon_mekulo.png\",\"contentUrl\":\"https:\/\/mekulo.com\/no\/wp-content\/uploads\/sites\/10\/2025\/12\/favicon_mekulo.png\",\"width\":50,\"height\":50,\"caption\":\"Mekulo\"},\"image\":{\"@id\":\"https:\/\/mekulo.com\/no\/#\/schema\/logo\/image\/\"}}]}<\/script>\n<!-- \/ Yoast SEO plugin. -->","yoast_head_json":{"title":"Kobling for fettpresse - Mekulo NO","robots":{"index":"index","follow":"follow","max-snippet":"max-snippet:-1","max-image-preview":"max-image-preview:large","max-video-preview":"max-video-preview:-1"},"canonical":"https:\/\/mekulo.com\/no\/produkt\/kobling-for-fettpresse\/","og_locale":"nb_NO","og_type":"article","og_title":"Kobling for fettpresse - Mekulo NO","og_description":"\ud83d\udca8Denne fettpressekoblingen kobles fast til fettfittings og forblir forseglet selv under ekstremt trykk. \ud83d\udd90\ufe0fDen l\u00e5ses p\u00e5 plass, forhindrer lekkasjer og lar deg sm\u00f8re med \u00e9n h\u00e5nd, noe som sparer tid og reduserer sl\u00f8sing med fett. \ud83e\uddfcEn p\u00e5litelig oppgradering som gj\u00f8r sm\u00f8ringen raskere, renere og mer effektiv hver gang.","og_url":"https:\/\/mekulo.com\/no\/produkt\/kobling-for-fettpresse\/","og_site_name":"Mekulo NO","article_modified_time":"2026-02-03T15:11:22+00:00","og_image":[{"width":800,"height":800,"url":"https:\/\/mekulo.com\/no\/wp-content\/uploads\/sites\/10\/2026\/01\/0orkfkg-1.webp","type":"image\/webp"}],"twitter_card":"summary_large_image","twitter_misc":{"Ansl. lesetid":"2 minutter"},"schema":{"@context":"https:\/\/schema.org","@graph":[{"@type":"WebPage","@id":"https:\/\/mekulo.com\/no\/produkt\/kobling-for-fettpresse\/","url":"https:\/\/mekulo.com\/no\/produkt\/kobling-for-fettpresse\/","name":"Kobling for fettpresse - Mekulo NO","isPartOf":{"@id":"https:\/\/mekulo.com\/no\/#website"},"primaryImageOfPage":{"@id":"https:\/\/mekulo.com\/no\/produkt\/kobling-for-fettpresse\/#primaryimage"},"image":{"@id":"https:\/\/mekulo.com\/no\/produkt\/kobling-for-fettpresse\/#primaryimage"},"thumbnailUrl":"https:\/\/mekulo.com\/no\/wp-content\/uploads\/sites\/10\/2026\/01\/0orkfkg-1.webp","datePublished":"2026-01-28T13:59:37+00:00","dateModified":"2026-02-03T15:11:22+00:00","breadcrumb":{"@id":"https:\/\/mekulo.com\/no\/produkt\/kobling-for-fettpresse\/#breadcrumb"},"inLanguage":"nb-NO","potentialAction":[{"@type":"ReadAction","target":["https:\/\/mekulo.com\/no\/produkt\/kobling-for-fettpresse\/"]}]},{"@type":"ImageObject","inLanguage":"nb-NO","@id":"https:\/\/mekulo.com\/no\/produkt\/kobling-for-fettpresse\/#primaryimage","url":"https:\/\/mekulo.com\/no\/wp-content\/uploads\/sites\/10\/2026\/01\/0orkfkg-1.webp","contentUrl":"https:\/\/mekulo.com\/no\/wp-content\/uploads\/sites\/10\/2026\/01\/0orkfkg-1.webp","width":800,"height":800},{"@type":"BreadcrumbList","@id":"https:\/\/mekulo.com\/no\/produkt\/kobling-for-fettpresse\/#breadcrumb","itemListElement":[{"@type":"ListItem","position":1,"name":"Home","item":"https:\/\/mekulo.com\/no\/"},{"@type":"ListItem","position":2,"name":"Butikk","item":"https:\/\/mekulo.com\/no\/butikk\/"},{"@type":"ListItem","position":3,"name":"Kobling for fettpresse"}]},{"@type":"WebSite","@id":"https:\/\/mekulo.com\/no\/#website","url":"https:\/\/mekulo.com\/no\/","name":"Mekulo NO","description":"","publisher":{"@id":"https:\/\/mekulo.com\/no\/#organization"},"potentialAction":[{"@type":"SearchAction","target":{"@type":"EntryPoint","urlTemplate":"https:\/\/mekulo.com\/no\/?s={search_term_string}"},"query-input":{"@type":"PropertyValueSpecification","valueRequired":true,"valueName":"search_term_string"}}],"inLanguage":"nb-NO"},{"@type":"Organization","@id":"https:\/\/mekulo.com\/no\/#organization","name":"Mekulo","url":"https:\/\/mekulo.com\/no\/","logo":{"@type":"ImageObject","inLanguage":"nb-NO","@id":"https:\/\/mekulo.com\/no\/#\/schema\/logo\/image\/","url":"https:\/\/mekulo.com\/no\/wp-content\/uploads\/sites\/10\/2025\/12\/favicon_mekulo.png","contentUrl":"https:\/\/mekulo.com\/no\/wp-content\/uploads\/sites\/10\/2025\/12\/favicon_mekulo.png","width":50,"height":50,"caption":"Mekulo"},"image":{"@id":"https:\/\/mekulo.com\/no\/#\/schema\/logo\/image\/"}}]}},"_links":{"self":[{"href":"https:\/\/mekulo.com\/no\/wp-json\/wp\/v2\/product\/20345","targetHints":{"allow":["GET"]}}],"collection":[{"href":"https:\/\/mekulo.com\/no\/wp-json\/wp\/v2\/product"}],"about":[{"href":"https:\/\/mekulo.com\/no\/wp-json\/wp\/v2\/types\/product"}],"replies":[{"embeddable":true,"href":"https:\/\/mekulo.com\/no\/wp-json\/wp\/v2\/comments?post=20345"}],"wp:featuredmedia":[{"embeddable":true,"href":"https:\/\/mekulo.com\/no\/wp-json\/wp\/v2\/media\/20341"}],"wp:attachment":[{"href":"https:\/\/mekulo.com\/no\/wp-json\/wp\/v2\/media?parent=20345"}],"wp:term":[{"taxonomy":"product_brand","embeddable":true,"href":"https:\/\/mekulo.com\/no\/wp-json\/wp\/v2\/product_brand?post=20345"},{"taxonomy":"product_cat","embeddable":true,"href":"https:\/\/mekulo.com\/no\/wp-json\/wp\/v2\/product_cat?post=20345"},{"taxonomy":"product_tag","embeddable":true,"href":"https:\/\/mekulo.com\/no\/wp-json\/wp\/v2\/product_tag?post=20345"}],"curies":[{"name":"wp","href":"https:\/\/api.w.org\/{rel}","templated":true}]}}