{"id":20314,"date":"2026-01-28T15:57:26","date_gmt":"2026-01-28T13:57:26","guid":{"rendered":"https:\/\/mekulo.com\/no\/produkt\/totebag-med-bokstavtrykk-for-kvinner\/"},"modified":"2026-01-29T15:57:39","modified_gmt":"2026-01-29T13:57:39","slug":"totebag-med-bokstavtrykk-for-kvinner","status":"publish","type":"product","link":"https:\/\/mekulo.com\/no\/produkt\/totebag-med-bokstavtrykk-for-kvinner\/","title":{"rendered":"Totebag med bokstavtrykk for kvinner"},"content":{"rendered":"<p style=\"text-align: center;\" data-start=\"0\" data-end=\"67\"><strong data-start=\"0\" data-end=\"67\">Ta med deg alt du trenger i en stilig og romslig veske. \ud83d\udc5c<\/strong><\/p>\n<p data-start=\"0\" data-end=\"67\"><img fetchpriority=\"high\" decoding=\"async\" class=\"size-full wp-image-22347 aligncenter\" src=\"https:\/\/mekulo.com\/template\/wp-content\/uploads\/sites\/6\/2026\/01\/Sf2eee745d97d4ac7b673daf5fd6ce0b4v.jpg\" alt=\"\" width=\"1080\" height=\"1031\" \/><\/p>\n<h2 style=\"text-align: center;\" data-start=\"364\" data-end=\"381\"><strong>Hovedfordeler \ud83d\udc5c<\/strong><\/h2>\n<p data-start=\"384\" data-end=\"440\">\ud83d\udc5c Stor kapasitet &#8211; Passer til alle dine daglige n\u00f8dvendigheter.<\/p>\n<p data-start=\"443\" data-end=\"502\">\u270d\ufe0f Design med bokstavtrykk &#8211; Trendy og i\u00f8ynefallende utseende.<\/p>\n<p data-start=\"505\" data-end=\"560\">\ud83d\udcaa Robuste h\u00e5ndtak &#8211; Komfortable og enkle \u00e5 b\u00e6re.<\/p>\n<p data-start=\"563\" data-end=\"627\">\ud83d\udc57 Stilig tilbeh\u00f8r &#8211; Matcher uformelle og hverdagslige antrekk.<\/p>\n<p data-start=\"630\" data-end=\"694\">\ud83c\udf0d Allsidig bruk &#8211; Passer perfekt til jobb, shopping, treningsstudio eller strand.<\/p>\n<p data-start=\"630\" data-end=\"694\"><img decoding=\"async\" class=\"size-full wp-image-22352 aligncenter\" src=\"https:\/\/mekulo.com\/template\/wp-content\/uploads\/sites\/6\/2026\/01\/S6ec538bd8d4342b0a712a45f5139015ao.webp\" alt=\"\" width=\"800\" height=\"800\" \/><\/p>\n<h2 style=\"text-align: center;\" data-start=\"696\" data-end=\"710\"><strong>Slik Bruker Du \ud83d\udccc<\/strong><\/h2>\n<ol data-start=\"711\" data-end=\"893\">\n<li data-start=\"711\" data-end=\"758\">\n<p data-start=\"714\" data-end=\"758\">Plasser det viktigste i vesken.<\/p>\n<\/li>\n<li data-start=\"759\" data-end=\"798\">\n<p data-start=\"762\" data-end=\"798\">B\u00e6r den med de solide h\u00e5ndtakene.<\/p>\n<\/li>\n<li data-start=\"799\" data-end=\"860\">\n<p data-start=\"802\" data-end=\"860\">Bruk den til jobb, \u00e6rend, reise eller fritidsaktiviteter.<\/p>\n<\/li>\n<li data-start=\"861\" data-end=\"893\">\n<p data-start=\"864\" data-end=\"893\">Lagres enkelt n\u00e5r den ikke er i bruk.<\/p>\n<\/li>\n<\/ol>\n<h2 style=\"text-align: center;\" data-start=\"895\" data-end=\"914\"><strong>Produktdetaljer \ud83d\udccf<\/strong><\/h2>\n<ul data-start=\"915\" data-end=\"1109\">\n<li data-start=\"942\" data-end=\"966\">\n<p data-start=\"944\" data-end=\"966\">Design: Bokstavtrykk<\/p>\n<\/li>\n<li data-start=\"967\" data-end=\"1006\">\n<p data-start=\"969\" data-end=\"1006\">Innvendig: Romslig hovedrom<\/p>\n<\/li>\n<li data-start=\"1007\" data-end=\"1055\">\n<p data-start=\"1009\" data-end=\"1055\">B\u00e6restil: H\u00e5ndb\u00e6ring eller skulderb\u00e6ring<\/p>\n<\/li>\n<li data-start=\"1056\" data-end=\"1109\">\n<p data-start=\"1058\" data-end=\"1109\">Bruksanledninger: Jobb, shopping, treningsstudio, reise, strand<\/p>\n<\/li>\n<li data-start=\"1056\" data-end=\"1109\">29 x 34 cm<\/li>\n<\/ul>\n<h2 style=\"text-align: center;\" data-start=\"1111\" data-end=\"1131\"><strong>Pakken inkluderer \ud83d\udce6<\/strong><\/h2>\n<ul data-start=\"1132\" data-end=\"1167\" data-is-last-node=\"\" data-is-only-node=\"\">\n<li data-start=\"1132\" data-end=\"1167\" data-is-last-node=\"\">\n<p data-start=\"1134\" data-end=\"1167\" data-is-last-node=\"\">1x totebag med bokstavtrykk for kvinner.<\/p>\n<\/li>\n<\/ul>\n","protected":false},"excerpt":{"rendered":"<p>\ud83d\udc5dDenne vesken med bokstavtrykk for kvinner kombinerer mote og hverdagsfunksjon i en brukervennlig design.<br \/>\n\ud83d\udcf1Den har god plass til det viktigste du trenger i hverdagen, samtidig som den gir et moderne preg til ethvert antrekk.<br \/>\n\ud83d\udc57Perfekt for kvinner som \u00f8nsker en praktisk veske som ogs\u00e5 gir et stiluttrykk uansett hvor de g\u00e5r.<\/p>\n","protected":false},"featured_media":20310,"comment_status":"open","ping_status":"closed","template":"","meta":{"site-sidebar-layout":"default","site-content-layout":"","ast-site-content-layout":"default","site-content-style":"default","site-sidebar-style":"default","ast-global-header-display":"","ast-banner-title-visibility":"","ast-main-header-display":"","ast-hfb-above-header-display":"","ast-hfb-below-header-display":"","ast-hfb-mobile-header-display":"","site-post-title":"","ast-breadcrumbs-content":"","ast-featured-img":"","footer-sml-layout":"","theme-transparent-header-meta":"default","adv-header-id-meta":"","stick-header-meta":"","header-above-stick-meta":"","header-main-stick-meta":"","header-below-stick-meta":"","astra-migrate-meta-layouts":"set","ast-page-background-enabled":"default","ast-page-background-meta":{"desktop":{"background-color":"var(--ast-global-color-5)","background-image":"","background-repeat":"repeat","background-position":"center center","background-size":"auto","background-attachment":"scroll","background-type":"","background-media":"","overlay-type":"","overlay-color":"","overlay-opacity":"","overlay-gradient":""},"tablet":{"background-color":"","background-image":"","background-repeat":"repeat","background-position":"center center","background-size":"auto","background-attachment":"scroll","background-type":"","background-media":"","overlay-type":"","overlay-color":"","overlay-opacity":"","overlay-gradient":""},"mobile":{"background-color":"","background-image":"","background-repeat":"repeat","background-position":"center center","background-size":"auto","background-attachment":"scroll","background-type":"","background-media":"","overlay-type":"","overlay-color":"","overlay-opacity":"","overlay-gradient":""}},"ast-content-background-meta":{"desktop":{"background-color":"var(--ast-global-color-4)","background-image":"","background-repeat":"repeat","background-position":"center center","background-size":"auto","background-attachment":"scroll","background-type":"","background-media":"","overlay-type":"","overlay-color":"","overlay-opacity":"","overlay-gradient":""},"tablet":{"background-color":"var(--ast-global-color-4)","background-image":"","background-repeat":"repeat","background-position":"center center","background-size":"auto","background-attachment":"scroll","background-type":"","background-media":"","overlay-type":"","overlay-color":"","overlay-opacity":"","overlay-gradient":""},"mobile":{"background-color":"var(--ast-global-color-4)","background-image":"","background-repeat":"repeat","background-position":"center center","background-size":"auto","background-attachment":"scroll","background-type":"","background-media":"","overlay-type":"","overlay-color":"","overlay-opacity":"","overlay-gradient":""}}},"product_brand":[],"product_cat":[165],"product_tag":[],"class_list":{"0":"post-20314","1":"product","2":"type-product","3":"status-publish","4":"has-post-thumbnail","6":"product_cat-fottoy-tilbehor","7":"pa_52644_jz5p6rhq-brun","8":"pa_52644_jz5p6rhq-gra","9":"pa_52644_jz5p6rhq-gronn","10":"pa_52644_jz5p6rhq-gul","11":"pa_52644_jz5p6rhq-hvit","12":"pa_52644_jz5p6rhq-morkegra","13":"pa_52644_jz5p6rhq-oransje","14":"pa_52644_jz5p6rhq-rod","15":"pa_52644_jz5p6rhq-rosa","16":"pa_52644_jz5p6rhq-rosenrod","17":"pa_52644_jz5p6rhq-svart","18":"desktop-align-left","19":"tablet-align-left","20":"mobile-align-left","22":"first","23":"instock","24":"shipping-taxable","25":"purchasable","26":"product-type-variable"},"yoast_head":"<!-- This site is optimized with the Yoast SEO plugin v26.6 - https:\/\/yoast.com\/wordpress\/plugins\/seo\/ -->\n<title>Totebag med bokstavtrykk for kvinner - Mekulo NO<\/title>\n<meta name=\"robots\" content=\"index, follow, max-snippet:-1, max-image-preview:large, max-video-preview:-1\" \/>\n<link rel=\"canonical\" href=\"https:\/\/mekulo.com\/no\/produkt\/totebag-med-bokstavtrykk-for-kvinner\/\" \/>\n<meta property=\"og:locale\" content=\"nb_NO\" \/>\n<meta property=\"og:type\" content=\"article\" \/>\n<meta property=\"og:title\" content=\"Totebag med bokstavtrykk for kvinner - Mekulo NO\" \/>\n<meta property=\"og:description\" content=\"\ud83d\udc5dDenne vesken med bokstavtrykk for kvinner kombinerer mote og hverdagsfunksjon i en brukervennlig design. \ud83d\udcf1Den har god plass til det viktigste du trenger i hverdagen, samtidig som den gir et moderne preg til ethvert antrekk. \ud83d\udc57Perfekt for kvinner som \u00f8nsker en praktisk veske som ogs\u00e5 gir et stiluttrykk uansett hvor de g\u00e5r.\" \/>\n<meta property=\"og:url\" content=\"https:\/\/mekulo.com\/no\/produkt\/totebag-med-bokstavtrykk-for-kvinner\/\" \/>\n<meta property=\"og:site_name\" content=\"Mekulo NO\" \/>\n<meta property=\"article:modified_time\" content=\"2026-01-29T13:57:39+00:00\" \/>\n<meta property=\"og:image\" content=\"https:\/\/mekulo.com\/no\/wp-content\/uploads\/sites\/10\/2026\/01\/2h6behx-1.jpg\" \/>\n\t<meta property=\"og:image:width\" content=\"800\" \/>\n\t<meta property=\"og:image:height\" content=\"800\" \/>\n\t<meta property=\"og:image:type\" content=\"image\/jpeg\" \/>\n<meta name=\"twitter:card\" content=\"summary_large_image\" \/>\n<meta name=\"twitter:label1\" content=\"Ansl. lesetid\" \/>\n\t<meta name=\"twitter:data1\" content=\"2 minutter\" \/>\n<script type=\"application\/ld+json\" class=\"yoast-schema-graph\">{\"@context\":\"https:\/\/schema.org\",\"@graph\":[{\"@type\":\"WebPage\",\"@id\":\"https:\/\/mekulo.com\/no\/produkt\/totebag-med-bokstavtrykk-for-kvinner\/\",\"url\":\"https:\/\/mekulo.com\/no\/produkt\/totebag-med-bokstavtrykk-for-kvinner\/\",\"name\":\"Totebag med bokstavtrykk for kvinner - Mekulo NO\",\"isPartOf\":{\"@id\":\"https:\/\/mekulo.com\/no\/#website\"},\"primaryImageOfPage\":{\"@id\":\"https:\/\/mekulo.com\/no\/produkt\/totebag-med-bokstavtrykk-for-kvinner\/#primaryimage\"},\"image\":{\"@id\":\"https:\/\/mekulo.com\/no\/produkt\/totebag-med-bokstavtrykk-for-kvinner\/#primaryimage\"},\"thumbnailUrl\":\"https:\/\/mekulo.com\/no\/wp-content\/uploads\/sites\/10\/2026\/01\/2h6behx-1.jpg\",\"datePublished\":\"2026-01-28T13:57:26+00:00\",\"dateModified\":\"2026-01-29T13:57:39+00:00\",\"breadcrumb\":{\"@id\":\"https:\/\/mekulo.com\/no\/produkt\/totebag-med-bokstavtrykk-for-kvinner\/#breadcrumb\"},\"inLanguage\":\"nb-NO\",\"potentialAction\":[{\"@type\":\"ReadAction\",\"target\":[\"https:\/\/mekulo.com\/no\/produkt\/totebag-med-bokstavtrykk-for-kvinner\/\"]}]},{\"@type\":\"ImageObject\",\"inLanguage\":\"nb-NO\",\"@id\":\"https:\/\/mekulo.com\/no\/produkt\/totebag-med-bokstavtrykk-for-kvinner\/#primaryimage\",\"url\":\"https:\/\/mekulo.com\/no\/wp-content\/uploads\/sites\/10\/2026\/01\/2h6behx-1.jpg\",\"contentUrl\":\"https:\/\/mekulo.com\/no\/wp-content\/uploads\/sites\/10\/2026\/01\/2h6behx-1.jpg\",\"width\":800,\"height\":800},{\"@type\":\"BreadcrumbList\",\"@id\":\"https:\/\/mekulo.com\/no\/produkt\/totebag-med-bokstavtrykk-for-kvinner\/#breadcrumb\",\"itemListElement\":[{\"@type\":\"ListItem\",\"position\":1,\"name\":\"Home\",\"item\":\"https:\/\/mekulo.com\/no\/\"},{\"@type\":\"ListItem\",\"position\":2,\"name\":\"Butikk\",\"item\":\"https:\/\/mekulo.com\/no\/butikk\/\"},{\"@type\":\"ListItem\",\"position\":3,\"name\":\"Totebag med bokstavtrykk for kvinner\"}]},{\"@type\":\"WebSite\",\"@id\":\"https:\/\/mekulo.com\/no\/#website\",\"url\":\"https:\/\/mekulo.com\/no\/\",\"name\":\"Mekulo NO\",\"description\":\"\",\"publisher\":{\"@id\":\"https:\/\/mekulo.com\/no\/#organization\"},\"potentialAction\":[{\"@type\":\"SearchAction\",\"target\":{\"@type\":\"EntryPoint\",\"urlTemplate\":\"https:\/\/mekulo.com\/no\/?s={search_term_string}\"},\"query-input\":{\"@type\":\"PropertyValueSpecification\",\"valueRequired\":true,\"valueName\":\"search_term_string\"}}],\"inLanguage\":\"nb-NO\"},{\"@type\":\"Organization\",\"@id\":\"https:\/\/mekulo.com\/no\/#organization\",\"name\":\"Mekulo\",\"url\":\"https:\/\/mekulo.com\/no\/\",\"logo\":{\"@type\":\"ImageObject\",\"inLanguage\":\"nb-NO\",\"@id\":\"https:\/\/mekulo.com\/no\/#\/schema\/logo\/image\/\",\"url\":\"https:\/\/mekulo.com\/no\/wp-content\/uploads\/sites\/10\/2025\/12\/favicon_mekulo.png\",\"contentUrl\":\"https:\/\/mekulo.com\/no\/wp-content\/uploads\/sites\/10\/2025\/12\/favicon_mekulo.png\",\"width\":50,\"height\":50,\"caption\":\"Mekulo\"},\"image\":{\"@id\":\"https:\/\/mekulo.com\/no\/#\/schema\/logo\/image\/\"}}]}<\/script>\n<!-- \/ Yoast SEO plugin. -->","yoast_head_json":{"title":"Totebag med bokstavtrykk for kvinner - Mekulo NO","robots":{"index":"index","follow":"follow","max-snippet":"max-snippet:-1","max-image-preview":"max-image-preview:large","max-video-preview":"max-video-preview:-1"},"canonical":"https:\/\/mekulo.com\/no\/produkt\/totebag-med-bokstavtrykk-for-kvinner\/","og_locale":"nb_NO","og_type":"article","og_title":"Totebag med bokstavtrykk for kvinner - Mekulo NO","og_description":"\ud83d\udc5dDenne vesken med bokstavtrykk for kvinner kombinerer mote og hverdagsfunksjon i en brukervennlig design. \ud83d\udcf1Den har god plass til det viktigste du trenger i hverdagen, samtidig som den gir et moderne preg til ethvert antrekk. \ud83d\udc57Perfekt for kvinner som \u00f8nsker en praktisk veske som ogs\u00e5 gir et stiluttrykk uansett hvor de g\u00e5r.","og_url":"https:\/\/mekulo.com\/no\/produkt\/totebag-med-bokstavtrykk-for-kvinner\/","og_site_name":"Mekulo NO","article_modified_time":"2026-01-29T13:57:39+00:00","og_image":[{"width":800,"height":800,"url":"https:\/\/mekulo.com\/no\/wp-content\/uploads\/sites\/10\/2026\/01\/2h6behx-1.jpg","type":"image\/jpeg"}],"twitter_card":"summary_large_image","twitter_misc":{"Ansl. lesetid":"2 minutter"},"schema":{"@context":"https:\/\/schema.org","@graph":[{"@type":"WebPage","@id":"https:\/\/mekulo.com\/no\/produkt\/totebag-med-bokstavtrykk-for-kvinner\/","url":"https:\/\/mekulo.com\/no\/produkt\/totebag-med-bokstavtrykk-for-kvinner\/","name":"Totebag med bokstavtrykk for kvinner - Mekulo NO","isPartOf":{"@id":"https:\/\/mekulo.com\/no\/#website"},"primaryImageOfPage":{"@id":"https:\/\/mekulo.com\/no\/produkt\/totebag-med-bokstavtrykk-for-kvinner\/#primaryimage"},"image":{"@id":"https:\/\/mekulo.com\/no\/produkt\/totebag-med-bokstavtrykk-for-kvinner\/#primaryimage"},"thumbnailUrl":"https:\/\/mekulo.com\/no\/wp-content\/uploads\/sites\/10\/2026\/01\/2h6behx-1.jpg","datePublished":"2026-01-28T13:57:26+00:00","dateModified":"2026-01-29T13:57:39+00:00","breadcrumb":{"@id":"https:\/\/mekulo.com\/no\/produkt\/totebag-med-bokstavtrykk-for-kvinner\/#breadcrumb"},"inLanguage":"nb-NO","potentialAction":[{"@type":"ReadAction","target":["https:\/\/mekulo.com\/no\/produkt\/totebag-med-bokstavtrykk-for-kvinner\/"]}]},{"@type":"ImageObject","inLanguage":"nb-NO","@id":"https:\/\/mekulo.com\/no\/produkt\/totebag-med-bokstavtrykk-for-kvinner\/#primaryimage","url":"https:\/\/mekulo.com\/no\/wp-content\/uploads\/sites\/10\/2026\/01\/2h6behx-1.jpg","contentUrl":"https:\/\/mekulo.com\/no\/wp-content\/uploads\/sites\/10\/2026\/01\/2h6behx-1.jpg","width":800,"height":800},{"@type":"BreadcrumbList","@id":"https:\/\/mekulo.com\/no\/produkt\/totebag-med-bokstavtrykk-for-kvinner\/#breadcrumb","itemListElement":[{"@type":"ListItem","position":1,"name":"Home","item":"https:\/\/mekulo.com\/no\/"},{"@type":"ListItem","position":2,"name":"Butikk","item":"https:\/\/mekulo.com\/no\/butikk\/"},{"@type":"ListItem","position":3,"name":"Totebag med bokstavtrykk for kvinner"}]},{"@type":"WebSite","@id":"https:\/\/mekulo.com\/no\/#website","url":"https:\/\/mekulo.com\/no\/","name":"Mekulo NO","description":"","publisher":{"@id":"https:\/\/mekulo.com\/no\/#organization"},"potentialAction":[{"@type":"SearchAction","target":{"@type":"EntryPoint","urlTemplate":"https:\/\/mekulo.com\/no\/?s={search_term_string}"},"query-input":{"@type":"PropertyValueSpecification","valueRequired":true,"valueName":"search_term_string"}}],"inLanguage":"nb-NO"},{"@type":"Organization","@id":"https:\/\/mekulo.com\/no\/#organization","name":"Mekulo","url":"https:\/\/mekulo.com\/no\/","logo":{"@type":"ImageObject","inLanguage":"nb-NO","@id":"https:\/\/mekulo.com\/no\/#\/schema\/logo\/image\/","url":"https:\/\/mekulo.com\/no\/wp-content\/uploads\/sites\/10\/2025\/12\/favicon_mekulo.png","contentUrl":"https:\/\/mekulo.com\/no\/wp-content\/uploads\/sites\/10\/2025\/12\/favicon_mekulo.png","width":50,"height":50,"caption":"Mekulo"},"image":{"@id":"https:\/\/mekulo.com\/no\/#\/schema\/logo\/image\/"}}]}},"_links":{"self":[{"href":"https:\/\/mekulo.com\/no\/wp-json\/wp\/v2\/product\/20314","targetHints":{"allow":["GET"]}}],"collection":[{"href":"https:\/\/mekulo.com\/no\/wp-json\/wp\/v2\/product"}],"about":[{"href":"https:\/\/mekulo.com\/no\/wp-json\/wp\/v2\/types\/product"}],"replies":[{"embeddable":true,"href":"https:\/\/mekulo.com\/no\/wp-json\/wp\/v2\/comments?post=20314"}],"wp:featuredmedia":[{"embeddable":true,"href":"https:\/\/mekulo.com\/no\/wp-json\/wp\/v2\/media\/20310"}],"wp:attachment":[{"href":"https:\/\/mekulo.com\/no\/wp-json\/wp\/v2\/media?parent=20314"}],"wp:term":[{"taxonomy":"product_brand","embeddable":true,"href":"https:\/\/mekulo.com\/no\/wp-json\/wp\/v2\/product_brand?post=20314"},{"taxonomy":"product_cat","embeddable":true,"href":"https:\/\/mekulo.com\/no\/wp-json\/wp\/v2\/product_cat?post=20314"},{"taxonomy":"product_tag","embeddable":true,"href":"https:\/\/mekulo.com\/no\/wp-json\/wp\/v2\/product_tag?post=20314"}],"curies":[{"name":"wp","href":"https:\/\/api.w.org\/{rel}","templated":true}]}}