{"id":20267,"date":"2026-01-28T15:53:40","date_gmt":"2026-01-28T13:53:40","guid":{"rendered":"https:\/\/mekulo.com\/no\/produkt\/forbedret-dorforsterkningslas\/"},"modified":"2026-01-29T15:52:47","modified_gmt":"2026-01-29T13:52:47","slug":"forbedret-dorforsterkningslas","status":"publish","type":"product","link":"https:\/\/mekulo.com\/no\/produkt\/forbedret-dorforsterkningslas\/","title":{"rendered":"Forbedret d\u00f8rforsterkningsl\u00e5s"},"content":{"rendered":"<p style=\"text-align: center;\" data-start=\"0\" data-end=\"60\"><strong data-start=\"0\" data-end=\"60\">Legg til sterk, p\u00e5litelig beskyttelse til d\u00f8ren din p\u00e5 f\u00e5 sekunder.\ud83d\udeaa<\/strong><\/p>\n<p data-start=\"0\" data-end=\"60\"><img fetchpriority=\"high\" decoding=\"async\" class=\"size-full wp-image-22313 aligncenter\" src=\"https:\/\/mekulo.com\/template\/wp-content\/uploads\/sites\/6\/2026\/01\/3f2aede9ea10a160702f654766f3f6389db674b6-900.jpg\" alt=\"\" width=\"1080\" height=\"1060\" \/><\/p>\n<h2 style=\"text-align: center;\" data-start=\"396\" data-end=\"413\"><strong>Hovedfordeler \ud83c\udfe1<\/strong><\/h2>\n<p data-start=\"416\" data-end=\"485\">\ud83d\udd12 Forsterkningssikkerhet &#8211; Styrker d\u00f8rer mot innbrudd.<\/p>\n<p data-start=\"488\" data-end=\"554\">\ud83d\udeab Tyverisikret design &#8211; Ingen n\u00f8kkelhull, ingen manipulering utenfra.<\/p>\n<p data-start=\"557\" data-end=\"625\">\ud83d\udc76 Barnesikkerhet &#8211; Hindrer barn i \u00e5 \u00e5pne d\u00f8ren.<\/p>\n<p data-start=\"628\" data-end=\"692\">\ud83c\udfe0 Kun innvendig kontroll &#8211; Kan bare betjenes fra innsiden.<\/p>\n<p data-start=\"695\" data-end=\"750\">\u2699\ufe0f Enkel installasjon &#8211; Installeres p\u00e5 under 5 minutter.<\/p>\n<p data-start=\"753\" data-end=\"812\">\ud83e\uddf1 Slitesterkt materiale &#8211; Laget av en sterk aluminiumslegering.<\/p>\n<p data-start=\"753\" data-end=\"812\"><img decoding=\"async\" class=\"size-full wp-image-22310 aligncenter\" src=\"https:\/\/mekulo.com\/template\/wp-content\/uploads\/sites\/6\/2026\/01\/3-1-1.jpg\" alt=\"\" width=\"1080\" height=\"1080\" \/><\/p>\n<h2 style=\"text-align: center;\" data-start=\"814\" data-end=\"828\"><strong>Hvordan Bruke \ud83d\udccc<\/strong><\/h2>\n<ol data-start=\"829\" data-end=\"1073\">\n<li data-start=\"829\" data-end=\"870\">\n<p data-start=\"832\" data-end=\"870\">Posisjoner l\u00e5sen p\u00e5 d\u00f8rkarmen.<\/p>\n<\/li>\n<li data-start=\"871\" data-end=\"924\">\n<p data-start=\"874\" data-end=\"924\">Fest den med en drill eller en batteridrevet skrutrekker.<\/p>\n<\/li>\n<li data-start=\"925\" data-end=\"975\">\n<p data-start=\"928\" data-end=\"975\">Lukk d\u00f8ren og skyv l\u00e5sen p\u00e5 plass.<\/p>\n<\/li>\n<li data-start=\"976\" data-end=\"1026\">\n<p data-start=\"979\" data-end=\"1026\">L\u00f8sne l\u00e5sen fra innsiden n\u00e5r det er n\u00f8dvendig.<\/p>\n<\/li>\n<li data-start=\"1027\" data-end=\"1073\">\n<p data-start=\"1030\" data-end=\"1073\">Hold den innkoblet for ekstra sikkerhet til enhver tid.<\/p>\n<\/li>\n<\/ol>\n<h2 style=\"text-align: center;\" data-start=\"1075\" data-end=\"1094\"><strong>Produktdetaljer \ud83d\udccf<\/strong><\/h2>\n<ul data-start=\"1095\" data-end=\"1348\">\n<li data-start=\"1095\" data-end=\"1123\">\n<p data-start=\"1097\" data-end=\"1123\">Materiale: Aluminiumslegering<\/p>\n<\/li>\n<li data-start=\"1124\" data-end=\"1165\">\n<p data-start=\"1126\" data-end=\"1165\">L\u00e5stype: N\u00f8kkelfri forsterkningsl\u00e5s<\/p>\n<\/li>\n<li data-start=\"1166\" data-end=\"1191\">\n<p data-start=\"1168\" data-end=\"1191\">Stopplengde: 7,6 cm<\/p>\n<\/li>\n<li data-start=\"1192\" data-end=\"1237\">\n<p data-start=\"1194\" data-end=\"1237\">Installasjon: DIY, ingen profesjonell n\u00f8dvendig<\/p>\n<\/li>\n<li data-start=\"1238\" data-end=\"1279\">\n<p data-start=\"1240\" data-end=\"1279\">D\u00f8rtype: Passer til innadsl\u00e5ende d\u00f8rer<\/p>\n<\/li>\n<li data-start=\"1280\" data-end=\"1348\">\n<p data-start=\"1282\" data-end=\"1348\">Bruksomr\u00e5der: Inngangsd\u00f8rer, soverom, garasjer, kjellere, sided\u00f8rer<\/p>\n<\/li>\n<\/ul>\n<h2 style=\"text-align: center;\" data-start=\"1350\" data-end=\"1370\"><strong>Pakken inkluderer \ud83d\udce6<\/strong><\/h2>\n<ul data-start=\"1371\" data-end=\"1449\" data-is-last-node=\"\" data-is-only-node=\"\">\n<li data-start=\"1371\" data-end=\"1411\">\n<p data-start=\"1373\" data-end=\"1411\">1, 2, 4 x forsterket d\u00f8rforsterkningsl\u00e5s<\/p>\n<\/li>\n<li data-start=\"1412\" data-end=\"1449\" data-is-last-node=\"\">\n<p data-start=\"1414\" data-end=\"1449\" data-is-last-node=\"\">5, 10, 20 x monteringsskruer.<\/p>\n<\/li>\n<\/ul>\n","protected":false},"excerpt":{"rendered":"<p>\ud83d\udeaaDenne forbedrede d\u00f8rforsterkningsl\u00e5sen styrker d\u00f8ren din fra innsiden og bidrar til \u00e5 forhindre innbrudd, u\u00f8nsket tilgang og ulykker.<br \/>\n\ud83d\udd11Den er n\u00f8kkelfri, sabotasjesikker og enkel \u00e5 installere, noe som gj\u00f8r den perfekt for hverdagssikkerheten i hjemmet.<br \/>\n\ud83c\udfe0En smart oppgradering for familier som \u00f8nsker ekstra trygghet uten \u00e5 endre den eksisterende d\u00f8ren.<\/p>\n","protected":false},"featured_media":20263,"comment_status":"open","ping_status":"closed","template":"","meta":{"site-sidebar-layout":"default","site-content-layout":"","ast-site-content-layout":"default","site-content-style":"default","site-sidebar-style":"default","ast-global-header-display":"","ast-banner-title-visibility":"","ast-main-header-display":"","ast-hfb-above-header-display":"","ast-hfb-below-header-display":"","ast-hfb-mobile-header-display":"","site-post-title":"","ast-breadcrumbs-content":"","ast-featured-img":"","footer-sml-layout":"","theme-transparent-header-meta":"default","adv-header-id-meta":"","stick-header-meta":"","header-above-stick-meta":"","header-main-stick-meta":"","header-below-stick-meta":"","astra-migrate-meta-layouts":"set","ast-page-background-enabled":"default","ast-page-background-meta":{"desktop":{"background-color":"var(--ast-global-color-5)","background-image":"","background-repeat":"repeat","background-position":"center center","background-size":"auto","background-attachment":"scroll","background-type":"","background-media":"","overlay-type":"","overlay-color":"","overlay-opacity":"","overlay-gradient":""},"tablet":{"background-color":"","background-image":"","background-repeat":"repeat","background-position":"center center","background-size":"auto","background-attachment":"scroll","background-type":"","background-media":"","overlay-type":"","overlay-color":"","overlay-opacity":"","overlay-gradient":""},"mobile":{"background-color":"","background-image":"","background-repeat":"repeat","background-position":"center center","background-size":"auto","background-attachment":"scroll","background-type":"","background-media":"","overlay-type":"","overlay-color":"","overlay-opacity":"","overlay-gradient":""}},"ast-content-background-meta":{"desktop":{"background-color":"var(--ast-global-color-4)","background-image":"","background-repeat":"repeat","background-position":"center center","background-size":"auto","background-attachment":"scroll","background-type":"","background-media":"","overlay-type":"","overlay-color":"","overlay-opacity":"","overlay-gradient":""},"tablet":{"background-color":"var(--ast-global-color-4)","background-image":"","background-repeat":"repeat","background-position":"center center","background-size":"auto","background-attachment":"scroll","background-type":"","background-media":"","overlay-type":"","overlay-color":"","overlay-opacity":"","overlay-gradient":""},"mobile":{"background-color":"var(--ast-global-color-4)","background-image":"","background-repeat":"repeat","background-position":"center center","background-size":"auto","background-attachment":"scroll","background-type":"","background-media":"","overlay-type":"","overlay-color":"","overlay-opacity":"","overlay-gradient":""}}},"product_brand":[],"product_cat":[168],"product_tag":[],"class_list":{"0":"post-20267","1":"product","2":"type-product","3":"status-publish","4":"has-post-thumbnail","6":"product_cat-husholdningsartikler","7":"pa_52536_lrkro7jw-1-stk","8":"pa_52536_lrkro7jw-2-stk","9":"pa_52536_lrkro7jw-4-stk","10":"pa_52536_rawmxufd-solv","11":"pa_52536_rawmxufd-svart","12":"desktop-align-left","13":"tablet-align-left","14":"mobile-align-left","16":"first","17":"instock","18":"shipping-taxable","19":"purchasable","20":"product-type-variable","21":"has-default-attributes"},"yoast_head":"<!-- This site is optimized with the Yoast SEO plugin v26.6 - https:\/\/yoast.com\/wordpress\/plugins\/seo\/ -->\n<title>Forbedret d\u00f8rforsterkningsl\u00e5s - Mekulo NO<\/title>\n<meta name=\"robots\" content=\"index, follow, max-snippet:-1, max-image-preview:large, max-video-preview:-1\" \/>\n<link rel=\"canonical\" href=\"https:\/\/mekulo.com\/no\/produkt\/forbedret-dorforsterkningslas\/\" \/>\n<meta property=\"og:locale\" content=\"nb_NO\" \/>\n<meta property=\"og:type\" content=\"article\" \/>\n<meta property=\"og:title\" content=\"Forbedret d\u00f8rforsterkningsl\u00e5s - Mekulo NO\" \/>\n<meta property=\"og:description\" content=\"\ud83d\udeaaDenne forbedrede d\u00f8rforsterkningsl\u00e5sen styrker d\u00f8ren din fra innsiden og bidrar til \u00e5 forhindre innbrudd, u\u00f8nsket tilgang og ulykker. \ud83d\udd11Den er n\u00f8kkelfri, sabotasjesikker og enkel \u00e5 installere, noe som gj\u00f8r den perfekt for hverdagssikkerheten i hjemmet. \ud83c\udfe0En smart oppgradering for familier som \u00f8nsker ekstra trygghet uten \u00e5 endre den eksisterende d\u00f8ren.\" \/>\n<meta property=\"og:url\" content=\"https:\/\/mekulo.com\/no\/produkt\/forbedret-dorforsterkningslas\/\" \/>\n<meta property=\"og:site_name\" content=\"Mekulo NO\" \/>\n<meta property=\"article:modified_time\" content=\"2026-01-29T13:52:47+00:00\" \/>\n<meta property=\"og:image\" content=\"https:\/\/mekulo.com\/no\/wp-content\/uploads\/sites\/10\/2026\/01\/oy2gncd-1.jpg\" \/>\n\t<meta property=\"og:image:width\" content=\"800\" \/>\n\t<meta property=\"og:image:height\" content=\"800\" \/>\n\t<meta property=\"og:image:type\" content=\"image\/jpeg\" \/>\n<meta name=\"twitter:card\" content=\"summary_large_image\" \/>\n<meta name=\"twitter:label1\" content=\"Ansl. lesetid\" \/>\n\t<meta name=\"twitter:data1\" content=\"2 minutter\" \/>\n<script type=\"application\/ld+json\" class=\"yoast-schema-graph\">{\"@context\":\"https:\/\/schema.org\",\"@graph\":[{\"@type\":\"WebPage\",\"@id\":\"https:\/\/mekulo.com\/no\/produkt\/forbedret-dorforsterkningslas\/\",\"url\":\"https:\/\/mekulo.com\/no\/produkt\/forbedret-dorforsterkningslas\/\",\"name\":\"Forbedret d\u00f8rforsterkningsl\u00e5s - Mekulo NO\",\"isPartOf\":{\"@id\":\"https:\/\/mekulo.com\/no\/#website\"},\"primaryImageOfPage\":{\"@id\":\"https:\/\/mekulo.com\/no\/produkt\/forbedret-dorforsterkningslas\/#primaryimage\"},\"image\":{\"@id\":\"https:\/\/mekulo.com\/no\/produkt\/forbedret-dorforsterkningslas\/#primaryimage\"},\"thumbnailUrl\":\"https:\/\/mekulo.com\/no\/wp-content\/uploads\/sites\/10\/2026\/01\/oy2gncd-1.jpg\",\"datePublished\":\"2026-01-28T13:53:40+00:00\",\"dateModified\":\"2026-01-29T13:52:47+00:00\",\"breadcrumb\":{\"@id\":\"https:\/\/mekulo.com\/no\/produkt\/forbedret-dorforsterkningslas\/#breadcrumb\"},\"inLanguage\":\"nb-NO\",\"potentialAction\":[{\"@type\":\"ReadAction\",\"target\":[\"https:\/\/mekulo.com\/no\/produkt\/forbedret-dorforsterkningslas\/\"]}]},{\"@type\":\"ImageObject\",\"inLanguage\":\"nb-NO\",\"@id\":\"https:\/\/mekulo.com\/no\/produkt\/forbedret-dorforsterkningslas\/#primaryimage\",\"url\":\"https:\/\/mekulo.com\/no\/wp-content\/uploads\/sites\/10\/2026\/01\/oy2gncd-1.jpg\",\"contentUrl\":\"https:\/\/mekulo.com\/no\/wp-content\/uploads\/sites\/10\/2026\/01\/oy2gncd-1.jpg\",\"width\":800,\"height\":800},{\"@type\":\"BreadcrumbList\",\"@id\":\"https:\/\/mekulo.com\/no\/produkt\/forbedret-dorforsterkningslas\/#breadcrumb\",\"itemListElement\":[{\"@type\":\"ListItem\",\"position\":1,\"name\":\"Home\",\"item\":\"https:\/\/mekulo.com\/no\/\"},{\"@type\":\"ListItem\",\"position\":2,\"name\":\"Butikk\",\"item\":\"https:\/\/mekulo.com\/no\/butikk\/\"},{\"@type\":\"ListItem\",\"position\":3,\"name\":\"Forbedret d\u00f8rforsterkningsl\u00e5s\"}]},{\"@type\":\"WebSite\",\"@id\":\"https:\/\/mekulo.com\/no\/#website\",\"url\":\"https:\/\/mekulo.com\/no\/\",\"name\":\"Mekulo NO\",\"description\":\"\",\"publisher\":{\"@id\":\"https:\/\/mekulo.com\/no\/#organization\"},\"potentialAction\":[{\"@type\":\"SearchAction\",\"target\":{\"@type\":\"EntryPoint\",\"urlTemplate\":\"https:\/\/mekulo.com\/no\/?s={search_term_string}\"},\"query-input\":{\"@type\":\"PropertyValueSpecification\",\"valueRequired\":true,\"valueName\":\"search_term_string\"}}],\"inLanguage\":\"nb-NO\"},{\"@type\":\"Organization\",\"@id\":\"https:\/\/mekulo.com\/no\/#organization\",\"name\":\"Mekulo\",\"url\":\"https:\/\/mekulo.com\/no\/\",\"logo\":{\"@type\":\"ImageObject\",\"inLanguage\":\"nb-NO\",\"@id\":\"https:\/\/mekulo.com\/no\/#\/schema\/logo\/image\/\",\"url\":\"https:\/\/mekulo.com\/no\/wp-content\/uploads\/sites\/10\/2025\/12\/favicon_mekulo.png\",\"contentUrl\":\"https:\/\/mekulo.com\/no\/wp-content\/uploads\/sites\/10\/2025\/12\/favicon_mekulo.png\",\"width\":50,\"height\":50,\"caption\":\"Mekulo\"},\"image\":{\"@id\":\"https:\/\/mekulo.com\/no\/#\/schema\/logo\/image\/\"}}]}<\/script>\n<!-- \/ Yoast SEO plugin. -->","yoast_head_json":{"title":"Forbedret d\u00f8rforsterkningsl\u00e5s - Mekulo NO","robots":{"index":"index","follow":"follow","max-snippet":"max-snippet:-1","max-image-preview":"max-image-preview:large","max-video-preview":"max-video-preview:-1"},"canonical":"https:\/\/mekulo.com\/no\/produkt\/forbedret-dorforsterkningslas\/","og_locale":"nb_NO","og_type":"article","og_title":"Forbedret d\u00f8rforsterkningsl\u00e5s - Mekulo NO","og_description":"\ud83d\udeaaDenne forbedrede d\u00f8rforsterkningsl\u00e5sen styrker d\u00f8ren din fra innsiden og bidrar til \u00e5 forhindre innbrudd, u\u00f8nsket tilgang og ulykker. \ud83d\udd11Den er n\u00f8kkelfri, sabotasjesikker og enkel \u00e5 installere, noe som gj\u00f8r den perfekt for hverdagssikkerheten i hjemmet. \ud83c\udfe0En smart oppgradering for familier som \u00f8nsker ekstra trygghet uten \u00e5 endre den eksisterende d\u00f8ren.","og_url":"https:\/\/mekulo.com\/no\/produkt\/forbedret-dorforsterkningslas\/","og_site_name":"Mekulo NO","article_modified_time":"2026-01-29T13:52:47+00:00","og_image":[{"width":800,"height":800,"url":"https:\/\/mekulo.com\/no\/wp-content\/uploads\/sites\/10\/2026\/01\/oy2gncd-1.jpg","type":"image\/jpeg"}],"twitter_card":"summary_large_image","twitter_misc":{"Ansl. lesetid":"2 minutter"},"schema":{"@context":"https:\/\/schema.org","@graph":[{"@type":"WebPage","@id":"https:\/\/mekulo.com\/no\/produkt\/forbedret-dorforsterkningslas\/","url":"https:\/\/mekulo.com\/no\/produkt\/forbedret-dorforsterkningslas\/","name":"Forbedret d\u00f8rforsterkningsl\u00e5s - Mekulo NO","isPartOf":{"@id":"https:\/\/mekulo.com\/no\/#website"},"primaryImageOfPage":{"@id":"https:\/\/mekulo.com\/no\/produkt\/forbedret-dorforsterkningslas\/#primaryimage"},"image":{"@id":"https:\/\/mekulo.com\/no\/produkt\/forbedret-dorforsterkningslas\/#primaryimage"},"thumbnailUrl":"https:\/\/mekulo.com\/no\/wp-content\/uploads\/sites\/10\/2026\/01\/oy2gncd-1.jpg","datePublished":"2026-01-28T13:53:40+00:00","dateModified":"2026-01-29T13:52:47+00:00","breadcrumb":{"@id":"https:\/\/mekulo.com\/no\/produkt\/forbedret-dorforsterkningslas\/#breadcrumb"},"inLanguage":"nb-NO","potentialAction":[{"@type":"ReadAction","target":["https:\/\/mekulo.com\/no\/produkt\/forbedret-dorforsterkningslas\/"]}]},{"@type":"ImageObject","inLanguage":"nb-NO","@id":"https:\/\/mekulo.com\/no\/produkt\/forbedret-dorforsterkningslas\/#primaryimage","url":"https:\/\/mekulo.com\/no\/wp-content\/uploads\/sites\/10\/2026\/01\/oy2gncd-1.jpg","contentUrl":"https:\/\/mekulo.com\/no\/wp-content\/uploads\/sites\/10\/2026\/01\/oy2gncd-1.jpg","width":800,"height":800},{"@type":"BreadcrumbList","@id":"https:\/\/mekulo.com\/no\/produkt\/forbedret-dorforsterkningslas\/#breadcrumb","itemListElement":[{"@type":"ListItem","position":1,"name":"Home","item":"https:\/\/mekulo.com\/no\/"},{"@type":"ListItem","position":2,"name":"Butikk","item":"https:\/\/mekulo.com\/no\/butikk\/"},{"@type":"ListItem","position":3,"name":"Forbedret d\u00f8rforsterkningsl\u00e5s"}]},{"@type":"WebSite","@id":"https:\/\/mekulo.com\/no\/#website","url":"https:\/\/mekulo.com\/no\/","name":"Mekulo NO","description":"","publisher":{"@id":"https:\/\/mekulo.com\/no\/#organization"},"potentialAction":[{"@type":"SearchAction","target":{"@type":"EntryPoint","urlTemplate":"https:\/\/mekulo.com\/no\/?s={search_term_string}"},"query-input":{"@type":"PropertyValueSpecification","valueRequired":true,"valueName":"search_term_string"}}],"inLanguage":"nb-NO"},{"@type":"Organization","@id":"https:\/\/mekulo.com\/no\/#organization","name":"Mekulo","url":"https:\/\/mekulo.com\/no\/","logo":{"@type":"ImageObject","inLanguage":"nb-NO","@id":"https:\/\/mekulo.com\/no\/#\/schema\/logo\/image\/","url":"https:\/\/mekulo.com\/no\/wp-content\/uploads\/sites\/10\/2025\/12\/favicon_mekulo.png","contentUrl":"https:\/\/mekulo.com\/no\/wp-content\/uploads\/sites\/10\/2025\/12\/favicon_mekulo.png","width":50,"height":50,"caption":"Mekulo"},"image":{"@id":"https:\/\/mekulo.com\/no\/#\/schema\/logo\/image\/"}}]}},"_links":{"self":[{"href":"https:\/\/mekulo.com\/no\/wp-json\/wp\/v2\/product\/20267","targetHints":{"allow":["GET"]}}],"collection":[{"href":"https:\/\/mekulo.com\/no\/wp-json\/wp\/v2\/product"}],"about":[{"href":"https:\/\/mekulo.com\/no\/wp-json\/wp\/v2\/types\/product"}],"replies":[{"embeddable":true,"href":"https:\/\/mekulo.com\/no\/wp-json\/wp\/v2\/comments?post=20267"}],"wp:featuredmedia":[{"embeddable":true,"href":"https:\/\/mekulo.com\/no\/wp-json\/wp\/v2\/media\/20263"}],"wp:attachment":[{"href":"https:\/\/mekulo.com\/no\/wp-json\/wp\/v2\/media?parent=20267"}],"wp:term":[{"taxonomy":"product_brand","embeddable":true,"href":"https:\/\/mekulo.com\/no\/wp-json\/wp\/v2\/product_brand?post=20267"},{"taxonomy":"product_cat","embeddable":true,"href":"https:\/\/mekulo.com\/no\/wp-json\/wp\/v2\/product_cat?post=20267"},{"taxonomy":"product_tag","embeddable":true,"href":"https:\/\/mekulo.com\/no\/wp-json\/wp\/v2\/product_tag?post=20267"}],"curies":[{"name":"wp","href":"https:\/\/api.w.org\/{rel}","templated":true}]}}