{"id":20251,"date":"2026-01-28T15:51:46","date_gmt":"2026-01-28T13:51:46","guid":{"rendered":"https:\/\/mekulo.com\/no\/produkt\/led-negleklipper-for-kjaeledyr\/"},"modified":"2026-02-03T17:06:39","modified_gmt":"2026-02-03T15:06:39","slug":"led-negleklipper-for-kjaeledyr","status":"publish","type":"product","link":"https:\/\/mekulo.com\/no\/produkt\/led-negleklipper-for-kjaeledyr\/","title":{"rendered":"LED-negleklipper for kj\u00e6ledyr"},"content":{"rendered":"<p style=\"text-align: center;\" data-start=\"0\" data-end=\"74\"><strong data-start=\"0\" data-end=\"74\">Trim kj\u00e6ledyrets negler trygt med tydelig synlighet og jevne resultater. \ud83d\udc08<\/strong><\/p>\n<p data-start=\"0\" data-end=\"74\"><img fetchpriority=\"high\" decoding=\"async\" class=\"size-full wp-image-22300 aligncenter\" src=\"https:\/\/mekulo.com\/template\/wp-content\/uploads\/sites\/6\/2026\/01\/2-47.jpg\" alt=\"\" width=\"1080\" height=\"1080\" \/><\/p>\n<h2 style=\"text-align: center;\" data-start=\"387\" data-end=\"404\"><strong>Hovedfordeler \ud83d\udc15<\/strong><\/h2>\n<p data-start=\"407\" data-end=\"471\">\ud83d\udca1 LED-sikkerhetslys &#8211; Viser tydelig neglens blodkar.<\/p>\n<p data-start=\"474\" data-end=\"528\">\u2702\ufe0f 2-i-1-verkt\u00f8y &#8211; Klipper og sliper i \u00e9n \u00f8kt.<\/p>\n<p data-start=\"531\" data-end=\"592\">\ud83e\ude78 Skadeforebygging &#8211; Unng\u00e5r overklipping og bl\u00f8dning.<\/p>\n<p data-start=\"595\" data-end=\"658\">\u2728 Jevne neglekanter &#8211; Sliper neglene runde etter trimming.<\/p>\n<p data-start=\"661\" data-end=\"725\">\ud83d\udee1\ufe0f St\u00f8vbeskyttelse &#8211; Beskytter kj\u00e6ledyrets \u00f8yne og fanger opp neglerester.<\/p>\n<p data-start=\"728\" data-end=\"778\">\ud83d\udd07 Stille motor &#8211; holder kj\u00e6ledyrene rolige og avslappede.<\/p>\n<p data-start=\"728\" data-end=\"778\"><img decoding=\"async\" class=\"size-full wp-image-22296 aligncenter\" src=\"https:\/\/mekulo.com\/template\/wp-content\/uploads\/sites\/6\/2026\/01\/6-21.jpg\" alt=\"\" width=\"1080\" height=\"1080\" \/><\/p>\n<h2 style=\"text-align: center;\" data-start=\"780\" data-end=\"794\"><strong>Hvordan Du Bruker Den \ud83d\udccc<\/strong><\/h2>\n<ol data-start=\"795\" data-end=\"1037\">\n<li data-start=\"795\" data-end=\"847\">\n<p data-start=\"798\" data-end=\"847\">Sl\u00e5 p\u00e5 LED-lysene for \u00e5 se neglen tydelig.<\/p>\n<\/li>\n<li data-start=\"848\" data-end=\"891\">\n<p data-start=\"851\" data-end=\"891\">Plasser klipperen rundt negletuppen.<\/p>\n<\/li>\n<li data-start=\"892\" data-end=\"949\">\n<p data-start=\"895\" data-end=\"949\">Klipp sakte mens du unng\u00e5r det synlige blodkaret.<\/p>\n<\/li>\n<li data-start=\"950\" data-end=\"1002\">\n<p data-start=\"953\" data-end=\"1002\">Bruk den innebygde kvernen til \u00e5 glatte ut skarpe kanter.<\/p>\n<\/li>\n<li data-start=\"1003\" data-end=\"1037\">\n<p data-start=\"1006\" data-end=\"1037\">T\u00f8m st\u00f8vbeskyttelsen etter bruk.<\/p>\n<\/li>\n<\/ol>\n<h2 style=\"text-align: center;\" data-start=\"1039\" data-end=\"1058\"><strong>Produktdetaljer \ud83d\udccf<\/strong><\/h2>\n<ul data-start=\"1059\" data-end=\"1309\">\n<li data-start=\"1059\" data-end=\"1094\">\n<p data-start=\"1061\" data-end=\"1094\">Bladmateriale: Rustfritt st\u00e5l<\/p>\n<\/li>\n<li data-start=\"1095\" data-end=\"1135\">\n<p data-start=\"1097\" data-end=\"1135\">Funksjon: Negleklipping og sliping<\/p>\n<\/li>\n<li data-start=\"1136\" data-end=\"1172\">\n<p data-start=\"1138\" data-end=\"1172\">Belysning: Doble LED-sikkerhetslys<\/p>\n<\/li>\n<li data-start=\"1173\" data-end=\"1227\">\n<p data-start=\"1175\" data-end=\"1227\">Design: Innebygd kvern og st\u00f8voppsamlingsvakt<\/p>\n<\/li>\n<li data-start=\"1228\" data-end=\"1260\">\n<p data-start=\"1230\" data-end=\"1260\">St\u00f8yniv\u00e5: St\u00f8ysvak motor<\/p>\n<\/li>\n<li data-start=\"1261\" data-end=\"1309\">\n<p data-start=\"1263\" data-end=\"1309\">Egnet for: Hunder og katter i forskjellige st\u00f8rrelser<\/p>\n<\/li>\n<li data-start=\"1261\" data-end=\"1309\">St\u00f8rrelse: 180 x 41 x 22 mm<\/li>\n<\/ul>\n<h2 style=\"text-align: center;\" data-start=\"1311\" data-end=\"1331\"><strong>Pakken inkluderer \ud83d\udce6<\/strong><\/h2>\n<ul data-start=\"1332\" data-end=\"1358\" data-is-last-node=\"\" data-is-only-node=\"\">\n<li data-start=\"1332\" data-end=\"1358\" data-is-last-node=\"\">\n<p data-start=\"1334\" data-end=\"1358\" data-is-last-node=\"\">1x LED negleklipper for kj\u00e6ledyr<\/p>\n<\/li>\n<li data-start=\"1332\" data-end=\"1358\" data-is-last-node=\"\">1x Type-C ladekabel.<\/li>\n<\/ul>\n","protected":false},"excerpt":{"rendered":"<p>\ud83d\udc15Med denne LED-negleklipperen kan du klippe og glatte neglene til kj\u00e6ledyret ditt i ett enkelt trinn med mindre stress og mer kontroll.<br \/>\n\ud83d\udca1 Innebygd LED-lys viser deg n\u00f8yaktig hvor du skal klippe, noe som bidrar til \u00e5 forhindre smerte, bl\u00f8dninger og ulykker.<br \/>\n\ud83e\udec2Dette gj\u00f8r negleklippingen tryggere, raskere og mer behagelig for b\u00e5de deg og kj\u00e6ledyret ditt.<\/p>\n","protected":false},"featured_media":20247,"comment_status":"open","ping_status":"closed","template":"","meta":{"site-sidebar-layout":"default","site-content-layout":"","ast-site-content-layout":"default","site-content-style":"default","site-sidebar-style":"default","ast-global-header-display":"","ast-banner-title-visibility":"","ast-main-header-display":"","ast-hfb-above-header-display":"","ast-hfb-below-header-display":"","ast-hfb-mobile-header-display":"","site-post-title":"","ast-breadcrumbs-content":"","ast-featured-img":"","footer-sml-layout":"","theme-transparent-header-meta":"default","adv-header-id-meta":"","stick-header-meta":"","header-above-stick-meta":"","header-main-stick-meta":"","header-below-stick-meta":"","astra-migrate-meta-layouts":"set","ast-page-background-enabled":"default","ast-page-background-meta":{"desktop":{"background-color":"var(--ast-global-color-5)","background-image":"","background-repeat":"repeat","background-position":"center center","background-size":"auto","background-attachment":"scroll","background-type":"","background-media":"","overlay-type":"","overlay-color":"","overlay-opacity":"","overlay-gradient":""},"tablet":{"background-color":"","background-image":"","background-repeat":"repeat","background-position":"center center","background-size":"auto","background-attachment":"scroll","background-type":"","background-media":"","overlay-type":"","overlay-color":"","overlay-opacity":"","overlay-gradient":""},"mobile":{"background-color":"","background-image":"","background-repeat":"repeat","background-position":"center center","background-size":"auto","background-attachment":"scroll","background-type":"","background-media":"","overlay-type":"","overlay-color":"","overlay-opacity":"","overlay-gradient":""}},"ast-content-background-meta":{"desktop":{"background-color":"var(--ast-global-color-4)","background-image":"","background-repeat":"repeat","background-position":"center center","background-size":"auto","background-attachment":"scroll","background-type":"","background-media":"","overlay-type":"","overlay-color":"","overlay-opacity":"","overlay-gradient":""},"tablet":{"background-color":"var(--ast-global-color-4)","background-image":"","background-repeat":"repeat","background-position":"center center","background-size":"auto","background-attachment":"scroll","background-type":"","background-media":"","overlay-type":"","overlay-color":"","overlay-opacity":"","overlay-gradient":""},"mobile":{"background-color":"var(--ast-global-color-4)","background-image":"","background-repeat":"repeat","background-position":"center center","background-size":"auto","background-attachment":"scroll","background-type":"","background-media":"","overlay-type":"","overlay-color":"","overlay-opacity":"","overlay-gradient":""}}},"product_brand":[],"product_cat":[169],"product_tag":[],"class_list":{"0":"post-20251","1":"product","2":"type-product","3":"status-publish","4":"has-post-thumbnail","6":"product_cat-kjaeledyrprodukter","7":"pa_52501_hglb6ym3-gronn","8":"pa_52501_hglb6ym3-hvit","9":"pa_52501_hglb6ym3-rosa","10":"desktop-align-left","11":"tablet-align-left","12":"mobile-align-left","14":"first","15":"instock","16":"shipping-taxable","17":"purchasable","18":"product-type-variable"},"yoast_head":"<!-- This site is optimized with the Yoast SEO plugin v26.6 - https:\/\/yoast.com\/wordpress\/plugins\/seo\/ -->\n<title>LED-negleklipper for kj\u00e6ledyr - Mekulo NO<\/title>\n<meta name=\"robots\" content=\"index, follow, max-snippet:-1, max-image-preview:large, max-video-preview:-1\" \/>\n<link rel=\"canonical\" href=\"https:\/\/mekulo.com\/no\/produkt\/led-negleklipper-for-kjaeledyr\/\" \/>\n<meta property=\"og:locale\" content=\"nb_NO\" \/>\n<meta property=\"og:type\" content=\"article\" \/>\n<meta property=\"og:title\" content=\"LED-negleklipper for kj\u00e6ledyr - Mekulo NO\" \/>\n<meta property=\"og:description\" content=\"\ud83d\udc15Med denne LED-negleklipperen kan du klippe og glatte neglene til kj\u00e6ledyret ditt i ett enkelt trinn med mindre stress og mer kontroll. \ud83d\udca1 Innebygd LED-lys viser deg n\u00f8yaktig hvor du skal klippe, noe som bidrar til \u00e5 forhindre smerte, bl\u00f8dninger og ulykker. \ud83e\udec2Dette gj\u00f8r negleklippingen tryggere, raskere og mer behagelig for b\u00e5de deg og kj\u00e6ledyret ditt.\" \/>\n<meta property=\"og:url\" content=\"https:\/\/mekulo.com\/no\/produkt\/led-negleklipper-for-kjaeledyr\/\" \/>\n<meta property=\"og:site_name\" content=\"Mekulo NO\" \/>\n<meta property=\"article:modified_time\" content=\"2026-02-03T15:06:39+00:00\" \/>\n<meta property=\"og:image\" content=\"https:\/\/mekulo.com\/no\/wp-content\/uploads\/sites\/10\/2026\/01\/v5thwgk-1.jpeg\" \/>\n\t<meta property=\"og:image:width\" content=\"800\" \/>\n\t<meta property=\"og:image:height\" content=\"800\" \/>\n\t<meta property=\"og:image:type\" content=\"image\/jpeg\" \/>\n<meta name=\"twitter:card\" content=\"summary_large_image\" \/>\n<meta name=\"twitter:label1\" content=\"Ansl. lesetid\" \/>\n\t<meta name=\"twitter:data1\" content=\"2 minutter\" \/>\n<script type=\"application\/ld+json\" class=\"yoast-schema-graph\">{\"@context\":\"https:\/\/schema.org\",\"@graph\":[{\"@type\":\"WebPage\",\"@id\":\"https:\/\/mekulo.com\/no\/produkt\/led-negleklipper-for-kjaeledyr\/\",\"url\":\"https:\/\/mekulo.com\/no\/produkt\/led-negleklipper-for-kjaeledyr\/\",\"name\":\"LED-negleklipper for kj\u00e6ledyr - Mekulo NO\",\"isPartOf\":{\"@id\":\"https:\/\/mekulo.com\/no\/#website\"},\"primaryImageOfPage\":{\"@id\":\"https:\/\/mekulo.com\/no\/produkt\/led-negleklipper-for-kjaeledyr\/#primaryimage\"},\"image\":{\"@id\":\"https:\/\/mekulo.com\/no\/produkt\/led-negleklipper-for-kjaeledyr\/#primaryimage\"},\"thumbnailUrl\":\"https:\/\/mekulo.com\/no\/wp-content\/uploads\/sites\/10\/2026\/01\/v5thwgk-1.jpeg\",\"datePublished\":\"2026-01-28T13:51:46+00:00\",\"dateModified\":\"2026-02-03T15:06:39+00:00\",\"breadcrumb\":{\"@id\":\"https:\/\/mekulo.com\/no\/produkt\/led-negleklipper-for-kjaeledyr\/#breadcrumb\"},\"inLanguage\":\"nb-NO\",\"potentialAction\":[{\"@type\":\"ReadAction\",\"target\":[\"https:\/\/mekulo.com\/no\/produkt\/led-negleklipper-for-kjaeledyr\/\"]}]},{\"@type\":\"ImageObject\",\"inLanguage\":\"nb-NO\",\"@id\":\"https:\/\/mekulo.com\/no\/produkt\/led-negleklipper-for-kjaeledyr\/#primaryimage\",\"url\":\"https:\/\/mekulo.com\/no\/wp-content\/uploads\/sites\/10\/2026\/01\/v5thwgk-1.jpeg\",\"contentUrl\":\"https:\/\/mekulo.com\/no\/wp-content\/uploads\/sites\/10\/2026\/01\/v5thwgk-1.jpeg\",\"width\":800,\"height\":800},{\"@type\":\"BreadcrumbList\",\"@id\":\"https:\/\/mekulo.com\/no\/produkt\/led-negleklipper-for-kjaeledyr\/#breadcrumb\",\"itemListElement\":[{\"@type\":\"ListItem\",\"position\":1,\"name\":\"Home\",\"item\":\"https:\/\/mekulo.com\/no\/\"},{\"@type\":\"ListItem\",\"position\":2,\"name\":\"Butikk\",\"item\":\"https:\/\/mekulo.com\/no\/butikk\/\"},{\"@type\":\"ListItem\",\"position\":3,\"name\":\"LED-negleklipper for kj\u00e6ledyr\"}]},{\"@type\":\"WebSite\",\"@id\":\"https:\/\/mekulo.com\/no\/#website\",\"url\":\"https:\/\/mekulo.com\/no\/\",\"name\":\"Mekulo NO\",\"description\":\"\",\"publisher\":{\"@id\":\"https:\/\/mekulo.com\/no\/#organization\"},\"potentialAction\":[{\"@type\":\"SearchAction\",\"target\":{\"@type\":\"EntryPoint\",\"urlTemplate\":\"https:\/\/mekulo.com\/no\/?s={search_term_string}\"},\"query-input\":{\"@type\":\"PropertyValueSpecification\",\"valueRequired\":true,\"valueName\":\"search_term_string\"}}],\"inLanguage\":\"nb-NO\"},{\"@type\":\"Organization\",\"@id\":\"https:\/\/mekulo.com\/no\/#organization\",\"name\":\"Mekulo\",\"url\":\"https:\/\/mekulo.com\/no\/\",\"logo\":{\"@type\":\"ImageObject\",\"inLanguage\":\"nb-NO\",\"@id\":\"https:\/\/mekulo.com\/no\/#\/schema\/logo\/image\/\",\"url\":\"https:\/\/mekulo.com\/no\/wp-content\/uploads\/sites\/10\/2025\/12\/favicon_mekulo.png\",\"contentUrl\":\"https:\/\/mekulo.com\/no\/wp-content\/uploads\/sites\/10\/2025\/12\/favicon_mekulo.png\",\"width\":50,\"height\":50,\"caption\":\"Mekulo\"},\"image\":{\"@id\":\"https:\/\/mekulo.com\/no\/#\/schema\/logo\/image\/\"}}]}<\/script>\n<!-- \/ Yoast SEO plugin. -->","yoast_head_json":{"title":"LED-negleklipper for kj\u00e6ledyr - Mekulo NO","robots":{"index":"index","follow":"follow","max-snippet":"max-snippet:-1","max-image-preview":"max-image-preview:large","max-video-preview":"max-video-preview:-1"},"canonical":"https:\/\/mekulo.com\/no\/produkt\/led-negleklipper-for-kjaeledyr\/","og_locale":"nb_NO","og_type":"article","og_title":"LED-negleklipper for kj\u00e6ledyr - Mekulo NO","og_description":"\ud83d\udc15Med denne LED-negleklipperen kan du klippe og glatte neglene til kj\u00e6ledyret ditt i ett enkelt trinn med mindre stress og mer kontroll. \ud83d\udca1 Innebygd LED-lys viser deg n\u00f8yaktig hvor du skal klippe, noe som bidrar til \u00e5 forhindre smerte, bl\u00f8dninger og ulykker. \ud83e\udec2Dette gj\u00f8r negleklippingen tryggere, raskere og mer behagelig for b\u00e5de deg og kj\u00e6ledyret ditt.","og_url":"https:\/\/mekulo.com\/no\/produkt\/led-negleklipper-for-kjaeledyr\/","og_site_name":"Mekulo NO","article_modified_time":"2026-02-03T15:06:39+00:00","og_image":[{"width":800,"height":800,"url":"https:\/\/mekulo.com\/no\/wp-content\/uploads\/sites\/10\/2026\/01\/v5thwgk-1.jpeg","type":"image\/jpeg"}],"twitter_card":"summary_large_image","twitter_misc":{"Ansl. lesetid":"2 minutter"},"schema":{"@context":"https:\/\/schema.org","@graph":[{"@type":"WebPage","@id":"https:\/\/mekulo.com\/no\/produkt\/led-negleklipper-for-kjaeledyr\/","url":"https:\/\/mekulo.com\/no\/produkt\/led-negleklipper-for-kjaeledyr\/","name":"LED-negleklipper for kj\u00e6ledyr - Mekulo NO","isPartOf":{"@id":"https:\/\/mekulo.com\/no\/#website"},"primaryImageOfPage":{"@id":"https:\/\/mekulo.com\/no\/produkt\/led-negleklipper-for-kjaeledyr\/#primaryimage"},"image":{"@id":"https:\/\/mekulo.com\/no\/produkt\/led-negleklipper-for-kjaeledyr\/#primaryimage"},"thumbnailUrl":"https:\/\/mekulo.com\/no\/wp-content\/uploads\/sites\/10\/2026\/01\/v5thwgk-1.jpeg","datePublished":"2026-01-28T13:51:46+00:00","dateModified":"2026-02-03T15:06:39+00:00","breadcrumb":{"@id":"https:\/\/mekulo.com\/no\/produkt\/led-negleklipper-for-kjaeledyr\/#breadcrumb"},"inLanguage":"nb-NO","potentialAction":[{"@type":"ReadAction","target":["https:\/\/mekulo.com\/no\/produkt\/led-negleklipper-for-kjaeledyr\/"]}]},{"@type":"ImageObject","inLanguage":"nb-NO","@id":"https:\/\/mekulo.com\/no\/produkt\/led-negleklipper-for-kjaeledyr\/#primaryimage","url":"https:\/\/mekulo.com\/no\/wp-content\/uploads\/sites\/10\/2026\/01\/v5thwgk-1.jpeg","contentUrl":"https:\/\/mekulo.com\/no\/wp-content\/uploads\/sites\/10\/2026\/01\/v5thwgk-1.jpeg","width":800,"height":800},{"@type":"BreadcrumbList","@id":"https:\/\/mekulo.com\/no\/produkt\/led-negleklipper-for-kjaeledyr\/#breadcrumb","itemListElement":[{"@type":"ListItem","position":1,"name":"Home","item":"https:\/\/mekulo.com\/no\/"},{"@type":"ListItem","position":2,"name":"Butikk","item":"https:\/\/mekulo.com\/no\/butikk\/"},{"@type":"ListItem","position":3,"name":"LED-negleklipper for kj\u00e6ledyr"}]},{"@type":"WebSite","@id":"https:\/\/mekulo.com\/no\/#website","url":"https:\/\/mekulo.com\/no\/","name":"Mekulo NO","description":"","publisher":{"@id":"https:\/\/mekulo.com\/no\/#organization"},"potentialAction":[{"@type":"SearchAction","target":{"@type":"EntryPoint","urlTemplate":"https:\/\/mekulo.com\/no\/?s={search_term_string}"},"query-input":{"@type":"PropertyValueSpecification","valueRequired":true,"valueName":"search_term_string"}}],"inLanguage":"nb-NO"},{"@type":"Organization","@id":"https:\/\/mekulo.com\/no\/#organization","name":"Mekulo","url":"https:\/\/mekulo.com\/no\/","logo":{"@type":"ImageObject","inLanguage":"nb-NO","@id":"https:\/\/mekulo.com\/no\/#\/schema\/logo\/image\/","url":"https:\/\/mekulo.com\/no\/wp-content\/uploads\/sites\/10\/2025\/12\/favicon_mekulo.png","contentUrl":"https:\/\/mekulo.com\/no\/wp-content\/uploads\/sites\/10\/2025\/12\/favicon_mekulo.png","width":50,"height":50,"caption":"Mekulo"},"image":{"@id":"https:\/\/mekulo.com\/no\/#\/schema\/logo\/image\/"}}]}},"_links":{"self":[{"href":"https:\/\/mekulo.com\/no\/wp-json\/wp\/v2\/product\/20251","targetHints":{"allow":["GET"]}}],"collection":[{"href":"https:\/\/mekulo.com\/no\/wp-json\/wp\/v2\/product"}],"about":[{"href":"https:\/\/mekulo.com\/no\/wp-json\/wp\/v2\/types\/product"}],"replies":[{"embeddable":true,"href":"https:\/\/mekulo.com\/no\/wp-json\/wp\/v2\/comments?post=20251"}],"wp:featuredmedia":[{"embeddable":true,"href":"https:\/\/mekulo.com\/no\/wp-json\/wp\/v2\/media\/20247"}],"wp:attachment":[{"href":"https:\/\/mekulo.com\/no\/wp-json\/wp\/v2\/media?parent=20251"}],"wp:term":[{"taxonomy":"product_brand","embeddable":true,"href":"https:\/\/mekulo.com\/no\/wp-json\/wp\/v2\/product_brand?post=20251"},{"taxonomy":"product_cat","embeddable":true,"href":"https:\/\/mekulo.com\/no\/wp-json\/wp\/v2\/product_cat?post=20251"},{"taxonomy":"product_tag","embeddable":true,"href":"https:\/\/mekulo.com\/no\/wp-json\/wp\/v2\/product_tag?post=20251"}],"curies":[{"name":"wp","href":"https:\/\/api.w.org\/{rel}","templated":true}]}}