{"id":20202,"date":"2026-01-28T15:47:19","date_gmt":"2026-01-28T13:47:19","guid":{"rendered":"https:\/\/mekulo.com\/no\/produkt\/2-i-1-solsikkert-drikke-og-snacksbeger\/"},"modified":"2026-01-29T15:45:37","modified_gmt":"2026-01-29T13:45:37","slug":"2-i-1-solsikkert-drikke-og-snacksbeger","status":"publish","type":"product","link":"https:\/\/mekulo.com\/no\/produkt\/2-i-1-solsikkert-drikke-og-snacksbeger\/","title":{"rendered":"2-i-1 s\u00f8lsikkert drikke- og snacksbeger"},"content":{"rendered":"<p style=\"text-align: center;\" data-start=\"108\" data-end=\"178\"><strong>Nyt Snacks Og Drikke Samtidig Med En S\u00f8lsikker Kopp. \ud83c\udf5f<\/strong><\/p>\n<p data-start=\"180\" data-end=\"483\"><img fetchpriority=\"high\" decoding=\"async\" class=\"size-full wp-image-22224 aligncenter\" src=\"https:\/\/mekulo.com\/template\/wp-content\/uploads\/sites\/6\/2026\/01\/S468da714e83e4079b3f4d99d06d64852a.webp\" alt=\"\" width=\"1000\" height=\"1000\" \/><\/p>\n<h2 style=\"text-align: center;\" data-start=\"485\" data-end=\"502\">Hovedfordeler \ud83e\udd64<\/h2>\n<p data-start=\"505\" data-end=\"556\">\ud83e\udd64 2-i-1-design &#8211; Drikk og snacks i en kopp.<\/p>\n<p data-start=\"559\" data-end=\"621\">\ud83c\udf7f Separate rom &#8211; Holder snacks og drikke fra hverandre.<\/p>\n<p data-start=\"624\" data-end=\"681\">\ud83d\udeab S\u00f8lsikkert lokk &#8211; Hjelper med \u00e5 forhindre lekkasjer og s\u00f8l.<\/p>\n<p data-start=\"684\" data-end=\"740\">\ud83c\udf92 Enkel \u00e5 b\u00e6re &#8211; Fest den til ryggsekken eller vesken.<\/p>\n<p data-start=\"743\" data-end=\"792\">\ud83d\ude97 Bilvennlig &#8211; Passer til de fleste koppholdere i bilen.<\/p>\n<p data-start=\"795\" data-end=\"858\">\ud83c\udfac Perfekt for ethvert \u00f8yeblikk &#8211; hjemme, kino, spill eller reise.<\/p>\n<p data-start=\"795\" data-end=\"858\"><img decoding=\"async\" class=\"size-full wp-image-22228 aligncenter\" src=\"https:\/\/mekulo.com\/template\/wp-content\/uploads\/sites\/6\/2026\/01\/8bb9645a-1fa2-4276-b2c0-bbdca7a13823.webp\" alt=\"\" width=\"679\" height=\"679\" \/><\/p>\n<h2 style=\"text-align: center;\" data-start=\"860\" data-end=\"874\">Hvordan Du Bruker \ud83d\udccc<\/h2>\n<ol data-start=\"875\" data-end=\"1133\">\n<li data-start=\"875\" data-end=\"925\">\n<p data-start=\"878\" data-end=\"925\">\u00c5pne det \u00f8verste rommet og legg til snacks.<\/p>\n<\/li>\n<li data-start=\"926\" data-end=\"967\">\n<p data-start=\"929\" data-end=\"967\">Fyll den nederste koppen med drikke.<\/p>\n<\/li>\n<li data-start=\"968\" data-end=\"996\">\n<p data-start=\"971\" data-end=\"996\">Lukk lokket sikkert.<\/p>\n<\/li>\n<li data-start=\"997\" data-end=\"1057\">\n<p data-start=\"1000\" data-end=\"1057\">Bruk suger\u00f8ret til \u00e5 drikke og flip-toppen til \u00e5 ta tak i snacks.<\/p>\n<\/li>\n<li data-start=\"1058\" data-end=\"1133\">\n<p data-start=\"1061\" data-end=\"1133\">B\u00e6r den for h\u00e5nd, fest den til ryggsekken eller plasser den i en koppholder.<\/p>\n<\/li>\n<\/ol>\n<h2 style=\"text-align: center;\" data-start=\"1135\" data-end=\"1154\">Produktdetaljer \ud83d\udccf<\/h2>\n<ul data-start=\"1155\" data-end=\"1323\">\n<li data-start=\"1155\" data-end=\"1172\">\n<p data-start=\"1157\" data-end=\"1172\">Materiale: ABS<\/p>\n<\/li>\n<li data-start=\"1173\" data-end=\"1231\">\n<p data-start=\"1175\" data-end=\"1231\">St\u00f8rrelse: Ca. 12 x 12 x 29 cm<\/p>\n<\/li>\n<li data-start=\"1232\" data-end=\"1277\">\n<p data-start=\"1234\" data-end=\"1277\">Design: Separat snacksk\u00e5l og drikkekopp<\/p>\n<\/li>\n<li data-start=\"1278\" data-end=\"1323\">\n<p data-start=\"1280\" data-end=\"1323\">Lokk: Suger\u00f8rs\u00e5pning og vippelokk for snacks<\/p>\n<\/li>\n<li data-start=\"1278\" data-end=\"1323\">Kapasitet: 900 ml<\/li>\n<\/ul>\n<h2 style=\"text-align: center;\" data-start=\"1325\" data-end=\"1345\">Pakken inneholder \ud83d\udce6<\/h2>\n<ul data-start=\"1346\" data-end=\"1392\">\n<li data-start=\"1346\" data-end=\"1392\">\n<p data-start=\"1348\" data-end=\"1392\">1, 2 x 2-i-1 s\u00f8lsikre snacks- og drikkebeger.<\/p>\n<\/li>\n<\/ul>\n","protected":false},"excerpt":{"rendered":"<p>\ud83c\udf79Med denne s\u00f8lsikre 2-i-1-snacks- og drikkekoppen kan du nippe til favorittdrikken din og spise snacks med bare \u00e9n h\u00e5nd.<br \/>\n\ud83e\udd2fDen holder alt p\u00e5 ett sted, slik at du unng\u00e5r s\u00f8l, rot og \u00e5 b\u00e6re flere beholdere.<br \/>\n\ud83d\udeb6\u200d\u27a1\ufe0fPerfect for travle stunder n\u00e5r du vil ha komfort og bekvemmelighet uten \u00e5 m\u00e5tte avbryte det du gj\u00f8r.<\/p>\n","protected":false},"featured_media":20198,"comment_status":"open","ping_status":"closed","template":"","meta":{"site-sidebar-layout":"default","site-content-layout":"","ast-site-content-layout":"default","site-content-style":"default","site-sidebar-style":"default","ast-global-header-display":"","ast-banner-title-visibility":"","ast-main-header-display":"","ast-hfb-above-header-display":"","ast-hfb-below-header-display":"","ast-hfb-mobile-header-display":"","site-post-title":"","ast-breadcrumbs-content":"","ast-featured-img":"","footer-sml-layout":"","theme-transparent-header-meta":"default","adv-header-id-meta":"","stick-header-meta":"","header-above-stick-meta":"","header-main-stick-meta":"","header-below-stick-meta":"","astra-migrate-meta-layouts":"set","ast-page-background-enabled":"default","ast-page-background-meta":{"desktop":{"background-color":"var(--ast-global-color-5)","background-image":"","background-repeat":"repeat","background-position":"center center","background-size":"auto","background-attachment":"scroll","background-type":"","background-media":"","overlay-type":"","overlay-color":"","overlay-opacity":"","overlay-gradient":""},"tablet":{"background-color":"","background-image":"","background-repeat":"repeat","background-position":"center center","background-size":"auto","background-attachment":"scroll","background-type":"","background-media":"","overlay-type":"","overlay-color":"","overlay-opacity":"","overlay-gradient":""},"mobile":{"background-color":"","background-image":"","background-repeat":"repeat","background-position":"center center","background-size":"auto","background-attachment":"scroll","background-type":"","background-media":"","overlay-type":"","overlay-color":"","overlay-opacity":"","overlay-gradient":""}},"ast-content-background-meta":{"desktop":{"background-color":"var(--ast-global-color-4)","background-image":"","background-repeat":"repeat","background-position":"center center","background-size":"auto","background-attachment":"scroll","background-type":"","background-media":"","overlay-type":"","overlay-color":"","overlay-opacity":"","overlay-gradient":""},"tablet":{"background-color":"var(--ast-global-color-4)","background-image":"","background-repeat":"repeat","background-position":"center center","background-size":"auto","background-attachment":"scroll","background-type":"","background-media":"","overlay-type":"","overlay-color":"","overlay-opacity":"","overlay-gradient":""},"mobile":{"background-color":"var(--ast-global-color-4)","background-image":"","background-repeat":"repeat","background-position":"center center","background-size":"auto","background-attachment":"scroll","background-type":"","background-media":"","overlay-type":"","overlay-color":"","overlay-opacity":"","overlay-gradient":""}}},"product_brand":[],"product_cat":[165,168],"product_tag":[],"class_list":{"0":"post-20202","1":"product","2":"type-product","3":"status-publish","4":"has-post-thumbnail","6":"product_cat-fottoy-tilbehor","7":"product_cat-husholdningsartikler","8":"pa_52107_5fqidgr0-1-stk","9":"pa_52107_5fqidgr0-2-stk","10":"pa_52107_s3mxtjhf-bla","11":"pa_52107_s3mxtjhf-gronn","12":"pa_52107_s3mxtjhf-gul","13":"pa_52107_s3mxtjhf-hvit","14":"pa_52107_s3mxtjhf-lilla","15":"pa_52107_s3mxtjhf-morkebla","16":"pa_52107_s3mxtjhf-oransje","17":"pa_52107_s3mxtjhf-rod","18":"pa_52107_s3mxtjhf-rosenrod","19":"pa_52107_s3mxtjhf-svart","20":"desktop-align-left","21":"tablet-align-left","22":"mobile-align-left","24":"first","25":"instock","26":"shipping-taxable","27":"purchasable","28":"product-type-variable","29":"has-default-attributes"},"yoast_head":"<!-- This site is optimized with the Yoast SEO plugin v26.6 - https:\/\/yoast.com\/wordpress\/plugins\/seo\/ -->\n<title>2-i-1 s\u00f8lsikkert drikke- og snacksbeger - Mekulo NO<\/title>\n<meta name=\"robots\" content=\"index, follow, max-snippet:-1, max-image-preview:large, max-video-preview:-1\" \/>\n<link rel=\"canonical\" href=\"https:\/\/mekulo.com\/no\/produkt\/2-i-1-solsikkert-drikke-og-snacksbeger\/\" \/>\n<meta property=\"og:locale\" content=\"nb_NO\" \/>\n<meta property=\"og:type\" content=\"article\" \/>\n<meta property=\"og:title\" content=\"2-i-1 s\u00f8lsikkert drikke- og snacksbeger - Mekulo NO\" \/>\n<meta property=\"og:description\" content=\"\ud83c\udf79Med denne s\u00f8lsikre 2-i-1-snacks- og drikkekoppen kan du nippe til favorittdrikken din og spise snacks med bare \u00e9n h\u00e5nd. \ud83e\udd2fDen holder alt p\u00e5 ett sted, slik at du unng\u00e5r s\u00f8l, rot og \u00e5 b\u00e6re flere beholdere. \ud83d\udeb6\u200d\u27a1\ufe0fPerfect for travle stunder n\u00e5r du vil ha komfort og bekvemmelighet uten \u00e5 m\u00e5tte avbryte det du gj\u00f8r.\" \/>\n<meta property=\"og:url\" content=\"https:\/\/mekulo.com\/no\/produkt\/2-i-1-solsikkert-drikke-og-snacksbeger\/\" \/>\n<meta property=\"og:site_name\" content=\"Mekulo NO\" \/>\n<meta property=\"article:modified_time\" content=\"2026-01-29T13:45:37+00:00\" \/>\n<meta property=\"og:image\" content=\"https:\/\/mekulo.com\/no\/wp-content\/uploads\/sites\/10\/2026\/01\/7hp98kj-1.webp\" \/>\n\t<meta property=\"og:image:width\" content=\"1001\" \/>\n\t<meta property=\"og:image:height\" content=\"1001\" \/>\n\t<meta property=\"og:image:type\" content=\"image\/webp\" \/>\n<meta name=\"twitter:card\" content=\"summary_large_image\" \/>\n<meta name=\"twitter:label1\" content=\"Ansl. lesetid\" \/>\n\t<meta name=\"twitter:data1\" content=\"2 minutter\" \/>\n<script type=\"application\/ld+json\" class=\"yoast-schema-graph\">{\"@context\":\"https:\/\/schema.org\",\"@graph\":[{\"@type\":\"WebPage\",\"@id\":\"https:\/\/mekulo.com\/no\/produkt\/2-i-1-solsikkert-drikke-og-snacksbeger\/\",\"url\":\"https:\/\/mekulo.com\/no\/produkt\/2-i-1-solsikkert-drikke-og-snacksbeger\/\",\"name\":\"2-i-1 s\u00f8lsikkert drikke- og snacksbeger - Mekulo NO\",\"isPartOf\":{\"@id\":\"https:\/\/mekulo.com\/no\/#website\"},\"primaryImageOfPage\":{\"@id\":\"https:\/\/mekulo.com\/no\/produkt\/2-i-1-solsikkert-drikke-og-snacksbeger\/#primaryimage\"},\"image\":{\"@id\":\"https:\/\/mekulo.com\/no\/produkt\/2-i-1-solsikkert-drikke-og-snacksbeger\/#primaryimage\"},\"thumbnailUrl\":\"https:\/\/mekulo.com\/no\/wp-content\/uploads\/sites\/10\/2026\/01\/7hp98kj-1.webp\",\"datePublished\":\"2026-01-28T13:47:19+00:00\",\"dateModified\":\"2026-01-29T13:45:37+00:00\",\"breadcrumb\":{\"@id\":\"https:\/\/mekulo.com\/no\/produkt\/2-i-1-solsikkert-drikke-og-snacksbeger\/#breadcrumb\"},\"inLanguage\":\"nb-NO\",\"potentialAction\":[{\"@type\":\"ReadAction\",\"target\":[\"https:\/\/mekulo.com\/no\/produkt\/2-i-1-solsikkert-drikke-og-snacksbeger\/\"]}]},{\"@type\":\"ImageObject\",\"inLanguage\":\"nb-NO\",\"@id\":\"https:\/\/mekulo.com\/no\/produkt\/2-i-1-solsikkert-drikke-og-snacksbeger\/#primaryimage\",\"url\":\"https:\/\/mekulo.com\/no\/wp-content\/uploads\/sites\/10\/2026\/01\/7hp98kj-1.webp\",\"contentUrl\":\"https:\/\/mekulo.com\/no\/wp-content\/uploads\/sites\/10\/2026\/01\/7hp98kj-1.webp\",\"width\":1001,\"height\":1001},{\"@type\":\"BreadcrumbList\",\"@id\":\"https:\/\/mekulo.com\/no\/produkt\/2-i-1-solsikkert-drikke-og-snacksbeger\/#breadcrumb\",\"itemListElement\":[{\"@type\":\"ListItem\",\"position\":1,\"name\":\"Home\",\"item\":\"https:\/\/mekulo.com\/no\/\"},{\"@type\":\"ListItem\",\"position\":2,\"name\":\"Butikk\",\"item\":\"https:\/\/mekulo.com\/no\/butikk\/\"},{\"@type\":\"ListItem\",\"position\":3,\"name\":\"2-i-1 s\u00f8lsikkert drikke- og snacksbeger\"}]},{\"@type\":\"WebSite\",\"@id\":\"https:\/\/mekulo.com\/no\/#website\",\"url\":\"https:\/\/mekulo.com\/no\/\",\"name\":\"Mekulo NO\",\"description\":\"\",\"publisher\":{\"@id\":\"https:\/\/mekulo.com\/no\/#organization\"},\"potentialAction\":[{\"@type\":\"SearchAction\",\"target\":{\"@type\":\"EntryPoint\",\"urlTemplate\":\"https:\/\/mekulo.com\/no\/?s={search_term_string}\"},\"query-input\":{\"@type\":\"PropertyValueSpecification\",\"valueRequired\":true,\"valueName\":\"search_term_string\"}}],\"inLanguage\":\"nb-NO\"},{\"@type\":\"Organization\",\"@id\":\"https:\/\/mekulo.com\/no\/#organization\",\"name\":\"Mekulo\",\"url\":\"https:\/\/mekulo.com\/no\/\",\"logo\":{\"@type\":\"ImageObject\",\"inLanguage\":\"nb-NO\",\"@id\":\"https:\/\/mekulo.com\/no\/#\/schema\/logo\/image\/\",\"url\":\"https:\/\/mekulo.com\/no\/wp-content\/uploads\/sites\/10\/2025\/12\/favicon_mekulo.png\",\"contentUrl\":\"https:\/\/mekulo.com\/no\/wp-content\/uploads\/sites\/10\/2025\/12\/favicon_mekulo.png\",\"width\":50,\"height\":50,\"caption\":\"Mekulo\"},\"image\":{\"@id\":\"https:\/\/mekulo.com\/no\/#\/schema\/logo\/image\/\"}}]}<\/script>\n<!-- \/ Yoast SEO plugin. -->","yoast_head_json":{"title":"2-i-1 s\u00f8lsikkert drikke- og snacksbeger - Mekulo NO","robots":{"index":"index","follow":"follow","max-snippet":"max-snippet:-1","max-image-preview":"max-image-preview:large","max-video-preview":"max-video-preview:-1"},"canonical":"https:\/\/mekulo.com\/no\/produkt\/2-i-1-solsikkert-drikke-og-snacksbeger\/","og_locale":"nb_NO","og_type":"article","og_title":"2-i-1 s\u00f8lsikkert drikke- og snacksbeger - Mekulo NO","og_description":"\ud83c\udf79Med denne s\u00f8lsikre 2-i-1-snacks- og drikkekoppen kan du nippe til favorittdrikken din og spise snacks med bare \u00e9n h\u00e5nd. \ud83e\udd2fDen holder alt p\u00e5 ett sted, slik at du unng\u00e5r s\u00f8l, rot og \u00e5 b\u00e6re flere beholdere. \ud83d\udeb6\u200d\u27a1\ufe0fPerfect for travle stunder n\u00e5r du vil ha komfort og bekvemmelighet uten \u00e5 m\u00e5tte avbryte det du gj\u00f8r.","og_url":"https:\/\/mekulo.com\/no\/produkt\/2-i-1-solsikkert-drikke-og-snacksbeger\/","og_site_name":"Mekulo NO","article_modified_time":"2026-01-29T13:45:37+00:00","og_image":[{"width":1001,"height":1001,"url":"https:\/\/mekulo.com\/no\/wp-content\/uploads\/sites\/10\/2026\/01\/7hp98kj-1.webp","type":"image\/webp"}],"twitter_card":"summary_large_image","twitter_misc":{"Ansl. lesetid":"2 minutter"},"schema":{"@context":"https:\/\/schema.org","@graph":[{"@type":"WebPage","@id":"https:\/\/mekulo.com\/no\/produkt\/2-i-1-solsikkert-drikke-og-snacksbeger\/","url":"https:\/\/mekulo.com\/no\/produkt\/2-i-1-solsikkert-drikke-og-snacksbeger\/","name":"2-i-1 s\u00f8lsikkert drikke- og snacksbeger - Mekulo NO","isPartOf":{"@id":"https:\/\/mekulo.com\/no\/#website"},"primaryImageOfPage":{"@id":"https:\/\/mekulo.com\/no\/produkt\/2-i-1-solsikkert-drikke-og-snacksbeger\/#primaryimage"},"image":{"@id":"https:\/\/mekulo.com\/no\/produkt\/2-i-1-solsikkert-drikke-og-snacksbeger\/#primaryimage"},"thumbnailUrl":"https:\/\/mekulo.com\/no\/wp-content\/uploads\/sites\/10\/2026\/01\/7hp98kj-1.webp","datePublished":"2026-01-28T13:47:19+00:00","dateModified":"2026-01-29T13:45:37+00:00","breadcrumb":{"@id":"https:\/\/mekulo.com\/no\/produkt\/2-i-1-solsikkert-drikke-og-snacksbeger\/#breadcrumb"},"inLanguage":"nb-NO","potentialAction":[{"@type":"ReadAction","target":["https:\/\/mekulo.com\/no\/produkt\/2-i-1-solsikkert-drikke-og-snacksbeger\/"]}]},{"@type":"ImageObject","inLanguage":"nb-NO","@id":"https:\/\/mekulo.com\/no\/produkt\/2-i-1-solsikkert-drikke-og-snacksbeger\/#primaryimage","url":"https:\/\/mekulo.com\/no\/wp-content\/uploads\/sites\/10\/2026\/01\/7hp98kj-1.webp","contentUrl":"https:\/\/mekulo.com\/no\/wp-content\/uploads\/sites\/10\/2026\/01\/7hp98kj-1.webp","width":1001,"height":1001},{"@type":"BreadcrumbList","@id":"https:\/\/mekulo.com\/no\/produkt\/2-i-1-solsikkert-drikke-og-snacksbeger\/#breadcrumb","itemListElement":[{"@type":"ListItem","position":1,"name":"Home","item":"https:\/\/mekulo.com\/no\/"},{"@type":"ListItem","position":2,"name":"Butikk","item":"https:\/\/mekulo.com\/no\/butikk\/"},{"@type":"ListItem","position":3,"name":"2-i-1 s\u00f8lsikkert drikke- og snacksbeger"}]},{"@type":"WebSite","@id":"https:\/\/mekulo.com\/no\/#website","url":"https:\/\/mekulo.com\/no\/","name":"Mekulo NO","description":"","publisher":{"@id":"https:\/\/mekulo.com\/no\/#organization"},"potentialAction":[{"@type":"SearchAction","target":{"@type":"EntryPoint","urlTemplate":"https:\/\/mekulo.com\/no\/?s={search_term_string}"},"query-input":{"@type":"PropertyValueSpecification","valueRequired":true,"valueName":"search_term_string"}}],"inLanguage":"nb-NO"},{"@type":"Organization","@id":"https:\/\/mekulo.com\/no\/#organization","name":"Mekulo","url":"https:\/\/mekulo.com\/no\/","logo":{"@type":"ImageObject","inLanguage":"nb-NO","@id":"https:\/\/mekulo.com\/no\/#\/schema\/logo\/image\/","url":"https:\/\/mekulo.com\/no\/wp-content\/uploads\/sites\/10\/2025\/12\/favicon_mekulo.png","contentUrl":"https:\/\/mekulo.com\/no\/wp-content\/uploads\/sites\/10\/2025\/12\/favicon_mekulo.png","width":50,"height":50,"caption":"Mekulo"},"image":{"@id":"https:\/\/mekulo.com\/no\/#\/schema\/logo\/image\/"}}]}},"_links":{"self":[{"href":"https:\/\/mekulo.com\/no\/wp-json\/wp\/v2\/product\/20202","targetHints":{"allow":["GET"]}}],"collection":[{"href":"https:\/\/mekulo.com\/no\/wp-json\/wp\/v2\/product"}],"about":[{"href":"https:\/\/mekulo.com\/no\/wp-json\/wp\/v2\/types\/product"}],"replies":[{"embeddable":true,"href":"https:\/\/mekulo.com\/no\/wp-json\/wp\/v2\/comments?post=20202"}],"wp:featuredmedia":[{"embeddable":true,"href":"https:\/\/mekulo.com\/no\/wp-json\/wp\/v2\/media\/20198"}],"wp:attachment":[{"href":"https:\/\/mekulo.com\/no\/wp-json\/wp\/v2\/media?parent=20202"}],"wp:term":[{"taxonomy":"product_brand","embeddable":true,"href":"https:\/\/mekulo.com\/no\/wp-json\/wp\/v2\/product_brand?post=20202"},{"taxonomy":"product_cat","embeddable":true,"href":"https:\/\/mekulo.com\/no\/wp-json\/wp\/v2\/product_cat?post=20202"},{"taxonomy":"product_tag","embeddable":true,"href":"https:\/\/mekulo.com\/no\/wp-json\/wp\/v2\/product_tag?post=20202"}],"curies":[{"name":"wp","href":"https:\/\/api.w.org\/{rel}","templated":true}]}}