{"id":20181,"date":"2026-01-28T15:45:23","date_gmt":"2026-01-28T13:45:23","guid":{"rendered":"https:\/\/mekulo.com\/no\/produkt\/kjaeledyrstelt\/"},"modified":"2026-02-10T11:34:47","modified_gmt":"2026-02-10T09:34:47","slug":"kjaeledyrstelt","status":"publish","type":"product","link":"https:\/\/mekulo.com\/no\/produkt\/kjaeledyrstelt\/","title":{"rendered":"Kj\u00e6ledyrstelt"},"content":{"rendered":"<p style=\"text-align: center\" data-start=\"14\" data-end=\"82\"><strong data-start=\"14\" data-end=\"82\">Et koselig og sikkert gjemmested som holder kj\u00e6ledyret ditt varmt og avslappet. \ud83d\udc31<\/strong><\/p>\n<p data-start=\"14\" data-end=\"82\"><img decoding=\"async\" class=\"size-full wp-image-22208 aligncenter\" src=\"https:\/\/mekulo.com\/template\/wp-content\/uploads\/sites\/6\/2026\/01\/190cb0da4197b016db80445f17f9ddfdd60bbcf0.avif\" alt=\"\" \/><\/p>\n<h2 style=\"text-align: center\" data-start=\"559\" data-end=\"576\"><strong>Hovedfordeler \ud83d\udc08<\/strong><\/h2>\n<p data-start=\"578\" data-end=\"669\">\ud83d\udc3e Varmt og koselig interi\u00f8r &#8211; Myk fleece og tykk polstring holder kj\u00e6ledyr varme og komfortable.<\/p>\n<p data-start=\"671\" data-end=\"751\">\ud83c\udfe0 Semi-lukket design &#8211; Skaper et privat rom som hjelper kj\u00e6ledyr \u00e5 f\u00f8le seg trygge.<\/p>\n<p data-start=\"753\" data-end=\"832\">\ud83e\uddfc Avtakbar og vaskbar bunn &#8211; Bunn med glidel\u00e5s gj\u00f8r det enkelt \u00e5 vaske i maskin.<\/p>\n<p data-start=\"834\" data-end=\"915\">\ud83e\uddf2 Sklisikker bunn &#8211; Oxford-bunn hjelper til med \u00e5 holde teltet stabilt p\u00e5 glatte gulv.<\/p>\n<p data-start=\"917\" data-end=\"1001\">\ud83c\udf2c Pustende struktur &#8211; fremmer luftgjennomstr\u00f8mning for et friskt og behagelig milj\u00f8.<\/p>\n<p data-start=\"917\" data-end=\"1001\"><img fetchpriority=\"high\" decoding=\"async\" class=\"size-full wp-image-22210 aligncenter\" src=\"https:\/\/mekulo.com\/template\/wp-content\/uploads\/sites\/6\/2026\/01\/S72c1d91ce016483b8e59e6b97f62542c3.webp\" alt=\"\" width=\"1200\" height=\"1200\" \/><\/p>\n<h2 style=\"text-align: center\" data-start=\"1008\" data-end=\"1022\"><strong>Hvordan Bruke \ud83d\udccc<\/strong><\/h2>\n<ol data-start=\"1024\" data-end=\"1235\">\n<li data-start=\"1024\" data-end=\"1073\">\n<p data-start=\"1027\" data-end=\"1073\">Plasser kj\u00e6ledyrteltet p\u00e5 en flat innend\u00f8rs overflate.<\/p>\n<\/li>\n<li data-start=\"1074\" data-end=\"1128\">\n<p data-start=\"1077\" data-end=\"1128\">La kj\u00e6ledyret ditt komme fritt inn gjennom den \u00e5pne fronten.<\/p>\n<\/li>\n<li data-start=\"1129\" data-end=\"1180\">\n<p data-start=\"1132\" data-end=\"1180\">Fjern bunnputen n\u00e5r rengj\u00f8ring er n\u00f8dvendig.<\/p>\n<\/li>\n<li data-start=\"1181\" data-end=\"1235\">\n<p data-start=\"1184\" data-end=\"1235\">Vask puten i maskinen og sett den sammen igjen etter t\u00f8rking.<\/p>\n<\/li>\n<\/ol>\n<h2 style=\"text-align: center\" data-start=\"1242\" data-end=\"1261\"><strong>Produktdetaljer \ud83d\udccf<\/strong><\/h2>\n<ul data-start=\"1263\" data-end=\"1534\">\n<li data-start=\"1263\" data-end=\"1314\">\n<p data-start=\"1265\" data-end=\"1314\">Materiale: Fleece + PP bomull + polyester stoff<\/p>\n<\/li>\n<li data-start=\"1315\" data-end=\"1348\">\n<p data-start=\"1317\" data-end=\"1348\">Bunn: Sklisikker Oxford-klut<\/p>\n<\/li>\n<li data-start=\"1349\" data-end=\"1400\">\n<p data-start=\"1351\" data-end=\"1400\">Design: Semi-lukket med pustende struktur<\/p>\n<\/li>\n<li data-start=\"1401\" data-end=\"1445\">\n<p data-start=\"1403\" data-end=\"1445\">Egnet for: Innend\u00f8rs katter og sm\u00e5 hunder<\/p>\n<\/li>\n<li data-start=\"1485\" data-end=\"1534\">\n<p data-start=\"1487\" data-end=\"1534\">Rengj\u00f8ring: Avtakbar og maskinvaskbar bunn<\/p>\n<\/li>\n<li data-start=\"1485\" data-end=\"1534\">St\u00f8rrelse: S (3 kg) (35 x 35 x 30 cm) , M (5 kg) (40 x 40 x 35 cm), L (7,5 kg) (50 x 50 x 45 cm)<\/li>\n<\/ul>\n<h2 style=\"text-align: center\" data-start=\"1541\" data-end=\"1561\"><strong>Pakken inkluderer \ud83d\udce6<\/strong><\/h2>\n<ul data-start=\"1563\" data-end=\"1579\">\n<li data-start=\"1563\" data-end=\"1579\">\n<p data-start=\"1565\" data-end=\"1579\">1x kj\u00e6ledyrtelt.<\/p>\n<\/li>\n<\/ul>\n","protected":false},"excerpt":{"rendered":"<p>\ud83d\udc08\u200d\u2b1bDette kj\u00e6ledyrtelt skaper et mykt, halvlukket rom der katter og sm\u00e5 hunder kan hvile komfortabelt.<br \/>\n\u26faDet gir varme, privatliv og et trygt sted for kj\u00e6ledyret ditt \u00e5 sove og f\u00f8le seg rolig innend\u00f8rs.<br \/>\n\ud83d\udca4Det halvlukkede designet gir kj\u00e6ledyr en f\u00f8lelse av trygghet uten \u00e5 f\u00f8le seg innestengt. Den er perfekt for daglige lur, nattes\u00f8vn eller stille avslapning.<\/p>\n","protected":false},"featured_media":20177,"comment_status":"open","ping_status":"closed","template":"","meta":{"site-sidebar-layout":"default","site-content-layout":"","ast-site-content-layout":"default","site-content-style":"default","site-sidebar-style":"default","ast-global-header-display":"","ast-banner-title-visibility":"","ast-main-header-display":"","ast-hfb-above-header-display":"","ast-hfb-below-header-display":"","ast-hfb-mobile-header-display":"","site-post-title":"","ast-breadcrumbs-content":"","ast-featured-img":"","footer-sml-layout":"","theme-transparent-header-meta":"default","adv-header-id-meta":"","stick-header-meta":"","header-above-stick-meta":"","header-main-stick-meta":"","header-below-stick-meta":"","astra-migrate-meta-layouts":"set","ast-page-background-enabled":"default","ast-page-background-meta":{"desktop":{"background-color":"var(--ast-global-color-5)","background-image":"","background-repeat":"repeat","background-position":"center center","background-size":"auto","background-attachment":"scroll","background-type":"","background-media":"","overlay-type":"","overlay-color":"","overlay-opacity":"","overlay-gradient":""},"tablet":{"background-color":"","background-image":"","background-repeat":"repeat","background-position":"center center","background-size":"auto","background-attachment":"scroll","background-type":"","background-media":"","overlay-type":"","overlay-color":"","overlay-opacity":"","overlay-gradient":""},"mobile":{"background-color":"","background-image":"","background-repeat":"repeat","background-position":"center center","background-size":"auto","background-attachment":"scroll","background-type":"","background-media":"","overlay-type":"","overlay-color":"","overlay-opacity":"","overlay-gradient":""}},"ast-content-background-meta":{"desktop":{"background-color":"var(--ast-global-color-4)","background-image":"","background-repeat":"repeat","background-position":"center center","background-size":"auto","background-attachment":"scroll","background-type":"","background-media":"","overlay-type":"","overlay-color":"","overlay-opacity":"","overlay-gradient":""},"tablet":{"background-color":"var(--ast-global-color-4)","background-image":"","background-repeat":"repeat","background-position":"center center","background-size":"auto","background-attachment":"scroll","background-type":"","background-media":"","overlay-type":"","overlay-color":"","overlay-opacity":"","overlay-gradient":""},"mobile":{"background-color":"var(--ast-global-color-4)","background-image":"","background-repeat":"repeat","background-position":"center center","background-size":"auto","background-attachment":"scroll","background-type":"","background-media":"","overlay-type":"","overlay-color":"","overlay-opacity":"","overlay-gradient":""}}},"product_brand":[],"product_cat":[169],"product_tag":[],"class_list":{"0":"post-20181","1":"product","2":"type-product","3":"status-publish","4":"has-post-thumbnail","6":"product_cat-kjaeledyrprodukter","7":"pa_51988_a9rpbcdy-gronn","8":"pa_51988_a9rpbcdy-hvit","9":"pa_51988_d419f9el-l","10":"pa_51988_d419f9el-m","11":"pa_51988_d419f9el-s","12":"desktop-align-left","13":"tablet-align-left","14":"mobile-align-left","16":"first","17":"instock","18":"shipping-taxable","19":"purchasable","20":"product-type-variable","21":"has-default-attributes"},"yoast_head":"<!-- This site is optimized with the Yoast SEO plugin v26.6 - https:\/\/yoast.com\/wordpress\/plugins\/seo\/ -->\n<title>Kj\u00e6ledyrstelt - Mekulo NO<\/title>\n<meta name=\"robots\" content=\"index, follow, max-snippet:-1, max-image-preview:large, max-video-preview:-1\" \/>\n<link rel=\"canonical\" href=\"https:\/\/mekulo.com\/no\/produkt\/kjaeledyrstelt\/\" \/>\n<meta property=\"og:locale\" content=\"nb_NO\" \/>\n<meta property=\"og:type\" content=\"article\" \/>\n<meta property=\"og:title\" content=\"Kj\u00e6ledyrstelt - Mekulo NO\" \/>\n<meta property=\"og:description\" content=\"\ud83d\udc08\u200d\u2b1bDette kj\u00e6ledyrtelt skaper et mykt, halvlukket rom der katter og sm\u00e5 hunder kan hvile komfortabelt. \u26faDet gir varme, privatliv og et trygt sted for kj\u00e6ledyret ditt \u00e5 sove og f\u00f8le seg rolig innend\u00f8rs. \ud83d\udca4Det halvlukkede designet gir kj\u00e6ledyr en f\u00f8lelse av trygghet uten \u00e5 f\u00f8le seg innestengt. Den er perfekt for daglige lur, nattes\u00f8vn eller stille avslapning.\" \/>\n<meta property=\"og:url\" content=\"https:\/\/mekulo.com\/no\/produkt\/kjaeledyrstelt\/\" \/>\n<meta property=\"og:site_name\" content=\"Mekulo NO\" \/>\n<meta property=\"article:modified_time\" content=\"2026-02-10T09:34:47+00:00\" \/>\n<meta property=\"og:image\" content=\"https:\/\/mekulo.com\/no\/wp-content\/uploads\/sites\/10\/2026\/01\/xed7a4g-1.jpg\" \/>\n\t<meta property=\"og:image:width\" content=\"700\" \/>\n\t<meta property=\"og:image:height\" content=\"700\" \/>\n\t<meta property=\"og:image:type\" content=\"image\/jpeg\" \/>\n<meta name=\"twitter:card\" content=\"summary_large_image\" \/>\n<meta name=\"twitter:label1\" content=\"Ansl. lesetid\" \/>\n\t<meta name=\"twitter:data1\" content=\"2 minutter\" \/>\n<script type=\"application\/ld+json\" class=\"yoast-schema-graph\">{\"@context\":\"https:\/\/schema.org\",\"@graph\":[{\"@type\":\"WebPage\",\"@id\":\"https:\/\/mekulo.com\/no\/produkt\/kjaeledyrstelt\/\",\"url\":\"https:\/\/mekulo.com\/no\/produkt\/kjaeledyrstelt\/\",\"name\":\"Kj\u00e6ledyrstelt - Mekulo NO\",\"isPartOf\":{\"@id\":\"https:\/\/mekulo.com\/no\/#website\"},\"primaryImageOfPage\":{\"@id\":\"https:\/\/mekulo.com\/no\/produkt\/kjaeledyrstelt\/#primaryimage\"},\"image\":{\"@id\":\"https:\/\/mekulo.com\/no\/produkt\/kjaeledyrstelt\/#primaryimage\"},\"thumbnailUrl\":\"https:\/\/mekulo.com\/no\/wp-content\/uploads\/sites\/10\/2026\/01\/xed7a4g-1.jpg\",\"datePublished\":\"2026-01-28T13:45:23+00:00\",\"dateModified\":\"2026-02-10T09:34:47+00:00\",\"breadcrumb\":{\"@id\":\"https:\/\/mekulo.com\/no\/produkt\/kjaeledyrstelt\/#breadcrumb\"},\"inLanguage\":\"nb-NO\",\"potentialAction\":[{\"@type\":\"ReadAction\",\"target\":[\"https:\/\/mekulo.com\/no\/produkt\/kjaeledyrstelt\/\"]}]},{\"@type\":\"ImageObject\",\"inLanguage\":\"nb-NO\",\"@id\":\"https:\/\/mekulo.com\/no\/produkt\/kjaeledyrstelt\/#primaryimage\",\"url\":\"https:\/\/mekulo.com\/no\/wp-content\/uploads\/sites\/10\/2026\/01\/xed7a4g-1.jpg\",\"contentUrl\":\"https:\/\/mekulo.com\/no\/wp-content\/uploads\/sites\/10\/2026\/01\/xed7a4g-1.jpg\",\"width\":700,\"height\":700},{\"@type\":\"BreadcrumbList\",\"@id\":\"https:\/\/mekulo.com\/no\/produkt\/kjaeledyrstelt\/#breadcrumb\",\"itemListElement\":[{\"@type\":\"ListItem\",\"position\":1,\"name\":\"Home\",\"item\":\"https:\/\/mekulo.com\/no\/\"},{\"@type\":\"ListItem\",\"position\":2,\"name\":\"Butikk\",\"item\":\"https:\/\/mekulo.com\/no\/butikk\/\"},{\"@type\":\"ListItem\",\"position\":3,\"name\":\"Kj\u00e6ledyrstelt\"}]},{\"@type\":\"WebSite\",\"@id\":\"https:\/\/mekulo.com\/no\/#website\",\"url\":\"https:\/\/mekulo.com\/no\/\",\"name\":\"Mekulo NO\",\"description\":\"\",\"publisher\":{\"@id\":\"https:\/\/mekulo.com\/no\/#organization\"},\"potentialAction\":[{\"@type\":\"SearchAction\",\"target\":{\"@type\":\"EntryPoint\",\"urlTemplate\":\"https:\/\/mekulo.com\/no\/?s={search_term_string}\"},\"query-input\":{\"@type\":\"PropertyValueSpecification\",\"valueRequired\":true,\"valueName\":\"search_term_string\"}}],\"inLanguage\":\"nb-NO\"},{\"@type\":\"Organization\",\"@id\":\"https:\/\/mekulo.com\/no\/#organization\",\"name\":\"Mekulo\",\"url\":\"https:\/\/mekulo.com\/no\/\",\"logo\":{\"@type\":\"ImageObject\",\"inLanguage\":\"nb-NO\",\"@id\":\"https:\/\/mekulo.com\/no\/#\/schema\/logo\/image\/\",\"url\":\"https:\/\/mekulo.com\/no\/wp-content\/uploads\/sites\/10\/2025\/12\/favicon_mekulo.png\",\"contentUrl\":\"https:\/\/mekulo.com\/no\/wp-content\/uploads\/sites\/10\/2025\/12\/favicon_mekulo.png\",\"width\":50,\"height\":50,\"caption\":\"Mekulo\"},\"image\":{\"@id\":\"https:\/\/mekulo.com\/no\/#\/schema\/logo\/image\/\"}}]}<\/script>\n<!-- \/ Yoast SEO plugin. -->","yoast_head_json":{"title":"Kj\u00e6ledyrstelt - Mekulo NO","robots":{"index":"index","follow":"follow","max-snippet":"max-snippet:-1","max-image-preview":"max-image-preview:large","max-video-preview":"max-video-preview:-1"},"canonical":"https:\/\/mekulo.com\/no\/produkt\/kjaeledyrstelt\/","og_locale":"nb_NO","og_type":"article","og_title":"Kj\u00e6ledyrstelt - Mekulo NO","og_description":"\ud83d\udc08\u200d\u2b1bDette kj\u00e6ledyrtelt skaper et mykt, halvlukket rom der katter og sm\u00e5 hunder kan hvile komfortabelt. \u26faDet gir varme, privatliv og et trygt sted for kj\u00e6ledyret ditt \u00e5 sove og f\u00f8le seg rolig innend\u00f8rs. \ud83d\udca4Det halvlukkede designet gir kj\u00e6ledyr en f\u00f8lelse av trygghet uten \u00e5 f\u00f8le seg innestengt. Den er perfekt for daglige lur, nattes\u00f8vn eller stille avslapning.","og_url":"https:\/\/mekulo.com\/no\/produkt\/kjaeledyrstelt\/","og_site_name":"Mekulo NO","article_modified_time":"2026-02-10T09:34:47+00:00","og_image":[{"width":700,"height":700,"url":"https:\/\/mekulo.com\/no\/wp-content\/uploads\/sites\/10\/2026\/01\/xed7a4g-1.jpg","type":"image\/jpeg"}],"twitter_card":"summary_large_image","twitter_misc":{"Ansl. lesetid":"2 minutter"},"schema":{"@context":"https:\/\/schema.org","@graph":[{"@type":"WebPage","@id":"https:\/\/mekulo.com\/no\/produkt\/kjaeledyrstelt\/","url":"https:\/\/mekulo.com\/no\/produkt\/kjaeledyrstelt\/","name":"Kj\u00e6ledyrstelt - Mekulo NO","isPartOf":{"@id":"https:\/\/mekulo.com\/no\/#website"},"primaryImageOfPage":{"@id":"https:\/\/mekulo.com\/no\/produkt\/kjaeledyrstelt\/#primaryimage"},"image":{"@id":"https:\/\/mekulo.com\/no\/produkt\/kjaeledyrstelt\/#primaryimage"},"thumbnailUrl":"https:\/\/mekulo.com\/no\/wp-content\/uploads\/sites\/10\/2026\/01\/xed7a4g-1.jpg","datePublished":"2026-01-28T13:45:23+00:00","dateModified":"2026-02-10T09:34:47+00:00","breadcrumb":{"@id":"https:\/\/mekulo.com\/no\/produkt\/kjaeledyrstelt\/#breadcrumb"},"inLanguage":"nb-NO","potentialAction":[{"@type":"ReadAction","target":["https:\/\/mekulo.com\/no\/produkt\/kjaeledyrstelt\/"]}]},{"@type":"ImageObject","inLanguage":"nb-NO","@id":"https:\/\/mekulo.com\/no\/produkt\/kjaeledyrstelt\/#primaryimage","url":"https:\/\/mekulo.com\/no\/wp-content\/uploads\/sites\/10\/2026\/01\/xed7a4g-1.jpg","contentUrl":"https:\/\/mekulo.com\/no\/wp-content\/uploads\/sites\/10\/2026\/01\/xed7a4g-1.jpg","width":700,"height":700},{"@type":"BreadcrumbList","@id":"https:\/\/mekulo.com\/no\/produkt\/kjaeledyrstelt\/#breadcrumb","itemListElement":[{"@type":"ListItem","position":1,"name":"Home","item":"https:\/\/mekulo.com\/no\/"},{"@type":"ListItem","position":2,"name":"Butikk","item":"https:\/\/mekulo.com\/no\/butikk\/"},{"@type":"ListItem","position":3,"name":"Kj\u00e6ledyrstelt"}]},{"@type":"WebSite","@id":"https:\/\/mekulo.com\/no\/#website","url":"https:\/\/mekulo.com\/no\/","name":"Mekulo NO","description":"","publisher":{"@id":"https:\/\/mekulo.com\/no\/#organization"},"potentialAction":[{"@type":"SearchAction","target":{"@type":"EntryPoint","urlTemplate":"https:\/\/mekulo.com\/no\/?s={search_term_string}"},"query-input":{"@type":"PropertyValueSpecification","valueRequired":true,"valueName":"search_term_string"}}],"inLanguage":"nb-NO"},{"@type":"Organization","@id":"https:\/\/mekulo.com\/no\/#organization","name":"Mekulo","url":"https:\/\/mekulo.com\/no\/","logo":{"@type":"ImageObject","inLanguage":"nb-NO","@id":"https:\/\/mekulo.com\/no\/#\/schema\/logo\/image\/","url":"https:\/\/mekulo.com\/no\/wp-content\/uploads\/sites\/10\/2025\/12\/favicon_mekulo.png","contentUrl":"https:\/\/mekulo.com\/no\/wp-content\/uploads\/sites\/10\/2025\/12\/favicon_mekulo.png","width":50,"height":50,"caption":"Mekulo"},"image":{"@id":"https:\/\/mekulo.com\/no\/#\/schema\/logo\/image\/"}}]}},"_links":{"self":[{"href":"https:\/\/mekulo.com\/no\/wp-json\/wp\/v2\/product\/20181","targetHints":{"allow":["GET"]}}],"collection":[{"href":"https:\/\/mekulo.com\/no\/wp-json\/wp\/v2\/product"}],"about":[{"href":"https:\/\/mekulo.com\/no\/wp-json\/wp\/v2\/types\/product"}],"replies":[{"embeddable":true,"href":"https:\/\/mekulo.com\/no\/wp-json\/wp\/v2\/comments?post=20181"}],"wp:featuredmedia":[{"embeddable":true,"href":"https:\/\/mekulo.com\/no\/wp-json\/wp\/v2\/media\/20177"}],"wp:attachment":[{"href":"https:\/\/mekulo.com\/no\/wp-json\/wp\/v2\/media?parent=20181"}],"wp:term":[{"taxonomy":"product_brand","embeddable":true,"href":"https:\/\/mekulo.com\/no\/wp-json\/wp\/v2\/product_brand?post=20181"},{"taxonomy":"product_cat","embeddable":true,"href":"https:\/\/mekulo.com\/no\/wp-json\/wp\/v2\/product_cat?post=20181"},{"taxonomy":"product_tag","embeddable":true,"href":"https:\/\/mekulo.com\/no\/wp-json\/wp\/v2\/product_tag?post=20181"}],"curies":[{"name":"wp","href":"https:\/\/api.w.org\/{rel}","templated":true}]}}