{"id":20146,"date":"2026-01-28T15:43:29","date_gmt":"2026-01-28T13:43:29","guid":{"rendered":"https:\/\/mekulo.com\/no\/produkt\/caps-rengjoringsassistent\/"},"modified":"2026-02-03T17:57:57","modified_gmt":"2026-02-03T15:57:57","slug":"caps-rengjoringsassistent","status":"publish","type":"product","link":"https:\/\/mekulo.com\/no\/produkt\/caps-rengjoringsassistent\/","title":{"rendered":"Caps rengj\u00f8ringsassistent"},"content":{"rendered":"<p style=\"text-align: center\" data-start=\"29\" data-end=\"83\"><strong data-start=\"29\" data-end=\"83\">Rengj\u00f8r capsene dine trygt uten \u00e5 miste formen. \ud83e\uddfc<\/strong><\/p>\n<p data-start=\"29\" data-end=\"83\"><img fetchpriority=\"high\" decoding=\"async\" class=\"size-full wp-image-22158 aligncenter\" src=\"https:\/\/mekulo.com\/template\/wp-content\/uploads\/sites\/6\/2026\/01\/89b74173fabb51740ae72c40c7dd20dbe63f121d-700.png\" alt=\"\" width=\"679\" height=\"732\" \/><\/p>\n<h2 style=\"text-align: center\" data-start=\"529\" data-end=\"546\"><strong>Hovedfordeler \ud83e\udde2<\/strong><\/h2>\n<p data-start=\"548\" data-end=\"622\">\ud83e\udde2 Formbeskyttelse &#8211; Hindrer at randen og kronen b\u00f8yes eller knuses.<\/p>\n<p data-start=\"624\" data-end=\"688\">\ud83e\uddfa Sikker maskinvask &#8211; Fungerer i vaskemaskiner og t\u00f8rketromler.<\/p>\n<p data-start=\"690\" data-end=\"754\">\u23f1 H\u00e5ndfri rengj\u00f8ring &#8211; Ingen skrubbing eller h\u00e5ndvask er n\u00f8dvendig.<\/p>\n<p data-start=\"756\" data-end=\"829\">\ud83e\uddf3 Flerbruksdesign &#8211; Bruk til vask, oppbevaring eller reisebeskyttelse.<\/p>\n<p data-start=\"831\" data-end=\"893\">\ud83d\udcaa Slitesterk konstruksjon &#8211; Sterke materialer laget for gjentatt bruk.<\/p>\n<p data-start=\"831\" data-end=\"893\"><img decoding=\"async\" class=\"size-full wp-image-22163 aligncenter\" src=\"https:\/\/mekulo.com\/template\/wp-content\/uploads\/sites\/6\/2026\/01\/S13a824f8e9f64b8ab5a24423841434c75.jpg_960x960q75.jpg_.avif\" alt=\"\" width=\"800\" height=\"800\" \/><\/p>\n<h2 style=\"text-align: center\" data-start=\"900\" data-end=\"914\"><strong>Hvordan Du Bruker \ud83d\udccc<\/strong><\/h2>\n<ol data-start=\"916\" data-end=\"1110\">\n<li data-start=\"916\" data-end=\"953\">\n<p data-start=\"919\" data-end=\"953\">Plasser hetten inni rammen.<\/p>\n<\/li>\n<li data-start=\"954\" data-end=\"1009\">\n<p data-start=\"957\" data-end=\"1009\">Fest den i nettingholderen eller lukk den med glidel\u00e5s.<\/p>\n<\/li>\n<li data-start=\"1010\" data-end=\"1066\">\n<p data-start=\"1013\" data-end=\"1066\">Legg den i vaskemaskinen med vanlig t\u00f8y.<\/p>\n<\/li>\n<li data-start=\"1067\" data-end=\"1110\">\n<p data-start=\"1070\" data-end=\"1110\">Luftt\u00f8rk eller bruk en t\u00f8rketrommel hvis anbefalt.<\/p>\n<\/li>\n<\/ol>\n<h2 style=\"text-align: center\" data-start=\"1117\" data-end=\"1136\"><strong>Produktdetaljer \ud83d\udccf<\/strong><\/h2>\n<ul data-start=\"1138\" data-end=\"1349\">\n<li data-start=\"1138\" data-end=\"1187\">\n<p data-start=\"1140\" data-end=\"1187\">Bruk: Cap vasking, t\u00f8rking, lagring og reise<\/p>\n<\/li>\n<li data-start=\"1188\" data-end=\"1246\">\n<p data-start=\"1190\" data-end=\"1246\">Kompatibel med: Baseballcapser, golfhatter, sportshatter<\/p>\n<\/li>\n<li data-start=\"1247\" data-end=\"1299\">\n<p data-start=\"1249\" data-end=\"1299\">Materiale: Slitesterk plastramme med nettingholder<\/p>\n<\/li>\n<li data-start=\"1300\" data-end=\"1349\">\n<p data-start=\"1302\" data-end=\"1349\">Design: Anti-deformasjon beskyttende struktur<\/p>\n<\/li>\n<li data-start=\"1300\" data-end=\"1349\">\n<p data-start=\"1302\" data-end=\"1349\">St\u00f8rrelse p\u00e5 cap rengj\u00f8ring assistent: 34 x 23 x 13 cm<\/p>\n<\/li>\n<li data-start=\"1300\" data-end=\"1349\">St\u00f8rrelse p\u00e5 posen: 35 x 24 x 14 cm<\/li>\n<\/ul>\n<h2 style=\"text-align: center\" data-start=\"1356\" data-end=\"1376\"><strong>Pakken inkluderer \ud83d\udce6<\/strong><\/h2>\n<ul data-start=\"1378\" data-end=\"1409\">\n<li data-start=\"1378\" data-end=\"1409\">\n<p data-start=\"1380\" data-end=\"1409\">1, 2, 3x caps-rengj\u00f8ringsassistent<\/p>\n<\/li>\n<li data-start=\"1378\" data-end=\"1409\">\n<p data-start=\"1380\" data-end=\"1409\">1, 2, 3x caps-rengj\u00f8ringsassistent med poser.<\/p>\n<\/li>\n<\/ul>\n","protected":false},"excerpt":{"rendered":"<p>\ud83e\udde2Denne rengj\u00f8ringsassistenten beskytter hattene dine mens du vasker dem, slik at de blir rene og perfekt formet.<br \/>\n\ud83e\uddfcIngen b\u00f8yde kanter, knuste kroner eller problemer med h\u00e5ndvask.<br \/>\n\ud83e\udee7Den holder hattene p\u00e5 plass mens vann og s\u00e5pe rengj\u00f8r dem grundig. Perfekt for baseballcapser, golfhatter og sportshatter.<\/p>\n","protected":false},"featured_media":20142,"comment_status":"open","ping_status":"closed","template":"","meta":{"site-sidebar-layout":"default","site-content-layout":"","ast-site-content-layout":"default","site-content-style":"default","site-sidebar-style":"default","ast-global-header-display":"","ast-banner-title-visibility":"","ast-main-header-display":"","ast-hfb-above-header-display":"","ast-hfb-below-header-display":"","ast-hfb-mobile-header-display":"","site-post-title":"","ast-breadcrumbs-content":"","ast-featured-img":"","footer-sml-layout":"","theme-transparent-header-meta":"default","adv-header-id-meta":"","stick-header-meta":"","header-above-stick-meta":"","header-main-stick-meta":"","header-below-stick-meta":"","astra-migrate-meta-layouts":"set","ast-page-background-enabled":"default","ast-page-background-meta":{"desktop":{"background-color":"var(--ast-global-color-5)","background-image":"","background-repeat":"repeat","background-position":"center center","background-size":"auto","background-attachment":"scroll","background-type":"","background-media":"","overlay-type":"","overlay-color":"","overlay-opacity":"","overlay-gradient":""},"tablet":{"background-color":"","background-image":"","background-repeat":"repeat","background-position":"center center","background-size":"auto","background-attachment":"scroll","background-type":"","background-media":"","overlay-type":"","overlay-color":"","overlay-opacity":"","overlay-gradient":""},"mobile":{"background-color":"","background-image":"","background-repeat":"repeat","background-position":"center center","background-size":"auto","background-attachment":"scroll","background-type":"","background-media":"","overlay-type":"","overlay-color":"","overlay-opacity":"","overlay-gradient":""}},"ast-content-background-meta":{"desktop":{"background-color":"var(--ast-global-color-4)","background-image":"","background-repeat":"repeat","background-position":"center center","background-size":"auto","background-attachment":"scroll","background-type":"","background-media":"","overlay-type":"","overlay-color":"","overlay-opacity":"","overlay-gradient":""},"tablet":{"background-color":"var(--ast-global-color-4)","background-image":"","background-repeat":"repeat","background-position":"center center","background-size":"auto","background-attachment":"scroll","background-type":"","background-media":"","overlay-type":"","overlay-color":"","overlay-opacity":"","overlay-gradient":""},"mobile":{"background-color":"var(--ast-global-color-4)","background-image":"","background-repeat":"repeat","background-position":"center center","background-size":"auto","background-attachment":"scroll","background-type":"","background-media":"","overlay-type":"","overlay-color":"","overlay-opacity":"","overlay-gradient":""}}},"product_brand":[],"product_cat":[168],"product_tag":[],"class_list":{"0":"post-20146","1":"product","2":"type-product","3":"status-publish","4":"has-post-thumbnail","6":"product_cat-husholdningsartikler","7":"pa_51985_3jgvxrs4-1-stk","8":"pa_51985_3jgvxrs4-2-stk","9":"pa_51985_3jgvxrs4-3-stk","10":"pa_51985_8t3npy67-med-veske","11":"pa_51985_8t3npy67-uten-veske","12":"pa_51985_s3wsgxax-hvit","13":"pa_51985_s3wsgxax-svart","14":"desktop-align-left","15":"tablet-align-left","16":"mobile-align-left","18":"first","19":"instock","20":"shipping-taxable","21":"purchasable","22":"product-type-variable","23":"has-default-attributes"},"yoast_head":"<!-- This site is optimized with the Yoast SEO plugin v26.6 - https:\/\/yoast.com\/wordpress\/plugins\/seo\/ -->\n<title>Caps rengj\u00f8ringsassistent - Mekulo NO<\/title>\n<meta name=\"robots\" content=\"index, follow, max-snippet:-1, max-image-preview:large, max-video-preview:-1\" \/>\n<link rel=\"canonical\" href=\"https:\/\/mekulo.com\/no\/produkt\/caps-rengjoringsassistent\/\" \/>\n<meta property=\"og:locale\" content=\"nb_NO\" \/>\n<meta property=\"og:type\" content=\"article\" \/>\n<meta property=\"og:title\" content=\"Caps rengj\u00f8ringsassistent - Mekulo NO\" \/>\n<meta property=\"og:description\" content=\"\ud83e\udde2Denne rengj\u00f8ringsassistenten beskytter hattene dine mens du vasker dem, slik at de blir rene og perfekt formet. \ud83e\uddfcIngen b\u00f8yde kanter, knuste kroner eller problemer med h\u00e5ndvask. \ud83e\udee7Den holder hattene p\u00e5 plass mens vann og s\u00e5pe rengj\u00f8r dem grundig. Perfekt for baseballcapser, golfhatter og sportshatter.\" \/>\n<meta property=\"og:url\" content=\"https:\/\/mekulo.com\/no\/produkt\/caps-rengjoringsassistent\/\" \/>\n<meta property=\"og:site_name\" content=\"Mekulo NO\" \/>\n<meta property=\"article:modified_time\" content=\"2026-02-03T15:57:57+00:00\" \/>\n<meta property=\"og:image\" content=\"https:\/\/mekulo.com\/no\/wp-content\/uploads\/sites\/10\/2026\/01\/v0ljcee-1.jpg\" \/>\n\t<meta property=\"og:image:width\" content=\"679\" \/>\n\t<meta property=\"og:image:height\" content=\"666\" \/>\n\t<meta property=\"og:image:type\" content=\"image\/jpeg\" \/>\n<meta name=\"twitter:card\" content=\"summary_large_image\" \/>\n<meta name=\"twitter:label1\" content=\"Ansl. lesetid\" \/>\n\t<meta name=\"twitter:data1\" content=\"2 minutter\" \/>\n<script type=\"application\/ld+json\" class=\"yoast-schema-graph\">{\"@context\":\"https:\/\/schema.org\",\"@graph\":[{\"@type\":\"WebPage\",\"@id\":\"https:\/\/mekulo.com\/no\/produkt\/caps-rengjoringsassistent\/\",\"url\":\"https:\/\/mekulo.com\/no\/produkt\/caps-rengjoringsassistent\/\",\"name\":\"Caps rengj\u00f8ringsassistent - Mekulo NO\",\"isPartOf\":{\"@id\":\"https:\/\/mekulo.com\/no\/#website\"},\"primaryImageOfPage\":{\"@id\":\"https:\/\/mekulo.com\/no\/produkt\/caps-rengjoringsassistent\/#primaryimage\"},\"image\":{\"@id\":\"https:\/\/mekulo.com\/no\/produkt\/caps-rengjoringsassistent\/#primaryimage\"},\"thumbnailUrl\":\"https:\/\/mekulo.com\/no\/wp-content\/uploads\/sites\/10\/2026\/01\/v0ljcee-1.jpg\",\"datePublished\":\"2026-01-28T13:43:29+00:00\",\"dateModified\":\"2026-02-03T15:57:57+00:00\",\"breadcrumb\":{\"@id\":\"https:\/\/mekulo.com\/no\/produkt\/caps-rengjoringsassistent\/#breadcrumb\"},\"inLanguage\":\"nb-NO\",\"potentialAction\":[{\"@type\":\"ReadAction\",\"target\":[\"https:\/\/mekulo.com\/no\/produkt\/caps-rengjoringsassistent\/\"]}]},{\"@type\":\"ImageObject\",\"inLanguage\":\"nb-NO\",\"@id\":\"https:\/\/mekulo.com\/no\/produkt\/caps-rengjoringsassistent\/#primaryimage\",\"url\":\"https:\/\/mekulo.com\/no\/wp-content\/uploads\/sites\/10\/2026\/01\/v0ljcee-1.jpg\",\"contentUrl\":\"https:\/\/mekulo.com\/no\/wp-content\/uploads\/sites\/10\/2026\/01\/v0ljcee-1.jpg\",\"width\":679,\"height\":666},{\"@type\":\"BreadcrumbList\",\"@id\":\"https:\/\/mekulo.com\/no\/produkt\/caps-rengjoringsassistent\/#breadcrumb\",\"itemListElement\":[{\"@type\":\"ListItem\",\"position\":1,\"name\":\"Home\",\"item\":\"https:\/\/mekulo.com\/no\/\"},{\"@type\":\"ListItem\",\"position\":2,\"name\":\"Butikk\",\"item\":\"https:\/\/mekulo.com\/no\/butikk\/\"},{\"@type\":\"ListItem\",\"position\":3,\"name\":\"Caps rengj\u00f8ringsassistent\"}]},{\"@type\":\"WebSite\",\"@id\":\"https:\/\/mekulo.com\/no\/#website\",\"url\":\"https:\/\/mekulo.com\/no\/\",\"name\":\"Mekulo NO\",\"description\":\"\",\"publisher\":{\"@id\":\"https:\/\/mekulo.com\/no\/#organization\"},\"potentialAction\":[{\"@type\":\"SearchAction\",\"target\":{\"@type\":\"EntryPoint\",\"urlTemplate\":\"https:\/\/mekulo.com\/no\/?s={search_term_string}\"},\"query-input\":{\"@type\":\"PropertyValueSpecification\",\"valueRequired\":true,\"valueName\":\"search_term_string\"}}],\"inLanguage\":\"nb-NO\"},{\"@type\":\"Organization\",\"@id\":\"https:\/\/mekulo.com\/no\/#organization\",\"name\":\"Mekulo\",\"url\":\"https:\/\/mekulo.com\/no\/\",\"logo\":{\"@type\":\"ImageObject\",\"inLanguage\":\"nb-NO\",\"@id\":\"https:\/\/mekulo.com\/no\/#\/schema\/logo\/image\/\",\"url\":\"https:\/\/mekulo.com\/no\/wp-content\/uploads\/sites\/10\/2025\/12\/favicon_mekulo.png\",\"contentUrl\":\"https:\/\/mekulo.com\/no\/wp-content\/uploads\/sites\/10\/2025\/12\/favicon_mekulo.png\",\"width\":50,\"height\":50,\"caption\":\"Mekulo\"},\"image\":{\"@id\":\"https:\/\/mekulo.com\/no\/#\/schema\/logo\/image\/\"}}]}<\/script>\n<!-- \/ Yoast SEO plugin. -->","yoast_head_json":{"title":"Caps rengj\u00f8ringsassistent - Mekulo NO","robots":{"index":"index","follow":"follow","max-snippet":"max-snippet:-1","max-image-preview":"max-image-preview:large","max-video-preview":"max-video-preview:-1"},"canonical":"https:\/\/mekulo.com\/no\/produkt\/caps-rengjoringsassistent\/","og_locale":"nb_NO","og_type":"article","og_title":"Caps rengj\u00f8ringsassistent - Mekulo NO","og_description":"\ud83e\udde2Denne rengj\u00f8ringsassistenten beskytter hattene dine mens du vasker dem, slik at de blir rene og perfekt formet. \ud83e\uddfcIngen b\u00f8yde kanter, knuste kroner eller problemer med h\u00e5ndvask. \ud83e\udee7Den holder hattene p\u00e5 plass mens vann og s\u00e5pe rengj\u00f8r dem grundig. Perfekt for baseballcapser, golfhatter og sportshatter.","og_url":"https:\/\/mekulo.com\/no\/produkt\/caps-rengjoringsassistent\/","og_site_name":"Mekulo NO","article_modified_time":"2026-02-03T15:57:57+00:00","og_image":[{"width":679,"height":666,"url":"https:\/\/mekulo.com\/no\/wp-content\/uploads\/sites\/10\/2026\/01\/v0ljcee-1.jpg","type":"image\/jpeg"}],"twitter_card":"summary_large_image","twitter_misc":{"Ansl. lesetid":"2 minutter"},"schema":{"@context":"https:\/\/schema.org","@graph":[{"@type":"WebPage","@id":"https:\/\/mekulo.com\/no\/produkt\/caps-rengjoringsassistent\/","url":"https:\/\/mekulo.com\/no\/produkt\/caps-rengjoringsassistent\/","name":"Caps rengj\u00f8ringsassistent - Mekulo NO","isPartOf":{"@id":"https:\/\/mekulo.com\/no\/#website"},"primaryImageOfPage":{"@id":"https:\/\/mekulo.com\/no\/produkt\/caps-rengjoringsassistent\/#primaryimage"},"image":{"@id":"https:\/\/mekulo.com\/no\/produkt\/caps-rengjoringsassistent\/#primaryimage"},"thumbnailUrl":"https:\/\/mekulo.com\/no\/wp-content\/uploads\/sites\/10\/2026\/01\/v0ljcee-1.jpg","datePublished":"2026-01-28T13:43:29+00:00","dateModified":"2026-02-03T15:57:57+00:00","breadcrumb":{"@id":"https:\/\/mekulo.com\/no\/produkt\/caps-rengjoringsassistent\/#breadcrumb"},"inLanguage":"nb-NO","potentialAction":[{"@type":"ReadAction","target":["https:\/\/mekulo.com\/no\/produkt\/caps-rengjoringsassistent\/"]}]},{"@type":"ImageObject","inLanguage":"nb-NO","@id":"https:\/\/mekulo.com\/no\/produkt\/caps-rengjoringsassistent\/#primaryimage","url":"https:\/\/mekulo.com\/no\/wp-content\/uploads\/sites\/10\/2026\/01\/v0ljcee-1.jpg","contentUrl":"https:\/\/mekulo.com\/no\/wp-content\/uploads\/sites\/10\/2026\/01\/v0ljcee-1.jpg","width":679,"height":666},{"@type":"BreadcrumbList","@id":"https:\/\/mekulo.com\/no\/produkt\/caps-rengjoringsassistent\/#breadcrumb","itemListElement":[{"@type":"ListItem","position":1,"name":"Home","item":"https:\/\/mekulo.com\/no\/"},{"@type":"ListItem","position":2,"name":"Butikk","item":"https:\/\/mekulo.com\/no\/butikk\/"},{"@type":"ListItem","position":3,"name":"Caps rengj\u00f8ringsassistent"}]},{"@type":"WebSite","@id":"https:\/\/mekulo.com\/no\/#website","url":"https:\/\/mekulo.com\/no\/","name":"Mekulo NO","description":"","publisher":{"@id":"https:\/\/mekulo.com\/no\/#organization"},"potentialAction":[{"@type":"SearchAction","target":{"@type":"EntryPoint","urlTemplate":"https:\/\/mekulo.com\/no\/?s={search_term_string}"},"query-input":{"@type":"PropertyValueSpecification","valueRequired":true,"valueName":"search_term_string"}}],"inLanguage":"nb-NO"},{"@type":"Organization","@id":"https:\/\/mekulo.com\/no\/#organization","name":"Mekulo","url":"https:\/\/mekulo.com\/no\/","logo":{"@type":"ImageObject","inLanguage":"nb-NO","@id":"https:\/\/mekulo.com\/no\/#\/schema\/logo\/image\/","url":"https:\/\/mekulo.com\/no\/wp-content\/uploads\/sites\/10\/2025\/12\/favicon_mekulo.png","contentUrl":"https:\/\/mekulo.com\/no\/wp-content\/uploads\/sites\/10\/2025\/12\/favicon_mekulo.png","width":50,"height":50,"caption":"Mekulo"},"image":{"@id":"https:\/\/mekulo.com\/no\/#\/schema\/logo\/image\/"}}]}},"_links":{"self":[{"href":"https:\/\/mekulo.com\/no\/wp-json\/wp\/v2\/product\/20146","targetHints":{"allow":["GET"]}}],"collection":[{"href":"https:\/\/mekulo.com\/no\/wp-json\/wp\/v2\/product"}],"about":[{"href":"https:\/\/mekulo.com\/no\/wp-json\/wp\/v2\/types\/product"}],"replies":[{"embeddable":true,"href":"https:\/\/mekulo.com\/no\/wp-json\/wp\/v2\/comments?post=20146"}],"wp:featuredmedia":[{"embeddable":true,"href":"https:\/\/mekulo.com\/no\/wp-json\/wp\/v2\/media\/20142"}],"wp:attachment":[{"href":"https:\/\/mekulo.com\/no\/wp-json\/wp\/v2\/media?parent=20146"}],"wp:term":[{"taxonomy":"product_brand","embeddable":true,"href":"https:\/\/mekulo.com\/no\/wp-json\/wp\/v2\/product_brand?post=20146"},{"taxonomy":"product_cat","embeddable":true,"href":"https:\/\/mekulo.com\/no\/wp-json\/wp\/v2\/product_cat?post=20146"},{"taxonomy":"product_tag","embeddable":true,"href":"https:\/\/mekulo.com\/no\/wp-json\/wp\/v2\/product_tag?post=20146"}],"curies":[{"name":"wp","href":"https:\/\/api.w.org\/{rel}","templated":true}]}}