{"id":20104,"date":"2026-01-28T15:40:41","date_gmt":"2026-01-28T13:40:41","guid":{"rendered":"https:\/\/mekulo.com\/no\/produkt\/enhandsbetjent-flaskeapner\/"},"modified":"2026-01-29T15:37:52","modified_gmt":"2026-01-29T13:37:52","slug":"enhandsbetjent-flaskeapner","status":"publish","type":"product","link":"https:\/\/mekulo.com\/no\/produkt\/enhandsbetjent-flaskeapner\/","title":{"rendered":"Enh\u00e5ndsbetjent flaske\u00e5pner"},"content":{"rendered":"<p style=\"text-align: center;\" data-start=\"30\" data-end=\"79\"><strong data-start=\"30\" data-end=\"79\">\u00c5pne alle flasker umiddelbart med bare \u00e9n h\u00e5nd. \ud83c\udf7e<\/strong><\/p>\n<p data-start=\"30\" data-end=\"79\"><img decoding=\"async\" class=\"size-full wp-image-22126 aligncenter\" src=\"https:\/\/mekulo.com\/template\/wp-content\/uploads\/sites\/6\/2026\/01\/e3b10962ab60f96ef2035a56a3931be06e4c283d-700.avif\" alt=\"\" \/><\/p>\n<h2 style=\"text-align: center;\" data-start=\"545\" data-end=\"562\"><strong>Hovedfordeler \ud83c\udf7a<\/strong><\/h2>\n<p data-start=\"564\" data-end=\"635\">\ud83d\udd90 Enh\u00e5ndsbetjening &#8211; \u00c5pne flasker enkelt med ett enkelt trykk.<\/p>\n<p data-start=\"637\" data-end=\"719\">\ud83c\udf92 Kompakt og b\u00e6rbar &#8211; Liten og lett for lommer, vesker eller n\u00f8kkelringer.<\/p>\n<p data-start=\"721\" data-end=\"791\">\ud83d\udee0 Sterk metallkonstruksjon &#8211; Slitesterk, rustbestandig og laget for \u00e5 vare.<\/p>\n<p data-start=\"793\" data-end=\"856\">\u2728 Moderne stilig design &#8211; Elegant utseende som passer i alle omgivelser.<\/p>\n<p data-start=\"858\" data-end=\"939\">\ud83c\udf7a Universell kompatibilitet &#8211; Fungerer med \u00f8l-, brus- og standardkorker.<\/p>\n<p data-start=\"858\" data-end=\"939\"><img fetchpriority=\"high\" decoding=\"async\" class=\"size-full wp-image-22120 aligncenter\" src=\"https:\/\/mekulo.com\/template\/wp-content\/uploads\/sites\/6\/2026\/01\/S16c0fb7dacaf48b3beae917882bb4e4fi.jpg_960x960q75.jpg_.avif\" alt=\"\" width=\"960\" height=\"960\" \/><\/p>\n<h2 style=\"text-align: center;\" data-start=\"946\" data-end=\"960\"><strong>Hvordan Du Bruker Den \ud83d\udccc<\/strong><\/h2>\n<ol data-start=\"962\" data-end=\"1115\">\n<li data-start=\"962\" data-end=\"1004\">\n<p data-start=\"965\" data-end=\"1004\">Plasser \u00e5pneren over korken.<\/p>\n<\/li>\n<li data-start=\"1005\" data-end=\"1042\">\n<p data-start=\"1008\" data-end=\"1042\">Trykk godt ned med \u00e9n h\u00e5nd.<\/p>\n<\/li>\n<li data-start=\"1043\" data-end=\"1084\">\n<p data-start=\"1046\" data-end=\"1084\">L\u00f8ft \u00e5pneren n\u00e5r korken spretter av.<\/p>\n<\/li>\n<li data-start=\"1085\" data-end=\"1115\">\n<p data-start=\"1088\" data-end=\"1115\">Nyt drikken din umiddelbart.<\/p>\n<\/li>\n<\/ol>\n<h2 style=\"text-align: center;\" data-start=\"1122\" data-end=\"1141\"><strong>Produktdetaljer \ud83d\udccf<\/strong><\/h2>\n<ul data-start=\"1143\" data-end=\"1275\">\n<li data-start=\"1143\" data-end=\"1161\">\n<p data-start=\"1145\" data-end=\"1161\">Materiale: Jern<\/p>\n<\/li>\n<li data-start=\"1162\" data-end=\"1211\">\n<p data-start=\"1164\" data-end=\"1211\">St\u00f8rrelse: 8,8 x 4 x 1,2 cm<\/p>\n<\/li>\n<li data-start=\"1212\" data-end=\"1244\">\n<p data-start=\"1214\" data-end=\"1244\">Finish: Rustbestandig metall<\/p>\n<\/li>\n<li data-start=\"1245\" data-end=\"1275\">\n<p data-start=\"1247\" data-end=\"1275\">Bruk: \u00d8l- og brusflasker<\/p>\n<\/li>\n<\/ul>\n<h2 style=\"text-align: center;\" data-start=\"1282\" data-end=\"1302\"><strong>Pakken inneholder \ud83d\udce6<\/strong><\/h2>\n<ul data-start=\"1304\" data-end=\"1336\">\n<li data-start=\"1304\" data-end=\"1336\">\n<p data-start=\"1306\" data-end=\"1336\">1, 2, 3x enh\u00e5nds flaske\u00e5pner(e).<\/p>\n<\/li>\n<\/ul>\n","protected":false},"excerpt":{"rendered":"<p>\ud83d\udd90\ufe0fDenne enh\u00e5ndsbetjent flaske\u00e5pner gj\u00f8r at du kan \u00e5pne flaskekorker med et enkelt trykk, selv n\u00e5r den andre h\u00e5nden er opptatt.<br \/>\n\ud83c\udf89Den er perfekt for daglig bruk, fester, utend\u00f8rsturer eller for alle som \u00f8nsker en raskere og enklere m\u00e5te \u00e5 \u00e5pne drinker p\u00e5.<br \/>\n\ud83c\udf7eDen kompakte st\u00f8rrelsen gj\u00f8r den enkel \u00e5 ta med seg overalt. Sterk metallkonstruksjon sikrer p\u00e5litelig ytelse hver gang.<\/p>\n","protected":false},"featured_media":20100,"comment_status":"open","ping_status":"closed","template":"","meta":{"site-sidebar-layout":"default","site-content-layout":"","ast-site-content-layout":"default","site-content-style":"default","site-sidebar-style":"default","ast-global-header-display":"","ast-banner-title-visibility":"","ast-main-header-display":"","ast-hfb-above-header-display":"","ast-hfb-below-header-display":"","ast-hfb-mobile-header-display":"","site-post-title":"","ast-breadcrumbs-content":"","ast-featured-img":"","footer-sml-layout":"","theme-transparent-header-meta":"default","adv-header-id-meta":"","stick-header-meta":"","header-above-stick-meta":"","header-main-stick-meta":"","header-below-stick-meta":"","astra-migrate-meta-layouts":"set","ast-page-background-enabled":"default","ast-page-background-meta":{"desktop":{"background-color":"var(--ast-global-color-5)","background-image":"","background-repeat":"repeat","background-position":"center center","background-size":"auto","background-attachment":"scroll","background-type":"","background-media":"","overlay-type":"","overlay-color":"","overlay-opacity":"","overlay-gradient":""},"tablet":{"background-color":"","background-image":"","background-repeat":"repeat","background-position":"center center","background-size":"auto","background-attachment":"scroll","background-type":"","background-media":"","overlay-type":"","overlay-color":"","overlay-opacity":"","overlay-gradient":""},"mobile":{"background-color":"","background-image":"","background-repeat":"repeat","background-position":"center center","background-size":"auto","background-attachment":"scroll","background-type":"","background-media":"","overlay-type":"","overlay-color":"","overlay-opacity":"","overlay-gradient":""}},"ast-content-background-meta":{"desktop":{"background-color":"var(--ast-global-color-4)","background-image":"","background-repeat":"repeat","background-position":"center center","background-size":"auto","background-attachment":"scroll","background-type":"","background-media":"","overlay-type":"","overlay-color":"","overlay-opacity":"","overlay-gradient":""},"tablet":{"background-color":"var(--ast-global-color-4)","background-image":"","background-repeat":"repeat","background-position":"center center","background-size":"auto","background-attachment":"scroll","background-type":"","background-media":"","overlay-type":"","overlay-color":"","overlay-opacity":"","overlay-gradient":""},"mobile":{"background-color":"var(--ast-global-color-4)","background-image":"","background-repeat":"repeat","background-position":"center center","background-size":"auto","background-attachment":"scroll","background-type":"","background-media":"","overlay-type":"","overlay-color":"","overlay-opacity":"","overlay-gradient":""}}},"product_brand":[],"product_cat":[168,171],"product_tag":[],"class_list":{"0":"post-20104","1":"product","2":"type-product","3":"status-publish","4":"has-post-thumbnail","6":"product_cat-husholdningsartikler","7":"product_cat-verktoy","8":"pa_51945_8yev4mr3-bla","9":"pa_51945_8yev4mr3-gull","10":"pa_51945_8yev4mr3-rod","11":"pa_51945_8yev4mr3-solv","12":"pa_51945_8yev4mr3-svart","13":"pa_51945_aog36hju-1-stk","14":"pa_51945_aog36hju-2-stk","15":"pa_51945_aog36hju-3-stk","16":"desktop-align-left","17":"tablet-align-left","18":"mobile-align-left","20":"first","21":"instock","22":"shipping-taxable","23":"purchasable","24":"product-type-variable","25":"has-default-attributes"},"yoast_head":"<!-- This site is optimized with the Yoast SEO plugin v26.6 - https:\/\/yoast.com\/wordpress\/plugins\/seo\/ -->\n<title>Enh\u00e5ndsbetjent flaske\u00e5pner - Mekulo NO<\/title>\n<meta name=\"robots\" content=\"index, follow, max-snippet:-1, max-image-preview:large, max-video-preview:-1\" \/>\n<link rel=\"canonical\" href=\"https:\/\/mekulo.com\/no\/produkt\/enhandsbetjent-flaskeapner\/\" \/>\n<meta property=\"og:locale\" content=\"nb_NO\" \/>\n<meta property=\"og:type\" content=\"article\" \/>\n<meta property=\"og:title\" content=\"Enh\u00e5ndsbetjent flaske\u00e5pner - Mekulo NO\" \/>\n<meta property=\"og:description\" content=\"\ud83d\udd90\ufe0fDenne enh\u00e5ndsbetjent flaske\u00e5pner gj\u00f8r at du kan \u00e5pne flaskekorker med et enkelt trykk, selv n\u00e5r den andre h\u00e5nden er opptatt. \ud83c\udf89Den er perfekt for daglig bruk, fester, utend\u00f8rsturer eller for alle som \u00f8nsker en raskere og enklere m\u00e5te \u00e5 \u00e5pne drinker p\u00e5. \ud83c\udf7eDen kompakte st\u00f8rrelsen gj\u00f8r den enkel \u00e5 ta med seg overalt. Sterk metallkonstruksjon sikrer p\u00e5litelig ytelse hver gang.\" \/>\n<meta property=\"og:url\" content=\"https:\/\/mekulo.com\/no\/produkt\/enhandsbetjent-flaskeapner\/\" \/>\n<meta property=\"og:site_name\" content=\"Mekulo NO\" \/>\n<meta property=\"article:modified_time\" content=\"2026-01-29T13:37:52+00:00\" \/>\n<meta property=\"og:image\" content=\"https:\/\/mekulo.com\/no\/wp-content\/uploads\/sites\/10\/2026\/01\/4p3et5t-1.jpg\" \/>\n\t<meta property=\"og:image:width\" content=\"700\" \/>\n\t<meta property=\"og:image:height\" content=\"700\" \/>\n\t<meta property=\"og:image:type\" content=\"image\/jpeg\" \/>\n<meta name=\"twitter:card\" content=\"summary_large_image\" \/>\n<meta name=\"twitter:label1\" content=\"Ansl. lesetid\" \/>\n\t<meta name=\"twitter:data1\" content=\"2 minutter\" \/>\n<script type=\"application\/ld+json\" class=\"yoast-schema-graph\">{\"@context\":\"https:\/\/schema.org\",\"@graph\":[{\"@type\":\"WebPage\",\"@id\":\"https:\/\/mekulo.com\/no\/produkt\/enhandsbetjent-flaskeapner\/\",\"url\":\"https:\/\/mekulo.com\/no\/produkt\/enhandsbetjent-flaskeapner\/\",\"name\":\"Enh\u00e5ndsbetjent flaske\u00e5pner - Mekulo NO\",\"isPartOf\":{\"@id\":\"https:\/\/mekulo.com\/no\/#website\"},\"primaryImageOfPage\":{\"@id\":\"https:\/\/mekulo.com\/no\/produkt\/enhandsbetjent-flaskeapner\/#primaryimage\"},\"image\":{\"@id\":\"https:\/\/mekulo.com\/no\/produkt\/enhandsbetjent-flaskeapner\/#primaryimage\"},\"thumbnailUrl\":\"https:\/\/mekulo.com\/no\/wp-content\/uploads\/sites\/10\/2026\/01\/4p3et5t-1.jpg\",\"datePublished\":\"2026-01-28T13:40:41+00:00\",\"dateModified\":\"2026-01-29T13:37:52+00:00\",\"breadcrumb\":{\"@id\":\"https:\/\/mekulo.com\/no\/produkt\/enhandsbetjent-flaskeapner\/#breadcrumb\"},\"inLanguage\":\"nb-NO\",\"potentialAction\":[{\"@type\":\"ReadAction\",\"target\":[\"https:\/\/mekulo.com\/no\/produkt\/enhandsbetjent-flaskeapner\/\"]}]},{\"@type\":\"ImageObject\",\"inLanguage\":\"nb-NO\",\"@id\":\"https:\/\/mekulo.com\/no\/produkt\/enhandsbetjent-flaskeapner\/#primaryimage\",\"url\":\"https:\/\/mekulo.com\/no\/wp-content\/uploads\/sites\/10\/2026\/01\/4p3et5t-1.jpg\",\"contentUrl\":\"https:\/\/mekulo.com\/no\/wp-content\/uploads\/sites\/10\/2026\/01\/4p3et5t-1.jpg\",\"width\":700,\"height\":700},{\"@type\":\"BreadcrumbList\",\"@id\":\"https:\/\/mekulo.com\/no\/produkt\/enhandsbetjent-flaskeapner\/#breadcrumb\",\"itemListElement\":[{\"@type\":\"ListItem\",\"position\":1,\"name\":\"Home\",\"item\":\"https:\/\/mekulo.com\/no\/\"},{\"@type\":\"ListItem\",\"position\":2,\"name\":\"Butikk\",\"item\":\"https:\/\/mekulo.com\/no\/butikk\/\"},{\"@type\":\"ListItem\",\"position\":3,\"name\":\"Enh\u00e5ndsbetjent flaske\u00e5pner\"}]},{\"@type\":\"WebSite\",\"@id\":\"https:\/\/mekulo.com\/no\/#website\",\"url\":\"https:\/\/mekulo.com\/no\/\",\"name\":\"Mekulo NO\",\"description\":\"\",\"publisher\":{\"@id\":\"https:\/\/mekulo.com\/no\/#organization\"},\"potentialAction\":[{\"@type\":\"SearchAction\",\"target\":{\"@type\":\"EntryPoint\",\"urlTemplate\":\"https:\/\/mekulo.com\/no\/?s={search_term_string}\"},\"query-input\":{\"@type\":\"PropertyValueSpecification\",\"valueRequired\":true,\"valueName\":\"search_term_string\"}}],\"inLanguage\":\"nb-NO\"},{\"@type\":\"Organization\",\"@id\":\"https:\/\/mekulo.com\/no\/#organization\",\"name\":\"Mekulo\",\"url\":\"https:\/\/mekulo.com\/no\/\",\"logo\":{\"@type\":\"ImageObject\",\"inLanguage\":\"nb-NO\",\"@id\":\"https:\/\/mekulo.com\/no\/#\/schema\/logo\/image\/\",\"url\":\"https:\/\/mekulo.com\/no\/wp-content\/uploads\/sites\/10\/2025\/12\/favicon_mekulo.png\",\"contentUrl\":\"https:\/\/mekulo.com\/no\/wp-content\/uploads\/sites\/10\/2025\/12\/favicon_mekulo.png\",\"width\":50,\"height\":50,\"caption\":\"Mekulo\"},\"image\":{\"@id\":\"https:\/\/mekulo.com\/no\/#\/schema\/logo\/image\/\"}}]}<\/script>\n<!-- \/ Yoast SEO plugin. -->","yoast_head_json":{"title":"Enh\u00e5ndsbetjent flaske\u00e5pner - Mekulo NO","robots":{"index":"index","follow":"follow","max-snippet":"max-snippet:-1","max-image-preview":"max-image-preview:large","max-video-preview":"max-video-preview:-1"},"canonical":"https:\/\/mekulo.com\/no\/produkt\/enhandsbetjent-flaskeapner\/","og_locale":"nb_NO","og_type":"article","og_title":"Enh\u00e5ndsbetjent flaske\u00e5pner - Mekulo NO","og_description":"\ud83d\udd90\ufe0fDenne enh\u00e5ndsbetjent flaske\u00e5pner gj\u00f8r at du kan \u00e5pne flaskekorker med et enkelt trykk, selv n\u00e5r den andre h\u00e5nden er opptatt. \ud83c\udf89Den er perfekt for daglig bruk, fester, utend\u00f8rsturer eller for alle som \u00f8nsker en raskere og enklere m\u00e5te \u00e5 \u00e5pne drinker p\u00e5. \ud83c\udf7eDen kompakte st\u00f8rrelsen gj\u00f8r den enkel \u00e5 ta med seg overalt. Sterk metallkonstruksjon sikrer p\u00e5litelig ytelse hver gang.","og_url":"https:\/\/mekulo.com\/no\/produkt\/enhandsbetjent-flaskeapner\/","og_site_name":"Mekulo NO","article_modified_time":"2026-01-29T13:37:52+00:00","og_image":[{"width":700,"height":700,"url":"https:\/\/mekulo.com\/no\/wp-content\/uploads\/sites\/10\/2026\/01\/4p3et5t-1.jpg","type":"image\/jpeg"}],"twitter_card":"summary_large_image","twitter_misc":{"Ansl. lesetid":"2 minutter"},"schema":{"@context":"https:\/\/schema.org","@graph":[{"@type":"WebPage","@id":"https:\/\/mekulo.com\/no\/produkt\/enhandsbetjent-flaskeapner\/","url":"https:\/\/mekulo.com\/no\/produkt\/enhandsbetjent-flaskeapner\/","name":"Enh\u00e5ndsbetjent flaske\u00e5pner - Mekulo NO","isPartOf":{"@id":"https:\/\/mekulo.com\/no\/#website"},"primaryImageOfPage":{"@id":"https:\/\/mekulo.com\/no\/produkt\/enhandsbetjent-flaskeapner\/#primaryimage"},"image":{"@id":"https:\/\/mekulo.com\/no\/produkt\/enhandsbetjent-flaskeapner\/#primaryimage"},"thumbnailUrl":"https:\/\/mekulo.com\/no\/wp-content\/uploads\/sites\/10\/2026\/01\/4p3et5t-1.jpg","datePublished":"2026-01-28T13:40:41+00:00","dateModified":"2026-01-29T13:37:52+00:00","breadcrumb":{"@id":"https:\/\/mekulo.com\/no\/produkt\/enhandsbetjent-flaskeapner\/#breadcrumb"},"inLanguage":"nb-NO","potentialAction":[{"@type":"ReadAction","target":["https:\/\/mekulo.com\/no\/produkt\/enhandsbetjent-flaskeapner\/"]}]},{"@type":"ImageObject","inLanguage":"nb-NO","@id":"https:\/\/mekulo.com\/no\/produkt\/enhandsbetjent-flaskeapner\/#primaryimage","url":"https:\/\/mekulo.com\/no\/wp-content\/uploads\/sites\/10\/2026\/01\/4p3et5t-1.jpg","contentUrl":"https:\/\/mekulo.com\/no\/wp-content\/uploads\/sites\/10\/2026\/01\/4p3et5t-1.jpg","width":700,"height":700},{"@type":"BreadcrumbList","@id":"https:\/\/mekulo.com\/no\/produkt\/enhandsbetjent-flaskeapner\/#breadcrumb","itemListElement":[{"@type":"ListItem","position":1,"name":"Home","item":"https:\/\/mekulo.com\/no\/"},{"@type":"ListItem","position":2,"name":"Butikk","item":"https:\/\/mekulo.com\/no\/butikk\/"},{"@type":"ListItem","position":3,"name":"Enh\u00e5ndsbetjent flaske\u00e5pner"}]},{"@type":"WebSite","@id":"https:\/\/mekulo.com\/no\/#website","url":"https:\/\/mekulo.com\/no\/","name":"Mekulo NO","description":"","publisher":{"@id":"https:\/\/mekulo.com\/no\/#organization"},"potentialAction":[{"@type":"SearchAction","target":{"@type":"EntryPoint","urlTemplate":"https:\/\/mekulo.com\/no\/?s={search_term_string}"},"query-input":{"@type":"PropertyValueSpecification","valueRequired":true,"valueName":"search_term_string"}}],"inLanguage":"nb-NO"},{"@type":"Organization","@id":"https:\/\/mekulo.com\/no\/#organization","name":"Mekulo","url":"https:\/\/mekulo.com\/no\/","logo":{"@type":"ImageObject","inLanguage":"nb-NO","@id":"https:\/\/mekulo.com\/no\/#\/schema\/logo\/image\/","url":"https:\/\/mekulo.com\/no\/wp-content\/uploads\/sites\/10\/2025\/12\/favicon_mekulo.png","contentUrl":"https:\/\/mekulo.com\/no\/wp-content\/uploads\/sites\/10\/2025\/12\/favicon_mekulo.png","width":50,"height":50,"caption":"Mekulo"},"image":{"@id":"https:\/\/mekulo.com\/no\/#\/schema\/logo\/image\/"}}]}},"_links":{"self":[{"href":"https:\/\/mekulo.com\/no\/wp-json\/wp\/v2\/product\/20104","targetHints":{"allow":["GET"]}}],"collection":[{"href":"https:\/\/mekulo.com\/no\/wp-json\/wp\/v2\/product"}],"about":[{"href":"https:\/\/mekulo.com\/no\/wp-json\/wp\/v2\/types\/product"}],"replies":[{"embeddable":true,"href":"https:\/\/mekulo.com\/no\/wp-json\/wp\/v2\/comments?post=20104"}],"wp:featuredmedia":[{"embeddable":true,"href":"https:\/\/mekulo.com\/no\/wp-json\/wp\/v2\/media\/20100"}],"wp:attachment":[{"href":"https:\/\/mekulo.com\/no\/wp-json\/wp\/v2\/media?parent=20104"}],"wp:term":[{"taxonomy":"product_brand","embeddable":true,"href":"https:\/\/mekulo.com\/no\/wp-json\/wp\/v2\/product_brand?post=20104"},{"taxonomy":"product_cat","embeddable":true,"href":"https:\/\/mekulo.com\/no\/wp-json\/wp\/v2\/product_cat?post=20104"},{"taxonomy":"product_tag","embeddable":true,"href":"https:\/\/mekulo.com\/no\/wp-json\/wp\/v2\/product_tag?post=20104"}],"curies":[{"name":"wp","href":"https:\/\/api.w.org\/{rel}","templated":true}]}}