{"id":20079,"date":"2026-01-28T15:38:32","date_gmt":"2026-01-28T13:38:32","guid":{"rendered":"https:\/\/mekulo.com\/no\/produkt\/baerepose-for-vannflaske\/"},"modified":"2026-01-29T15:35:51","modified_gmt":"2026-01-29T13:35:51","slug":"baerepose-for-vannflaske","status":"publish","type":"product","link":"https:\/\/mekulo.com\/no\/produkt\/baerepose-for-vannflaske\/","title":{"rendered":"B\u00e6repose for vannflaske"},"content":{"rendered":"<p style=\"text-align: center;\" data-start=\"26\" data-end=\"101\"><strong data-start=\"26\" data-end=\"101\">B\u00e6r vannflasken din h\u00e5ndfritt samtidig som du holder deg stilig og organisert. \ud83e\udd64<\/strong><\/p>\n<p data-start=\"26\" data-end=\"101\"><img fetchpriority=\"high\" decoding=\"async\" class=\"size-full wp-image-22101 aligncenter\" src=\"https:\/\/mekulo.com\/template\/wp-content\/uploads\/sites\/6\/2026\/01\/420b4bc2d10fd9656c959d61cf216da502a52e6f-700.jpg\" alt=\"\" width=\"1080\" height=\"1008\" \/><\/p>\n<h2 style=\"text-align: center;\" data-start=\"641\" data-end=\"658\"><strong>Hovedfordeler \ud83d\udc5c<\/strong><\/h2>\n<p data-start=\"660\" data-end=\"748\">\ud83c\udf38 Stilig, urban design &#8211; Rent, moderne utseende med trendy s\u00f8mmer og l\u00e5sedetaljer.<\/p>\n<p data-start=\"750\" data-end=\"845\">\ud83c\udf92 H\u00e5ndfri bekvemmelighet &#8211; B\u00e6r den p\u00e5 tvers av kroppen eller p\u00e5 skulderen med den justerbare stroppen.<\/p>\n<p data-start=\"847\" data-end=\"928\">\ud83d\udcf1 Innebygd telefonlomme &#8211; Hold telefonen og sm\u00e5ting innen rekkevidde.<\/p>\n<p data-start=\"930\" data-end=\"998\">\ud83d\udee1 Slitesterkt PU-materiale &#8211; Motst\u00e5r slitasje for daglig bruk.<\/p>\n<p data-start=\"1000\" data-end=\"1069\">\ud83e\uddca Isolert innside &#8211; holder drikkevarene varme eller kalde lenger.<\/p>\n<p data-start=\"1071\" data-end=\"1154\">\ud83d\udca7 Lett og vannavst\u00f8tende &#8211; behagelig \u00e5 ha med seg hele dagen, uansett v\u00e6r.<\/p>\n<p data-start=\"1071\" data-end=\"1154\"><img decoding=\"async\" class=\"size-full wp-image-22104 aligncenter\" src=\"https:\/\/mekulo.com\/template\/wp-content\/uploads\/sites\/6\/2026\/01\/99b8941b419158d1f2301b7f13ab7183188806e0-700.jpg\" alt=\"\" width=\"1080\" height=\"1061\" \/><\/p>\n<h2 style=\"text-align: center;\" data-start=\"1161\" data-end=\"1175\"><strong>Hvordan bruke \ud83d\udccc<\/strong><\/h2>\n<ol data-start=\"1177\" data-end=\"1422\">\n<li data-start=\"1177\" data-end=\"1234\">\n<p data-start=\"1180\" data-end=\"1234\">Plasser vannflasken i hovedrommet.<\/p>\n<\/li>\n<li data-start=\"1235\" data-end=\"1284\">\n<p data-start=\"1238\" data-end=\"1284\">Oppbevar telefonen eller n\u00f8klene i sidelommen.<\/p>\n<\/li>\n<li data-start=\"1285\" data-end=\"1332\">\n<p data-start=\"1288\" data-end=\"1332\">Juster stroppen til \u00f8nsket lengde.<\/p>\n<\/li>\n<li data-start=\"1333\" data-end=\"1375\">\n<p data-start=\"1336\" data-end=\"1375\">B\u00e6r den p\u00e5 tvers av kroppen eller p\u00e5 den ene skulderen.<\/p>\n<\/li>\n<li data-start=\"1376\" data-end=\"1422\">\n<p data-start=\"1379\" data-end=\"1422\">Nytt h\u00e5ndfri hydrering uansett hvor du g\u00e5r.<\/p>\n<\/li>\n<\/ol>\n<h2 style=\"text-align: center;\" data-start=\"1429\" data-end=\"1448\"><strong>Produktdetaljer \ud83d\udccf<\/strong><\/h2>\n<ul data-start=\"1450\" data-end=\"1644\">\n<li data-start=\"1450\" data-end=\"1477\">\n<p data-start=\"1452\" data-end=\"1477\">Stil: Urban enkelhet<\/p>\n<\/li>\n<li data-start=\"1478\" data-end=\"1502\">\n<p data-start=\"1480\" data-end=\"1502\">Materiale: Slitesterk PU<\/p>\n<\/li>\n<li data-start=\"1503\" data-end=\"1519\">\n<p data-start=\"1505\" data-end=\"1519\">St\u00f8rrelse: 23 x 20 x 9,5 cm<\/p>\n<\/li>\n<li data-start=\"1520\" data-end=\"1551\">\n<p data-start=\"1522\" data-end=\"1551\">Lukking: L\u00e5sbar lukking<\/p>\n<\/li>\n<li data-start=\"1552\" data-end=\"1595\">\n<p data-start=\"1554\" data-end=\"1595\">Stropp: Enkel justerbar skulderrem (119 cm)<\/p>\n<\/li>\n<\/ul>\n<h2 style=\"text-align: center;\" data-start=\"1651\" data-end=\"1671\"><strong>Pakken inneholder \ud83d\udce6<\/strong><\/h2>\n<ul data-start=\"1673\" data-end=\"1701\">\n<li data-start=\"1673\" data-end=\"1701\">\n<p data-start=\"1675\" data-end=\"1701\">1x b\u00e6reveske for vannflaske.<\/p>\n<\/li>\n<\/ul>\n","protected":false},"excerpt":{"rendered":"<p>\ud83d\udca6Denne vannflaskeholderen holder drikkeflasken din sikker og lett tilgjengelig, enten du g\u00e5r, handler, reiser eller er utend\u00f8rs.<br \/>\n\ud83d\udc5cMed et rent, urbant utseende og smart oppbevaring slipper du \u00e5 b\u00e6re flasker for h\u00e5nd eller stappe dem ned i vesker.<br \/>\n\ud83d\udcf1Den har plass til flasken, telefonen og andre sm\u00e5ting p\u00e5 ett og samme sted.<\/p>\n","protected":false},"featured_media":20075,"comment_status":"open","ping_status":"closed","template":"","meta":{"site-sidebar-layout":"default","site-content-layout":"","ast-site-content-layout":"default","site-content-style":"default","site-sidebar-style":"default","ast-global-header-display":"","ast-banner-title-visibility":"","ast-main-header-display":"","ast-hfb-above-header-display":"","ast-hfb-below-header-display":"","ast-hfb-mobile-header-display":"","site-post-title":"","ast-breadcrumbs-content":"","ast-featured-img":"","footer-sml-layout":"","theme-transparent-header-meta":"default","adv-header-id-meta":"","stick-header-meta":"","header-above-stick-meta":"","header-main-stick-meta":"","header-below-stick-meta":"","astra-migrate-meta-layouts":"set","ast-page-background-enabled":"default","ast-page-background-meta":{"desktop":{"background-color":"var(--ast-global-color-5)","background-image":"","background-repeat":"repeat","background-position":"center center","background-size":"auto","background-attachment":"scroll","background-type":"","background-media":"","overlay-type":"","overlay-color":"","overlay-opacity":"","overlay-gradient":""},"tablet":{"background-color":"","background-image":"","background-repeat":"repeat","background-position":"center center","background-size":"auto","background-attachment":"scroll","background-type":"","background-media":"","overlay-type":"","overlay-color":"","overlay-opacity":"","overlay-gradient":""},"mobile":{"background-color":"","background-image":"","background-repeat":"repeat","background-position":"center center","background-size":"auto","background-attachment":"scroll","background-type":"","background-media":"","overlay-type":"","overlay-color":"","overlay-opacity":"","overlay-gradient":""}},"ast-content-background-meta":{"desktop":{"background-color":"var(--ast-global-color-4)","background-image":"","background-repeat":"repeat","background-position":"center center","background-size":"auto","background-attachment":"scroll","background-type":"","background-media":"","overlay-type":"","overlay-color":"","overlay-opacity":"","overlay-gradient":""},"tablet":{"background-color":"var(--ast-global-color-4)","background-image":"","background-repeat":"repeat","background-position":"center center","background-size":"auto","background-attachment":"scroll","background-type":"","background-media":"","overlay-type":"","overlay-color":"","overlay-opacity":"","overlay-gradient":""},"mobile":{"background-color":"var(--ast-global-color-4)","background-image":"","background-repeat":"repeat","background-position":"center center","background-size":"auto","background-attachment":"scroll","background-type":"","background-media":"","overlay-type":"","overlay-color":"","overlay-opacity":"","overlay-gradient":""}}},"product_brand":[],"product_cat":[165,164],"product_tag":[],"class_list":{"0":"post-20079","1":"product","2":"type-product","3":"status-publish","4":"has-post-thumbnail","6":"product_cat-fottoy-tilbehor","7":"product_cat-klesplagg-for-kvinner","8":"pa_51874_5blnmku6-bla","9":"pa_51874_5blnmku6-brun","10":"pa_51874_5blnmku6-hvit","11":"pa_51874_5blnmku6-lilla","12":"pa_51874_5blnmku6-rosa","13":"pa_51874_5blnmku6-svart","14":"desktop-align-left","15":"tablet-align-left","16":"mobile-align-left","18":"first","19":"instock","20":"shipping-taxable","21":"purchasable","22":"product-type-variable"},"yoast_head":"<!-- This site is optimized with the Yoast SEO plugin v26.6 - https:\/\/yoast.com\/wordpress\/plugins\/seo\/ -->\n<title>B\u00e6repose for vannflaske - Mekulo NO<\/title>\n<meta name=\"robots\" content=\"index, follow, max-snippet:-1, max-image-preview:large, max-video-preview:-1\" \/>\n<link rel=\"canonical\" href=\"https:\/\/mekulo.com\/no\/produkt\/baerepose-for-vannflaske\/\" \/>\n<meta property=\"og:locale\" content=\"nb_NO\" \/>\n<meta property=\"og:type\" content=\"article\" \/>\n<meta property=\"og:title\" content=\"B\u00e6repose for vannflaske - Mekulo NO\" \/>\n<meta property=\"og:description\" content=\"\ud83d\udca6Denne vannflaskeholderen holder drikkeflasken din sikker og lett tilgjengelig, enten du g\u00e5r, handler, reiser eller er utend\u00f8rs. \ud83d\udc5cMed et rent, urbant utseende og smart oppbevaring slipper du \u00e5 b\u00e6re flasker for h\u00e5nd eller stappe dem ned i vesker. \ud83d\udcf1Den har plass til flasken, telefonen og andre sm\u00e5ting p\u00e5 ett og samme sted.\" \/>\n<meta property=\"og:url\" content=\"https:\/\/mekulo.com\/no\/produkt\/baerepose-for-vannflaske\/\" \/>\n<meta property=\"og:site_name\" content=\"Mekulo NO\" \/>\n<meta property=\"article:modified_time\" content=\"2026-01-29T13:35:51+00:00\" \/>\n<meta property=\"og:image\" content=\"https:\/\/mekulo.com\/no\/wp-content\/uploads\/sites\/10\/2026\/01\/knvgzxn-1.jpg\" \/>\n\t<meta property=\"og:image:width\" content=\"575\" \/>\n\t<meta property=\"og:image:height\" content=\"523\" \/>\n\t<meta property=\"og:image:type\" content=\"image\/jpeg\" \/>\n<meta name=\"twitter:card\" content=\"summary_large_image\" \/>\n<meta name=\"twitter:label1\" content=\"Ansl. lesetid\" \/>\n\t<meta name=\"twitter:data1\" content=\"2 minutter\" \/>\n<script type=\"application\/ld+json\" class=\"yoast-schema-graph\">{\"@context\":\"https:\/\/schema.org\",\"@graph\":[{\"@type\":\"WebPage\",\"@id\":\"https:\/\/mekulo.com\/no\/produkt\/baerepose-for-vannflaske\/\",\"url\":\"https:\/\/mekulo.com\/no\/produkt\/baerepose-for-vannflaske\/\",\"name\":\"B\u00e6repose for vannflaske - Mekulo NO\",\"isPartOf\":{\"@id\":\"https:\/\/mekulo.com\/no\/#website\"},\"primaryImageOfPage\":{\"@id\":\"https:\/\/mekulo.com\/no\/produkt\/baerepose-for-vannflaske\/#primaryimage\"},\"image\":{\"@id\":\"https:\/\/mekulo.com\/no\/produkt\/baerepose-for-vannflaske\/#primaryimage\"},\"thumbnailUrl\":\"https:\/\/mekulo.com\/no\/wp-content\/uploads\/sites\/10\/2026\/01\/knvgzxn-1.jpg\",\"datePublished\":\"2026-01-28T13:38:32+00:00\",\"dateModified\":\"2026-01-29T13:35:51+00:00\",\"breadcrumb\":{\"@id\":\"https:\/\/mekulo.com\/no\/produkt\/baerepose-for-vannflaske\/#breadcrumb\"},\"inLanguage\":\"nb-NO\",\"potentialAction\":[{\"@type\":\"ReadAction\",\"target\":[\"https:\/\/mekulo.com\/no\/produkt\/baerepose-for-vannflaske\/\"]}]},{\"@type\":\"ImageObject\",\"inLanguage\":\"nb-NO\",\"@id\":\"https:\/\/mekulo.com\/no\/produkt\/baerepose-for-vannflaske\/#primaryimage\",\"url\":\"https:\/\/mekulo.com\/no\/wp-content\/uploads\/sites\/10\/2026\/01\/knvgzxn-1.jpg\",\"contentUrl\":\"https:\/\/mekulo.com\/no\/wp-content\/uploads\/sites\/10\/2026\/01\/knvgzxn-1.jpg\",\"width\":575,\"height\":523},{\"@type\":\"BreadcrumbList\",\"@id\":\"https:\/\/mekulo.com\/no\/produkt\/baerepose-for-vannflaske\/#breadcrumb\",\"itemListElement\":[{\"@type\":\"ListItem\",\"position\":1,\"name\":\"Home\",\"item\":\"https:\/\/mekulo.com\/no\/\"},{\"@type\":\"ListItem\",\"position\":2,\"name\":\"Butikk\",\"item\":\"https:\/\/mekulo.com\/no\/butikk\/\"},{\"@type\":\"ListItem\",\"position\":3,\"name\":\"B\u00e6repose for vannflaske\"}]},{\"@type\":\"WebSite\",\"@id\":\"https:\/\/mekulo.com\/no\/#website\",\"url\":\"https:\/\/mekulo.com\/no\/\",\"name\":\"Mekulo NO\",\"description\":\"\",\"publisher\":{\"@id\":\"https:\/\/mekulo.com\/no\/#organization\"},\"potentialAction\":[{\"@type\":\"SearchAction\",\"target\":{\"@type\":\"EntryPoint\",\"urlTemplate\":\"https:\/\/mekulo.com\/no\/?s={search_term_string}\"},\"query-input\":{\"@type\":\"PropertyValueSpecification\",\"valueRequired\":true,\"valueName\":\"search_term_string\"}}],\"inLanguage\":\"nb-NO\"},{\"@type\":\"Organization\",\"@id\":\"https:\/\/mekulo.com\/no\/#organization\",\"name\":\"Mekulo\",\"url\":\"https:\/\/mekulo.com\/no\/\",\"logo\":{\"@type\":\"ImageObject\",\"inLanguage\":\"nb-NO\",\"@id\":\"https:\/\/mekulo.com\/no\/#\/schema\/logo\/image\/\",\"url\":\"https:\/\/mekulo.com\/no\/wp-content\/uploads\/sites\/10\/2025\/12\/favicon_mekulo.png\",\"contentUrl\":\"https:\/\/mekulo.com\/no\/wp-content\/uploads\/sites\/10\/2025\/12\/favicon_mekulo.png\",\"width\":50,\"height\":50,\"caption\":\"Mekulo\"},\"image\":{\"@id\":\"https:\/\/mekulo.com\/no\/#\/schema\/logo\/image\/\"}}]}<\/script>\n<!-- \/ Yoast SEO plugin. -->","yoast_head_json":{"title":"B\u00e6repose for vannflaske - Mekulo NO","robots":{"index":"index","follow":"follow","max-snippet":"max-snippet:-1","max-image-preview":"max-image-preview:large","max-video-preview":"max-video-preview:-1"},"canonical":"https:\/\/mekulo.com\/no\/produkt\/baerepose-for-vannflaske\/","og_locale":"nb_NO","og_type":"article","og_title":"B\u00e6repose for vannflaske - Mekulo NO","og_description":"\ud83d\udca6Denne vannflaskeholderen holder drikkeflasken din sikker og lett tilgjengelig, enten du g\u00e5r, handler, reiser eller er utend\u00f8rs. \ud83d\udc5cMed et rent, urbant utseende og smart oppbevaring slipper du \u00e5 b\u00e6re flasker for h\u00e5nd eller stappe dem ned i vesker. \ud83d\udcf1Den har plass til flasken, telefonen og andre sm\u00e5ting p\u00e5 ett og samme sted.","og_url":"https:\/\/mekulo.com\/no\/produkt\/baerepose-for-vannflaske\/","og_site_name":"Mekulo NO","article_modified_time":"2026-01-29T13:35:51+00:00","og_image":[{"width":575,"height":523,"url":"https:\/\/mekulo.com\/no\/wp-content\/uploads\/sites\/10\/2026\/01\/knvgzxn-1.jpg","type":"image\/jpeg"}],"twitter_card":"summary_large_image","twitter_misc":{"Ansl. lesetid":"2 minutter"},"schema":{"@context":"https:\/\/schema.org","@graph":[{"@type":"WebPage","@id":"https:\/\/mekulo.com\/no\/produkt\/baerepose-for-vannflaske\/","url":"https:\/\/mekulo.com\/no\/produkt\/baerepose-for-vannflaske\/","name":"B\u00e6repose for vannflaske - Mekulo NO","isPartOf":{"@id":"https:\/\/mekulo.com\/no\/#website"},"primaryImageOfPage":{"@id":"https:\/\/mekulo.com\/no\/produkt\/baerepose-for-vannflaske\/#primaryimage"},"image":{"@id":"https:\/\/mekulo.com\/no\/produkt\/baerepose-for-vannflaske\/#primaryimage"},"thumbnailUrl":"https:\/\/mekulo.com\/no\/wp-content\/uploads\/sites\/10\/2026\/01\/knvgzxn-1.jpg","datePublished":"2026-01-28T13:38:32+00:00","dateModified":"2026-01-29T13:35:51+00:00","breadcrumb":{"@id":"https:\/\/mekulo.com\/no\/produkt\/baerepose-for-vannflaske\/#breadcrumb"},"inLanguage":"nb-NO","potentialAction":[{"@type":"ReadAction","target":["https:\/\/mekulo.com\/no\/produkt\/baerepose-for-vannflaske\/"]}]},{"@type":"ImageObject","inLanguage":"nb-NO","@id":"https:\/\/mekulo.com\/no\/produkt\/baerepose-for-vannflaske\/#primaryimage","url":"https:\/\/mekulo.com\/no\/wp-content\/uploads\/sites\/10\/2026\/01\/knvgzxn-1.jpg","contentUrl":"https:\/\/mekulo.com\/no\/wp-content\/uploads\/sites\/10\/2026\/01\/knvgzxn-1.jpg","width":575,"height":523},{"@type":"BreadcrumbList","@id":"https:\/\/mekulo.com\/no\/produkt\/baerepose-for-vannflaske\/#breadcrumb","itemListElement":[{"@type":"ListItem","position":1,"name":"Home","item":"https:\/\/mekulo.com\/no\/"},{"@type":"ListItem","position":2,"name":"Butikk","item":"https:\/\/mekulo.com\/no\/butikk\/"},{"@type":"ListItem","position":3,"name":"B\u00e6repose for vannflaske"}]},{"@type":"WebSite","@id":"https:\/\/mekulo.com\/no\/#website","url":"https:\/\/mekulo.com\/no\/","name":"Mekulo NO","description":"","publisher":{"@id":"https:\/\/mekulo.com\/no\/#organization"},"potentialAction":[{"@type":"SearchAction","target":{"@type":"EntryPoint","urlTemplate":"https:\/\/mekulo.com\/no\/?s={search_term_string}"},"query-input":{"@type":"PropertyValueSpecification","valueRequired":true,"valueName":"search_term_string"}}],"inLanguage":"nb-NO"},{"@type":"Organization","@id":"https:\/\/mekulo.com\/no\/#organization","name":"Mekulo","url":"https:\/\/mekulo.com\/no\/","logo":{"@type":"ImageObject","inLanguage":"nb-NO","@id":"https:\/\/mekulo.com\/no\/#\/schema\/logo\/image\/","url":"https:\/\/mekulo.com\/no\/wp-content\/uploads\/sites\/10\/2025\/12\/favicon_mekulo.png","contentUrl":"https:\/\/mekulo.com\/no\/wp-content\/uploads\/sites\/10\/2025\/12\/favicon_mekulo.png","width":50,"height":50,"caption":"Mekulo"},"image":{"@id":"https:\/\/mekulo.com\/no\/#\/schema\/logo\/image\/"}}]}},"_links":{"self":[{"href":"https:\/\/mekulo.com\/no\/wp-json\/wp\/v2\/product\/20079","targetHints":{"allow":["GET"]}}],"collection":[{"href":"https:\/\/mekulo.com\/no\/wp-json\/wp\/v2\/product"}],"about":[{"href":"https:\/\/mekulo.com\/no\/wp-json\/wp\/v2\/types\/product"}],"replies":[{"embeddable":true,"href":"https:\/\/mekulo.com\/no\/wp-json\/wp\/v2\/comments?post=20079"}],"wp:featuredmedia":[{"embeddable":true,"href":"https:\/\/mekulo.com\/no\/wp-json\/wp\/v2\/media\/20075"}],"wp:attachment":[{"href":"https:\/\/mekulo.com\/no\/wp-json\/wp\/v2\/media?parent=20079"}],"wp:term":[{"taxonomy":"product_brand","embeddable":true,"href":"https:\/\/mekulo.com\/no\/wp-json\/wp\/v2\/product_brand?post=20079"},{"taxonomy":"product_cat","embeddable":true,"href":"https:\/\/mekulo.com\/no\/wp-json\/wp\/v2\/product_cat?post=20079"},{"taxonomy":"product_tag","embeddable":true,"href":"https:\/\/mekulo.com\/no\/wp-json\/wp\/v2\/product_tag?post=20079"}],"curies":[{"name":"wp","href":"https:\/\/api.w.org\/{rel}","templated":true}]}}