{"id":20063,"date":"2026-01-28T15:36:37","date_gmt":"2026-01-28T13:36:37","guid":{"rendered":"https:\/\/mekulo.com\/no\/produkt\/baerbart-usb-sett-med-elektrisk-loddebolt\/"},"modified":"2026-02-03T18:12:13","modified_gmt":"2026-02-03T16:12:13","slug":"baerbart-usb-sett-med-elektrisk-loddebolt","status":"publish","type":"product","link":"https:\/\/mekulo.com\/no\/produkt\/baerbart-usb-sett-med-elektrisk-loddebolt\/","title":{"rendered":"B\u00e6rbart USB-sett med elektrisk loddebolt"},"content":{"rendered":"<p style=\"text-align: center\" data-start=\"46\" data-end=\"118\"><strong data-start=\"46\" data-end=\"118\">Lodd Raskt Og Presist Hvor Som Helst Med Rask USB-Drevet Oppvarming. \ud83e\udee0<\/strong><\/p>\n<p data-start=\"46\" data-end=\"118\"><img fetchpriority=\"high\" decoding=\"async\" class=\"size-full wp-image-22088 aligncenter\" src=\"https:\/\/mekulo.com\/template\/wp-content\/uploads\/sites\/6\/2026\/01\/S64c112195ce74f1085c01b661207ec4fY.jpeg_960x960q75.jpeg_.jpg\" alt=\"\" width=\"1080\" height=\"1080\" \/><\/p>\n<h2 style=\"text-align: center\" data-start=\"709\" data-end=\"726\">Hovedfordeler \ud83d\udc68\u200d\ud83d\udd27<\/h2>\n<p data-start=\"728\" data-end=\"787\">\ud83d\udd25 Rask oppvarming &#8211; smelter loddetinn p\u00e5 mindre enn 15 sekunder.<\/p>\n<p data-start=\"789\" data-end=\"844\">\ud83d\udd0b USB-oppladbar &#8211; drives av en hvilken som helst 5V USB-kilde.<\/p>\n<p data-start=\"846\" data-end=\"916\">\ud83c\udf21 Justerbar temperatur &#8211; tre varmeniv\u00e5er fra 330 \u00b0 C til 450 \u00b0 C.<\/p>\n<p data-start=\"918\" data-end=\"986\">\ud83e\udde0 Automatisk hvilemodus &#8211; Sl\u00e5r seg av etter 10 minutter for sikkerhets skyld.<\/p>\n<p data-start=\"988\" data-end=\"1044\">\ud83e\uddf3 B\u00e6rbar og lett &#8211; Enkel \u00e5 b\u00e6re og oppbevare.<\/p>\n<p data-start=\"1046\" data-end=\"1113\">\ud83d\udd29 Presis liten spiss &#8211; Perfekt for SMD og fine loddejobber.<\/p>\n<p data-start=\"1046\" data-end=\"1113\"><img decoding=\"async\" class=\"size-full wp-image-22089 aligncenter\" src=\"https:\/\/mekulo.com\/template\/wp-content\/uploads\/sites\/6\/2026\/01\/2ce2de3cf5cad697ae93e01cfb383dae1e74f309-800.jpg\" alt=\"\" width=\"1080\" height=\"1080\" \/><\/p>\n<h2 style=\"text-align: center\" data-start=\"1120\" data-end=\"1134\">Slik Bruker Du \ud83d\udccc<\/h2>\n<ol data-start=\"1136\" data-end=\"1457\">\n<li data-start=\"1136\" data-end=\"1190\">\n<p data-start=\"1139\" data-end=\"1190\">Koble loddebolten til en USB-str\u00f8mkilde.<\/p>\n<\/li>\n<li data-start=\"1191\" data-end=\"1256\">\n<p data-start=\"1194\" data-end=\"1256\">Trykk og hold inne str\u00f8mknappen i 2 sekunder for \u00e5 sl\u00e5 den p\u00e5.<\/p>\n<\/li>\n<li data-start=\"1257\" data-end=\"1314\">\n<p data-start=\"1260\" data-end=\"1314\">Velg temperaturniv\u00e5 ved \u00e5 trykke p\u00e5 knappen.<\/p>\n<\/li>\n<li data-start=\"1315\" data-end=\"1357\">\n<p data-start=\"1318\" data-end=\"1357\">Vent noen sekunder til den varmes opp.<\/p>\n<\/li>\n<li data-start=\"1358\" data-end=\"1395\">\n<p data-start=\"1361\" data-end=\"1395\">Begynn \u00e5 lodde komponentene dine.<\/p>\n<\/li>\n<li data-start=\"1396\" data-end=\"1457\">\n<p data-start=\"1399\" data-end=\"1457\">Strykejernet g\u00e5r automatisk i hvilemodus etter 10 minutter.<\/p>\n<\/li>\n<\/ol>\n<h2 style=\"text-align: center\" data-start=\"1464\" data-end=\"1483\">Produktdetaljer \ud83d\udccf<\/h2>\n<ul data-start=\"1485\" data-end=\"1789\">\n<li data-start=\"1527\" data-end=\"1543\">\n<p data-start=\"1529\" data-end=\"1543\">Effekt: 8-10W<\/p>\n<\/li>\n<li data-start=\"1544\" data-end=\"1578\">\n<p data-start=\"1546\" data-end=\"1578\">Temperaturomr\u00e5de: 330 \u00b0 C-450 \u00b0 C<\/p>\n<\/li>\n<li data-start=\"1579\" data-end=\"1613\">\n<p data-start=\"1581\" data-end=\"1613\">Oppvarmingstid: Under 15 sekunder<\/p>\n<\/li>\n<li data-start=\"1614\" data-end=\"1692\">\n<p data-start=\"1616\" data-end=\"1640\">Temperaturindikator:<\/p>\n<ul data-start=\"1643\" data-end=\"1692\">\n<li data-start=\"1643\" data-end=\"1657\">\n<p data-start=\"1645\" data-end=\"1657\">Gr\u00f8nn: Lav<\/p>\n<\/li>\n<li data-start=\"1660\" data-end=\"1676\">\n<p data-start=\"1662\" data-end=\"1676\">Bl\u00e5: Medium<\/p>\n<\/li>\n<li data-start=\"1679\" data-end=\"1692\">\n<p data-start=\"1681\" data-end=\"1692\">R\u00f8d: H\u00f8y<\/p>\n<\/li>\n<\/ul>\n<\/li>\n<li data-start=\"1693\" data-end=\"1724\">\n<p data-start=\"1695\" data-end=\"1724\">Automatisk hvilemodus: 10 minutter<\/p>\n<\/li>\n<li data-start=\"1725\" data-end=\"1754\">\n<p data-start=\"1727\" data-end=\"1754\">Materiale: Rustfritt st\u00e5l<\/p>\n<\/li>\n<li data-start=\"1755\" data-end=\"1789\">\n<p data-start=\"1757\" data-end=\"1789\">Pakningsst\u00f8rrelse: 150 x 80 x 45 mm<\/p>\n<\/li>\n<\/ul>\n<h2 style=\"text-align: center\" data-start=\"1796\" data-end=\"1816\">Pakken inkluderer \ud83d\udce6<\/h2>\n<ul data-start=\"1818\" data-end=\"1955\">\n<li data-start=\"1818\" data-end=\"1844\">\n<p data-start=\"1820\" data-end=\"1844\">1x USB-loddebolt<\/p>\n<\/li>\n<li data-start=\"1845\" data-end=\"1871\">\n<p data-start=\"1847\" data-end=\"1871\">1x loddeboltspiss<\/p>\n<\/li>\n<li data-start=\"1872\" data-end=\"1894\">\n<p data-start=\"1874\" data-end=\"1894\">1x USB-datakabel<\/p>\n<\/li>\n<li data-start=\"1895\" data-end=\"1918\">\n<p data-start=\"1897\" data-end=\"1918\">1x loddestativ<\/p>\n<\/li>\n<li data-start=\"1919\" data-end=\"1935\">\n<p data-start=\"1921\" data-end=\"1935\">1x tinntr\u00e5d<\/p>\n<\/li>\n<li data-start=\"1936\" data-end=\"1955\">\n<p data-start=\"1938\" data-end=\"1955\">1x brukerh\u00e5ndbok.<\/p>\n<\/li>\n<\/ul>\n","protected":false},"excerpt":{"rendered":"<p>\ud83d\udd25Designet for bekvemmelighet og effektivitet, n\u00e5r dette b\u00e6rbare USB-settet med elektrisk loddebolt arbeidstemperatur p\u00e5 under 15 sekunder.<br \/>\n\ud83c\udf21Det har justerbare varmeinnstillinger for ulike oppgaver og kj\u00f8ler seg raskt ned etter bruk.<br \/>\n\ud83c\udfe0Den lette st\u00f8rrelsen gj\u00f8r den ideell for reiser, reparasjoner ute i felten og detaljert loddearbeid.<\/p>\n","protected":false},"featured_media":20059,"comment_status":"open","ping_status":"closed","template":"","meta":{"site-sidebar-layout":"default","site-content-layout":"","ast-site-content-layout":"default","site-content-style":"default","site-sidebar-style":"default","ast-global-header-display":"","ast-banner-title-visibility":"","ast-main-header-display":"","ast-hfb-above-header-display":"","ast-hfb-below-header-display":"","ast-hfb-mobile-header-display":"","site-post-title":"","ast-breadcrumbs-content":"","ast-featured-img":"","footer-sml-layout":"","ast-disable-related-posts":"","theme-transparent-header-meta":"default","adv-header-id-meta":"","stick-header-meta":"","header-above-stick-meta":"","header-main-stick-meta":"","header-below-stick-meta":"","astra-migrate-meta-layouts":"set","ast-page-background-enabled":"default","ast-page-background-meta":{"desktop":{"background-color":"var(--ast-global-color-5)","background-image":"","background-repeat":"repeat","background-position":"center center","background-size":"auto","background-attachment":"scroll","background-type":"","background-media":"","overlay-type":"","overlay-color":"","overlay-opacity":"","overlay-gradient":""},"tablet":{"background-color":"","background-image":"","background-repeat":"repeat","background-position":"center center","background-size":"auto","background-attachment":"scroll","background-type":"","background-media":"","overlay-type":"","overlay-color":"","overlay-opacity":"","overlay-gradient":""},"mobile":{"background-color":"","background-image":"","background-repeat":"repeat","background-position":"center center","background-size":"auto","background-attachment":"scroll","background-type":"","background-media":"","overlay-type":"","overlay-color":"","overlay-opacity":"","overlay-gradient":""}},"ast-content-background-meta":{"desktop":{"background-color":"var(--ast-global-color-4)","background-image":"","background-repeat":"repeat","background-position":"center center","background-size":"auto","background-attachment":"scroll","background-type":"","background-media":"","overlay-type":"","overlay-color":"","overlay-opacity":"","overlay-gradient":""},"tablet":{"background-color":"var(--ast-global-color-4)","background-image":"","background-repeat":"repeat","background-position":"center center","background-size":"auto","background-attachment":"scroll","background-type":"","background-media":"","overlay-type":"","overlay-color":"","overlay-opacity":"","overlay-gradient":""},"mobile":{"background-color":"var(--ast-global-color-4)","background-image":"","background-repeat":"repeat","background-position":"center center","background-size":"auto","background-attachment":"scroll","background-type":"","background-media":"","overlay-type":"","overlay-color":"","overlay-opacity":"","overlay-gradient":""}}},"product_brand":[],"product_cat":[171],"product_tag":[],"class_list":{"0":"post-20063","1":"product","2":"type-product","3":"status-publish","4":"has-post-thumbnail","6":"product_cat-verktoy","7":"pa_51796_okorvp4i-a","8":"pa_51796_okorvp4i-b","9":"pa_51796_okorvp4i-sett-av-a-og-b","10":"desktop-align-left","11":"tablet-align-left","12":"mobile-align-left","14":"first","15":"instock","16":"shipping-taxable","17":"purchasable","18":"product-type-variable"},"yoast_head":"<!-- This site is optimized with the Yoast SEO plugin v27.4 - https:\/\/yoast.com\/product\/yoast-seo-wordpress\/ -->\n<title>B\u00e6rbart USB-sett med elektrisk loddebolt - Mekulo NO<\/title>\n<meta name=\"robots\" content=\"index, follow, max-snippet:-1, max-image-preview:large, max-video-preview:-1\" \/>\n<link rel=\"canonical\" href=\"https:\/\/mekulo.com\/no\/produkt\/baerbart-usb-sett-med-elektrisk-loddebolt\/\" \/>\n<meta property=\"og:locale\" content=\"nb_NO\" \/>\n<meta property=\"og:type\" content=\"article\" \/>\n<meta property=\"og:title\" content=\"B\u00e6rbart USB-sett med elektrisk loddebolt - Mekulo NO\" \/>\n<meta property=\"og:description\" content=\"\ud83d\udd25Designet for bekvemmelighet og effektivitet, n\u00e5r dette b\u00e6rbare USB-settet med elektrisk loddebolt arbeidstemperatur p\u00e5 under 15 sekunder. \ud83c\udf21Det har justerbare varmeinnstillinger for ulike oppgaver og kj\u00f8ler seg raskt ned etter bruk. \ud83c\udfe0Den lette st\u00f8rrelsen gj\u00f8r den ideell for reiser, reparasjoner ute i felten og detaljert loddearbeid.\" \/>\n<meta property=\"og:url\" content=\"https:\/\/mekulo.com\/no\/produkt\/baerbart-usb-sett-med-elektrisk-loddebolt\/\" \/>\n<meta property=\"og:site_name\" content=\"Mekulo NO\" \/>\n<meta property=\"article:modified_time\" content=\"2026-02-03T16:12:13+00:00\" \/>\n<meta property=\"og:image\" content=\"https:\/\/mekulo.com\/no\/wp-content\/uploads\/sites\/10\/2026\/01\/psexp2x-1.jpg\" \/>\n\t<meta property=\"og:image:width\" content=\"800\" \/>\n\t<meta property=\"og:image:height\" content=\"800\" \/>\n\t<meta property=\"og:image:type\" content=\"image\/jpeg\" \/>\n<meta name=\"twitter:card\" content=\"summary_large_image\" \/>\n<meta name=\"twitter:label1\" content=\"Ansl. lesetid\" \/>\n\t<meta name=\"twitter:data1\" content=\"2 minutter\" \/>\n<script type=\"application\/ld+json\" class=\"yoast-schema-graph\">{\"@context\":\"https:\\\/\\\/schema.org\",\"@graph\":[{\"@type\":\"WebPage\",\"@id\":\"https:\\\/\\\/mekulo.com\\\/no\\\/produkt\\\/baerbart-usb-sett-med-elektrisk-loddebolt\\\/\",\"url\":\"https:\\\/\\\/mekulo.com\\\/no\\\/produkt\\\/baerbart-usb-sett-med-elektrisk-loddebolt\\\/\",\"name\":\"B\u00e6rbart USB-sett med elektrisk loddebolt - Mekulo NO\",\"isPartOf\":{\"@id\":\"https:\\\/\\\/mekulo.com\\\/no\\\/#website\"},\"primaryImageOfPage\":{\"@id\":\"https:\\\/\\\/mekulo.com\\\/no\\\/produkt\\\/baerbart-usb-sett-med-elektrisk-loddebolt\\\/#primaryimage\"},\"image\":{\"@id\":\"https:\\\/\\\/mekulo.com\\\/no\\\/produkt\\\/baerbart-usb-sett-med-elektrisk-loddebolt\\\/#primaryimage\"},\"thumbnailUrl\":\"https:\\\/\\\/mekulo.com\\\/no\\\/wp-content\\\/uploads\\\/sites\\\/10\\\/2026\\\/01\\\/psexp2x-1.jpg\",\"datePublished\":\"2026-01-28T13:36:37+00:00\",\"dateModified\":\"2026-02-03T16:12:13+00:00\",\"breadcrumb\":{\"@id\":\"https:\\\/\\\/mekulo.com\\\/no\\\/produkt\\\/baerbart-usb-sett-med-elektrisk-loddebolt\\\/#breadcrumb\"},\"inLanguage\":\"nb-NO\",\"potentialAction\":[{\"@type\":\"ReadAction\",\"target\":[\"https:\\\/\\\/mekulo.com\\\/no\\\/produkt\\\/baerbart-usb-sett-med-elektrisk-loddebolt\\\/\"]}]},{\"@type\":\"ImageObject\",\"inLanguage\":\"nb-NO\",\"@id\":\"https:\\\/\\\/mekulo.com\\\/no\\\/produkt\\\/baerbart-usb-sett-med-elektrisk-loddebolt\\\/#primaryimage\",\"url\":\"https:\\\/\\\/mekulo.com\\\/no\\\/wp-content\\\/uploads\\\/sites\\\/10\\\/2026\\\/01\\\/psexp2x-1.jpg\",\"contentUrl\":\"https:\\\/\\\/mekulo.com\\\/no\\\/wp-content\\\/uploads\\\/sites\\\/10\\\/2026\\\/01\\\/psexp2x-1.jpg\",\"width\":800,\"height\":800},{\"@type\":\"BreadcrumbList\",\"@id\":\"https:\\\/\\\/mekulo.com\\\/no\\\/produkt\\\/baerbart-usb-sett-med-elektrisk-loddebolt\\\/#breadcrumb\",\"itemListElement\":[{\"@type\":\"ListItem\",\"position\":1,\"name\":\"Home\",\"item\":\"https:\\\/\\\/mekulo.com\\\/no\\\/\"},{\"@type\":\"ListItem\",\"position\":2,\"name\":\"Butikk\",\"item\":\"https:\\\/\\\/mekulo.com\\\/no\\\/butikk\\\/\"},{\"@type\":\"ListItem\",\"position\":3,\"name\":\"B\u00e6rbart USB-sett med elektrisk loddebolt\"}]},{\"@type\":\"WebSite\",\"@id\":\"https:\\\/\\\/mekulo.com\\\/no\\\/#website\",\"url\":\"https:\\\/\\\/mekulo.com\\\/no\\\/\",\"name\":\"Mekulo NO\",\"description\":\"\",\"publisher\":{\"@id\":\"https:\\\/\\\/mekulo.com\\\/no\\\/#organization\"},\"potentialAction\":[{\"@type\":\"SearchAction\",\"target\":{\"@type\":\"EntryPoint\",\"urlTemplate\":\"https:\\\/\\\/mekulo.com\\\/no\\\/?s={search_term_string}\"},\"query-input\":{\"@type\":\"PropertyValueSpecification\",\"valueRequired\":true,\"valueName\":\"search_term_string\"}}],\"inLanguage\":\"nb-NO\"},{\"@type\":\"Organization\",\"@id\":\"https:\\\/\\\/mekulo.com\\\/no\\\/#organization\",\"name\":\"Mekulo\",\"url\":\"https:\\\/\\\/mekulo.com\\\/no\\\/\",\"logo\":{\"@type\":\"ImageObject\",\"inLanguage\":\"nb-NO\",\"@id\":\"https:\\\/\\\/mekulo.com\\\/no\\\/#\\\/schema\\\/logo\\\/image\\\/\",\"url\":\"https:\\\/\\\/mekulo.com\\\/no\\\/wp-content\\\/uploads\\\/sites\\\/10\\\/2025\\\/12\\\/favicon_mekulo.png\",\"contentUrl\":\"https:\\\/\\\/mekulo.com\\\/no\\\/wp-content\\\/uploads\\\/sites\\\/10\\\/2025\\\/12\\\/favicon_mekulo.png\",\"width\":50,\"height\":50,\"caption\":\"Mekulo\"},\"image\":{\"@id\":\"https:\\\/\\\/mekulo.com\\\/no\\\/#\\\/schema\\\/logo\\\/image\\\/\"}}]}<\/script>\n<!-- \/ Yoast SEO plugin. -->","yoast_head_json":{"title":"B\u00e6rbart USB-sett med elektrisk loddebolt - Mekulo NO","robots":{"index":"index","follow":"follow","max-snippet":"max-snippet:-1","max-image-preview":"max-image-preview:large","max-video-preview":"max-video-preview:-1"},"canonical":"https:\/\/mekulo.com\/no\/produkt\/baerbart-usb-sett-med-elektrisk-loddebolt\/","og_locale":"nb_NO","og_type":"article","og_title":"B\u00e6rbart USB-sett med elektrisk loddebolt - Mekulo NO","og_description":"\ud83d\udd25Designet for bekvemmelighet og effektivitet, n\u00e5r dette b\u00e6rbare USB-settet med elektrisk loddebolt arbeidstemperatur p\u00e5 under 15 sekunder. \ud83c\udf21Det har justerbare varmeinnstillinger for ulike oppgaver og kj\u00f8ler seg raskt ned etter bruk. \ud83c\udfe0Den lette st\u00f8rrelsen gj\u00f8r den ideell for reiser, reparasjoner ute i felten og detaljert loddearbeid.","og_url":"https:\/\/mekulo.com\/no\/produkt\/baerbart-usb-sett-med-elektrisk-loddebolt\/","og_site_name":"Mekulo NO","article_modified_time":"2026-02-03T16:12:13+00:00","og_image":[{"width":800,"height":800,"url":"https:\/\/mekulo.com\/no\/wp-content\/uploads\/sites\/10\/2026\/01\/psexp2x-1.jpg","type":"image\/jpeg"}],"twitter_card":"summary_large_image","twitter_misc":{"Ansl. lesetid":"2 minutter"},"schema":{"@context":"https:\/\/schema.org","@graph":[{"@type":"WebPage","@id":"https:\/\/mekulo.com\/no\/produkt\/baerbart-usb-sett-med-elektrisk-loddebolt\/","url":"https:\/\/mekulo.com\/no\/produkt\/baerbart-usb-sett-med-elektrisk-loddebolt\/","name":"B\u00e6rbart USB-sett med elektrisk loddebolt - Mekulo NO","isPartOf":{"@id":"https:\/\/mekulo.com\/no\/#website"},"primaryImageOfPage":{"@id":"https:\/\/mekulo.com\/no\/produkt\/baerbart-usb-sett-med-elektrisk-loddebolt\/#primaryimage"},"image":{"@id":"https:\/\/mekulo.com\/no\/produkt\/baerbart-usb-sett-med-elektrisk-loddebolt\/#primaryimage"},"thumbnailUrl":"https:\/\/mekulo.com\/no\/wp-content\/uploads\/sites\/10\/2026\/01\/psexp2x-1.jpg","datePublished":"2026-01-28T13:36:37+00:00","dateModified":"2026-02-03T16:12:13+00:00","breadcrumb":{"@id":"https:\/\/mekulo.com\/no\/produkt\/baerbart-usb-sett-med-elektrisk-loddebolt\/#breadcrumb"},"inLanguage":"nb-NO","potentialAction":[{"@type":"ReadAction","target":["https:\/\/mekulo.com\/no\/produkt\/baerbart-usb-sett-med-elektrisk-loddebolt\/"]}]},{"@type":"ImageObject","inLanguage":"nb-NO","@id":"https:\/\/mekulo.com\/no\/produkt\/baerbart-usb-sett-med-elektrisk-loddebolt\/#primaryimage","url":"https:\/\/mekulo.com\/no\/wp-content\/uploads\/sites\/10\/2026\/01\/psexp2x-1.jpg","contentUrl":"https:\/\/mekulo.com\/no\/wp-content\/uploads\/sites\/10\/2026\/01\/psexp2x-1.jpg","width":800,"height":800},{"@type":"BreadcrumbList","@id":"https:\/\/mekulo.com\/no\/produkt\/baerbart-usb-sett-med-elektrisk-loddebolt\/#breadcrumb","itemListElement":[{"@type":"ListItem","position":1,"name":"Home","item":"https:\/\/mekulo.com\/no\/"},{"@type":"ListItem","position":2,"name":"Butikk","item":"https:\/\/mekulo.com\/no\/butikk\/"},{"@type":"ListItem","position":3,"name":"B\u00e6rbart USB-sett med elektrisk loddebolt"}]},{"@type":"WebSite","@id":"https:\/\/mekulo.com\/no\/#website","url":"https:\/\/mekulo.com\/no\/","name":"Mekulo NO","description":"","publisher":{"@id":"https:\/\/mekulo.com\/no\/#organization"},"potentialAction":[{"@type":"SearchAction","target":{"@type":"EntryPoint","urlTemplate":"https:\/\/mekulo.com\/no\/?s={search_term_string}"},"query-input":{"@type":"PropertyValueSpecification","valueRequired":true,"valueName":"search_term_string"}}],"inLanguage":"nb-NO"},{"@type":"Organization","@id":"https:\/\/mekulo.com\/no\/#organization","name":"Mekulo","url":"https:\/\/mekulo.com\/no\/","logo":{"@type":"ImageObject","inLanguage":"nb-NO","@id":"https:\/\/mekulo.com\/no\/#\/schema\/logo\/image\/","url":"https:\/\/mekulo.com\/no\/wp-content\/uploads\/sites\/10\/2025\/12\/favicon_mekulo.png","contentUrl":"https:\/\/mekulo.com\/no\/wp-content\/uploads\/sites\/10\/2025\/12\/favicon_mekulo.png","width":50,"height":50,"caption":"Mekulo"},"image":{"@id":"https:\/\/mekulo.com\/no\/#\/schema\/logo\/image\/"}}]}},"_links":{"self":[{"href":"https:\/\/mekulo.com\/no\/wp-json\/wp\/v2\/product\/20063","targetHints":{"allow":["GET"]}}],"collection":[{"href":"https:\/\/mekulo.com\/no\/wp-json\/wp\/v2\/product"}],"about":[{"href":"https:\/\/mekulo.com\/no\/wp-json\/wp\/v2\/types\/product"}],"replies":[{"embeddable":true,"href":"https:\/\/mekulo.com\/no\/wp-json\/wp\/v2\/comments?post=20063"}],"wp:featuredmedia":[{"embeddable":true,"href":"https:\/\/mekulo.com\/no\/wp-json\/wp\/v2\/media\/20059"}],"wp:attachment":[{"href":"https:\/\/mekulo.com\/no\/wp-json\/wp\/v2\/media?parent=20063"}],"wp:term":[{"taxonomy":"product_brand","embeddable":true,"href":"https:\/\/mekulo.com\/no\/wp-json\/wp\/v2\/product_brand?post=20063"},{"taxonomy":"product_cat","embeddable":true,"href":"https:\/\/mekulo.com\/no\/wp-json\/wp\/v2\/product_cat?post=20063"},{"taxonomy":"product_tag","embeddable":true,"href":"https:\/\/mekulo.com\/no\/wp-json\/wp\/v2\/product_tag?post=20063"}],"curies":[{"name":"wp","href":"https:\/\/api.w.org\/{rel}","templated":true}]}}