{"id":20028,"date":"2026-01-28T15:33:48","date_gmt":"2026-01-28T13:33:48","guid":{"rendered":"https:\/\/mekulo.com\/no\/produkt\/fleksibel-usb-oppladbar-boklampe\/"},"modified":"2026-02-03T17:11:30","modified_gmt":"2026-02-03T15:11:30","slug":"fleksibel-usb-oppladbar-boklampe","status":"publish","type":"product","link":"https:\/\/mekulo.com\/no\/produkt\/fleksibel-usb-oppladbar-boklampe\/","title":{"rendered":"Fleksibel USB-oppladbar boklampe"},"content":{"rendered":"<p style=\"text-align: center;\" data-start=\"42\" data-end=\"104\"><strong data-start=\"42\" data-end=\"104\">Les Komfortabelt Om Natten Med Mykt, \u00d8yesikkert Gult Lys. \ud83d\udc41\ufe0f<\/strong><\/p>\n<p data-start=\"42\" data-end=\"104\"><img fetchpriority=\"high\" decoding=\"async\" class=\"size-full wp-image-22055 aligncenter\" src=\"https:\/\/mekulo.com\/template\/wp-content\/uploads\/sites\/6\/2026\/01\/fec6827634ad107546cfe7e90425cbc7edcde31b.jpg\" alt=\"\" width=\"1080\" height=\"442\" \/><\/p>\n<h2 style=\"text-align: center;\" data-start=\"636\" data-end=\"653\">Hovedfordeler \ud83d\udcd6<\/h2>\n<p data-start=\"655\" data-end=\"726\">\ud83d\udc41 \u00d8yepleie ravfarget gl\u00f8d &#8211; 1800K varmt lys blokkerer 99,95% bl\u00e5tt lys.<\/p>\n<p data-start=\"728\" data-end=\"796\">\ud83d\udd0b USB-oppladbar &#8211; Innebygd USB lader uten ekstra kabler.<\/p>\n<p data-start=\"798\" data-end=\"863\">\ud83d\udca1 3 lysstyrkeniv\u00e5er &#8211; Velg 30%, 60% eller 100% lysstyrke.<\/p>\n<p data-start=\"865\" data-end=\"943\">\ud83d\udcd6 Klipp og bokmerke Design &#8211; Klips sikkert og brettes flatt n\u00e5r den ikke er i bruk.<\/p>\n<p data-start=\"945\" data-end=\"1018\">\ud83d\udd04 Fullstendig fleksibel vinkel &#8211; Juster lysretningen for perfekt visning.<\/p>\n<p data-start=\"1020\" data-end=\"1099\">\ud83e\udeb6 Lett og b\u00e6rbar &#8211; Bare 39 g, ideell for reise- og nattbordsbruk.<\/p>\n<p data-start=\"1020\" data-end=\"1099\"><img decoding=\"async\" class=\"size-full wp-image-22056 aligncenter\" src=\"https:\/\/mekulo.com\/template\/wp-content\/uploads\/sites\/6\/2026\/01\/1464x600_85df15b9-66d8-4b06-a376-dc1cbcde932b-1.jpg\" alt=\"\" width=\"1080\" height=\"442\" \/><\/p>\n<h2 style=\"text-align: center;\" data-start=\"1106\" data-end=\"1120\">Hvordan Du Bruker \ud83d\udccc<\/h2>\n<ol data-start=\"1122\" data-end=\"1355\">\n<li data-start=\"1122\" data-end=\"1168\">\n<p data-start=\"1125\" data-end=\"1168\">Klipp lyset p\u00e5 boken eller overflaten.<\/p>\n<\/li>\n<li data-start=\"1169\" data-end=\"1220\">\n<p data-start=\"1172\" data-end=\"1220\">B\u00f8y den fleksible armen til \u00f8nsket vinkel.<\/p>\n<\/li>\n<li data-start=\"1221\" data-end=\"1264\">\n<p data-start=\"1224\" data-end=\"1264\">Trykk p\u00e5 knappen for \u00e5 justere lysstyrken.<\/p>\n<\/li>\n<li data-start=\"1265\" data-end=\"1303\">\n<p data-start=\"1268\" data-end=\"1303\">Trykk lenge for \u00e5 sl\u00e5 lyset av.<\/p>\n<\/li>\n<li data-start=\"1304\" data-end=\"1355\">\n<p data-start=\"1307\" data-end=\"1355\">Lad opp ved \u00e5 koble direkte til en hvilken som helst USB-port.<\/p>\n<\/li>\n<\/ol>\n<h2 style=\"text-align: center;\" data-start=\"1362\" data-end=\"1381\">Produktdetaljer \ud83d\udccf<\/h2>\n<ul data-start=\"1383\" data-end=\"1680\">\n<li data-start=\"1383\" data-end=\"1413\">\n<p data-start=\"1385\" data-end=\"1413\">Lysfarge: Amber (1800K)<\/p>\n<\/li>\n<li data-start=\"1414\" data-end=\"1445\">\n<p data-start=\"1416\" data-end=\"1445\">Blokkering av bl\u00e5tt lys: 99,95%<\/p>\n<\/li>\n<li data-start=\"1446\" data-end=\"1480\">\n<p data-start=\"1448\" data-end=\"1480\">Batteri: 200mA litiumbatteri<\/p>\n<\/li>\n<li data-start=\"1481\" data-end=\"1515\">\n<p data-start=\"1483\" data-end=\"1515\">Ladetid: Ca. 1,5 timer<\/p>\n<\/li>\n<li data-start=\"1516\" data-end=\"1545\">\n<p data-start=\"1518\" data-end=\"1545\">Brukstid: Opptil 8 timer<\/p>\n<\/li>\n<li data-start=\"1546\" data-end=\"1589\">\n<p data-start=\"1548\" data-end=\"1589\">Lysstyrkeniv\u00e5er: 3 (30 % \/ 60 % \/ 100 %)<\/p>\n<\/li>\n<li data-start=\"1590\" data-end=\"1609\">\n<p data-start=\"1592\" data-end=\"1609\">Vekt: 39 g<\/p>\n<\/li>\n<li data-start=\"1610\" data-end=\"1649\">\n<p data-start=\"1612\" data-end=\"1649\">Vinkeljustering: 315\u00b0 fleksibel arm<\/p>\n<\/li>\n<li data-start=\"1650\" data-end=\"1680\">\n<p data-start=\"1652\" data-end=\"1680\">Str\u00f8mkilde: Innebygd USB<\/p>\n<\/li>\n<li data-start=\"1650\" data-end=\"1680\">St\u00f8rrelse: 10,5 x 4,6 cm<\/li>\n<\/ul>\n<h2 style=\"text-align: center;\" data-start=\"1687\" data-end=\"1707\">Pakken inneholder \ud83d\udce6<\/h2>\n<ul data-start=\"1709\" data-end=\"1753\">\n<li data-start=\"1709\" data-end=\"1753\">\n<p data-start=\"1711\" data-end=\"1753\">1, 2, 3x fleksibel USB-oppladbar boklampe.<\/p>\n<\/li>\n<\/ul>\n","protected":false},"excerpt":{"rendered":"<p>\ud83d\udcd7Designet for nattlesere, blokkerer denne fleksible, oppladbare USB-boklampen nesten alt bl\u00e5tt lys for \u00e5 redusere belastningen p\u00e5 \u00f8ynene og beskytte s\u00f8vnsyklusen din.<br \/>\n\ud83c\udf03Den kompakte og fleksible designen gj\u00f8r den perfekt for soverom, reiser eller sene studie\u00f8kter.<br \/>\n\ud83e\uddd8\u200d\u2640\ufe0fDen leverer fokusert lys akkurat der du trenger det.<\/p>\n","protected":false},"featured_media":20024,"comment_status":"open","ping_status":"closed","template":"","meta":{"site-sidebar-layout":"default","site-content-layout":"","ast-site-content-layout":"default","site-content-style":"default","site-sidebar-style":"default","ast-global-header-display":"","ast-banner-title-visibility":"","ast-main-header-display":"","ast-hfb-above-header-display":"","ast-hfb-below-header-display":"","ast-hfb-mobile-header-display":"","site-post-title":"","ast-breadcrumbs-content":"","ast-featured-img":"","footer-sml-layout":"","theme-transparent-header-meta":"default","adv-header-id-meta":"","stick-header-meta":"","header-above-stick-meta":"","header-main-stick-meta":"","header-below-stick-meta":"","astra-migrate-meta-layouts":"set","ast-page-background-enabled":"default","ast-page-background-meta":{"desktop":{"background-color":"var(--ast-global-color-5)","background-image":"","background-repeat":"repeat","background-position":"center center","background-size":"auto","background-attachment":"scroll","background-type":"","background-media":"","overlay-type":"","overlay-color":"","overlay-opacity":"","overlay-gradient":""},"tablet":{"background-color":"","background-image":"","background-repeat":"repeat","background-position":"center center","background-size":"auto","background-attachment":"scroll","background-type":"","background-media":"","overlay-type":"","overlay-color":"","overlay-opacity":"","overlay-gradient":""},"mobile":{"background-color":"","background-image":"","background-repeat":"repeat","background-position":"center center","background-size":"auto","background-attachment":"scroll","background-type":"","background-media":"","overlay-type":"","overlay-color":"","overlay-opacity":"","overlay-gradient":""}},"ast-content-background-meta":{"desktop":{"background-color":"var(--ast-global-color-4)","background-image":"","background-repeat":"repeat","background-position":"center center","background-size":"auto","background-attachment":"scroll","background-type":"","background-media":"","overlay-type":"","overlay-color":"","overlay-opacity":"","overlay-gradient":""},"tablet":{"background-color":"var(--ast-global-color-4)","background-image":"","background-repeat":"repeat","background-position":"center center","background-size":"auto","background-attachment":"scroll","background-type":"","background-media":"","overlay-type":"","overlay-color":"","overlay-opacity":"","overlay-gradient":""},"mobile":{"background-color":"var(--ast-global-color-4)","background-image":"","background-repeat":"repeat","background-position":"center center","background-size":"auto","background-attachment":"scroll","background-type":"","background-media":"","overlay-type":"","overlay-color":"","overlay-opacity":"","overlay-gradient":""}}},"product_brand":[],"product_cat":[173,168],"product_tag":[],"class_list":{"0":"post-20028","1":"product","2":"type-product","3":"status-publish","4":"has-post-thumbnail","6":"product_cat-elektronikk","7":"product_cat-husholdningsartikler","8":"pa_51794_7wvttskj-1-stk","9":"pa_51794_7wvttskj-2-stk","10":"pa_51794_7wvttskj-3-stk","11":"pa_51794_xu2eun5o-bla","12":"pa_51794_xu2eun5o-hvit","13":"pa_51794_xu2eun5o-rosa","14":"pa_51794_xu2eun5o-svart","15":"desktop-align-left","16":"tablet-align-left","17":"mobile-align-left","19":"first","20":"instock","21":"shipping-taxable","22":"purchasable","23":"product-type-variable","24":"has-default-attributes"},"yoast_head":"<!-- This site is optimized with the Yoast SEO plugin v26.6 - https:\/\/yoast.com\/wordpress\/plugins\/seo\/ -->\n<title>Fleksibel USB-oppladbar boklampe - Mekulo NO<\/title>\n<meta name=\"robots\" content=\"index, follow, max-snippet:-1, max-image-preview:large, max-video-preview:-1\" \/>\n<link rel=\"canonical\" href=\"https:\/\/mekulo.com\/no\/produkt\/fleksibel-usb-oppladbar-boklampe\/\" \/>\n<meta property=\"og:locale\" content=\"nb_NO\" \/>\n<meta property=\"og:type\" content=\"article\" \/>\n<meta property=\"og:title\" content=\"Fleksibel USB-oppladbar boklampe - Mekulo NO\" \/>\n<meta property=\"og:description\" content=\"\ud83d\udcd7Designet for nattlesere, blokkerer denne fleksible, oppladbare USB-boklampen nesten alt bl\u00e5tt lys for \u00e5 redusere belastningen p\u00e5 \u00f8ynene og beskytte s\u00f8vnsyklusen din. \ud83c\udf03Den kompakte og fleksible designen gj\u00f8r den perfekt for soverom, reiser eller sene studie\u00f8kter. \ud83e\uddd8\u200d\u2640\ufe0fDen leverer fokusert lys akkurat der du trenger det.\" \/>\n<meta property=\"og:url\" content=\"https:\/\/mekulo.com\/no\/produkt\/fleksibel-usb-oppladbar-boklampe\/\" \/>\n<meta property=\"og:site_name\" content=\"Mekulo NO\" \/>\n<meta property=\"article:modified_time\" content=\"2026-02-03T15:11:30+00:00\" \/>\n<meta property=\"og:image\" content=\"https:\/\/mekulo.com\/no\/wp-content\/uploads\/sites\/10\/2026\/01\/rrkjbwl-1.jpg\" \/>\n\t<meta property=\"og:image:width\" content=\"960\" \/>\n\t<meta property=\"og:image:height\" content=\"960\" \/>\n\t<meta property=\"og:image:type\" content=\"image\/jpeg\" \/>\n<meta name=\"twitter:card\" content=\"summary_large_image\" \/>\n<meta name=\"twitter:label1\" content=\"Ansl. lesetid\" \/>\n\t<meta name=\"twitter:data1\" content=\"2 minutter\" \/>\n<script type=\"application\/ld+json\" class=\"yoast-schema-graph\">{\"@context\":\"https:\/\/schema.org\",\"@graph\":[{\"@type\":\"WebPage\",\"@id\":\"https:\/\/mekulo.com\/no\/produkt\/fleksibel-usb-oppladbar-boklampe\/\",\"url\":\"https:\/\/mekulo.com\/no\/produkt\/fleksibel-usb-oppladbar-boklampe\/\",\"name\":\"Fleksibel USB-oppladbar boklampe - Mekulo NO\",\"isPartOf\":{\"@id\":\"https:\/\/mekulo.com\/no\/#website\"},\"primaryImageOfPage\":{\"@id\":\"https:\/\/mekulo.com\/no\/produkt\/fleksibel-usb-oppladbar-boklampe\/#primaryimage\"},\"image\":{\"@id\":\"https:\/\/mekulo.com\/no\/produkt\/fleksibel-usb-oppladbar-boklampe\/#primaryimage\"},\"thumbnailUrl\":\"https:\/\/mekulo.com\/no\/wp-content\/uploads\/sites\/10\/2026\/01\/rrkjbwl-1.jpg\",\"datePublished\":\"2026-01-28T13:33:48+00:00\",\"dateModified\":\"2026-02-03T15:11:30+00:00\",\"breadcrumb\":{\"@id\":\"https:\/\/mekulo.com\/no\/produkt\/fleksibel-usb-oppladbar-boklampe\/#breadcrumb\"},\"inLanguage\":\"nb-NO\",\"potentialAction\":[{\"@type\":\"ReadAction\",\"target\":[\"https:\/\/mekulo.com\/no\/produkt\/fleksibel-usb-oppladbar-boklampe\/\"]}]},{\"@type\":\"ImageObject\",\"inLanguage\":\"nb-NO\",\"@id\":\"https:\/\/mekulo.com\/no\/produkt\/fleksibel-usb-oppladbar-boklampe\/#primaryimage\",\"url\":\"https:\/\/mekulo.com\/no\/wp-content\/uploads\/sites\/10\/2026\/01\/rrkjbwl-1.jpg\",\"contentUrl\":\"https:\/\/mekulo.com\/no\/wp-content\/uploads\/sites\/10\/2026\/01\/rrkjbwl-1.jpg\",\"width\":960,\"height\":960},{\"@type\":\"BreadcrumbList\",\"@id\":\"https:\/\/mekulo.com\/no\/produkt\/fleksibel-usb-oppladbar-boklampe\/#breadcrumb\",\"itemListElement\":[{\"@type\":\"ListItem\",\"position\":1,\"name\":\"Home\",\"item\":\"https:\/\/mekulo.com\/no\/\"},{\"@type\":\"ListItem\",\"position\":2,\"name\":\"Butikk\",\"item\":\"https:\/\/mekulo.com\/no\/butikk\/\"},{\"@type\":\"ListItem\",\"position\":3,\"name\":\"Fleksibel USB-oppladbar boklampe\"}]},{\"@type\":\"WebSite\",\"@id\":\"https:\/\/mekulo.com\/no\/#website\",\"url\":\"https:\/\/mekulo.com\/no\/\",\"name\":\"Mekulo NO\",\"description\":\"\",\"publisher\":{\"@id\":\"https:\/\/mekulo.com\/no\/#organization\"},\"potentialAction\":[{\"@type\":\"SearchAction\",\"target\":{\"@type\":\"EntryPoint\",\"urlTemplate\":\"https:\/\/mekulo.com\/no\/?s={search_term_string}\"},\"query-input\":{\"@type\":\"PropertyValueSpecification\",\"valueRequired\":true,\"valueName\":\"search_term_string\"}}],\"inLanguage\":\"nb-NO\"},{\"@type\":\"Organization\",\"@id\":\"https:\/\/mekulo.com\/no\/#organization\",\"name\":\"Mekulo\",\"url\":\"https:\/\/mekulo.com\/no\/\",\"logo\":{\"@type\":\"ImageObject\",\"inLanguage\":\"nb-NO\",\"@id\":\"https:\/\/mekulo.com\/no\/#\/schema\/logo\/image\/\",\"url\":\"https:\/\/mekulo.com\/no\/wp-content\/uploads\/sites\/10\/2025\/12\/favicon_mekulo.png\",\"contentUrl\":\"https:\/\/mekulo.com\/no\/wp-content\/uploads\/sites\/10\/2025\/12\/favicon_mekulo.png\",\"width\":50,\"height\":50,\"caption\":\"Mekulo\"},\"image\":{\"@id\":\"https:\/\/mekulo.com\/no\/#\/schema\/logo\/image\/\"}}]}<\/script>\n<!-- \/ Yoast SEO plugin. -->","yoast_head_json":{"title":"Fleksibel USB-oppladbar boklampe - Mekulo NO","robots":{"index":"index","follow":"follow","max-snippet":"max-snippet:-1","max-image-preview":"max-image-preview:large","max-video-preview":"max-video-preview:-1"},"canonical":"https:\/\/mekulo.com\/no\/produkt\/fleksibel-usb-oppladbar-boklampe\/","og_locale":"nb_NO","og_type":"article","og_title":"Fleksibel USB-oppladbar boklampe - Mekulo NO","og_description":"\ud83d\udcd7Designet for nattlesere, blokkerer denne fleksible, oppladbare USB-boklampen nesten alt bl\u00e5tt lys for \u00e5 redusere belastningen p\u00e5 \u00f8ynene og beskytte s\u00f8vnsyklusen din. \ud83c\udf03Den kompakte og fleksible designen gj\u00f8r den perfekt for soverom, reiser eller sene studie\u00f8kter. \ud83e\uddd8\u200d\u2640\ufe0fDen leverer fokusert lys akkurat der du trenger det.","og_url":"https:\/\/mekulo.com\/no\/produkt\/fleksibel-usb-oppladbar-boklampe\/","og_site_name":"Mekulo NO","article_modified_time":"2026-02-03T15:11:30+00:00","og_image":[{"width":960,"height":960,"url":"https:\/\/mekulo.com\/no\/wp-content\/uploads\/sites\/10\/2026\/01\/rrkjbwl-1.jpg","type":"image\/jpeg"}],"twitter_card":"summary_large_image","twitter_misc":{"Ansl. lesetid":"2 minutter"},"schema":{"@context":"https:\/\/schema.org","@graph":[{"@type":"WebPage","@id":"https:\/\/mekulo.com\/no\/produkt\/fleksibel-usb-oppladbar-boklampe\/","url":"https:\/\/mekulo.com\/no\/produkt\/fleksibel-usb-oppladbar-boklampe\/","name":"Fleksibel USB-oppladbar boklampe - Mekulo NO","isPartOf":{"@id":"https:\/\/mekulo.com\/no\/#website"},"primaryImageOfPage":{"@id":"https:\/\/mekulo.com\/no\/produkt\/fleksibel-usb-oppladbar-boklampe\/#primaryimage"},"image":{"@id":"https:\/\/mekulo.com\/no\/produkt\/fleksibel-usb-oppladbar-boklampe\/#primaryimage"},"thumbnailUrl":"https:\/\/mekulo.com\/no\/wp-content\/uploads\/sites\/10\/2026\/01\/rrkjbwl-1.jpg","datePublished":"2026-01-28T13:33:48+00:00","dateModified":"2026-02-03T15:11:30+00:00","breadcrumb":{"@id":"https:\/\/mekulo.com\/no\/produkt\/fleksibel-usb-oppladbar-boklampe\/#breadcrumb"},"inLanguage":"nb-NO","potentialAction":[{"@type":"ReadAction","target":["https:\/\/mekulo.com\/no\/produkt\/fleksibel-usb-oppladbar-boklampe\/"]}]},{"@type":"ImageObject","inLanguage":"nb-NO","@id":"https:\/\/mekulo.com\/no\/produkt\/fleksibel-usb-oppladbar-boklampe\/#primaryimage","url":"https:\/\/mekulo.com\/no\/wp-content\/uploads\/sites\/10\/2026\/01\/rrkjbwl-1.jpg","contentUrl":"https:\/\/mekulo.com\/no\/wp-content\/uploads\/sites\/10\/2026\/01\/rrkjbwl-1.jpg","width":960,"height":960},{"@type":"BreadcrumbList","@id":"https:\/\/mekulo.com\/no\/produkt\/fleksibel-usb-oppladbar-boklampe\/#breadcrumb","itemListElement":[{"@type":"ListItem","position":1,"name":"Home","item":"https:\/\/mekulo.com\/no\/"},{"@type":"ListItem","position":2,"name":"Butikk","item":"https:\/\/mekulo.com\/no\/butikk\/"},{"@type":"ListItem","position":3,"name":"Fleksibel USB-oppladbar boklampe"}]},{"@type":"WebSite","@id":"https:\/\/mekulo.com\/no\/#website","url":"https:\/\/mekulo.com\/no\/","name":"Mekulo NO","description":"","publisher":{"@id":"https:\/\/mekulo.com\/no\/#organization"},"potentialAction":[{"@type":"SearchAction","target":{"@type":"EntryPoint","urlTemplate":"https:\/\/mekulo.com\/no\/?s={search_term_string}"},"query-input":{"@type":"PropertyValueSpecification","valueRequired":true,"valueName":"search_term_string"}}],"inLanguage":"nb-NO"},{"@type":"Organization","@id":"https:\/\/mekulo.com\/no\/#organization","name":"Mekulo","url":"https:\/\/mekulo.com\/no\/","logo":{"@type":"ImageObject","inLanguage":"nb-NO","@id":"https:\/\/mekulo.com\/no\/#\/schema\/logo\/image\/","url":"https:\/\/mekulo.com\/no\/wp-content\/uploads\/sites\/10\/2025\/12\/favicon_mekulo.png","contentUrl":"https:\/\/mekulo.com\/no\/wp-content\/uploads\/sites\/10\/2025\/12\/favicon_mekulo.png","width":50,"height":50,"caption":"Mekulo"},"image":{"@id":"https:\/\/mekulo.com\/no\/#\/schema\/logo\/image\/"}}]}},"_links":{"self":[{"href":"https:\/\/mekulo.com\/no\/wp-json\/wp\/v2\/product\/20028","targetHints":{"allow":["GET"]}}],"collection":[{"href":"https:\/\/mekulo.com\/no\/wp-json\/wp\/v2\/product"}],"about":[{"href":"https:\/\/mekulo.com\/no\/wp-json\/wp\/v2\/types\/product"}],"replies":[{"embeddable":true,"href":"https:\/\/mekulo.com\/no\/wp-json\/wp\/v2\/comments?post=20028"}],"wp:featuredmedia":[{"embeddable":true,"href":"https:\/\/mekulo.com\/no\/wp-json\/wp\/v2\/media\/20024"}],"wp:attachment":[{"href":"https:\/\/mekulo.com\/no\/wp-json\/wp\/v2\/media?parent=20028"}],"wp:term":[{"taxonomy":"product_brand","embeddable":true,"href":"https:\/\/mekulo.com\/no\/wp-json\/wp\/v2\/product_brand?post=20028"},{"taxonomy":"product_cat","embeddable":true,"href":"https:\/\/mekulo.com\/no\/wp-json\/wp\/v2\/product_cat?post=20028"},{"taxonomy":"product_tag","embeddable":true,"href":"https:\/\/mekulo.com\/no\/wp-json\/wp\/v2\/product_tag?post=20028"}],"curies":[{"name":"wp","href":"https:\/\/api.w.org\/{rel}","templated":true}]}}