{"id":20018,"date":"2026-01-28T15:32:01","date_gmt":"2026-01-28T13:32:01","guid":{"rendered":"https:\/\/mekulo.com\/no\/produkt\/luftrengjoringspistol\/"},"modified":"2026-01-29T15:26:55","modified_gmt":"2026-01-29T13:26:55","slug":"luftrengjoringspistol","status":"publish","type":"product","link":"https:\/\/mekulo.com\/no\/produkt\/luftrengjoringspistol\/","title":{"rendered":"Luftrengj\u00f8ringspistol"},"content":{"rendered":"<p style=\"text-align: center;\" data-start=\"22\" data-end=\"93\"><strong data-start=\"22\" data-end=\"93\">Bl\u00e5s bort st\u00f8v og skitt raskt med kraftig, m\u00e5lrettet luftrensing. \ud83d\ude97<\/strong><\/p>\n<p data-start=\"22\" data-end=\"93\"><img fetchpriority=\"high\" decoding=\"async\" class=\"size-full wp-image-22046 aligncenter\" src=\"https:\/\/mekulo.com\/template\/wp-content\/uploads\/sites\/6\/2026\/01\/d03454b40dd16b0379e1342261403e2c05917ebe.jpg\" alt=\"\" width=\"1080\" height=\"1080\" \/><\/p>\n<h2 style=\"text-align: center;\" data-start=\"356\" data-end=\"373\"><strong>Hovedfordeler \ud83d\udca8<\/strong><\/h2>\n<p data-start=\"375\" data-end=\"446\">\ud83d\udca8 Kraftig luftstr\u00f8m &#8211; Bl\u00e5ser bort st\u00f8v, sand og skitt p\u00e5 sekunder.<\/p>\n<p data-start=\"448\" data-end=\"512\">\ud83d\udd90 Komfortabelt grep &#8211; Ergonomisk h\u00e5ndtak reduserer tretthet i hendene.<\/p>\n<p data-start=\"514\" data-end=\"588\">\ud83d\udd18 En-knapps kontroll &#8211; Enkel avtrekkerbetjening med stabil lufttilf\u00f8rsel.<\/p>\n<p data-start=\"590\" data-end=\"675\">\ud83e\uddf9 To rengj\u00f8ringsmunnstykker &#8211; Trompetmunnstykke for bl\u00e5sing, b\u00f8rstemunnstykke for skrubbing.<\/p>\n<p data-start=\"677\" data-end=\"743\">\ud83d\udd0c Rask EU-kontakt &#8211; Rask verkt\u00f8yfri tilkobling og fjerning.<\/p>\n<p data-start=\"745\" data-end=\"825\">\ud83c\udfe0 Bredt bruksomr\u00e5de &#8211; Perfekt for biler, m\u00f8bler, maskiner og hvitevarer.<\/p>\n<p data-start=\"745\" data-end=\"825\"><img decoding=\"async\" class=\"size-full wp-image-22049 aligncenter\" src=\"https:\/\/mekulo.com\/template\/wp-content\/uploads\/sites\/6\/2026\/01\/S0f9d65c707064e109da5599f9926ea7ch.jpg_960x960q75.jpg_.jpg\" alt=\"\" width=\"1080\" height=\"1080\" \/><\/p>\n<h2 style=\"text-align: center;\" data-start=\"832\" data-end=\"846\"><strong>Hvordan Du Bruker \ud83d\udccc<\/strong><\/h2>\n<ol data-start=\"848\" data-end=\"1101\">\n<li data-start=\"848\" data-end=\"913\">\n<p data-start=\"851\" data-end=\"913\">Koble pistolen til en luftkompressor ved hjelp av EU-kontakten.<\/p>\n<\/li>\n<li data-start=\"914\" data-end=\"961\">\n<p data-start=\"917\" data-end=\"961\">Velg trompetmunnstykke eller b\u00f8rstemunnstykke.<\/p>\n<\/li>\n<li data-start=\"962\" data-end=\"1003\">\n<p data-start=\"965\" data-end=\"1003\">Trekk i avtrekkeren for \u00e5 kontrollere luftstr\u00f8mmen.<\/p>\n<\/li>\n<li data-start=\"1004\" data-end=\"1061\">\n<p data-start=\"1007\" data-end=\"1061\">Sikt p\u00e5 st\u00f8v eller smuss og rengj\u00f8r med jevne bevegelser.<\/p>\n<\/li>\n<li data-start=\"1062\" data-end=\"1101\">\n<p data-start=\"1065\" data-end=\"1101\">Slipp avtrekkeren for \u00e5 stoppe luftstr\u00f8mmen.<\/p>\n<\/li>\n<\/ol>\n<h2 style=\"text-align: center;\" data-start=\"1108\" data-end=\"1127\"><strong>Produktdetaljer \ud83d\udccf<\/strong><\/h2>\n<ul data-start=\"1129\" data-end=\"1388\">\n<li data-start=\"1164\" data-end=\"1202\">\n<p data-start=\"1166\" data-end=\"1202\">Materiale: Aluminiumslegering + plast<\/p>\n<\/li>\n<li data-start=\"1229\" data-end=\"1277\">\n<p data-start=\"1231\" data-end=\"1277\">St\u00f8rrelse: 29 x 16 x 2 cm<\/p>\n<\/li>\n<li data-start=\"1278\" data-end=\"1313\">\n<p data-start=\"1280\" data-end=\"1313\">Kontrolltype: Trigger luftventil<\/p>\n<\/li>\n<li data-start=\"1314\" data-end=\"1342\">\n<p data-start=\"1316\" data-end=\"1342\">Kontakttype: EU-stil<\/p>\n<\/li>\n<li data-start=\"1343\" data-end=\"1388\">\n<p data-start=\"1345\" data-end=\"1388\">Bruk: Rengj\u00f8ring av bil, hjem, verkt\u00f8y, maskiner<\/p>\n<\/li>\n<\/ul>\n<h2 style=\"text-align: center;\" data-start=\"1395\" data-end=\"1415\"><strong>Pakken inkluderer \ud83d\udce6<\/strong><\/h2>\n<ul data-start=\"1417\" data-end=\"1485\">\n<li data-start=\"1417\" data-end=\"1441\">\n<p data-start=\"1419\" data-end=\"1441\">1x luftrengj\u00f8ringspistol<\/p>\n<\/li>\n<li data-start=\"1442\" data-end=\"1464\">\n<p data-start=\"1444\" data-end=\"1464\">1x trompetdyse<\/p>\n<\/li>\n<li data-start=\"1465\" data-end=\"1485\">\n<p data-start=\"1467\" data-end=\"1485\">1x b\u00f8rstedyse.<\/p>\n<\/li>\n<\/ul>\n","protected":false},"excerpt":{"rendered":"<p>\ud83d\ude98Denne luftrengj\u00f8ringspistolen gj\u00f8r det raskt og enkelt \u00e5 rengj\u00f8re p\u00e5 dypet, selv p\u00e5 trange steder og i vanskelig tilgjengelige sprekker.<br \/>\n\ud83d\udca8Med enkel avtrekkerkontroll og utskiftbare dyser leverer den sterk, jevn luftstr\u00f8m for rengj\u00f8ring av bilinteri\u00f8r, verkt\u00f8y og husholdning.<br \/>\n\ud83e\uddf9Et p\u00e5litelig rengj\u00f8ringsverkt\u00f8y som sparer tid og krefter og gir resultater p\u00e5 profesjonelt niv\u00e5 uansett hvor du trenger det.<\/p>\n","protected":false},"featured_media":20014,"comment_status":"open","ping_status":"closed","template":"","meta":{"site-sidebar-layout":"default","site-content-layout":"","ast-site-content-layout":"default","site-content-style":"default","site-sidebar-style":"default","ast-global-header-display":"","ast-banner-title-visibility":"","ast-main-header-display":"","ast-hfb-above-header-display":"","ast-hfb-below-header-display":"","ast-hfb-mobile-header-display":"","site-post-title":"","ast-breadcrumbs-content":"","ast-featured-img":"","footer-sml-layout":"","theme-transparent-header-meta":"default","adv-header-id-meta":"","stick-header-meta":"","header-above-stick-meta":"","header-main-stick-meta":"","header-below-stick-meta":"","astra-migrate-meta-layouts":"set","ast-page-background-enabled":"default","ast-page-background-meta":{"desktop":{"background-color":"var(--ast-global-color-5)","background-image":"","background-repeat":"repeat","background-position":"center center","background-size":"auto","background-attachment":"scroll","background-type":"","background-media":"","overlay-type":"","overlay-color":"","overlay-opacity":"","overlay-gradient":""},"tablet":{"background-color":"","background-image":"","background-repeat":"repeat","background-position":"center center","background-size":"auto","background-attachment":"scroll","background-type":"","background-media":"","overlay-type":"","overlay-color":"","overlay-opacity":"","overlay-gradient":""},"mobile":{"background-color":"","background-image":"","background-repeat":"repeat","background-position":"center center","background-size":"auto","background-attachment":"scroll","background-type":"","background-media":"","overlay-type":"","overlay-color":"","overlay-opacity":"","overlay-gradient":""}},"ast-content-background-meta":{"desktop":{"background-color":"var(--ast-global-color-4)","background-image":"","background-repeat":"repeat","background-position":"center center","background-size":"auto","background-attachment":"scroll","background-type":"","background-media":"","overlay-type":"","overlay-color":"","overlay-opacity":"","overlay-gradient":""},"tablet":{"background-color":"var(--ast-global-color-4)","background-image":"","background-repeat":"repeat","background-position":"center center","background-size":"auto","background-attachment":"scroll","background-type":"","background-media":"","overlay-type":"","overlay-color":"","overlay-opacity":"","overlay-gradient":""},"mobile":{"background-color":"var(--ast-global-color-4)","background-image":"","background-repeat":"repeat","background-position":"center center","background-size":"auto","background-attachment":"scroll","background-type":"","background-media":"","overlay-type":"","overlay-color":"","overlay-opacity":"","overlay-gradient":""}}},"product_brand":[],"product_cat":[161,171],"product_tag":[],"class_list":{"0":"post-20018","1":"product","2":"type-product","3":"status-publish","4":"has-post-thumbnail","6":"product_cat-bilprodukter","7":"product_cat-verktoy","8":"desktop-align-left","9":"tablet-align-left","10":"mobile-align-left","12":"first","13":"instock","14":"shipping-taxable","15":"purchasable","16":"product-type-simple"},"yoast_head":"<!-- This site is optimized with the Yoast SEO plugin v26.6 - https:\/\/yoast.com\/wordpress\/plugins\/seo\/ -->\n<title>Luftrengj\u00f8ringspistol - Mekulo NO<\/title>\n<meta name=\"robots\" content=\"index, follow, max-snippet:-1, max-image-preview:large, max-video-preview:-1\" \/>\n<link rel=\"canonical\" href=\"https:\/\/mekulo.com\/no\/produkt\/luftrengjoringspistol\/\" \/>\n<meta property=\"og:locale\" content=\"nb_NO\" \/>\n<meta property=\"og:type\" content=\"article\" \/>\n<meta property=\"og:title\" content=\"Luftrengj\u00f8ringspistol - Mekulo NO\" \/>\n<meta property=\"og:description\" content=\"\ud83d\ude98Denne luftrengj\u00f8ringspistolen gj\u00f8r det raskt og enkelt \u00e5 rengj\u00f8re p\u00e5 dypet, selv p\u00e5 trange steder og i vanskelig tilgjengelige sprekker. \ud83d\udca8Med enkel avtrekkerkontroll og utskiftbare dyser leverer den sterk, jevn luftstr\u00f8m for rengj\u00f8ring av bilinteri\u00f8r, verkt\u00f8y og husholdning. \ud83e\uddf9Et p\u00e5litelig rengj\u00f8ringsverkt\u00f8y som sparer tid og krefter og gir resultater p\u00e5 profesjonelt niv\u00e5 uansett hvor du trenger det.\" \/>\n<meta property=\"og:url\" content=\"https:\/\/mekulo.com\/no\/produkt\/luftrengjoringspistol\/\" \/>\n<meta property=\"og:site_name\" content=\"Mekulo NO\" \/>\n<meta property=\"article:modified_time\" content=\"2026-01-29T13:26:55+00:00\" \/>\n<meta property=\"og:image\" content=\"https:\/\/mekulo.com\/no\/wp-content\/uploads\/sites\/10\/2026\/01\/3d15lp1-1.jpg\" \/>\n\t<meta property=\"og:image:width\" content=\"800\" \/>\n\t<meta property=\"og:image:height\" content=\"800\" \/>\n\t<meta property=\"og:image:type\" content=\"image\/jpeg\" \/>\n<meta name=\"twitter:card\" content=\"summary_large_image\" \/>\n<meta name=\"twitter:label1\" content=\"Ansl. lesetid\" \/>\n\t<meta name=\"twitter:data1\" content=\"2 minutter\" \/>\n<script type=\"application\/ld+json\" class=\"yoast-schema-graph\">{\"@context\":\"https:\/\/schema.org\",\"@graph\":[{\"@type\":\"WebPage\",\"@id\":\"https:\/\/mekulo.com\/no\/produkt\/luftrengjoringspistol\/\",\"url\":\"https:\/\/mekulo.com\/no\/produkt\/luftrengjoringspistol\/\",\"name\":\"Luftrengj\u00f8ringspistol - Mekulo NO\",\"isPartOf\":{\"@id\":\"https:\/\/mekulo.com\/no\/#website\"},\"primaryImageOfPage\":{\"@id\":\"https:\/\/mekulo.com\/no\/produkt\/luftrengjoringspistol\/#primaryimage\"},\"image\":{\"@id\":\"https:\/\/mekulo.com\/no\/produkt\/luftrengjoringspistol\/#primaryimage\"},\"thumbnailUrl\":\"https:\/\/mekulo.com\/no\/wp-content\/uploads\/sites\/10\/2026\/01\/3d15lp1-1.jpg\",\"datePublished\":\"2026-01-28T13:32:01+00:00\",\"dateModified\":\"2026-01-29T13:26:55+00:00\",\"breadcrumb\":{\"@id\":\"https:\/\/mekulo.com\/no\/produkt\/luftrengjoringspistol\/#breadcrumb\"},\"inLanguage\":\"nb-NO\",\"potentialAction\":[{\"@type\":\"ReadAction\",\"target\":[\"https:\/\/mekulo.com\/no\/produkt\/luftrengjoringspistol\/\"]}]},{\"@type\":\"ImageObject\",\"inLanguage\":\"nb-NO\",\"@id\":\"https:\/\/mekulo.com\/no\/produkt\/luftrengjoringspistol\/#primaryimage\",\"url\":\"https:\/\/mekulo.com\/no\/wp-content\/uploads\/sites\/10\/2026\/01\/3d15lp1-1.jpg\",\"contentUrl\":\"https:\/\/mekulo.com\/no\/wp-content\/uploads\/sites\/10\/2026\/01\/3d15lp1-1.jpg\",\"width\":800,\"height\":800},{\"@type\":\"BreadcrumbList\",\"@id\":\"https:\/\/mekulo.com\/no\/produkt\/luftrengjoringspistol\/#breadcrumb\",\"itemListElement\":[{\"@type\":\"ListItem\",\"position\":1,\"name\":\"Home\",\"item\":\"https:\/\/mekulo.com\/no\/\"},{\"@type\":\"ListItem\",\"position\":2,\"name\":\"Butikk\",\"item\":\"https:\/\/mekulo.com\/no\/butikk\/\"},{\"@type\":\"ListItem\",\"position\":3,\"name\":\"Luftrengj\u00f8ringspistol\"}]},{\"@type\":\"WebSite\",\"@id\":\"https:\/\/mekulo.com\/no\/#website\",\"url\":\"https:\/\/mekulo.com\/no\/\",\"name\":\"Mekulo NO\",\"description\":\"\",\"publisher\":{\"@id\":\"https:\/\/mekulo.com\/no\/#organization\"},\"potentialAction\":[{\"@type\":\"SearchAction\",\"target\":{\"@type\":\"EntryPoint\",\"urlTemplate\":\"https:\/\/mekulo.com\/no\/?s={search_term_string}\"},\"query-input\":{\"@type\":\"PropertyValueSpecification\",\"valueRequired\":true,\"valueName\":\"search_term_string\"}}],\"inLanguage\":\"nb-NO\"},{\"@type\":\"Organization\",\"@id\":\"https:\/\/mekulo.com\/no\/#organization\",\"name\":\"Mekulo\",\"url\":\"https:\/\/mekulo.com\/no\/\",\"logo\":{\"@type\":\"ImageObject\",\"inLanguage\":\"nb-NO\",\"@id\":\"https:\/\/mekulo.com\/no\/#\/schema\/logo\/image\/\",\"url\":\"https:\/\/mekulo.com\/no\/wp-content\/uploads\/sites\/10\/2025\/12\/favicon_mekulo.png\",\"contentUrl\":\"https:\/\/mekulo.com\/no\/wp-content\/uploads\/sites\/10\/2025\/12\/favicon_mekulo.png\",\"width\":50,\"height\":50,\"caption\":\"Mekulo\"},\"image\":{\"@id\":\"https:\/\/mekulo.com\/no\/#\/schema\/logo\/image\/\"}}]}<\/script>\n<!-- \/ Yoast SEO plugin. -->","yoast_head_json":{"title":"Luftrengj\u00f8ringspistol - Mekulo NO","robots":{"index":"index","follow":"follow","max-snippet":"max-snippet:-1","max-image-preview":"max-image-preview:large","max-video-preview":"max-video-preview:-1"},"canonical":"https:\/\/mekulo.com\/no\/produkt\/luftrengjoringspistol\/","og_locale":"nb_NO","og_type":"article","og_title":"Luftrengj\u00f8ringspistol - Mekulo NO","og_description":"\ud83d\ude98Denne luftrengj\u00f8ringspistolen gj\u00f8r det raskt og enkelt \u00e5 rengj\u00f8re p\u00e5 dypet, selv p\u00e5 trange steder og i vanskelig tilgjengelige sprekker. \ud83d\udca8Med enkel avtrekkerkontroll og utskiftbare dyser leverer den sterk, jevn luftstr\u00f8m for rengj\u00f8ring av bilinteri\u00f8r, verkt\u00f8y og husholdning. \ud83e\uddf9Et p\u00e5litelig rengj\u00f8ringsverkt\u00f8y som sparer tid og krefter og gir resultater p\u00e5 profesjonelt niv\u00e5 uansett hvor du trenger det.","og_url":"https:\/\/mekulo.com\/no\/produkt\/luftrengjoringspistol\/","og_site_name":"Mekulo NO","article_modified_time":"2026-01-29T13:26:55+00:00","og_image":[{"width":800,"height":800,"url":"https:\/\/mekulo.com\/no\/wp-content\/uploads\/sites\/10\/2026\/01\/3d15lp1-1.jpg","type":"image\/jpeg"}],"twitter_card":"summary_large_image","twitter_misc":{"Ansl. lesetid":"2 minutter"},"schema":{"@context":"https:\/\/schema.org","@graph":[{"@type":"WebPage","@id":"https:\/\/mekulo.com\/no\/produkt\/luftrengjoringspistol\/","url":"https:\/\/mekulo.com\/no\/produkt\/luftrengjoringspistol\/","name":"Luftrengj\u00f8ringspistol - Mekulo NO","isPartOf":{"@id":"https:\/\/mekulo.com\/no\/#website"},"primaryImageOfPage":{"@id":"https:\/\/mekulo.com\/no\/produkt\/luftrengjoringspistol\/#primaryimage"},"image":{"@id":"https:\/\/mekulo.com\/no\/produkt\/luftrengjoringspistol\/#primaryimage"},"thumbnailUrl":"https:\/\/mekulo.com\/no\/wp-content\/uploads\/sites\/10\/2026\/01\/3d15lp1-1.jpg","datePublished":"2026-01-28T13:32:01+00:00","dateModified":"2026-01-29T13:26:55+00:00","breadcrumb":{"@id":"https:\/\/mekulo.com\/no\/produkt\/luftrengjoringspistol\/#breadcrumb"},"inLanguage":"nb-NO","potentialAction":[{"@type":"ReadAction","target":["https:\/\/mekulo.com\/no\/produkt\/luftrengjoringspistol\/"]}]},{"@type":"ImageObject","inLanguage":"nb-NO","@id":"https:\/\/mekulo.com\/no\/produkt\/luftrengjoringspistol\/#primaryimage","url":"https:\/\/mekulo.com\/no\/wp-content\/uploads\/sites\/10\/2026\/01\/3d15lp1-1.jpg","contentUrl":"https:\/\/mekulo.com\/no\/wp-content\/uploads\/sites\/10\/2026\/01\/3d15lp1-1.jpg","width":800,"height":800},{"@type":"BreadcrumbList","@id":"https:\/\/mekulo.com\/no\/produkt\/luftrengjoringspistol\/#breadcrumb","itemListElement":[{"@type":"ListItem","position":1,"name":"Home","item":"https:\/\/mekulo.com\/no\/"},{"@type":"ListItem","position":2,"name":"Butikk","item":"https:\/\/mekulo.com\/no\/butikk\/"},{"@type":"ListItem","position":3,"name":"Luftrengj\u00f8ringspistol"}]},{"@type":"WebSite","@id":"https:\/\/mekulo.com\/no\/#website","url":"https:\/\/mekulo.com\/no\/","name":"Mekulo NO","description":"","publisher":{"@id":"https:\/\/mekulo.com\/no\/#organization"},"potentialAction":[{"@type":"SearchAction","target":{"@type":"EntryPoint","urlTemplate":"https:\/\/mekulo.com\/no\/?s={search_term_string}"},"query-input":{"@type":"PropertyValueSpecification","valueRequired":true,"valueName":"search_term_string"}}],"inLanguage":"nb-NO"},{"@type":"Organization","@id":"https:\/\/mekulo.com\/no\/#organization","name":"Mekulo","url":"https:\/\/mekulo.com\/no\/","logo":{"@type":"ImageObject","inLanguage":"nb-NO","@id":"https:\/\/mekulo.com\/no\/#\/schema\/logo\/image\/","url":"https:\/\/mekulo.com\/no\/wp-content\/uploads\/sites\/10\/2025\/12\/favicon_mekulo.png","contentUrl":"https:\/\/mekulo.com\/no\/wp-content\/uploads\/sites\/10\/2025\/12\/favicon_mekulo.png","width":50,"height":50,"caption":"Mekulo"},"image":{"@id":"https:\/\/mekulo.com\/no\/#\/schema\/logo\/image\/"}}]}},"_links":{"self":[{"href":"https:\/\/mekulo.com\/no\/wp-json\/wp\/v2\/product\/20018","targetHints":{"allow":["GET"]}}],"collection":[{"href":"https:\/\/mekulo.com\/no\/wp-json\/wp\/v2\/product"}],"about":[{"href":"https:\/\/mekulo.com\/no\/wp-json\/wp\/v2\/types\/product"}],"replies":[{"embeddable":true,"href":"https:\/\/mekulo.com\/no\/wp-json\/wp\/v2\/comments?post=20018"}],"wp:featuredmedia":[{"embeddable":true,"href":"https:\/\/mekulo.com\/no\/wp-json\/wp\/v2\/media\/20014"}],"wp:attachment":[{"href":"https:\/\/mekulo.com\/no\/wp-json\/wp\/v2\/media?parent=20018"}],"wp:term":[{"taxonomy":"product_brand","embeddable":true,"href":"https:\/\/mekulo.com\/no\/wp-json\/wp\/v2\/product_brand?post=20018"},{"taxonomy":"product_cat","embeddable":true,"href":"https:\/\/mekulo.com\/no\/wp-json\/wp\/v2\/product_cat?post=20018"},{"taxonomy":"product_tag","embeddable":true,"href":"https:\/\/mekulo.com\/no\/wp-json\/wp\/v2\/product_tag?post=20018"}],"curies":[{"name":"wp","href":"https:\/\/api.w.org\/{rel}","templated":true}]}}