{"id":20008,"date":"2026-01-28T15:30:35","date_gmt":"2026-01-28T13:30:35","guid":{"rendered":"https:\/\/mekulo.com\/no\/produkt\/360-graders-bremsekaliperverktoy\/"},"modified":"2026-02-03T17:51:18","modified_gmt":"2026-02-03T15:51:18","slug":"360-graders-bremsekaliperverktoy","status":"publish","type":"product","link":"https:\/\/mekulo.com\/no\/produkt\/360-graders-bremsekaliperverktoy\/","title":{"rendered":"360 graders bremsekaliperverkt\u00f8y"},"content":{"rendered":"<p style=\"text-align: center\" data-start=\"35\" data-end=\"119\"><strong data-start=\"35\" data-end=\"119\">Trekk Enkelt Inn Bremsekaliperstemplene For \u00c5 Installere Nye Bremseklosser Uten Kamp. \ud83d\ude9a<\/strong><\/p>\n<p data-start=\"35\" data-end=\"119\"><img decoding=\"async\" class=\"size-full wp-image-22007 aligncenter\" src=\"https:\/\/mekulo.com\/template\/wp-content\/uploads\/sites\/6\/2026\/01\/a63101529ca3f4d67992a5de084f28e2ddda2f5bb8f8653eb0ff6e0a3a13c9a5-800.avif\" alt=\"\" \/><\/p>\n<h2 style=\"text-align: center\" data-start=\"382\" data-end=\"399\">Hovedfordeler \ud83d\ude98<\/h2>\n<p data-start=\"402\" data-end=\"475\">\ud83d\udd27 360 \u00b0 skrallefunksjon &#8211; Komprimer stempler jevnt fra alle vinkler.<\/p>\n<p data-start=\"478\" data-end=\"545\">\ud83d\udee0\ufe0f Sterkt karbonst\u00e5l &#8211; Slitesterkt og bygget for langvarig bruk.<\/p>\n<p data-start=\"548\" data-end=\"624\">\ud83d\ude97 Kompatibel med flere stempler &#8211; Fungerer med enkelt-, dobbelt- og firestempler.<\/p>\n<p data-start=\"627\" data-end=\"701\">\ud83c\udfaf N\u00f8yaktig justering &#8211; Jevnt trykk forhindrer skade p\u00e5 bremsekomponenter.<\/p>\n<p data-start=\"704\" data-end=\"765\">\u23f1\ufe0f Sparer tid og krefter &#8211; Enklere enn C-klemmer eller tang.<\/p>\n<p data-start=\"768\" data-end=\"836\">\ud83e\uddf0 Profesjonell og DIY-vennlig &#8211; Enkel og p\u00e5litelig drift.<\/p>\n<p data-start=\"768\" data-end=\"836\"><img fetchpriority=\"high\" decoding=\"async\" class=\"size-full wp-image-22011 aligncenter\" src=\"https:\/\/mekulo.com\/template\/wp-content\/uploads\/sites\/6\/2026\/01\/Se589fadc73a44602813d1684d755e6c9E.jpg_960x960q75.jpg_.avif\" alt=\"\" width=\"960\" height=\"960\" \/><\/p>\n<h2 style=\"text-align: center\" data-start=\"843\" data-end=\"857\">Hvordan Du Bruker \ud83d\udccc<\/h2>\n<ol data-start=\"858\" data-end=\"1073\">\n<li data-start=\"858\" data-end=\"912\">\n<p data-start=\"861\" data-end=\"912\">Plasser stempelplatene inne i bremsekaliperen.<\/p>\n<\/li>\n<li data-start=\"913\" data-end=\"957\">\n<p data-start=\"916\" data-end=\"957\">Juster verkt\u00f8yet med stempeloverflaten.<\/p>\n<\/li>\n<li data-start=\"958\" data-end=\"1017\">\n<p data-start=\"961\" data-end=\"1017\">Vri skralleh\u00e5ndtaket for \u00e5 komprimere stempelet jevnt.<\/p>\n<\/li>\n<li data-start=\"1018\" data-end=\"1073\">\n<p data-start=\"1021\" data-end=\"1073\">Trekk helt tilbake for \u00e5 installere nye bremseklosser med letthet.<\/p>\n<\/li>\n<\/ol>\n<h2 style=\"text-align: center\" data-start=\"1080\" data-end=\"1099\">Produktdetaljer \ud83d\udccf<\/h2>\n<ul data-start=\"1100\" data-end=\"1380\">\n<li data-start=\"1140\" data-end=\"1166\">\n<p data-start=\"1142\" data-end=\"1166\">Materiale: Karbonst\u00e5l<\/p>\n<\/li>\n<li data-start=\"1167\" data-end=\"1213\">\n<p data-start=\"1169\" data-end=\"1213\">Funksjon: Komprimering av bremsekaliperstempel<\/p>\n<\/li>\n<li data-start=\"1214\" data-end=\"1271\">\n<p data-start=\"1216\" data-end=\"1271\">Kompatibilitet: Enkelt-, tvilling- og firestempelkalipere<\/p>\n<\/li>\n<li data-start=\"1272\" data-end=\"1337\">\n<p data-start=\"1274\" data-end=\"1337\">Anvendelse: Bakre bremsekalipere, h\u00f8yregjengede stempler<\/p>\n<\/li>\n<li data-start=\"1338\" data-end=\"1380\">\n<p data-start=\"1340\" data-end=\"1380\">Brukstype: Vedlikehold av bilbremser<\/p>\n<\/li>\n<\/ul>\n<h2 style=\"text-align: center\" data-start=\"1387\" data-end=\"1407\">Pakken inkluderer \ud83d\udce6<\/h2>\n<ul data-start=\"1408\" data-end=\"1445\">\n<li data-start=\"1408\" data-end=\"1445\">\n<p data-start=\"1410\" data-end=\"1445\">1x 360 graders bremsekaliperverkt\u00f8y.<\/p>\n<\/li>\n<\/ul>\n","protected":false},"excerpt":{"rendered":"<p>\u2699\ufe0fDenne 360 graders bremsekaliperverkt\u00f8y hjelper deg med \u00e5 komprimere bremsestemplene raskt for \u00e5 skape nok plass til tykkere, nye bremseklosser.<br \/>\n\ud83d\ude97Det er ideelt for bremsevedlikehold, noe som gj\u00f8r utskifting av bremseklosser raskere, tryggere og mer presist for b\u00e5de profesjonelle og gj\u00f8r-det-selv-brukere.<br \/>\n\ud83d\udd27Et m\u00e5-ha-verkt\u00f8y for trygg, rask og uanstrengt utskifting av bremseklosser, designet for \u00e5 gj\u00f8re enhver bremsejobb smidigere og mer effektiv.<\/p>\n","protected":false},"featured_media":20004,"comment_status":"open","ping_status":"closed","template":"","meta":{"site-sidebar-layout":"default","site-content-layout":"","ast-site-content-layout":"default","site-content-style":"default","site-sidebar-style":"default","ast-global-header-display":"","ast-banner-title-visibility":"","ast-main-header-display":"","ast-hfb-above-header-display":"","ast-hfb-below-header-display":"","ast-hfb-mobile-header-display":"","site-post-title":"","ast-breadcrumbs-content":"","ast-featured-img":"","footer-sml-layout":"","theme-transparent-header-meta":"default","adv-header-id-meta":"","stick-header-meta":"","header-above-stick-meta":"","header-main-stick-meta":"","header-below-stick-meta":"","astra-migrate-meta-layouts":"set","ast-page-background-enabled":"default","ast-page-background-meta":{"desktop":{"background-color":"var(--ast-global-color-5)","background-image":"","background-repeat":"repeat","background-position":"center center","background-size":"auto","background-attachment":"scroll","background-type":"","background-media":"","overlay-type":"","overlay-color":"","overlay-opacity":"","overlay-gradient":""},"tablet":{"background-color":"","background-image":"","background-repeat":"repeat","background-position":"center center","background-size":"auto","background-attachment":"scroll","background-type":"","background-media":"","overlay-type":"","overlay-color":"","overlay-opacity":"","overlay-gradient":""},"mobile":{"background-color":"","background-image":"","background-repeat":"repeat","background-position":"center center","background-size":"auto","background-attachment":"scroll","background-type":"","background-media":"","overlay-type":"","overlay-color":"","overlay-opacity":"","overlay-gradient":""}},"ast-content-background-meta":{"desktop":{"background-color":"var(--ast-global-color-4)","background-image":"","background-repeat":"repeat","background-position":"center center","background-size":"auto","background-attachment":"scroll","background-type":"","background-media":"","overlay-type":"","overlay-color":"","overlay-opacity":"","overlay-gradient":""},"tablet":{"background-color":"var(--ast-global-color-4)","background-image":"","background-repeat":"repeat","background-position":"center center","background-size":"auto","background-attachment":"scroll","background-type":"","background-media":"","overlay-type":"","overlay-color":"","overlay-opacity":"","overlay-gradient":""},"mobile":{"background-color":"var(--ast-global-color-4)","background-image":"","background-repeat":"repeat","background-position":"center center","background-size":"auto","background-attachment":"scroll","background-type":"","background-media":"","overlay-type":"","overlay-color":"","overlay-opacity":"","overlay-gradient":""}}},"product_brand":[],"product_cat":[171],"product_tag":[],"class_list":{"0":"post-20008","1":"product","2":"type-product","3":"status-publish","4":"has-post-thumbnail","6":"product_cat-verktoy","7":"desktop-align-left","8":"tablet-align-left","9":"mobile-align-left","11":"first","12":"instock","13":"shipping-taxable","14":"purchasable","15":"product-type-simple"},"yoast_head":"<!-- This site is optimized with the Yoast SEO plugin v26.6 - https:\/\/yoast.com\/wordpress\/plugins\/seo\/ -->\n<title>360 graders bremsekaliperverkt\u00f8y - Mekulo NO<\/title>\n<meta name=\"robots\" content=\"index, follow, max-snippet:-1, max-image-preview:large, max-video-preview:-1\" \/>\n<link rel=\"canonical\" href=\"https:\/\/mekulo.com\/no\/produkt\/360-graders-bremsekaliperverktoy\/\" \/>\n<meta property=\"og:locale\" content=\"nb_NO\" \/>\n<meta property=\"og:type\" content=\"article\" \/>\n<meta property=\"og:title\" content=\"360 graders bremsekaliperverkt\u00f8y - Mekulo NO\" \/>\n<meta property=\"og:description\" content=\"\u2699\ufe0fDenne 360 graders bremsekaliperverkt\u00f8y hjelper deg med \u00e5 komprimere bremsestemplene raskt for \u00e5 skape nok plass til tykkere, nye bremseklosser. \ud83d\ude97Det er ideelt for bremsevedlikehold, noe som gj\u00f8r utskifting av bremseklosser raskere, tryggere og mer presist for b\u00e5de profesjonelle og gj\u00f8r-det-selv-brukere. \ud83d\udd27Et m\u00e5-ha-verkt\u00f8y for trygg, rask og uanstrengt utskifting av bremseklosser, designet for \u00e5 gj\u00f8re enhver bremsejobb smidigere og mer effektiv.\" \/>\n<meta property=\"og:url\" content=\"https:\/\/mekulo.com\/no\/produkt\/360-graders-bremsekaliperverktoy\/\" \/>\n<meta property=\"og:site_name\" content=\"Mekulo NO\" \/>\n<meta property=\"article:modified_time\" content=\"2026-02-03T15:51:18+00:00\" \/>\n<meta property=\"og:image\" content=\"https:\/\/mekulo.com\/no\/wp-content\/uploads\/sites\/10\/2026\/01\/j99idnj-1.jpg\" \/>\n\t<meta property=\"og:image:width\" content=\"754\" \/>\n\t<meta property=\"og:image:height\" content=\"720\" \/>\n\t<meta property=\"og:image:type\" content=\"image\/jpeg\" \/>\n<meta name=\"twitter:card\" content=\"summary_large_image\" \/>\n<meta name=\"twitter:label1\" content=\"Ansl. lesetid\" \/>\n\t<meta name=\"twitter:data1\" content=\"2 minutter\" \/>\n<script type=\"application\/ld+json\" class=\"yoast-schema-graph\">{\"@context\":\"https:\/\/schema.org\",\"@graph\":[{\"@type\":\"WebPage\",\"@id\":\"https:\/\/mekulo.com\/no\/produkt\/360-graders-bremsekaliperverktoy\/\",\"url\":\"https:\/\/mekulo.com\/no\/produkt\/360-graders-bremsekaliperverktoy\/\",\"name\":\"360 graders bremsekaliperverkt\u00f8y - Mekulo NO\",\"isPartOf\":{\"@id\":\"https:\/\/mekulo.com\/no\/#website\"},\"primaryImageOfPage\":{\"@id\":\"https:\/\/mekulo.com\/no\/produkt\/360-graders-bremsekaliperverktoy\/#primaryimage\"},\"image\":{\"@id\":\"https:\/\/mekulo.com\/no\/produkt\/360-graders-bremsekaliperverktoy\/#primaryimage\"},\"thumbnailUrl\":\"https:\/\/mekulo.com\/no\/wp-content\/uploads\/sites\/10\/2026\/01\/j99idnj-1.jpg\",\"datePublished\":\"2026-01-28T13:30:35+00:00\",\"dateModified\":\"2026-02-03T15:51:18+00:00\",\"breadcrumb\":{\"@id\":\"https:\/\/mekulo.com\/no\/produkt\/360-graders-bremsekaliperverktoy\/#breadcrumb\"},\"inLanguage\":\"nb-NO\",\"potentialAction\":[{\"@type\":\"ReadAction\",\"target\":[\"https:\/\/mekulo.com\/no\/produkt\/360-graders-bremsekaliperverktoy\/\"]}]},{\"@type\":\"ImageObject\",\"inLanguage\":\"nb-NO\",\"@id\":\"https:\/\/mekulo.com\/no\/produkt\/360-graders-bremsekaliperverktoy\/#primaryimage\",\"url\":\"https:\/\/mekulo.com\/no\/wp-content\/uploads\/sites\/10\/2026\/01\/j99idnj-1.jpg\",\"contentUrl\":\"https:\/\/mekulo.com\/no\/wp-content\/uploads\/sites\/10\/2026\/01\/j99idnj-1.jpg\",\"width\":754,\"height\":720},{\"@type\":\"BreadcrumbList\",\"@id\":\"https:\/\/mekulo.com\/no\/produkt\/360-graders-bremsekaliperverktoy\/#breadcrumb\",\"itemListElement\":[{\"@type\":\"ListItem\",\"position\":1,\"name\":\"Home\",\"item\":\"https:\/\/mekulo.com\/no\/\"},{\"@type\":\"ListItem\",\"position\":2,\"name\":\"Butikk\",\"item\":\"https:\/\/mekulo.com\/no\/butikk\/\"},{\"@type\":\"ListItem\",\"position\":3,\"name\":\"360 graders bremsekaliperverkt\u00f8y\"}]},{\"@type\":\"WebSite\",\"@id\":\"https:\/\/mekulo.com\/no\/#website\",\"url\":\"https:\/\/mekulo.com\/no\/\",\"name\":\"Mekulo NO\",\"description\":\"\",\"publisher\":{\"@id\":\"https:\/\/mekulo.com\/no\/#organization\"},\"potentialAction\":[{\"@type\":\"SearchAction\",\"target\":{\"@type\":\"EntryPoint\",\"urlTemplate\":\"https:\/\/mekulo.com\/no\/?s={search_term_string}\"},\"query-input\":{\"@type\":\"PropertyValueSpecification\",\"valueRequired\":true,\"valueName\":\"search_term_string\"}}],\"inLanguage\":\"nb-NO\"},{\"@type\":\"Organization\",\"@id\":\"https:\/\/mekulo.com\/no\/#organization\",\"name\":\"Mekulo\",\"url\":\"https:\/\/mekulo.com\/no\/\",\"logo\":{\"@type\":\"ImageObject\",\"inLanguage\":\"nb-NO\",\"@id\":\"https:\/\/mekulo.com\/no\/#\/schema\/logo\/image\/\",\"url\":\"https:\/\/mekulo.com\/no\/wp-content\/uploads\/sites\/10\/2025\/12\/favicon_mekulo.png\",\"contentUrl\":\"https:\/\/mekulo.com\/no\/wp-content\/uploads\/sites\/10\/2025\/12\/favicon_mekulo.png\",\"width\":50,\"height\":50,\"caption\":\"Mekulo\"},\"image\":{\"@id\":\"https:\/\/mekulo.com\/no\/#\/schema\/logo\/image\/\"}}]}<\/script>\n<!-- \/ Yoast SEO plugin. -->","yoast_head_json":{"title":"360 graders bremsekaliperverkt\u00f8y - Mekulo NO","robots":{"index":"index","follow":"follow","max-snippet":"max-snippet:-1","max-image-preview":"max-image-preview:large","max-video-preview":"max-video-preview:-1"},"canonical":"https:\/\/mekulo.com\/no\/produkt\/360-graders-bremsekaliperverktoy\/","og_locale":"nb_NO","og_type":"article","og_title":"360 graders bremsekaliperverkt\u00f8y - Mekulo NO","og_description":"\u2699\ufe0fDenne 360 graders bremsekaliperverkt\u00f8y hjelper deg med \u00e5 komprimere bremsestemplene raskt for \u00e5 skape nok plass til tykkere, nye bremseklosser. \ud83d\ude97Det er ideelt for bremsevedlikehold, noe som gj\u00f8r utskifting av bremseklosser raskere, tryggere og mer presist for b\u00e5de profesjonelle og gj\u00f8r-det-selv-brukere. \ud83d\udd27Et m\u00e5-ha-verkt\u00f8y for trygg, rask og uanstrengt utskifting av bremseklosser, designet for \u00e5 gj\u00f8re enhver bremsejobb smidigere og mer effektiv.","og_url":"https:\/\/mekulo.com\/no\/produkt\/360-graders-bremsekaliperverktoy\/","og_site_name":"Mekulo NO","article_modified_time":"2026-02-03T15:51:18+00:00","og_image":[{"width":754,"height":720,"url":"https:\/\/mekulo.com\/no\/wp-content\/uploads\/sites\/10\/2026\/01\/j99idnj-1.jpg","type":"image\/jpeg"}],"twitter_card":"summary_large_image","twitter_misc":{"Ansl. lesetid":"2 minutter"},"schema":{"@context":"https:\/\/schema.org","@graph":[{"@type":"WebPage","@id":"https:\/\/mekulo.com\/no\/produkt\/360-graders-bremsekaliperverktoy\/","url":"https:\/\/mekulo.com\/no\/produkt\/360-graders-bremsekaliperverktoy\/","name":"360 graders bremsekaliperverkt\u00f8y - Mekulo NO","isPartOf":{"@id":"https:\/\/mekulo.com\/no\/#website"},"primaryImageOfPage":{"@id":"https:\/\/mekulo.com\/no\/produkt\/360-graders-bremsekaliperverktoy\/#primaryimage"},"image":{"@id":"https:\/\/mekulo.com\/no\/produkt\/360-graders-bremsekaliperverktoy\/#primaryimage"},"thumbnailUrl":"https:\/\/mekulo.com\/no\/wp-content\/uploads\/sites\/10\/2026\/01\/j99idnj-1.jpg","datePublished":"2026-01-28T13:30:35+00:00","dateModified":"2026-02-03T15:51:18+00:00","breadcrumb":{"@id":"https:\/\/mekulo.com\/no\/produkt\/360-graders-bremsekaliperverktoy\/#breadcrumb"},"inLanguage":"nb-NO","potentialAction":[{"@type":"ReadAction","target":["https:\/\/mekulo.com\/no\/produkt\/360-graders-bremsekaliperverktoy\/"]}]},{"@type":"ImageObject","inLanguage":"nb-NO","@id":"https:\/\/mekulo.com\/no\/produkt\/360-graders-bremsekaliperverktoy\/#primaryimage","url":"https:\/\/mekulo.com\/no\/wp-content\/uploads\/sites\/10\/2026\/01\/j99idnj-1.jpg","contentUrl":"https:\/\/mekulo.com\/no\/wp-content\/uploads\/sites\/10\/2026\/01\/j99idnj-1.jpg","width":754,"height":720},{"@type":"BreadcrumbList","@id":"https:\/\/mekulo.com\/no\/produkt\/360-graders-bremsekaliperverktoy\/#breadcrumb","itemListElement":[{"@type":"ListItem","position":1,"name":"Home","item":"https:\/\/mekulo.com\/no\/"},{"@type":"ListItem","position":2,"name":"Butikk","item":"https:\/\/mekulo.com\/no\/butikk\/"},{"@type":"ListItem","position":3,"name":"360 graders bremsekaliperverkt\u00f8y"}]},{"@type":"WebSite","@id":"https:\/\/mekulo.com\/no\/#website","url":"https:\/\/mekulo.com\/no\/","name":"Mekulo NO","description":"","publisher":{"@id":"https:\/\/mekulo.com\/no\/#organization"},"potentialAction":[{"@type":"SearchAction","target":{"@type":"EntryPoint","urlTemplate":"https:\/\/mekulo.com\/no\/?s={search_term_string}"},"query-input":{"@type":"PropertyValueSpecification","valueRequired":true,"valueName":"search_term_string"}}],"inLanguage":"nb-NO"},{"@type":"Organization","@id":"https:\/\/mekulo.com\/no\/#organization","name":"Mekulo","url":"https:\/\/mekulo.com\/no\/","logo":{"@type":"ImageObject","inLanguage":"nb-NO","@id":"https:\/\/mekulo.com\/no\/#\/schema\/logo\/image\/","url":"https:\/\/mekulo.com\/no\/wp-content\/uploads\/sites\/10\/2025\/12\/favicon_mekulo.png","contentUrl":"https:\/\/mekulo.com\/no\/wp-content\/uploads\/sites\/10\/2025\/12\/favicon_mekulo.png","width":50,"height":50,"caption":"Mekulo"},"image":{"@id":"https:\/\/mekulo.com\/no\/#\/schema\/logo\/image\/"}}]}},"_links":{"self":[{"href":"https:\/\/mekulo.com\/no\/wp-json\/wp\/v2\/product\/20008","targetHints":{"allow":["GET"]}}],"collection":[{"href":"https:\/\/mekulo.com\/no\/wp-json\/wp\/v2\/product"}],"about":[{"href":"https:\/\/mekulo.com\/no\/wp-json\/wp\/v2\/types\/product"}],"replies":[{"embeddable":true,"href":"https:\/\/mekulo.com\/no\/wp-json\/wp\/v2\/comments?post=20008"}],"wp:featuredmedia":[{"embeddable":true,"href":"https:\/\/mekulo.com\/no\/wp-json\/wp\/v2\/media\/20004"}],"wp:attachment":[{"href":"https:\/\/mekulo.com\/no\/wp-json\/wp\/v2\/media?parent=20008"}],"wp:term":[{"taxonomy":"product_brand","embeddable":true,"href":"https:\/\/mekulo.com\/no\/wp-json\/wp\/v2\/product_brand?post=20008"},{"taxonomy":"product_cat","embeddable":true,"href":"https:\/\/mekulo.com\/no\/wp-json\/wp\/v2\/product_cat?post=20008"},{"taxonomy":"product_tag","embeddable":true,"href":"https:\/\/mekulo.com\/no\/wp-json\/wp\/v2\/product_tag?post=20008"}],"curies":[{"name":"wp","href":"https:\/\/api.w.org\/{rel}","templated":true}]}}