{"id":19995,"date":"2026-01-28T15:29:22","date_gmt":"2026-01-28T13:29:22","guid":{"rendered":"https:\/\/mekulo.com\/no\/produkt\/flis-og-glasskutter\/"},"modified":"2026-02-10T11:04:26","modified_gmt":"2026-02-10T09:04:26","slug":"flis-og-glasskutter","status":"publish","type":"product","link":"https:\/\/mekulo.com\/no\/produkt\/flis-og-glasskutter\/","title":{"rendered":"Flis- og glasskutter"},"content":{"rendered":"<p style=\"text-align: center;\" data-start=\"27\" data-end=\"93\"><strong data-start=\"27\" data-end=\"93\">Skj\u00e6r fliser og glass rent med ett enkelt, lett verkt\u00f8y. \ud83c\udf77<\/strong><\/p>\n<p data-start=\"27\" data-end=\"93\"><img fetchpriority=\"high\" decoding=\"async\" class=\"size-full wp-image-22002 aligncenter\" src=\"https:\/\/mekulo.com\/template\/wp-content\/uploads\/sites\/6\/2026\/01\/S410ff57d86524ccd992cfd4c7db3fa04T.webp\" alt=\"\" width=\"1100\" height=\"1100\" \/><\/p>\n<h2 style=\"text-align: center;\" data-start=\"326\" data-end=\"343\">Hovedfordeler<\/h2>\n<p data-start=\"346\" data-end=\"416\">\u2699\ufe0f 2-i-1-design &#8211; Skj\u00e6reblad og knusetang i ett verkt\u00f8y.<\/p>\n<p data-start=\"419\" data-end=\"493\">\u2728 Rene og jevne kutt &#8211; Wolframst\u00e5lhjul sikrer presis sk\u00e5ring.<\/p>\n<p data-start=\"496\" data-end=\"557\">\ud83d\udd90\ufe0f Ergonomisk h\u00e5ndtak &#8211; Reduserer tretthet i h\u00e5ndleddet under bruk.<\/p>\n<p data-start=\"560\" data-end=\"632\">\ud83c\udfaf H\u00f8y n\u00f8yaktighet &#8211; Innebygd sk\u00e5rguide for rette, rene kutt.<\/p>\n<p data-start=\"635\" data-end=\"699\">\ud83e\uddf3 Lett og b\u00e6rbar &#8211; Enkel \u00e5 b\u00e6re og bruke hvor som helst.<\/p>\n<p data-start=\"702\" data-end=\"774\">\ud83e\udde9 Bred kompatibilitet &#8211; Fungerer p\u00e5 glass, speil og keramiske fliser.<\/p>\n<p data-start=\"702\" data-end=\"774\"><img decoding=\"async\" class=\"size-full wp-image-21999 aligncenter\" src=\"https:\/\/mekulo.com\/template\/wp-content\/uploads\/sites\/6\/2026\/01\/5-11.jpeg\" alt=\"\" width=\"1100\" height=\"1100\" \/><\/p>\n<h2 style=\"text-align: center;\" data-start=\"781\" data-end=\"795\"><strong>Hvordan Du Bruker<\/strong> \ud83d\udccc<\/h2>\n<ol data-start=\"796\" data-end=\"1015\">\n<li data-start=\"796\" data-end=\"844\">\n<p data-start=\"799\" data-end=\"844\">Tegn skj\u00e6relinjen p\u00e5 flisen eller glasset.<\/p>\n<\/li>\n<li data-start=\"845\" data-end=\"908\">\n<p data-start=\"848\" data-end=\"908\">Bruk kutteren til \u00e5 skj\u00e6re langs linjen med jevnt trykk.<\/p>\n<\/li>\n<li data-start=\"909\" data-end=\"949\">\n<p data-start=\"912\" data-end=\"949\">Klem fast materialet med tangen.<\/p>\n<\/li>\n<li data-start=\"950\" data-end=\"1015\">\n<p data-start=\"953\" data-end=\"1015\">Vri sakte p\u00e5 h\u00e5ndtaket for \u00e5 knipse rent langs kuttelinjen.<\/p>\n<\/li>\n<\/ol>\n<p data-start=\"1017\" data-end=\"1086\"><em data-start=\"1017\" data-end=\"1086\">tips: Bruk jevn kraft og juster rilleguiden for best resultat.<\/em><\/p>\n<h2 style=\"text-align: center;\" data-start=\"1093\" data-end=\"1112\"><strong>Produktdetaljer<\/strong> \ud83d\udccf<\/h2>\n<ul data-start=\"1113\" data-end=\"1435\">\n<li data-start=\"1157\" data-end=\"1196\">\n<p data-start=\"1159\" data-end=\"1196\">Bladmateriale: Fint wolframst\u00e5l<\/p>\n<\/li>\n<li data-start=\"1197\" data-end=\"1247\">\n<p data-start=\"1199\" data-end=\"1247\">Vekt: Ca. 245 g-340 g (lettvektsdesign)<\/p>\n<\/li>\n<li data-start=\"1248\" data-end=\"1284\">\n<p data-start=\"1250\" data-end=\"1284\">H\u00e5ndtak: Ergonomisk, sklisikkert grep<\/p>\n<\/li>\n<li data-start=\"1285\" data-end=\"1358\">\n<p data-start=\"1287\" data-end=\"1358\">Anvendelsesomr\u00e5der: Glass, speil, keramiske fliser, glaserte fliser, veggfliser<\/p>\n<\/li>\n<li data-start=\"1359\" data-end=\"1435\">\n<p data-start=\"1361\" data-end=\"1435\">Funksjoner: L\u00e5sbar hovedskrue, utskiftbare kniver, presis sk\u00e5rguide<\/p>\n<\/li>\n<li data-start=\"1359\" data-end=\"1435\">St\u00f8rrelse: 9,5 x 8,5 x 8,5 cm<\/li>\n<\/ul>\n<h2 style=\"text-align: center;\" data-start=\"1442\" data-end=\"1462\">Pakken inneholder \ud83d\udce6<\/h2>\n<ul data-start=\"1463\" data-end=\"1546\">\n<li data-start=\"1463\" data-end=\"1492\">\n<p data-start=\"1465\" data-end=\"1492\">1x flis- og glassskj\u00e6rer<\/p>\n<\/li>\n<li data-start=\"1493\" data-end=\"1524\">\n<p data-start=\"1495\" data-end=\"1524\">2x ekstra fine hjulblader<\/p>\n<\/li>\n<li data-start=\"1525\" data-end=\"1546\">\n<p data-start=\"1527\" data-end=\"1546\">4x trykkspisser.<\/p>\n<\/li>\n<\/ul>\n","protected":false},"excerpt":{"rendered":"<p>\ud83e\udd42Med denne 2-i-1 flis- og glasskutteren kan du enkelt skj\u00e6re og knekke materialer uten tunge verkt\u00f8y eller kompliserte trinn.<br \/>\n\ud83c\udfe0Den er perfekt for gj\u00f8r-det-selv-prosjekter, reparasjoner i hjemmet og sm\u00e5 oppussingsjobber der presisjon og kontroll er viktig.<br \/>\n\ud83d\udd27Et praktisk og p\u00e5litelig verkt\u00f8y som gj\u00f8r det enklere, tryggere og mer presist \u00e5 skj\u00e6re fliser og glass, b\u00e5de for nybegynnere og erfarne gj\u00f8r-det-selv-brukere.<\/p>\n","protected":false},"featured_media":19991,"comment_status":"open","ping_status":"closed","template":"","meta":{"site-sidebar-layout":"default","site-content-layout":"","ast-site-content-layout":"default","site-content-style":"default","site-sidebar-style":"default","ast-global-header-display":"","ast-banner-title-visibility":"","ast-main-header-display":"","ast-hfb-above-header-display":"","ast-hfb-below-header-display":"","ast-hfb-mobile-header-display":"","site-post-title":"","ast-breadcrumbs-content":"","ast-featured-img":"","footer-sml-layout":"","theme-transparent-header-meta":"default","adv-header-id-meta":"","stick-header-meta":"","header-above-stick-meta":"","header-main-stick-meta":"","header-below-stick-meta":"","astra-migrate-meta-layouts":"set","ast-page-background-enabled":"default","ast-page-background-meta":{"desktop":{"background-color":"var(--ast-global-color-5)","background-image":"","background-repeat":"repeat","background-position":"center center","background-size":"auto","background-attachment":"scroll","background-type":"","background-media":"","overlay-type":"","overlay-color":"","overlay-opacity":"","overlay-gradient":""},"tablet":{"background-color":"","background-image":"","background-repeat":"repeat","background-position":"center center","background-size":"auto","background-attachment":"scroll","background-type":"","background-media":"","overlay-type":"","overlay-color":"","overlay-opacity":"","overlay-gradient":""},"mobile":{"background-color":"","background-image":"","background-repeat":"repeat","background-position":"center center","background-size":"auto","background-attachment":"scroll","background-type":"","background-media":"","overlay-type":"","overlay-color":"","overlay-opacity":"","overlay-gradient":""}},"ast-content-background-meta":{"desktop":{"background-color":"var(--ast-global-color-4)","background-image":"","background-repeat":"repeat","background-position":"center center","background-size":"auto","background-attachment":"scroll","background-type":"","background-media":"","overlay-type":"","overlay-color":"","overlay-opacity":"","overlay-gradient":""},"tablet":{"background-color":"var(--ast-global-color-4)","background-image":"","background-repeat":"repeat","background-position":"center center","background-size":"auto","background-attachment":"scroll","background-type":"","background-media":"","overlay-type":"","overlay-color":"","overlay-opacity":"","overlay-gradient":""},"mobile":{"background-color":"var(--ast-global-color-4)","background-image":"","background-repeat":"repeat","background-position":"center center","background-size":"auto","background-attachment":"scroll","background-type":"","background-media":"","overlay-type":"","overlay-color":"","overlay-opacity":"","overlay-gradient":""}}},"product_brand":[],"product_cat":[171],"product_tag":[],"class_list":{"0":"post-19995","1":"product","2":"type-product","3":"status-publish","4":"has-post-thumbnail","6":"product_cat-verktoy","7":"desktop-align-left","8":"tablet-align-left","9":"mobile-align-left","11":"first","12":"instock","13":"shipping-taxable","14":"purchasable","15":"product-type-simple"},"yoast_head":"<!-- This site is optimized with the Yoast SEO plugin v26.6 - https:\/\/yoast.com\/wordpress\/plugins\/seo\/ -->\n<title>Flis- og glasskutter - Mekulo NO<\/title>\n<meta name=\"robots\" content=\"index, follow, max-snippet:-1, max-image-preview:large, max-video-preview:-1\" \/>\n<link rel=\"canonical\" href=\"https:\/\/mekulo.com\/no\/produkt\/flis-og-glasskutter\/\" \/>\n<meta property=\"og:locale\" content=\"nb_NO\" \/>\n<meta property=\"og:type\" content=\"article\" \/>\n<meta property=\"og:title\" content=\"Flis- og glasskutter - Mekulo NO\" \/>\n<meta property=\"og:description\" content=\"\ud83e\udd42Med denne 2-i-1 flis- og glasskutteren kan du enkelt skj\u00e6re og knekke materialer uten tunge verkt\u00f8y eller kompliserte trinn. \ud83c\udfe0Den er perfekt for gj\u00f8r-det-selv-prosjekter, reparasjoner i hjemmet og sm\u00e5 oppussingsjobber der presisjon og kontroll er viktig. \ud83d\udd27Et praktisk og p\u00e5litelig verkt\u00f8y som gj\u00f8r det enklere, tryggere og mer presist \u00e5 skj\u00e6re fliser og glass, b\u00e5de for nybegynnere og erfarne gj\u00f8r-det-selv-brukere.\" \/>\n<meta property=\"og:url\" content=\"https:\/\/mekulo.com\/no\/produkt\/flis-og-glasskutter\/\" \/>\n<meta property=\"og:site_name\" content=\"Mekulo NO\" \/>\n<meta property=\"article:modified_time\" content=\"2026-02-10T09:04:26+00:00\" \/>\n<meta property=\"og:image\" content=\"https:\/\/mekulo.com\/no\/wp-content\/uploads\/sites\/10\/2026\/01\/u1e5fz9-1.jpeg\" \/>\n\t<meta property=\"og:image:width\" content=\"1600\" \/>\n\t<meta property=\"og:image:height\" content=\"1600\" \/>\n\t<meta property=\"og:image:type\" content=\"image\/jpeg\" \/>\n<meta name=\"twitter:card\" content=\"summary_large_image\" \/>\n<meta name=\"twitter:label1\" content=\"Ansl. lesetid\" \/>\n\t<meta name=\"twitter:data1\" content=\"2 minutter\" \/>\n<script type=\"application\/ld+json\" class=\"yoast-schema-graph\">{\"@context\":\"https:\/\/schema.org\",\"@graph\":[{\"@type\":\"WebPage\",\"@id\":\"https:\/\/mekulo.com\/no\/produkt\/flis-og-glasskutter\/\",\"url\":\"https:\/\/mekulo.com\/no\/produkt\/flis-og-glasskutter\/\",\"name\":\"Flis- og glasskutter - Mekulo NO\",\"isPartOf\":{\"@id\":\"https:\/\/mekulo.com\/no\/#website\"},\"primaryImageOfPage\":{\"@id\":\"https:\/\/mekulo.com\/no\/produkt\/flis-og-glasskutter\/#primaryimage\"},\"image\":{\"@id\":\"https:\/\/mekulo.com\/no\/produkt\/flis-og-glasskutter\/#primaryimage\"},\"thumbnailUrl\":\"https:\/\/mekulo.com\/no\/wp-content\/uploads\/sites\/10\/2026\/01\/u1e5fz9-1.jpeg\",\"datePublished\":\"2026-01-28T13:29:22+00:00\",\"dateModified\":\"2026-02-10T09:04:26+00:00\",\"breadcrumb\":{\"@id\":\"https:\/\/mekulo.com\/no\/produkt\/flis-og-glasskutter\/#breadcrumb\"},\"inLanguage\":\"nb-NO\",\"potentialAction\":[{\"@type\":\"ReadAction\",\"target\":[\"https:\/\/mekulo.com\/no\/produkt\/flis-og-glasskutter\/\"]}]},{\"@type\":\"ImageObject\",\"inLanguage\":\"nb-NO\",\"@id\":\"https:\/\/mekulo.com\/no\/produkt\/flis-og-glasskutter\/#primaryimage\",\"url\":\"https:\/\/mekulo.com\/no\/wp-content\/uploads\/sites\/10\/2026\/01\/u1e5fz9-1.jpeg\",\"contentUrl\":\"https:\/\/mekulo.com\/no\/wp-content\/uploads\/sites\/10\/2026\/01\/u1e5fz9-1.jpeg\",\"width\":1600,\"height\":1600},{\"@type\":\"BreadcrumbList\",\"@id\":\"https:\/\/mekulo.com\/no\/produkt\/flis-og-glasskutter\/#breadcrumb\",\"itemListElement\":[{\"@type\":\"ListItem\",\"position\":1,\"name\":\"Home\",\"item\":\"https:\/\/mekulo.com\/no\/\"},{\"@type\":\"ListItem\",\"position\":2,\"name\":\"Butikk\",\"item\":\"https:\/\/mekulo.com\/no\/butikk\/\"},{\"@type\":\"ListItem\",\"position\":3,\"name\":\"Flis- og glasskutter\"}]},{\"@type\":\"WebSite\",\"@id\":\"https:\/\/mekulo.com\/no\/#website\",\"url\":\"https:\/\/mekulo.com\/no\/\",\"name\":\"Mekulo NO\",\"description\":\"\",\"publisher\":{\"@id\":\"https:\/\/mekulo.com\/no\/#organization\"},\"potentialAction\":[{\"@type\":\"SearchAction\",\"target\":{\"@type\":\"EntryPoint\",\"urlTemplate\":\"https:\/\/mekulo.com\/no\/?s={search_term_string}\"},\"query-input\":{\"@type\":\"PropertyValueSpecification\",\"valueRequired\":true,\"valueName\":\"search_term_string\"}}],\"inLanguage\":\"nb-NO\"},{\"@type\":\"Organization\",\"@id\":\"https:\/\/mekulo.com\/no\/#organization\",\"name\":\"Mekulo\",\"url\":\"https:\/\/mekulo.com\/no\/\",\"logo\":{\"@type\":\"ImageObject\",\"inLanguage\":\"nb-NO\",\"@id\":\"https:\/\/mekulo.com\/no\/#\/schema\/logo\/image\/\",\"url\":\"https:\/\/mekulo.com\/no\/wp-content\/uploads\/sites\/10\/2025\/12\/favicon_mekulo.png\",\"contentUrl\":\"https:\/\/mekulo.com\/no\/wp-content\/uploads\/sites\/10\/2025\/12\/favicon_mekulo.png\",\"width\":50,\"height\":50,\"caption\":\"Mekulo\"},\"image\":{\"@id\":\"https:\/\/mekulo.com\/no\/#\/schema\/logo\/image\/\"}}]}<\/script>\n<!-- \/ Yoast SEO plugin. -->","yoast_head_json":{"title":"Flis- og glasskutter - Mekulo NO","robots":{"index":"index","follow":"follow","max-snippet":"max-snippet:-1","max-image-preview":"max-image-preview:large","max-video-preview":"max-video-preview:-1"},"canonical":"https:\/\/mekulo.com\/no\/produkt\/flis-og-glasskutter\/","og_locale":"nb_NO","og_type":"article","og_title":"Flis- og glasskutter - Mekulo NO","og_description":"\ud83e\udd42Med denne 2-i-1 flis- og glasskutteren kan du enkelt skj\u00e6re og knekke materialer uten tunge verkt\u00f8y eller kompliserte trinn. \ud83c\udfe0Den er perfekt for gj\u00f8r-det-selv-prosjekter, reparasjoner i hjemmet og sm\u00e5 oppussingsjobber der presisjon og kontroll er viktig. \ud83d\udd27Et praktisk og p\u00e5litelig verkt\u00f8y som gj\u00f8r det enklere, tryggere og mer presist \u00e5 skj\u00e6re fliser og glass, b\u00e5de for nybegynnere og erfarne gj\u00f8r-det-selv-brukere.","og_url":"https:\/\/mekulo.com\/no\/produkt\/flis-og-glasskutter\/","og_site_name":"Mekulo NO","article_modified_time":"2026-02-10T09:04:26+00:00","og_image":[{"width":1600,"height":1600,"url":"https:\/\/mekulo.com\/no\/wp-content\/uploads\/sites\/10\/2026\/01\/u1e5fz9-1.jpeg","type":"image\/jpeg"}],"twitter_card":"summary_large_image","twitter_misc":{"Ansl. lesetid":"2 minutter"},"schema":{"@context":"https:\/\/schema.org","@graph":[{"@type":"WebPage","@id":"https:\/\/mekulo.com\/no\/produkt\/flis-og-glasskutter\/","url":"https:\/\/mekulo.com\/no\/produkt\/flis-og-glasskutter\/","name":"Flis- og glasskutter - Mekulo NO","isPartOf":{"@id":"https:\/\/mekulo.com\/no\/#website"},"primaryImageOfPage":{"@id":"https:\/\/mekulo.com\/no\/produkt\/flis-og-glasskutter\/#primaryimage"},"image":{"@id":"https:\/\/mekulo.com\/no\/produkt\/flis-og-glasskutter\/#primaryimage"},"thumbnailUrl":"https:\/\/mekulo.com\/no\/wp-content\/uploads\/sites\/10\/2026\/01\/u1e5fz9-1.jpeg","datePublished":"2026-01-28T13:29:22+00:00","dateModified":"2026-02-10T09:04:26+00:00","breadcrumb":{"@id":"https:\/\/mekulo.com\/no\/produkt\/flis-og-glasskutter\/#breadcrumb"},"inLanguage":"nb-NO","potentialAction":[{"@type":"ReadAction","target":["https:\/\/mekulo.com\/no\/produkt\/flis-og-glasskutter\/"]}]},{"@type":"ImageObject","inLanguage":"nb-NO","@id":"https:\/\/mekulo.com\/no\/produkt\/flis-og-glasskutter\/#primaryimage","url":"https:\/\/mekulo.com\/no\/wp-content\/uploads\/sites\/10\/2026\/01\/u1e5fz9-1.jpeg","contentUrl":"https:\/\/mekulo.com\/no\/wp-content\/uploads\/sites\/10\/2026\/01\/u1e5fz9-1.jpeg","width":1600,"height":1600},{"@type":"BreadcrumbList","@id":"https:\/\/mekulo.com\/no\/produkt\/flis-og-glasskutter\/#breadcrumb","itemListElement":[{"@type":"ListItem","position":1,"name":"Home","item":"https:\/\/mekulo.com\/no\/"},{"@type":"ListItem","position":2,"name":"Butikk","item":"https:\/\/mekulo.com\/no\/butikk\/"},{"@type":"ListItem","position":3,"name":"Flis- og glasskutter"}]},{"@type":"WebSite","@id":"https:\/\/mekulo.com\/no\/#website","url":"https:\/\/mekulo.com\/no\/","name":"Mekulo NO","description":"","publisher":{"@id":"https:\/\/mekulo.com\/no\/#organization"},"potentialAction":[{"@type":"SearchAction","target":{"@type":"EntryPoint","urlTemplate":"https:\/\/mekulo.com\/no\/?s={search_term_string}"},"query-input":{"@type":"PropertyValueSpecification","valueRequired":true,"valueName":"search_term_string"}}],"inLanguage":"nb-NO"},{"@type":"Organization","@id":"https:\/\/mekulo.com\/no\/#organization","name":"Mekulo","url":"https:\/\/mekulo.com\/no\/","logo":{"@type":"ImageObject","inLanguage":"nb-NO","@id":"https:\/\/mekulo.com\/no\/#\/schema\/logo\/image\/","url":"https:\/\/mekulo.com\/no\/wp-content\/uploads\/sites\/10\/2025\/12\/favicon_mekulo.png","contentUrl":"https:\/\/mekulo.com\/no\/wp-content\/uploads\/sites\/10\/2025\/12\/favicon_mekulo.png","width":50,"height":50,"caption":"Mekulo"},"image":{"@id":"https:\/\/mekulo.com\/no\/#\/schema\/logo\/image\/"}}]}},"_links":{"self":[{"href":"https:\/\/mekulo.com\/no\/wp-json\/wp\/v2\/product\/19995","targetHints":{"allow":["GET"]}}],"collection":[{"href":"https:\/\/mekulo.com\/no\/wp-json\/wp\/v2\/product"}],"about":[{"href":"https:\/\/mekulo.com\/no\/wp-json\/wp\/v2\/types\/product"}],"replies":[{"embeddable":true,"href":"https:\/\/mekulo.com\/no\/wp-json\/wp\/v2\/comments?post=19995"}],"wp:featuredmedia":[{"embeddable":true,"href":"https:\/\/mekulo.com\/no\/wp-json\/wp\/v2\/media\/19991"}],"wp:attachment":[{"href":"https:\/\/mekulo.com\/no\/wp-json\/wp\/v2\/media?parent=19995"}],"wp:term":[{"taxonomy":"product_brand","embeddable":true,"href":"https:\/\/mekulo.com\/no\/wp-json\/wp\/v2\/product_brand?post=19995"},{"taxonomy":"product_cat","embeddable":true,"href":"https:\/\/mekulo.com\/no\/wp-json\/wp\/v2\/product_cat?post=19995"},{"taxonomy":"product_tag","embeddable":true,"href":"https:\/\/mekulo.com\/no\/wp-json\/wp\/v2\/product_tag?post=19995"}],"curies":[{"name":"wp","href":"https:\/\/api.w.org\/{rel}","templated":true}]}}