{"id":19982,"date":"2026-01-28T15:27:52","date_gmt":"2026-01-28T13:27:52","guid":{"rendered":"https:\/\/mekulo.com\/no\/produkt\/bagasjeromsorganisering-i-elastisk-netting\/"},"modified":"2026-02-03T17:08:27","modified_gmt":"2026-02-03T15:08:27","slug":"bagasjeromsorganisering-i-elastisk-netting","status":"publish","type":"product","link":"https:\/\/mekulo.com\/no\/produkt\/bagasjeromsorganisering-i-elastisk-netting\/","title":{"rendered":"Bagasjeromsorganisering i elastisk netting"},"content":{"rendered":"<p style=\"text-align: center;\" data-start=\"34\" data-end=\"89\"><strong data-start=\"34\" data-end=\"89\">Sikre Lasten Din Raskt Og Trygt P\u00e5 Hver Eneste Tur. \ud83d\ude98<\/strong><\/p>\n<p data-start=\"34\" data-end=\"89\"><img fetchpriority=\"high\" decoding=\"async\" class=\"size-full wp-image-21992 aligncenter\" src=\"https:\/\/mekulo.com\/template\/wp-content\/uploads\/sites\/6\/2026\/01\/S9dbe54272c6c43f1b8acd6ac4f1207453.webp\" alt=\"\" width=\"800\" height=\"800\" \/><\/p>\n<h2 style=\"text-align: center;\" data-start=\"334\" data-end=\"353\">\u2705 Hovedfordeler<\/h2>\n<p data-start=\"355\" data-end=\"437\">\ud83e\uddf2 H\u00f8yelastisk netting &#8211; Strekker seg lett for \u00e5 holde forskjellige varest\u00f8rrelser sikkert.<\/p>\n<p data-start=\"439\" data-end=\"528\">\ud83e\uddf3 Oppbevaring i to lag &#8211; Fungerer som et lastenett og en oppbevaringslomme samtidig.<\/p>\n<p data-start=\"530\" data-end=\"608\">\ud83d\udca7 Vanntett og slitesterk &#8211; Laget for \u00e5 h\u00e5ndtere regn, st\u00f8v og daglig bruk.<\/p>\n<p data-start=\"610\" data-end=\"687\">\ud83e\ude9d Enkel krokinstallasjon &#8211; Leveres med 4 kroker for raskt og stabilt oppsett.<\/p>\n<p data-start=\"689\" data-end=\"764\">\ud83c\udfcd\ufe0f Kan brukes p\u00e5 flere kj\u00f8ret\u00f8y &#8211; Passer til biler, motorsykler, sykler, ATV-er og sn\u00f8scootere.<\/p>\n<p data-start=\"689\" data-end=\"764\"><img decoding=\"async\" class=\"size-full wp-image-21987 aligncenter\" src=\"https:\/\/mekulo.com\/template\/wp-content\/uploads\/sites\/6\/2026\/01\/S2b4bc35026cb4ccb86670bb3e10020b67.webp\" alt=\"\" width=\"800\" height=\"800\" \/><\/p>\n<h2 style=\"text-align: center;\" data-start=\"771\" data-end=\"788\">\ud83d\udee0 Slik Bruker Du Det<\/h2>\n<ol data-start=\"790\" data-end=\"973\">\n<li data-start=\"790\" data-end=\"837\">\n<p data-start=\"793\" data-end=\"837\">Plasser nettet over bagasjen eller hjelmen.<\/p>\n<\/li>\n<li data-start=\"838\" data-end=\"890\">\n<p data-start=\"841\" data-end=\"890\">Fest de fire krokene til bagasjebrettet eller rammepunktene.<\/p>\n<\/li>\n<li data-start=\"891\" data-end=\"939\">\n<p data-start=\"894\" data-end=\"939\">Juster nettet for \u00e5 feste gjenstandene godt.<\/p>\n<\/li>\n<li data-start=\"940\" data-end=\"973\">\n<p data-start=\"943\" data-end=\"973\">Kontroller stabiliteten f\u00f8r du kj\u00f8rer.<\/p>\n<\/li>\n<\/ol>\n<h2 style=\"text-align: center;\" data-start=\"980\" data-end=\"1002\">\ud83d\udccc Produktdetaljer<\/h2>\n<ul data-start=\"1004\" data-end=\"1233\">\n<li data-start=\"1004\" data-end=\"1049\">\n<p data-start=\"1006\" data-end=\"1049\">Materiale: Elastisk lateksnett av h\u00f8y kvalitet<\/p>\n<\/li>\n<li data-start=\"1050\" data-end=\"1084\">\n<p data-start=\"1052\" data-end=\"1084\">Design: Dobbeltlags lastenett<\/p>\n<\/li>\n<li data-start=\"1085\" data-end=\"1119\">\n<p data-start=\"1087\" data-end=\"1119\">Strekk-st\u00f8rrelse: Opp til 30 x 25 cm<\/p>\n<\/li>\n<li data-start=\"1120\" data-end=\"1139\">\n<p data-start=\"1122\" data-end=\"1139\">Vanntett: Ja<\/p>\n<\/li>\n<li data-start=\"1140\" data-end=\"1176\">\n<p data-start=\"1142\" data-end=\"1176\">Vekt: Lett og sammenleggbar<\/p>\n<\/li>\n<li data-start=\"1177\" data-end=\"1233\">\n<p data-start=\"1179\" data-end=\"1233\">Kompatibilitet: Biler, motorsykler, sykler, ATV-er, sn\u00f8scootere<\/p>\n<\/li>\n<\/ul>\n<h2 style=\"text-align: center;\" data-start=\"1240\" data-end=\"1263\">\ud83d\udce6 Pakken inkluderer<\/h2>\n<ul data-start=\"1265\" data-end=\"1301\">\n<li data-start=\"1265\" data-end=\"1301\">\n<p data-start=\"1267\" data-end=\"1301\">1, 2 x elastiske bagasjeromsarrang\u00f8rer i netting.<\/p>\n<\/li>\n<\/ul>\n","protected":false},"excerpt":{"rendered":"<p>\ud83d\udefbDenne elastiske bagasjeromsorganisatoren i netting holder hjelm, vesker og utstyr p\u00e5 plass mens du sykler.<br \/>\n<span style=\"font-size: 16px; font-style: normal; font-weight: 400;\">\ud83c\udfcd\ufe0fDens <\/span>Design med h\u00f8y strekk og doble lag gir deg ekstra oppbevaringsplass uten \u00e5 legge til masse, noe som gj\u00f8r den perfekt for daglig pendling eller lange turer.<br \/>\n<span style=\"font-size: 16px; font-style: normal; font-weight: 400;\">\u2728<\/span>En enkel og rimelig l\u00f8sning for tryggere og mer organiserte sykkelturer.<\/p>\n","protected":false},"featured_media":19978,"comment_status":"open","ping_status":"closed","template":"","meta":{"site-sidebar-layout":"default","site-content-layout":"","ast-site-content-layout":"default","site-content-style":"default","site-sidebar-style":"default","ast-global-header-display":"","ast-banner-title-visibility":"","ast-main-header-display":"","ast-hfb-above-header-display":"","ast-hfb-below-header-display":"","ast-hfb-mobile-header-display":"","site-post-title":"","ast-breadcrumbs-content":"","ast-featured-img":"","footer-sml-layout":"","theme-transparent-header-meta":"default","adv-header-id-meta":"","stick-header-meta":"","header-above-stick-meta":"","header-main-stick-meta":"","header-below-stick-meta":"","astra-migrate-meta-layouts":"set","ast-page-background-enabled":"default","ast-page-background-meta":{"desktop":{"background-color":"var(--ast-global-color-5)","background-image":"","background-repeat":"repeat","background-position":"center center","background-size":"auto","background-attachment":"scroll","background-type":"","background-media":"","overlay-type":"","overlay-color":"","overlay-opacity":"","overlay-gradient":""},"tablet":{"background-color":"","background-image":"","background-repeat":"repeat","background-position":"center center","background-size":"auto","background-attachment":"scroll","background-type":"","background-media":"","overlay-type":"","overlay-color":"","overlay-opacity":"","overlay-gradient":""},"mobile":{"background-color":"","background-image":"","background-repeat":"repeat","background-position":"center center","background-size":"auto","background-attachment":"scroll","background-type":"","background-media":"","overlay-type":"","overlay-color":"","overlay-opacity":"","overlay-gradient":""}},"ast-content-background-meta":{"desktop":{"background-color":"var(--ast-global-color-4)","background-image":"","background-repeat":"repeat","background-position":"center center","background-size":"auto","background-attachment":"scroll","background-type":"","background-media":"","overlay-type":"","overlay-color":"","overlay-opacity":"","overlay-gradient":""},"tablet":{"background-color":"var(--ast-global-color-4)","background-image":"","background-repeat":"repeat","background-position":"center center","background-size":"auto","background-attachment":"scroll","background-type":"","background-media":"","overlay-type":"","overlay-color":"","overlay-opacity":"","overlay-gradient":""},"mobile":{"background-color":"var(--ast-global-color-4)","background-image":"","background-repeat":"repeat","background-position":"center center","background-size":"auto","background-attachment":"scroll","background-type":"","background-media":"","overlay-type":"","overlay-color":"","overlay-opacity":"","overlay-gradient":""}}},"product_brand":[],"product_cat":[15],"product_tag":[],"class_list":{"0":"post-19982","1":"product","2":"type-product","3":"status-publish","4":"has-post-thumbnail","6":"product_cat-uncategorized","7":"pa_51775_548cyyl1-1-stk","8":"pa_51775_548cyyl1-2-stk","9":"desktop-align-left","10":"tablet-align-left","11":"mobile-align-left","13":"first","14":"instock","15":"shipping-taxable","16":"purchasable","17":"product-type-variable"},"yoast_head":"<!-- This site is optimized with the Yoast SEO plugin v26.6 - https:\/\/yoast.com\/wordpress\/plugins\/seo\/ -->\n<title>Bagasjeromsorganisering i elastisk netting - Mekulo NO<\/title>\n<meta name=\"robots\" content=\"index, follow, max-snippet:-1, max-image-preview:large, max-video-preview:-1\" \/>\n<link rel=\"canonical\" href=\"https:\/\/mekulo.com\/no\/produkt\/bagasjeromsorganisering-i-elastisk-netting\/\" \/>\n<meta property=\"og:locale\" content=\"nb_NO\" \/>\n<meta property=\"og:type\" content=\"article\" \/>\n<meta property=\"og:title\" content=\"Bagasjeromsorganisering i elastisk netting - Mekulo NO\" \/>\n<meta property=\"og:description\" content=\"\ud83d\udefbDenne elastiske bagasjeromsorganisatoren i netting holder hjelm, vesker og utstyr p\u00e5 plass mens du sykler. \ud83c\udfcd\ufe0fDens Design med h\u00f8y strekk og doble lag gir deg ekstra oppbevaringsplass uten \u00e5 legge til masse, noe som gj\u00f8r den perfekt for daglig pendling eller lange turer. \u2728En enkel og rimelig l\u00f8sning for tryggere og mer organiserte sykkelturer.\" \/>\n<meta property=\"og:url\" content=\"https:\/\/mekulo.com\/no\/produkt\/bagasjeromsorganisering-i-elastisk-netting\/\" \/>\n<meta property=\"og:site_name\" content=\"Mekulo NO\" \/>\n<meta property=\"article:modified_time\" content=\"2026-02-03T15:08:27+00:00\" \/>\n<meta property=\"og:image\" content=\"https:\/\/mekulo.com\/no\/wp-content\/uploads\/sites\/10\/2026\/01\/xnnw2xs-1.webp\" \/>\n\t<meta property=\"og:image:width\" content=\"800\" \/>\n\t<meta property=\"og:image:height\" content=\"800\" \/>\n\t<meta property=\"og:image:type\" content=\"image\/webp\" \/>\n<meta name=\"twitter:card\" content=\"summary_large_image\" \/>\n<meta name=\"twitter:label1\" content=\"Ansl. lesetid\" \/>\n\t<meta name=\"twitter:data1\" content=\"2 minutter\" \/>\n<script type=\"application\/ld+json\" class=\"yoast-schema-graph\">{\"@context\":\"https:\/\/schema.org\",\"@graph\":[{\"@type\":\"WebPage\",\"@id\":\"https:\/\/mekulo.com\/no\/produkt\/bagasjeromsorganisering-i-elastisk-netting\/\",\"url\":\"https:\/\/mekulo.com\/no\/produkt\/bagasjeromsorganisering-i-elastisk-netting\/\",\"name\":\"Bagasjeromsorganisering i elastisk netting - Mekulo NO\",\"isPartOf\":{\"@id\":\"https:\/\/mekulo.com\/no\/#website\"},\"primaryImageOfPage\":{\"@id\":\"https:\/\/mekulo.com\/no\/produkt\/bagasjeromsorganisering-i-elastisk-netting\/#primaryimage\"},\"image\":{\"@id\":\"https:\/\/mekulo.com\/no\/produkt\/bagasjeromsorganisering-i-elastisk-netting\/#primaryimage\"},\"thumbnailUrl\":\"https:\/\/mekulo.com\/no\/wp-content\/uploads\/sites\/10\/2026\/01\/xnnw2xs-1.webp\",\"datePublished\":\"2026-01-28T13:27:52+00:00\",\"dateModified\":\"2026-02-03T15:08:27+00:00\",\"breadcrumb\":{\"@id\":\"https:\/\/mekulo.com\/no\/produkt\/bagasjeromsorganisering-i-elastisk-netting\/#breadcrumb\"},\"inLanguage\":\"nb-NO\",\"potentialAction\":[{\"@type\":\"ReadAction\",\"target\":[\"https:\/\/mekulo.com\/no\/produkt\/bagasjeromsorganisering-i-elastisk-netting\/\"]}]},{\"@type\":\"ImageObject\",\"inLanguage\":\"nb-NO\",\"@id\":\"https:\/\/mekulo.com\/no\/produkt\/bagasjeromsorganisering-i-elastisk-netting\/#primaryimage\",\"url\":\"https:\/\/mekulo.com\/no\/wp-content\/uploads\/sites\/10\/2026\/01\/xnnw2xs-1.webp\",\"contentUrl\":\"https:\/\/mekulo.com\/no\/wp-content\/uploads\/sites\/10\/2026\/01\/xnnw2xs-1.webp\",\"width\":800,\"height\":800},{\"@type\":\"BreadcrumbList\",\"@id\":\"https:\/\/mekulo.com\/no\/produkt\/bagasjeromsorganisering-i-elastisk-netting\/#breadcrumb\",\"itemListElement\":[{\"@type\":\"ListItem\",\"position\":1,\"name\":\"Home\",\"item\":\"https:\/\/mekulo.com\/no\/\"},{\"@type\":\"ListItem\",\"position\":2,\"name\":\"Butikk\",\"item\":\"https:\/\/mekulo.com\/no\/butikk\/\"},{\"@type\":\"ListItem\",\"position\":3,\"name\":\"Bagasjeromsorganisering i elastisk netting\"}]},{\"@type\":\"WebSite\",\"@id\":\"https:\/\/mekulo.com\/no\/#website\",\"url\":\"https:\/\/mekulo.com\/no\/\",\"name\":\"Mekulo NO\",\"description\":\"\",\"publisher\":{\"@id\":\"https:\/\/mekulo.com\/no\/#organization\"},\"potentialAction\":[{\"@type\":\"SearchAction\",\"target\":{\"@type\":\"EntryPoint\",\"urlTemplate\":\"https:\/\/mekulo.com\/no\/?s={search_term_string}\"},\"query-input\":{\"@type\":\"PropertyValueSpecification\",\"valueRequired\":true,\"valueName\":\"search_term_string\"}}],\"inLanguage\":\"nb-NO\"},{\"@type\":\"Organization\",\"@id\":\"https:\/\/mekulo.com\/no\/#organization\",\"name\":\"Mekulo\",\"url\":\"https:\/\/mekulo.com\/no\/\",\"logo\":{\"@type\":\"ImageObject\",\"inLanguage\":\"nb-NO\",\"@id\":\"https:\/\/mekulo.com\/no\/#\/schema\/logo\/image\/\",\"url\":\"https:\/\/mekulo.com\/no\/wp-content\/uploads\/sites\/10\/2025\/12\/favicon_mekulo.png\",\"contentUrl\":\"https:\/\/mekulo.com\/no\/wp-content\/uploads\/sites\/10\/2025\/12\/favicon_mekulo.png\",\"width\":50,\"height\":50,\"caption\":\"Mekulo\"},\"image\":{\"@id\":\"https:\/\/mekulo.com\/no\/#\/schema\/logo\/image\/\"}}]}<\/script>\n<!-- \/ Yoast SEO plugin. -->","yoast_head_json":{"title":"Bagasjeromsorganisering i elastisk netting - Mekulo NO","robots":{"index":"index","follow":"follow","max-snippet":"max-snippet:-1","max-image-preview":"max-image-preview:large","max-video-preview":"max-video-preview:-1"},"canonical":"https:\/\/mekulo.com\/no\/produkt\/bagasjeromsorganisering-i-elastisk-netting\/","og_locale":"nb_NO","og_type":"article","og_title":"Bagasjeromsorganisering i elastisk netting - Mekulo NO","og_description":"\ud83d\udefbDenne elastiske bagasjeromsorganisatoren i netting holder hjelm, vesker og utstyr p\u00e5 plass mens du sykler. \ud83c\udfcd\ufe0fDens Design med h\u00f8y strekk og doble lag gir deg ekstra oppbevaringsplass uten \u00e5 legge til masse, noe som gj\u00f8r den perfekt for daglig pendling eller lange turer. \u2728En enkel og rimelig l\u00f8sning for tryggere og mer organiserte sykkelturer.","og_url":"https:\/\/mekulo.com\/no\/produkt\/bagasjeromsorganisering-i-elastisk-netting\/","og_site_name":"Mekulo NO","article_modified_time":"2026-02-03T15:08:27+00:00","og_image":[{"width":800,"height":800,"url":"https:\/\/mekulo.com\/no\/wp-content\/uploads\/sites\/10\/2026\/01\/xnnw2xs-1.webp","type":"image\/webp"}],"twitter_card":"summary_large_image","twitter_misc":{"Ansl. lesetid":"2 minutter"},"schema":{"@context":"https:\/\/schema.org","@graph":[{"@type":"WebPage","@id":"https:\/\/mekulo.com\/no\/produkt\/bagasjeromsorganisering-i-elastisk-netting\/","url":"https:\/\/mekulo.com\/no\/produkt\/bagasjeromsorganisering-i-elastisk-netting\/","name":"Bagasjeromsorganisering i elastisk netting - Mekulo NO","isPartOf":{"@id":"https:\/\/mekulo.com\/no\/#website"},"primaryImageOfPage":{"@id":"https:\/\/mekulo.com\/no\/produkt\/bagasjeromsorganisering-i-elastisk-netting\/#primaryimage"},"image":{"@id":"https:\/\/mekulo.com\/no\/produkt\/bagasjeromsorganisering-i-elastisk-netting\/#primaryimage"},"thumbnailUrl":"https:\/\/mekulo.com\/no\/wp-content\/uploads\/sites\/10\/2026\/01\/xnnw2xs-1.webp","datePublished":"2026-01-28T13:27:52+00:00","dateModified":"2026-02-03T15:08:27+00:00","breadcrumb":{"@id":"https:\/\/mekulo.com\/no\/produkt\/bagasjeromsorganisering-i-elastisk-netting\/#breadcrumb"},"inLanguage":"nb-NO","potentialAction":[{"@type":"ReadAction","target":["https:\/\/mekulo.com\/no\/produkt\/bagasjeromsorganisering-i-elastisk-netting\/"]}]},{"@type":"ImageObject","inLanguage":"nb-NO","@id":"https:\/\/mekulo.com\/no\/produkt\/bagasjeromsorganisering-i-elastisk-netting\/#primaryimage","url":"https:\/\/mekulo.com\/no\/wp-content\/uploads\/sites\/10\/2026\/01\/xnnw2xs-1.webp","contentUrl":"https:\/\/mekulo.com\/no\/wp-content\/uploads\/sites\/10\/2026\/01\/xnnw2xs-1.webp","width":800,"height":800},{"@type":"BreadcrumbList","@id":"https:\/\/mekulo.com\/no\/produkt\/bagasjeromsorganisering-i-elastisk-netting\/#breadcrumb","itemListElement":[{"@type":"ListItem","position":1,"name":"Home","item":"https:\/\/mekulo.com\/no\/"},{"@type":"ListItem","position":2,"name":"Butikk","item":"https:\/\/mekulo.com\/no\/butikk\/"},{"@type":"ListItem","position":3,"name":"Bagasjeromsorganisering i elastisk netting"}]},{"@type":"WebSite","@id":"https:\/\/mekulo.com\/no\/#website","url":"https:\/\/mekulo.com\/no\/","name":"Mekulo NO","description":"","publisher":{"@id":"https:\/\/mekulo.com\/no\/#organization"},"potentialAction":[{"@type":"SearchAction","target":{"@type":"EntryPoint","urlTemplate":"https:\/\/mekulo.com\/no\/?s={search_term_string}"},"query-input":{"@type":"PropertyValueSpecification","valueRequired":true,"valueName":"search_term_string"}}],"inLanguage":"nb-NO"},{"@type":"Organization","@id":"https:\/\/mekulo.com\/no\/#organization","name":"Mekulo","url":"https:\/\/mekulo.com\/no\/","logo":{"@type":"ImageObject","inLanguage":"nb-NO","@id":"https:\/\/mekulo.com\/no\/#\/schema\/logo\/image\/","url":"https:\/\/mekulo.com\/no\/wp-content\/uploads\/sites\/10\/2025\/12\/favicon_mekulo.png","contentUrl":"https:\/\/mekulo.com\/no\/wp-content\/uploads\/sites\/10\/2025\/12\/favicon_mekulo.png","width":50,"height":50,"caption":"Mekulo"},"image":{"@id":"https:\/\/mekulo.com\/no\/#\/schema\/logo\/image\/"}}]}},"_links":{"self":[{"href":"https:\/\/mekulo.com\/no\/wp-json\/wp\/v2\/product\/19982","targetHints":{"allow":["GET"]}}],"collection":[{"href":"https:\/\/mekulo.com\/no\/wp-json\/wp\/v2\/product"}],"about":[{"href":"https:\/\/mekulo.com\/no\/wp-json\/wp\/v2\/types\/product"}],"replies":[{"embeddable":true,"href":"https:\/\/mekulo.com\/no\/wp-json\/wp\/v2\/comments?post=19982"}],"wp:featuredmedia":[{"embeddable":true,"href":"https:\/\/mekulo.com\/no\/wp-json\/wp\/v2\/media\/19978"}],"wp:attachment":[{"href":"https:\/\/mekulo.com\/no\/wp-json\/wp\/v2\/media?parent=19982"}],"wp:term":[{"taxonomy":"product_brand","embeddable":true,"href":"https:\/\/mekulo.com\/no\/wp-json\/wp\/v2\/product_brand?post=19982"},{"taxonomy":"product_cat","embeddable":true,"href":"https:\/\/mekulo.com\/no\/wp-json\/wp\/v2\/product_cat?post=19982"},{"taxonomy":"product_tag","embeddable":true,"href":"https:\/\/mekulo.com\/no\/wp-json\/wp\/v2\/product_tag?post=19982"}],"curies":[{"name":"wp","href":"https:\/\/api.w.org\/{rel}","templated":true}]}}