{"id":19949,"date":"2026-01-28T15:25:48","date_gmt":"2026-01-28T13:25:48","guid":{"rendered":"https:\/\/mekulo.com\/no\/produkt\/skulderputer-i-silikon\/"},"modified":"2026-02-03T17:11:22","modified_gmt":"2026-02-03T15:11:22","slug":"skulderputer-i-silikon","status":"publish","type":"product","link":"https:\/\/mekulo.com\/no\/produkt\/skulderputer-i-silikon\/","title":{"rendered":"Skulderputer i silikon"},"content":{"rendered":"<p style=\"text-align: center;\" data-start=\"28\" data-end=\"109\"><strong data-start=\"28\" data-end=\"109\">Skap \u00f8yeblikkelig glatte, balanserte skuldre for et selvsikkert og elegant utseende. \ud83d\udc5a<\/strong><\/p>\n<p data-start=\"28\" data-end=\"109\"><img decoding=\"async\" class=\"size-full wp-image-22017 aligncenter\" src=\"https:\/\/mekulo.com\/template\/wp-content\/uploads\/sites\/6\/2026\/01\/b35c2489ef81a895ced602064852341bd91e61e2aa77aad9e666ab251fcf4b26-800.avif\" alt=\"\" \/><\/p>\n<h2 style=\"text-align: center;\" data-start=\"338\" data-end=\"355\">Hovedfordeler \ud83d\udc57<\/h2>\n<p data-start=\"357\" data-end=\"436\">\u2728 Naturlig skulderform &#8211; Skaper avrundede, glatte konturer under kl\u00e6rne.<\/p>\n<p data-start=\"438\" data-end=\"512\">\ud83e\uddd8 Myk og lett &#8211; Komfortabel for bruk hele dagen uten trykk.<\/p>\n<p data-start=\"514\" data-end=\"594\">\ud83c\udf3f Hudvennlig silikon &#8211; Laget av plantebaserte, ikke-irriterende materialer.<\/p>\n<p data-start=\"596\" data-end=\"653\">\ud83d\udd01 Gjenbrukbar og vaskbar &#8211; Enkel \u00e5 rengj\u00f8re og bruke igjen.<\/p>\n<p data-start=\"655\" data-end=\"742\">\ud83d\udc5a Passer til alle klesstiler &#8211; Perfekt for T-skjorter, kjoler, jakker og gensere.<\/p>\n<p data-start=\"744\" data-end=\"824\">\ud83d\udccf To bruksalternativer &#8211; Tilpasses til forskjellige skulderbehov og kroppstyper.<\/p>\n<p data-start=\"744\" data-end=\"824\"><img decoding=\"async\" class=\"size-full wp-image-22018 aligncenter\" src=\"https:\/\/mekulo.com\/template\/wp-content\/uploads\/sites\/6\/2026\/01\/bf0f158add69314b35d84b9d66998ac7edd48dd8ea3ee3699753bc70ef934586.avif\" alt=\"\" \/><\/p>\n<h2 style=\"text-align: center;\" data-start=\"831\" data-end=\"845\">Hvordan Du Bruker \ud83d\udccc<\/h2>\n<ol data-start=\"847\" data-end=\"1044\">\n<li data-start=\"847\" data-end=\"906\">\n<p data-start=\"850\" data-end=\"906\">Velg horisontal plassering for \u00e5 utvide smale skuldre.<\/p>\n<\/li>\n<li data-start=\"907\" data-end=\"971\">\n<p data-start=\"910\" data-end=\"971\">Velg vertikal plassering for \u00e5 balansere h\u00f8ye eller lave skuldre.<\/p>\n<\/li>\n<li data-start=\"972\" data-end=\"1006\">\n<p data-start=\"975\" data-end=\"1006\">Fest forsiktig under kl\u00e6rne.<\/p>\n<\/li>\n<li data-start=\"1007\" data-end=\"1044\">\n<p data-start=\"1010\" data-end=\"1044\">Juster for et jevnt, naturlig utseende.<\/p>\n<\/li>\n<\/ol>\n<h2 style=\"text-align: center;\" data-start=\"1051\" data-end=\"1070\">Produktdetaljer \ud83d\udccf<\/h2>\n<ul data-start=\"1072\" data-end=\"1374\">\n<li data-start=\"1113\" data-end=\"1155\">\n<p data-start=\"1115\" data-end=\"1155\">Materiale: Plantebasert silikon + t\u00f8y<\/p>\n<\/li>\n<li data-start=\"1156\" data-end=\"1212\">\n<p data-start=\"1158\" data-end=\"1212\">St\u00f8rrelse: 12 x 7 x 4 cm<\/p>\n<\/li>\n<li data-start=\"1213\" data-end=\"1233\">\n<p data-start=\"1215\" data-end=\"1233\">Nettovekt: 24 g<\/p>\n<\/li>\n<li data-start=\"1261\" data-end=\"1310\">\n<p data-start=\"1263\" data-end=\"1310\">Funksjoner: Myk, pustende, elastisk, gjenbrukbar<\/p>\n<\/li>\n<li data-start=\"1311\" data-end=\"1374\">\n<p data-start=\"1313\" data-end=\"1374\">Egnet for: Smale, runde, skr\u00e5nende, h\u00f8ye eller lave skuldre<\/p>\n<\/li>\n<\/ul>\n<h2 style=\"text-align: center;\" data-start=\"1381\" data-end=\"1401\">Pakken inneholder \ud83d\udce6<\/h2>\n<ul data-start=\"1403\" data-end=\"1438\">\n<li data-start=\"1403\" data-end=\"1438\">\n<p data-start=\"1405\" data-end=\"1438\">1, 2, 3x par silikonskulderputer.<\/p>\n<\/li>\n<\/ul>\n","protected":false},"excerpt":{"rendered":"<p>\ud83d\udc71\u200d\u2640\ufe0fDisse skulderputer i silikon forbedrer skulderformen p\u00e5 en subtil m\u00e5te, slik at kl\u00e6rne sitter bedre og ser mer strukturerte ut.<br \/>\n\ud83e\udeb6Myke, lette og pustende, de er behagelige hele dagen og passer naturlig inn under alle antrekk.<br \/>\n\ud83e\uddd8En enkel og behagelig l\u00f8sning for bedre holdning, balanserte skuldre og mer selvsikre antrekk hver dag.<\/p>\n","protected":false},"featured_media":19945,"comment_status":"open","ping_status":"closed","template":"","meta":{"site-sidebar-layout":"default","site-content-layout":"","ast-site-content-layout":"default","site-content-style":"default","site-sidebar-style":"default","ast-global-header-display":"","ast-banner-title-visibility":"","ast-main-header-display":"","ast-hfb-above-header-display":"","ast-hfb-below-header-display":"","ast-hfb-mobile-header-display":"","site-post-title":"","ast-breadcrumbs-content":"","ast-featured-img":"","footer-sml-layout":"","theme-transparent-header-meta":"default","adv-header-id-meta":"","stick-header-meta":"","header-above-stick-meta":"","header-main-stick-meta":"","header-below-stick-meta":"","astra-migrate-meta-layouts":"set","ast-page-background-enabled":"default","ast-page-background-meta":{"desktop":{"background-color":"var(--ast-global-color-5)","background-image":"","background-repeat":"repeat","background-position":"center center","background-size":"auto","background-attachment":"scroll","background-type":"","background-media":"","overlay-type":"","overlay-color":"","overlay-opacity":"","overlay-gradient":""},"tablet":{"background-color":"","background-image":"","background-repeat":"repeat","background-position":"center center","background-size":"auto","background-attachment":"scroll","background-type":"","background-media":"","overlay-type":"","overlay-color":"","overlay-opacity":"","overlay-gradient":""},"mobile":{"background-color":"","background-image":"","background-repeat":"repeat","background-position":"center center","background-size":"auto","background-attachment":"scroll","background-type":"","background-media":"","overlay-type":"","overlay-color":"","overlay-opacity":"","overlay-gradient":""}},"ast-content-background-meta":{"desktop":{"background-color":"var(--ast-global-color-4)","background-image":"","background-repeat":"repeat","background-position":"center center","background-size":"auto","background-attachment":"scroll","background-type":"","background-media":"","overlay-type":"","overlay-color":"","overlay-opacity":"","overlay-gradient":""},"tablet":{"background-color":"var(--ast-global-color-4)","background-image":"","background-repeat":"repeat","background-position":"center center","background-size":"auto","background-attachment":"scroll","background-type":"","background-media":"","overlay-type":"","overlay-color":"","overlay-opacity":"","overlay-gradient":""},"mobile":{"background-color":"var(--ast-global-color-4)","background-image":"","background-repeat":"repeat","background-position":"center center","background-size":"auto","background-attachment":"scroll","background-type":"","background-media":"","overlay-type":"","overlay-color":"","overlay-opacity":"","overlay-gradient":""}}},"product_brand":[],"product_cat":[162],"product_tag":[],"class_list":{"0":"post-19949","1":"product","2":"type-product","3":"status-publish","4":"has-post-thumbnail","6":"product_cat-skjonnhets-og-hygieneprodukter","7":"pa_51766_8gi0v64b-1-par","8":"pa_51766_8gi0v64b-2-par","9":"pa_51766_8gi0v64b-3-par","10":"pa_51766_j8a98r9v-a","11":"pa_51766_j8a98r9v-b","12":"pa_51766_j8a98r9v-c","13":"pa_51766_j8a98r9v-d","14":"desktop-align-left","15":"tablet-align-left","16":"mobile-align-left","18":"first","19":"instock","20":"shipping-taxable","21":"purchasable","22":"product-type-variable","23":"has-default-attributes"},"yoast_head":"<!-- This site is optimized with the Yoast SEO plugin v26.6 - https:\/\/yoast.com\/wordpress\/plugins\/seo\/ -->\n<title>Skulderputer i silikon - Mekulo NO<\/title>\n<meta name=\"robots\" content=\"index, follow, max-snippet:-1, max-image-preview:large, max-video-preview:-1\" \/>\n<link rel=\"canonical\" href=\"https:\/\/mekulo.com\/no\/produkt\/skulderputer-i-silikon\/\" \/>\n<meta property=\"og:locale\" content=\"nb_NO\" \/>\n<meta property=\"og:type\" content=\"article\" \/>\n<meta property=\"og:title\" content=\"Skulderputer i silikon - Mekulo NO\" \/>\n<meta property=\"og:description\" content=\"\ud83d\udc71\u200d\u2640\ufe0fDisse skulderputer i silikon forbedrer skulderformen p\u00e5 en subtil m\u00e5te, slik at kl\u00e6rne sitter bedre og ser mer strukturerte ut. \ud83e\udeb6Myke, lette og pustende, de er behagelige hele dagen og passer naturlig inn under alle antrekk. \ud83e\uddd8En enkel og behagelig l\u00f8sning for bedre holdning, balanserte skuldre og mer selvsikre antrekk hver dag.\" \/>\n<meta property=\"og:url\" content=\"https:\/\/mekulo.com\/no\/produkt\/skulderputer-i-silikon\/\" \/>\n<meta property=\"og:site_name\" content=\"Mekulo NO\" \/>\n<meta property=\"article:modified_time\" content=\"2026-02-03T15:11:22+00:00\" \/>\n<meta property=\"og:image\" content=\"https:\/\/mekulo.com\/no\/wp-content\/uploads\/sites\/10\/2026\/01\/ciwxsay-1.jpg\" \/>\n\t<meta property=\"og:image:width\" content=\"1080\" \/>\n\t<meta property=\"og:image:height\" content=\"1080\" \/>\n\t<meta property=\"og:image:type\" content=\"image\/jpeg\" \/>\n<meta name=\"twitter:card\" content=\"summary_large_image\" \/>\n<meta name=\"twitter:label1\" content=\"Ansl. lesetid\" \/>\n\t<meta name=\"twitter:data1\" content=\"2 minutter\" \/>\n<script type=\"application\/ld+json\" class=\"yoast-schema-graph\">{\"@context\":\"https:\/\/schema.org\",\"@graph\":[{\"@type\":\"WebPage\",\"@id\":\"https:\/\/mekulo.com\/no\/produkt\/skulderputer-i-silikon\/\",\"url\":\"https:\/\/mekulo.com\/no\/produkt\/skulderputer-i-silikon\/\",\"name\":\"Skulderputer i silikon - Mekulo NO\",\"isPartOf\":{\"@id\":\"https:\/\/mekulo.com\/no\/#website\"},\"primaryImageOfPage\":{\"@id\":\"https:\/\/mekulo.com\/no\/produkt\/skulderputer-i-silikon\/#primaryimage\"},\"image\":{\"@id\":\"https:\/\/mekulo.com\/no\/produkt\/skulderputer-i-silikon\/#primaryimage\"},\"thumbnailUrl\":\"https:\/\/mekulo.com\/no\/wp-content\/uploads\/sites\/10\/2026\/01\/ciwxsay-1.jpg\",\"datePublished\":\"2026-01-28T13:25:48+00:00\",\"dateModified\":\"2026-02-03T15:11:22+00:00\",\"breadcrumb\":{\"@id\":\"https:\/\/mekulo.com\/no\/produkt\/skulderputer-i-silikon\/#breadcrumb\"},\"inLanguage\":\"nb-NO\",\"potentialAction\":[{\"@type\":\"ReadAction\",\"target\":[\"https:\/\/mekulo.com\/no\/produkt\/skulderputer-i-silikon\/\"]}]},{\"@type\":\"ImageObject\",\"inLanguage\":\"nb-NO\",\"@id\":\"https:\/\/mekulo.com\/no\/produkt\/skulderputer-i-silikon\/#primaryimage\",\"url\":\"https:\/\/mekulo.com\/no\/wp-content\/uploads\/sites\/10\/2026\/01\/ciwxsay-1.jpg\",\"contentUrl\":\"https:\/\/mekulo.com\/no\/wp-content\/uploads\/sites\/10\/2026\/01\/ciwxsay-1.jpg\",\"width\":1080,\"height\":1080},{\"@type\":\"BreadcrumbList\",\"@id\":\"https:\/\/mekulo.com\/no\/produkt\/skulderputer-i-silikon\/#breadcrumb\",\"itemListElement\":[{\"@type\":\"ListItem\",\"position\":1,\"name\":\"Home\",\"item\":\"https:\/\/mekulo.com\/no\/\"},{\"@type\":\"ListItem\",\"position\":2,\"name\":\"Butikk\",\"item\":\"https:\/\/mekulo.com\/no\/butikk\/\"},{\"@type\":\"ListItem\",\"position\":3,\"name\":\"Skulderputer i silikon\"}]},{\"@type\":\"WebSite\",\"@id\":\"https:\/\/mekulo.com\/no\/#website\",\"url\":\"https:\/\/mekulo.com\/no\/\",\"name\":\"Mekulo NO\",\"description\":\"\",\"publisher\":{\"@id\":\"https:\/\/mekulo.com\/no\/#organization\"},\"potentialAction\":[{\"@type\":\"SearchAction\",\"target\":{\"@type\":\"EntryPoint\",\"urlTemplate\":\"https:\/\/mekulo.com\/no\/?s={search_term_string}\"},\"query-input\":{\"@type\":\"PropertyValueSpecification\",\"valueRequired\":true,\"valueName\":\"search_term_string\"}}],\"inLanguage\":\"nb-NO\"},{\"@type\":\"Organization\",\"@id\":\"https:\/\/mekulo.com\/no\/#organization\",\"name\":\"Mekulo\",\"url\":\"https:\/\/mekulo.com\/no\/\",\"logo\":{\"@type\":\"ImageObject\",\"inLanguage\":\"nb-NO\",\"@id\":\"https:\/\/mekulo.com\/no\/#\/schema\/logo\/image\/\",\"url\":\"https:\/\/mekulo.com\/no\/wp-content\/uploads\/sites\/10\/2025\/12\/favicon_mekulo.png\",\"contentUrl\":\"https:\/\/mekulo.com\/no\/wp-content\/uploads\/sites\/10\/2025\/12\/favicon_mekulo.png\",\"width\":50,\"height\":50,\"caption\":\"Mekulo\"},\"image\":{\"@id\":\"https:\/\/mekulo.com\/no\/#\/schema\/logo\/image\/\"}}]}<\/script>\n<!-- \/ Yoast SEO plugin. -->","yoast_head_json":{"title":"Skulderputer i silikon - Mekulo NO","robots":{"index":"index","follow":"follow","max-snippet":"max-snippet:-1","max-image-preview":"max-image-preview:large","max-video-preview":"max-video-preview:-1"},"canonical":"https:\/\/mekulo.com\/no\/produkt\/skulderputer-i-silikon\/","og_locale":"nb_NO","og_type":"article","og_title":"Skulderputer i silikon - Mekulo NO","og_description":"\ud83d\udc71\u200d\u2640\ufe0fDisse skulderputer i silikon forbedrer skulderformen p\u00e5 en subtil m\u00e5te, slik at kl\u00e6rne sitter bedre og ser mer strukturerte ut. \ud83e\udeb6Myke, lette og pustende, de er behagelige hele dagen og passer naturlig inn under alle antrekk. \ud83e\uddd8En enkel og behagelig l\u00f8sning for bedre holdning, balanserte skuldre og mer selvsikre antrekk hver dag.","og_url":"https:\/\/mekulo.com\/no\/produkt\/skulderputer-i-silikon\/","og_site_name":"Mekulo NO","article_modified_time":"2026-02-03T15:11:22+00:00","og_image":[{"width":1080,"height":1080,"url":"https:\/\/mekulo.com\/no\/wp-content\/uploads\/sites\/10\/2026\/01\/ciwxsay-1.jpg","type":"image\/jpeg"}],"twitter_card":"summary_large_image","twitter_misc":{"Ansl. lesetid":"2 minutter"},"schema":{"@context":"https:\/\/schema.org","@graph":[{"@type":"WebPage","@id":"https:\/\/mekulo.com\/no\/produkt\/skulderputer-i-silikon\/","url":"https:\/\/mekulo.com\/no\/produkt\/skulderputer-i-silikon\/","name":"Skulderputer i silikon - Mekulo NO","isPartOf":{"@id":"https:\/\/mekulo.com\/no\/#website"},"primaryImageOfPage":{"@id":"https:\/\/mekulo.com\/no\/produkt\/skulderputer-i-silikon\/#primaryimage"},"image":{"@id":"https:\/\/mekulo.com\/no\/produkt\/skulderputer-i-silikon\/#primaryimage"},"thumbnailUrl":"https:\/\/mekulo.com\/no\/wp-content\/uploads\/sites\/10\/2026\/01\/ciwxsay-1.jpg","datePublished":"2026-01-28T13:25:48+00:00","dateModified":"2026-02-03T15:11:22+00:00","breadcrumb":{"@id":"https:\/\/mekulo.com\/no\/produkt\/skulderputer-i-silikon\/#breadcrumb"},"inLanguage":"nb-NO","potentialAction":[{"@type":"ReadAction","target":["https:\/\/mekulo.com\/no\/produkt\/skulderputer-i-silikon\/"]}]},{"@type":"ImageObject","inLanguage":"nb-NO","@id":"https:\/\/mekulo.com\/no\/produkt\/skulderputer-i-silikon\/#primaryimage","url":"https:\/\/mekulo.com\/no\/wp-content\/uploads\/sites\/10\/2026\/01\/ciwxsay-1.jpg","contentUrl":"https:\/\/mekulo.com\/no\/wp-content\/uploads\/sites\/10\/2026\/01\/ciwxsay-1.jpg","width":1080,"height":1080},{"@type":"BreadcrumbList","@id":"https:\/\/mekulo.com\/no\/produkt\/skulderputer-i-silikon\/#breadcrumb","itemListElement":[{"@type":"ListItem","position":1,"name":"Home","item":"https:\/\/mekulo.com\/no\/"},{"@type":"ListItem","position":2,"name":"Butikk","item":"https:\/\/mekulo.com\/no\/butikk\/"},{"@type":"ListItem","position":3,"name":"Skulderputer i silikon"}]},{"@type":"WebSite","@id":"https:\/\/mekulo.com\/no\/#website","url":"https:\/\/mekulo.com\/no\/","name":"Mekulo NO","description":"","publisher":{"@id":"https:\/\/mekulo.com\/no\/#organization"},"potentialAction":[{"@type":"SearchAction","target":{"@type":"EntryPoint","urlTemplate":"https:\/\/mekulo.com\/no\/?s={search_term_string}"},"query-input":{"@type":"PropertyValueSpecification","valueRequired":true,"valueName":"search_term_string"}}],"inLanguage":"nb-NO"},{"@type":"Organization","@id":"https:\/\/mekulo.com\/no\/#organization","name":"Mekulo","url":"https:\/\/mekulo.com\/no\/","logo":{"@type":"ImageObject","inLanguage":"nb-NO","@id":"https:\/\/mekulo.com\/no\/#\/schema\/logo\/image\/","url":"https:\/\/mekulo.com\/no\/wp-content\/uploads\/sites\/10\/2025\/12\/favicon_mekulo.png","contentUrl":"https:\/\/mekulo.com\/no\/wp-content\/uploads\/sites\/10\/2025\/12\/favicon_mekulo.png","width":50,"height":50,"caption":"Mekulo"},"image":{"@id":"https:\/\/mekulo.com\/no\/#\/schema\/logo\/image\/"}}]}},"_links":{"self":[{"href":"https:\/\/mekulo.com\/no\/wp-json\/wp\/v2\/product\/19949","targetHints":{"allow":["GET"]}}],"collection":[{"href":"https:\/\/mekulo.com\/no\/wp-json\/wp\/v2\/product"}],"about":[{"href":"https:\/\/mekulo.com\/no\/wp-json\/wp\/v2\/types\/product"}],"replies":[{"embeddable":true,"href":"https:\/\/mekulo.com\/no\/wp-json\/wp\/v2\/comments?post=19949"}],"wp:featuredmedia":[{"embeddable":true,"href":"https:\/\/mekulo.com\/no\/wp-json\/wp\/v2\/media\/19945"}],"wp:attachment":[{"href":"https:\/\/mekulo.com\/no\/wp-json\/wp\/v2\/media?parent=19949"}],"wp:term":[{"taxonomy":"product_brand","embeddable":true,"href":"https:\/\/mekulo.com\/no\/wp-json\/wp\/v2\/product_brand?post=19949"},{"taxonomy":"product_cat","embeddable":true,"href":"https:\/\/mekulo.com\/no\/wp-json\/wp\/v2\/product_cat?post=19949"},{"taxonomy":"product_tag","embeddable":true,"href":"https:\/\/mekulo.com\/no\/wp-json\/wp\/v2\/product_tag?post=19949"}],"curies":[{"name":"wp","href":"https:\/\/api.w.org\/{rel}","templated":true}]}}