{"id":19935,"date":"2026-01-28T15:23:44","date_gmt":"2026-01-28T13:23:44","guid":{"rendered":"https:\/\/mekulo.com\/no\/produkt\/automatisk-naletrader-2-stk\/"},"modified":"2026-01-28T15:23:51","modified_gmt":"2026-01-28T13:23:51","slug":"automatisk-naletrader-2-stk","status":"publish","type":"product","link":"https:\/\/mekulo.com\/no\/produkt\/automatisk-naletrader-2-stk\/","title":{"rendered":"Automatisk n\u00e5letr\u00e5der (2 stk)"},"content":{"rendered":"<p style=\"text-align: center\" data-start=\"31\" data-end=\"86\"><strong data-start=\"31\" data-end=\"86\">Tre n\u00e5lene dine p\u00e5 sekunder uten frustrasjon.<\/strong><span style=\"font-size: 16px;font-style: normal;font-weight: 400\">\ud83e\uddf5<\/span><\/p>\n<p data-start=\"31\" data-end=\"86\"><img fetchpriority=\"high\" decoding=\"async\" class=\"size-full wp-image-21981 aligncenter\" src=\"https:\/\/mekulo.com\/template\/wp-content\/uploads\/sites\/6\/2026\/01\/6-17.jpeg\" alt=\"\" width=\"800\" height=\"800\" \/><\/p>\n<h2 style=\"text-align: center\" data-start=\"334\" data-end=\"353\"><strong>\u2728 Hovedfordeler<\/strong><\/h2>\n<p data-start=\"355\" data-end=\"439\">\ud83e\uddf5 Enkel treing med ett trykk &#8211; Tre n\u00e5ler raskt med et enkelt knappetrykk.<\/p>\n<p data-start=\"441\" data-end=\"542\">\ud83d\udc75 Senior- og svaksyntvennlig &#8211; Ideell for eldre brukere eller alle som sliter med treing.<\/p>\n<p data-start=\"544\" data-end=\"624\">\ud83e\udea1 Dobbel hulldesign &#8211; Gj\u00f8r det enklere og raskere \u00e5 tre sm\u00e5 n\u00e5le\u00f8yne.<\/p>\n<p data-start=\"626\" data-end=\"703\">\ud83e\uddf0 Lett og holdbar &#8211; Laget av sterk plast for langvarig bruk.<\/p>\n<p data-start=\"705\" data-end=\"786\">\ud83c\udfa8 Bred sykompatibilitet &#8211; Fungerer med de fleste tr\u00e5dst\u00f8rrelser og n\u00e5letyper.<\/p>\n<p data-start=\"705\" data-end=\"786\"><img decoding=\"async\" class=\"size-full wp-image-21980 aligncenter\" src=\"https:\/\/mekulo.com\/template\/wp-content\/uploads\/sites\/6\/2026\/01\/4-17.jpeg\" alt=\"\" width=\"800\" height=\"800\" \/><\/p>\n<h2 style=\"text-align: center\" data-start=\"793\" data-end=\"810\"><strong>\ud83d\udee0 Slik bruker du<\/strong><\/h2>\n<ol data-start=\"812\" data-end=\"963\">\n<li data-start=\"812\" data-end=\"853\">\n<p data-start=\"815\" data-end=\"853\">Sett n\u00e5len inn i tr\u00e5deren.<\/p>\n<\/li>\n<li data-start=\"854\" data-end=\"892\">\n<p data-start=\"857\" data-end=\"892\">Plasser tr\u00e5den i sporet.<\/p>\n<\/li>\n<li data-start=\"893\" data-end=\"922\">\n<p data-start=\"896\" data-end=\"922\">Trykk forsiktig p\u00e5 knappen.<\/p>\n<\/li>\n<li data-start=\"923\" data-end=\"963\">\n<p data-start=\"926\" data-end=\"963\">Trekk ut n\u00e5len og begynn \u00e5 sy.<\/p>\n<\/li>\n<\/ol>\n<h2 style=\"text-align: center\" data-start=\"970\" data-end=\"992\"><strong>\ud83d\udccc Produktdetaljer<\/strong><\/h2>\n<ul data-start=\"994\" data-end=\"1229\">\n<li data-start=\"994\" data-end=\"1015\">\n<p data-start=\"996\" data-end=\"1015\">Materiale: Plast<\/p>\n<\/li>\n<li data-start=\"1016\" data-end=\"1058\">\n<p data-start=\"1018\" data-end=\"1058\">Design: Automatisk tr\u00e5der med dobbelt hull<\/p>\n<\/li>\n<li data-start=\"1059\" data-end=\"1106\">\n<p data-start=\"1061\" data-end=\"1106\">Bruk: H\u00e5nds\u00f8m og symaskinn\u00e5ler<\/p>\n<\/li>\n<li data-start=\"1107\" data-end=\"1154\">\n<p data-start=\"1109\" data-end=\"1154\">Tr\u00e5dtyper: Passer til alle tr\u00e5dst\u00f8rrelser<\/p>\n<\/li>\n<li data-start=\"1155\" data-end=\"1229\">\n<p data-start=\"1157\" data-end=\"1229\">Anvendelsesomr\u00e5der: Sying, broderi, korssting, l\u00e6r, denim, lerret<\/p>\n<\/li>\n<li data-start=\"1155\" data-end=\"1229\">St\u00f8rrelse: 7,5 x 4,5 x 2,8 cm<\/li>\n<\/ul>\n<h2 style=\"text-align: center\" data-start=\"1236\" data-end=\"1259\"><strong>\ud83d\udce6 Pakken inkluderer<\/strong><\/h2>\n<ul data-start=\"1261\" data-end=\"1294\">\n<li data-start=\"1261\" data-end=\"1294\">\n<p data-start=\"1263\" data-end=\"1294\">2x automatiske n\u00e5letr\u00e5der.<\/p>\n<\/li>\n<\/ul>\n","protected":false},"excerpt":{"rendered":"<p><span style=\"font-size: 16px;font-style: normal;font-weight: 400\">\u2728<\/span>Denne automatiske n\u00e5letr\u00e5deren gj\u00f8r det raskt og enkelt \u00e5 tre n\u00e5ler for b\u00e5de h\u00e5nds\u00f8m og symaskin.<br \/>\n\ud83e\udea1Den er perfekt for nybegynnere, eldre og alle med nedsatt syn eller skjelvende hender, og hjelper deg med \u00e5 spare tid og krefter p\u00e5 alle syoppgaver.<br \/>\n\ud83e\uddf5Et enkelt verkt\u00f8y som sparer tid og gj\u00f8r syingen morsommere igjen.<\/p>\n","protected":false},"featured_media":19931,"comment_status":"open","ping_status":"closed","template":"","meta":{"site-sidebar-layout":"default","site-content-layout":"","ast-site-content-layout":"default","site-content-style":"default","site-sidebar-style":"default","ast-global-header-display":"","ast-banner-title-visibility":"","ast-main-header-display":"","ast-hfb-above-header-display":"","ast-hfb-below-header-display":"","ast-hfb-mobile-header-display":"","site-post-title":"","ast-breadcrumbs-content":"","ast-featured-img":"","footer-sml-layout":"","theme-transparent-header-meta":"default","adv-header-id-meta":"","stick-header-meta":"","header-above-stick-meta":"","header-main-stick-meta":"","header-below-stick-meta":"","astra-migrate-meta-layouts":"set","ast-page-background-enabled":"default","ast-page-background-meta":{"desktop":{"background-color":"var(--ast-global-color-5)","background-image":"","background-repeat":"repeat","background-position":"center center","background-size":"auto","background-attachment":"scroll","background-type":"","background-media":"","overlay-type":"","overlay-color":"","overlay-opacity":"","overlay-gradient":""},"tablet":{"background-color":"","background-image":"","background-repeat":"repeat","background-position":"center center","background-size":"auto","background-attachment":"scroll","background-type":"","background-media":"","overlay-type":"","overlay-color":"","overlay-opacity":"","overlay-gradient":""},"mobile":{"background-color":"","background-image":"","background-repeat":"repeat","background-position":"center center","background-size":"auto","background-attachment":"scroll","background-type":"","background-media":"","overlay-type":"","overlay-color":"","overlay-opacity":"","overlay-gradient":""}},"ast-content-background-meta":{"desktop":{"background-color":"var(--ast-global-color-4)","background-image":"","background-repeat":"repeat","background-position":"center center","background-size":"auto","background-attachment":"scroll","background-type":"","background-media":"","overlay-type":"","overlay-color":"","overlay-opacity":"","overlay-gradient":""},"tablet":{"background-color":"var(--ast-global-color-4)","background-image":"","background-repeat":"repeat","background-position":"center center","background-size":"auto","background-attachment":"scroll","background-type":"","background-media":"","overlay-type":"","overlay-color":"","overlay-opacity":"","overlay-gradient":""},"mobile":{"background-color":"var(--ast-global-color-4)","background-image":"","background-repeat":"repeat","background-position":"center center","background-size":"auto","background-attachment":"scroll","background-type":"","background-media":"","overlay-type":"","overlay-color":"","overlay-opacity":"","overlay-gradient":""}}},"product_brand":[],"product_cat":[168,171],"product_tag":[],"class_list":{"0":"post-19935","1":"product","2":"type-product","3":"status-publish","4":"has-post-thumbnail","6":"product_cat-husholdningsartikler","7":"product_cat-verktoy","8":"pa_51716_ot0bxm5i-gronn","9":"pa_51716_ot0bxm5i-rod","10":"desktop-align-left","11":"tablet-align-left","12":"mobile-align-left","14":"first","15":"instock","16":"shipping-taxable","17":"purchasable","18":"product-type-variable"},"yoast_head":"<!-- This site is optimized with the Yoast SEO plugin v26.6 - https:\/\/yoast.com\/wordpress\/plugins\/seo\/ -->\n<title>Automatisk n\u00e5letr\u00e5der (2 stk) - Mekulo NO<\/title>\n<meta name=\"robots\" content=\"index, follow, max-snippet:-1, max-image-preview:large, max-video-preview:-1\" \/>\n<link rel=\"canonical\" href=\"https:\/\/mekulo.com\/no\/produkt\/automatisk-naletrader-2-stk\/\" \/>\n<meta property=\"og:locale\" content=\"nb_NO\" \/>\n<meta property=\"og:type\" content=\"article\" \/>\n<meta property=\"og:title\" content=\"Automatisk n\u00e5letr\u00e5der (2 stk) - Mekulo NO\" \/>\n<meta property=\"og:description\" content=\"\u2728Denne automatiske n\u00e5letr\u00e5deren gj\u00f8r det raskt og enkelt \u00e5 tre n\u00e5ler for b\u00e5de h\u00e5nds\u00f8m og symaskin. \ud83e\udea1Den er perfekt for nybegynnere, eldre og alle med nedsatt syn eller skjelvende hender, og hjelper deg med \u00e5 spare tid og krefter p\u00e5 alle syoppgaver. \ud83e\uddf5Et enkelt verkt\u00f8y som sparer tid og gj\u00f8r syingen morsommere igjen.\" \/>\n<meta property=\"og:url\" content=\"https:\/\/mekulo.com\/no\/produkt\/automatisk-naletrader-2-stk\/\" \/>\n<meta property=\"og:site_name\" content=\"Mekulo NO\" \/>\n<meta property=\"article:modified_time\" content=\"2026-01-28T13:23:51+00:00\" \/>\n<meta property=\"og:image\" content=\"https:\/\/mekulo.com\/no\/wp-content\/uploads\/sites\/10\/2026\/01\/xvgct3h-1.jpg\" \/>\n\t<meta property=\"og:image:width\" content=\"679\" \/>\n\t<meta property=\"og:image:height\" content=\"657\" \/>\n\t<meta property=\"og:image:type\" content=\"image\/jpeg\" \/>\n<meta name=\"twitter:card\" content=\"summary_large_image\" \/>\n<meta name=\"twitter:label1\" content=\"Ansl. lesetid\" \/>\n\t<meta name=\"twitter:data1\" content=\"2 minutter\" \/>\n<script type=\"application\/ld+json\" class=\"yoast-schema-graph\">{\"@context\":\"https:\/\/schema.org\",\"@graph\":[{\"@type\":\"WebPage\",\"@id\":\"https:\/\/mekulo.com\/no\/produkt\/automatisk-naletrader-2-stk\/\",\"url\":\"https:\/\/mekulo.com\/no\/produkt\/automatisk-naletrader-2-stk\/\",\"name\":\"Automatisk n\u00e5letr\u00e5der (2 stk) - Mekulo NO\",\"isPartOf\":{\"@id\":\"https:\/\/mekulo.com\/no\/#website\"},\"primaryImageOfPage\":{\"@id\":\"https:\/\/mekulo.com\/no\/produkt\/automatisk-naletrader-2-stk\/#primaryimage\"},\"image\":{\"@id\":\"https:\/\/mekulo.com\/no\/produkt\/automatisk-naletrader-2-stk\/#primaryimage\"},\"thumbnailUrl\":\"https:\/\/mekulo.com\/no\/wp-content\/uploads\/sites\/10\/2026\/01\/xvgct3h-1.jpg\",\"datePublished\":\"2026-01-28T13:23:44+00:00\",\"dateModified\":\"2026-01-28T13:23:51+00:00\",\"breadcrumb\":{\"@id\":\"https:\/\/mekulo.com\/no\/produkt\/automatisk-naletrader-2-stk\/#breadcrumb\"},\"inLanguage\":\"nb-NO\",\"potentialAction\":[{\"@type\":\"ReadAction\",\"target\":[\"https:\/\/mekulo.com\/no\/produkt\/automatisk-naletrader-2-stk\/\"]}]},{\"@type\":\"ImageObject\",\"inLanguage\":\"nb-NO\",\"@id\":\"https:\/\/mekulo.com\/no\/produkt\/automatisk-naletrader-2-stk\/#primaryimage\",\"url\":\"https:\/\/mekulo.com\/no\/wp-content\/uploads\/sites\/10\/2026\/01\/xvgct3h-1.jpg\",\"contentUrl\":\"https:\/\/mekulo.com\/no\/wp-content\/uploads\/sites\/10\/2026\/01\/xvgct3h-1.jpg\",\"width\":679,\"height\":657},{\"@type\":\"BreadcrumbList\",\"@id\":\"https:\/\/mekulo.com\/no\/produkt\/automatisk-naletrader-2-stk\/#breadcrumb\",\"itemListElement\":[{\"@type\":\"ListItem\",\"position\":1,\"name\":\"Home\",\"item\":\"https:\/\/mekulo.com\/no\/\"},{\"@type\":\"ListItem\",\"position\":2,\"name\":\"Butikk\",\"item\":\"https:\/\/mekulo.com\/no\/butikk\/\"},{\"@type\":\"ListItem\",\"position\":3,\"name\":\"Automatisk n\u00e5letr\u00e5der (2 stk)\"}]},{\"@type\":\"WebSite\",\"@id\":\"https:\/\/mekulo.com\/no\/#website\",\"url\":\"https:\/\/mekulo.com\/no\/\",\"name\":\"Mekulo NO\",\"description\":\"\",\"publisher\":{\"@id\":\"https:\/\/mekulo.com\/no\/#organization\"},\"potentialAction\":[{\"@type\":\"SearchAction\",\"target\":{\"@type\":\"EntryPoint\",\"urlTemplate\":\"https:\/\/mekulo.com\/no\/?s={search_term_string}\"},\"query-input\":{\"@type\":\"PropertyValueSpecification\",\"valueRequired\":true,\"valueName\":\"search_term_string\"}}],\"inLanguage\":\"nb-NO\"},{\"@type\":\"Organization\",\"@id\":\"https:\/\/mekulo.com\/no\/#organization\",\"name\":\"Mekulo\",\"url\":\"https:\/\/mekulo.com\/no\/\",\"logo\":{\"@type\":\"ImageObject\",\"inLanguage\":\"nb-NO\",\"@id\":\"https:\/\/mekulo.com\/no\/#\/schema\/logo\/image\/\",\"url\":\"https:\/\/mekulo.com\/no\/wp-content\/uploads\/sites\/10\/2025\/12\/favicon_mekulo.png\",\"contentUrl\":\"https:\/\/mekulo.com\/no\/wp-content\/uploads\/sites\/10\/2025\/12\/favicon_mekulo.png\",\"width\":50,\"height\":50,\"caption\":\"Mekulo\"},\"image\":{\"@id\":\"https:\/\/mekulo.com\/no\/#\/schema\/logo\/image\/\"}}]}<\/script>\n<!-- \/ Yoast SEO plugin. -->","yoast_head_json":{"title":"Automatisk n\u00e5letr\u00e5der (2 stk) - Mekulo NO","robots":{"index":"index","follow":"follow","max-snippet":"max-snippet:-1","max-image-preview":"max-image-preview:large","max-video-preview":"max-video-preview:-1"},"canonical":"https:\/\/mekulo.com\/no\/produkt\/automatisk-naletrader-2-stk\/","og_locale":"nb_NO","og_type":"article","og_title":"Automatisk n\u00e5letr\u00e5der (2 stk) - Mekulo NO","og_description":"\u2728Denne automatiske n\u00e5letr\u00e5deren gj\u00f8r det raskt og enkelt \u00e5 tre n\u00e5ler for b\u00e5de h\u00e5nds\u00f8m og symaskin. \ud83e\udea1Den er perfekt for nybegynnere, eldre og alle med nedsatt syn eller skjelvende hender, og hjelper deg med \u00e5 spare tid og krefter p\u00e5 alle syoppgaver. \ud83e\uddf5Et enkelt verkt\u00f8y som sparer tid og gj\u00f8r syingen morsommere igjen.","og_url":"https:\/\/mekulo.com\/no\/produkt\/automatisk-naletrader-2-stk\/","og_site_name":"Mekulo NO","article_modified_time":"2026-01-28T13:23:51+00:00","og_image":[{"width":679,"height":657,"url":"https:\/\/mekulo.com\/no\/wp-content\/uploads\/sites\/10\/2026\/01\/xvgct3h-1.jpg","type":"image\/jpeg"}],"twitter_card":"summary_large_image","twitter_misc":{"Ansl. lesetid":"2 minutter"},"schema":{"@context":"https:\/\/schema.org","@graph":[{"@type":"WebPage","@id":"https:\/\/mekulo.com\/no\/produkt\/automatisk-naletrader-2-stk\/","url":"https:\/\/mekulo.com\/no\/produkt\/automatisk-naletrader-2-stk\/","name":"Automatisk n\u00e5letr\u00e5der (2 stk) - Mekulo NO","isPartOf":{"@id":"https:\/\/mekulo.com\/no\/#website"},"primaryImageOfPage":{"@id":"https:\/\/mekulo.com\/no\/produkt\/automatisk-naletrader-2-stk\/#primaryimage"},"image":{"@id":"https:\/\/mekulo.com\/no\/produkt\/automatisk-naletrader-2-stk\/#primaryimage"},"thumbnailUrl":"https:\/\/mekulo.com\/no\/wp-content\/uploads\/sites\/10\/2026\/01\/xvgct3h-1.jpg","datePublished":"2026-01-28T13:23:44+00:00","dateModified":"2026-01-28T13:23:51+00:00","breadcrumb":{"@id":"https:\/\/mekulo.com\/no\/produkt\/automatisk-naletrader-2-stk\/#breadcrumb"},"inLanguage":"nb-NO","potentialAction":[{"@type":"ReadAction","target":["https:\/\/mekulo.com\/no\/produkt\/automatisk-naletrader-2-stk\/"]}]},{"@type":"ImageObject","inLanguage":"nb-NO","@id":"https:\/\/mekulo.com\/no\/produkt\/automatisk-naletrader-2-stk\/#primaryimage","url":"https:\/\/mekulo.com\/no\/wp-content\/uploads\/sites\/10\/2026\/01\/xvgct3h-1.jpg","contentUrl":"https:\/\/mekulo.com\/no\/wp-content\/uploads\/sites\/10\/2026\/01\/xvgct3h-1.jpg","width":679,"height":657},{"@type":"BreadcrumbList","@id":"https:\/\/mekulo.com\/no\/produkt\/automatisk-naletrader-2-stk\/#breadcrumb","itemListElement":[{"@type":"ListItem","position":1,"name":"Home","item":"https:\/\/mekulo.com\/no\/"},{"@type":"ListItem","position":2,"name":"Butikk","item":"https:\/\/mekulo.com\/no\/butikk\/"},{"@type":"ListItem","position":3,"name":"Automatisk n\u00e5letr\u00e5der (2 stk)"}]},{"@type":"WebSite","@id":"https:\/\/mekulo.com\/no\/#website","url":"https:\/\/mekulo.com\/no\/","name":"Mekulo NO","description":"","publisher":{"@id":"https:\/\/mekulo.com\/no\/#organization"},"potentialAction":[{"@type":"SearchAction","target":{"@type":"EntryPoint","urlTemplate":"https:\/\/mekulo.com\/no\/?s={search_term_string}"},"query-input":{"@type":"PropertyValueSpecification","valueRequired":true,"valueName":"search_term_string"}}],"inLanguage":"nb-NO"},{"@type":"Organization","@id":"https:\/\/mekulo.com\/no\/#organization","name":"Mekulo","url":"https:\/\/mekulo.com\/no\/","logo":{"@type":"ImageObject","inLanguage":"nb-NO","@id":"https:\/\/mekulo.com\/no\/#\/schema\/logo\/image\/","url":"https:\/\/mekulo.com\/no\/wp-content\/uploads\/sites\/10\/2025\/12\/favicon_mekulo.png","contentUrl":"https:\/\/mekulo.com\/no\/wp-content\/uploads\/sites\/10\/2025\/12\/favicon_mekulo.png","width":50,"height":50,"caption":"Mekulo"},"image":{"@id":"https:\/\/mekulo.com\/no\/#\/schema\/logo\/image\/"}}]}},"_links":{"self":[{"href":"https:\/\/mekulo.com\/no\/wp-json\/wp\/v2\/product\/19935","targetHints":{"allow":["GET"]}}],"collection":[{"href":"https:\/\/mekulo.com\/no\/wp-json\/wp\/v2\/product"}],"about":[{"href":"https:\/\/mekulo.com\/no\/wp-json\/wp\/v2\/types\/product"}],"replies":[{"embeddable":true,"href":"https:\/\/mekulo.com\/no\/wp-json\/wp\/v2\/comments?post=19935"}],"wp:featuredmedia":[{"embeddable":true,"href":"https:\/\/mekulo.com\/no\/wp-json\/wp\/v2\/media\/19931"}],"wp:attachment":[{"href":"https:\/\/mekulo.com\/no\/wp-json\/wp\/v2\/media?parent=19935"}],"wp:term":[{"taxonomy":"product_brand","embeddable":true,"href":"https:\/\/mekulo.com\/no\/wp-json\/wp\/v2\/product_brand?post=19935"},{"taxonomy":"product_cat","embeddable":true,"href":"https:\/\/mekulo.com\/no\/wp-json\/wp\/v2\/product_cat?post=19935"},{"taxonomy":"product_tag","embeddable":true,"href":"https:\/\/mekulo.com\/no\/wp-json\/wp\/v2\/product_tag?post=19935"}],"curies":[{"name":"wp","href":"https:\/\/api.w.org\/{rel}","templated":true}]}}