{"id":19913,"date":"2026-01-28T15:21:51","date_gmt":"2026-01-28T13:21:51","guid":{"rendered":"https:\/\/mekulo.com\/no\/produkt\/spar-plass-med-trekantet-vaskedunk\/"},"modified":"2026-01-29T15:12:54","modified_gmt":"2026-01-29T13:12:54","slug":"spar-plass-med-trekantet-vaskedunk","status":"publish","type":"product","link":"https:\/\/mekulo.com\/no\/produkt\/spar-plass-med-trekantet-vaskedunk\/","title":{"rendered":"Spar plass med trekantet vaskedunk"},"content":{"rendered":"<p style=\"text-align: center;\" data-start=\"36\" data-end=\"107\"><strong data-start=\"36\" data-end=\"107\">Hold Vasken Ren Og Organisert Uten \u00c5 Ta Opp Plass P\u00e5 Benken. \ud83d\udc69\u200d\ud83c\udf73<\/strong><\/p>\n<p data-start=\"36\" data-end=\"107\"><img decoding=\"async\" class=\"size-full wp-image-21955 aligncenter\" src=\"https:\/\/mekulo.com\/template\/wp-content\/uploads\/sites\/6\/2026\/01\/6825faba7386c34d67ef1d24db59e5efcf503190-700.avif\" alt=\"\" \/><\/p>\n<h2 style=\"text-align: center;\" data-start=\"352\" data-end=\"371\">\u2728 Hovedfordeler<\/h2>\n<p data-start=\"373\" data-end=\"451\">\ud83e\uddf2 Verkt\u00f8yfri installasjon &#8211; Installeres umiddelbart med kraftige sugekopper.<\/p>\n<p data-start=\"453\" data-end=\"524\">\ud83d\udd04 360\u00b0 roterende design &#8211; Justeres enkelt for \u00e5 passe til hj\u00f8rner i vasken.<\/p>\n<p data-start=\"526\" data-end=\"597\">\ud83d\udcaa Kraftig feste &#8211; St\u00f8tter opptil 2,5 kg med doble sugekopper.<\/p>\n<p data-start=\"599\" data-end=\"677\">\ud83d\udca7 Raskt dreneringssystem &#8211; 132 dreneringshull holder gjenstandene t\u00f8rre og luktfrie.<\/p>\n<p data-start=\"679\" data-end=\"747\">\ud83e\uddfc Enkel \u00e5 rengj\u00f8re &#8211; Kan tas helt av og skylles ren under vann.<\/p>\n<p data-start=\"749\" data-end=\"833\">\ud83d\udee1 Ekstra stabilitet &#8211; Dobbelt sugesystem er sikrere enn holdere med \u00e9n kopp.<\/p>\n<p data-start=\"749\" data-end=\"833\"><img fetchpriority=\"high\" decoding=\"async\" class=\"size-full wp-image-21960 aligncenter\" src=\"https:\/\/mekulo.com\/template\/wp-content\/uploads\/sites\/6\/2026\/01\/dde393bae3c7465d64b66ad503e63d1c8f8dd108-700.jpg\" alt=\"\" width=\"1080\" height=\"1080\" \/><\/p>\n<h2 style=\"text-align: center;\" data-start=\"840\" data-end=\"857\">\ud83d\udee0 Slik Bruker Du Den<\/h2>\n<ol data-start=\"859\" data-end=\"1088\">\n<li data-start=\"859\" data-end=\"895\">\n<p data-start=\"862\" data-end=\"895\">Rengj\u00f8r og t\u00f8rk vaskens overflate.<\/p>\n<\/li>\n<li data-start=\"896\" data-end=\"952\">\n<p data-start=\"899\" data-end=\"952\">Trykk sugekoppene godt inn i vaskehj\u00f8rnet.<\/p>\n<\/li>\n<li data-start=\"953\" data-end=\"1001\">\n<p data-start=\"956\" data-end=\"1001\">Juster vinkelen ved hjelp av den roterende designen.<\/p>\n<\/li>\n<li data-start=\"1002\" data-end=\"1043\">\n<p data-start=\"1005\" data-end=\"1043\">Plasser svamper eller tilbeh\u00f8r inni.<\/p>\n<\/li>\n<li data-start=\"1044\" data-end=\"1088\">\n<p data-start=\"1047\" data-end=\"1088\">Fjern og skyll n\u00e5r rengj\u00f8ring er n\u00f8dvendig.<\/p>\n<\/li>\n<\/ol>\n<h2 style=\"text-align: center;\" data-start=\"1095\" data-end=\"1117\">\ud83d\udccc Produktdetaljer<\/h2>\n<ul data-start=\"1119\" data-end=\"1325\">\n<li data-start=\"1119\" data-end=\"1142\">\n<p data-start=\"1121\" data-end=\"1142\">Materiale: PET + ABS<\/p>\n<\/li>\n<li data-start=\"1143\" data-end=\"1173\">\n<p data-start=\"1145\" data-end=\"1173\">St\u00f8rrelse: 16,2 x 10,8 x 7,5 cm<\/p>\n<\/li>\n<li data-start=\"1174\" data-end=\"1191\">\n<p data-start=\"1176\" data-end=\"1191\">Vekt: 165 g<\/p>\n<\/li>\n<li data-start=\"1192\" data-end=\"1224\">\n<p data-start=\"1194\" data-end=\"1224\">Lastkapasitet: Opptil 2,5 kg<\/p>\n<\/li>\n<li data-start=\"1225\" data-end=\"1273\">\n<p data-start=\"1227\" data-end=\"1273\">Installasjon: Sugekopp, ingen verkt\u00f8y kreves<\/p>\n<\/li>\n<li data-start=\"1274\" data-end=\"1325\">\n<p data-start=\"1276\" data-end=\"1325\">Design: Triangelhj\u00f8rne med dreneringshull<\/p>\n<\/li>\n<\/ul>\n<h2 style=\"text-align: center;\" data-start=\"1332\" data-end=\"1355\">\ud83d\udce6 Pakken inneholder<\/h2>\n<ul data-start=\"1357\" data-end=\"1384\">\n<li data-start=\"1357\" data-end=\"1384\">\n<p data-start=\"1359\" data-end=\"1384\">1, 2, 3x trekantede vaskedunker.<\/p>\n<\/li>\n<\/ul>\n","protected":false},"excerpt":{"rendered":"<p><span style=\"font-size: 16px; font-style: normal; font-weight: 400;\">\ud83e\uddfd<\/span>Denne plassbesparende trekantede vaskedispenseren passer fint inn i hj\u00f8rnet av vasken din for \u00e5 holde svamper, skrubber eller s\u00e5pe mens du holder alt t\u00f8rt og hygienisk.<br \/>\n\ud83e\uddf4De sterke sugekoppene installeres p\u00e5 f\u00e5 sekunder og roterer fritt for \u00e5 passe til forskjellige vaskeoppsett.<br \/>\n\ud83e\udee7En enkel og smart m\u00e5te \u00e5 spare plass og holde vaskeomr\u00e5det rent hver dag.<\/p>\n","protected":false},"featured_media":19909,"comment_status":"open","ping_status":"closed","template":"","meta":{"site-sidebar-layout":"default","site-content-layout":"","ast-site-content-layout":"default","site-content-style":"default","site-sidebar-style":"default","ast-global-header-display":"","ast-banner-title-visibility":"","ast-main-header-display":"","ast-hfb-above-header-display":"","ast-hfb-below-header-display":"","ast-hfb-mobile-header-display":"","site-post-title":"","ast-breadcrumbs-content":"","ast-featured-img":"","footer-sml-layout":"","theme-transparent-header-meta":"default","adv-header-id-meta":"","stick-header-meta":"","header-above-stick-meta":"","header-main-stick-meta":"","header-below-stick-meta":"","astra-migrate-meta-layouts":"set","ast-page-background-enabled":"default","ast-page-background-meta":{"desktop":{"background-color":"var(--ast-global-color-5)","background-image":"","background-repeat":"repeat","background-position":"center center","background-size":"auto","background-attachment":"scroll","background-type":"","background-media":"","overlay-type":"","overlay-color":"","overlay-opacity":"","overlay-gradient":""},"tablet":{"background-color":"","background-image":"","background-repeat":"repeat","background-position":"center center","background-size":"auto","background-attachment":"scroll","background-type":"","background-media":"","overlay-type":"","overlay-color":"","overlay-opacity":"","overlay-gradient":""},"mobile":{"background-color":"","background-image":"","background-repeat":"repeat","background-position":"center center","background-size":"auto","background-attachment":"scroll","background-type":"","background-media":"","overlay-type":"","overlay-color":"","overlay-opacity":"","overlay-gradient":""}},"ast-content-background-meta":{"desktop":{"background-color":"var(--ast-global-color-4)","background-image":"","background-repeat":"repeat","background-position":"center center","background-size":"auto","background-attachment":"scroll","background-type":"","background-media":"","overlay-type":"","overlay-color":"","overlay-opacity":"","overlay-gradient":""},"tablet":{"background-color":"var(--ast-global-color-4)","background-image":"","background-repeat":"repeat","background-position":"center center","background-size":"auto","background-attachment":"scroll","background-type":"","background-media":"","overlay-type":"","overlay-color":"","overlay-opacity":"","overlay-gradient":""},"mobile":{"background-color":"var(--ast-global-color-4)","background-image":"","background-repeat":"repeat","background-position":"center center","background-size":"auto","background-attachment":"scroll","background-type":"","background-media":"","overlay-type":"","overlay-color":"","overlay-opacity":"","overlay-gradient":""}}},"product_brand":[],"product_cat":[168],"product_tag":[],"class_list":{"0":"post-19913","1":"product","2":"type-product","3":"status-publish","4":"has-post-thumbnail","6":"product_cat-husholdningsartikler","7":"pa_51713_hf4v4ivi-1-stk","8":"pa_51713_hf4v4ivi-2-stk","9":"pa_51713_hf4v4ivi-3-stk","10":"pa_51713_phkbbs98-gjennomsiktig","11":"pa_51713_phkbbs98-gra","12":"desktop-align-left","13":"tablet-align-left","14":"mobile-align-left","16":"first","17":"instock","18":"shipping-taxable","19":"purchasable","20":"product-type-variable","21":"has-default-attributes"},"yoast_head":"<!-- This site is optimized with the Yoast SEO plugin v26.6 - https:\/\/yoast.com\/wordpress\/plugins\/seo\/ -->\n<title>Spar plass med trekantet vaskedunk - Mekulo NO<\/title>\n<meta name=\"robots\" content=\"index, follow, max-snippet:-1, max-image-preview:large, max-video-preview:-1\" \/>\n<link rel=\"canonical\" href=\"https:\/\/mekulo.com\/no\/produkt\/spar-plass-med-trekantet-vaskedunk\/\" \/>\n<meta property=\"og:locale\" content=\"nb_NO\" \/>\n<meta property=\"og:type\" content=\"article\" \/>\n<meta property=\"og:title\" content=\"Spar plass med trekantet vaskedunk - Mekulo NO\" \/>\n<meta property=\"og:description\" content=\"\ud83e\uddfdDenne plassbesparende trekantede vaskedispenseren passer fint inn i hj\u00f8rnet av vasken din for \u00e5 holde svamper, skrubber eller s\u00e5pe mens du holder alt t\u00f8rt og hygienisk. \ud83e\uddf4De sterke sugekoppene installeres p\u00e5 f\u00e5 sekunder og roterer fritt for \u00e5 passe til forskjellige vaskeoppsett. \ud83e\udee7En enkel og smart m\u00e5te \u00e5 spare plass og holde vaskeomr\u00e5det rent hver dag.\" \/>\n<meta property=\"og:url\" content=\"https:\/\/mekulo.com\/no\/produkt\/spar-plass-med-trekantet-vaskedunk\/\" \/>\n<meta property=\"og:site_name\" content=\"Mekulo NO\" \/>\n<meta property=\"article:modified_time\" content=\"2026-01-29T13:12:54+00:00\" \/>\n<meta property=\"og:image\" content=\"https:\/\/mekulo.com\/no\/wp-content\/uploads\/sites\/10\/2026\/01\/1rjlsai-1.jpg\" \/>\n\t<meta property=\"og:image:width\" content=\"960\" \/>\n\t<meta property=\"og:image:height\" content=\"960\" \/>\n\t<meta property=\"og:image:type\" content=\"image\/jpeg\" \/>\n<meta name=\"twitter:card\" content=\"summary_large_image\" \/>\n<meta name=\"twitter:label1\" content=\"Ansl. lesetid\" \/>\n\t<meta name=\"twitter:data1\" content=\"2 minutter\" \/>\n<script type=\"application\/ld+json\" class=\"yoast-schema-graph\">{\"@context\":\"https:\/\/schema.org\",\"@graph\":[{\"@type\":\"WebPage\",\"@id\":\"https:\/\/mekulo.com\/no\/produkt\/spar-plass-med-trekantet-vaskedunk\/\",\"url\":\"https:\/\/mekulo.com\/no\/produkt\/spar-plass-med-trekantet-vaskedunk\/\",\"name\":\"Spar plass med trekantet vaskedunk - Mekulo NO\",\"isPartOf\":{\"@id\":\"https:\/\/mekulo.com\/no\/#website\"},\"primaryImageOfPage\":{\"@id\":\"https:\/\/mekulo.com\/no\/produkt\/spar-plass-med-trekantet-vaskedunk\/#primaryimage\"},\"image\":{\"@id\":\"https:\/\/mekulo.com\/no\/produkt\/spar-plass-med-trekantet-vaskedunk\/#primaryimage\"},\"thumbnailUrl\":\"https:\/\/mekulo.com\/no\/wp-content\/uploads\/sites\/10\/2026\/01\/1rjlsai-1.jpg\",\"datePublished\":\"2026-01-28T13:21:51+00:00\",\"dateModified\":\"2026-01-29T13:12:54+00:00\",\"breadcrumb\":{\"@id\":\"https:\/\/mekulo.com\/no\/produkt\/spar-plass-med-trekantet-vaskedunk\/#breadcrumb\"},\"inLanguage\":\"nb-NO\",\"potentialAction\":[{\"@type\":\"ReadAction\",\"target\":[\"https:\/\/mekulo.com\/no\/produkt\/spar-plass-med-trekantet-vaskedunk\/\"]}]},{\"@type\":\"ImageObject\",\"inLanguage\":\"nb-NO\",\"@id\":\"https:\/\/mekulo.com\/no\/produkt\/spar-plass-med-trekantet-vaskedunk\/#primaryimage\",\"url\":\"https:\/\/mekulo.com\/no\/wp-content\/uploads\/sites\/10\/2026\/01\/1rjlsai-1.jpg\",\"contentUrl\":\"https:\/\/mekulo.com\/no\/wp-content\/uploads\/sites\/10\/2026\/01\/1rjlsai-1.jpg\",\"width\":960,\"height\":960},{\"@type\":\"BreadcrumbList\",\"@id\":\"https:\/\/mekulo.com\/no\/produkt\/spar-plass-med-trekantet-vaskedunk\/#breadcrumb\",\"itemListElement\":[{\"@type\":\"ListItem\",\"position\":1,\"name\":\"Home\",\"item\":\"https:\/\/mekulo.com\/no\/\"},{\"@type\":\"ListItem\",\"position\":2,\"name\":\"Butikk\",\"item\":\"https:\/\/mekulo.com\/no\/butikk\/\"},{\"@type\":\"ListItem\",\"position\":3,\"name\":\"Spar plass med trekantet vaskedunk\"}]},{\"@type\":\"WebSite\",\"@id\":\"https:\/\/mekulo.com\/no\/#website\",\"url\":\"https:\/\/mekulo.com\/no\/\",\"name\":\"Mekulo NO\",\"description\":\"\",\"publisher\":{\"@id\":\"https:\/\/mekulo.com\/no\/#organization\"},\"potentialAction\":[{\"@type\":\"SearchAction\",\"target\":{\"@type\":\"EntryPoint\",\"urlTemplate\":\"https:\/\/mekulo.com\/no\/?s={search_term_string}\"},\"query-input\":{\"@type\":\"PropertyValueSpecification\",\"valueRequired\":true,\"valueName\":\"search_term_string\"}}],\"inLanguage\":\"nb-NO\"},{\"@type\":\"Organization\",\"@id\":\"https:\/\/mekulo.com\/no\/#organization\",\"name\":\"Mekulo\",\"url\":\"https:\/\/mekulo.com\/no\/\",\"logo\":{\"@type\":\"ImageObject\",\"inLanguage\":\"nb-NO\",\"@id\":\"https:\/\/mekulo.com\/no\/#\/schema\/logo\/image\/\",\"url\":\"https:\/\/mekulo.com\/no\/wp-content\/uploads\/sites\/10\/2025\/12\/favicon_mekulo.png\",\"contentUrl\":\"https:\/\/mekulo.com\/no\/wp-content\/uploads\/sites\/10\/2025\/12\/favicon_mekulo.png\",\"width\":50,\"height\":50,\"caption\":\"Mekulo\"},\"image\":{\"@id\":\"https:\/\/mekulo.com\/no\/#\/schema\/logo\/image\/\"}}]}<\/script>\n<!-- \/ Yoast SEO plugin. -->","yoast_head_json":{"title":"Spar plass med trekantet vaskedunk - Mekulo NO","robots":{"index":"index","follow":"follow","max-snippet":"max-snippet:-1","max-image-preview":"max-image-preview:large","max-video-preview":"max-video-preview:-1"},"canonical":"https:\/\/mekulo.com\/no\/produkt\/spar-plass-med-trekantet-vaskedunk\/","og_locale":"nb_NO","og_type":"article","og_title":"Spar plass med trekantet vaskedunk - Mekulo NO","og_description":"\ud83e\uddfdDenne plassbesparende trekantede vaskedispenseren passer fint inn i hj\u00f8rnet av vasken din for \u00e5 holde svamper, skrubber eller s\u00e5pe mens du holder alt t\u00f8rt og hygienisk. \ud83e\uddf4De sterke sugekoppene installeres p\u00e5 f\u00e5 sekunder og roterer fritt for \u00e5 passe til forskjellige vaskeoppsett. \ud83e\udee7En enkel og smart m\u00e5te \u00e5 spare plass og holde vaskeomr\u00e5det rent hver dag.","og_url":"https:\/\/mekulo.com\/no\/produkt\/spar-plass-med-trekantet-vaskedunk\/","og_site_name":"Mekulo NO","article_modified_time":"2026-01-29T13:12:54+00:00","og_image":[{"width":960,"height":960,"url":"https:\/\/mekulo.com\/no\/wp-content\/uploads\/sites\/10\/2026\/01\/1rjlsai-1.jpg","type":"image\/jpeg"}],"twitter_card":"summary_large_image","twitter_misc":{"Ansl. lesetid":"2 minutter"},"schema":{"@context":"https:\/\/schema.org","@graph":[{"@type":"WebPage","@id":"https:\/\/mekulo.com\/no\/produkt\/spar-plass-med-trekantet-vaskedunk\/","url":"https:\/\/mekulo.com\/no\/produkt\/spar-plass-med-trekantet-vaskedunk\/","name":"Spar plass med trekantet vaskedunk - Mekulo NO","isPartOf":{"@id":"https:\/\/mekulo.com\/no\/#website"},"primaryImageOfPage":{"@id":"https:\/\/mekulo.com\/no\/produkt\/spar-plass-med-trekantet-vaskedunk\/#primaryimage"},"image":{"@id":"https:\/\/mekulo.com\/no\/produkt\/spar-plass-med-trekantet-vaskedunk\/#primaryimage"},"thumbnailUrl":"https:\/\/mekulo.com\/no\/wp-content\/uploads\/sites\/10\/2026\/01\/1rjlsai-1.jpg","datePublished":"2026-01-28T13:21:51+00:00","dateModified":"2026-01-29T13:12:54+00:00","breadcrumb":{"@id":"https:\/\/mekulo.com\/no\/produkt\/spar-plass-med-trekantet-vaskedunk\/#breadcrumb"},"inLanguage":"nb-NO","potentialAction":[{"@type":"ReadAction","target":["https:\/\/mekulo.com\/no\/produkt\/spar-plass-med-trekantet-vaskedunk\/"]}]},{"@type":"ImageObject","inLanguage":"nb-NO","@id":"https:\/\/mekulo.com\/no\/produkt\/spar-plass-med-trekantet-vaskedunk\/#primaryimage","url":"https:\/\/mekulo.com\/no\/wp-content\/uploads\/sites\/10\/2026\/01\/1rjlsai-1.jpg","contentUrl":"https:\/\/mekulo.com\/no\/wp-content\/uploads\/sites\/10\/2026\/01\/1rjlsai-1.jpg","width":960,"height":960},{"@type":"BreadcrumbList","@id":"https:\/\/mekulo.com\/no\/produkt\/spar-plass-med-trekantet-vaskedunk\/#breadcrumb","itemListElement":[{"@type":"ListItem","position":1,"name":"Home","item":"https:\/\/mekulo.com\/no\/"},{"@type":"ListItem","position":2,"name":"Butikk","item":"https:\/\/mekulo.com\/no\/butikk\/"},{"@type":"ListItem","position":3,"name":"Spar plass med trekantet vaskedunk"}]},{"@type":"WebSite","@id":"https:\/\/mekulo.com\/no\/#website","url":"https:\/\/mekulo.com\/no\/","name":"Mekulo NO","description":"","publisher":{"@id":"https:\/\/mekulo.com\/no\/#organization"},"potentialAction":[{"@type":"SearchAction","target":{"@type":"EntryPoint","urlTemplate":"https:\/\/mekulo.com\/no\/?s={search_term_string}"},"query-input":{"@type":"PropertyValueSpecification","valueRequired":true,"valueName":"search_term_string"}}],"inLanguage":"nb-NO"},{"@type":"Organization","@id":"https:\/\/mekulo.com\/no\/#organization","name":"Mekulo","url":"https:\/\/mekulo.com\/no\/","logo":{"@type":"ImageObject","inLanguage":"nb-NO","@id":"https:\/\/mekulo.com\/no\/#\/schema\/logo\/image\/","url":"https:\/\/mekulo.com\/no\/wp-content\/uploads\/sites\/10\/2025\/12\/favicon_mekulo.png","contentUrl":"https:\/\/mekulo.com\/no\/wp-content\/uploads\/sites\/10\/2025\/12\/favicon_mekulo.png","width":50,"height":50,"caption":"Mekulo"},"image":{"@id":"https:\/\/mekulo.com\/no\/#\/schema\/logo\/image\/"}}]}},"_links":{"self":[{"href":"https:\/\/mekulo.com\/no\/wp-json\/wp\/v2\/product\/19913","targetHints":{"allow":["GET"]}}],"collection":[{"href":"https:\/\/mekulo.com\/no\/wp-json\/wp\/v2\/product"}],"about":[{"href":"https:\/\/mekulo.com\/no\/wp-json\/wp\/v2\/types\/product"}],"replies":[{"embeddable":true,"href":"https:\/\/mekulo.com\/no\/wp-json\/wp\/v2\/comments?post=19913"}],"wp:featuredmedia":[{"embeddable":true,"href":"https:\/\/mekulo.com\/no\/wp-json\/wp\/v2\/media\/19909"}],"wp:attachment":[{"href":"https:\/\/mekulo.com\/no\/wp-json\/wp\/v2\/media?parent=19913"}],"wp:term":[{"taxonomy":"product_brand","embeddable":true,"href":"https:\/\/mekulo.com\/no\/wp-json\/wp\/v2\/product_brand?post=19913"},{"taxonomy":"product_cat","embeddable":true,"href":"https:\/\/mekulo.com\/no\/wp-json\/wp\/v2\/product_cat?post=19913"},{"taxonomy":"product_tag","embeddable":true,"href":"https:\/\/mekulo.com\/no\/wp-json\/wp\/v2\/product_tag?post=19913"}],"curies":[{"name":"wp","href":"https:\/\/api.w.org\/{rel}","templated":true}]}}