{"id":19864,"date":"2026-01-28T15:17:51","date_gmt":"2026-01-28T13:17:51","guid":{"rendered":"https:\/\/mekulo.com\/no\/produkt\/multifunksjonelt-fonduekrus\/"},"modified":"2026-01-29T15:07:22","modified_gmt":"2026-01-29T13:07:22","slug":"multifunksjonelt-fonduekrus","status":"publish","type":"product","link":"https:\/\/mekulo.com\/no\/produkt\/multifunksjonelt-fonduekrus\/","title":{"rendered":"Multifunksjonelt fonduekrus"},"content":{"rendered":"<p style=\"text-align: center;\" data-start=\"33\" data-end=\"134\"><strong data-start=\"33\" data-end=\"134\">Nyt Perfekt Smeltet Sjokolade, Ost Eller Sm\u00f8r N\u00e5r Som Helst Med Et Enkelt Og Elegant Fonduekrus. \ud83e\uddc8<\/strong><\/p>\n<p data-start=\"33\" data-end=\"134\"><img fetchpriority=\"high\" decoding=\"async\" class=\"size-full wp-image-21916 aligncenter\" src=\"https:\/\/mekulo.com\/template\/wp-content\/uploads\/sites\/6\/2026\/01\/Sc8b0a2d4274c4aa8a15dd96cd60bf3a29.webp\" alt=\"\" width=\"1601\" height=\"1601\" \/><\/p>\n<h2 style=\"text-align: center;\" data-start=\"368\" data-end=\"388\">\ud83c\udf6b Hovedfordeler<\/h2>\n<p data-start=\"390\" data-end=\"470\">\ud83d\udd25 Jevn Og Sk\u00e5nsom Smelting &#8211; Keramisk Kopp Holder Varmen Jevn For Jevn Smelting.<\/p>\n<p data-start=\"472\" data-end=\"558\">\ud83c\udf53 Perfekt Til Dypping &#8211; Perfekt Til Sjokolade, Ost, Sm\u00f8r, Karamell Og Sauser.<\/p>\n<p data-start=\"560\" data-end=\"641\">\ud83d\udd6f Innebygd Stearinlysoppvarming &#8211; Stearinlys I Lysbunnen Holder Innholdet Varmt Og Klart.<\/p>\n<p data-start=\"643\" data-end=\"730\">\ud83c\udf89 Ideell For Spesielle \u00d8yeblikk &#8211; Perfekt Til Stevnem\u00f8ter, Fester, Bursdager Og Desserter.<\/p>\n<p data-start=\"732\" data-end=\"801\">\ud83c\udf74 Komplett Fonduesett &#8211; Inkluderer Gafler For Enkel Og Morsom Dypping.<\/p>\n<p data-start=\"803\" data-end=\"879\">\ud83e\uddf3 Kompakt Og B\u00e6rbar &#8211; Enkel \u00c5 Bruke Hjemme, P\u00e5 Kontoret Eller P\u00e5 Reise.<\/p>\n<p data-start=\"803\" data-end=\"879\"><img decoding=\"async\" class=\"size-full wp-image-21917 aligncenter\" src=\"https:\/\/mekulo.com\/template\/wp-content\/uploads\/sites\/6\/2026\/01\/Sb4feac42d23e4e38a35bd9503333e792J.webp\" alt=\"\" width=\"1601\" height=\"1601\" \/><\/p>\n<h2 style=\"text-align: center;\" data-start=\"886\" data-end=\"903\">\ud83d\udee0 Slik Bruker Du<\/h2>\n<ol data-start=\"905\" data-end=\"1121\">\n<li data-start=\"905\" data-end=\"950\">\n<p data-start=\"908\" data-end=\"950\">Plasser Et Lite Stearinlys I Sokkelholderen.<\/p>\n<\/li>\n<li data-start=\"951\" data-end=\"1010\">\n<p data-start=\"954\" data-end=\"1010\">Legg Sjokolade, Ost Eller Sm\u00f8r I Det Keramiske Kruset.<\/p>\n<\/li>\n<li data-start=\"1011\" data-end=\"1061\">\n<p data-start=\"1014\" data-end=\"1061\">Tenn Stearinlyset For \u00c5 Smelte Innholdet Forsiktig.<\/p>\n<\/li>\n<li data-start=\"1062\" data-end=\"1121\">\n<p data-start=\"1065\" data-end=\"1121\">Dypp Frukt Eller Snacks Ved Hjelp Av De Medf\u00f8lgende Gaflene Og Nyt.<\/p>\n<\/li>\n<\/ol>\n<h2 style=\"text-align: center;\" data-start=\"1128\" data-end=\"1150\">\ud83d\udccc Produktdetaljer<\/h2>\n<ul data-start=\"1152\" data-end=\"1322\">\n<li data-start=\"1192\" data-end=\"1211\">\n<p data-start=\"1194\" data-end=\"1211\">Kapasitet: 130 Ml<\/p>\n<\/li>\n<li data-start=\"1212\" data-end=\"1233\">\n<p data-start=\"1214\" data-end=\"1233\">Materiale: Keramikk<\/p>\n<\/li>\n<li data-start=\"1234\" data-end=\"1272\">\n<p data-start=\"1236\" data-end=\"1272\">Varmekilde: Stearinlys (Ikke Inkludert)<\/p>\n<\/li>\n<li data-start=\"1273\" data-end=\"1322\">\n<p data-start=\"1275\" data-end=\"1322\">Bruk: Sjokolade, Ost, Sm\u00f8r, Karamell, Melk<\/p>\n<\/li>\n<\/ul>\n<h2 style=\"text-align: center;\" data-start=\"1329\" data-end=\"1352\">\ud83d\udce6 Pakken inkluderer<\/h2>\n<ul data-start=\"1354\" data-end=\"1418\">\n<li data-start=\"1354\" data-end=\"1384\">\n<p data-start=\"1356\" data-end=\"1384\">1x Keramisk Fonduekrus<\/p>\n<\/li>\n<li data-start=\"1385\" data-end=\"1418\">\n<p data-start=\"1387\" data-end=\"1418\">1x Gaffel Til Sjokoladedypping<\/p>\n<\/li>\n<li data-start=\"1385\" data-end=\"1418\">1x Lang R\u00f8reskje.<\/li>\n<\/ul>\n","protected":false},"excerpt":{"rendered":"<p>\u2615Med dette kompakte, multifunksjonelle fonduekruset kan du smelte og servere favorittgodteriene dine ved hjelp av sk\u00e5nsom stearinlysvarme.<br \/>\n<span style=\"font-size: 16px; font-style: normal; font-weight: 400;\">\ud83c\udf6b<\/span>Det er perfekt til \u00e5 dyppe frukt, kjeks, marshmallows eller snacks i under koselige kvelder, sm\u00e5 sammenkomster eller spesielle feiringer.<br \/>\n\ud83c\udf89En enkel og morsom m\u00e5te \u00e5 gj\u00f8re ethvert \u00f8yeblikk til en s\u00f8t opplevelse.<\/p>\n","protected":false},"featured_media":19860,"comment_status":"open","ping_status":"closed","template":"","meta":{"site-sidebar-layout":"default","site-content-layout":"","ast-site-content-layout":"default","site-content-style":"default","site-sidebar-style":"default","ast-global-header-display":"","ast-banner-title-visibility":"","ast-main-header-display":"","ast-hfb-above-header-display":"","ast-hfb-below-header-display":"","ast-hfb-mobile-header-display":"","site-post-title":"","ast-breadcrumbs-content":"","ast-featured-img":"","footer-sml-layout":"","ast-disable-related-posts":"","theme-transparent-header-meta":"default","adv-header-id-meta":"","stick-header-meta":"","header-above-stick-meta":"","header-main-stick-meta":"","header-below-stick-meta":"","astra-migrate-meta-layouts":"set","ast-page-background-enabled":"default","ast-page-background-meta":{"desktop":{"background-color":"var(--ast-global-color-5)","background-image":"","background-repeat":"repeat","background-position":"center center","background-size":"auto","background-attachment":"scroll","background-type":"","background-media":"","overlay-type":"","overlay-color":"","overlay-opacity":"","overlay-gradient":""},"tablet":{"background-color":"","background-image":"","background-repeat":"repeat","background-position":"center center","background-size":"auto","background-attachment":"scroll","background-type":"","background-media":"","overlay-type":"","overlay-color":"","overlay-opacity":"","overlay-gradient":""},"mobile":{"background-color":"","background-image":"","background-repeat":"repeat","background-position":"center center","background-size":"auto","background-attachment":"scroll","background-type":"","background-media":"","overlay-type":"","overlay-color":"","overlay-opacity":"","overlay-gradient":""}},"ast-content-background-meta":{"desktop":{"background-color":"var(--ast-global-color-4)","background-image":"","background-repeat":"repeat","background-position":"center center","background-size":"auto","background-attachment":"scroll","background-type":"","background-media":"","overlay-type":"","overlay-color":"","overlay-opacity":"","overlay-gradient":""},"tablet":{"background-color":"var(--ast-global-color-4)","background-image":"","background-repeat":"repeat","background-position":"center center","background-size":"auto","background-attachment":"scroll","background-type":"","background-media":"","overlay-type":"","overlay-color":"","overlay-opacity":"","overlay-gradient":""},"mobile":{"background-color":"var(--ast-global-color-4)","background-image":"","background-repeat":"repeat","background-position":"center center","background-size":"auto","background-attachment":"scroll","background-type":"","background-media":"","overlay-type":"","overlay-color":"","overlay-opacity":"","overlay-gradient":""}}},"product_brand":[],"product_cat":[168],"product_tag":[],"class_list":{"0":"post-19864","1":"product","2":"type-product","3":"status-publish","4":"has-post-thumbnail","6":"product_cat-husholdningsartikler","7":"pa_51690_b71hf5yc-hvit","8":"pa_51690_b71hf5yc-rod","9":"pa_51690_b71hf5yc-svart","10":"desktop-align-left","11":"tablet-align-left","12":"mobile-align-left","14":"first","15":"instock","16":"shipping-taxable","17":"purchasable","18":"product-type-variable"},"yoast_head":"<!-- This site is optimized with the Yoast SEO plugin v27.4 - https:\/\/yoast.com\/product\/yoast-seo-wordpress\/ -->\n<title>Multifunksjonelt fonduekrus - Mekulo NO<\/title>\n<meta name=\"robots\" content=\"index, follow, max-snippet:-1, max-image-preview:large, max-video-preview:-1\" \/>\n<link rel=\"canonical\" href=\"https:\/\/mekulo.com\/no\/produkt\/multifunksjonelt-fonduekrus\/\" \/>\n<meta property=\"og:locale\" content=\"nb_NO\" \/>\n<meta property=\"og:type\" content=\"article\" \/>\n<meta property=\"og:title\" content=\"Multifunksjonelt fonduekrus - Mekulo NO\" \/>\n<meta property=\"og:description\" content=\"\u2615Med dette kompakte, multifunksjonelle fonduekruset kan du smelte og servere favorittgodteriene dine ved hjelp av sk\u00e5nsom stearinlysvarme. \ud83c\udf6bDet er perfekt til \u00e5 dyppe frukt, kjeks, marshmallows eller snacks i under koselige kvelder, sm\u00e5 sammenkomster eller spesielle feiringer. \ud83c\udf89En enkel og morsom m\u00e5te \u00e5 gj\u00f8re ethvert \u00f8yeblikk til en s\u00f8t opplevelse.\" \/>\n<meta property=\"og:url\" content=\"https:\/\/mekulo.com\/no\/produkt\/multifunksjonelt-fonduekrus\/\" \/>\n<meta property=\"og:site_name\" content=\"Mekulo NO\" \/>\n<meta property=\"article:modified_time\" content=\"2026-01-29T13:07:22+00:00\" \/>\n<meta property=\"og:image\" content=\"https:\/\/mekulo.com\/no\/wp-content\/uploads\/sites\/10\/2026\/01\/g3e74hv-1.jpg\" \/>\n\t<meta property=\"og:image:width\" content=\"1080\" \/>\n\t<meta property=\"og:image:height\" content=\"1080\" \/>\n\t<meta property=\"og:image:type\" content=\"image\/jpeg\" \/>\n<meta name=\"twitter:card\" content=\"summary_large_image\" \/>\n<meta name=\"twitter:label1\" content=\"Ansl. lesetid\" \/>\n\t<meta name=\"twitter:data1\" content=\"2 minutter\" \/>\n<script type=\"application\/ld+json\" class=\"yoast-schema-graph\">{\"@context\":\"https:\\\/\\\/schema.org\",\"@graph\":[{\"@type\":\"WebPage\",\"@id\":\"https:\\\/\\\/mekulo.com\\\/no\\\/produkt\\\/multifunksjonelt-fonduekrus\\\/\",\"url\":\"https:\\\/\\\/mekulo.com\\\/no\\\/produkt\\\/multifunksjonelt-fonduekrus\\\/\",\"name\":\"Multifunksjonelt fonduekrus - Mekulo NO\",\"isPartOf\":{\"@id\":\"https:\\\/\\\/mekulo.com\\\/no\\\/#website\"},\"primaryImageOfPage\":{\"@id\":\"https:\\\/\\\/mekulo.com\\\/no\\\/produkt\\\/multifunksjonelt-fonduekrus\\\/#primaryimage\"},\"image\":{\"@id\":\"https:\\\/\\\/mekulo.com\\\/no\\\/produkt\\\/multifunksjonelt-fonduekrus\\\/#primaryimage\"},\"thumbnailUrl\":\"https:\\\/\\\/mekulo.com\\\/no\\\/wp-content\\\/uploads\\\/sites\\\/10\\\/2026\\\/01\\\/g3e74hv-1.jpg\",\"datePublished\":\"2026-01-28T13:17:51+00:00\",\"dateModified\":\"2026-01-29T13:07:22+00:00\",\"breadcrumb\":{\"@id\":\"https:\\\/\\\/mekulo.com\\\/no\\\/produkt\\\/multifunksjonelt-fonduekrus\\\/#breadcrumb\"},\"inLanguage\":\"nb-NO\",\"potentialAction\":[{\"@type\":\"ReadAction\",\"target\":[\"https:\\\/\\\/mekulo.com\\\/no\\\/produkt\\\/multifunksjonelt-fonduekrus\\\/\"]}]},{\"@type\":\"ImageObject\",\"inLanguage\":\"nb-NO\",\"@id\":\"https:\\\/\\\/mekulo.com\\\/no\\\/produkt\\\/multifunksjonelt-fonduekrus\\\/#primaryimage\",\"url\":\"https:\\\/\\\/mekulo.com\\\/no\\\/wp-content\\\/uploads\\\/sites\\\/10\\\/2026\\\/01\\\/g3e74hv-1.jpg\",\"contentUrl\":\"https:\\\/\\\/mekulo.com\\\/no\\\/wp-content\\\/uploads\\\/sites\\\/10\\\/2026\\\/01\\\/g3e74hv-1.jpg\",\"width\":1080,\"height\":1080},{\"@type\":\"BreadcrumbList\",\"@id\":\"https:\\\/\\\/mekulo.com\\\/no\\\/produkt\\\/multifunksjonelt-fonduekrus\\\/#breadcrumb\",\"itemListElement\":[{\"@type\":\"ListItem\",\"position\":1,\"name\":\"Home\",\"item\":\"https:\\\/\\\/mekulo.com\\\/no\\\/\"},{\"@type\":\"ListItem\",\"position\":2,\"name\":\"Butikk\",\"item\":\"https:\\\/\\\/mekulo.com\\\/no\\\/butikk\\\/\"},{\"@type\":\"ListItem\",\"position\":3,\"name\":\"Multifunksjonelt fonduekrus\"}]},{\"@type\":\"WebSite\",\"@id\":\"https:\\\/\\\/mekulo.com\\\/no\\\/#website\",\"url\":\"https:\\\/\\\/mekulo.com\\\/no\\\/\",\"name\":\"Mekulo NO\",\"description\":\"\",\"publisher\":{\"@id\":\"https:\\\/\\\/mekulo.com\\\/no\\\/#organization\"},\"potentialAction\":[{\"@type\":\"SearchAction\",\"target\":{\"@type\":\"EntryPoint\",\"urlTemplate\":\"https:\\\/\\\/mekulo.com\\\/no\\\/?s={search_term_string}\"},\"query-input\":{\"@type\":\"PropertyValueSpecification\",\"valueRequired\":true,\"valueName\":\"search_term_string\"}}],\"inLanguage\":\"nb-NO\"},{\"@type\":\"Organization\",\"@id\":\"https:\\\/\\\/mekulo.com\\\/no\\\/#organization\",\"name\":\"Mekulo\",\"url\":\"https:\\\/\\\/mekulo.com\\\/no\\\/\",\"logo\":{\"@type\":\"ImageObject\",\"inLanguage\":\"nb-NO\",\"@id\":\"https:\\\/\\\/mekulo.com\\\/no\\\/#\\\/schema\\\/logo\\\/image\\\/\",\"url\":\"https:\\\/\\\/mekulo.com\\\/no\\\/wp-content\\\/uploads\\\/sites\\\/10\\\/2025\\\/12\\\/favicon_mekulo.png\",\"contentUrl\":\"https:\\\/\\\/mekulo.com\\\/no\\\/wp-content\\\/uploads\\\/sites\\\/10\\\/2025\\\/12\\\/favicon_mekulo.png\",\"width\":50,\"height\":50,\"caption\":\"Mekulo\"},\"image\":{\"@id\":\"https:\\\/\\\/mekulo.com\\\/no\\\/#\\\/schema\\\/logo\\\/image\\\/\"}}]}<\/script>\n<!-- \/ Yoast SEO plugin. -->","yoast_head_json":{"title":"Multifunksjonelt fonduekrus - Mekulo NO","robots":{"index":"index","follow":"follow","max-snippet":"max-snippet:-1","max-image-preview":"max-image-preview:large","max-video-preview":"max-video-preview:-1"},"canonical":"https:\/\/mekulo.com\/no\/produkt\/multifunksjonelt-fonduekrus\/","og_locale":"nb_NO","og_type":"article","og_title":"Multifunksjonelt fonduekrus - Mekulo NO","og_description":"\u2615Med dette kompakte, multifunksjonelle fonduekruset kan du smelte og servere favorittgodteriene dine ved hjelp av sk\u00e5nsom stearinlysvarme. \ud83c\udf6bDet er perfekt til \u00e5 dyppe frukt, kjeks, marshmallows eller snacks i under koselige kvelder, sm\u00e5 sammenkomster eller spesielle feiringer. \ud83c\udf89En enkel og morsom m\u00e5te \u00e5 gj\u00f8re ethvert \u00f8yeblikk til en s\u00f8t opplevelse.","og_url":"https:\/\/mekulo.com\/no\/produkt\/multifunksjonelt-fonduekrus\/","og_site_name":"Mekulo NO","article_modified_time":"2026-01-29T13:07:22+00:00","og_image":[{"width":1080,"height":1080,"url":"https:\/\/mekulo.com\/no\/wp-content\/uploads\/sites\/10\/2026\/01\/g3e74hv-1.jpg","type":"image\/jpeg"}],"twitter_card":"summary_large_image","twitter_misc":{"Ansl. lesetid":"2 minutter"},"schema":{"@context":"https:\/\/schema.org","@graph":[{"@type":"WebPage","@id":"https:\/\/mekulo.com\/no\/produkt\/multifunksjonelt-fonduekrus\/","url":"https:\/\/mekulo.com\/no\/produkt\/multifunksjonelt-fonduekrus\/","name":"Multifunksjonelt fonduekrus - Mekulo NO","isPartOf":{"@id":"https:\/\/mekulo.com\/no\/#website"},"primaryImageOfPage":{"@id":"https:\/\/mekulo.com\/no\/produkt\/multifunksjonelt-fonduekrus\/#primaryimage"},"image":{"@id":"https:\/\/mekulo.com\/no\/produkt\/multifunksjonelt-fonduekrus\/#primaryimage"},"thumbnailUrl":"https:\/\/mekulo.com\/no\/wp-content\/uploads\/sites\/10\/2026\/01\/g3e74hv-1.jpg","datePublished":"2026-01-28T13:17:51+00:00","dateModified":"2026-01-29T13:07:22+00:00","breadcrumb":{"@id":"https:\/\/mekulo.com\/no\/produkt\/multifunksjonelt-fonduekrus\/#breadcrumb"},"inLanguage":"nb-NO","potentialAction":[{"@type":"ReadAction","target":["https:\/\/mekulo.com\/no\/produkt\/multifunksjonelt-fonduekrus\/"]}]},{"@type":"ImageObject","inLanguage":"nb-NO","@id":"https:\/\/mekulo.com\/no\/produkt\/multifunksjonelt-fonduekrus\/#primaryimage","url":"https:\/\/mekulo.com\/no\/wp-content\/uploads\/sites\/10\/2026\/01\/g3e74hv-1.jpg","contentUrl":"https:\/\/mekulo.com\/no\/wp-content\/uploads\/sites\/10\/2026\/01\/g3e74hv-1.jpg","width":1080,"height":1080},{"@type":"BreadcrumbList","@id":"https:\/\/mekulo.com\/no\/produkt\/multifunksjonelt-fonduekrus\/#breadcrumb","itemListElement":[{"@type":"ListItem","position":1,"name":"Home","item":"https:\/\/mekulo.com\/no\/"},{"@type":"ListItem","position":2,"name":"Butikk","item":"https:\/\/mekulo.com\/no\/butikk\/"},{"@type":"ListItem","position":3,"name":"Multifunksjonelt fonduekrus"}]},{"@type":"WebSite","@id":"https:\/\/mekulo.com\/no\/#website","url":"https:\/\/mekulo.com\/no\/","name":"Mekulo NO","description":"","publisher":{"@id":"https:\/\/mekulo.com\/no\/#organization"},"potentialAction":[{"@type":"SearchAction","target":{"@type":"EntryPoint","urlTemplate":"https:\/\/mekulo.com\/no\/?s={search_term_string}"},"query-input":{"@type":"PropertyValueSpecification","valueRequired":true,"valueName":"search_term_string"}}],"inLanguage":"nb-NO"},{"@type":"Organization","@id":"https:\/\/mekulo.com\/no\/#organization","name":"Mekulo","url":"https:\/\/mekulo.com\/no\/","logo":{"@type":"ImageObject","inLanguage":"nb-NO","@id":"https:\/\/mekulo.com\/no\/#\/schema\/logo\/image\/","url":"https:\/\/mekulo.com\/no\/wp-content\/uploads\/sites\/10\/2025\/12\/favicon_mekulo.png","contentUrl":"https:\/\/mekulo.com\/no\/wp-content\/uploads\/sites\/10\/2025\/12\/favicon_mekulo.png","width":50,"height":50,"caption":"Mekulo"},"image":{"@id":"https:\/\/mekulo.com\/no\/#\/schema\/logo\/image\/"}}]}},"_links":{"self":[{"href":"https:\/\/mekulo.com\/no\/wp-json\/wp\/v2\/product\/19864","targetHints":{"allow":["GET"]}}],"collection":[{"href":"https:\/\/mekulo.com\/no\/wp-json\/wp\/v2\/product"}],"about":[{"href":"https:\/\/mekulo.com\/no\/wp-json\/wp\/v2\/types\/product"}],"replies":[{"embeddable":true,"href":"https:\/\/mekulo.com\/no\/wp-json\/wp\/v2\/comments?post=19864"}],"wp:featuredmedia":[{"embeddable":true,"href":"https:\/\/mekulo.com\/no\/wp-json\/wp\/v2\/media\/19860"}],"wp:attachment":[{"href":"https:\/\/mekulo.com\/no\/wp-json\/wp\/v2\/media?parent=19864"}],"wp:term":[{"taxonomy":"product_brand","embeddable":true,"href":"https:\/\/mekulo.com\/no\/wp-json\/wp\/v2\/product_brand?post=19864"},{"taxonomy":"product_cat","embeddable":true,"href":"https:\/\/mekulo.com\/no\/wp-json\/wp\/v2\/product_cat?post=19864"},{"taxonomy":"product_tag","embeddable":true,"href":"https:\/\/mekulo.com\/no\/wp-json\/wp\/v2\/product_tag?post=19864"}],"curies":[{"name":"wp","href":"https:\/\/api.w.org\/{rel}","templated":true}]}}