{"id":19849,"date":"2026-01-28T15:16:07","date_gmt":"2026-01-28T13:16:07","guid":{"rendered":"https:\/\/mekulo.com\/no\/produkt\/treningssett-for-innendors-badminton\/"},"modified":"2026-02-10T11:26:35","modified_gmt":"2026-02-10T09:26:35","slug":"treningssett-for-innendors-badminton","status":"publish","type":"product","link":"https:\/\/mekulo.com\/no\/produkt\/treningssett-for-innendors-badminton\/","title":{"rendered":"Treningssett for innend\u00f8rs badminton"},"content":{"rendered":"<p style=\"text-align: center\" data-start=\"35\" data-end=\"111\"><strong data-start=\"35\" data-end=\"111\">\u00d8v P\u00e5 Badmintonferdighetene Dine N\u00e5r Som Helst, Selv Uten Partner Eller Bane. \ud83c\udff8<\/strong><\/p>\n<p data-start=\"35\" data-end=\"111\"><img fetchpriority=\"high\" decoding=\"async\" class=\"size-full wp-image-21906 aligncenter\" src=\"https:\/\/mekulo.com\/template\/wp-content\/uploads\/sites\/6\/2026\/01\/S530ba6363a054e8593b797e9bb874f0cS.webp\" alt=\"\" width=\"1000\" height=\"1000\" \/><\/p>\n<h2 style=\"text-align: center\" data-start=\"357\" data-end=\"377\">\ud83c\udff8 Hovedfordeler<\/h2>\n<p data-start=\"379\" data-end=\"459\">\ud83c\udfaf Solotrening n\u00e5r som helst &#8211; \u00d8v deg uten \u00e5 trenge en partner eller full bane.<\/p>\n<p data-start=\"461\" data-end=\"543\">\ud83c\udfe0 Innend\u00f8rs og utend\u00f8rs bruk &#8211; Perfekt for rom, garasjer, balkonger eller bakg\u00e5rder.<\/p>\n<p data-start=\"545\" data-end=\"621\">\ud83d\udd27 Enkel vegginstallasjon &#8211; S\u00f8ml\u00f8se kroker monteres raskt uten skade.<\/p>\n<p data-start=\"623\" data-end=\"709\">\ud83e\udeb6 Realistisk fj\u00e6rballf\u00f8lelse &#8211; Andefj\u00e6r og skummet hode s\u00f8rger for stabil flytur.<\/p>\n<p data-start=\"711\" data-end=\"798\">\ud83d\udd04 Justerbart elastisk tau &#8211; Still inn lengden slik at den passer til rommet ditt og treningsstilen din.<\/p>\n<p data-start=\"800\" data-end=\"884\">\ud83d\udcaa Holdbar for daglig trening &#8211; Bygget for \u00e5 takle gjentatte treff og lange \u00f8kter.<\/p>\n<p data-start=\"800\" data-end=\"884\"><img decoding=\"async\" class=\"size-full wp-image-21907 aligncenter\" src=\"https:\/\/mekulo.com\/template\/wp-content\/uploads\/sites\/6\/2026\/01\/Sfc3d78317d5741dcaf66d8851f033663U.webp\" alt=\"\" width=\"1000\" height=\"1000\" \/><\/p>\n<h2 style=\"text-align: center\" data-start=\"891\" data-end=\"908\">\ud83d\udee0 Slik Bruker Du<\/h2>\n<ol data-start=\"910\" data-end=\"1128\">\n<li data-start=\"910\" data-end=\"967\">\n<p data-start=\"913\" data-end=\"967\">Fest den s\u00f8ml\u00f8se kroken til en vegg eller fast overflate.<\/p>\n<\/li>\n<li data-start=\"968\" data-end=\"1025\">\n<p data-start=\"971\" data-end=\"1025\">Fest teleskopverten eller det elastiske tauet til kroken.<\/p>\n<\/li>\n<li data-start=\"1026\" data-end=\"1068\">\n<p data-start=\"1029\" data-end=\"1068\">Juster tauets lengde til rommet ditt.<\/p>\n<\/li>\n<li data-start=\"1069\" data-end=\"1128\">\n<p data-start=\"1072\" data-end=\"1128\">Sl\u00e5 p\u00e5 fj\u00e6rballen og \u00f8v p\u00e5 svingene dine gjentatte ganger.<\/p>\n<\/li>\n<\/ol>\n<h2 style=\"text-align: center\" data-start=\"1135\" data-end=\"1157\">\ud83d\udccc Produktdetaljer<\/h2>\n<ul data-start=\"1159\" data-end=\"1394\">\n<li data-start=\"1159\" data-end=\"1215\">\n<p data-start=\"1161\" data-end=\"1215\">Materiale: Skumplasthode + andefj\u00e6r i klasse A<\/p>\n<\/li>\n<li data-start=\"1216\" data-end=\"1268\">\n<p data-start=\"1218\" data-end=\"1268\">Installasjon: Veggmonterbar med s\u00f8ml\u00f8se kroker<\/p>\n<\/li>\n<li data-start=\"1269\" data-end=\"1318\">\n<p data-start=\"1271\" data-end=\"1318\">Justerbarhet: Elastisk tau lengde justerbar<\/p>\n<\/li>\n<li data-start=\"1319\" data-end=\"1346\">\n<p data-start=\"1321\" data-end=\"1346\">Bruk: Innend\u00f8rs og utend\u00f8rs<\/p>\n<\/li>\n<li data-start=\"1347\" data-end=\"1394\">\n<p data-start=\"1349\" data-end=\"1394\">Slitestyrke: Designet for langvarig trening<\/p>\n<\/li>\n<\/ul>\n<h2 style=\"text-align: center\" data-start=\"1401\" data-end=\"1424\">\ud83d\udce6 Pakken inkluderer<\/h2>\n<ul data-start=\"1426\" data-end=\"1509\">\n<li data-start=\"1426\" data-end=\"1445\">1x skaleringsvert med lineball<\/li>\n<li data-start=\"1426\" data-end=\"1445\">1, 5x vindtett ball\/s<\/li>\n<li data-start=\"1426\" data-end=\"1445\">1, 3x s\u00f8ml\u00f8se klebrig kroker<\/li>\n<li data-start=\"1426\" data-end=\"1445\">elastisk tau.<\/li>\n<\/ul>\n","protected":false},"excerpt":{"rendered":"<p><span style=\"font-size: 16px;font-style: normal;font-weight: 400\">\ud83c\udff8<\/span>Dette innend\u00f8rs badmintontreningssettet lar deg trene skudd, timing og kontroll p\u00e5 liten plass.<br \/>\n\ud83e\udea2Med et justerbart elastisk tau og realistisk fj\u00e6rballdesign gir det en jevn og jevn treningsopplevelse hjemme eller utend\u00f8rs.<br \/>\n\ud83d\udeb6\u200d\u2642\ufe0fA enkel og effektiv m\u00e5te \u00e5 forbedre badmintonferdighetene dine n\u00e5r som helst og hvor som helst.<\/p>\n","protected":false},"featured_media":19845,"comment_status":"open","ping_status":"closed","template":"","meta":{"site-sidebar-layout":"default","site-content-layout":"","ast-site-content-layout":"default","site-content-style":"default","site-sidebar-style":"default","ast-global-header-display":"","ast-banner-title-visibility":"","ast-main-header-display":"","ast-hfb-above-header-display":"","ast-hfb-below-header-display":"","ast-hfb-mobile-header-display":"","site-post-title":"","ast-breadcrumbs-content":"","ast-featured-img":"","footer-sml-layout":"","theme-transparent-header-meta":"default","adv-header-id-meta":"","stick-header-meta":"","header-above-stick-meta":"","header-main-stick-meta":"","header-below-stick-meta":"","astra-migrate-meta-layouts":"set","ast-page-background-enabled":"default","ast-page-background-meta":{"desktop":{"background-color":"var(--ast-global-color-5)","background-image":"","background-repeat":"repeat","background-position":"center center","background-size":"auto","background-attachment":"scroll","background-type":"","background-media":"","overlay-type":"","overlay-color":"","overlay-opacity":"","overlay-gradient":""},"tablet":{"background-color":"","background-image":"","background-repeat":"repeat","background-position":"center center","background-size":"auto","background-attachment":"scroll","background-type":"","background-media":"","overlay-type":"","overlay-color":"","overlay-opacity":"","overlay-gradient":""},"mobile":{"background-color":"","background-image":"","background-repeat":"repeat","background-position":"center center","background-size":"auto","background-attachment":"scroll","background-type":"","background-media":"","overlay-type":"","overlay-color":"","overlay-opacity":"","overlay-gradient":""}},"ast-content-background-meta":{"desktop":{"background-color":"var(--ast-global-color-4)","background-image":"","background-repeat":"repeat","background-position":"center center","background-size":"auto","background-attachment":"scroll","background-type":"","background-media":"","overlay-type":"","overlay-color":"","overlay-opacity":"","overlay-gradient":""},"tablet":{"background-color":"var(--ast-global-color-4)","background-image":"","background-repeat":"repeat","background-position":"center center","background-size":"auto","background-attachment":"scroll","background-type":"","background-media":"","overlay-type":"","overlay-color":"","overlay-opacity":"","overlay-gradient":""},"mobile":{"background-color":"var(--ast-global-color-4)","background-image":"","background-repeat":"repeat","background-position":"center center","background-size":"auto","background-attachment":"scroll","background-type":"","background-media":"","overlay-type":"","overlay-color":"","overlay-opacity":"","overlay-gradient":""}}},"product_brand":[],"product_cat":[170],"product_tag":[],"class_list":{"0":"post-19849","1":"product","2":"type-product","3":"status-publish","4":"has-post-thumbnail","6":"product_cat-sportsutstyr","7":"pa_51689_kprp8dmj-a","8":"pa_51689_kprp8dmj-b","9":"desktop-align-left","10":"tablet-align-left","11":"mobile-align-left","13":"first","14":"instock","15":"shipping-taxable","16":"purchasable","17":"product-type-variable"},"yoast_head":"<!-- This site is optimized with the Yoast SEO plugin v26.6 - https:\/\/yoast.com\/wordpress\/plugins\/seo\/ -->\n<title>Treningssett for innend\u00f8rs badminton - Mekulo NO<\/title>\n<meta name=\"robots\" content=\"index, follow, max-snippet:-1, max-image-preview:large, max-video-preview:-1\" \/>\n<link rel=\"canonical\" href=\"https:\/\/mekulo.com\/no\/produkt\/treningssett-for-innendors-badminton\/\" \/>\n<meta property=\"og:locale\" content=\"nb_NO\" \/>\n<meta property=\"og:type\" content=\"article\" \/>\n<meta property=\"og:title\" content=\"Treningssett for innend\u00f8rs badminton - Mekulo NO\" \/>\n<meta property=\"og:description\" content=\"\ud83c\udff8Dette innend\u00f8rs badmintontreningssettet lar deg trene skudd, timing og kontroll p\u00e5 liten plass. \ud83e\udea2Med et justerbart elastisk tau og realistisk fj\u00e6rballdesign gir det en jevn og jevn treningsopplevelse hjemme eller utend\u00f8rs. \ud83d\udeb6\u200d\u2642\ufe0fA enkel og effektiv m\u00e5te \u00e5 forbedre badmintonferdighetene dine n\u00e5r som helst og hvor som helst.\" \/>\n<meta property=\"og:url\" content=\"https:\/\/mekulo.com\/no\/produkt\/treningssett-for-innendors-badminton\/\" \/>\n<meta property=\"og:site_name\" content=\"Mekulo NO\" \/>\n<meta property=\"article:modified_time\" content=\"2026-02-10T09:26:35+00:00\" \/>\n<meta property=\"og:image\" content=\"https:\/\/mekulo.com\/no\/wp-content\/uploads\/sites\/10\/2026\/01\/uosvo3c-1.jpg\" \/>\n\t<meta property=\"og:image:width\" content=\"480\" \/>\n\t<meta property=\"og:image:height\" content=\"480\" \/>\n\t<meta property=\"og:image:type\" content=\"image\/jpeg\" \/>\n<meta name=\"twitter:card\" content=\"summary_large_image\" \/>\n<meta name=\"twitter:label1\" content=\"Ansl. lesetid\" \/>\n\t<meta name=\"twitter:data1\" content=\"2 minutter\" \/>\n<script type=\"application\/ld+json\" class=\"yoast-schema-graph\">{\"@context\":\"https:\/\/schema.org\",\"@graph\":[{\"@type\":\"WebPage\",\"@id\":\"https:\/\/mekulo.com\/no\/produkt\/treningssett-for-innendors-badminton\/\",\"url\":\"https:\/\/mekulo.com\/no\/produkt\/treningssett-for-innendors-badminton\/\",\"name\":\"Treningssett for innend\u00f8rs badminton - Mekulo NO\",\"isPartOf\":{\"@id\":\"https:\/\/mekulo.com\/no\/#website\"},\"primaryImageOfPage\":{\"@id\":\"https:\/\/mekulo.com\/no\/produkt\/treningssett-for-innendors-badminton\/#primaryimage\"},\"image\":{\"@id\":\"https:\/\/mekulo.com\/no\/produkt\/treningssett-for-innendors-badminton\/#primaryimage\"},\"thumbnailUrl\":\"https:\/\/mekulo.com\/no\/wp-content\/uploads\/sites\/10\/2026\/01\/uosvo3c-1.jpg\",\"datePublished\":\"2026-01-28T13:16:07+00:00\",\"dateModified\":\"2026-02-10T09:26:35+00:00\",\"breadcrumb\":{\"@id\":\"https:\/\/mekulo.com\/no\/produkt\/treningssett-for-innendors-badminton\/#breadcrumb\"},\"inLanguage\":\"nb-NO\",\"potentialAction\":[{\"@type\":\"ReadAction\",\"target\":[\"https:\/\/mekulo.com\/no\/produkt\/treningssett-for-innendors-badminton\/\"]}]},{\"@type\":\"ImageObject\",\"inLanguage\":\"nb-NO\",\"@id\":\"https:\/\/mekulo.com\/no\/produkt\/treningssett-for-innendors-badminton\/#primaryimage\",\"url\":\"https:\/\/mekulo.com\/no\/wp-content\/uploads\/sites\/10\/2026\/01\/uosvo3c-1.jpg\",\"contentUrl\":\"https:\/\/mekulo.com\/no\/wp-content\/uploads\/sites\/10\/2026\/01\/uosvo3c-1.jpg\",\"width\":480,\"height\":480},{\"@type\":\"BreadcrumbList\",\"@id\":\"https:\/\/mekulo.com\/no\/produkt\/treningssett-for-innendors-badminton\/#breadcrumb\",\"itemListElement\":[{\"@type\":\"ListItem\",\"position\":1,\"name\":\"Home\",\"item\":\"https:\/\/mekulo.com\/no\/\"},{\"@type\":\"ListItem\",\"position\":2,\"name\":\"Butikk\",\"item\":\"https:\/\/mekulo.com\/no\/butikk\/\"},{\"@type\":\"ListItem\",\"position\":3,\"name\":\"Treningssett for innend\u00f8rs badminton\"}]},{\"@type\":\"WebSite\",\"@id\":\"https:\/\/mekulo.com\/no\/#website\",\"url\":\"https:\/\/mekulo.com\/no\/\",\"name\":\"Mekulo NO\",\"description\":\"\",\"publisher\":{\"@id\":\"https:\/\/mekulo.com\/no\/#organization\"},\"potentialAction\":[{\"@type\":\"SearchAction\",\"target\":{\"@type\":\"EntryPoint\",\"urlTemplate\":\"https:\/\/mekulo.com\/no\/?s={search_term_string}\"},\"query-input\":{\"@type\":\"PropertyValueSpecification\",\"valueRequired\":true,\"valueName\":\"search_term_string\"}}],\"inLanguage\":\"nb-NO\"},{\"@type\":\"Organization\",\"@id\":\"https:\/\/mekulo.com\/no\/#organization\",\"name\":\"Mekulo\",\"url\":\"https:\/\/mekulo.com\/no\/\",\"logo\":{\"@type\":\"ImageObject\",\"inLanguage\":\"nb-NO\",\"@id\":\"https:\/\/mekulo.com\/no\/#\/schema\/logo\/image\/\",\"url\":\"https:\/\/mekulo.com\/no\/wp-content\/uploads\/sites\/10\/2025\/12\/favicon_mekulo.png\",\"contentUrl\":\"https:\/\/mekulo.com\/no\/wp-content\/uploads\/sites\/10\/2025\/12\/favicon_mekulo.png\",\"width\":50,\"height\":50,\"caption\":\"Mekulo\"},\"image\":{\"@id\":\"https:\/\/mekulo.com\/no\/#\/schema\/logo\/image\/\"}}]}<\/script>\n<!-- \/ Yoast SEO plugin. -->","yoast_head_json":{"title":"Treningssett for innend\u00f8rs badminton - Mekulo NO","robots":{"index":"index","follow":"follow","max-snippet":"max-snippet:-1","max-image-preview":"max-image-preview:large","max-video-preview":"max-video-preview:-1"},"canonical":"https:\/\/mekulo.com\/no\/produkt\/treningssett-for-innendors-badminton\/","og_locale":"nb_NO","og_type":"article","og_title":"Treningssett for innend\u00f8rs badminton - Mekulo NO","og_description":"\ud83c\udff8Dette innend\u00f8rs badmintontreningssettet lar deg trene skudd, timing og kontroll p\u00e5 liten plass. \ud83e\udea2Med et justerbart elastisk tau og realistisk fj\u00e6rballdesign gir det en jevn og jevn treningsopplevelse hjemme eller utend\u00f8rs. \ud83d\udeb6\u200d\u2642\ufe0fA enkel og effektiv m\u00e5te \u00e5 forbedre badmintonferdighetene dine n\u00e5r som helst og hvor som helst.","og_url":"https:\/\/mekulo.com\/no\/produkt\/treningssett-for-innendors-badminton\/","og_site_name":"Mekulo NO","article_modified_time":"2026-02-10T09:26:35+00:00","og_image":[{"width":480,"height":480,"url":"https:\/\/mekulo.com\/no\/wp-content\/uploads\/sites\/10\/2026\/01\/uosvo3c-1.jpg","type":"image\/jpeg"}],"twitter_card":"summary_large_image","twitter_misc":{"Ansl. lesetid":"2 minutter"},"schema":{"@context":"https:\/\/schema.org","@graph":[{"@type":"WebPage","@id":"https:\/\/mekulo.com\/no\/produkt\/treningssett-for-innendors-badminton\/","url":"https:\/\/mekulo.com\/no\/produkt\/treningssett-for-innendors-badminton\/","name":"Treningssett for innend\u00f8rs badminton - Mekulo NO","isPartOf":{"@id":"https:\/\/mekulo.com\/no\/#website"},"primaryImageOfPage":{"@id":"https:\/\/mekulo.com\/no\/produkt\/treningssett-for-innendors-badminton\/#primaryimage"},"image":{"@id":"https:\/\/mekulo.com\/no\/produkt\/treningssett-for-innendors-badminton\/#primaryimage"},"thumbnailUrl":"https:\/\/mekulo.com\/no\/wp-content\/uploads\/sites\/10\/2026\/01\/uosvo3c-1.jpg","datePublished":"2026-01-28T13:16:07+00:00","dateModified":"2026-02-10T09:26:35+00:00","breadcrumb":{"@id":"https:\/\/mekulo.com\/no\/produkt\/treningssett-for-innendors-badminton\/#breadcrumb"},"inLanguage":"nb-NO","potentialAction":[{"@type":"ReadAction","target":["https:\/\/mekulo.com\/no\/produkt\/treningssett-for-innendors-badminton\/"]}]},{"@type":"ImageObject","inLanguage":"nb-NO","@id":"https:\/\/mekulo.com\/no\/produkt\/treningssett-for-innendors-badminton\/#primaryimage","url":"https:\/\/mekulo.com\/no\/wp-content\/uploads\/sites\/10\/2026\/01\/uosvo3c-1.jpg","contentUrl":"https:\/\/mekulo.com\/no\/wp-content\/uploads\/sites\/10\/2026\/01\/uosvo3c-1.jpg","width":480,"height":480},{"@type":"BreadcrumbList","@id":"https:\/\/mekulo.com\/no\/produkt\/treningssett-for-innendors-badminton\/#breadcrumb","itemListElement":[{"@type":"ListItem","position":1,"name":"Home","item":"https:\/\/mekulo.com\/no\/"},{"@type":"ListItem","position":2,"name":"Butikk","item":"https:\/\/mekulo.com\/no\/butikk\/"},{"@type":"ListItem","position":3,"name":"Treningssett for innend\u00f8rs badminton"}]},{"@type":"WebSite","@id":"https:\/\/mekulo.com\/no\/#website","url":"https:\/\/mekulo.com\/no\/","name":"Mekulo NO","description":"","publisher":{"@id":"https:\/\/mekulo.com\/no\/#organization"},"potentialAction":[{"@type":"SearchAction","target":{"@type":"EntryPoint","urlTemplate":"https:\/\/mekulo.com\/no\/?s={search_term_string}"},"query-input":{"@type":"PropertyValueSpecification","valueRequired":true,"valueName":"search_term_string"}}],"inLanguage":"nb-NO"},{"@type":"Organization","@id":"https:\/\/mekulo.com\/no\/#organization","name":"Mekulo","url":"https:\/\/mekulo.com\/no\/","logo":{"@type":"ImageObject","inLanguage":"nb-NO","@id":"https:\/\/mekulo.com\/no\/#\/schema\/logo\/image\/","url":"https:\/\/mekulo.com\/no\/wp-content\/uploads\/sites\/10\/2025\/12\/favicon_mekulo.png","contentUrl":"https:\/\/mekulo.com\/no\/wp-content\/uploads\/sites\/10\/2025\/12\/favicon_mekulo.png","width":50,"height":50,"caption":"Mekulo"},"image":{"@id":"https:\/\/mekulo.com\/no\/#\/schema\/logo\/image\/"}}]}},"_links":{"self":[{"href":"https:\/\/mekulo.com\/no\/wp-json\/wp\/v2\/product\/19849","targetHints":{"allow":["GET"]}}],"collection":[{"href":"https:\/\/mekulo.com\/no\/wp-json\/wp\/v2\/product"}],"about":[{"href":"https:\/\/mekulo.com\/no\/wp-json\/wp\/v2\/types\/product"}],"replies":[{"embeddable":true,"href":"https:\/\/mekulo.com\/no\/wp-json\/wp\/v2\/comments?post=19849"}],"wp:featuredmedia":[{"embeddable":true,"href":"https:\/\/mekulo.com\/no\/wp-json\/wp\/v2\/media\/19845"}],"wp:attachment":[{"href":"https:\/\/mekulo.com\/no\/wp-json\/wp\/v2\/media?parent=19849"}],"wp:term":[{"taxonomy":"product_brand","embeddable":true,"href":"https:\/\/mekulo.com\/no\/wp-json\/wp\/v2\/product_brand?post=19849"},{"taxonomy":"product_cat","embeddable":true,"href":"https:\/\/mekulo.com\/no\/wp-json\/wp\/v2\/product_cat?post=19849"},{"taxonomy":"product_tag","embeddable":true,"href":"https:\/\/mekulo.com\/no\/wp-json\/wp\/v2\/product_tag?post=19849"}],"curies":[{"name":"wp","href":"https:\/\/api.w.org\/{rel}","templated":true}]}}