{"id":19806,"date":"2026-01-28T15:13:36","date_gmt":"2026-01-28T13:13:36","guid":{"rendered":"https:\/\/mekulo.com\/no\/produkt\/koblinger-for-liggende-lavspenningsledninger\/"},"modified":"2026-01-29T15:03:34","modified_gmt":"2026-01-29T13:03:34","slug":"koblinger-for-liggende-lavspenningsledninger","status":"publish","type":"product","link":"https:\/\/mekulo.com\/no\/produkt\/koblinger-for-liggende-lavspenningsledninger\/","title":{"rendered":"Koblinger for liggende lavspenningsledninger"},"content":{"rendered":"<p style=\"text-align: center;\" data-start=\"43\" data-end=\"119\"><strong data-start=\"43\" data-end=\"119\">Koble til landskapsbelysningen raskt og sikkert uten bruk av verkt\u00f8y. \ud83d\udea8<\/strong><\/p>\n<p data-start=\"43\" data-end=\"119\"><img fetchpriority=\"high\" decoding=\"async\" class=\"size-full wp-image-21862 aligncenter\" src=\"https:\/\/mekulo.com\/template\/wp-content\/uploads\/sites\/6\/2026\/01\/7f4fb52c180074576adeaef1b0fd3405fc37332c-700.jpg\" alt=\"\" width=\"1080\" height=\"1038\" \/><\/p>\n<h2 style=\"text-align: center;\" data-start=\"393\" data-end=\"412\"><strong>\u26a1 Hovedfordeler<\/strong><\/h2>\n<p data-start=\"414\" data-end=\"490\">\ud83d\udd27 Verkt\u00f8yfri installasjon &#8211; Ingen kutting, stripping eller krymping er n\u00f8dvendig.<\/p>\n<p data-start=\"492\" data-end=\"575\">\ud83d\udcaa Fastlock-skruedesign &#8211; Vri-tett lokk sikrer en sikker, stabil tilkobling.<\/p>\n<p data-start=\"577\" data-end=\"662\">\ud83c\udf27 IP65 vanntett beskyttelse &#8211; Fungerer trygt i regn, sn\u00f8 og frostv\u00e6r.<\/p>\n<p data-start=\"664\" data-end=\"759\">\ud83d\udd0c Sterk &amp; p\u00e5litelig tilkobling &#8211; Nylonskall med galvaniserte messingpinner for holdbarhet.<\/p>\n<p data-start=\"761\" data-end=\"836\">\ud83c\udfe1 Bred kompatibilitet &#8211; Passer til de fleste lavspenningsledninger for landskapsbelysning.<\/p>\n<p data-start=\"761\" data-end=\"836\"><img decoding=\"async\" class=\"size-full wp-image-21867 aligncenter\" src=\"https:\/\/mekulo.com\/template\/wp-content\/uploads\/sites\/6\/2026\/01\/S6a3f938de1e44cf882e3a5aa900d16c9i.jpg_960x960q75.jpg_.avif\" alt=\"\" width=\"960\" height=\"960\" \/><\/p>\n<h2 style=\"text-align: center;\" data-start=\"843\" data-end=\"860\"><strong>\ud83d\udee0 Slik Bruker Du Den<\/strong><\/h2>\n<ol data-start=\"862\" data-end=\"1057\">\n<li data-start=\"862\" data-end=\"902\">\n<p data-start=\"865\" data-end=\"902\">Sett ledningen inn i kontakten.<\/p>\n<\/li>\n<li data-start=\"903\" data-end=\"964\">\n<p data-start=\"906\" data-end=\"964\">Vri hetten for \u00e5 stramme og gjennombore ledningsisolasjonen.<\/p>\n<\/li>\n<li data-start=\"965\" data-end=\"1004\">\n<p data-start=\"968\" data-end=\"1004\">S\u00f8rg for at hetten er helt strammet.<\/p>\n<\/li>\n<li data-start=\"1005\" data-end=\"1057\">\n<p data-start=\"1008\" data-end=\"1057\">Sl\u00e5 p\u00e5 lysene dine og nyt en solid forbindelse.<\/p>\n<\/li>\n<\/ol>\n<h2 style=\"text-align: center;\" data-start=\"1064\" data-end=\"1086\"><strong>\ud83d\udccc Produktdetaljer<\/strong><\/h2>\n<ul data-start=\"1088\" data-end=\"1368\">\n<li data-start=\"1088\" data-end=\"1148\">\n<p data-start=\"1090\" data-end=\"1148\">Materiale: Nylonplastskall + galvaniserte messingpinner<\/p>\n<\/li>\n<li data-start=\"1149\" data-end=\"1200\">\n<p data-start=\"1151\" data-end=\"1200\">Design: Fastlock skruetett gjennomstikkende kontakt<\/p>\n<\/li>\n<li data-start=\"1201\" data-end=\"1228\">\n<p data-start=\"1203\" data-end=\"1228\">Vanntett vurdering: IP65<\/p>\n<\/li>\n<li data-start=\"1292\" data-end=\"1327\">\n<p data-start=\"1294\" data-end=\"1327\">Effektbruk: Lavspenningsbelysning<\/p>\n<\/li>\n<li data-start=\"1328\" data-end=\"1368\">\n<p data-start=\"1330\" data-end=\"1368\">Egnet for: Innend\u00f8rs og utend\u00f8rs bruk<\/p>\n<\/li>\n<li data-start=\"1328\" data-end=\"1368\">\n<p data-start=\"1330\" data-end=\"1368\">St\u00f8rrelse: 37 x 12,5 x 9,5 mm<\/p>\n<\/li>\n<li data-start=\"1328\" data-end=\"1368\">Kompatibel ledningstykkelse: Lysledning 14\/16\/18\/20 AWG<\/li>\n<\/ul>\n<h2 style=\"text-align: center;\" data-start=\"1375\" data-end=\"1398\"><strong>\ud83d\udce6 Pakken inneholder<\/strong><\/h2>\n<ul data-start=\"1400\" data-end=\"1435\">\n<li data-start=\"1400\" data-end=\"1435\">\n<p data-start=\"1402\" data-end=\"1435\">6, 10, 20, 40x lavspenningskontakter for liggende ledninger.<\/p>\n<\/li>\n<\/ul>\n","protected":false},"excerpt":{"rendered":"<p><span style=\"font-size: 16px; font-style: normal; font-weight: 400;\">\u26a1<\/span>Disse lavspenningskontaktene for landskapsbelysning gj\u00f8r kabling enkel og p\u00e5litelig for b\u00e5de innend\u00f8rs og utend\u00f8rs belysningsprosjekter.<br \/>\n\ud83d\udd27Med en skruetett fastl\u00e5sdesign og gjennomstikkende stift skaper de en sterk elektrisk forbindelse uten \u00e5 kutte, strippe eller krympe ledninger.<br \/>\n\ud83d\udca6En rask, v\u00e6rbestandig og problemfri l\u00f8sning for tilkobling av landskapsbelysning.<\/p>\n","protected":false},"featured_media":19802,"comment_status":"open","ping_status":"closed","template":"","meta":{"site-sidebar-layout":"default","site-content-layout":"","ast-site-content-layout":"default","site-content-style":"default","site-sidebar-style":"default","ast-global-header-display":"","ast-banner-title-visibility":"","ast-main-header-display":"","ast-hfb-above-header-display":"","ast-hfb-below-header-display":"","ast-hfb-mobile-header-display":"","site-post-title":"","ast-breadcrumbs-content":"","ast-featured-img":"","footer-sml-layout":"","theme-transparent-header-meta":"default","adv-header-id-meta":"","stick-header-meta":"","header-above-stick-meta":"","header-main-stick-meta":"","header-below-stick-meta":"","astra-migrate-meta-layouts":"set","ast-page-background-enabled":"default","ast-page-background-meta":{"desktop":{"background-color":"var(--ast-global-color-5)","background-image":"","background-repeat":"repeat","background-position":"center center","background-size":"auto","background-attachment":"scroll","background-type":"","background-media":"","overlay-type":"","overlay-color":"","overlay-opacity":"","overlay-gradient":""},"tablet":{"background-color":"","background-image":"","background-repeat":"repeat","background-position":"center center","background-size":"auto","background-attachment":"scroll","background-type":"","background-media":"","overlay-type":"","overlay-color":"","overlay-opacity":"","overlay-gradient":""},"mobile":{"background-color":"","background-image":"","background-repeat":"repeat","background-position":"center center","background-size":"auto","background-attachment":"scroll","background-type":"","background-media":"","overlay-type":"","overlay-color":"","overlay-opacity":"","overlay-gradient":""}},"ast-content-background-meta":{"desktop":{"background-color":"var(--ast-global-color-4)","background-image":"","background-repeat":"repeat","background-position":"center center","background-size":"auto","background-attachment":"scroll","background-type":"","background-media":"","overlay-type":"","overlay-color":"","overlay-opacity":"","overlay-gradient":""},"tablet":{"background-color":"var(--ast-global-color-4)","background-image":"","background-repeat":"repeat","background-position":"center center","background-size":"auto","background-attachment":"scroll","background-type":"","background-media":"","overlay-type":"","overlay-color":"","overlay-opacity":"","overlay-gradient":""},"mobile":{"background-color":"var(--ast-global-color-4)","background-image":"","background-repeat":"repeat","background-position":"center center","background-size":"auto","background-attachment":"scroll","background-type":"","background-media":"","overlay-type":"","overlay-color":"","overlay-opacity":"","overlay-gradient":""}}},"product_brand":[],"product_cat":[171],"product_tag":[],"class_list":{"0":"post-19806","1":"product","2":"type-product","3":"status-publish","4":"has-post-thumbnail","6":"product_cat-verktoy","7":"pa_51679_5sjvig4g-bla","8":"pa_51679_5sjvig4g-gul","9":"pa_51679_5sjvig4g-rod","10":"pa_51679_5sjvig4g-svart","11":"pa_51679_pcm88xtc-10-stk","12":"pa_51679_pcm88xtc-20-stk","13":"pa_51679_pcm88xtc-40-stk","14":"pa_51679_pcm88xtc-6-stk","15":"desktop-align-left","16":"tablet-align-left","17":"mobile-align-left","19":"first","20":"instock","21":"shipping-taxable","22":"purchasable","23":"product-type-variable","24":"has-default-attributes"},"yoast_head":"<!-- This site is optimized with the Yoast SEO plugin v26.6 - https:\/\/yoast.com\/wordpress\/plugins\/seo\/ -->\n<title>Koblinger for liggende lavspenningsledninger - Mekulo NO<\/title>\n<meta name=\"robots\" content=\"index, follow, max-snippet:-1, max-image-preview:large, max-video-preview:-1\" \/>\n<link rel=\"canonical\" href=\"https:\/\/mekulo.com\/no\/produkt\/koblinger-for-liggende-lavspenningsledninger\/\" \/>\n<meta property=\"og:locale\" content=\"nb_NO\" \/>\n<meta property=\"og:type\" content=\"article\" \/>\n<meta property=\"og:title\" content=\"Koblinger for liggende lavspenningsledninger - Mekulo NO\" \/>\n<meta property=\"og:description\" content=\"\u26a1Disse lavspenningskontaktene for landskapsbelysning gj\u00f8r kabling enkel og p\u00e5litelig for b\u00e5de innend\u00f8rs og utend\u00f8rs belysningsprosjekter. \ud83d\udd27Med en skruetett fastl\u00e5sdesign og gjennomstikkende stift skaper de en sterk elektrisk forbindelse uten \u00e5 kutte, strippe eller krympe ledninger. \ud83d\udca6En rask, v\u00e6rbestandig og problemfri l\u00f8sning for tilkobling av landskapsbelysning.\" \/>\n<meta property=\"og:url\" content=\"https:\/\/mekulo.com\/no\/produkt\/koblinger-for-liggende-lavspenningsledninger\/\" \/>\n<meta property=\"og:site_name\" content=\"Mekulo NO\" \/>\n<meta property=\"article:modified_time\" content=\"2026-01-29T13:03:34+00:00\" \/>\n<meta property=\"og:image\" content=\"https:\/\/mekulo.com\/no\/wp-content\/uploads\/sites\/10\/2026\/01\/vnncpp8-1.jpg\" \/>\n\t<meta property=\"og:image:width\" content=\"960\" \/>\n\t<meta property=\"og:image:height\" content=\"960\" \/>\n\t<meta property=\"og:image:type\" content=\"image\/jpeg\" \/>\n<meta name=\"twitter:card\" content=\"summary_large_image\" \/>\n<meta name=\"twitter:label1\" content=\"Ansl. lesetid\" \/>\n\t<meta name=\"twitter:data1\" content=\"2 minutter\" \/>\n<script type=\"application\/ld+json\" class=\"yoast-schema-graph\">{\"@context\":\"https:\/\/schema.org\",\"@graph\":[{\"@type\":\"WebPage\",\"@id\":\"https:\/\/mekulo.com\/no\/produkt\/koblinger-for-liggende-lavspenningsledninger\/\",\"url\":\"https:\/\/mekulo.com\/no\/produkt\/koblinger-for-liggende-lavspenningsledninger\/\",\"name\":\"Koblinger for liggende lavspenningsledninger - Mekulo NO\",\"isPartOf\":{\"@id\":\"https:\/\/mekulo.com\/no\/#website\"},\"primaryImageOfPage\":{\"@id\":\"https:\/\/mekulo.com\/no\/produkt\/koblinger-for-liggende-lavspenningsledninger\/#primaryimage\"},\"image\":{\"@id\":\"https:\/\/mekulo.com\/no\/produkt\/koblinger-for-liggende-lavspenningsledninger\/#primaryimage\"},\"thumbnailUrl\":\"https:\/\/mekulo.com\/no\/wp-content\/uploads\/sites\/10\/2026\/01\/vnncpp8-1.jpg\",\"datePublished\":\"2026-01-28T13:13:36+00:00\",\"dateModified\":\"2026-01-29T13:03:34+00:00\",\"breadcrumb\":{\"@id\":\"https:\/\/mekulo.com\/no\/produkt\/koblinger-for-liggende-lavspenningsledninger\/#breadcrumb\"},\"inLanguage\":\"nb-NO\",\"potentialAction\":[{\"@type\":\"ReadAction\",\"target\":[\"https:\/\/mekulo.com\/no\/produkt\/koblinger-for-liggende-lavspenningsledninger\/\"]}]},{\"@type\":\"ImageObject\",\"inLanguage\":\"nb-NO\",\"@id\":\"https:\/\/mekulo.com\/no\/produkt\/koblinger-for-liggende-lavspenningsledninger\/#primaryimage\",\"url\":\"https:\/\/mekulo.com\/no\/wp-content\/uploads\/sites\/10\/2026\/01\/vnncpp8-1.jpg\",\"contentUrl\":\"https:\/\/mekulo.com\/no\/wp-content\/uploads\/sites\/10\/2026\/01\/vnncpp8-1.jpg\",\"width\":960,\"height\":960},{\"@type\":\"BreadcrumbList\",\"@id\":\"https:\/\/mekulo.com\/no\/produkt\/koblinger-for-liggende-lavspenningsledninger\/#breadcrumb\",\"itemListElement\":[{\"@type\":\"ListItem\",\"position\":1,\"name\":\"Home\",\"item\":\"https:\/\/mekulo.com\/no\/\"},{\"@type\":\"ListItem\",\"position\":2,\"name\":\"Butikk\",\"item\":\"https:\/\/mekulo.com\/no\/butikk\/\"},{\"@type\":\"ListItem\",\"position\":3,\"name\":\"Koblinger for liggende lavspenningsledninger\"}]},{\"@type\":\"WebSite\",\"@id\":\"https:\/\/mekulo.com\/no\/#website\",\"url\":\"https:\/\/mekulo.com\/no\/\",\"name\":\"Mekulo NO\",\"description\":\"\",\"publisher\":{\"@id\":\"https:\/\/mekulo.com\/no\/#organization\"},\"potentialAction\":[{\"@type\":\"SearchAction\",\"target\":{\"@type\":\"EntryPoint\",\"urlTemplate\":\"https:\/\/mekulo.com\/no\/?s={search_term_string}\"},\"query-input\":{\"@type\":\"PropertyValueSpecification\",\"valueRequired\":true,\"valueName\":\"search_term_string\"}}],\"inLanguage\":\"nb-NO\"},{\"@type\":\"Organization\",\"@id\":\"https:\/\/mekulo.com\/no\/#organization\",\"name\":\"Mekulo\",\"url\":\"https:\/\/mekulo.com\/no\/\",\"logo\":{\"@type\":\"ImageObject\",\"inLanguage\":\"nb-NO\",\"@id\":\"https:\/\/mekulo.com\/no\/#\/schema\/logo\/image\/\",\"url\":\"https:\/\/mekulo.com\/no\/wp-content\/uploads\/sites\/10\/2025\/12\/favicon_mekulo.png\",\"contentUrl\":\"https:\/\/mekulo.com\/no\/wp-content\/uploads\/sites\/10\/2025\/12\/favicon_mekulo.png\",\"width\":50,\"height\":50,\"caption\":\"Mekulo\"},\"image\":{\"@id\":\"https:\/\/mekulo.com\/no\/#\/schema\/logo\/image\/\"}}]}<\/script>\n<!-- \/ Yoast SEO plugin. -->","yoast_head_json":{"title":"Koblinger for liggende lavspenningsledninger - Mekulo NO","robots":{"index":"index","follow":"follow","max-snippet":"max-snippet:-1","max-image-preview":"max-image-preview:large","max-video-preview":"max-video-preview:-1"},"canonical":"https:\/\/mekulo.com\/no\/produkt\/koblinger-for-liggende-lavspenningsledninger\/","og_locale":"nb_NO","og_type":"article","og_title":"Koblinger for liggende lavspenningsledninger - Mekulo NO","og_description":"\u26a1Disse lavspenningskontaktene for landskapsbelysning gj\u00f8r kabling enkel og p\u00e5litelig for b\u00e5de innend\u00f8rs og utend\u00f8rs belysningsprosjekter. \ud83d\udd27Med en skruetett fastl\u00e5sdesign og gjennomstikkende stift skaper de en sterk elektrisk forbindelse uten \u00e5 kutte, strippe eller krympe ledninger. \ud83d\udca6En rask, v\u00e6rbestandig og problemfri l\u00f8sning for tilkobling av landskapsbelysning.","og_url":"https:\/\/mekulo.com\/no\/produkt\/koblinger-for-liggende-lavspenningsledninger\/","og_site_name":"Mekulo NO","article_modified_time":"2026-01-29T13:03:34+00:00","og_image":[{"width":960,"height":960,"url":"https:\/\/mekulo.com\/no\/wp-content\/uploads\/sites\/10\/2026\/01\/vnncpp8-1.jpg","type":"image\/jpeg"}],"twitter_card":"summary_large_image","twitter_misc":{"Ansl. lesetid":"2 minutter"},"schema":{"@context":"https:\/\/schema.org","@graph":[{"@type":"WebPage","@id":"https:\/\/mekulo.com\/no\/produkt\/koblinger-for-liggende-lavspenningsledninger\/","url":"https:\/\/mekulo.com\/no\/produkt\/koblinger-for-liggende-lavspenningsledninger\/","name":"Koblinger for liggende lavspenningsledninger - Mekulo NO","isPartOf":{"@id":"https:\/\/mekulo.com\/no\/#website"},"primaryImageOfPage":{"@id":"https:\/\/mekulo.com\/no\/produkt\/koblinger-for-liggende-lavspenningsledninger\/#primaryimage"},"image":{"@id":"https:\/\/mekulo.com\/no\/produkt\/koblinger-for-liggende-lavspenningsledninger\/#primaryimage"},"thumbnailUrl":"https:\/\/mekulo.com\/no\/wp-content\/uploads\/sites\/10\/2026\/01\/vnncpp8-1.jpg","datePublished":"2026-01-28T13:13:36+00:00","dateModified":"2026-01-29T13:03:34+00:00","breadcrumb":{"@id":"https:\/\/mekulo.com\/no\/produkt\/koblinger-for-liggende-lavspenningsledninger\/#breadcrumb"},"inLanguage":"nb-NO","potentialAction":[{"@type":"ReadAction","target":["https:\/\/mekulo.com\/no\/produkt\/koblinger-for-liggende-lavspenningsledninger\/"]}]},{"@type":"ImageObject","inLanguage":"nb-NO","@id":"https:\/\/mekulo.com\/no\/produkt\/koblinger-for-liggende-lavspenningsledninger\/#primaryimage","url":"https:\/\/mekulo.com\/no\/wp-content\/uploads\/sites\/10\/2026\/01\/vnncpp8-1.jpg","contentUrl":"https:\/\/mekulo.com\/no\/wp-content\/uploads\/sites\/10\/2026\/01\/vnncpp8-1.jpg","width":960,"height":960},{"@type":"BreadcrumbList","@id":"https:\/\/mekulo.com\/no\/produkt\/koblinger-for-liggende-lavspenningsledninger\/#breadcrumb","itemListElement":[{"@type":"ListItem","position":1,"name":"Home","item":"https:\/\/mekulo.com\/no\/"},{"@type":"ListItem","position":2,"name":"Butikk","item":"https:\/\/mekulo.com\/no\/butikk\/"},{"@type":"ListItem","position":3,"name":"Koblinger for liggende lavspenningsledninger"}]},{"@type":"WebSite","@id":"https:\/\/mekulo.com\/no\/#website","url":"https:\/\/mekulo.com\/no\/","name":"Mekulo NO","description":"","publisher":{"@id":"https:\/\/mekulo.com\/no\/#organization"},"potentialAction":[{"@type":"SearchAction","target":{"@type":"EntryPoint","urlTemplate":"https:\/\/mekulo.com\/no\/?s={search_term_string}"},"query-input":{"@type":"PropertyValueSpecification","valueRequired":true,"valueName":"search_term_string"}}],"inLanguage":"nb-NO"},{"@type":"Organization","@id":"https:\/\/mekulo.com\/no\/#organization","name":"Mekulo","url":"https:\/\/mekulo.com\/no\/","logo":{"@type":"ImageObject","inLanguage":"nb-NO","@id":"https:\/\/mekulo.com\/no\/#\/schema\/logo\/image\/","url":"https:\/\/mekulo.com\/no\/wp-content\/uploads\/sites\/10\/2025\/12\/favicon_mekulo.png","contentUrl":"https:\/\/mekulo.com\/no\/wp-content\/uploads\/sites\/10\/2025\/12\/favicon_mekulo.png","width":50,"height":50,"caption":"Mekulo"},"image":{"@id":"https:\/\/mekulo.com\/no\/#\/schema\/logo\/image\/"}}]}},"_links":{"self":[{"href":"https:\/\/mekulo.com\/no\/wp-json\/wp\/v2\/product\/19806","targetHints":{"allow":["GET"]}}],"collection":[{"href":"https:\/\/mekulo.com\/no\/wp-json\/wp\/v2\/product"}],"about":[{"href":"https:\/\/mekulo.com\/no\/wp-json\/wp\/v2\/types\/product"}],"replies":[{"embeddable":true,"href":"https:\/\/mekulo.com\/no\/wp-json\/wp\/v2\/comments?post=19806"}],"wp:featuredmedia":[{"embeddable":true,"href":"https:\/\/mekulo.com\/no\/wp-json\/wp\/v2\/media\/19802"}],"wp:attachment":[{"href":"https:\/\/mekulo.com\/no\/wp-json\/wp\/v2\/media?parent=19806"}],"wp:term":[{"taxonomy":"product_brand","embeddable":true,"href":"https:\/\/mekulo.com\/no\/wp-json\/wp\/v2\/product_brand?post=19806"},{"taxonomy":"product_cat","embeddable":true,"href":"https:\/\/mekulo.com\/no\/wp-json\/wp\/v2\/product_cat?post=19806"},{"taxonomy":"product_tag","embeddable":true,"href":"https:\/\/mekulo.com\/no\/wp-json\/wp\/v2\/product_tag?post=19806"}],"curies":[{"name":"wp","href":"https:\/\/api.w.org\/{rel}","templated":true}]}}