{"id":19789,"date":"2026-01-28T15:12:08","date_gmt":"2026-01-28T13:12:08","guid":{"rendered":"https:\/\/mekulo.com\/no\/produkt\/koppvasker\/"},"modified":"2026-01-29T15:00:22","modified_gmt":"2026-01-29T13:00:22","slug":"koppvasker","status":"publish","type":"product","link":"https:\/\/mekulo.com\/no\/produkt\/koppvasker\/","title":{"rendered":"Koppvasker"},"content":{"rendered":"<p style=\"text-align: center;\" data-start=\"16\" data-end=\"69\"><strong data-start=\"16\" data-end=\"69\">Rengj\u00f8r kopper raskt og enkelt med ett enkelt trykk. \ud83c\udf75<\/strong><\/p>\n<p data-start=\"16\" data-end=\"69\"><img fetchpriority=\"high\" decoding=\"async\" class=\"size-full wp-image-21850 aligncenter\" src=\"https:\/\/mekulo.com\/template\/wp-content\/uploads\/sites\/6\/2026\/01\/e89744e9022d997f536247a7206020d822703aa0-700.jpg\" alt=\"\" width=\"1080\" height=\"1080\" \/><\/p>\n<h2 style=\"text-align: center;\" data-start=\"314\" data-end=\"334\"><strong>Hovedfordeler<\/strong><\/h2>\n<p data-start=\"336\" data-end=\"410\">\ud83d\udd90 Enh\u00e5ndsbetjening &#8211; Trykk koppen ned for \u00e5 starte vaskingen umiddelbart.<\/p>\n<p data-start=\"412\" data-end=\"484\">\ud83d\udebf Spray med flere vinkler &#8211; Kraftige vannstr\u00e5ler rengj\u00f8r innsiden og utsiden.<\/p>\n<p data-start=\"486\" data-end=\"554\">\u23f1 Rask og effektiv &#8211; Rengj\u00f8r kopper p\u00e5 sekunder uten \u00e5 skrubbe.<\/p>\n<p data-start=\"556\" data-end=\"635\">\u2728 Enkel \u00e5 rengj\u00f8re og rustfri &#8211; Glatt overflate med moderne, slitesterk design.<\/p>\n<p data-start=\"637\" data-end=\"711\">\ud83c\udfe0 Bredt bruksomr\u00e5de &#8211; Perfekt for hjem, barer, kafeer og restauranter.<\/p>\n<p data-start=\"637\" data-end=\"711\"><img decoding=\"async\" class=\"size-full wp-image-21852 aligncenter\" src=\"https:\/\/mekulo.com\/template\/wp-content\/uploads\/sites\/6\/2026\/01\/10028d0604e2c55a4eafad7de2a4551eb8889909.jpg\" alt=\"\" width=\"1080\" height=\"1080\" \/><\/p>\n<h2 style=\"text-align: center;\" data-start=\"718\" data-end=\"735\"><strong>Slik Bruker Du Den<\/strong><\/h2>\n<ol data-start=\"737\" data-end=\"927\">\n<li data-start=\"737\" data-end=\"782\">\n<p data-start=\"740\" data-end=\"782\">Plasser koppen opp ned p\u00e5 vaskemaskinen.<\/p>\n<\/li>\n<li data-start=\"783\" data-end=\"831\">\n<p data-start=\"786\" data-end=\"831\">Trykk forsiktig p\u00e5 koppen for \u00e5 aktivere sprayen.<\/p>\n<\/li>\n<li data-start=\"832\" data-end=\"876\">\n<p data-start=\"835\" data-end=\"876\">La vannet skylle koppen grundig.<\/p>\n<\/li>\n<li data-start=\"877\" data-end=\"927\">\n<p data-start=\"880\" data-end=\"927\">L\u00f8ft koppen, og vannet stopper automatisk.<\/p>\n<\/li>\n<\/ol>\n<h2 style=\"text-align: center;\" data-start=\"934\" data-end=\"956\"><strong>Produktdetaljer<\/strong><\/h2>\n<ul data-start=\"958\" data-end=\"1198\">\n<li data-start=\"958\" data-end=\"988\">\n<p data-start=\"960\" data-end=\"988\">Funksjon: Trykk-aktivert<\/p>\n<\/li>\n<li data-start=\"989\" data-end=\"1036\">\n<p data-start=\"991\" data-end=\"1036\">Spray type: H\u00f8ytrykksvann med flere vinkler<\/p>\n<\/li>\n<li data-start=\"1037\" data-end=\"1071\">\n<p data-start=\"1039\" data-end=\"1071\">Materiale: Rustbestandig metall<\/p>\n<\/li>\n<li data-start=\"1072\" data-end=\"1116\">\n<p data-start=\"1074\" data-end=\"1116\">St\u00f8tte for koppst\u00f8rrelse: Kopper under 9 cm<\/p>\n<\/li>\n<li data-start=\"1117\" data-end=\"1160\">\n<p data-start=\"1119\" data-end=\"1160\">Installasjon: Standard vanninntak i vask<\/p>\n<\/li>\n<li data-start=\"1161\" data-end=\"1198\">\n<p data-start=\"1163\" data-end=\"1198\">Anvendelse: Hjem og storkj\u00f8kken<\/p>\n<\/li>\n<li data-start=\"1161\" data-end=\"1198\">Kabinettst\u00f8rrelse: 13 x 14 x 5,8 cm, st\u00f8rrelse p\u00e5 koppvaskeren: 11,2 x 8 x 2 cm<\/li>\n<\/ul>\n<h2 style=\"text-align: center;\" data-start=\"1205\" data-end=\"1228\"><strong>Pakken inneholder<\/strong><\/h2>\n<ul data-start=\"1230\" data-end=\"1248\">\n<li data-start=\"1230\" data-end=\"1248\">\n<p data-start=\"1232\" data-end=\"1248\">1x koppvasker med r\u00f8r.<\/p>\n<\/li>\n<\/ul>\n","protected":false},"excerpt":{"rendered":"<p>\u2615Koppvaskeren installeres i vasken og bruker sterkt vanntrykk til \u00e5 vaske kopper p\u00e5 f\u00e5 sekunder.<br \/>\n\ud83d\udca6Bare trykk koppen ned, og vaskemaskinen sprayer vann fra alle vinkler for \u00e5 fjerne flekker og rester, noe som sparer tid og krefter i den daglige rengj\u00f8ringen.<br \/>\n<span style=\"font-size: 16px; font-style: normal; font-weight: 400;\">\u2728<\/span>En raskere, renere og smartere m\u00e5te \u00e5 vaske kopper p\u00e5 &#8211; ingen skrubbing n\u00f8dvendig.<\/p>\n","protected":false},"featured_media":19785,"comment_status":"open","ping_status":"closed","template":"","meta":{"site-sidebar-layout":"default","site-content-layout":"","ast-site-content-layout":"default","site-content-style":"default","site-sidebar-style":"default","ast-global-header-display":"","ast-banner-title-visibility":"","ast-main-header-display":"","ast-hfb-above-header-display":"","ast-hfb-below-header-display":"","ast-hfb-mobile-header-display":"","site-post-title":"","ast-breadcrumbs-content":"","ast-featured-img":"","footer-sml-layout":"","theme-transparent-header-meta":"default","adv-header-id-meta":"","stick-header-meta":"","header-above-stick-meta":"","header-main-stick-meta":"","header-below-stick-meta":"","astra-migrate-meta-layouts":"set","ast-page-background-enabled":"default","ast-page-background-meta":{"desktop":{"background-color":"var(--ast-global-color-5)","background-image":"","background-repeat":"repeat","background-position":"center center","background-size":"auto","background-attachment":"scroll","background-type":"","background-media":"","overlay-type":"","overlay-color":"","overlay-opacity":"","overlay-gradient":""},"tablet":{"background-color":"","background-image":"","background-repeat":"repeat","background-position":"center center","background-size":"auto","background-attachment":"scroll","background-type":"","background-media":"","overlay-type":"","overlay-color":"","overlay-opacity":"","overlay-gradient":""},"mobile":{"background-color":"","background-image":"","background-repeat":"repeat","background-position":"center center","background-size":"auto","background-attachment":"scroll","background-type":"","background-media":"","overlay-type":"","overlay-color":"","overlay-opacity":"","overlay-gradient":""}},"ast-content-background-meta":{"desktop":{"background-color":"var(--ast-global-color-4)","background-image":"","background-repeat":"repeat","background-position":"center center","background-size":"auto","background-attachment":"scroll","background-type":"","background-media":"","overlay-type":"","overlay-color":"","overlay-opacity":"","overlay-gradient":""},"tablet":{"background-color":"var(--ast-global-color-4)","background-image":"","background-repeat":"repeat","background-position":"center center","background-size":"auto","background-attachment":"scroll","background-type":"","background-media":"","overlay-type":"","overlay-color":"","overlay-opacity":"","overlay-gradient":""},"mobile":{"background-color":"var(--ast-global-color-4)","background-image":"","background-repeat":"repeat","background-position":"center center","background-size":"auto","background-attachment":"scroll","background-type":"","background-media":"","overlay-type":"","overlay-color":"","overlay-opacity":"","overlay-gradient":""}}},"product_brand":[],"product_cat":[168],"product_tag":[],"class_list":{"0":"post-19789","1":"product","2":"type-product","3":"status-publish","4":"has-post-thumbnail","6":"product_cat-husholdningsartikler","7":"pa_51677_qotlfplq-solv","8":"pa_51677_qotlfplq-svart","9":"desktop-align-left","10":"tablet-align-left","11":"mobile-align-left","13":"first","14":"instock","15":"shipping-taxable","16":"purchasable","17":"product-type-variable"},"yoast_head":"<!-- This site is optimized with the Yoast SEO plugin v26.6 - https:\/\/yoast.com\/wordpress\/plugins\/seo\/ -->\n<title>Koppvasker - Mekulo NO<\/title>\n<meta name=\"robots\" content=\"index, follow, max-snippet:-1, max-image-preview:large, max-video-preview:-1\" \/>\n<link rel=\"canonical\" href=\"https:\/\/mekulo.com\/no\/produkt\/koppvasker\/\" \/>\n<meta property=\"og:locale\" content=\"nb_NO\" \/>\n<meta property=\"og:type\" content=\"article\" \/>\n<meta property=\"og:title\" content=\"Koppvasker - Mekulo NO\" \/>\n<meta property=\"og:description\" content=\"\u2615Koppvaskeren installeres i vasken og bruker sterkt vanntrykk til \u00e5 vaske kopper p\u00e5 f\u00e5 sekunder. \ud83d\udca6Bare trykk koppen ned, og vaskemaskinen sprayer vann fra alle vinkler for \u00e5 fjerne flekker og rester, noe som sparer tid og krefter i den daglige rengj\u00f8ringen. \u2728En raskere, renere og smartere m\u00e5te \u00e5 vaske kopper p\u00e5 - ingen skrubbing n\u00f8dvendig.\" \/>\n<meta property=\"og:url\" content=\"https:\/\/mekulo.com\/no\/produkt\/koppvasker\/\" \/>\n<meta property=\"og:site_name\" content=\"Mekulo NO\" \/>\n<meta property=\"article:modified_time\" content=\"2026-01-29T13:00:22+00:00\" \/>\n<meta property=\"og:image\" content=\"https:\/\/mekulo.com\/no\/wp-content\/uploads\/sites\/10\/2026\/01\/vfztklq-1.jpg\" \/>\n\t<meta property=\"og:image:width\" content=\"700\" \/>\n\t<meta property=\"og:image:height\" content=\"673\" \/>\n\t<meta property=\"og:image:type\" content=\"image\/jpeg\" \/>\n<meta name=\"twitter:card\" content=\"summary_large_image\" \/>\n<meta name=\"twitter:label1\" content=\"Ansl. lesetid\" \/>\n\t<meta name=\"twitter:data1\" content=\"2 minutter\" \/>\n<script type=\"application\/ld+json\" class=\"yoast-schema-graph\">{\"@context\":\"https:\/\/schema.org\",\"@graph\":[{\"@type\":\"WebPage\",\"@id\":\"https:\/\/mekulo.com\/no\/produkt\/koppvasker\/\",\"url\":\"https:\/\/mekulo.com\/no\/produkt\/koppvasker\/\",\"name\":\"Koppvasker - Mekulo NO\",\"isPartOf\":{\"@id\":\"https:\/\/mekulo.com\/no\/#website\"},\"primaryImageOfPage\":{\"@id\":\"https:\/\/mekulo.com\/no\/produkt\/koppvasker\/#primaryimage\"},\"image\":{\"@id\":\"https:\/\/mekulo.com\/no\/produkt\/koppvasker\/#primaryimage\"},\"thumbnailUrl\":\"https:\/\/mekulo.com\/no\/wp-content\/uploads\/sites\/10\/2026\/01\/vfztklq-1.jpg\",\"datePublished\":\"2026-01-28T13:12:08+00:00\",\"dateModified\":\"2026-01-29T13:00:22+00:00\",\"breadcrumb\":{\"@id\":\"https:\/\/mekulo.com\/no\/produkt\/koppvasker\/#breadcrumb\"},\"inLanguage\":\"nb-NO\",\"potentialAction\":[{\"@type\":\"ReadAction\",\"target\":[\"https:\/\/mekulo.com\/no\/produkt\/koppvasker\/\"]}]},{\"@type\":\"ImageObject\",\"inLanguage\":\"nb-NO\",\"@id\":\"https:\/\/mekulo.com\/no\/produkt\/koppvasker\/#primaryimage\",\"url\":\"https:\/\/mekulo.com\/no\/wp-content\/uploads\/sites\/10\/2026\/01\/vfztklq-1.jpg\",\"contentUrl\":\"https:\/\/mekulo.com\/no\/wp-content\/uploads\/sites\/10\/2026\/01\/vfztklq-1.jpg\",\"width\":700,\"height\":673},{\"@type\":\"BreadcrumbList\",\"@id\":\"https:\/\/mekulo.com\/no\/produkt\/koppvasker\/#breadcrumb\",\"itemListElement\":[{\"@type\":\"ListItem\",\"position\":1,\"name\":\"Home\",\"item\":\"https:\/\/mekulo.com\/no\/\"},{\"@type\":\"ListItem\",\"position\":2,\"name\":\"Butikk\",\"item\":\"https:\/\/mekulo.com\/no\/butikk\/\"},{\"@type\":\"ListItem\",\"position\":3,\"name\":\"Koppvasker\"}]},{\"@type\":\"WebSite\",\"@id\":\"https:\/\/mekulo.com\/no\/#website\",\"url\":\"https:\/\/mekulo.com\/no\/\",\"name\":\"Mekulo NO\",\"description\":\"\",\"publisher\":{\"@id\":\"https:\/\/mekulo.com\/no\/#organization\"},\"potentialAction\":[{\"@type\":\"SearchAction\",\"target\":{\"@type\":\"EntryPoint\",\"urlTemplate\":\"https:\/\/mekulo.com\/no\/?s={search_term_string}\"},\"query-input\":{\"@type\":\"PropertyValueSpecification\",\"valueRequired\":true,\"valueName\":\"search_term_string\"}}],\"inLanguage\":\"nb-NO\"},{\"@type\":\"Organization\",\"@id\":\"https:\/\/mekulo.com\/no\/#organization\",\"name\":\"Mekulo\",\"url\":\"https:\/\/mekulo.com\/no\/\",\"logo\":{\"@type\":\"ImageObject\",\"inLanguage\":\"nb-NO\",\"@id\":\"https:\/\/mekulo.com\/no\/#\/schema\/logo\/image\/\",\"url\":\"https:\/\/mekulo.com\/no\/wp-content\/uploads\/sites\/10\/2025\/12\/favicon_mekulo.png\",\"contentUrl\":\"https:\/\/mekulo.com\/no\/wp-content\/uploads\/sites\/10\/2025\/12\/favicon_mekulo.png\",\"width\":50,\"height\":50,\"caption\":\"Mekulo\"},\"image\":{\"@id\":\"https:\/\/mekulo.com\/no\/#\/schema\/logo\/image\/\"}}]}<\/script>\n<!-- \/ Yoast SEO plugin. -->","yoast_head_json":{"title":"Koppvasker - Mekulo NO","robots":{"index":"index","follow":"follow","max-snippet":"max-snippet:-1","max-image-preview":"max-image-preview:large","max-video-preview":"max-video-preview:-1"},"canonical":"https:\/\/mekulo.com\/no\/produkt\/koppvasker\/","og_locale":"nb_NO","og_type":"article","og_title":"Koppvasker - Mekulo NO","og_description":"\u2615Koppvaskeren installeres i vasken og bruker sterkt vanntrykk til \u00e5 vaske kopper p\u00e5 f\u00e5 sekunder. \ud83d\udca6Bare trykk koppen ned, og vaskemaskinen sprayer vann fra alle vinkler for \u00e5 fjerne flekker og rester, noe som sparer tid og krefter i den daglige rengj\u00f8ringen. \u2728En raskere, renere og smartere m\u00e5te \u00e5 vaske kopper p\u00e5 - ingen skrubbing n\u00f8dvendig.","og_url":"https:\/\/mekulo.com\/no\/produkt\/koppvasker\/","og_site_name":"Mekulo NO","article_modified_time":"2026-01-29T13:00:22+00:00","og_image":[{"width":700,"height":673,"url":"https:\/\/mekulo.com\/no\/wp-content\/uploads\/sites\/10\/2026\/01\/vfztklq-1.jpg","type":"image\/jpeg"}],"twitter_card":"summary_large_image","twitter_misc":{"Ansl. lesetid":"2 minutter"},"schema":{"@context":"https:\/\/schema.org","@graph":[{"@type":"WebPage","@id":"https:\/\/mekulo.com\/no\/produkt\/koppvasker\/","url":"https:\/\/mekulo.com\/no\/produkt\/koppvasker\/","name":"Koppvasker - Mekulo NO","isPartOf":{"@id":"https:\/\/mekulo.com\/no\/#website"},"primaryImageOfPage":{"@id":"https:\/\/mekulo.com\/no\/produkt\/koppvasker\/#primaryimage"},"image":{"@id":"https:\/\/mekulo.com\/no\/produkt\/koppvasker\/#primaryimage"},"thumbnailUrl":"https:\/\/mekulo.com\/no\/wp-content\/uploads\/sites\/10\/2026\/01\/vfztklq-1.jpg","datePublished":"2026-01-28T13:12:08+00:00","dateModified":"2026-01-29T13:00:22+00:00","breadcrumb":{"@id":"https:\/\/mekulo.com\/no\/produkt\/koppvasker\/#breadcrumb"},"inLanguage":"nb-NO","potentialAction":[{"@type":"ReadAction","target":["https:\/\/mekulo.com\/no\/produkt\/koppvasker\/"]}]},{"@type":"ImageObject","inLanguage":"nb-NO","@id":"https:\/\/mekulo.com\/no\/produkt\/koppvasker\/#primaryimage","url":"https:\/\/mekulo.com\/no\/wp-content\/uploads\/sites\/10\/2026\/01\/vfztklq-1.jpg","contentUrl":"https:\/\/mekulo.com\/no\/wp-content\/uploads\/sites\/10\/2026\/01\/vfztklq-1.jpg","width":700,"height":673},{"@type":"BreadcrumbList","@id":"https:\/\/mekulo.com\/no\/produkt\/koppvasker\/#breadcrumb","itemListElement":[{"@type":"ListItem","position":1,"name":"Home","item":"https:\/\/mekulo.com\/no\/"},{"@type":"ListItem","position":2,"name":"Butikk","item":"https:\/\/mekulo.com\/no\/butikk\/"},{"@type":"ListItem","position":3,"name":"Koppvasker"}]},{"@type":"WebSite","@id":"https:\/\/mekulo.com\/no\/#website","url":"https:\/\/mekulo.com\/no\/","name":"Mekulo NO","description":"","publisher":{"@id":"https:\/\/mekulo.com\/no\/#organization"},"potentialAction":[{"@type":"SearchAction","target":{"@type":"EntryPoint","urlTemplate":"https:\/\/mekulo.com\/no\/?s={search_term_string}"},"query-input":{"@type":"PropertyValueSpecification","valueRequired":true,"valueName":"search_term_string"}}],"inLanguage":"nb-NO"},{"@type":"Organization","@id":"https:\/\/mekulo.com\/no\/#organization","name":"Mekulo","url":"https:\/\/mekulo.com\/no\/","logo":{"@type":"ImageObject","inLanguage":"nb-NO","@id":"https:\/\/mekulo.com\/no\/#\/schema\/logo\/image\/","url":"https:\/\/mekulo.com\/no\/wp-content\/uploads\/sites\/10\/2025\/12\/favicon_mekulo.png","contentUrl":"https:\/\/mekulo.com\/no\/wp-content\/uploads\/sites\/10\/2025\/12\/favicon_mekulo.png","width":50,"height":50,"caption":"Mekulo"},"image":{"@id":"https:\/\/mekulo.com\/no\/#\/schema\/logo\/image\/"}}]}},"_links":{"self":[{"href":"https:\/\/mekulo.com\/no\/wp-json\/wp\/v2\/product\/19789","targetHints":{"allow":["GET"]}}],"collection":[{"href":"https:\/\/mekulo.com\/no\/wp-json\/wp\/v2\/product"}],"about":[{"href":"https:\/\/mekulo.com\/no\/wp-json\/wp\/v2\/types\/product"}],"replies":[{"embeddable":true,"href":"https:\/\/mekulo.com\/no\/wp-json\/wp\/v2\/comments?post=19789"}],"wp:featuredmedia":[{"embeddable":true,"href":"https:\/\/mekulo.com\/no\/wp-json\/wp\/v2\/media\/19785"}],"wp:attachment":[{"href":"https:\/\/mekulo.com\/no\/wp-json\/wp\/v2\/media?parent=19789"}],"wp:term":[{"taxonomy":"product_brand","embeddable":true,"href":"https:\/\/mekulo.com\/no\/wp-json\/wp\/v2\/product_brand?post=19789"},{"taxonomy":"product_cat","embeddable":true,"href":"https:\/\/mekulo.com\/no\/wp-json\/wp\/v2\/product_cat?post=19789"},{"taxonomy":"product_tag","embeddable":true,"href":"https:\/\/mekulo.com\/no\/wp-json\/wp\/v2\/product_tag?post=19789"}],"curies":[{"name":"wp","href":"https:\/\/api.w.org\/{rel}","templated":true}]}}