{"id":19773,"date":"2026-01-28T15:10:24","date_gmt":"2026-01-28T13:10:24","guid":{"rendered":"https:\/\/mekulo.com\/no\/produkt\/kamerasett-for-fjerning-av-orevoks\/"},"modified":"2026-02-03T18:04:59","modified_gmt":"2026-02-03T16:04:59","slug":"kamerasett-for-fjerning-av-orevoks","status":"publish","type":"product","link":"https:\/\/mekulo.com\/no\/produkt\/kamerasett-for-fjerning-av-orevoks\/","title":{"rendered":"Kamerasett for fjerning av \u00f8revoks"},"content":{"rendered":"<p style=\"text-align: center\" data-start=\"31\" data-end=\"97\"><strong data-start=\"31\" data-end=\"97\">Se og rengj\u00f8r \u00f8revoks trygt med en klar HD-visning i sanntid. \ud83d\udc42<\/strong><\/p>\n<p data-start=\"31\" data-end=\"97\"><img decoding=\"async\" class=\"size-full wp-image-21839 aligncenter\" src=\"https:\/\/mekulo.com\/template\/wp-content\/uploads\/sites\/6\/2026\/01\/9af9a58698fe71be0a7bf618356a95487661ae565a071883e0e4dcb41ed5a358-700.avif\" alt=\"\" \/><\/p>\n<h2 style=\"text-align: center\" data-start=\"362\" data-end=\"382\"><strong>Hovedfordeler<\/strong><\/h2>\n<p data-start=\"384\" data-end=\"462\">\ud83d\udcf7 1296P HD-kamera &#8211; Klar livevisning med vidvinkel og ingen blinde flekker.<\/p>\n<p data-start=\"464\" data-end=\"539\">\ud83d\udca1 6 LED-lys &#8211; Sterk belysning for bedre synlighet inne i \u00f8ret.<\/p>\n<p data-start=\"541\" data-end=\"607\">\ud83d\udcf1 Smart app-tilkobling &#8211; Fungerer med iOS og Android via WiFi.<\/p>\n<p data-start=\"609\" data-end=\"688\">\ud83e\uddfc Myke \u00f8reskjeer i silikon &#8211; Sk\u00e5nsomme, trygge og komfortable for \u00f8regangene.<\/p>\n<p data-start=\"690\" data-end=\"758\">\ud83d\udd0b Oppladbart batteri &#8211; Opptil 40 minutters bruk p\u00e5 \u00e9n lading.<\/p>\n<p data-start=\"760\" data-end=\"850\">\ud83d\udc68\u200d\ud83d\udc69\u200d\ud83d\udc67\u200d\ud83d\udc66 Flerbruksbruk &#8211; Sjekk \u00f8rer, nese, hals, hodebunn, tenner og til og med kj\u00e6ledyr.<\/p>\n<p data-start=\"760\" data-end=\"850\"><img fetchpriority=\"high\" decoding=\"async\" class=\"size-full wp-image-21842 aligncenter\" src=\"https:\/\/mekulo.com\/template\/wp-content\/uploads\/sites\/6\/2026\/01\/Sef45d523379949a3bbdd347b12c416c9V.jpg_960x960q75.jpg_.avif\" alt=\"\" width=\"800\" height=\"800\" \/><\/p>\n<h2 style=\"text-align: center\" data-start=\"857\" data-end=\"874\"><strong>Slik Bruker Du Den<\/strong><\/h2>\n<ol data-start=\"876\" data-end=\"1153\">\n<li data-start=\"876\" data-end=\"918\">\n<p data-start=\"879\" data-end=\"918\">Skann QR-koden og installer appen.<\/p>\n<\/li>\n<li data-start=\"919\" data-end=\"970\">\n<p data-start=\"922\" data-end=\"970\">Trykk og hold inne str\u00f8mknappen for \u00e5 sl\u00e5 den p\u00e5.<\/p>\n<\/li>\n<li data-start=\"971\" data-end=\"1018\">\n<p data-start=\"974\" data-end=\"1018\">Koble enheten til telefonen din via WiFi.<\/p>\n<\/li>\n<li data-start=\"1019\" data-end=\"1061\">\n<p data-start=\"1022\" data-end=\"1061\">Sett inn silikon\u00f8reskjeen forsiktig.<\/p>\n<\/li>\n<li data-start=\"1062\" data-end=\"1107\">\n<p data-start=\"1065\" data-end=\"1107\">Se p\u00e5 livevisningen og rengj\u00f8r forsiktig.<\/p>\n<\/li>\n<li data-start=\"1108\" data-end=\"1153\">\n<p data-start=\"1111\" data-end=\"1153\">T\u00f8rk av \u00f8reskjeen med alkohol etter bruk.<\/p>\n<\/li>\n<\/ol>\n<h2 style=\"text-align: center\" data-start=\"1160\" data-end=\"1182\"><strong>Produktdetaljer<\/strong><\/h2>\n<ul data-start=\"1184\" data-end=\"1533\">\n<li data-start=\"1184\" data-end=\"1215\">\n<p data-start=\"1186\" data-end=\"1215\">Kameraoppl\u00f8sning: 1296P HD<\/p>\n<\/li>\n<li data-start=\"1216\" data-end=\"1247\">\n<p data-start=\"1218\" data-end=\"1247\">Linsest\u00f8rrelse: 3,6 mm ultratynn<\/p>\n<\/li>\n<li data-start=\"1248\" data-end=\"1265\">\n<p data-start=\"1250\" data-end=\"1265\">Lys: 6 LED<\/p>\n<\/li>\n<li data-start=\"1266\" data-end=\"1283\">\n<p data-start=\"1268\" data-end=\"1283\">Materiale: ABS<\/p>\n<\/li>\n<li data-start=\"1284\" data-end=\"1312\">\n<p data-start=\"1286\" data-end=\"1312\">Batterikapasitet: 130mAh<\/p>\n<\/li>\n<li data-start=\"1313\" data-end=\"1338\">\n<p data-start=\"1315\" data-end=\"1338\">Ladeport: Type-C<\/p>\n<\/li>\n<li data-start=\"1339\" data-end=\"1370\">\n<p data-start=\"1341\" data-end=\"1370\">Batterilevetid: 35\u201340 minutter<\/p>\n<\/li>\n<li data-start=\"1371\" data-end=\"1406\">\n<p data-start=\"1373\" data-end=\"1406\">Ladetid: Ca. 60 minutter<\/p>\n<\/li>\n<li data-start=\"1407\" data-end=\"1439\">\n<p data-start=\"1409\" data-end=\"1439\">Vanntett: IPX5 \/ IP67-objektiv<\/p>\n<\/li>\n<li data-start=\"1440\" data-end=\"1469\">\n<p data-start=\"1442\" data-end=\"1469\">Driftsfrekvens: 2,4G<\/p>\n<\/li>\n<li data-start=\"1470\" data-end=\"1495\">\n<p data-start=\"1472\" data-end=\"1495\">Produktlengde: 145mm<\/p>\n<\/li>\n<li data-start=\"1496\" data-end=\"1533\">\n<p data-start=\"1498\" data-end=\"1533\">Kompatible enheter: iOS &amp; Android<\/p>\n<\/li>\n<\/ul>\n<h2 style=\"text-align: center\" data-start=\"1540\" data-end=\"1563\"><strong>Pakken inkluderer<\/strong><\/h2>\n<ul data-start=\"1565\" data-end=\"1730\">\n<li data-start=\"1565\" data-end=\"1594\">\n<p data-start=\"1567\" data-end=\"1594\">1x \u00f8revoksfjerningskamera<\/p>\n<\/li>\n<li data-start=\"1595\" data-end=\"1615\">\n<p data-start=\"1597\" data-end=\"1615\">1x \u00f8repirkestang<\/p>\n<\/li>\n<li data-start=\"1616\" data-end=\"1655\">\n<p data-start=\"1618\" data-end=\"1655\">4x utskiftbare silikon\u00f8reskjeer<\/p>\n<\/li>\n<li data-start=\"1656\" data-end=\"1685\">\n<p data-start=\"1658\" data-end=\"1685\">1x Type-C ladekabel<\/p>\n<\/li>\n<li data-start=\"1686\" data-end=\"1712\">\n<p data-start=\"1688\" data-end=\"1712\">1x bruksanvisning.<\/p>\n<\/li>\n<\/ul>\n","protected":false},"excerpt":{"rendered":"<p>\ud83e\uddf9Med dette kamerasettet for fjerning av \u00f8revoks kan du se inn i \u00f8regangen mens du rengj\u00f8r, noe som gj\u00f8r \u00f8repleie tryggere og mer n\u00f8yaktig.<br \/>\n\ud83d\udcf1Med et HD-kamera, LED-lys og en smart app-tilkobling kan du trygt fjerne \u00f8revoks hjemme for deg selv eller familien din.<br \/>\n<span style=\"font-size: 16px;font-style: normal;font-weight: 400\">\ud83d\udc4c<\/span>En smartere og tryggere m\u00e5te \u00e5 ta vare p\u00e5 \u00f8rene p\u00e5 &#8211; rett fra telefonen din.<\/p>\n","protected":false},"featured_media":19769,"comment_status":"open","ping_status":"closed","template":"","meta":{"site-sidebar-layout":"default","site-content-layout":"","ast-site-content-layout":"default","site-content-style":"default","site-sidebar-style":"default","ast-global-header-display":"","ast-banner-title-visibility":"","ast-main-header-display":"","ast-hfb-above-header-display":"","ast-hfb-below-header-display":"","ast-hfb-mobile-header-display":"","site-post-title":"","ast-breadcrumbs-content":"","ast-featured-img":"","footer-sml-layout":"","theme-transparent-header-meta":"default","adv-header-id-meta":"","stick-header-meta":"","header-above-stick-meta":"","header-main-stick-meta":"","header-below-stick-meta":"","astra-migrate-meta-layouts":"set","ast-page-background-enabled":"default","ast-page-background-meta":{"desktop":{"background-color":"var(--ast-global-color-5)","background-image":"","background-repeat":"repeat","background-position":"center center","background-size":"auto","background-attachment":"scroll","background-type":"","background-media":"","overlay-type":"","overlay-color":"","overlay-opacity":"","overlay-gradient":""},"tablet":{"background-color":"","background-image":"","background-repeat":"repeat","background-position":"center center","background-size":"auto","background-attachment":"scroll","background-type":"","background-media":"","overlay-type":"","overlay-color":"","overlay-opacity":"","overlay-gradient":""},"mobile":{"background-color":"","background-image":"","background-repeat":"repeat","background-position":"center center","background-size":"auto","background-attachment":"scroll","background-type":"","background-media":"","overlay-type":"","overlay-color":"","overlay-opacity":"","overlay-gradient":""}},"ast-content-background-meta":{"desktop":{"background-color":"var(--ast-global-color-4)","background-image":"","background-repeat":"repeat","background-position":"center center","background-size":"auto","background-attachment":"scroll","background-type":"","background-media":"","overlay-type":"","overlay-color":"","overlay-opacity":"","overlay-gradient":""},"tablet":{"background-color":"var(--ast-global-color-4)","background-image":"","background-repeat":"repeat","background-position":"center center","background-size":"auto","background-attachment":"scroll","background-type":"","background-media":"","overlay-type":"","overlay-color":"","overlay-opacity":"","overlay-gradient":""},"mobile":{"background-color":"var(--ast-global-color-4)","background-image":"","background-repeat":"repeat","background-position":"center center","background-size":"auto","background-attachment":"scroll","background-type":"","background-media":"","overlay-type":"","overlay-color":"","overlay-opacity":"","overlay-gradient":""}}},"product_brand":[],"product_cat":[162],"product_tag":[],"class_list":{"0":"post-19773","1":"product","2":"type-product","3":"status-publish","4":"has-post-thumbnail","6":"product_cat-skjonnhets-og-hygieneprodukter","7":"pa_51675_abcgf5dd-hvit","8":"pa_51675_abcgf5dd-svart","9":"desktop-align-left","10":"tablet-align-left","11":"mobile-align-left","13":"first","14":"instock","15":"shipping-taxable","16":"purchasable","17":"product-type-variable"},"yoast_head":"<!-- This site is optimized with the Yoast SEO plugin v26.6 - https:\/\/yoast.com\/wordpress\/plugins\/seo\/ -->\n<title>Kamerasett for fjerning av \u00f8revoks - Mekulo NO<\/title>\n<meta name=\"robots\" content=\"index, follow, max-snippet:-1, max-image-preview:large, max-video-preview:-1\" \/>\n<link rel=\"canonical\" href=\"https:\/\/mekulo.com\/no\/produkt\/kamerasett-for-fjerning-av-orevoks\/\" \/>\n<meta property=\"og:locale\" content=\"nb_NO\" \/>\n<meta property=\"og:type\" content=\"article\" \/>\n<meta property=\"og:title\" content=\"Kamerasett for fjerning av \u00f8revoks - Mekulo NO\" \/>\n<meta property=\"og:description\" content=\"\ud83e\uddf9Med dette kamerasettet for fjerning av \u00f8revoks kan du se inn i \u00f8regangen mens du rengj\u00f8r, noe som gj\u00f8r \u00f8repleie tryggere og mer n\u00f8yaktig. \ud83d\udcf1Med et HD-kamera, LED-lys og en smart app-tilkobling kan du trygt fjerne \u00f8revoks hjemme for deg selv eller familien din. \ud83d\udc4cEn smartere og tryggere m\u00e5te \u00e5 ta vare p\u00e5 \u00f8rene p\u00e5 - rett fra telefonen din.\" \/>\n<meta property=\"og:url\" content=\"https:\/\/mekulo.com\/no\/produkt\/kamerasett-for-fjerning-av-orevoks\/\" \/>\n<meta property=\"og:site_name\" content=\"Mekulo NO\" \/>\n<meta property=\"article:modified_time\" content=\"2026-02-03T16:04:59+00:00\" \/>\n<meta property=\"og:image\" content=\"https:\/\/mekulo.com\/no\/wp-content\/uploads\/sites\/10\/2026\/01\/g4cp68r-1.jpg\" \/>\n\t<meta property=\"og:image:width\" content=\"800\" \/>\n\t<meta property=\"og:image:height\" content=\"800\" \/>\n\t<meta property=\"og:image:type\" content=\"image\/jpeg\" \/>\n<meta name=\"twitter:card\" content=\"summary_large_image\" \/>\n<meta name=\"twitter:label1\" content=\"Ansl. lesetid\" \/>\n\t<meta name=\"twitter:data1\" content=\"2 minutter\" \/>\n<script type=\"application\/ld+json\" class=\"yoast-schema-graph\">{\"@context\":\"https:\/\/schema.org\",\"@graph\":[{\"@type\":\"WebPage\",\"@id\":\"https:\/\/mekulo.com\/no\/produkt\/kamerasett-for-fjerning-av-orevoks\/\",\"url\":\"https:\/\/mekulo.com\/no\/produkt\/kamerasett-for-fjerning-av-orevoks\/\",\"name\":\"Kamerasett for fjerning av \u00f8revoks - Mekulo NO\",\"isPartOf\":{\"@id\":\"https:\/\/mekulo.com\/no\/#website\"},\"primaryImageOfPage\":{\"@id\":\"https:\/\/mekulo.com\/no\/produkt\/kamerasett-for-fjerning-av-orevoks\/#primaryimage\"},\"image\":{\"@id\":\"https:\/\/mekulo.com\/no\/produkt\/kamerasett-for-fjerning-av-orevoks\/#primaryimage\"},\"thumbnailUrl\":\"https:\/\/mekulo.com\/no\/wp-content\/uploads\/sites\/10\/2026\/01\/g4cp68r-1.jpg\",\"datePublished\":\"2026-01-28T13:10:24+00:00\",\"dateModified\":\"2026-02-03T16:04:59+00:00\",\"breadcrumb\":{\"@id\":\"https:\/\/mekulo.com\/no\/produkt\/kamerasett-for-fjerning-av-orevoks\/#breadcrumb\"},\"inLanguage\":\"nb-NO\",\"potentialAction\":[{\"@type\":\"ReadAction\",\"target\":[\"https:\/\/mekulo.com\/no\/produkt\/kamerasett-for-fjerning-av-orevoks\/\"]}]},{\"@type\":\"ImageObject\",\"inLanguage\":\"nb-NO\",\"@id\":\"https:\/\/mekulo.com\/no\/produkt\/kamerasett-for-fjerning-av-orevoks\/#primaryimage\",\"url\":\"https:\/\/mekulo.com\/no\/wp-content\/uploads\/sites\/10\/2026\/01\/g4cp68r-1.jpg\",\"contentUrl\":\"https:\/\/mekulo.com\/no\/wp-content\/uploads\/sites\/10\/2026\/01\/g4cp68r-1.jpg\",\"width\":800,\"height\":800},{\"@type\":\"BreadcrumbList\",\"@id\":\"https:\/\/mekulo.com\/no\/produkt\/kamerasett-for-fjerning-av-orevoks\/#breadcrumb\",\"itemListElement\":[{\"@type\":\"ListItem\",\"position\":1,\"name\":\"Home\",\"item\":\"https:\/\/mekulo.com\/no\/\"},{\"@type\":\"ListItem\",\"position\":2,\"name\":\"Butikk\",\"item\":\"https:\/\/mekulo.com\/no\/butikk\/\"},{\"@type\":\"ListItem\",\"position\":3,\"name\":\"Kamerasett for fjerning av \u00f8revoks\"}]},{\"@type\":\"WebSite\",\"@id\":\"https:\/\/mekulo.com\/no\/#website\",\"url\":\"https:\/\/mekulo.com\/no\/\",\"name\":\"Mekulo NO\",\"description\":\"\",\"publisher\":{\"@id\":\"https:\/\/mekulo.com\/no\/#organization\"},\"potentialAction\":[{\"@type\":\"SearchAction\",\"target\":{\"@type\":\"EntryPoint\",\"urlTemplate\":\"https:\/\/mekulo.com\/no\/?s={search_term_string}\"},\"query-input\":{\"@type\":\"PropertyValueSpecification\",\"valueRequired\":true,\"valueName\":\"search_term_string\"}}],\"inLanguage\":\"nb-NO\"},{\"@type\":\"Organization\",\"@id\":\"https:\/\/mekulo.com\/no\/#organization\",\"name\":\"Mekulo\",\"url\":\"https:\/\/mekulo.com\/no\/\",\"logo\":{\"@type\":\"ImageObject\",\"inLanguage\":\"nb-NO\",\"@id\":\"https:\/\/mekulo.com\/no\/#\/schema\/logo\/image\/\",\"url\":\"https:\/\/mekulo.com\/no\/wp-content\/uploads\/sites\/10\/2025\/12\/favicon_mekulo.png\",\"contentUrl\":\"https:\/\/mekulo.com\/no\/wp-content\/uploads\/sites\/10\/2025\/12\/favicon_mekulo.png\",\"width\":50,\"height\":50,\"caption\":\"Mekulo\"},\"image\":{\"@id\":\"https:\/\/mekulo.com\/no\/#\/schema\/logo\/image\/\"}}]}<\/script>\n<!-- \/ Yoast SEO plugin. -->","yoast_head_json":{"title":"Kamerasett for fjerning av \u00f8revoks - Mekulo NO","robots":{"index":"index","follow":"follow","max-snippet":"max-snippet:-1","max-image-preview":"max-image-preview:large","max-video-preview":"max-video-preview:-1"},"canonical":"https:\/\/mekulo.com\/no\/produkt\/kamerasett-for-fjerning-av-orevoks\/","og_locale":"nb_NO","og_type":"article","og_title":"Kamerasett for fjerning av \u00f8revoks - Mekulo NO","og_description":"\ud83e\uddf9Med dette kamerasettet for fjerning av \u00f8revoks kan du se inn i \u00f8regangen mens du rengj\u00f8r, noe som gj\u00f8r \u00f8repleie tryggere og mer n\u00f8yaktig. \ud83d\udcf1Med et HD-kamera, LED-lys og en smart app-tilkobling kan du trygt fjerne \u00f8revoks hjemme for deg selv eller familien din. \ud83d\udc4cEn smartere og tryggere m\u00e5te \u00e5 ta vare p\u00e5 \u00f8rene p\u00e5 - rett fra telefonen din.","og_url":"https:\/\/mekulo.com\/no\/produkt\/kamerasett-for-fjerning-av-orevoks\/","og_site_name":"Mekulo NO","article_modified_time":"2026-02-03T16:04:59+00:00","og_image":[{"width":800,"height":800,"url":"https:\/\/mekulo.com\/no\/wp-content\/uploads\/sites\/10\/2026\/01\/g4cp68r-1.jpg","type":"image\/jpeg"}],"twitter_card":"summary_large_image","twitter_misc":{"Ansl. lesetid":"2 minutter"},"schema":{"@context":"https:\/\/schema.org","@graph":[{"@type":"WebPage","@id":"https:\/\/mekulo.com\/no\/produkt\/kamerasett-for-fjerning-av-orevoks\/","url":"https:\/\/mekulo.com\/no\/produkt\/kamerasett-for-fjerning-av-orevoks\/","name":"Kamerasett for fjerning av \u00f8revoks - Mekulo NO","isPartOf":{"@id":"https:\/\/mekulo.com\/no\/#website"},"primaryImageOfPage":{"@id":"https:\/\/mekulo.com\/no\/produkt\/kamerasett-for-fjerning-av-orevoks\/#primaryimage"},"image":{"@id":"https:\/\/mekulo.com\/no\/produkt\/kamerasett-for-fjerning-av-orevoks\/#primaryimage"},"thumbnailUrl":"https:\/\/mekulo.com\/no\/wp-content\/uploads\/sites\/10\/2026\/01\/g4cp68r-1.jpg","datePublished":"2026-01-28T13:10:24+00:00","dateModified":"2026-02-03T16:04:59+00:00","breadcrumb":{"@id":"https:\/\/mekulo.com\/no\/produkt\/kamerasett-for-fjerning-av-orevoks\/#breadcrumb"},"inLanguage":"nb-NO","potentialAction":[{"@type":"ReadAction","target":["https:\/\/mekulo.com\/no\/produkt\/kamerasett-for-fjerning-av-orevoks\/"]}]},{"@type":"ImageObject","inLanguage":"nb-NO","@id":"https:\/\/mekulo.com\/no\/produkt\/kamerasett-for-fjerning-av-orevoks\/#primaryimage","url":"https:\/\/mekulo.com\/no\/wp-content\/uploads\/sites\/10\/2026\/01\/g4cp68r-1.jpg","contentUrl":"https:\/\/mekulo.com\/no\/wp-content\/uploads\/sites\/10\/2026\/01\/g4cp68r-1.jpg","width":800,"height":800},{"@type":"BreadcrumbList","@id":"https:\/\/mekulo.com\/no\/produkt\/kamerasett-for-fjerning-av-orevoks\/#breadcrumb","itemListElement":[{"@type":"ListItem","position":1,"name":"Home","item":"https:\/\/mekulo.com\/no\/"},{"@type":"ListItem","position":2,"name":"Butikk","item":"https:\/\/mekulo.com\/no\/butikk\/"},{"@type":"ListItem","position":3,"name":"Kamerasett for fjerning av \u00f8revoks"}]},{"@type":"WebSite","@id":"https:\/\/mekulo.com\/no\/#website","url":"https:\/\/mekulo.com\/no\/","name":"Mekulo NO","description":"","publisher":{"@id":"https:\/\/mekulo.com\/no\/#organization"},"potentialAction":[{"@type":"SearchAction","target":{"@type":"EntryPoint","urlTemplate":"https:\/\/mekulo.com\/no\/?s={search_term_string}"},"query-input":{"@type":"PropertyValueSpecification","valueRequired":true,"valueName":"search_term_string"}}],"inLanguage":"nb-NO"},{"@type":"Organization","@id":"https:\/\/mekulo.com\/no\/#organization","name":"Mekulo","url":"https:\/\/mekulo.com\/no\/","logo":{"@type":"ImageObject","inLanguage":"nb-NO","@id":"https:\/\/mekulo.com\/no\/#\/schema\/logo\/image\/","url":"https:\/\/mekulo.com\/no\/wp-content\/uploads\/sites\/10\/2025\/12\/favicon_mekulo.png","contentUrl":"https:\/\/mekulo.com\/no\/wp-content\/uploads\/sites\/10\/2025\/12\/favicon_mekulo.png","width":50,"height":50,"caption":"Mekulo"},"image":{"@id":"https:\/\/mekulo.com\/no\/#\/schema\/logo\/image\/"}}]}},"_links":{"self":[{"href":"https:\/\/mekulo.com\/no\/wp-json\/wp\/v2\/product\/19773","targetHints":{"allow":["GET"]}}],"collection":[{"href":"https:\/\/mekulo.com\/no\/wp-json\/wp\/v2\/product"}],"about":[{"href":"https:\/\/mekulo.com\/no\/wp-json\/wp\/v2\/types\/product"}],"replies":[{"embeddable":true,"href":"https:\/\/mekulo.com\/no\/wp-json\/wp\/v2\/comments?post=19773"}],"wp:featuredmedia":[{"embeddable":true,"href":"https:\/\/mekulo.com\/no\/wp-json\/wp\/v2\/media\/19769"}],"wp:attachment":[{"href":"https:\/\/mekulo.com\/no\/wp-json\/wp\/v2\/media?parent=19773"}],"wp:term":[{"taxonomy":"product_brand","embeddable":true,"href":"https:\/\/mekulo.com\/no\/wp-json\/wp\/v2\/product_brand?post=19773"},{"taxonomy":"product_cat","embeddable":true,"href":"https:\/\/mekulo.com\/no\/wp-json\/wp\/v2\/product_cat?post=19773"},{"taxonomy":"product_tag","embeddable":true,"href":"https:\/\/mekulo.com\/no\/wp-json\/wp\/v2\/product_tag?post=19773"}],"curies":[{"name":"wp","href":"https:\/\/api.w.org\/{rel}","templated":true}]}}