{"id":19749,"date":"2026-01-28T15:08:28","date_gmt":"2026-01-28T13:08:28","guid":{"rendered":"https:\/\/mekulo.com\/no\/produkt\/safe-for-avledning-av-hengere\/"},"modified":"2026-01-29T14:55:58","modified_gmt":"2026-01-29T12:55:58","slug":"safe-for-avledning-av-hengere","status":"publish","type":"product","link":"https:\/\/mekulo.com\/no\/produkt\/safe-for-avledning-av-hengere\/","title":{"rendered":"Sikker for avledning av hengere"},"content":{"rendered":"<p style=\"text-align: center;\" data-start=\"27\" data-end=\"109\"><strong data-start=\"27\" data-end=\"109\">Skjul Verdisakene Dine I Det \u00c5pne Med En Smart Og Diskret Oppbevaringsl\u00f8sning. \ud83d\udcb5<\/strong><\/p>\n<p data-start=\"27\" data-end=\"109\"><img fetchpriority=\"high\" decoding=\"async\" class=\"size-full wp-image-21820 aligncenter\" src=\"https:\/\/mekulo.com\/template\/wp-content\/uploads\/sites\/6\/2026\/01\/5-10.jpeg\" alt=\"\" width=\"800\" height=\"800\" \/><\/p>\n<h2 style=\"text-align: center;\" data-start=\"350\" data-end=\"370\">\ud83d\udd12 Hovedfordeler<\/h2>\n<p data-start=\"372\" data-end=\"453\">\ud83e\udde5 Skjult i vanlig syn &#8211; Forkledd som en kleshengerlomme for diskret oppbevaring.<\/p>\n<p data-start=\"455\" data-end=\"538\">\ud83d\udd25\ud83d\udca7 Brann- og vanntett stoff &#8211; Oxford-klut beskytter verdisaker mot ulykker.<\/p>\n<p data-start=\"540\" data-end=\"631\">\ud83d\udce6 Stor lagringskapasitet &#8211; Romslig interi\u00f8r med en ekstra innerlomme for organisering.<\/p>\n<p data-start=\"633\" data-end=\"706\">\u2708\ufe0f B\u00e6rbar og reisevennlig &#8211; Enkel \u00e5 pakke og bruke hvor som helst du g\u00e5r.<\/p>\n<p data-start=\"708\" data-end=\"785\">\ud83c\udf81 Flott gaveid\u00e9 &#8211; Gjennomtenkt og praktisk gave til spesielle anledninger.<\/p>\n<p data-start=\"708\" data-end=\"785\"><img decoding=\"async\" class=\"size-full wp-image-21821 aligncenter\" src=\"https:\/\/mekulo.com\/template\/wp-content\/uploads\/sites\/6\/2026\/01\/6-16.jpeg\" alt=\"\" width=\"800\" height=\"800\" \/><\/p>\n<h2 style=\"text-align: center;\" data-start=\"792\" data-end=\"809\">\ud83d\udee0 Slik Bruker Du Den<\/h2>\n<ol data-start=\"811\" data-end=\"1023\">\n<li data-start=\"811\" data-end=\"853\">\n<p data-start=\"814\" data-end=\"853\">\u00c5pne glidel\u00e5sen p\u00e5 opphengslommen.<\/p>\n<\/li>\n<li data-start=\"854\" data-end=\"902\">\n<p data-start=\"857\" data-end=\"902\">Legg kontanter, smykker eller sm\u00e5ting inni.<\/p>\n<\/li>\n<li data-start=\"903\" data-end=\"931\">\n<p data-start=\"906\" data-end=\"931\">Lukk den med glidel\u00e5s.<\/p>\n<\/li>\n<li data-start=\"932\" data-end=\"987\">\n<p data-start=\"935\" data-end=\"987\">Heng den i skapet eller pakk den i bagasjen.<\/p>\n<\/li>\n<li data-start=\"988\" data-end=\"1023\">\n<p data-start=\"991\" data-end=\"1023\">Tilgang til gjenstander enkelt n\u00e5r det trengs.<\/p>\n<\/li>\n<\/ol>\n<h2 style=\"text-align: center;\" data-start=\"1030\" data-end=\"1052\">\ud83d\udccc Produktdetaljer<\/h2>\n<ul data-start=\"1054\" data-end=\"1252\">\n<li data-start=\"1094\" data-end=\"1133\">\n<p data-start=\"1096\" data-end=\"1133\">Materiale: Oxford-stoff av h\u00f8y kvalitet<\/p>\n<\/li>\n<li data-start=\"1134\" data-end=\"1174\">\n<p data-start=\"1136\" data-end=\"1174\">Funksjoner: Brannsikker, vanntett<\/p>\n<\/li>\n<li data-start=\"1175\" data-end=\"1211\">\n<p data-start=\"1177\" data-end=\"1211\">St\u00f8rrelse: 44,5 x 31,7 cm<\/p>\n<\/li>\n<li data-start=\"1212\" data-end=\"1252\">\n<p data-start=\"1214\" data-end=\"1252\">Bruk: Oppbevaring i hjemmet eller reisesikkerhet<\/p>\n<\/li>\n<\/ul>\n<h2 style=\"text-align: center;\" data-start=\"1259\" data-end=\"1282\">\ud83d\udce6 Pakken inneholder<\/h2>\n<ul data-start=\"1284\" data-end=\"1313\">\n<li data-start=\"1284\" data-end=\"1313\">\n<p data-start=\"1286\" data-end=\"1313\">1, 2, 3x avledningsveske med henger.<\/p>\n<\/li>\n<\/ul>\n","protected":false},"excerpt":{"rendered":"<p>\ud83d\udc8dDenne avledningsboksen ser ut som en vanlig kleshengerlomme, men beskytter i hemmelighet kontanter, smykker og sm\u00e5 verdisaker.<br \/>\n<span style=\"font-size: 16px; font-style: normal; font-weight: 400;\">\ud83d\udd10<\/span>Den passer lett inn i skap eller bagasje, noe som gj\u00f8r den perfekt til hjemmebruk eller p\u00e5 reise uten \u00e5 vekke oppmerksomhet.<br \/>\n\ud83c\udfe0En enkel, men smart m\u00e5te \u00e5 beskytte verdisakene dine p\u00e5 uten at noen legger merke til det.<\/p>\n","protected":false},"featured_media":19745,"comment_status":"open","ping_status":"closed","template":"","meta":{"site-sidebar-layout":"default","site-content-layout":"","ast-site-content-layout":"default","site-content-style":"default","site-sidebar-style":"default","ast-global-header-display":"","ast-banner-title-visibility":"","ast-main-header-display":"","ast-hfb-above-header-display":"","ast-hfb-below-header-display":"","ast-hfb-mobile-header-display":"","site-post-title":"","ast-breadcrumbs-content":"","ast-featured-img":"","footer-sml-layout":"","ast-disable-related-posts":"","theme-transparent-header-meta":"default","adv-header-id-meta":"","stick-header-meta":"","header-above-stick-meta":"","header-main-stick-meta":"","header-below-stick-meta":"","astra-migrate-meta-layouts":"set","ast-page-background-enabled":"default","ast-page-background-meta":{"desktop":{"background-color":"var(--ast-global-color-5)","background-image":"","background-repeat":"repeat","background-position":"center center","background-size":"auto","background-attachment":"scroll","background-type":"","background-media":"","overlay-type":"","overlay-color":"","overlay-opacity":"","overlay-gradient":""},"tablet":{"background-color":"","background-image":"","background-repeat":"repeat","background-position":"center center","background-size":"auto","background-attachment":"scroll","background-type":"","background-media":"","overlay-type":"","overlay-color":"","overlay-opacity":"","overlay-gradient":""},"mobile":{"background-color":"","background-image":"","background-repeat":"repeat","background-position":"center center","background-size":"auto","background-attachment":"scroll","background-type":"","background-media":"","overlay-type":"","overlay-color":"","overlay-opacity":"","overlay-gradient":""}},"ast-content-background-meta":{"desktop":{"background-color":"var(--ast-global-color-4)","background-image":"","background-repeat":"repeat","background-position":"center center","background-size":"auto","background-attachment":"scroll","background-type":"","background-media":"","overlay-type":"","overlay-color":"","overlay-opacity":"","overlay-gradient":""},"tablet":{"background-color":"var(--ast-global-color-4)","background-image":"","background-repeat":"repeat","background-position":"center center","background-size":"auto","background-attachment":"scroll","background-type":"","background-media":"","overlay-type":"","overlay-color":"","overlay-opacity":"","overlay-gradient":""},"mobile":{"background-color":"var(--ast-global-color-4)","background-image":"","background-repeat":"repeat","background-position":"center center","background-size":"auto","background-attachment":"scroll","background-type":"","background-media":"","overlay-type":"","overlay-color":"","overlay-opacity":"","overlay-gradient":""}}},"product_brand":[],"product_cat":[168],"product_tag":[],"class_list":{"0":"post-19749","1":"product","2":"type-product","3":"status-publish","4":"has-post-thumbnail","6":"product_cat-husholdningsartikler","7":"pa_51635_fcf10sam-gra","8":"pa_51635_fcf10sam-svart","9":"pa_51635_lcosyiko-1-stk","10":"pa_51635_lcosyiko-2-stk","11":"pa_51635_lcosyiko-3-stk","12":"desktop-align-left","13":"tablet-align-left","14":"mobile-align-left","16":"first","17":"instock","18":"shipping-taxable","19":"purchasable","20":"product-type-variable","21":"has-default-attributes"},"yoast_head":"<!-- This site is optimized with the Yoast SEO plugin v27.4 - https:\/\/yoast.com\/product\/yoast-seo-wordpress\/ -->\n<title>Sikker for avledning av hengere - Mekulo NO<\/title>\n<meta name=\"robots\" content=\"index, follow, max-snippet:-1, max-image-preview:large, max-video-preview:-1\" \/>\n<link rel=\"canonical\" href=\"https:\/\/mekulo.com\/no\/produkt\/safe-for-avledning-av-hengere\/\" \/>\n<meta property=\"og:locale\" content=\"nb_NO\" \/>\n<meta property=\"og:type\" content=\"article\" \/>\n<meta property=\"og:title\" content=\"Sikker for avledning av hengere - Mekulo NO\" \/>\n<meta property=\"og:description\" content=\"\ud83d\udc8dDenne avledningsboksen ser ut som en vanlig kleshengerlomme, men beskytter i hemmelighet kontanter, smykker og sm\u00e5 verdisaker. \ud83d\udd10Den passer lett inn i skap eller bagasje, noe som gj\u00f8r den perfekt til hjemmebruk eller p\u00e5 reise uten \u00e5 vekke oppmerksomhet. \ud83c\udfe0En enkel, men smart m\u00e5te \u00e5 beskytte verdisakene dine p\u00e5 uten at noen legger merke til det.\" \/>\n<meta property=\"og:url\" content=\"https:\/\/mekulo.com\/no\/produkt\/safe-for-avledning-av-hengere\/\" \/>\n<meta property=\"og:site_name\" content=\"Mekulo NO\" \/>\n<meta property=\"article:modified_time\" content=\"2026-01-29T12:55:58+00:00\" \/>\n<meta property=\"og:image\" content=\"https:\/\/mekulo.com\/no\/wp-content\/uploads\/sites\/10\/2026\/01\/oewwo0n-1.jpeg\" \/>\n\t<meta property=\"og:image:width\" content=\"800\" \/>\n\t<meta property=\"og:image:height\" content=\"800\" \/>\n\t<meta property=\"og:image:type\" content=\"image\/jpeg\" \/>\n<meta name=\"twitter:card\" content=\"summary_large_image\" \/>\n<meta name=\"twitter:label1\" content=\"Ansl. lesetid\" \/>\n\t<meta name=\"twitter:data1\" content=\"2 minutter\" \/>\n<script type=\"application\/ld+json\" class=\"yoast-schema-graph\">{\"@context\":\"https:\\\/\\\/schema.org\",\"@graph\":[{\"@type\":\"WebPage\",\"@id\":\"https:\\\/\\\/mekulo.com\\\/no\\\/produkt\\\/safe-for-avledning-av-hengere\\\/\",\"url\":\"https:\\\/\\\/mekulo.com\\\/no\\\/produkt\\\/safe-for-avledning-av-hengere\\\/\",\"name\":\"Sikker for avledning av hengere - Mekulo NO\",\"isPartOf\":{\"@id\":\"https:\\\/\\\/mekulo.com\\\/no\\\/#website\"},\"primaryImageOfPage\":{\"@id\":\"https:\\\/\\\/mekulo.com\\\/no\\\/produkt\\\/safe-for-avledning-av-hengere\\\/#primaryimage\"},\"image\":{\"@id\":\"https:\\\/\\\/mekulo.com\\\/no\\\/produkt\\\/safe-for-avledning-av-hengere\\\/#primaryimage\"},\"thumbnailUrl\":\"https:\\\/\\\/mekulo.com\\\/no\\\/wp-content\\\/uploads\\\/sites\\\/10\\\/2026\\\/01\\\/oewwo0n-1.jpeg\",\"datePublished\":\"2026-01-28T13:08:28+00:00\",\"dateModified\":\"2026-01-29T12:55:58+00:00\",\"breadcrumb\":{\"@id\":\"https:\\\/\\\/mekulo.com\\\/no\\\/produkt\\\/safe-for-avledning-av-hengere\\\/#breadcrumb\"},\"inLanguage\":\"nb-NO\",\"potentialAction\":[{\"@type\":\"ReadAction\",\"target\":[\"https:\\\/\\\/mekulo.com\\\/no\\\/produkt\\\/safe-for-avledning-av-hengere\\\/\"]}]},{\"@type\":\"ImageObject\",\"inLanguage\":\"nb-NO\",\"@id\":\"https:\\\/\\\/mekulo.com\\\/no\\\/produkt\\\/safe-for-avledning-av-hengere\\\/#primaryimage\",\"url\":\"https:\\\/\\\/mekulo.com\\\/no\\\/wp-content\\\/uploads\\\/sites\\\/10\\\/2026\\\/01\\\/oewwo0n-1.jpeg\",\"contentUrl\":\"https:\\\/\\\/mekulo.com\\\/no\\\/wp-content\\\/uploads\\\/sites\\\/10\\\/2026\\\/01\\\/oewwo0n-1.jpeg\",\"width\":800,\"height\":800},{\"@type\":\"BreadcrumbList\",\"@id\":\"https:\\\/\\\/mekulo.com\\\/no\\\/produkt\\\/safe-for-avledning-av-hengere\\\/#breadcrumb\",\"itemListElement\":[{\"@type\":\"ListItem\",\"position\":1,\"name\":\"Home\",\"item\":\"https:\\\/\\\/mekulo.com\\\/no\\\/\"},{\"@type\":\"ListItem\",\"position\":2,\"name\":\"Butikk\",\"item\":\"https:\\\/\\\/mekulo.com\\\/no\\\/butikk\\\/\"},{\"@type\":\"ListItem\",\"position\":3,\"name\":\"Sikker for avledning av hengere\"}]},{\"@type\":\"WebSite\",\"@id\":\"https:\\\/\\\/mekulo.com\\\/no\\\/#website\",\"url\":\"https:\\\/\\\/mekulo.com\\\/no\\\/\",\"name\":\"Mekulo NO\",\"description\":\"\",\"publisher\":{\"@id\":\"https:\\\/\\\/mekulo.com\\\/no\\\/#organization\"},\"potentialAction\":[{\"@type\":\"SearchAction\",\"target\":{\"@type\":\"EntryPoint\",\"urlTemplate\":\"https:\\\/\\\/mekulo.com\\\/no\\\/?s={search_term_string}\"},\"query-input\":{\"@type\":\"PropertyValueSpecification\",\"valueRequired\":true,\"valueName\":\"search_term_string\"}}],\"inLanguage\":\"nb-NO\"},{\"@type\":\"Organization\",\"@id\":\"https:\\\/\\\/mekulo.com\\\/no\\\/#organization\",\"name\":\"Mekulo\",\"url\":\"https:\\\/\\\/mekulo.com\\\/no\\\/\",\"logo\":{\"@type\":\"ImageObject\",\"inLanguage\":\"nb-NO\",\"@id\":\"https:\\\/\\\/mekulo.com\\\/no\\\/#\\\/schema\\\/logo\\\/image\\\/\",\"url\":\"https:\\\/\\\/mekulo.com\\\/no\\\/wp-content\\\/uploads\\\/sites\\\/10\\\/2025\\\/12\\\/favicon_mekulo.png\",\"contentUrl\":\"https:\\\/\\\/mekulo.com\\\/no\\\/wp-content\\\/uploads\\\/sites\\\/10\\\/2025\\\/12\\\/favicon_mekulo.png\",\"width\":50,\"height\":50,\"caption\":\"Mekulo\"},\"image\":{\"@id\":\"https:\\\/\\\/mekulo.com\\\/no\\\/#\\\/schema\\\/logo\\\/image\\\/\"}}]}<\/script>\n<!-- \/ Yoast SEO plugin. -->","yoast_head_json":{"title":"Sikker for avledning av hengere - Mekulo NO","robots":{"index":"index","follow":"follow","max-snippet":"max-snippet:-1","max-image-preview":"max-image-preview:large","max-video-preview":"max-video-preview:-1"},"canonical":"https:\/\/mekulo.com\/no\/produkt\/safe-for-avledning-av-hengere\/","og_locale":"nb_NO","og_type":"article","og_title":"Sikker for avledning av hengere - Mekulo NO","og_description":"\ud83d\udc8dDenne avledningsboksen ser ut som en vanlig kleshengerlomme, men beskytter i hemmelighet kontanter, smykker og sm\u00e5 verdisaker. \ud83d\udd10Den passer lett inn i skap eller bagasje, noe som gj\u00f8r den perfekt til hjemmebruk eller p\u00e5 reise uten \u00e5 vekke oppmerksomhet. \ud83c\udfe0En enkel, men smart m\u00e5te \u00e5 beskytte verdisakene dine p\u00e5 uten at noen legger merke til det.","og_url":"https:\/\/mekulo.com\/no\/produkt\/safe-for-avledning-av-hengere\/","og_site_name":"Mekulo NO","article_modified_time":"2026-01-29T12:55:58+00:00","og_image":[{"width":800,"height":800,"url":"https:\/\/mekulo.com\/no\/wp-content\/uploads\/sites\/10\/2026\/01\/oewwo0n-1.jpeg","type":"image\/jpeg"}],"twitter_card":"summary_large_image","twitter_misc":{"Ansl. lesetid":"2 minutter"},"schema":{"@context":"https:\/\/schema.org","@graph":[{"@type":"WebPage","@id":"https:\/\/mekulo.com\/no\/produkt\/safe-for-avledning-av-hengere\/","url":"https:\/\/mekulo.com\/no\/produkt\/safe-for-avledning-av-hengere\/","name":"Sikker for avledning av hengere - Mekulo NO","isPartOf":{"@id":"https:\/\/mekulo.com\/no\/#website"},"primaryImageOfPage":{"@id":"https:\/\/mekulo.com\/no\/produkt\/safe-for-avledning-av-hengere\/#primaryimage"},"image":{"@id":"https:\/\/mekulo.com\/no\/produkt\/safe-for-avledning-av-hengere\/#primaryimage"},"thumbnailUrl":"https:\/\/mekulo.com\/no\/wp-content\/uploads\/sites\/10\/2026\/01\/oewwo0n-1.jpeg","datePublished":"2026-01-28T13:08:28+00:00","dateModified":"2026-01-29T12:55:58+00:00","breadcrumb":{"@id":"https:\/\/mekulo.com\/no\/produkt\/safe-for-avledning-av-hengere\/#breadcrumb"},"inLanguage":"nb-NO","potentialAction":[{"@type":"ReadAction","target":["https:\/\/mekulo.com\/no\/produkt\/safe-for-avledning-av-hengere\/"]}]},{"@type":"ImageObject","inLanguage":"nb-NO","@id":"https:\/\/mekulo.com\/no\/produkt\/safe-for-avledning-av-hengere\/#primaryimage","url":"https:\/\/mekulo.com\/no\/wp-content\/uploads\/sites\/10\/2026\/01\/oewwo0n-1.jpeg","contentUrl":"https:\/\/mekulo.com\/no\/wp-content\/uploads\/sites\/10\/2026\/01\/oewwo0n-1.jpeg","width":800,"height":800},{"@type":"BreadcrumbList","@id":"https:\/\/mekulo.com\/no\/produkt\/safe-for-avledning-av-hengere\/#breadcrumb","itemListElement":[{"@type":"ListItem","position":1,"name":"Home","item":"https:\/\/mekulo.com\/no\/"},{"@type":"ListItem","position":2,"name":"Butikk","item":"https:\/\/mekulo.com\/no\/butikk\/"},{"@type":"ListItem","position":3,"name":"Sikker for avledning av hengere"}]},{"@type":"WebSite","@id":"https:\/\/mekulo.com\/no\/#website","url":"https:\/\/mekulo.com\/no\/","name":"Mekulo NO","description":"","publisher":{"@id":"https:\/\/mekulo.com\/no\/#organization"},"potentialAction":[{"@type":"SearchAction","target":{"@type":"EntryPoint","urlTemplate":"https:\/\/mekulo.com\/no\/?s={search_term_string}"},"query-input":{"@type":"PropertyValueSpecification","valueRequired":true,"valueName":"search_term_string"}}],"inLanguage":"nb-NO"},{"@type":"Organization","@id":"https:\/\/mekulo.com\/no\/#organization","name":"Mekulo","url":"https:\/\/mekulo.com\/no\/","logo":{"@type":"ImageObject","inLanguage":"nb-NO","@id":"https:\/\/mekulo.com\/no\/#\/schema\/logo\/image\/","url":"https:\/\/mekulo.com\/no\/wp-content\/uploads\/sites\/10\/2025\/12\/favicon_mekulo.png","contentUrl":"https:\/\/mekulo.com\/no\/wp-content\/uploads\/sites\/10\/2025\/12\/favicon_mekulo.png","width":50,"height":50,"caption":"Mekulo"},"image":{"@id":"https:\/\/mekulo.com\/no\/#\/schema\/logo\/image\/"}}]}},"_links":{"self":[{"href":"https:\/\/mekulo.com\/no\/wp-json\/wp\/v2\/product\/19749","targetHints":{"allow":["GET"]}}],"collection":[{"href":"https:\/\/mekulo.com\/no\/wp-json\/wp\/v2\/product"}],"about":[{"href":"https:\/\/mekulo.com\/no\/wp-json\/wp\/v2\/types\/product"}],"replies":[{"embeddable":true,"href":"https:\/\/mekulo.com\/no\/wp-json\/wp\/v2\/comments?post=19749"}],"wp:featuredmedia":[{"embeddable":true,"href":"https:\/\/mekulo.com\/no\/wp-json\/wp\/v2\/media\/19745"}],"wp:attachment":[{"href":"https:\/\/mekulo.com\/no\/wp-json\/wp\/v2\/media?parent=19749"}],"wp:term":[{"taxonomy":"product_brand","embeddable":true,"href":"https:\/\/mekulo.com\/no\/wp-json\/wp\/v2\/product_brand?post=19749"},{"taxonomy":"product_cat","embeddable":true,"href":"https:\/\/mekulo.com\/no\/wp-json\/wp\/v2\/product_cat?post=19749"},{"taxonomy":"product_tag","embeddable":true,"href":"https:\/\/mekulo.com\/no\/wp-json\/wp\/v2\/product_tag?post=19749"}],"curies":[{"name":"wp","href":"https:\/\/api.w.org\/{rel}","templated":true}]}}