{"id":19736,"date":"2026-01-28T15:06:57","date_gmt":"2026-01-28T13:06:57","guid":{"rendered":"https:\/\/mekulo.com\/no\/produkt\/temperaturkontroll-frityrgryte\/"},"modified":"2026-01-29T14:53:37","modified_gmt":"2026-01-29T12:53:37","slug":"temperaturkontroll-frityrgryte","status":"publish","type":"product","link":"https:\/\/mekulo.com\/no\/produkt\/temperaturkontroll-frityrgryte\/","title":{"rendered":"Temperaturkontroll frityrgryte"},"content":{"rendered":"<p style=\"text-align: center;\" data-start=\"36\" data-end=\"115\"><strong data-start=\"36\" data-end=\"115\">Stek Favorittmaten Din Jevnt Og Trygt Med Perfekt Temperaturkontroll. \ud83c\udf21<\/strong><\/p>\n<p data-start=\"36\" data-end=\"115\"><img decoding=\"async\" class=\"size-full wp-image-21810 aligncenter\" src=\"https:\/\/mekulo.com\/template\/wp-content\/uploads\/sites\/6\/2026\/01\/c70e6caaaedeeda0fd6d944f3db3ae0509a7c242-700.avif\" alt=\"\" \/><\/p>\n<h2 style=\"text-align: center;\" data-start=\"341\" data-end=\"361\"><strong>\ud83c\udf5f Hovedfordeler<\/strong><\/h2>\n<p data-start=\"363\" data-end=\"474\">\ud83c\udf21 Innebygd temperaturkontroll &#8211; Termometeret hjelper deg med \u00e5 holde oljen p\u00e5 den ideelle steketemperaturen (Celsius).<\/p>\n<p data-start=\"476\" data-end=\"576\">\ud83d\udee2 Avtakbart oljeavl\u00f8psstativ &#8211; Overfl\u00f8dig olje dreneres tilbake i gryten for renere og sunnere steking.<\/p>\n<p data-start=\"578\" data-end=\"666\">\ud83d\udca7 Enkel helletut &#8211; V-formet tut som heller olje jevnt uten drypp eller s\u00f8l.<\/p>\n<p data-start=\"668\" data-end=\"751\">\ud83d\udd25 Jevn varmefordeling &#8211; Fortykket komposittbunn varmer jevnt og raskere.<\/p>\n<p data-start=\"753\" data-end=\"839\">\ud83e\uddf1 Slitesterkt rustfritt st\u00e5l &#8211; Sterk, langvarig og trygg for matlaging med h\u00f8y varme.<\/p>\n<p data-start=\"753\" data-end=\"839\"><img decoding=\"async\" class=\"size-full wp-image-21812 aligncenter\" src=\"https:\/\/mekulo.com\/template\/wp-content\/uploads\/sites\/6\/2026\/01\/7013feecfa3f317ed2ab309270013ccb95574486178a60ac1f68136036125856-700.avif\" alt=\"\" \/><\/p>\n<h2 style=\"text-align: center;\" data-start=\"846\" data-end=\"863\"><strong>\ud83d\udee0 Slik Bruker Du<\/strong><\/h2>\n<ol data-start=\"865\" data-end=\"1171\">\n<li data-start=\"865\" data-end=\"897\">\n<p data-start=\"868\" data-end=\"897\">Legg matolje i gryten.<\/p>\n<\/li>\n<li data-start=\"898\" data-end=\"958\">\n<p data-start=\"901\" data-end=\"958\">Varm opp og overv\u00e5k temperaturen ved hjelp av termometeret.<\/p>\n<\/li>\n<li data-start=\"959\" data-end=\"1016\">\n<p data-start=\"962\" data-end=\"1016\">Legg maten p\u00e5 avl\u00f8psstativet og senk den ned i oljen.<\/p>\n<\/li>\n<li data-start=\"1017\" data-end=\"1067\">\n<p data-start=\"1020\" data-end=\"1067\">Stek i henhold til anbefalt temperatur.<\/p>\n<\/li>\n<li data-start=\"1068\" data-end=\"1121\">\n<p data-start=\"1071\" data-end=\"1121\">L\u00f8ft stativet for \u00e5 t\u00f8mme overfl\u00f8dig olje tilbake i gryten.<\/p>\n<\/li>\n<li data-start=\"1122\" data-end=\"1171\">\n<p data-start=\"1125\" data-end=\"1171\">Hell oljen trygt ved hjelp av tuten etter avkj\u00f8ling.<\/p>\n<\/li>\n<\/ol>\n<h2 style=\"text-align: center;\" data-start=\"1178\" data-end=\"1200\"><strong>\ud83d\udccc Produktdetaljer<\/strong><\/h2>\n<ul data-start=\"1202\" data-end=\"1420\">\n<li data-start=\"1236\" data-end=\"1265\">\n<p data-start=\"1238\" data-end=\"1265\">Materiale: Rustfritt St\u00e5l<\/p>\n<\/li>\n<li data-start=\"1266\" data-end=\"1298\">\n<p data-start=\"1268\" data-end=\"1298\">Temperaturvisning: Celsius<\/p>\n<\/li>\n<li data-start=\"1299\" data-end=\"1325\">\n<p data-start=\"1301\" data-end=\"1325\">Vekt: Ca. 1000 g<\/p>\n<\/li>\n<li data-start=\"1326\" data-end=\"1362\">\n<p data-start=\"1328\" data-end=\"1362\">Bunn: Fortykket komposittbunn<\/p>\n<\/li>\n<li data-start=\"1363\" data-end=\"1420\">\n<p data-start=\"1365\" data-end=\"1420\">Bruk: Steking av poteter, kj\u00f8tt, sj\u00f8mat, snacks med mer<\/p>\n<\/li>\n<li data-start=\"1363\" data-end=\"1420\">St\u00f8rrelse: 20 cm (2,2 L), 24 cm (3,2 L)<\/li>\n<\/ul>\n<p data-start=\"1422\" data-end=\"1460\"><strong data-start=\"1422\" data-end=\"1458\">Anbefalte Steketemperaturer:<\/strong><\/p>\n<ul data-start=\"1461\" data-end=\"1585\">\n<li data-start=\"1461\" data-end=\"1500\">\n<p data-start=\"1463\" data-end=\"1500\">150-160 \u00b0C: Pommes frites, aubergine, gresskar<\/p>\n<\/li>\n<li data-start=\"1501\" data-end=\"1540\">\n<p data-start=\"1503\" data-end=\"1540\">160-170 \u00b0C: S\u00f8tpotet, kroketter<\/p>\n<\/li>\n<li data-start=\"1541\" data-end=\"1585\">\n<p data-start=\"1543\" data-end=\"1585\">170-180 \u00b0C: Kyllingnuggets, fisk, reker<\/p>\n<\/li>\n<\/ul>\n<h2 style=\"text-align: center;\" data-start=\"1592\" data-end=\"1615\"><strong>\ud83d\udce6 Pakken inneholder<\/strong><\/h2>\n<ul data-start=\"1617\" data-end=\"1660\">\n<li data-start=\"1617\" data-end=\"1660\">\n<p data-start=\"1619\" data-end=\"1660\">1x temperaturkontrollert frityrgryte.<\/p>\n<\/li>\n<\/ul>\n","protected":false},"excerpt":{"rendered":"<p><span style=\"font-size: 16px; font-style: normal; font-weight: 400;\">\ud83c\udf64<\/span>Denne frityrgryten i rustfritt st\u00e5l hjelper deg med \u00e5 oppn\u00e5 spr\u00f8, gylne resultater hver gang.<br \/>\n<span style=\"font-size: 16px; font-style: normal; font-weight: 400;\">\ud83d\udd25<\/span>Med et innebygd termometer og smart oljekontrolldesign fjerner den gjetning og gj\u00f8r stekingen renere, enklere og morsommere.<br \/>\n\ud83c\udf72En p\u00e5litelig og brukervennlig frityrgryte som gir spr\u00f8 resultater med mindre s\u00f8l og mer kontroll.<\/p>\n","protected":false},"featured_media":19732,"comment_status":"open","ping_status":"closed","template":"","meta":{"site-sidebar-layout":"default","site-content-layout":"","ast-site-content-layout":"default","site-content-style":"default","site-sidebar-style":"default","ast-global-header-display":"","ast-banner-title-visibility":"","ast-main-header-display":"","ast-hfb-above-header-display":"","ast-hfb-below-header-display":"","ast-hfb-mobile-header-display":"","site-post-title":"","ast-breadcrumbs-content":"","ast-featured-img":"","footer-sml-layout":"","theme-transparent-header-meta":"default","adv-header-id-meta":"","stick-header-meta":"","header-above-stick-meta":"","header-main-stick-meta":"","header-below-stick-meta":"","astra-migrate-meta-layouts":"set","ast-page-background-enabled":"default","ast-page-background-meta":{"desktop":{"background-color":"var(--ast-global-color-5)","background-image":"","background-repeat":"repeat","background-position":"center center","background-size":"auto","background-attachment":"scroll","background-type":"","background-media":"","overlay-type":"","overlay-color":"","overlay-opacity":"","overlay-gradient":""},"tablet":{"background-color":"","background-image":"","background-repeat":"repeat","background-position":"center center","background-size":"auto","background-attachment":"scroll","background-type":"","background-media":"","overlay-type":"","overlay-color":"","overlay-opacity":"","overlay-gradient":""},"mobile":{"background-color":"","background-image":"","background-repeat":"repeat","background-position":"center center","background-size":"auto","background-attachment":"scroll","background-type":"","background-media":"","overlay-type":"","overlay-color":"","overlay-opacity":"","overlay-gradient":""}},"ast-content-background-meta":{"desktop":{"background-color":"var(--ast-global-color-4)","background-image":"","background-repeat":"repeat","background-position":"center center","background-size":"auto","background-attachment":"scroll","background-type":"","background-media":"","overlay-type":"","overlay-color":"","overlay-opacity":"","overlay-gradient":""},"tablet":{"background-color":"var(--ast-global-color-4)","background-image":"","background-repeat":"repeat","background-position":"center center","background-size":"auto","background-attachment":"scroll","background-type":"","background-media":"","overlay-type":"","overlay-color":"","overlay-opacity":"","overlay-gradient":""},"mobile":{"background-color":"var(--ast-global-color-4)","background-image":"","background-repeat":"repeat","background-position":"center center","background-size":"auto","background-attachment":"scroll","background-type":"","background-media":"","overlay-type":"","overlay-color":"","overlay-opacity":"","overlay-gradient":""}}},"product_brand":[],"product_cat":[168],"product_tag":[],"class_list":{"0":"post-19736","1":"product","2":"type-product","3":"status-publish","4":"has-post-thumbnail","6":"product_cat-husholdningsartikler","7":"pa_51634_bkrp771w-20-cm","8":"pa_51634_bkrp771w-24-cm","9":"desktop-align-left","10":"tablet-align-left","11":"mobile-align-left","13":"first","14":"instock","15":"shipping-taxable","16":"purchasable","17":"product-type-variable"},"yoast_head":"<!-- This site is optimized with the Yoast SEO plugin v26.6 - https:\/\/yoast.com\/wordpress\/plugins\/seo\/ -->\n<title>Temperaturkontroll frityrgryte - Mekulo NO<\/title>\n<meta name=\"robots\" content=\"index, follow, max-snippet:-1, max-image-preview:large, max-video-preview:-1\" \/>\n<link rel=\"canonical\" href=\"https:\/\/mekulo.com\/no\/produkt\/temperaturkontroll-frityrgryte\/\" \/>\n<meta property=\"og:locale\" content=\"nb_NO\" \/>\n<meta property=\"og:type\" content=\"article\" \/>\n<meta property=\"og:title\" content=\"Temperaturkontroll frityrgryte - Mekulo NO\" \/>\n<meta property=\"og:description\" content=\"\ud83c\udf64Denne frityrgryten i rustfritt st\u00e5l hjelper deg med \u00e5 oppn\u00e5 spr\u00f8, gylne resultater hver gang. \ud83d\udd25Med et innebygd termometer og smart oljekontrolldesign fjerner den gjetning og gj\u00f8r stekingen renere, enklere og morsommere. \ud83c\udf72En p\u00e5litelig og brukervennlig frityrgryte som gir spr\u00f8 resultater med mindre s\u00f8l og mer kontroll.\" \/>\n<meta property=\"og:url\" content=\"https:\/\/mekulo.com\/no\/produkt\/temperaturkontroll-frityrgryte\/\" \/>\n<meta property=\"og:site_name\" content=\"Mekulo NO\" \/>\n<meta property=\"article:modified_time\" content=\"2026-01-29T12:53:37+00:00\" \/>\n<meta property=\"og:image\" content=\"https:\/\/mekulo.com\/no\/wp-content\/uploads\/sites\/10\/2026\/01\/tp3ep6u-1.jpg\" \/>\n\t<meta property=\"og:image:width\" content=\"700\" \/>\n\t<meta property=\"og:image:height\" content=\"700\" \/>\n\t<meta property=\"og:image:type\" content=\"image\/jpeg\" \/>\n<meta name=\"twitter:card\" content=\"summary_large_image\" \/>\n<meta name=\"twitter:label1\" content=\"Ansl. lesetid\" \/>\n\t<meta name=\"twitter:data1\" content=\"2 minutter\" \/>\n<script type=\"application\/ld+json\" class=\"yoast-schema-graph\">{\"@context\":\"https:\/\/schema.org\",\"@graph\":[{\"@type\":\"WebPage\",\"@id\":\"https:\/\/mekulo.com\/no\/produkt\/temperaturkontroll-frityrgryte\/\",\"url\":\"https:\/\/mekulo.com\/no\/produkt\/temperaturkontroll-frityrgryte\/\",\"name\":\"Temperaturkontroll frityrgryte - Mekulo NO\",\"isPartOf\":{\"@id\":\"https:\/\/mekulo.com\/no\/#website\"},\"primaryImageOfPage\":{\"@id\":\"https:\/\/mekulo.com\/no\/produkt\/temperaturkontroll-frityrgryte\/#primaryimage\"},\"image\":{\"@id\":\"https:\/\/mekulo.com\/no\/produkt\/temperaturkontroll-frityrgryte\/#primaryimage\"},\"thumbnailUrl\":\"https:\/\/mekulo.com\/no\/wp-content\/uploads\/sites\/10\/2026\/01\/tp3ep6u-1.jpg\",\"datePublished\":\"2026-01-28T13:06:57+00:00\",\"dateModified\":\"2026-01-29T12:53:37+00:00\",\"breadcrumb\":{\"@id\":\"https:\/\/mekulo.com\/no\/produkt\/temperaturkontroll-frityrgryte\/#breadcrumb\"},\"inLanguage\":\"nb-NO\",\"potentialAction\":[{\"@type\":\"ReadAction\",\"target\":[\"https:\/\/mekulo.com\/no\/produkt\/temperaturkontroll-frityrgryte\/\"]}]},{\"@type\":\"ImageObject\",\"inLanguage\":\"nb-NO\",\"@id\":\"https:\/\/mekulo.com\/no\/produkt\/temperaturkontroll-frityrgryte\/#primaryimage\",\"url\":\"https:\/\/mekulo.com\/no\/wp-content\/uploads\/sites\/10\/2026\/01\/tp3ep6u-1.jpg\",\"contentUrl\":\"https:\/\/mekulo.com\/no\/wp-content\/uploads\/sites\/10\/2026\/01\/tp3ep6u-1.jpg\",\"width\":700,\"height\":700},{\"@type\":\"BreadcrumbList\",\"@id\":\"https:\/\/mekulo.com\/no\/produkt\/temperaturkontroll-frityrgryte\/#breadcrumb\",\"itemListElement\":[{\"@type\":\"ListItem\",\"position\":1,\"name\":\"Home\",\"item\":\"https:\/\/mekulo.com\/no\/\"},{\"@type\":\"ListItem\",\"position\":2,\"name\":\"Butikk\",\"item\":\"https:\/\/mekulo.com\/no\/butikk\/\"},{\"@type\":\"ListItem\",\"position\":3,\"name\":\"Temperaturkontroll frityrgryte\"}]},{\"@type\":\"WebSite\",\"@id\":\"https:\/\/mekulo.com\/no\/#website\",\"url\":\"https:\/\/mekulo.com\/no\/\",\"name\":\"Mekulo NO\",\"description\":\"\",\"publisher\":{\"@id\":\"https:\/\/mekulo.com\/no\/#organization\"},\"potentialAction\":[{\"@type\":\"SearchAction\",\"target\":{\"@type\":\"EntryPoint\",\"urlTemplate\":\"https:\/\/mekulo.com\/no\/?s={search_term_string}\"},\"query-input\":{\"@type\":\"PropertyValueSpecification\",\"valueRequired\":true,\"valueName\":\"search_term_string\"}}],\"inLanguage\":\"nb-NO\"},{\"@type\":\"Organization\",\"@id\":\"https:\/\/mekulo.com\/no\/#organization\",\"name\":\"Mekulo\",\"url\":\"https:\/\/mekulo.com\/no\/\",\"logo\":{\"@type\":\"ImageObject\",\"inLanguage\":\"nb-NO\",\"@id\":\"https:\/\/mekulo.com\/no\/#\/schema\/logo\/image\/\",\"url\":\"https:\/\/mekulo.com\/no\/wp-content\/uploads\/sites\/10\/2025\/12\/favicon_mekulo.png\",\"contentUrl\":\"https:\/\/mekulo.com\/no\/wp-content\/uploads\/sites\/10\/2025\/12\/favicon_mekulo.png\",\"width\":50,\"height\":50,\"caption\":\"Mekulo\"},\"image\":{\"@id\":\"https:\/\/mekulo.com\/no\/#\/schema\/logo\/image\/\"}}]}<\/script>\n<!-- \/ Yoast SEO plugin. -->","yoast_head_json":{"title":"Temperaturkontroll frityrgryte - Mekulo NO","robots":{"index":"index","follow":"follow","max-snippet":"max-snippet:-1","max-image-preview":"max-image-preview:large","max-video-preview":"max-video-preview:-1"},"canonical":"https:\/\/mekulo.com\/no\/produkt\/temperaturkontroll-frityrgryte\/","og_locale":"nb_NO","og_type":"article","og_title":"Temperaturkontroll frityrgryte - Mekulo NO","og_description":"\ud83c\udf64Denne frityrgryten i rustfritt st\u00e5l hjelper deg med \u00e5 oppn\u00e5 spr\u00f8, gylne resultater hver gang. \ud83d\udd25Med et innebygd termometer og smart oljekontrolldesign fjerner den gjetning og gj\u00f8r stekingen renere, enklere og morsommere. \ud83c\udf72En p\u00e5litelig og brukervennlig frityrgryte som gir spr\u00f8 resultater med mindre s\u00f8l og mer kontroll.","og_url":"https:\/\/mekulo.com\/no\/produkt\/temperaturkontroll-frityrgryte\/","og_site_name":"Mekulo NO","article_modified_time":"2026-01-29T12:53:37+00:00","og_image":[{"width":700,"height":700,"url":"https:\/\/mekulo.com\/no\/wp-content\/uploads\/sites\/10\/2026\/01\/tp3ep6u-1.jpg","type":"image\/jpeg"}],"twitter_card":"summary_large_image","twitter_misc":{"Ansl. lesetid":"2 minutter"},"schema":{"@context":"https:\/\/schema.org","@graph":[{"@type":"WebPage","@id":"https:\/\/mekulo.com\/no\/produkt\/temperaturkontroll-frityrgryte\/","url":"https:\/\/mekulo.com\/no\/produkt\/temperaturkontroll-frityrgryte\/","name":"Temperaturkontroll frityrgryte - Mekulo NO","isPartOf":{"@id":"https:\/\/mekulo.com\/no\/#website"},"primaryImageOfPage":{"@id":"https:\/\/mekulo.com\/no\/produkt\/temperaturkontroll-frityrgryte\/#primaryimage"},"image":{"@id":"https:\/\/mekulo.com\/no\/produkt\/temperaturkontroll-frityrgryte\/#primaryimage"},"thumbnailUrl":"https:\/\/mekulo.com\/no\/wp-content\/uploads\/sites\/10\/2026\/01\/tp3ep6u-1.jpg","datePublished":"2026-01-28T13:06:57+00:00","dateModified":"2026-01-29T12:53:37+00:00","breadcrumb":{"@id":"https:\/\/mekulo.com\/no\/produkt\/temperaturkontroll-frityrgryte\/#breadcrumb"},"inLanguage":"nb-NO","potentialAction":[{"@type":"ReadAction","target":["https:\/\/mekulo.com\/no\/produkt\/temperaturkontroll-frityrgryte\/"]}]},{"@type":"ImageObject","inLanguage":"nb-NO","@id":"https:\/\/mekulo.com\/no\/produkt\/temperaturkontroll-frityrgryte\/#primaryimage","url":"https:\/\/mekulo.com\/no\/wp-content\/uploads\/sites\/10\/2026\/01\/tp3ep6u-1.jpg","contentUrl":"https:\/\/mekulo.com\/no\/wp-content\/uploads\/sites\/10\/2026\/01\/tp3ep6u-1.jpg","width":700,"height":700},{"@type":"BreadcrumbList","@id":"https:\/\/mekulo.com\/no\/produkt\/temperaturkontroll-frityrgryte\/#breadcrumb","itemListElement":[{"@type":"ListItem","position":1,"name":"Home","item":"https:\/\/mekulo.com\/no\/"},{"@type":"ListItem","position":2,"name":"Butikk","item":"https:\/\/mekulo.com\/no\/butikk\/"},{"@type":"ListItem","position":3,"name":"Temperaturkontroll frityrgryte"}]},{"@type":"WebSite","@id":"https:\/\/mekulo.com\/no\/#website","url":"https:\/\/mekulo.com\/no\/","name":"Mekulo NO","description":"","publisher":{"@id":"https:\/\/mekulo.com\/no\/#organization"},"potentialAction":[{"@type":"SearchAction","target":{"@type":"EntryPoint","urlTemplate":"https:\/\/mekulo.com\/no\/?s={search_term_string}"},"query-input":{"@type":"PropertyValueSpecification","valueRequired":true,"valueName":"search_term_string"}}],"inLanguage":"nb-NO"},{"@type":"Organization","@id":"https:\/\/mekulo.com\/no\/#organization","name":"Mekulo","url":"https:\/\/mekulo.com\/no\/","logo":{"@type":"ImageObject","inLanguage":"nb-NO","@id":"https:\/\/mekulo.com\/no\/#\/schema\/logo\/image\/","url":"https:\/\/mekulo.com\/no\/wp-content\/uploads\/sites\/10\/2025\/12\/favicon_mekulo.png","contentUrl":"https:\/\/mekulo.com\/no\/wp-content\/uploads\/sites\/10\/2025\/12\/favicon_mekulo.png","width":50,"height":50,"caption":"Mekulo"},"image":{"@id":"https:\/\/mekulo.com\/no\/#\/schema\/logo\/image\/"}}]}},"_links":{"self":[{"href":"https:\/\/mekulo.com\/no\/wp-json\/wp\/v2\/product\/19736","targetHints":{"allow":["GET"]}}],"collection":[{"href":"https:\/\/mekulo.com\/no\/wp-json\/wp\/v2\/product"}],"about":[{"href":"https:\/\/mekulo.com\/no\/wp-json\/wp\/v2\/types\/product"}],"replies":[{"embeddable":true,"href":"https:\/\/mekulo.com\/no\/wp-json\/wp\/v2\/comments?post=19736"}],"wp:featuredmedia":[{"embeddable":true,"href":"https:\/\/mekulo.com\/no\/wp-json\/wp\/v2\/media\/19732"}],"wp:attachment":[{"href":"https:\/\/mekulo.com\/no\/wp-json\/wp\/v2\/media?parent=19736"}],"wp:term":[{"taxonomy":"product_brand","embeddable":true,"href":"https:\/\/mekulo.com\/no\/wp-json\/wp\/v2\/product_brand?post=19736"},{"taxonomy":"product_cat","embeddable":true,"href":"https:\/\/mekulo.com\/no\/wp-json\/wp\/v2\/product_cat?post=19736"},{"taxonomy":"product_tag","embeddable":true,"href":"https:\/\/mekulo.com\/no\/wp-json\/wp\/v2\/product_tag?post=19736"}],"curies":[{"name":"wp","href":"https:\/\/api.w.org\/{rel}","templated":true}]}}