{"id":19692,"date":"2026-01-28T15:03:14","date_gmt":"2026-01-28T13:03:14","guid":{"rendered":"https:\/\/mekulo.com\/no\/produkt\/crossbody-veske-med-flere-lommer\/"},"modified":"2026-01-28T15:03:39","modified_gmt":"2026-01-28T13:03:39","slug":"crossbody-veske-med-flere-lommer","status":"publish","type":"product","link":"https:\/\/mekulo.com\/no\/produkt\/crossbody-veske-med-flere-lommer\/","title":{"rendered":"Crossbody-veske med flere lommer"},"content":{"rendered":"<p style=\"text-align: center\" data-start=\"32\" data-end=\"92\"><strong data-start=\"32\" data-end=\"92\">B\u00e6r alt du trenger i en stilig, organisert veske. \ud83d\udc5c<\/strong><\/p>\n<p data-start=\"32\" data-end=\"92\"><img decoding=\"async\" class=\"size-full wp-image-21775 aligncenter\" src=\"https:\/\/mekulo.com\/template\/wp-content\/uploads\/sites\/6\/2026\/01\/ab44096e03a70677326038eb2adeb1033c2a4567-700.avif\" alt=\"\" \/><\/p>\n<h2 style=\"text-align: center\" data-start=\"345\" data-end=\"364\">\u2728 Hovedfordeler<\/h2>\n<p data-start=\"366\" data-end=\"449\">\ud83c\udf92 7 smarte lommer &#8211; holder orden p\u00e5 telefon, lommebok, n\u00f8kler og tilbeh\u00f8r.<\/p>\n<p data-start=\"451\" data-end=\"536\">\ud83d\udca7 Vannbestandig nylon &#8211; beskytter eiendelene dine mot lett regn og sprut.<\/p>\n<p data-start=\"538\" data-end=\"616\">\ud83d\udce6 Stor kapasitet &#8211; romslig nok til b\u00f8ker, paraply, treningsutstyr og mer.<\/p>\n<p data-start=\"618\" data-end=\"692\">\ud83d\udd01 Justerbar og allsidig &#8211; bruk den som skulderveske eller crossbody-veske.<\/p>\n<p data-start=\"694\" data-end=\"779\">\ud83c\udf81 Stilig og gaveklar &#8211; Moderne utseende som er en perfekt gave til enhver anledning.<\/p>\n<p data-start=\"694\" data-end=\"779\"><img decoding=\"async\" class=\"size-full wp-image-21777 aligncenter\" src=\"https:\/\/mekulo.com\/template\/wp-content\/uploads\/sites\/6\/2026\/01\/3e4cccab64abd9fb19a59b9d3ffce064dab6957d-700.avif\" alt=\"\" \/><\/p>\n<h2 style=\"text-align: center\" data-start=\"786\" data-end=\"803\">\ud83d\udee0 Slik bruker du den<\/h2>\n<ol data-start=\"805\" data-end=\"1031\">\n<li data-start=\"805\" data-end=\"861\">\n<p data-start=\"808\" data-end=\"861\">Juster skulderstroppen til \u00f8nsket lengde.<\/p>\n<\/li>\n<li data-start=\"862\" data-end=\"917\">\n<p data-start=\"865\" data-end=\"917\">Legg ting i hovedrommet og lommene.<\/p>\n<\/li>\n<li data-start=\"918\" data-end=\"973\">\n<p data-start=\"921\" data-end=\"973\">Bruk side- og frontlommene for rask tilgang til ting.<\/p>\n<\/li>\n<li data-start=\"974\" data-end=\"1031\">\n<p data-start=\"977\" data-end=\"1031\">Fest glidel\u00e5sen sikkert og b\u00e6r den p\u00e5 tvers eller p\u00e5 skulderen.<\/p>\n<\/li>\n<\/ol>\n<h2 style=\"text-align: center\" data-start=\"1038\" data-end=\"1060\">\ud83d\udccc Produktdetaljer<\/h2>\n<ul data-start=\"1062\" data-end=\"1389\">\n<li data-start=\"1062\" data-end=\"1110\">\n<p data-start=\"1064\" data-end=\"1110\">Materiale: Lett, vannbestandig nylon<\/p>\n<\/li>\n<li data-start=\"1111\" data-end=\"1142\">\n<p data-start=\"1113\" data-end=\"1142\">St\u00f8rrelse: 37 x 26 cm<\/p>\n<\/li>\n<li data-start=\"1194\" data-end=\"1219\">\n<p data-start=\"1196\" data-end=\"1219\">H\u00e5ndtaksh\u00f8yde: 30 cm<\/p>\n<\/li>\n<li data-start=\"1220\" data-end=\"1389\">\n<p data-start=\"1222\" data-end=\"1232\">Lommer:<\/p>\n<ul data-start=\"1235\" data-end=\"1389\">\n<li data-start=\"1235\" data-end=\"1284\">\n<p data-start=\"1237\" data-end=\"1284\">Utvendig: 2 sidelommer, 2 frontlommer med glidel\u00e5s<\/p>\n<\/li>\n<li data-start=\"1287\" data-end=\"1348\">\n<p data-start=\"1289\" data-end=\"1348\">Innvendig: 1 hovedrom med borrel\u00e5s + 2 \u00e5pne lommer<\/p>\n<\/li>\n<li data-start=\"1351\" data-end=\"1389\">\n<p data-start=\"1353\" data-end=\"1389\">Utvidbar sidelomme med glidel\u00e5s<\/p>\n<\/li>\n<\/ul>\n<\/li>\n<\/ul>\n<h2 style=\"text-align: center\" data-start=\"1396\" data-end=\"1419\">\ud83d\udce6 Pakken inkluderer<\/h2>\n<ul data-start=\"1421\" data-end=\"1455\">\n<li data-start=\"1421\" data-end=\"1455\">\n<p data-start=\"1423\" data-end=\"1455\">1x crossbody-veske med flere lommer.<\/p>\n<\/li>\n<\/ul>\n","protected":false},"excerpt":{"rendered":"<p>\ud83d\udc5dDenne crossbody-vesken med flere lommer er designet for \u00e5 holde orden p\u00e5 det viktigste i hverdagen, samtidig som den er lett og komfortabel.<br \/>\n\ud83d\udc5bMed syv smarte lommer og et romslig interi\u00f8r er den perfekt for reiser, jobb, shopping eller hverdagsutflukter.<br \/>\n\ud83c\udf80En praktisk, komfortabel og stilig veske som holder alt p\u00e5 plass &#8211; perfekt for hverdagen og n\u00e5r du er p\u00e5 farten.<\/p>\n","protected":false},"featured_media":19688,"comment_status":"open","ping_status":"closed","template":"","meta":{"site-sidebar-layout":"default","site-content-layout":"","ast-site-content-layout":"default","site-content-style":"default","site-sidebar-style":"default","ast-global-header-display":"","ast-banner-title-visibility":"","ast-main-header-display":"","ast-hfb-above-header-display":"","ast-hfb-below-header-display":"","ast-hfb-mobile-header-display":"","site-post-title":"","ast-breadcrumbs-content":"","ast-featured-img":"","footer-sml-layout":"","theme-transparent-header-meta":"default","adv-header-id-meta":"","stick-header-meta":"","header-above-stick-meta":"","header-main-stick-meta":"","header-below-stick-meta":"","astra-migrate-meta-layouts":"set","ast-page-background-enabled":"default","ast-page-background-meta":{"desktop":{"background-color":"var(--ast-global-color-5)","background-image":"","background-repeat":"repeat","background-position":"center center","background-size":"auto","background-attachment":"scroll","background-type":"","background-media":"","overlay-type":"","overlay-color":"","overlay-opacity":"","overlay-gradient":""},"tablet":{"background-color":"","background-image":"","background-repeat":"repeat","background-position":"center center","background-size":"auto","background-attachment":"scroll","background-type":"","background-media":"","overlay-type":"","overlay-color":"","overlay-opacity":"","overlay-gradient":""},"mobile":{"background-color":"","background-image":"","background-repeat":"repeat","background-position":"center center","background-size":"auto","background-attachment":"scroll","background-type":"","background-media":"","overlay-type":"","overlay-color":"","overlay-opacity":"","overlay-gradient":""}},"ast-content-background-meta":{"desktop":{"background-color":"var(--ast-global-color-4)","background-image":"","background-repeat":"repeat","background-position":"center center","background-size":"auto","background-attachment":"scroll","background-type":"","background-media":"","overlay-type":"","overlay-color":"","overlay-opacity":"","overlay-gradient":""},"tablet":{"background-color":"var(--ast-global-color-4)","background-image":"","background-repeat":"repeat","background-position":"center center","background-size":"auto","background-attachment":"scroll","background-type":"","background-media":"","overlay-type":"","overlay-color":"","overlay-opacity":"","overlay-gradient":""},"mobile":{"background-color":"var(--ast-global-color-4)","background-image":"","background-repeat":"repeat","background-position":"center center","background-size":"auto","background-attachment":"scroll","background-type":"","background-media":"","overlay-type":"","overlay-color":"","overlay-opacity":"","overlay-gradient":""}}},"product_brand":[],"product_cat":[165,164],"product_tag":[],"class_list":{"0":"post-19692","1":"product","2":"type-product","3":"status-publish","4":"has-post-thumbnail","6":"product_cat-fottoy-tilbehor","7":"product_cat-klesplagg-for-kvinner","8":"pa_51624_x90gubcy-beige","9":"pa_51624_x90gubcy-bla","10":"pa_51624_x90gubcy-gra","11":"pa_51624_x90gubcy-khaki","12":"pa_51624_x90gubcy-lilla","13":"pa_51624_x90gubcy-mork-kaffe","14":"pa_51624_x90gubcy-olivengronn","15":"pa_51624_x90gubcy-svart","16":"desktop-align-left","17":"tablet-align-left","18":"mobile-align-left","20":"first","21":"instock","22":"shipping-taxable","23":"purchasable","24":"product-type-variable"},"yoast_head":"<!-- This site is optimized with the Yoast SEO plugin v26.6 - https:\/\/yoast.com\/wordpress\/plugins\/seo\/ -->\n<title>Crossbody-veske med flere lommer - Mekulo NO<\/title>\n<meta name=\"robots\" content=\"index, follow, max-snippet:-1, max-image-preview:large, max-video-preview:-1\" \/>\n<link rel=\"canonical\" href=\"https:\/\/mekulo.com\/no\/produkt\/crossbody-veske-med-flere-lommer\/\" \/>\n<meta property=\"og:locale\" content=\"nb_NO\" \/>\n<meta property=\"og:type\" content=\"article\" \/>\n<meta property=\"og:title\" content=\"Crossbody-veske med flere lommer - Mekulo NO\" \/>\n<meta property=\"og:description\" content=\"\ud83d\udc5dDenne crossbody-vesken med flere lommer er designet for \u00e5 holde orden p\u00e5 det viktigste i hverdagen, samtidig som den er lett og komfortabel. \ud83d\udc5bMed syv smarte lommer og et romslig interi\u00f8r er den perfekt for reiser, jobb, shopping eller hverdagsutflukter. \ud83c\udf80En praktisk, komfortabel og stilig veske som holder alt p\u00e5 plass - perfekt for hverdagen og n\u00e5r du er p\u00e5 farten.\" \/>\n<meta property=\"og:url\" content=\"https:\/\/mekulo.com\/no\/produkt\/crossbody-veske-med-flere-lommer\/\" \/>\n<meta property=\"og:site_name\" content=\"Mekulo NO\" \/>\n<meta property=\"article:modified_time\" content=\"2026-01-28T13:03:39+00:00\" \/>\n<meta property=\"og:image\" content=\"https:\/\/mekulo.com\/no\/wp-content\/uploads\/sites\/10\/2026\/01\/px9eblj-1.jpg\" \/>\n\t<meta property=\"og:image:width\" content=\"700\" \/>\n\t<meta property=\"og:image:height\" content=\"700\" \/>\n\t<meta property=\"og:image:type\" content=\"image\/jpeg\" \/>\n<meta name=\"twitter:card\" content=\"summary_large_image\" \/>\n<meta name=\"twitter:label1\" content=\"Ansl. lesetid\" \/>\n\t<meta name=\"twitter:data1\" content=\"2 minutter\" \/>\n<script type=\"application\/ld+json\" class=\"yoast-schema-graph\">{\"@context\":\"https:\/\/schema.org\",\"@graph\":[{\"@type\":\"WebPage\",\"@id\":\"https:\/\/mekulo.com\/no\/produkt\/crossbody-veske-med-flere-lommer\/\",\"url\":\"https:\/\/mekulo.com\/no\/produkt\/crossbody-veske-med-flere-lommer\/\",\"name\":\"Crossbody-veske med flere lommer - Mekulo NO\",\"isPartOf\":{\"@id\":\"https:\/\/mekulo.com\/no\/#website\"},\"primaryImageOfPage\":{\"@id\":\"https:\/\/mekulo.com\/no\/produkt\/crossbody-veske-med-flere-lommer\/#primaryimage\"},\"image\":{\"@id\":\"https:\/\/mekulo.com\/no\/produkt\/crossbody-veske-med-flere-lommer\/#primaryimage\"},\"thumbnailUrl\":\"https:\/\/mekulo.com\/no\/wp-content\/uploads\/sites\/10\/2026\/01\/px9eblj-1.jpg\",\"datePublished\":\"2026-01-28T13:03:14+00:00\",\"dateModified\":\"2026-01-28T13:03:39+00:00\",\"breadcrumb\":{\"@id\":\"https:\/\/mekulo.com\/no\/produkt\/crossbody-veske-med-flere-lommer\/#breadcrumb\"},\"inLanguage\":\"nb-NO\",\"potentialAction\":[{\"@type\":\"ReadAction\",\"target\":[\"https:\/\/mekulo.com\/no\/produkt\/crossbody-veske-med-flere-lommer\/\"]}]},{\"@type\":\"ImageObject\",\"inLanguage\":\"nb-NO\",\"@id\":\"https:\/\/mekulo.com\/no\/produkt\/crossbody-veske-med-flere-lommer\/#primaryimage\",\"url\":\"https:\/\/mekulo.com\/no\/wp-content\/uploads\/sites\/10\/2026\/01\/px9eblj-1.jpg\",\"contentUrl\":\"https:\/\/mekulo.com\/no\/wp-content\/uploads\/sites\/10\/2026\/01\/px9eblj-1.jpg\",\"width\":700,\"height\":700},{\"@type\":\"BreadcrumbList\",\"@id\":\"https:\/\/mekulo.com\/no\/produkt\/crossbody-veske-med-flere-lommer\/#breadcrumb\",\"itemListElement\":[{\"@type\":\"ListItem\",\"position\":1,\"name\":\"Home\",\"item\":\"https:\/\/mekulo.com\/no\/\"},{\"@type\":\"ListItem\",\"position\":2,\"name\":\"Butikk\",\"item\":\"https:\/\/mekulo.com\/no\/butikk\/\"},{\"@type\":\"ListItem\",\"position\":3,\"name\":\"Crossbody-veske med flere lommer\"}]},{\"@type\":\"WebSite\",\"@id\":\"https:\/\/mekulo.com\/no\/#website\",\"url\":\"https:\/\/mekulo.com\/no\/\",\"name\":\"Mekulo NO\",\"description\":\"\",\"publisher\":{\"@id\":\"https:\/\/mekulo.com\/no\/#organization\"},\"potentialAction\":[{\"@type\":\"SearchAction\",\"target\":{\"@type\":\"EntryPoint\",\"urlTemplate\":\"https:\/\/mekulo.com\/no\/?s={search_term_string}\"},\"query-input\":{\"@type\":\"PropertyValueSpecification\",\"valueRequired\":true,\"valueName\":\"search_term_string\"}}],\"inLanguage\":\"nb-NO\"},{\"@type\":\"Organization\",\"@id\":\"https:\/\/mekulo.com\/no\/#organization\",\"name\":\"Mekulo\",\"url\":\"https:\/\/mekulo.com\/no\/\",\"logo\":{\"@type\":\"ImageObject\",\"inLanguage\":\"nb-NO\",\"@id\":\"https:\/\/mekulo.com\/no\/#\/schema\/logo\/image\/\",\"url\":\"https:\/\/mekulo.com\/no\/wp-content\/uploads\/sites\/10\/2025\/12\/favicon_mekulo.png\",\"contentUrl\":\"https:\/\/mekulo.com\/no\/wp-content\/uploads\/sites\/10\/2025\/12\/favicon_mekulo.png\",\"width\":50,\"height\":50,\"caption\":\"Mekulo\"},\"image\":{\"@id\":\"https:\/\/mekulo.com\/no\/#\/schema\/logo\/image\/\"}}]}<\/script>\n<!-- \/ Yoast SEO plugin. -->","yoast_head_json":{"title":"Crossbody-veske med flere lommer - Mekulo NO","robots":{"index":"index","follow":"follow","max-snippet":"max-snippet:-1","max-image-preview":"max-image-preview:large","max-video-preview":"max-video-preview:-1"},"canonical":"https:\/\/mekulo.com\/no\/produkt\/crossbody-veske-med-flere-lommer\/","og_locale":"nb_NO","og_type":"article","og_title":"Crossbody-veske med flere lommer - Mekulo NO","og_description":"\ud83d\udc5dDenne crossbody-vesken med flere lommer er designet for \u00e5 holde orden p\u00e5 det viktigste i hverdagen, samtidig som den er lett og komfortabel. \ud83d\udc5bMed syv smarte lommer og et romslig interi\u00f8r er den perfekt for reiser, jobb, shopping eller hverdagsutflukter. \ud83c\udf80En praktisk, komfortabel og stilig veske som holder alt p\u00e5 plass - perfekt for hverdagen og n\u00e5r du er p\u00e5 farten.","og_url":"https:\/\/mekulo.com\/no\/produkt\/crossbody-veske-med-flere-lommer\/","og_site_name":"Mekulo NO","article_modified_time":"2026-01-28T13:03:39+00:00","og_image":[{"width":700,"height":700,"url":"https:\/\/mekulo.com\/no\/wp-content\/uploads\/sites\/10\/2026\/01\/px9eblj-1.jpg","type":"image\/jpeg"}],"twitter_card":"summary_large_image","twitter_misc":{"Ansl. lesetid":"2 minutter"},"schema":{"@context":"https:\/\/schema.org","@graph":[{"@type":"WebPage","@id":"https:\/\/mekulo.com\/no\/produkt\/crossbody-veske-med-flere-lommer\/","url":"https:\/\/mekulo.com\/no\/produkt\/crossbody-veske-med-flere-lommer\/","name":"Crossbody-veske med flere lommer - Mekulo NO","isPartOf":{"@id":"https:\/\/mekulo.com\/no\/#website"},"primaryImageOfPage":{"@id":"https:\/\/mekulo.com\/no\/produkt\/crossbody-veske-med-flere-lommer\/#primaryimage"},"image":{"@id":"https:\/\/mekulo.com\/no\/produkt\/crossbody-veske-med-flere-lommer\/#primaryimage"},"thumbnailUrl":"https:\/\/mekulo.com\/no\/wp-content\/uploads\/sites\/10\/2026\/01\/px9eblj-1.jpg","datePublished":"2026-01-28T13:03:14+00:00","dateModified":"2026-01-28T13:03:39+00:00","breadcrumb":{"@id":"https:\/\/mekulo.com\/no\/produkt\/crossbody-veske-med-flere-lommer\/#breadcrumb"},"inLanguage":"nb-NO","potentialAction":[{"@type":"ReadAction","target":["https:\/\/mekulo.com\/no\/produkt\/crossbody-veske-med-flere-lommer\/"]}]},{"@type":"ImageObject","inLanguage":"nb-NO","@id":"https:\/\/mekulo.com\/no\/produkt\/crossbody-veske-med-flere-lommer\/#primaryimage","url":"https:\/\/mekulo.com\/no\/wp-content\/uploads\/sites\/10\/2026\/01\/px9eblj-1.jpg","contentUrl":"https:\/\/mekulo.com\/no\/wp-content\/uploads\/sites\/10\/2026\/01\/px9eblj-1.jpg","width":700,"height":700},{"@type":"BreadcrumbList","@id":"https:\/\/mekulo.com\/no\/produkt\/crossbody-veske-med-flere-lommer\/#breadcrumb","itemListElement":[{"@type":"ListItem","position":1,"name":"Home","item":"https:\/\/mekulo.com\/no\/"},{"@type":"ListItem","position":2,"name":"Butikk","item":"https:\/\/mekulo.com\/no\/butikk\/"},{"@type":"ListItem","position":3,"name":"Crossbody-veske med flere lommer"}]},{"@type":"WebSite","@id":"https:\/\/mekulo.com\/no\/#website","url":"https:\/\/mekulo.com\/no\/","name":"Mekulo NO","description":"","publisher":{"@id":"https:\/\/mekulo.com\/no\/#organization"},"potentialAction":[{"@type":"SearchAction","target":{"@type":"EntryPoint","urlTemplate":"https:\/\/mekulo.com\/no\/?s={search_term_string}"},"query-input":{"@type":"PropertyValueSpecification","valueRequired":true,"valueName":"search_term_string"}}],"inLanguage":"nb-NO"},{"@type":"Organization","@id":"https:\/\/mekulo.com\/no\/#organization","name":"Mekulo","url":"https:\/\/mekulo.com\/no\/","logo":{"@type":"ImageObject","inLanguage":"nb-NO","@id":"https:\/\/mekulo.com\/no\/#\/schema\/logo\/image\/","url":"https:\/\/mekulo.com\/no\/wp-content\/uploads\/sites\/10\/2025\/12\/favicon_mekulo.png","contentUrl":"https:\/\/mekulo.com\/no\/wp-content\/uploads\/sites\/10\/2025\/12\/favicon_mekulo.png","width":50,"height":50,"caption":"Mekulo"},"image":{"@id":"https:\/\/mekulo.com\/no\/#\/schema\/logo\/image\/"}}]}},"_links":{"self":[{"href":"https:\/\/mekulo.com\/no\/wp-json\/wp\/v2\/product\/19692","targetHints":{"allow":["GET"]}}],"collection":[{"href":"https:\/\/mekulo.com\/no\/wp-json\/wp\/v2\/product"}],"about":[{"href":"https:\/\/mekulo.com\/no\/wp-json\/wp\/v2\/types\/product"}],"replies":[{"embeddable":true,"href":"https:\/\/mekulo.com\/no\/wp-json\/wp\/v2\/comments?post=19692"}],"wp:featuredmedia":[{"embeddable":true,"href":"https:\/\/mekulo.com\/no\/wp-json\/wp\/v2\/media\/19688"}],"wp:attachment":[{"href":"https:\/\/mekulo.com\/no\/wp-json\/wp\/v2\/media?parent=19692"}],"wp:term":[{"taxonomy":"product_brand","embeddable":true,"href":"https:\/\/mekulo.com\/no\/wp-json\/wp\/v2\/product_brand?post=19692"},{"taxonomy":"product_cat","embeddable":true,"href":"https:\/\/mekulo.com\/no\/wp-json\/wp\/v2\/product_cat?post=19692"},{"taxonomy":"product_tag","embeddable":true,"href":"https:\/\/mekulo.com\/no\/wp-json\/wp\/v2\/product_tag?post=19692"}],"curies":[{"name":"wp","href":"https:\/\/api.w.org\/{rel}","templated":true}]}}