{"id":19456,"date":"2026-01-22T16:22:28","date_gmt":"2026-01-22T14:22:28","guid":{"rendered":"https:\/\/mekulo.com\/no\/produkt\/elektrisk-latte-art-penn\/"},"modified":"2026-01-26T22:53:49","modified_gmt":"2026-01-26T20:53:49","slug":"elektrisk-latte-art-penn","status":"publish","type":"product","link":"https:\/\/mekulo.com\/no\/produkt\/elektrisk-latte-art-penn\/","title":{"rendered":"Elektrisk latte kunst-penn"},"content":{"rendered":"<div class=\"flex flex-col text-sm pb-25\">\n<article class=\"text-token-text-primary w-full focus:outline-none [--shadow-height:45px] has-data-writing-block:pointer-events-none has-data-writing-block:-mt-(--shadow-height) has-data-writing-block:pt-(--shadow-height) [&amp;:has([data-writing-block])&gt;*]:pointer-events-auto scroll-mt-[calc(var(--header-height)+min(200px,max(70px,20svh)))]\" dir=\"auto\" data-turn-id=\"b446edc1-f740-4967-a22b-0097d843a926\" data-testid=\"conversation-turn-172\" data-scroll-anchor=\"true\" data-turn=\"assistant\">\n<div class=\"text-base my-auto mx-auto pb-10 [--thread-content-margin:--spacing(4)] @w-sm\/main:[--thread-content-margin:--spacing(6)] @w-lg\/main:[--thread-content-margin:--spacing(16)] px-(--thread-content-margin)\">\n<div class=\"[--thread-content-max-width:40rem] @w-lg\/main:[--thread-content-max-width:48rem] mx-auto max-w-(--thread-content-max-width) flex-1 group\/turn-messages focus-visible:outline-hidden relative flex w-full min-w-0 flex-col agent-turn\">\n<div class=\"flex max-w-full flex-col grow\">\n<div class=\"min-h-8 text-message relative flex w-full flex-col items-end gap-2 text-start break-words whitespace-normal [.text-message+&amp;]:mt-1\" dir=\"auto\" data-message-author-role=\"assistant\" data-message-id=\"14b7e48d-be42-4665-b146-1d0b9c2ac2ab\" data-message-model-slug=\"gpt-5-2\">\n<div class=\"flex w-full flex-col gap-1 empty:hidden first:pt-[1px]\">\n<div class=\"markdown prose dark:prose-invert w-full break-words light markdown-new-styling\">\n<p style=\"text-align: center;\" data-start=\"0\" data-end=\"70\"><strong data-start=\"0\" data-end=\"70\">Lag Vakre Latte kunst- Og Matdesign Med Ett Enkelt Trykk. \u2615<\/strong><\/p>\n<p data-start=\"0\" data-end=\"70\"><img fetchpriority=\"high\" decoding=\"async\" class=\"size-full wp-image-21704 aligncenter\" src=\"https:\/\/mekulo.com\/template\/wp-content\/uploads\/sites\/6\/2026\/01\/2-13.jpeg\" alt=\"\" width=\"800\" height=\"800\" \/><\/p>\n<h2 style=\"text-align: center;\" data-start=\"303\" data-end=\"322\">Hovedfordeler \u2615<\/h2>\n<p data-start=\"325\" data-end=\"398\">\ud83c\udfa8 Elektrisk tegnepenn &#8211; Lag rene og detaljerte m\u00f8nstre enkelt.<\/p>\n<p data-start=\"401\" data-end=\"461\">\u26a1 En-knapps betjening &#8211; Enkelt trykk for \u00e5 begynne \u00e5 tegne.<\/p>\n<p data-start=\"464\" data-end=\"521\">\ud83c\udf38 Perfekt for latte kunst &#8211; Oppgrader kaffen \u00f8yeblikkelig.<\/p>\n<p data-start=\"524\" data-end=\"586\">\ud83c\udf70 Multi-matbruk &#8211; Dekorer kaffe, kaker, desserter og retter.<\/p>\n<p data-start=\"589\" data-end=\"641\">\ud83d\udd04 Enkel p\u00e5fyllingsdesign &#8211; Bytt pulver raskt.<\/p>\n<p data-start=\"644\" data-end=\"706\">\ud83d\udc68\u200d\ud83d\udc69\u200d\ud83d\udc67 Moro for alle &#8211; Perfekt for DIY-\u00f8yeblikk med hele familien.<\/p>\n<p data-start=\"644\" data-end=\"706\"><img decoding=\"async\" class=\"size-full wp-image-21706 aligncenter\" src=\"https:\/\/mekulo.com\/template\/wp-content\/uploads\/sites\/6\/2026\/01\/6-14.jpeg\" alt=\"\" width=\"1000\" height=\"1000\" \/><\/p>\n<h2 style=\"text-align: center;\" data-start=\"713\" data-end=\"727\">Hvordan bruke \ud83d\udccc<\/h2>\n<ol data-start=\"728\" data-end=\"995\">\n<li data-start=\"728\" data-end=\"764\">\n<p data-start=\"731\" data-end=\"764\">\u00c5pne bakdekselet p\u00e5 pennen.<\/p>\n<\/li>\n<li data-start=\"765\" data-end=\"828\">\n<p data-start=\"768\" data-end=\"828\">Fyll med topping i pulverform (kanel, kakao, sukker osv.).<\/p>\n<\/li>\n<li data-start=\"829\" data-end=\"859\">\n<p data-start=\"832\" data-end=\"859\">Lukk dekselet godt.<\/p>\n<\/li>\n<li data-start=\"860\" data-end=\"902\">\n<p data-start=\"863\" data-end=\"902\">Trykk p\u00e5 knappen for \u00e5 aktivere pennen.<\/p>\n<\/li>\n<li data-start=\"903\" data-end=\"955\">\n<p data-start=\"906\" data-end=\"955\">Tegn direkte p\u00e5 kaffen eller maten som en pensel.<\/p>\n<\/li>\n<li data-start=\"956\" data-end=\"995\">\n<p data-start=\"959\" data-end=\"995\">Rengj\u00f8r og fyll p\u00e5 til neste gang.<\/p>\n<\/li>\n<\/ol>\n<h2 style=\"text-align: center;\" data-start=\"1002\" data-end=\"1021\">Produktdetaljer \ud83d\udccf<\/h2>\n<ul data-start=\"1022\" data-end=\"1302\">\n<li data-start=\"1101\" data-end=\"1153\">\n<p data-start=\"1103\" data-end=\"1153\">Bruk: Kaffekunst, kakedekorasjon, matkrydder<\/p>\n<\/li>\n<li data-start=\"1154\" data-end=\"1236\">\n<p data-start=\"1156\" data-end=\"1236\">Kompatible pulver: Kanel, kakao, kaffepulver, sukker, chilipulver, urter<\/p>\n<\/li>\n<li data-start=\"1237\" data-end=\"1268\">\n<p data-start=\"1239\" data-end=\"1268\">Betjening: Knapp-aktivert<\/p>\n<\/li>\n<li data-start=\"1269\" data-end=\"1302\">\n<p data-start=\"1271\" data-end=\"1302\">Design: H\u00e5ndholdt, enkel p\u00e5fylling<\/p>\n<\/li>\n<li data-start=\"1269\" data-end=\"1302\">St\u00f8rrelse: 16 cm<\/li>\n<\/ul>\n<h2 style=\"text-align: center;\" data-start=\"1309\" data-end=\"1329\">Pakken inkluderer \ud83d\udce6<\/h2>\n<ul data-start=\"1330\" data-end=\"1363\" data-is-last-node=\"\" data-is-only-node=\"\">\n<li data-start=\"1330\" data-end=\"1363\" data-is-last-node=\"\">\n<p data-start=\"1332\" data-end=\"1363\" data-is-last-node=\"\">1, 2x elektrisk latte kunst penn \/ er.<\/p>\n<\/li>\n<\/ul>\n<\/div>\n<\/div>\n<\/div>\n<\/div>\n<\/div>\n<\/div>\n<\/article>\n<\/div>\n","protected":false},"excerpt":{"rendered":"<p>\ud83d\udd8b\ufe0fDette elektrisk latte kunst-penn lar deg tegne m\u00f8nstre p\u00e5 kaffe, desserter og mat ved hjelp av topping i pulverform.<br \/>\n\ud83c\udf70Med enkel enknappskontroll hjelper den hvem som helst med \u00e5 forvandle vanlige drikker og retter til i\u00f8ynefallende kreasjoner p\u00e5 f\u00e5 sekunder.<br \/>\n\ud83c\udfa8Du trenger ikke spesielle ferdigheter for \u00e5 f\u00e5 maten til \u00e5 se profesjonell og morsom ut.<\/p>\n","protected":false},"featured_media":19452,"comment_status":"open","ping_status":"closed","template":"","meta":{"site-sidebar-layout":"default","site-content-layout":"","ast-site-content-layout":"default","site-content-style":"default","site-sidebar-style":"default","ast-global-header-display":"","ast-banner-title-visibility":"","ast-main-header-display":"","ast-hfb-above-header-display":"","ast-hfb-below-header-display":"","ast-hfb-mobile-header-display":"","site-post-title":"","ast-breadcrumbs-content":"","ast-featured-img":"","footer-sml-layout":"","theme-transparent-header-meta":"default","adv-header-id-meta":"","stick-header-meta":"","header-above-stick-meta":"","header-main-stick-meta":"","header-below-stick-meta":"","astra-migrate-meta-layouts":"set","ast-page-background-enabled":"default","ast-page-background-meta":{"desktop":{"background-color":"var(--ast-global-color-5)","background-image":"","background-repeat":"repeat","background-position":"center center","background-size":"auto","background-attachment":"scroll","background-type":"","background-media":"","overlay-type":"","overlay-color":"","overlay-opacity":"","overlay-gradient":""},"tablet":{"background-color":"","background-image":"","background-repeat":"repeat","background-position":"center center","background-size":"auto","background-attachment":"scroll","background-type":"","background-media":"","overlay-type":"","overlay-color":"","overlay-opacity":"","overlay-gradient":""},"mobile":{"background-color":"","background-image":"","background-repeat":"repeat","background-position":"center center","background-size":"auto","background-attachment":"scroll","background-type":"","background-media":"","overlay-type":"","overlay-color":"","overlay-opacity":"","overlay-gradient":""}},"ast-content-background-meta":{"desktop":{"background-color":"var(--ast-global-color-4)","background-image":"","background-repeat":"repeat","background-position":"center center","background-size":"auto","background-attachment":"scroll","background-type":"","background-media":"","overlay-type":"","overlay-color":"","overlay-opacity":"","overlay-gradient":""},"tablet":{"background-color":"var(--ast-global-color-4)","background-image":"","background-repeat":"repeat","background-position":"center center","background-size":"auto","background-attachment":"scroll","background-type":"","background-media":"","overlay-type":"","overlay-color":"","overlay-opacity":"","overlay-gradient":""},"mobile":{"background-color":"var(--ast-global-color-4)","background-image":"","background-repeat":"repeat","background-position":"center center","background-size":"auto","background-attachment":"scroll","background-type":"","background-media":"","overlay-type":"","overlay-color":"","overlay-opacity":"","overlay-gradient":""}}},"product_brand":[],"product_cat":[168,171],"product_tag":[],"class_list":{"0":"post-19456","1":"product","2":"type-product","3":"status-publish","4":"has-post-thumbnail","6":"product_cat-husholdningsartikler","7":"product_cat-verktoy","8":"pa_51604_l68fx25x-gul","9":"pa_51604_l68fx25x-hvit","10":"pa_51604_l68fx25x-rod","11":"pa_51604_l68fx25x-rosa","12":"pa_51604_p8x1818f-1-stk","13":"pa_51604_p8x1818f-2-stk","14":"desktop-align-left","15":"tablet-align-left","16":"mobile-align-left","18":"first","19":"instock","20":"shipping-taxable","21":"purchasable","22":"product-type-variable","23":"has-default-attributes"},"yoast_head":"<!-- This site is optimized with the Yoast SEO plugin v26.6 - https:\/\/yoast.com\/wordpress\/plugins\/seo\/ -->\n<title>Elektrisk latte kunst-penn - Mekulo NO<\/title>\n<meta name=\"robots\" content=\"index, follow, max-snippet:-1, max-image-preview:large, max-video-preview:-1\" \/>\n<link rel=\"canonical\" href=\"https:\/\/mekulo.com\/no\/produkt\/elektrisk-latte-art-penn\/\" \/>\n<meta property=\"og:locale\" content=\"nb_NO\" \/>\n<meta property=\"og:type\" content=\"article\" \/>\n<meta property=\"og:title\" content=\"Elektrisk latte kunst-penn - Mekulo NO\" \/>\n<meta property=\"og:description\" content=\"\ud83d\udd8b\ufe0fDette elektrisk latte kunst-penn lar deg tegne m\u00f8nstre p\u00e5 kaffe, desserter og mat ved hjelp av topping i pulverform. \ud83c\udf70Med enkel enknappskontroll hjelper den hvem som helst med \u00e5 forvandle vanlige drikker og retter til i\u00f8ynefallende kreasjoner p\u00e5 f\u00e5 sekunder. \ud83c\udfa8Du trenger ikke spesielle ferdigheter for \u00e5 f\u00e5 maten til \u00e5 se profesjonell og morsom ut.\" \/>\n<meta property=\"og:url\" content=\"https:\/\/mekulo.com\/no\/produkt\/elektrisk-latte-art-penn\/\" \/>\n<meta property=\"og:site_name\" content=\"Mekulo NO\" \/>\n<meta property=\"article:modified_time\" content=\"2026-01-26T20:53:49+00:00\" \/>\n<meta property=\"og:image\" content=\"https:\/\/mekulo.com\/no\/wp-content\/uploads\/sites\/10\/2026\/01\/1optnoh-1.jpeg\" \/>\n\t<meta property=\"og:image:width\" content=\"800\" \/>\n\t<meta property=\"og:image:height\" content=\"800\" \/>\n\t<meta property=\"og:image:type\" content=\"image\/jpeg\" \/>\n<meta name=\"twitter:card\" content=\"summary_large_image\" \/>\n<meta name=\"twitter:label1\" content=\"Ansl. lesetid\" \/>\n\t<meta name=\"twitter:data1\" content=\"2 minutter\" \/>\n<script type=\"application\/ld+json\" class=\"yoast-schema-graph\">{\"@context\":\"https:\/\/schema.org\",\"@graph\":[{\"@type\":\"WebPage\",\"@id\":\"https:\/\/mekulo.com\/no\/produkt\/elektrisk-latte-art-penn\/\",\"url\":\"https:\/\/mekulo.com\/no\/produkt\/elektrisk-latte-art-penn\/\",\"name\":\"Elektrisk latte kunst-penn - Mekulo NO\",\"isPartOf\":{\"@id\":\"https:\/\/mekulo.com\/no\/#website\"},\"primaryImageOfPage\":{\"@id\":\"https:\/\/mekulo.com\/no\/produkt\/elektrisk-latte-art-penn\/#primaryimage\"},\"image\":{\"@id\":\"https:\/\/mekulo.com\/no\/produkt\/elektrisk-latte-art-penn\/#primaryimage\"},\"thumbnailUrl\":\"https:\/\/mekulo.com\/no\/wp-content\/uploads\/sites\/10\/2026\/01\/1optnoh-1.jpeg\",\"datePublished\":\"2026-01-22T14:22:28+00:00\",\"dateModified\":\"2026-01-26T20:53:49+00:00\",\"breadcrumb\":{\"@id\":\"https:\/\/mekulo.com\/no\/produkt\/elektrisk-latte-art-penn\/#breadcrumb\"},\"inLanguage\":\"nb-NO\",\"potentialAction\":[{\"@type\":\"ReadAction\",\"target\":[\"https:\/\/mekulo.com\/no\/produkt\/elektrisk-latte-art-penn\/\"]}]},{\"@type\":\"ImageObject\",\"inLanguage\":\"nb-NO\",\"@id\":\"https:\/\/mekulo.com\/no\/produkt\/elektrisk-latte-art-penn\/#primaryimage\",\"url\":\"https:\/\/mekulo.com\/no\/wp-content\/uploads\/sites\/10\/2026\/01\/1optnoh-1.jpeg\",\"contentUrl\":\"https:\/\/mekulo.com\/no\/wp-content\/uploads\/sites\/10\/2026\/01\/1optnoh-1.jpeg\",\"width\":800,\"height\":800},{\"@type\":\"BreadcrumbList\",\"@id\":\"https:\/\/mekulo.com\/no\/produkt\/elektrisk-latte-art-penn\/#breadcrumb\",\"itemListElement\":[{\"@type\":\"ListItem\",\"position\":1,\"name\":\"Home\",\"item\":\"https:\/\/mekulo.com\/no\/\"},{\"@type\":\"ListItem\",\"position\":2,\"name\":\"Butikk\",\"item\":\"https:\/\/mekulo.com\/no\/butikk\/\"},{\"@type\":\"ListItem\",\"position\":3,\"name\":\"Elektrisk latte kunst-penn\"}]},{\"@type\":\"WebSite\",\"@id\":\"https:\/\/mekulo.com\/no\/#website\",\"url\":\"https:\/\/mekulo.com\/no\/\",\"name\":\"Mekulo NO\",\"description\":\"\",\"publisher\":{\"@id\":\"https:\/\/mekulo.com\/no\/#organization\"},\"potentialAction\":[{\"@type\":\"SearchAction\",\"target\":{\"@type\":\"EntryPoint\",\"urlTemplate\":\"https:\/\/mekulo.com\/no\/?s={search_term_string}\"},\"query-input\":{\"@type\":\"PropertyValueSpecification\",\"valueRequired\":true,\"valueName\":\"search_term_string\"}}],\"inLanguage\":\"nb-NO\"},{\"@type\":\"Organization\",\"@id\":\"https:\/\/mekulo.com\/no\/#organization\",\"name\":\"Mekulo\",\"url\":\"https:\/\/mekulo.com\/no\/\",\"logo\":{\"@type\":\"ImageObject\",\"inLanguage\":\"nb-NO\",\"@id\":\"https:\/\/mekulo.com\/no\/#\/schema\/logo\/image\/\",\"url\":\"https:\/\/mekulo.com\/no\/wp-content\/uploads\/sites\/10\/2025\/12\/favicon_mekulo.png\",\"contentUrl\":\"https:\/\/mekulo.com\/no\/wp-content\/uploads\/sites\/10\/2025\/12\/favicon_mekulo.png\",\"width\":50,\"height\":50,\"caption\":\"Mekulo\"},\"image\":{\"@id\":\"https:\/\/mekulo.com\/no\/#\/schema\/logo\/image\/\"}}]}<\/script>\n<!-- \/ Yoast SEO plugin. -->","yoast_head_json":{"title":"Elektrisk latte kunst-penn - Mekulo NO","robots":{"index":"index","follow":"follow","max-snippet":"max-snippet:-1","max-image-preview":"max-image-preview:large","max-video-preview":"max-video-preview:-1"},"canonical":"https:\/\/mekulo.com\/no\/produkt\/elektrisk-latte-art-penn\/","og_locale":"nb_NO","og_type":"article","og_title":"Elektrisk latte kunst-penn - Mekulo NO","og_description":"\ud83d\udd8b\ufe0fDette elektrisk latte kunst-penn lar deg tegne m\u00f8nstre p\u00e5 kaffe, desserter og mat ved hjelp av topping i pulverform. \ud83c\udf70Med enkel enknappskontroll hjelper den hvem som helst med \u00e5 forvandle vanlige drikker og retter til i\u00f8ynefallende kreasjoner p\u00e5 f\u00e5 sekunder. \ud83c\udfa8Du trenger ikke spesielle ferdigheter for \u00e5 f\u00e5 maten til \u00e5 se profesjonell og morsom ut.","og_url":"https:\/\/mekulo.com\/no\/produkt\/elektrisk-latte-art-penn\/","og_site_name":"Mekulo NO","article_modified_time":"2026-01-26T20:53:49+00:00","og_image":[{"width":800,"height":800,"url":"https:\/\/mekulo.com\/no\/wp-content\/uploads\/sites\/10\/2026\/01\/1optnoh-1.jpeg","type":"image\/jpeg"}],"twitter_card":"summary_large_image","twitter_misc":{"Ansl. lesetid":"2 minutter"},"schema":{"@context":"https:\/\/schema.org","@graph":[{"@type":"WebPage","@id":"https:\/\/mekulo.com\/no\/produkt\/elektrisk-latte-art-penn\/","url":"https:\/\/mekulo.com\/no\/produkt\/elektrisk-latte-art-penn\/","name":"Elektrisk latte kunst-penn - Mekulo NO","isPartOf":{"@id":"https:\/\/mekulo.com\/no\/#website"},"primaryImageOfPage":{"@id":"https:\/\/mekulo.com\/no\/produkt\/elektrisk-latte-art-penn\/#primaryimage"},"image":{"@id":"https:\/\/mekulo.com\/no\/produkt\/elektrisk-latte-art-penn\/#primaryimage"},"thumbnailUrl":"https:\/\/mekulo.com\/no\/wp-content\/uploads\/sites\/10\/2026\/01\/1optnoh-1.jpeg","datePublished":"2026-01-22T14:22:28+00:00","dateModified":"2026-01-26T20:53:49+00:00","breadcrumb":{"@id":"https:\/\/mekulo.com\/no\/produkt\/elektrisk-latte-art-penn\/#breadcrumb"},"inLanguage":"nb-NO","potentialAction":[{"@type":"ReadAction","target":["https:\/\/mekulo.com\/no\/produkt\/elektrisk-latte-art-penn\/"]}]},{"@type":"ImageObject","inLanguage":"nb-NO","@id":"https:\/\/mekulo.com\/no\/produkt\/elektrisk-latte-art-penn\/#primaryimage","url":"https:\/\/mekulo.com\/no\/wp-content\/uploads\/sites\/10\/2026\/01\/1optnoh-1.jpeg","contentUrl":"https:\/\/mekulo.com\/no\/wp-content\/uploads\/sites\/10\/2026\/01\/1optnoh-1.jpeg","width":800,"height":800},{"@type":"BreadcrumbList","@id":"https:\/\/mekulo.com\/no\/produkt\/elektrisk-latte-art-penn\/#breadcrumb","itemListElement":[{"@type":"ListItem","position":1,"name":"Home","item":"https:\/\/mekulo.com\/no\/"},{"@type":"ListItem","position":2,"name":"Butikk","item":"https:\/\/mekulo.com\/no\/butikk\/"},{"@type":"ListItem","position":3,"name":"Elektrisk latte kunst-penn"}]},{"@type":"WebSite","@id":"https:\/\/mekulo.com\/no\/#website","url":"https:\/\/mekulo.com\/no\/","name":"Mekulo NO","description":"","publisher":{"@id":"https:\/\/mekulo.com\/no\/#organization"},"potentialAction":[{"@type":"SearchAction","target":{"@type":"EntryPoint","urlTemplate":"https:\/\/mekulo.com\/no\/?s={search_term_string}"},"query-input":{"@type":"PropertyValueSpecification","valueRequired":true,"valueName":"search_term_string"}}],"inLanguage":"nb-NO"},{"@type":"Organization","@id":"https:\/\/mekulo.com\/no\/#organization","name":"Mekulo","url":"https:\/\/mekulo.com\/no\/","logo":{"@type":"ImageObject","inLanguage":"nb-NO","@id":"https:\/\/mekulo.com\/no\/#\/schema\/logo\/image\/","url":"https:\/\/mekulo.com\/no\/wp-content\/uploads\/sites\/10\/2025\/12\/favicon_mekulo.png","contentUrl":"https:\/\/mekulo.com\/no\/wp-content\/uploads\/sites\/10\/2025\/12\/favicon_mekulo.png","width":50,"height":50,"caption":"Mekulo"},"image":{"@id":"https:\/\/mekulo.com\/no\/#\/schema\/logo\/image\/"}}]}},"_links":{"self":[{"href":"https:\/\/mekulo.com\/no\/wp-json\/wp\/v2\/product\/19456","targetHints":{"allow":["GET"]}}],"collection":[{"href":"https:\/\/mekulo.com\/no\/wp-json\/wp\/v2\/product"}],"about":[{"href":"https:\/\/mekulo.com\/no\/wp-json\/wp\/v2\/types\/product"}],"replies":[{"embeddable":true,"href":"https:\/\/mekulo.com\/no\/wp-json\/wp\/v2\/comments?post=19456"}],"wp:featuredmedia":[{"embeddable":true,"href":"https:\/\/mekulo.com\/no\/wp-json\/wp\/v2\/media\/19452"}],"wp:attachment":[{"href":"https:\/\/mekulo.com\/no\/wp-json\/wp\/v2\/media?parent=19456"}],"wp:term":[{"taxonomy":"product_brand","embeddable":true,"href":"https:\/\/mekulo.com\/no\/wp-json\/wp\/v2\/product_brand?post=19456"},{"taxonomy":"product_cat","embeddable":true,"href":"https:\/\/mekulo.com\/no\/wp-json\/wp\/v2\/product_cat?post=19456"},{"taxonomy":"product_tag","embeddable":true,"href":"https:\/\/mekulo.com\/no\/wp-json\/wp\/v2\/product_tag?post=19456"}],"curies":[{"name":"wp","href":"https:\/\/api.w.org\/{rel}","templated":true}]}}