{"id":19391,"date":"2026-01-22T16:17:18","date_gmt":"2026-01-22T14:17:18","guid":{"rendered":"https:\/\/mekulo.com\/no\/produkt\/automatisk-vakuumforseglingssett\/"},"modified":"2026-02-03T17:47:09","modified_gmt":"2026-02-03T15:47:09","slug":"automatisk-vakuumforseglingssett","status":"publish","type":"product","link":"https:\/\/mekulo.com\/no\/produkt\/automatisk-vakuumforseglingssett\/","title":{"rendered":"Automatisk vakuumforseglingssett"},"content":{"rendered":"<p style=\"text-align: center\" data-start=\"29\" data-end=\"110\"><strong data-start=\"29\" data-end=\"110\">Hold maten fersk opptil 7 ganger lenger med ett kompakt, kraftig forseglingsverkt\u00f8y. \ud83c\udf51<\/strong><\/p>\n<p data-start=\"29\" data-end=\"110\"><img fetchpriority=\"high\" decoding=\"async\" class=\"size-full wp-image-21754 aligncenter\" src=\"https:\/\/mekulo.com\/template\/wp-content\/uploads\/sites\/6\/2026\/01\/S938bf35d3e714a1ba8fd163ab2db69a47.png_960x960.png_.jpg\" alt=\"\" width=\"1080\" height=\"1080\" \/><\/p>\n<h2 style=\"text-align: center\" data-start=\"408\" data-end=\"427\">Hovedfordeler \ud83d\udd0b<\/h2>\n<p data-start=\"429\" data-end=\"528\">\ud83e\udd69 Holder maten fersk lenger &#8211; Fjerner luft for \u00e5 redusere \u00f8deleggelse og forlenge friskheten opptil 7 ganger lenger.<\/p>\n<p data-start=\"530\" data-end=\"635\">\ud83d\udd04 3-i-1 multifunksjonsdesign &#8211; Vakuumforsegler, varmesnacksforsegler og oppbl\u00e5sbar pumpe i en enhet.<\/p>\n<p data-start=\"637\" data-end=\"737\">\ud83d\udd0b Kraftig og oppladbar &#8211; 1200 mAh batteri gir sterk 65 kPa sug uten behov for ledninger.<\/p>\n<p data-start=\"739\" data-end=\"829\">\ud83c\udf21 Tre temperaturmoduser &#8211; Juster forseglingstemperaturen for forskjellige posetykkelser.<\/p>\n<p data-start=\"831\" data-end=\"919\">\ud83c\udf92 B\u00e6rbar &amp; kompakt &#8211; Lett og enkel \u00e5 ta med seg til hjemmet, piknik eller camping.<\/p>\n<p data-start=\"831\" data-end=\"919\"><img decoding=\"async\" class=\"size-full wp-image-21752 aligncenter\" src=\"https:\/\/mekulo.com\/template\/wp-content\/uploads\/sites\/6\/2026\/01\/3f0fe9fd18324aebba8bebdfa4ae363ca909cfa1.jpg\" alt=\"\" width=\"1080\" height=\"1078\" \/><\/p>\n<h2 style=\"text-align: center\" data-start=\"926\" data-end=\"943\">Slik bruker du \ud83d\udccc<\/h2>\n<ol data-start=\"945\" data-end=\"1194\">\n<li data-start=\"945\" data-end=\"992\">\n<p data-start=\"948\" data-end=\"992\">Plasser maten i en kompatibel vakuumpose.<\/p>\n<\/li>\n<li data-start=\"993\" data-end=\"1039\">\n<p data-start=\"996\" data-end=\"1039\">Sett den \u00e5pne enden inn i forseglingssporet.<\/p>\n<\/li>\n<li data-start=\"1040\" data-end=\"1085\">\n<p data-start=\"1043\" data-end=\"1085\">Velg forseglingsmodus og temperatur.<\/p>\n<\/li>\n<li data-start=\"1086\" data-end=\"1136\">\n<p data-start=\"1089\" data-end=\"1136\">Trykk p\u00e5 start for \u00e5 vakuumere og forsegle automatisk.<\/p>\n<\/li>\n<li data-start=\"1137\" data-end=\"1194\">\n<p data-start=\"1140\" data-end=\"1194\">For oppbl\u00e5sing, fest pumpetilbeh\u00f8ret og aktiver.<\/p>\n<\/li>\n<\/ol>\n<h2 style=\"text-align: center\" data-start=\"1201\" data-end=\"1223\">Produktdetaljer \ud83d\udccf<\/h2>\n<ul data-start=\"1225\" data-end=\"1459\">\n<li data-start=\"1225\" data-end=\"1267\">\n<p data-start=\"1227\" data-end=\"1267\">Batterikapasitet: 1200 mAh oppladbart<\/p>\n<\/li>\n<li data-start=\"1268\" data-end=\"1292\">\n<p data-start=\"1270\" data-end=\"1292\">Sugekraft: 65 kPa<\/p>\n<\/li>\n<li data-start=\"1293\" data-end=\"1319\">\n<p data-start=\"1295\" data-end=\"1319\">Sugehastighet: 2,5 l\/min<\/p>\n<\/li>\n<li data-start=\"1320\" data-end=\"1359\">\n<p data-start=\"1322\" data-end=\"1359\">Forseglingsmodi: 3 temperaturniv\u00e5er<\/p>\n<\/li>\n<li data-start=\"1360\" data-end=\"1419\">\n<p data-start=\"1362\" data-end=\"1419\">Funksjoner: Vakuumforsegling, varmeforsegling, oppbl\u00e5singspumpe<\/p>\n<\/li>\n<li data-start=\"1420\" data-end=\"1459\">\n<p data-start=\"1422\" data-end=\"1459\">Design: Kompakt, tr\u00e5dl\u00f8s, b\u00e6rbar<\/p>\n<\/li>\n<li data-start=\"1420\" data-end=\"1459\">St\u00f8rrelser p\u00e5 posene: S (15 cm), M (17 cm), L (22 cm) og lengden p\u00e5 alle st\u00f8rrelser er 5 m<\/li>\n<\/ul>\n<h2 style=\"text-align: center\" data-start=\"1466\" data-end=\"1489\">Pakken inkluderer \ud83d\udce6<\/h2>\n<ul>\n<li data-start=\"43\" data-end=\"92\">1x elektrisk vakuumforseglingspumpe (hovedenhet)<\/li>\n<li data-start=\"43\" data-end=\"92\">1x bred sugekopp i silikon<\/li>\n<li data-start=\"43\" data-end=\"92\">1x smalt sugemunnstykke i silikon<\/li>\n<li data-start=\"43\" data-end=\"92\">1x ventil\u00e5pner \/ stiftverkt\u00f8y<\/li>\n<li data-start=\"43\" data-end=\"92\">1x USB-ladekabel<\/li>\n<li data-start=\"43\" data-end=\"92\">1x rull med poser.<\/li>\n<\/ul>\n","protected":false},"excerpt":{"rendered":"<p>\ud83e\udd69Denne automatiske vakuumforsegleren fjerner luft fra oppbevaringsposer for \u00e5 holde p\u00e5 friskhet og smak.<br \/>\n\ud83c\udfe0Den fungerer ogs\u00e5 som en varmeforsegler for snacks og en oppbl\u00e5sbar pumpe, noe som gj\u00f8r den perfekt for daglig kj\u00f8kkenbruk, tilberedning av m\u00e5ltider, reiser og camping.<br \/>\n\ud83c\udf47En enhet erstatter flere verkt\u00f8y og bidrar til \u00e5 redusere matsvinn.<\/p>\n","protected":false},"featured_media":19387,"comment_status":"open","ping_status":"closed","template":"","meta":{"site-sidebar-layout":"default","site-content-layout":"","ast-site-content-layout":"default","site-content-style":"default","site-sidebar-style":"default","ast-global-header-display":"","ast-banner-title-visibility":"","ast-main-header-display":"","ast-hfb-above-header-display":"","ast-hfb-below-header-display":"","ast-hfb-mobile-header-display":"","site-post-title":"","ast-breadcrumbs-content":"","ast-featured-img":"","footer-sml-layout":"","theme-transparent-header-meta":"default","adv-header-id-meta":"","stick-header-meta":"","header-above-stick-meta":"","header-main-stick-meta":"","header-below-stick-meta":"","astra-migrate-meta-layouts":"set","ast-page-background-enabled":"default","ast-page-background-meta":{"desktop":{"background-color":"var(--ast-global-color-5)","background-image":"","background-repeat":"repeat","background-position":"center center","background-size":"auto","background-attachment":"scroll","background-type":"","background-media":"","overlay-type":"","overlay-color":"","overlay-opacity":"","overlay-gradient":""},"tablet":{"background-color":"","background-image":"","background-repeat":"repeat","background-position":"center center","background-size":"auto","background-attachment":"scroll","background-type":"","background-media":"","overlay-type":"","overlay-color":"","overlay-opacity":"","overlay-gradient":""},"mobile":{"background-color":"","background-image":"","background-repeat":"repeat","background-position":"center center","background-size":"auto","background-attachment":"scroll","background-type":"","background-media":"","overlay-type":"","overlay-color":"","overlay-opacity":"","overlay-gradient":""}},"ast-content-background-meta":{"desktop":{"background-color":"var(--ast-global-color-4)","background-image":"","background-repeat":"repeat","background-position":"center center","background-size":"auto","background-attachment":"scroll","background-type":"","background-media":"","overlay-type":"","overlay-color":"","overlay-opacity":"","overlay-gradient":""},"tablet":{"background-color":"var(--ast-global-color-4)","background-image":"","background-repeat":"repeat","background-position":"center center","background-size":"auto","background-attachment":"scroll","background-type":"","background-media":"","overlay-type":"","overlay-color":"","overlay-opacity":"","overlay-gradient":""},"mobile":{"background-color":"var(--ast-global-color-4)","background-image":"","background-repeat":"repeat","background-position":"center center","background-size":"auto","background-attachment":"scroll","background-type":"","background-media":"","overlay-type":"","overlay-color":"","overlay-opacity":"","overlay-gradient":""}}},"product_brand":[],"product_cat":[168],"product_tag":[],"class_list":{"0":"post-19391","1":"product","2":"type-product","3":"status-publish","4":"has-post-thumbnail","6":"product_cat-husholdningsartikler","7":"pa_51541_8wjniqnx-beige","8":"pa_51541_8wjniqnx-gronn","9":"pa_51541_b7024axb-l","10":"pa_51541_b7024axb-m","11":"pa_51541_b7024axb-s","12":"desktop-align-left","13":"tablet-align-left","14":"mobile-align-left","16":"first","17":"instock","18":"shipping-taxable","19":"purchasable","20":"product-type-variable","21":"has-default-attributes"},"yoast_head":"<!-- This site is optimized with the Yoast SEO plugin v26.6 - https:\/\/yoast.com\/wordpress\/plugins\/seo\/ -->\n<title>Automatisk vakuumforseglingssett - Mekulo NO<\/title>\n<meta name=\"robots\" content=\"index, follow, max-snippet:-1, max-image-preview:large, max-video-preview:-1\" \/>\n<link rel=\"canonical\" href=\"https:\/\/mekulo.com\/no\/produkt\/automatisk-vakuumforseglingssett\/\" \/>\n<meta property=\"og:locale\" content=\"nb_NO\" \/>\n<meta property=\"og:type\" content=\"article\" \/>\n<meta property=\"og:title\" content=\"Automatisk vakuumforseglingssett - Mekulo NO\" \/>\n<meta property=\"og:description\" content=\"\ud83e\udd69Denne automatiske vakuumforsegleren fjerner luft fra oppbevaringsposer for \u00e5 holde p\u00e5 friskhet og smak. \ud83c\udfe0Den fungerer ogs\u00e5 som en varmeforsegler for snacks og en oppbl\u00e5sbar pumpe, noe som gj\u00f8r den perfekt for daglig kj\u00f8kkenbruk, tilberedning av m\u00e5ltider, reiser og camping. \ud83c\udf47En enhet erstatter flere verkt\u00f8y og bidrar til \u00e5 redusere matsvinn.\" \/>\n<meta property=\"og:url\" content=\"https:\/\/mekulo.com\/no\/produkt\/automatisk-vakuumforseglingssett\/\" \/>\n<meta property=\"og:site_name\" content=\"Mekulo NO\" \/>\n<meta property=\"article:modified_time\" content=\"2026-02-03T15:47:09+00:00\" \/>\n<meta property=\"og:image\" content=\"https:\/\/mekulo.com\/no\/wp-content\/uploads\/sites\/10\/2026\/01\/kt3izjo-1.jpg\" \/>\n\t<meta property=\"og:image:width\" content=\"700\" \/>\n\t<meta property=\"og:image:height\" content=\"700\" \/>\n\t<meta property=\"og:image:type\" content=\"image\/jpeg\" \/>\n<meta name=\"twitter:card\" content=\"summary_large_image\" \/>\n<meta name=\"twitter:label1\" content=\"Ansl. lesetid\" \/>\n\t<meta name=\"twitter:data1\" content=\"2 minutter\" \/>\n<script type=\"application\/ld+json\" class=\"yoast-schema-graph\">{\"@context\":\"https:\/\/schema.org\",\"@graph\":[{\"@type\":\"WebPage\",\"@id\":\"https:\/\/mekulo.com\/no\/produkt\/automatisk-vakuumforseglingssett\/\",\"url\":\"https:\/\/mekulo.com\/no\/produkt\/automatisk-vakuumforseglingssett\/\",\"name\":\"Automatisk vakuumforseglingssett - Mekulo NO\",\"isPartOf\":{\"@id\":\"https:\/\/mekulo.com\/no\/#website\"},\"primaryImageOfPage\":{\"@id\":\"https:\/\/mekulo.com\/no\/produkt\/automatisk-vakuumforseglingssett\/#primaryimage\"},\"image\":{\"@id\":\"https:\/\/mekulo.com\/no\/produkt\/automatisk-vakuumforseglingssett\/#primaryimage\"},\"thumbnailUrl\":\"https:\/\/mekulo.com\/no\/wp-content\/uploads\/sites\/10\/2026\/01\/kt3izjo-1.jpg\",\"datePublished\":\"2026-01-22T14:17:18+00:00\",\"dateModified\":\"2026-02-03T15:47:09+00:00\",\"breadcrumb\":{\"@id\":\"https:\/\/mekulo.com\/no\/produkt\/automatisk-vakuumforseglingssett\/#breadcrumb\"},\"inLanguage\":\"nb-NO\",\"potentialAction\":[{\"@type\":\"ReadAction\",\"target\":[\"https:\/\/mekulo.com\/no\/produkt\/automatisk-vakuumforseglingssett\/\"]}]},{\"@type\":\"ImageObject\",\"inLanguage\":\"nb-NO\",\"@id\":\"https:\/\/mekulo.com\/no\/produkt\/automatisk-vakuumforseglingssett\/#primaryimage\",\"url\":\"https:\/\/mekulo.com\/no\/wp-content\/uploads\/sites\/10\/2026\/01\/kt3izjo-1.jpg\",\"contentUrl\":\"https:\/\/mekulo.com\/no\/wp-content\/uploads\/sites\/10\/2026\/01\/kt3izjo-1.jpg\",\"width\":700,\"height\":700},{\"@type\":\"BreadcrumbList\",\"@id\":\"https:\/\/mekulo.com\/no\/produkt\/automatisk-vakuumforseglingssett\/#breadcrumb\",\"itemListElement\":[{\"@type\":\"ListItem\",\"position\":1,\"name\":\"Home\",\"item\":\"https:\/\/mekulo.com\/no\/\"},{\"@type\":\"ListItem\",\"position\":2,\"name\":\"Butikk\",\"item\":\"https:\/\/mekulo.com\/no\/butikk\/\"},{\"@type\":\"ListItem\",\"position\":3,\"name\":\"Automatisk vakuumforseglingssett\"}]},{\"@type\":\"WebSite\",\"@id\":\"https:\/\/mekulo.com\/no\/#website\",\"url\":\"https:\/\/mekulo.com\/no\/\",\"name\":\"Mekulo NO\",\"description\":\"\",\"publisher\":{\"@id\":\"https:\/\/mekulo.com\/no\/#organization\"},\"potentialAction\":[{\"@type\":\"SearchAction\",\"target\":{\"@type\":\"EntryPoint\",\"urlTemplate\":\"https:\/\/mekulo.com\/no\/?s={search_term_string}\"},\"query-input\":{\"@type\":\"PropertyValueSpecification\",\"valueRequired\":true,\"valueName\":\"search_term_string\"}}],\"inLanguage\":\"nb-NO\"},{\"@type\":\"Organization\",\"@id\":\"https:\/\/mekulo.com\/no\/#organization\",\"name\":\"Mekulo\",\"url\":\"https:\/\/mekulo.com\/no\/\",\"logo\":{\"@type\":\"ImageObject\",\"inLanguage\":\"nb-NO\",\"@id\":\"https:\/\/mekulo.com\/no\/#\/schema\/logo\/image\/\",\"url\":\"https:\/\/mekulo.com\/no\/wp-content\/uploads\/sites\/10\/2025\/12\/favicon_mekulo.png\",\"contentUrl\":\"https:\/\/mekulo.com\/no\/wp-content\/uploads\/sites\/10\/2025\/12\/favicon_mekulo.png\",\"width\":50,\"height\":50,\"caption\":\"Mekulo\"},\"image\":{\"@id\":\"https:\/\/mekulo.com\/no\/#\/schema\/logo\/image\/\"}}]}<\/script>\n<!-- \/ Yoast SEO plugin. -->","yoast_head_json":{"title":"Automatisk vakuumforseglingssett - Mekulo NO","robots":{"index":"index","follow":"follow","max-snippet":"max-snippet:-1","max-image-preview":"max-image-preview:large","max-video-preview":"max-video-preview:-1"},"canonical":"https:\/\/mekulo.com\/no\/produkt\/automatisk-vakuumforseglingssett\/","og_locale":"nb_NO","og_type":"article","og_title":"Automatisk vakuumforseglingssett - Mekulo NO","og_description":"\ud83e\udd69Denne automatiske vakuumforsegleren fjerner luft fra oppbevaringsposer for \u00e5 holde p\u00e5 friskhet og smak. \ud83c\udfe0Den fungerer ogs\u00e5 som en varmeforsegler for snacks og en oppbl\u00e5sbar pumpe, noe som gj\u00f8r den perfekt for daglig kj\u00f8kkenbruk, tilberedning av m\u00e5ltider, reiser og camping. \ud83c\udf47En enhet erstatter flere verkt\u00f8y og bidrar til \u00e5 redusere matsvinn.","og_url":"https:\/\/mekulo.com\/no\/produkt\/automatisk-vakuumforseglingssett\/","og_site_name":"Mekulo NO","article_modified_time":"2026-02-03T15:47:09+00:00","og_image":[{"width":700,"height":700,"url":"https:\/\/mekulo.com\/no\/wp-content\/uploads\/sites\/10\/2026\/01\/kt3izjo-1.jpg","type":"image\/jpeg"}],"twitter_card":"summary_large_image","twitter_misc":{"Ansl. lesetid":"2 minutter"},"schema":{"@context":"https:\/\/schema.org","@graph":[{"@type":"WebPage","@id":"https:\/\/mekulo.com\/no\/produkt\/automatisk-vakuumforseglingssett\/","url":"https:\/\/mekulo.com\/no\/produkt\/automatisk-vakuumforseglingssett\/","name":"Automatisk vakuumforseglingssett - Mekulo NO","isPartOf":{"@id":"https:\/\/mekulo.com\/no\/#website"},"primaryImageOfPage":{"@id":"https:\/\/mekulo.com\/no\/produkt\/automatisk-vakuumforseglingssett\/#primaryimage"},"image":{"@id":"https:\/\/mekulo.com\/no\/produkt\/automatisk-vakuumforseglingssett\/#primaryimage"},"thumbnailUrl":"https:\/\/mekulo.com\/no\/wp-content\/uploads\/sites\/10\/2026\/01\/kt3izjo-1.jpg","datePublished":"2026-01-22T14:17:18+00:00","dateModified":"2026-02-03T15:47:09+00:00","breadcrumb":{"@id":"https:\/\/mekulo.com\/no\/produkt\/automatisk-vakuumforseglingssett\/#breadcrumb"},"inLanguage":"nb-NO","potentialAction":[{"@type":"ReadAction","target":["https:\/\/mekulo.com\/no\/produkt\/automatisk-vakuumforseglingssett\/"]}]},{"@type":"ImageObject","inLanguage":"nb-NO","@id":"https:\/\/mekulo.com\/no\/produkt\/automatisk-vakuumforseglingssett\/#primaryimage","url":"https:\/\/mekulo.com\/no\/wp-content\/uploads\/sites\/10\/2026\/01\/kt3izjo-1.jpg","contentUrl":"https:\/\/mekulo.com\/no\/wp-content\/uploads\/sites\/10\/2026\/01\/kt3izjo-1.jpg","width":700,"height":700},{"@type":"BreadcrumbList","@id":"https:\/\/mekulo.com\/no\/produkt\/automatisk-vakuumforseglingssett\/#breadcrumb","itemListElement":[{"@type":"ListItem","position":1,"name":"Home","item":"https:\/\/mekulo.com\/no\/"},{"@type":"ListItem","position":2,"name":"Butikk","item":"https:\/\/mekulo.com\/no\/butikk\/"},{"@type":"ListItem","position":3,"name":"Automatisk vakuumforseglingssett"}]},{"@type":"WebSite","@id":"https:\/\/mekulo.com\/no\/#website","url":"https:\/\/mekulo.com\/no\/","name":"Mekulo NO","description":"","publisher":{"@id":"https:\/\/mekulo.com\/no\/#organization"},"potentialAction":[{"@type":"SearchAction","target":{"@type":"EntryPoint","urlTemplate":"https:\/\/mekulo.com\/no\/?s={search_term_string}"},"query-input":{"@type":"PropertyValueSpecification","valueRequired":true,"valueName":"search_term_string"}}],"inLanguage":"nb-NO"},{"@type":"Organization","@id":"https:\/\/mekulo.com\/no\/#organization","name":"Mekulo","url":"https:\/\/mekulo.com\/no\/","logo":{"@type":"ImageObject","inLanguage":"nb-NO","@id":"https:\/\/mekulo.com\/no\/#\/schema\/logo\/image\/","url":"https:\/\/mekulo.com\/no\/wp-content\/uploads\/sites\/10\/2025\/12\/favicon_mekulo.png","contentUrl":"https:\/\/mekulo.com\/no\/wp-content\/uploads\/sites\/10\/2025\/12\/favicon_mekulo.png","width":50,"height":50,"caption":"Mekulo"},"image":{"@id":"https:\/\/mekulo.com\/no\/#\/schema\/logo\/image\/"}}]}},"_links":{"self":[{"href":"https:\/\/mekulo.com\/no\/wp-json\/wp\/v2\/product\/19391","targetHints":{"allow":["GET"]}}],"collection":[{"href":"https:\/\/mekulo.com\/no\/wp-json\/wp\/v2\/product"}],"about":[{"href":"https:\/\/mekulo.com\/no\/wp-json\/wp\/v2\/types\/product"}],"replies":[{"embeddable":true,"href":"https:\/\/mekulo.com\/no\/wp-json\/wp\/v2\/comments?post=19391"}],"wp:featuredmedia":[{"embeddable":true,"href":"https:\/\/mekulo.com\/no\/wp-json\/wp\/v2\/media\/19387"}],"wp:attachment":[{"href":"https:\/\/mekulo.com\/no\/wp-json\/wp\/v2\/media?parent=19391"}],"wp:term":[{"taxonomy":"product_brand","embeddable":true,"href":"https:\/\/mekulo.com\/no\/wp-json\/wp\/v2\/product_brand?post=19391"},{"taxonomy":"product_cat","embeddable":true,"href":"https:\/\/mekulo.com\/no\/wp-json\/wp\/v2\/product_cat?post=19391"},{"taxonomy":"product_tag","embeddable":true,"href":"https:\/\/mekulo.com\/no\/wp-json\/wp\/v2\/product_tag?post=19391"}],"curies":[{"name":"wp","href":"https:\/\/api.w.org\/{rel}","templated":true}]}}