{"id":19356,"date":"2026-01-22T16:15:02","date_gmt":"2026-01-22T14:15:02","guid":{"rendered":"https:\/\/mekulo.com\/no\/produkt\/ramen-bolle-i-mikrobolgeovn\/"},"modified":"2026-01-22T16:15:42","modified_gmt":"2026-01-22T14:15:42","slug":"ramen-bolle-i-mikrobolgeovn","status":"publish","type":"product","link":"https:\/\/mekulo.com\/no\/produkt\/ramen-bolle-i-mikrobolgeovn\/","title":{"rendered":"Ramen-bolle i mikrob\u00f8lgeovn"},"content":{"rendered":"<p style=\"text-align: center\" data-start=\"0\" data-end=\"63\"><strong data-start=\"0\" data-end=\"63\">Lag Varme Ramen Og M\u00e5ltider Raskt Med En Enkel Mikrob\u00f8lgebolle. \ud83d\udd25<\/strong><\/p>\n<p data-start=\"0\" data-end=\"63\"><img decoding=\"async\" class=\"size-full wp-image-21624 aligncenter\" src=\"https:\/\/mekulo.com\/template\/wp-content\/uploads\/sites\/6\/2026\/01\/b9517bbe62ca7fdf0fbe4a35f6666830d4455061.avif\" alt=\"\" \/><\/p>\n<h2 style=\"text-align: center\" data-start=\"276\" data-end=\"296\">Hovedfordeler \ud83c\udf5c<\/h2>\n<p data-start=\"299\" data-end=\"368\">\ud83c\udf7d\ufe0f Alt-i-ett-sett &#8211; Bolle, skje, gaffel og spisepinner inkludert.<\/p>\n<p data-start=\"371\" data-end=\"421\">\ud83d\udd25 Mikrob\u00f8lgeovnsklar &#8211; Ingen komfyr eller gryter n\u00f8dvendig.<\/p>\n<p data-start=\"424\" data-end=\"478\">\ud83e\uddfc Enkel \u00e5 rengj\u00f8re &#8211; Glatt PP-materiale av matkvalitet.<\/p>\n<p data-start=\"481\" data-end=\"539\">\ud83d\udce6 Kompakt st\u00f8rrelse &#8211; Oppbevares enkelt uten \u00e5 ta plass.<\/p>\n<p data-start=\"542\" data-end=\"602\">\ud83c\udf5d Flerbruk &#8211; Flott til ramen, pasta, havregryn, salater.<\/p>\n<p data-start=\"605\" data-end=\"647\">\u23f1\ufe0f Rask tilberedning av m\u00e5ltider &#8211; Klar p\u00e5 f\u00e5 minutter.<\/p>\n<p data-start=\"605\" data-end=\"647\"><img fetchpriority=\"high\" decoding=\"async\" class=\" wp-image-21625 aligncenter\" src=\"https:\/\/mekulo.com\/template\/wp-content\/uploads\/sites\/6\/2026\/01\/d5197b88d1e0d5401a42c302b0e012fd8d9bba3e-700.avif\" alt=\"\" width=\"781\" height=\"781\" \/><\/p>\n<h2 style=\"text-align: center\" data-start=\"654\" data-end=\"668\">Hvordan Bruke \ud83d\udccc<\/h2>\n<ol data-start=\"669\" data-end=\"885\">\n<li data-start=\"669\" data-end=\"710\">\n<p data-start=\"672\" data-end=\"710\">Plasser nudler eller mat i bollen.<\/p>\n<\/li>\n<li data-start=\"711\" data-end=\"736\">\n<p data-start=\"714\" data-end=\"736\">Tilsett vann etter behov.<\/p>\n<\/li>\n<li data-start=\"737\" data-end=\"770\">\n<p data-start=\"740\" data-end=\"770\">Dekk bollen med lokket.<\/p>\n<\/li>\n<li data-start=\"771\" data-end=\"800\">\n<p data-start=\"774\" data-end=\"800\">Sett den i mikrob\u00f8lgeovnen.<\/p>\n<\/li>\n<li data-start=\"801\" data-end=\"824\">\n<p data-start=\"804\" data-end=\"824\">Varm til den er kokt.<\/p>\n<\/li>\n<li data-start=\"825\" data-end=\"885\">\n<p data-start=\"828\" data-end=\"885\">Ta den forsiktig ut og nyt den ved hjelp av det medf\u00f8lgende kj\u00f8kkenutstyret.<\/p>\n<\/li>\n<\/ol>\n<h2 style=\"text-align: center\" data-start=\"892\" data-end=\"911\">Produktdetaljer \ud83d\udccf<\/h2>\n<ul data-start=\"912\" data-end=\"1220\">\n<li data-start=\"951\" data-end=\"978\">\n<p data-start=\"953\" data-end=\"978\">Materiale: PP i matvarekvalitet<\/p>\n<\/li>\n<li data-start=\"979\" data-end=\"1027\">\n<p data-start=\"981\" data-end=\"1027\">Sk\u00e5lst\u00f8rrelse: 17,5 x 11 cm<\/p>\n<\/li>\n<li data-start=\"1028\" data-end=\"1073\">\n<p data-start=\"1030\" data-end=\"1073\">Skjeest\u00f8rrelse: 16 x 3 cm<\/p>\n<\/li>\n<li data-start=\"1074\" data-end=\"1122\">\n<p data-start=\"1076\" data-end=\"1122\">Gaffelst\u00f8rrelse: 15,5 x 2,5 cm<\/p>\n<\/li>\n<li data-start=\"1123\" data-end=\"1165\">\n<p data-start=\"1125\" data-end=\"1165\">Pinnelengde: 18 cm<\/p>\n<\/li>\n<li data-start=\"1166\" data-end=\"1183\">\n<p data-start=\"1168\" data-end=\"1183\">Vekt: 180 g<\/p>\n<\/li>\n<\/ul>\n<h2 style=\"text-align: center\" data-start=\"1227\" data-end=\"1247\">Pakken Inkluderer \ud83d\udce6<\/h2>\n<ul data-start=\"1248\" data-end=\"1340\" data-is-last-node=\"\" data-is-only-node=\"\">\n<li data-start=\"1248\" data-end=\"1279\">\n<p data-start=\"1250\" data-end=\"1279\">1x ramen-sk\u00e5l for mikrob\u00f8lgeovn<\/p>\n<\/li>\n<li data-start=\"1248\" data-end=\"1279\">\n<p data-start=\"1250\" data-end=\"1279\">1x skje<\/p>\n<\/li>\n<li data-start=\"1297\" data-end=\"1312\">\n<p data-start=\"1299\" data-end=\"1312\">1x gaffel<\/p>\n<\/li>\n<li data-start=\"1313\" data-end=\"1340\" data-is-last-node=\"\">\n<p data-start=\"1315\" data-end=\"1340\" data-is-last-node=\"\">1x par spisepinner.<\/p>\n<\/li>\n<\/ul>\n","protected":false},"excerpt":{"rendered":"<p>\ud83c\udf5cMed denne ramen-bollen for mikrob\u00f8lgeovn kan du lage og nyte ramen uten komfyr eller ekstra oppvask.<br \/>\n\ud83d\udca7Det er bare \u00e5 tilsette vann, sette i mikrob\u00f8lgeovnen og spise rett fra bollen, noe som gj\u00f8r den perfekt for travle dager hjemme, p\u00e5 jobb eller p\u00e5 skolen.<br \/>\n\u231bDen sparer tid samtidig som den reduserer opprydding og rot.<\/p>\n","protected":false},"featured_media":19352,"comment_status":"open","ping_status":"closed","template":"","meta":{"site-sidebar-layout":"default","site-content-layout":"","ast-site-content-layout":"default","site-content-style":"default","site-sidebar-style":"default","ast-global-header-display":"","ast-banner-title-visibility":"","ast-main-header-display":"","ast-hfb-above-header-display":"","ast-hfb-below-header-display":"","ast-hfb-mobile-header-display":"","site-post-title":"","ast-breadcrumbs-content":"","ast-featured-img":"","footer-sml-layout":"","theme-transparent-header-meta":"default","adv-header-id-meta":"","stick-header-meta":"","header-above-stick-meta":"","header-main-stick-meta":"","header-below-stick-meta":"","astra-migrate-meta-layouts":"set","ast-page-background-enabled":"default","ast-page-background-meta":{"desktop":{"background-color":"var(--ast-global-color-5)","background-image":"","background-repeat":"repeat","background-position":"center center","background-size":"auto","background-attachment":"scroll","background-type":"","background-media":"","overlay-type":"","overlay-color":"","overlay-opacity":"","overlay-gradient":""},"tablet":{"background-color":"","background-image":"","background-repeat":"repeat","background-position":"center center","background-size":"auto","background-attachment":"scroll","background-type":"","background-media":"","overlay-type":"","overlay-color":"","overlay-opacity":"","overlay-gradient":""},"mobile":{"background-color":"","background-image":"","background-repeat":"repeat","background-position":"center center","background-size":"auto","background-attachment":"scroll","background-type":"","background-media":"","overlay-type":"","overlay-color":"","overlay-opacity":"","overlay-gradient":""}},"ast-content-background-meta":{"desktop":{"background-color":"var(--ast-global-color-4)","background-image":"","background-repeat":"repeat","background-position":"center center","background-size":"auto","background-attachment":"scroll","background-type":"","background-media":"","overlay-type":"","overlay-color":"","overlay-opacity":"","overlay-gradient":""},"tablet":{"background-color":"var(--ast-global-color-4)","background-image":"","background-repeat":"repeat","background-position":"center center","background-size":"auto","background-attachment":"scroll","background-type":"","background-media":"","overlay-type":"","overlay-color":"","overlay-opacity":"","overlay-gradient":""},"mobile":{"background-color":"var(--ast-global-color-4)","background-image":"","background-repeat":"repeat","background-position":"center center","background-size":"auto","background-attachment":"scroll","background-type":"","background-media":"","overlay-type":"","overlay-color":"","overlay-opacity":"","overlay-gradient":""}}},"product_brand":[],"product_cat":[168],"product_tag":[],"class_list":{"0":"post-19356","1":"product","2":"type-product","3":"status-publish","4":"has-post-thumbnail","6":"product_cat-husholdningsartikler","7":"pa_51525_d1272d7x-beige","8":"pa_51525_d1272d7x-bla","9":"pa_51525_d1272d7x-gronn","10":"pa_51525_d1272d7x-rosa","11":"pa_51525_i7qvwf1l-1-sett","12":"pa_51525_i7qvwf1l-2-sett","13":"pa_51525_i7qvwf1l-3-sett","14":"desktop-align-left","15":"tablet-align-left","16":"mobile-align-left","18":"first","19":"instock","20":"shipping-taxable","21":"purchasable","22":"product-type-variable","23":"has-default-attributes"},"yoast_head":"<!-- This site is optimized with the Yoast SEO plugin v26.6 - https:\/\/yoast.com\/wordpress\/plugins\/seo\/ -->\n<title>Ramen-bolle i mikrob\u00f8lgeovn - Mekulo NO<\/title>\n<meta name=\"robots\" content=\"index, follow, max-snippet:-1, max-image-preview:large, max-video-preview:-1\" \/>\n<link rel=\"canonical\" href=\"https:\/\/mekulo.com\/no\/produkt\/ramen-bolle-i-mikrobolgeovn\/\" \/>\n<meta property=\"og:locale\" content=\"nb_NO\" \/>\n<meta property=\"og:type\" content=\"article\" \/>\n<meta property=\"og:title\" content=\"Ramen-bolle i mikrob\u00f8lgeovn - Mekulo NO\" \/>\n<meta property=\"og:description\" content=\"\ud83c\udf5cMed denne ramen-bollen for mikrob\u00f8lgeovn kan du lage og nyte ramen uten komfyr eller ekstra oppvask. \ud83d\udca7Det er bare \u00e5 tilsette vann, sette i mikrob\u00f8lgeovnen og spise rett fra bollen, noe som gj\u00f8r den perfekt for travle dager hjemme, p\u00e5 jobb eller p\u00e5 skolen. \u231bDen sparer tid samtidig som den reduserer opprydding og rot.\" \/>\n<meta property=\"og:url\" content=\"https:\/\/mekulo.com\/no\/produkt\/ramen-bolle-i-mikrobolgeovn\/\" \/>\n<meta property=\"og:site_name\" content=\"Mekulo NO\" \/>\n<meta property=\"article:modified_time\" content=\"2026-01-22T14:15:42+00:00\" \/>\n<meta property=\"og:image\" content=\"https:\/\/mekulo.com\/no\/wp-content\/uploads\/sites\/10\/2026\/01\/3tyh1jv-1.jpg\" \/>\n\t<meta property=\"og:image:width\" content=\"700\" \/>\n\t<meta property=\"og:image:height\" content=\"700\" \/>\n\t<meta property=\"og:image:type\" content=\"image\/jpeg\" \/>\n<meta name=\"twitter:card\" content=\"summary_large_image\" \/>\n<meta name=\"twitter:label1\" content=\"Ansl. lesetid\" \/>\n\t<meta name=\"twitter:data1\" content=\"2 minutter\" \/>\n<script type=\"application\/ld+json\" class=\"yoast-schema-graph\">{\"@context\":\"https:\/\/schema.org\",\"@graph\":[{\"@type\":\"WebPage\",\"@id\":\"https:\/\/mekulo.com\/no\/produkt\/ramen-bolle-i-mikrobolgeovn\/\",\"url\":\"https:\/\/mekulo.com\/no\/produkt\/ramen-bolle-i-mikrobolgeovn\/\",\"name\":\"Ramen-bolle i mikrob\u00f8lgeovn - Mekulo NO\",\"isPartOf\":{\"@id\":\"https:\/\/mekulo.com\/no\/#website\"},\"primaryImageOfPage\":{\"@id\":\"https:\/\/mekulo.com\/no\/produkt\/ramen-bolle-i-mikrobolgeovn\/#primaryimage\"},\"image\":{\"@id\":\"https:\/\/mekulo.com\/no\/produkt\/ramen-bolle-i-mikrobolgeovn\/#primaryimage\"},\"thumbnailUrl\":\"https:\/\/mekulo.com\/no\/wp-content\/uploads\/sites\/10\/2026\/01\/3tyh1jv-1.jpg\",\"datePublished\":\"2026-01-22T14:15:02+00:00\",\"dateModified\":\"2026-01-22T14:15:42+00:00\",\"breadcrumb\":{\"@id\":\"https:\/\/mekulo.com\/no\/produkt\/ramen-bolle-i-mikrobolgeovn\/#breadcrumb\"},\"inLanguage\":\"nb-NO\",\"potentialAction\":[{\"@type\":\"ReadAction\",\"target\":[\"https:\/\/mekulo.com\/no\/produkt\/ramen-bolle-i-mikrobolgeovn\/\"]}]},{\"@type\":\"ImageObject\",\"inLanguage\":\"nb-NO\",\"@id\":\"https:\/\/mekulo.com\/no\/produkt\/ramen-bolle-i-mikrobolgeovn\/#primaryimage\",\"url\":\"https:\/\/mekulo.com\/no\/wp-content\/uploads\/sites\/10\/2026\/01\/3tyh1jv-1.jpg\",\"contentUrl\":\"https:\/\/mekulo.com\/no\/wp-content\/uploads\/sites\/10\/2026\/01\/3tyh1jv-1.jpg\",\"width\":700,\"height\":700},{\"@type\":\"BreadcrumbList\",\"@id\":\"https:\/\/mekulo.com\/no\/produkt\/ramen-bolle-i-mikrobolgeovn\/#breadcrumb\",\"itemListElement\":[{\"@type\":\"ListItem\",\"position\":1,\"name\":\"Home\",\"item\":\"https:\/\/mekulo.com\/no\/\"},{\"@type\":\"ListItem\",\"position\":2,\"name\":\"Butikk\",\"item\":\"https:\/\/mekulo.com\/no\/butikk\/\"},{\"@type\":\"ListItem\",\"position\":3,\"name\":\"Ramen-bolle i mikrob\u00f8lgeovn\"}]},{\"@type\":\"WebSite\",\"@id\":\"https:\/\/mekulo.com\/no\/#website\",\"url\":\"https:\/\/mekulo.com\/no\/\",\"name\":\"Mekulo NO\",\"description\":\"\",\"publisher\":{\"@id\":\"https:\/\/mekulo.com\/no\/#organization\"},\"potentialAction\":[{\"@type\":\"SearchAction\",\"target\":{\"@type\":\"EntryPoint\",\"urlTemplate\":\"https:\/\/mekulo.com\/no\/?s={search_term_string}\"},\"query-input\":{\"@type\":\"PropertyValueSpecification\",\"valueRequired\":true,\"valueName\":\"search_term_string\"}}],\"inLanguage\":\"nb-NO\"},{\"@type\":\"Organization\",\"@id\":\"https:\/\/mekulo.com\/no\/#organization\",\"name\":\"Mekulo\",\"url\":\"https:\/\/mekulo.com\/no\/\",\"logo\":{\"@type\":\"ImageObject\",\"inLanguage\":\"nb-NO\",\"@id\":\"https:\/\/mekulo.com\/no\/#\/schema\/logo\/image\/\",\"url\":\"https:\/\/mekulo.com\/no\/wp-content\/uploads\/sites\/10\/2025\/12\/favicon_mekulo.png\",\"contentUrl\":\"https:\/\/mekulo.com\/no\/wp-content\/uploads\/sites\/10\/2025\/12\/favicon_mekulo.png\",\"width\":50,\"height\":50,\"caption\":\"Mekulo\"},\"image\":{\"@id\":\"https:\/\/mekulo.com\/no\/#\/schema\/logo\/image\/\"}}]}<\/script>\n<!-- \/ Yoast SEO plugin. -->","yoast_head_json":{"title":"Ramen-bolle i mikrob\u00f8lgeovn - Mekulo NO","robots":{"index":"index","follow":"follow","max-snippet":"max-snippet:-1","max-image-preview":"max-image-preview:large","max-video-preview":"max-video-preview:-1"},"canonical":"https:\/\/mekulo.com\/no\/produkt\/ramen-bolle-i-mikrobolgeovn\/","og_locale":"nb_NO","og_type":"article","og_title":"Ramen-bolle i mikrob\u00f8lgeovn - Mekulo NO","og_description":"\ud83c\udf5cMed denne ramen-bollen for mikrob\u00f8lgeovn kan du lage og nyte ramen uten komfyr eller ekstra oppvask. \ud83d\udca7Det er bare \u00e5 tilsette vann, sette i mikrob\u00f8lgeovnen og spise rett fra bollen, noe som gj\u00f8r den perfekt for travle dager hjemme, p\u00e5 jobb eller p\u00e5 skolen. \u231bDen sparer tid samtidig som den reduserer opprydding og rot.","og_url":"https:\/\/mekulo.com\/no\/produkt\/ramen-bolle-i-mikrobolgeovn\/","og_site_name":"Mekulo NO","article_modified_time":"2026-01-22T14:15:42+00:00","og_image":[{"width":700,"height":700,"url":"https:\/\/mekulo.com\/no\/wp-content\/uploads\/sites\/10\/2026\/01\/3tyh1jv-1.jpg","type":"image\/jpeg"}],"twitter_card":"summary_large_image","twitter_misc":{"Ansl. lesetid":"2 minutter"},"schema":{"@context":"https:\/\/schema.org","@graph":[{"@type":"WebPage","@id":"https:\/\/mekulo.com\/no\/produkt\/ramen-bolle-i-mikrobolgeovn\/","url":"https:\/\/mekulo.com\/no\/produkt\/ramen-bolle-i-mikrobolgeovn\/","name":"Ramen-bolle i mikrob\u00f8lgeovn - Mekulo NO","isPartOf":{"@id":"https:\/\/mekulo.com\/no\/#website"},"primaryImageOfPage":{"@id":"https:\/\/mekulo.com\/no\/produkt\/ramen-bolle-i-mikrobolgeovn\/#primaryimage"},"image":{"@id":"https:\/\/mekulo.com\/no\/produkt\/ramen-bolle-i-mikrobolgeovn\/#primaryimage"},"thumbnailUrl":"https:\/\/mekulo.com\/no\/wp-content\/uploads\/sites\/10\/2026\/01\/3tyh1jv-1.jpg","datePublished":"2026-01-22T14:15:02+00:00","dateModified":"2026-01-22T14:15:42+00:00","breadcrumb":{"@id":"https:\/\/mekulo.com\/no\/produkt\/ramen-bolle-i-mikrobolgeovn\/#breadcrumb"},"inLanguage":"nb-NO","potentialAction":[{"@type":"ReadAction","target":["https:\/\/mekulo.com\/no\/produkt\/ramen-bolle-i-mikrobolgeovn\/"]}]},{"@type":"ImageObject","inLanguage":"nb-NO","@id":"https:\/\/mekulo.com\/no\/produkt\/ramen-bolle-i-mikrobolgeovn\/#primaryimage","url":"https:\/\/mekulo.com\/no\/wp-content\/uploads\/sites\/10\/2026\/01\/3tyh1jv-1.jpg","contentUrl":"https:\/\/mekulo.com\/no\/wp-content\/uploads\/sites\/10\/2026\/01\/3tyh1jv-1.jpg","width":700,"height":700},{"@type":"BreadcrumbList","@id":"https:\/\/mekulo.com\/no\/produkt\/ramen-bolle-i-mikrobolgeovn\/#breadcrumb","itemListElement":[{"@type":"ListItem","position":1,"name":"Home","item":"https:\/\/mekulo.com\/no\/"},{"@type":"ListItem","position":2,"name":"Butikk","item":"https:\/\/mekulo.com\/no\/butikk\/"},{"@type":"ListItem","position":3,"name":"Ramen-bolle i mikrob\u00f8lgeovn"}]},{"@type":"WebSite","@id":"https:\/\/mekulo.com\/no\/#website","url":"https:\/\/mekulo.com\/no\/","name":"Mekulo NO","description":"","publisher":{"@id":"https:\/\/mekulo.com\/no\/#organization"},"potentialAction":[{"@type":"SearchAction","target":{"@type":"EntryPoint","urlTemplate":"https:\/\/mekulo.com\/no\/?s={search_term_string}"},"query-input":{"@type":"PropertyValueSpecification","valueRequired":true,"valueName":"search_term_string"}}],"inLanguage":"nb-NO"},{"@type":"Organization","@id":"https:\/\/mekulo.com\/no\/#organization","name":"Mekulo","url":"https:\/\/mekulo.com\/no\/","logo":{"@type":"ImageObject","inLanguage":"nb-NO","@id":"https:\/\/mekulo.com\/no\/#\/schema\/logo\/image\/","url":"https:\/\/mekulo.com\/no\/wp-content\/uploads\/sites\/10\/2025\/12\/favicon_mekulo.png","contentUrl":"https:\/\/mekulo.com\/no\/wp-content\/uploads\/sites\/10\/2025\/12\/favicon_mekulo.png","width":50,"height":50,"caption":"Mekulo"},"image":{"@id":"https:\/\/mekulo.com\/no\/#\/schema\/logo\/image\/"}}]}},"_links":{"self":[{"href":"https:\/\/mekulo.com\/no\/wp-json\/wp\/v2\/product\/19356","targetHints":{"allow":["GET"]}}],"collection":[{"href":"https:\/\/mekulo.com\/no\/wp-json\/wp\/v2\/product"}],"about":[{"href":"https:\/\/mekulo.com\/no\/wp-json\/wp\/v2\/types\/product"}],"replies":[{"embeddable":true,"href":"https:\/\/mekulo.com\/no\/wp-json\/wp\/v2\/comments?post=19356"}],"wp:featuredmedia":[{"embeddable":true,"href":"https:\/\/mekulo.com\/no\/wp-json\/wp\/v2\/media\/19352"}],"wp:attachment":[{"href":"https:\/\/mekulo.com\/no\/wp-json\/wp\/v2\/media?parent=19356"}],"wp:term":[{"taxonomy":"product_brand","embeddable":true,"href":"https:\/\/mekulo.com\/no\/wp-json\/wp\/v2\/product_brand?post=19356"},{"taxonomy":"product_cat","embeddable":true,"href":"https:\/\/mekulo.com\/no\/wp-json\/wp\/v2\/product_cat?post=19356"},{"taxonomy":"product_tag","embeddable":true,"href":"https:\/\/mekulo.com\/no\/wp-json\/wp\/v2\/product_tag?post=19356"}],"curies":[{"name":"wp","href":"https:\/\/api.w.org\/{rel}","templated":true}]}}