{"id":19345,"date":"2026-01-22T16:13:23","date_gmt":"2026-01-22T14:13:23","guid":{"rendered":"https:\/\/mekulo.com\/no\/produkt\/baerbar-bluetooth-hoyttaler\/"},"modified":"2026-02-03T17:04:04","modified_gmt":"2026-02-03T15:04:04","slug":"baerbar-bluetooth-hoyttaler","status":"publish","type":"product","link":"https:\/\/mekulo.com\/no\/produkt\/baerbar-bluetooth-hoyttaler\/","title":{"rendered":"B\u00e6rbar Bluetooth-h\u00f8yttaler"},"content":{"rendered":"<div class=\"flex max-w-full flex-col grow\">\n<div class=\"min-h-8 text-message relative flex w-full flex-col items-end gap-2 text-start break-words whitespace-normal [.text-message+&amp;]:mt-1\" dir=\"auto\" data-message-author-role=\"assistant\" data-message-id=\"321509f4-bbdc-4a1d-9bcd-bf643fbce2b6\" data-message-model-slug=\"gpt-5-2\">\n<div class=\"flex w-full flex-col gap-1 empty:hidden first:pt-[1px]\">\n<div class=\"markdown prose dark:prose-invert w-full break-words light markdown-new-styling\">\n<p style=\"text-align: center\" data-start=\"0\" data-end=\"82\"><strong data-start=\"0\" data-end=\"82\">Nyt Klar Lyd Hvor Som Helst Med En Lett H\u00f8yttaler Du Kan Ha P\u00e5 Deg Eller Klemme P\u00e5. \ud83d\udd0a<\/strong><\/p>\n<p data-start=\"0\" data-end=\"82\"><img fetchpriority=\"high\" decoding=\"async\" class=\"size-full wp-image-21618 aligncenter\" src=\"https:\/\/mekulo.com\/template\/wp-content\/uploads\/sites\/6\/2026\/01\/S6be57f6491a74c97936f86bf5492debb0.jpg\" alt=\"\" width=\"1080\" height=\"1080\" \/><\/p>\n<h2 style=\"text-align: center\" data-start=\"351\" data-end=\"371\">Hovedfordeler \ud83d\udd0a<\/h2>\n<p data-start=\"374\" data-end=\"438\">\ud83e\uddf2 Flere bruksalternativer &#8211; Klipp, magnet eller snor.<\/p>\n<p data-start=\"441\" data-end=\"495\">\ud83c\udf92 Lett og kompakt &#8211; Lett \u00e5 b\u00e6re hele dagen.<\/p>\n<p data-start=\"498\" data-end=\"567\">\ud83c\udfb6 Klar og balansert lyd &#8211; Komfortabel lyd uten tretthet.<\/p>\n<p data-start=\"570\" data-end=\"627\">\ud83d\udcde H\u00e5ndfri samtale &#8211; Innebygd mikrofonst\u00f8tte.<\/p>\n<p data-start=\"630\" data-end=\"684\">\ud83d\udcbe TF-kortavspilling &#8211; Spill av musikk uten telefon.<\/p>\n<p data-start=\"687\" data-end=\"743\">\ud83d\udcaa Slitesterk og fallsikker &#8211; Bygget for aktiv bruk.<\/p>\n<p data-start=\"687\" data-end=\"743\">\ud83c\udf27\ufe0f IP56 vanntett og st\u00f8vtett &#8211; klar for utend\u00f8rsforhold.<\/p>\n<p data-start=\"687\" data-end=\"743\"><img decoding=\"async\" class=\"size-full wp-image-21617 aligncenter\" src=\"https:\/\/mekulo.com\/template\/wp-content\/uploads\/sites\/6\/2026\/01\/591c10105969ca88c1469652736d691ddb7a071e.jpg\" alt=\"\" width=\"1080\" height=\"1080\" \/><\/p>\n<h2 style=\"text-align: center\" data-start=\"821\" data-end=\"835\">Hvordan Du Bruker \ud83d\udccc<\/h2>\n<ol data-start=\"836\" data-end=\"1113\">\n<li data-start=\"836\" data-end=\"862\">\n<p data-start=\"839\" data-end=\"862\">Sl\u00e5 p\u00e5 h\u00f8yttaleren.<\/p>\n<\/li>\n<li data-start=\"863\" data-end=\"905\">\n<p data-start=\"866\" data-end=\"905\">Koble til enheten din via Bluetooth.<\/p>\n<\/li>\n<li data-start=\"906\" data-end=\"962\">\n<p data-start=\"909\" data-end=\"962\">Klips, heng eller fest den magnetisk der det er n\u00f8dvendig.<\/p>\n<\/li>\n<li data-start=\"963\" data-end=\"1006\">\n<p data-start=\"966\" data-end=\"1006\">Bruk knappene til \u00e5 kontrollere musikk eller samtaler.<\/p>\n<\/li>\n<li data-start=\"1007\" data-end=\"1063\">\n<p data-start=\"1010\" data-end=\"1063\">Sett inn et TF-kort for \u00e5 spille av musikk direkte hvis \u00f8nskelig.<\/p>\n<\/li>\n<li data-start=\"1064\" data-end=\"1113\">\n<p data-start=\"1067\" data-end=\"1113\">Lad opp med Type-C-kabelen n\u00e5r det er n\u00f8dvendig.<\/p>\n<\/li>\n<\/ol>\n<h2 style=\"text-align: center\" data-start=\"1120\" data-end=\"1139\">Produktdetaljer \ud83d\udccf<\/h2>\n<ul data-start=\"1140\" data-end=\"1527\">\n<li data-start=\"1185\" data-end=\"1211\">\n<p data-start=\"1187\" data-end=\"1211\">Bluetooth-versjon: 5.3<\/p>\n<\/li>\n<li data-start=\"1212\" data-end=\"1242\">\n<p data-start=\"1214\" data-end=\"1242\">Tr\u00e5dl\u00f8s rekkevidde: Opptil 10 m<\/p>\n<\/li>\n<li data-start=\"1243\" data-end=\"1264\">\n<p data-start=\"1245\" data-end=\"1264\">H\u00f8yttaler: 40 mm, 3W<\/p>\n<\/li>\n<li data-start=\"1265\" data-end=\"1297\">\n<p data-start=\"1267\" data-end=\"1297\">Signal\/st\u00f8y-forhold: 95 dB<\/p>\n<\/li>\n<li data-start=\"1298\" data-end=\"1332\">\n<p data-start=\"1300\" data-end=\"1332\">Materiale: ABS + gummibelegg<\/p>\n<\/li>\n<li data-start=\"1333\" data-end=\"1370\">\n<p data-start=\"1335\" data-end=\"1370\">Batteri: 3,7V 900mAh oppladbart<\/p>\n<\/li>\n<li data-start=\"1371\" data-end=\"1396\">\n<p data-start=\"1373\" data-end=\"1396\">Ladeport: Type-C<\/p>\n<\/li>\n<li data-start=\"1397\" data-end=\"1427\">\n<p data-start=\"1399\" data-end=\"1427\">Ladetid: 1,5-2 timer<\/p>\n<\/li>\n<li data-start=\"1428\" data-end=\"1455\">\n<p data-start=\"1430\" data-end=\"1455\">Vanntett klassifisering: IP56<\/p>\n<\/li>\n<li data-start=\"1456\" data-end=\"1505\">\n<p data-start=\"1458\" data-end=\"1505\">St\u00f8rrelse: 78 x 52 x 39 mm<\/p>\n<\/li>\n<\/ul>\n<h2 style=\"text-align: center\" data-start=\"1534\" data-end=\"1554\">Pakken Inkluderer \ud83d\udce6<\/h2>\n<ul data-start=\"1555\" data-end=\"1662\" data-is-last-node=\"\" data-is-only-node=\"\">\n<li data-start=\"1555\" data-end=\"1592\">\n<p data-start=\"1557\" data-end=\"1592\">1x b\u00e6rbar Bluetooth-h\u00f8yttaler<\/p>\n<\/li>\n<li data-start=\"1593\" data-end=\"1634\">\n<p data-start=\"1595\" data-end=\"1634\">1x USB-A til Type-C ladekabel<\/p>\n<\/li>\n<li data-start=\"1635\" data-end=\"1662\" data-is-last-node=\"\">\n<p data-start=\"1637\" data-end=\"1662\" data-is-last-node=\"\">1x bruksanvisning.<\/p>\n<\/li>\n<\/ul>\n<\/div>\n<\/div>\n<\/div>\n<\/div>\n","protected":false},"excerpt":{"rendered":"<p>\ud83d\udd09Med denne b\u00e6rbare Bluetooth-h\u00f8yttaleren kan du lytte til musikk og ta imot samtaler samtidig som du har hendene fri og er oppmerksom p\u00e5 omgivelsene.<br \/>\n\ud83d\udd0cDen kompakte, klipsbare designen gj\u00f8r den perfekt for jobb, utend\u00f8rsaktiviteter, reiser eller hverdagsbruk uten \u00e5 m\u00e5tte b\u00e6re en klumpete h\u00f8yttaler.<br \/>\n\ud83d\udc56Du kan feste den til kl\u00e6rne eller utstyret ditt og nyte lyden uansett hvor du g\u00e5r.<\/p>\n","protected":false},"featured_media":19341,"comment_status":"open","ping_status":"closed","template":"","meta":{"site-sidebar-layout":"default","site-content-layout":"","ast-site-content-layout":"default","site-content-style":"default","site-sidebar-style":"default","ast-global-header-display":"","ast-banner-title-visibility":"","ast-main-header-display":"","ast-hfb-above-header-display":"","ast-hfb-below-header-display":"","ast-hfb-mobile-header-display":"","site-post-title":"","ast-breadcrumbs-content":"","ast-featured-img":"","footer-sml-layout":"","theme-transparent-header-meta":"default","adv-header-id-meta":"","stick-header-meta":"","header-above-stick-meta":"","header-main-stick-meta":"","header-below-stick-meta":"","astra-migrate-meta-layouts":"set","ast-page-background-enabled":"default","ast-page-background-meta":{"desktop":{"background-color":"var(--ast-global-color-5)","background-image":"","background-repeat":"repeat","background-position":"center center","background-size":"auto","background-attachment":"scroll","background-type":"","background-media":"","overlay-type":"","overlay-color":"","overlay-opacity":"","overlay-gradient":""},"tablet":{"background-color":"","background-image":"","background-repeat":"repeat","background-position":"center center","background-size":"auto","background-attachment":"scroll","background-type":"","background-media":"","overlay-type":"","overlay-color":"","overlay-opacity":"","overlay-gradient":""},"mobile":{"background-color":"","background-image":"","background-repeat":"repeat","background-position":"center center","background-size":"auto","background-attachment":"scroll","background-type":"","background-media":"","overlay-type":"","overlay-color":"","overlay-opacity":"","overlay-gradient":""}},"ast-content-background-meta":{"desktop":{"background-color":"var(--ast-global-color-4)","background-image":"","background-repeat":"repeat","background-position":"center center","background-size":"auto","background-attachment":"scroll","background-type":"","background-media":"","overlay-type":"","overlay-color":"","overlay-opacity":"","overlay-gradient":""},"tablet":{"background-color":"var(--ast-global-color-4)","background-image":"","background-repeat":"repeat","background-position":"center center","background-size":"auto","background-attachment":"scroll","background-type":"","background-media":"","overlay-type":"","overlay-color":"","overlay-opacity":"","overlay-gradient":""},"mobile":{"background-color":"var(--ast-global-color-4)","background-image":"","background-repeat":"repeat","background-position":"center center","background-size":"auto","background-attachment":"scroll","background-type":"","background-media":"","overlay-type":"","overlay-color":"","overlay-opacity":"","overlay-gradient":""}}},"product_brand":[],"product_cat":[173],"product_tag":[],"class_list":{"0":"post-19345","1":"product","2":"type-product","3":"status-publish","4":"has-post-thumbnail","6":"product_cat-elektronikk","7":"desktop-align-left","8":"tablet-align-left","9":"mobile-align-left","11":"first","12":"instock","13":"shipping-taxable","14":"purchasable","15":"product-type-simple"},"yoast_head":"<!-- This site is optimized with the Yoast SEO plugin v26.6 - https:\/\/yoast.com\/wordpress\/plugins\/seo\/ -->\n<title>B\u00e6rbar Bluetooth-h\u00f8yttaler - Mekulo NO<\/title>\n<meta name=\"robots\" content=\"index, follow, max-snippet:-1, max-image-preview:large, max-video-preview:-1\" \/>\n<link rel=\"canonical\" href=\"https:\/\/mekulo.com\/no\/produkt\/baerbar-bluetooth-hoyttaler\/\" \/>\n<meta property=\"og:locale\" content=\"nb_NO\" \/>\n<meta property=\"og:type\" content=\"article\" \/>\n<meta property=\"og:title\" content=\"B\u00e6rbar Bluetooth-h\u00f8yttaler - Mekulo NO\" \/>\n<meta property=\"og:description\" content=\"\ud83d\udd09Med denne b\u00e6rbare Bluetooth-h\u00f8yttaleren kan du lytte til musikk og ta imot samtaler samtidig som du har hendene fri og er oppmerksom p\u00e5 omgivelsene. \ud83d\udd0cDen kompakte, klipsbare designen gj\u00f8r den perfekt for jobb, utend\u00f8rsaktiviteter, reiser eller hverdagsbruk uten \u00e5 m\u00e5tte b\u00e6re en klumpete h\u00f8yttaler. \ud83d\udc56Du kan feste den til kl\u00e6rne eller utstyret ditt og nyte lyden uansett hvor du g\u00e5r.\" \/>\n<meta property=\"og:url\" content=\"https:\/\/mekulo.com\/no\/produkt\/baerbar-bluetooth-hoyttaler\/\" \/>\n<meta property=\"og:site_name\" content=\"Mekulo NO\" \/>\n<meta property=\"article:modified_time\" content=\"2026-02-03T15:04:04+00:00\" \/>\n<meta property=\"og:image\" content=\"https:\/\/mekulo.com\/no\/wp-content\/uploads\/sites\/10\/2026\/01\/nnkwz24-1.jpg\" \/>\n\t<meta property=\"og:image:width\" content=\"1080\" \/>\n\t<meta property=\"og:image:height\" content=\"1080\" \/>\n\t<meta property=\"og:image:type\" content=\"image\/jpeg\" \/>\n<meta name=\"twitter:card\" content=\"summary_large_image\" \/>\n<meta name=\"twitter:label1\" content=\"Ansl. lesetid\" \/>\n\t<meta name=\"twitter:data1\" content=\"2 minutter\" \/>\n<script type=\"application\/ld+json\" class=\"yoast-schema-graph\">{\"@context\":\"https:\/\/schema.org\",\"@graph\":[{\"@type\":\"WebPage\",\"@id\":\"https:\/\/mekulo.com\/no\/produkt\/baerbar-bluetooth-hoyttaler\/\",\"url\":\"https:\/\/mekulo.com\/no\/produkt\/baerbar-bluetooth-hoyttaler\/\",\"name\":\"B\u00e6rbar Bluetooth-h\u00f8yttaler - Mekulo NO\",\"isPartOf\":{\"@id\":\"https:\/\/mekulo.com\/no\/#website\"},\"primaryImageOfPage\":{\"@id\":\"https:\/\/mekulo.com\/no\/produkt\/baerbar-bluetooth-hoyttaler\/#primaryimage\"},\"image\":{\"@id\":\"https:\/\/mekulo.com\/no\/produkt\/baerbar-bluetooth-hoyttaler\/#primaryimage\"},\"thumbnailUrl\":\"https:\/\/mekulo.com\/no\/wp-content\/uploads\/sites\/10\/2026\/01\/nnkwz24-1.jpg\",\"datePublished\":\"2026-01-22T14:13:23+00:00\",\"dateModified\":\"2026-02-03T15:04:04+00:00\",\"breadcrumb\":{\"@id\":\"https:\/\/mekulo.com\/no\/produkt\/baerbar-bluetooth-hoyttaler\/#breadcrumb\"},\"inLanguage\":\"nb-NO\",\"potentialAction\":[{\"@type\":\"ReadAction\",\"target\":[\"https:\/\/mekulo.com\/no\/produkt\/baerbar-bluetooth-hoyttaler\/\"]}]},{\"@type\":\"ImageObject\",\"inLanguage\":\"nb-NO\",\"@id\":\"https:\/\/mekulo.com\/no\/produkt\/baerbar-bluetooth-hoyttaler\/#primaryimage\",\"url\":\"https:\/\/mekulo.com\/no\/wp-content\/uploads\/sites\/10\/2026\/01\/nnkwz24-1.jpg\",\"contentUrl\":\"https:\/\/mekulo.com\/no\/wp-content\/uploads\/sites\/10\/2026\/01\/nnkwz24-1.jpg\",\"width\":1080,\"height\":1080},{\"@type\":\"BreadcrumbList\",\"@id\":\"https:\/\/mekulo.com\/no\/produkt\/baerbar-bluetooth-hoyttaler\/#breadcrumb\",\"itemListElement\":[{\"@type\":\"ListItem\",\"position\":1,\"name\":\"Home\",\"item\":\"https:\/\/mekulo.com\/no\/\"},{\"@type\":\"ListItem\",\"position\":2,\"name\":\"Butikk\",\"item\":\"https:\/\/mekulo.com\/no\/butikk\/\"},{\"@type\":\"ListItem\",\"position\":3,\"name\":\"B\u00e6rbar Bluetooth-h\u00f8yttaler\"}]},{\"@type\":\"WebSite\",\"@id\":\"https:\/\/mekulo.com\/no\/#website\",\"url\":\"https:\/\/mekulo.com\/no\/\",\"name\":\"Mekulo NO\",\"description\":\"\",\"publisher\":{\"@id\":\"https:\/\/mekulo.com\/no\/#organization\"},\"potentialAction\":[{\"@type\":\"SearchAction\",\"target\":{\"@type\":\"EntryPoint\",\"urlTemplate\":\"https:\/\/mekulo.com\/no\/?s={search_term_string}\"},\"query-input\":{\"@type\":\"PropertyValueSpecification\",\"valueRequired\":true,\"valueName\":\"search_term_string\"}}],\"inLanguage\":\"nb-NO\"},{\"@type\":\"Organization\",\"@id\":\"https:\/\/mekulo.com\/no\/#organization\",\"name\":\"Mekulo\",\"url\":\"https:\/\/mekulo.com\/no\/\",\"logo\":{\"@type\":\"ImageObject\",\"inLanguage\":\"nb-NO\",\"@id\":\"https:\/\/mekulo.com\/no\/#\/schema\/logo\/image\/\",\"url\":\"https:\/\/mekulo.com\/no\/wp-content\/uploads\/sites\/10\/2025\/12\/favicon_mekulo.png\",\"contentUrl\":\"https:\/\/mekulo.com\/no\/wp-content\/uploads\/sites\/10\/2025\/12\/favicon_mekulo.png\",\"width\":50,\"height\":50,\"caption\":\"Mekulo\"},\"image\":{\"@id\":\"https:\/\/mekulo.com\/no\/#\/schema\/logo\/image\/\"}}]}<\/script>\n<!-- \/ Yoast SEO plugin. -->","yoast_head_json":{"title":"B\u00e6rbar Bluetooth-h\u00f8yttaler - Mekulo NO","robots":{"index":"index","follow":"follow","max-snippet":"max-snippet:-1","max-image-preview":"max-image-preview:large","max-video-preview":"max-video-preview:-1"},"canonical":"https:\/\/mekulo.com\/no\/produkt\/baerbar-bluetooth-hoyttaler\/","og_locale":"nb_NO","og_type":"article","og_title":"B\u00e6rbar Bluetooth-h\u00f8yttaler - Mekulo NO","og_description":"\ud83d\udd09Med denne b\u00e6rbare Bluetooth-h\u00f8yttaleren kan du lytte til musikk og ta imot samtaler samtidig som du har hendene fri og er oppmerksom p\u00e5 omgivelsene. \ud83d\udd0cDen kompakte, klipsbare designen gj\u00f8r den perfekt for jobb, utend\u00f8rsaktiviteter, reiser eller hverdagsbruk uten \u00e5 m\u00e5tte b\u00e6re en klumpete h\u00f8yttaler. \ud83d\udc56Du kan feste den til kl\u00e6rne eller utstyret ditt og nyte lyden uansett hvor du g\u00e5r.","og_url":"https:\/\/mekulo.com\/no\/produkt\/baerbar-bluetooth-hoyttaler\/","og_site_name":"Mekulo NO","article_modified_time":"2026-02-03T15:04:04+00:00","og_image":[{"width":1080,"height":1080,"url":"https:\/\/mekulo.com\/no\/wp-content\/uploads\/sites\/10\/2026\/01\/nnkwz24-1.jpg","type":"image\/jpeg"}],"twitter_card":"summary_large_image","twitter_misc":{"Ansl. lesetid":"2 minutter"},"schema":{"@context":"https:\/\/schema.org","@graph":[{"@type":"WebPage","@id":"https:\/\/mekulo.com\/no\/produkt\/baerbar-bluetooth-hoyttaler\/","url":"https:\/\/mekulo.com\/no\/produkt\/baerbar-bluetooth-hoyttaler\/","name":"B\u00e6rbar Bluetooth-h\u00f8yttaler - Mekulo NO","isPartOf":{"@id":"https:\/\/mekulo.com\/no\/#website"},"primaryImageOfPage":{"@id":"https:\/\/mekulo.com\/no\/produkt\/baerbar-bluetooth-hoyttaler\/#primaryimage"},"image":{"@id":"https:\/\/mekulo.com\/no\/produkt\/baerbar-bluetooth-hoyttaler\/#primaryimage"},"thumbnailUrl":"https:\/\/mekulo.com\/no\/wp-content\/uploads\/sites\/10\/2026\/01\/nnkwz24-1.jpg","datePublished":"2026-01-22T14:13:23+00:00","dateModified":"2026-02-03T15:04:04+00:00","breadcrumb":{"@id":"https:\/\/mekulo.com\/no\/produkt\/baerbar-bluetooth-hoyttaler\/#breadcrumb"},"inLanguage":"nb-NO","potentialAction":[{"@type":"ReadAction","target":["https:\/\/mekulo.com\/no\/produkt\/baerbar-bluetooth-hoyttaler\/"]}]},{"@type":"ImageObject","inLanguage":"nb-NO","@id":"https:\/\/mekulo.com\/no\/produkt\/baerbar-bluetooth-hoyttaler\/#primaryimage","url":"https:\/\/mekulo.com\/no\/wp-content\/uploads\/sites\/10\/2026\/01\/nnkwz24-1.jpg","contentUrl":"https:\/\/mekulo.com\/no\/wp-content\/uploads\/sites\/10\/2026\/01\/nnkwz24-1.jpg","width":1080,"height":1080},{"@type":"BreadcrumbList","@id":"https:\/\/mekulo.com\/no\/produkt\/baerbar-bluetooth-hoyttaler\/#breadcrumb","itemListElement":[{"@type":"ListItem","position":1,"name":"Home","item":"https:\/\/mekulo.com\/no\/"},{"@type":"ListItem","position":2,"name":"Butikk","item":"https:\/\/mekulo.com\/no\/butikk\/"},{"@type":"ListItem","position":3,"name":"B\u00e6rbar Bluetooth-h\u00f8yttaler"}]},{"@type":"WebSite","@id":"https:\/\/mekulo.com\/no\/#website","url":"https:\/\/mekulo.com\/no\/","name":"Mekulo NO","description":"","publisher":{"@id":"https:\/\/mekulo.com\/no\/#organization"},"potentialAction":[{"@type":"SearchAction","target":{"@type":"EntryPoint","urlTemplate":"https:\/\/mekulo.com\/no\/?s={search_term_string}"},"query-input":{"@type":"PropertyValueSpecification","valueRequired":true,"valueName":"search_term_string"}}],"inLanguage":"nb-NO"},{"@type":"Organization","@id":"https:\/\/mekulo.com\/no\/#organization","name":"Mekulo","url":"https:\/\/mekulo.com\/no\/","logo":{"@type":"ImageObject","inLanguage":"nb-NO","@id":"https:\/\/mekulo.com\/no\/#\/schema\/logo\/image\/","url":"https:\/\/mekulo.com\/no\/wp-content\/uploads\/sites\/10\/2025\/12\/favicon_mekulo.png","contentUrl":"https:\/\/mekulo.com\/no\/wp-content\/uploads\/sites\/10\/2025\/12\/favicon_mekulo.png","width":50,"height":50,"caption":"Mekulo"},"image":{"@id":"https:\/\/mekulo.com\/no\/#\/schema\/logo\/image\/"}}]}},"_links":{"self":[{"href":"https:\/\/mekulo.com\/no\/wp-json\/wp\/v2\/product\/19345","targetHints":{"allow":["GET"]}}],"collection":[{"href":"https:\/\/mekulo.com\/no\/wp-json\/wp\/v2\/product"}],"about":[{"href":"https:\/\/mekulo.com\/no\/wp-json\/wp\/v2\/types\/product"}],"replies":[{"embeddable":true,"href":"https:\/\/mekulo.com\/no\/wp-json\/wp\/v2\/comments?post=19345"}],"wp:featuredmedia":[{"embeddable":true,"href":"https:\/\/mekulo.com\/no\/wp-json\/wp\/v2\/media\/19341"}],"wp:attachment":[{"href":"https:\/\/mekulo.com\/no\/wp-json\/wp\/v2\/media?parent=19345"}],"wp:term":[{"taxonomy":"product_brand","embeddable":true,"href":"https:\/\/mekulo.com\/no\/wp-json\/wp\/v2\/product_brand?post=19345"},{"taxonomy":"product_cat","embeddable":true,"href":"https:\/\/mekulo.com\/no\/wp-json\/wp\/v2\/product_cat?post=19345"},{"taxonomy":"product_tag","embeddable":true,"href":"https:\/\/mekulo.com\/no\/wp-json\/wp\/v2\/product_tag?post=19345"}],"curies":[{"name":"wp","href":"https:\/\/api.w.org\/{rel}","templated":true}]}}