{"id":19234,"date":"2026-01-22T16:07:07","date_gmt":"2026-01-22T14:07:07","guid":{"rendered":"https:\/\/mekulo.com\/no\/produkt\/flettet-harband\/"},"modified":"2026-02-03T17:05:31","modified_gmt":"2026-02-03T15:05:31","slug":"flettet-harband","status":"publish","type":"product","link":"https:\/\/mekulo.com\/no\/produkt\/flettet-harband\/","title":{"rendered":"Flettet h\u00e5rb\u00e5nd"},"content":{"rendered":"<p style=\"text-align: center;\" data-start=\"0\" data-end=\"57\"><strong data-start=\"0\" data-end=\"57\">Gir naturlig volum og stil til h\u00e5ret ditt p\u00e5 f\u00e5 sekunder. \ud83d\udc71\u200d\u2640\ufe0f<\/strong><\/p>\n<p data-start=\"59\" data-end=\"258\"><img fetchpriority=\"high\" decoding=\"async\" class=\"size-full wp-image-21513 aligncenter\" src=\"https:\/\/mekulo.com\/template\/wp-content\/uploads\/sites\/6\/2026\/01\/4-13.jpeg\" alt=\"\" width=\"800\" height=\"800\" \/><\/p>\n<h2 style=\"text-align: center;\" data-start=\"265\" data-end=\"285\">Hovedfordeler \ud83c\udf38<\/h2>\n<p data-start=\"288\" data-end=\"351\">\ud83d\udc87 Naturlig flettet utseende &#8211; Passer perfekt sammen med h\u00e5ret ditt.<\/p>\n<p data-start=\"354\" data-end=\"412\">\ud83e\udd0d Mykt og behagelig &#8211; Ingen knuter eller trykk i hodebunnen.<\/p>\n<p data-start=\"415\" data-end=\"469\">\ud83d\udd04 Elastisk justerbar passform &#8211; Passer de fleste hodest\u00f8rrelser.<\/p>\n<p data-start=\"472\" data-end=\"537\">\ud83e\uddb7 Sklisikker tanndesign &#8211; Holder seg p\u00e5 plass uten \u00e5 floke seg.<\/p>\n<p data-start=\"540\" data-end=\"608\">\u2728 Fasjonabel stil &#8211; Inspirert av trender fra Japan og S\u00f8r-Korea.<\/p>\n<p data-start=\"611\" data-end=\"661\">\ud83c\udf80 Lett \u00e5 bruke &#8211; Style h\u00e5ret ditt p\u00e5 f\u00e5 sekunder.<\/p>\n<p data-start=\"611\" data-end=\"661\"><img decoding=\"async\" class=\"size-full wp-image-21509 aligncenter\" src=\"https:\/\/mekulo.com\/template\/wp-content\/uploads\/sites\/6\/2026\/01\/f75372df0cce8c144961174fbf0b7a26c1be3f74-1.jpg\" alt=\"\" width=\"1080\" height=\"668\" \/><\/p>\n<h2 style=\"text-align: center;\" data-start=\"668\" data-end=\"682\">Hvordan du bruker \ud83d\udccc<\/h2>\n<ol data-start=\"683\" data-end=\"898\">\n<li data-start=\"683\" data-end=\"723\">\n<p data-start=\"686\" data-end=\"723\">Plasser h\u00e5rb\u00e5ndet over hodet.<\/p>\n<\/li>\n<li data-start=\"724\" data-end=\"773\">\n<p data-start=\"727\" data-end=\"773\">Plasser det der du vil at fletten skal sitte.<\/p>\n<\/li>\n<li data-start=\"774\" data-end=\"815\">\n<p data-start=\"777\" data-end=\"815\">Juster forsiktig for en behagelig passform.<\/p>\n<\/li>\n<li data-start=\"816\" data-end=\"864\">\n<p data-start=\"819\" data-end=\"864\">La ditt naturlige h\u00e5r blande seg med fletten.<\/p>\n<\/li>\n<li data-start=\"865\" data-end=\"898\">\n<p data-start=\"868\" data-end=\"898\">Nyt et stylet utseende hele dagen.<\/p>\n<\/li>\n<\/ol>\n<h2 style=\"text-align: center;\" data-start=\"905\" data-end=\"924\">Produktdetaljer \ud83d\udccf<\/h2>\n<ul data-start=\"925\" data-end=\"1242\">\n<li data-start=\"961\" data-end=\"1006\">\n<p data-start=\"963\" data-end=\"1006\">Materiale: Plast + tr\u00e5d med h\u00f8y temperatur<\/p>\n<\/li>\n<li data-start=\"1105\" data-end=\"1149\">\n<p data-start=\"1107\" data-end=\"1149\">St\u00f8rrelse: Ca. 13 cm diameter, 3 cm bredde<\/p>\n<\/li>\n<li data-start=\"1150\" data-end=\"1178\">\n<p data-start=\"1152\" data-end=\"1178\">Passform: Elastisk, justerbar<\/p>\n<\/li>\n<li data-start=\"1179\" data-end=\"1201\">\n<p data-start=\"1181\" data-end=\"1201\">Anvendelig: Kvinne<\/p>\n<\/li>\n<li data-start=\"1202\" data-end=\"1242\">\n<p data-start=\"1204\" data-end=\"1242\">Funksjon: Sklisikker tannkamdesign<\/p>\n<\/li>\n<\/ul>\n<h2 style=\"text-align: center;\" data-start=\"1249\" data-end=\"1269\">Pakken inkluderer \ud83d\udce6<\/h2>\n<ul data-start=\"1270\" data-end=\"1296\" data-is-last-node=\"\" data-is-only-node=\"\">\n<li data-start=\"1270\" data-end=\"1296\" data-is-last-node=\"\">\n<p data-start=\"1272\" data-end=\"1296\" data-is-last-node=\"\">1, 2, 3x flettet h\u00e5rb\u00e5nd \/ er.<\/p>\n<\/li>\n<\/ul>\n","protected":false},"excerpt":{"rendered":"<p>\ud83d\udc69Dette flettede h\u00e5rb\u00e5ndet smelter s\u00f8ml\u00f8st sammen med h\u00e5ret ditt for \u00e5 skape et fyldig, elegant flettet utseende.<br \/>\n\ud83c\udf80Den myke, luftige teksturen ser ut som ekte h\u00e5r og holder seg behagelig hele dagen uten \u00e5 dra eller floke seg.<br \/>\n\ud83d\udc57Dette gj\u00f8r det perfekt for rask styling n\u00e5r du vil ha et polert utseende med minimal innsats.<\/p>\n","protected":false},"featured_media":19230,"comment_status":"open","ping_status":"closed","template":"","meta":{"site-sidebar-layout":"default","site-content-layout":"","ast-site-content-layout":"default","site-content-style":"default","site-sidebar-style":"default","ast-global-header-display":"","ast-banner-title-visibility":"","ast-main-header-display":"","ast-hfb-above-header-display":"","ast-hfb-below-header-display":"","ast-hfb-mobile-header-display":"","site-post-title":"","ast-breadcrumbs-content":"","ast-featured-img":"","footer-sml-layout":"","theme-transparent-header-meta":"default","adv-header-id-meta":"","stick-header-meta":"","header-above-stick-meta":"","header-main-stick-meta":"","header-below-stick-meta":"","astra-migrate-meta-layouts":"set","ast-page-background-enabled":"default","ast-page-background-meta":{"desktop":{"background-color":"var(--ast-global-color-5)","background-image":"","background-repeat":"repeat","background-position":"center center","background-size":"auto","background-attachment":"scroll","background-type":"","background-media":"","overlay-type":"","overlay-color":"","overlay-opacity":"","overlay-gradient":""},"tablet":{"background-color":"","background-image":"","background-repeat":"repeat","background-position":"center center","background-size":"auto","background-attachment":"scroll","background-type":"","background-media":"","overlay-type":"","overlay-color":"","overlay-opacity":"","overlay-gradient":""},"mobile":{"background-color":"","background-image":"","background-repeat":"repeat","background-position":"center center","background-size":"auto","background-attachment":"scroll","background-type":"","background-media":"","overlay-type":"","overlay-color":"","overlay-opacity":"","overlay-gradient":""}},"ast-content-background-meta":{"desktop":{"background-color":"var(--ast-global-color-4)","background-image":"","background-repeat":"repeat","background-position":"center center","background-size":"auto","background-attachment":"scroll","background-type":"","background-media":"","overlay-type":"","overlay-color":"","overlay-opacity":"","overlay-gradient":""},"tablet":{"background-color":"var(--ast-global-color-4)","background-image":"","background-repeat":"repeat","background-position":"center center","background-size":"auto","background-attachment":"scroll","background-type":"","background-media":"","overlay-type":"","overlay-color":"","overlay-opacity":"","overlay-gradient":""},"mobile":{"background-color":"var(--ast-global-color-4)","background-image":"","background-repeat":"repeat","background-position":"center center","background-size":"auto","background-attachment":"scroll","background-type":"","background-media":"","overlay-type":"","overlay-color":"","overlay-opacity":"","overlay-gradient":""}}},"product_brand":[],"product_cat":[165],"product_tag":[],"class_list":{"0":"post-19234","1":"product","2":"type-product","3":"status-publish","4":"has-post-thumbnail","6":"product_cat-fottoy-tilbehor","7":"pa_51503_3v1g0arp-a","8":"pa_51503_3v1g0arp-b","9":"pa_51503_3v1g0arp-c","10":"pa_51503_3v1g0arp-d","11":"pa_51503_3v1g0arp-e","12":"pa_51503_3v1g0arp-f","13":"pa_51503_3v1g0arp-g","14":"pa_51503_3v1g0arp-h","15":"pa_51503_3v1g0arp-i","16":"pa_51503_3v1g0arp-j","17":"pa_51503_anqld38k-1-stk","18":"pa_51503_anqld38k-2-stk","19":"pa_51503_anqld38k-3-stk","20":"desktop-align-left","21":"tablet-align-left","22":"mobile-align-left","24":"first","25":"instock","26":"shipping-taxable","27":"purchasable","28":"product-type-variable","29":"has-default-attributes"},"yoast_head":"<!-- This site is optimized with the Yoast SEO plugin v26.6 - https:\/\/yoast.com\/wordpress\/plugins\/seo\/ -->\n<title>Flettet h\u00e5rb\u00e5nd - Mekulo NO<\/title>\n<meta name=\"robots\" content=\"index, follow, max-snippet:-1, max-image-preview:large, max-video-preview:-1\" \/>\n<link rel=\"canonical\" href=\"https:\/\/mekulo.com\/no\/produkt\/flettet-harband\/\" \/>\n<meta property=\"og:locale\" content=\"nb_NO\" \/>\n<meta property=\"og:type\" content=\"article\" \/>\n<meta property=\"og:title\" content=\"Flettet h\u00e5rb\u00e5nd - Mekulo NO\" \/>\n<meta property=\"og:description\" content=\"\ud83d\udc69Dette flettede h\u00e5rb\u00e5ndet smelter s\u00f8ml\u00f8st sammen med h\u00e5ret ditt for \u00e5 skape et fyldig, elegant flettet utseende. \ud83c\udf80Den myke, luftige teksturen ser ut som ekte h\u00e5r og holder seg behagelig hele dagen uten \u00e5 dra eller floke seg. \ud83d\udc57Dette gj\u00f8r det perfekt for rask styling n\u00e5r du vil ha et polert utseende med minimal innsats.\" \/>\n<meta property=\"og:url\" content=\"https:\/\/mekulo.com\/no\/produkt\/flettet-harband\/\" \/>\n<meta property=\"og:site_name\" content=\"Mekulo NO\" \/>\n<meta property=\"article:modified_time\" content=\"2026-02-03T15:05:31+00:00\" \/>\n<meta property=\"og:image\" content=\"https:\/\/mekulo.com\/no\/wp-content\/uploads\/sites\/10\/2026\/01\/f1dwbov-1.jpeg\" \/>\n\t<meta property=\"og:image:width\" content=\"800\" \/>\n\t<meta property=\"og:image:height\" content=\"800\" \/>\n\t<meta property=\"og:image:type\" content=\"image\/jpeg\" \/>\n<meta name=\"twitter:card\" content=\"summary_large_image\" \/>\n<meta name=\"twitter:label1\" content=\"Ansl. lesetid\" \/>\n\t<meta name=\"twitter:data1\" content=\"2 minutter\" \/>\n<script type=\"application\/ld+json\" class=\"yoast-schema-graph\">{\"@context\":\"https:\/\/schema.org\",\"@graph\":[{\"@type\":\"WebPage\",\"@id\":\"https:\/\/mekulo.com\/no\/produkt\/flettet-harband\/\",\"url\":\"https:\/\/mekulo.com\/no\/produkt\/flettet-harband\/\",\"name\":\"Flettet h\u00e5rb\u00e5nd - Mekulo NO\",\"isPartOf\":{\"@id\":\"https:\/\/mekulo.com\/no\/#website\"},\"primaryImageOfPage\":{\"@id\":\"https:\/\/mekulo.com\/no\/produkt\/flettet-harband\/#primaryimage\"},\"image\":{\"@id\":\"https:\/\/mekulo.com\/no\/produkt\/flettet-harband\/#primaryimage\"},\"thumbnailUrl\":\"https:\/\/mekulo.com\/no\/wp-content\/uploads\/sites\/10\/2026\/01\/f1dwbov-1.jpeg\",\"datePublished\":\"2026-01-22T14:07:07+00:00\",\"dateModified\":\"2026-02-03T15:05:31+00:00\",\"breadcrumb\":{\"@id\":\"https:\/\/mekulo.com\/no\/produkt\/flettet-harband\/#breadcrumb\"},\"inLanguage\":\"nb-NO\",\"potentialAction\":[{\"@type\":\"ReadAction\",\"target\":[\"https:\/\/mekulo.com\/no\/produkt\/flettet-harband\/\"]}]},{\"@type\":\"ImageObject\",\"inLanguage\":\"nb-NO\",\"@id\":\"https:\/\/mekulo.com\/no\/produkt\/flettet-harband\/#primaryimage\",\"url\":\"https:\/\/mekulo.com\/no\/wp-content\/uploads\/sites\/10\/2026\/01\/f1dwbov-1.jpeg\",\"contentUrl\":\"https:\/\/mekulo.com\/no\/wp-content\/uploads\/sites\/10\/2026\/01\/f1dwbov-1.jpeg\",\"width\":800,\"height\":800},{\"@type\":\"BreadcrumbList\",\"@id\":\"https:\/\/mekulo.com\/no\/produkt\/flettet-harband\/#breadcrumb\",\"itemListElement\":[{\"@type\":\"ListItem\",\"position\":1,\"name\":\"Home\",\"item\":\"https:\/\/mekulo.com\/no\/\"},{\"@type\":\"ListItem\",\"position\":2,\"name\":\"Butikk\",\"item\":\"https:\/\/mekulo.com\/no\/butikk\/\"},{\"@type\":\"ListItem\",\"position\":3,\"name\":\"Flettet h\u00e5rb\u00e5nd\"}]},{\"@type\":\"WebSite\",\"@id\":\"https:\/\/mekulo.com\/no\/#website\",\"url\":\"https:\/\/mekulo.com\/no\/\",\"name\":\"Mekulo NO\",\"description\":\"\",\"publisher\":{\"@id\":\"https:\/\/mekulo.com\/no\/#organization\"},\"potentialAction\":[{\"@type\":\"SearchAction\",\"target\":{\"@type\":\"EntryPoint\",\"urlTemplate\":\"https:\/\/mekulo.com\/no\/?s={search_term_string}\"},\"query-input\":{\"@type\":\"PropertyValueSpecification\",\"valueRequired\":true,\"valueName\":\"search_term_string\"}}],\"inLanguage\":\"nb-NO\"},{\"@type\":\"Organization\",\"@id\":\"https:\/\/mekulo.com\/no\/#organization\",\"name\":\"Mekulo\",\"url\":\"https:\/\/mekulo.com\/no\/\",\"logo\":{\"@type\":\"ImageObject\",\"inLanguage\":\"nb-NO\",\"@id\":\"https:\/\/mekulo.com\/no\/#\/schema\/logo\/image\/\",\"url\":\"https:\/\/mekulo.com\/no\/wp-content\/uploads\/sites\/10\/2025\/12\/favicon_mekulo.png\",\"contentUrl\":\"https:\/\/mekulo.com\/no\/wp-content\/uploads\/sites\/10\/2025\/12\/favicon_mekulo.png\",\"width\":50,\"height\":50,\"caption\":\"Mekulo\"},\"image\":{\"@id\":\"https:\/\/mekulo.com\/no\/#\/schema\/logo\/image\/\"}}]}<\/script>\n<!-- \/ Yoast SEO plugin. -->","yoast_head_json":{"title":"Flettet h\u00e5rb\u00e5nd - Mekulo NO","robots":{"index":"index","follow":"follow","max-snippet":"max-snippet:-1","max-image-preview":"max-image-preview:large","max-video-preview":"max-video-preview:-1"},"canonical":"https:\/\/mekulo.com\/no\/produkt\/flettet-harband\/","og_locale":"nb_NO","og_type":"article","og_title":"Flettet h\u00e5rb\u00e5nd - Mekulo NO","og_description":"\ud83d\udc69Dette flettede h\u00e5rb\u00e5ndet smelter s\u00f8ml\u00f8st sammen med h\u00e5ret ditt for \u00e5 skape et fyldig, elegant flettet utseende. \ud83c\udf80Den myke, luftige teksturen ser ut som ekte h\u00e5r og holder seg behagelig hele dagen uten \u00e5 dra eller floke seg. \ud83d\udc57Dette gj\u00f8r det perfekt for rask styling n\u00e5r du vil ha et polert utseende med minimal innsats.","og_url":"https:\/\/mekulo.com\/no\/produkt\/flettet-harband\/","og_site_name":"Mekulo NO","article_modified_time":"2026-02-03T15:05:31+00:00","og_image":[{"width":800,"height":800,"url":"https:\/\/mekulo.com\/no\/wp-content\/uploads\/sites\/10\/2026\/01\/f1dwbov-1.jpeg","type":"image\/jpeg"}],"twitter_card":"summary_large_image","twitter_misc":{"Ansl. lesetid":"2 minutter"},"schema":{"@context":"https:\/\/schema.org","@graph":[{"@type":"WebPage","@id":"https:\/\/mekulo.com\/no\/produkt\/flettet-harband\/","url":"https:\/\/mekulo.com\/no\/produkt\/flettet-harband\/","name":"Flettet h\u00e5rb\u00e5nd - Mekulo NO","isPartOf":{"@id":"https:\/\/mekulo.com\/no\/#website"},"primaryImageOfPage":{"@id":"https:\/\/mekulo.com\/no\/produkt\/flettet-harband\/#primaryimage"},"image":{"@id":"https:\/\/mekulo.com\/no\/produkt\/flettet-harband\/#primaryimage"},"thumbnailUrl":"https:\/\/mekulo.com\/no\/wp-content\/uploads\/sites\/10\/2026\/01\/f1dwbov-1.jpeg","datePublished":"2026-01-22T14:07:07+00:00","dateModified":"2026-02-03T15:05:31+00:00","breadcrumb":{"@id":"https:\/\/mekulo.com\/no\/produkt\/flettet-harband\/#breadcrumb"},"inLanguage":"nb-NO","potentialAction":[{"@type":"ReadAction","target":["https:\/\/mekulo.com\/no\/produkt\/flettet-harband\/"]}]},{"@type":"ImageObject","inLanguage":"nb-NO","@id":"https:\/\/mekulo.com\/no\/produkt\/flettet-harband\/#primaryimage","url":"https:\/\/mekulo.com\/no\/wp-content\/uploads\/sites\/10\/2026\/01\/f1dwbov-1.jpeg","contentUrl":"https:\/\/mekulo.com\/no\/wp-content\/uploads\/sites\/10\/2026\/01\/f1dwbov-1.jpeg","width":800,"height":800},{"@type":"BreadcrumbList","@id":"https:\/\/mekulo.com\/no\/produkt\/flettet-harband\/#breadcrumb","itemListElement":[{"@type":"ListItem","position":1,"name":"Home","item":"https:\/\/mekulo.com\/no\/"},{"@type":"ListItem","position":2,"name":"Butikk","item":"https:\/\/mekulo.com\/no\/butikk\/"},{"@type":"ListItem","position":3,"name":"Flettet h\u00e5rb\u00e5nd"}]},{"@type":"WebSite","@id":"https:\/\/mekulo.com\/no\/#website","url":"https:\/\/mekulo.com\/no\/","name":"Mekulo NO","description":"","publisher":{"@id":"https:\/\/mekulo.com\/no\/#organization"},"potentialAction":[{"@type":"SearchAction","target":{"@type":"EntryPoint","urlTemplate":"https:\/\/mekulo.com\/no\/?s={search_term_string}"},"query-input":{"@type":"PropertyValueSpecification","valueRequired":true,"valueName":"search_term_string"}}],"inLanguage":"nb-NO"},{"@type":"Organization","@id":"https:\/\/mekulo.com\/no\/#organization","name":"Mekulo","url":"https:\/\/mekulo.com\/no\/","logo":{"@type":"ImageObject","inLanguage":"nb-NO","@id":"https:\/\/mekulo.com\/no\/#\/schema\/logo\/image\/","url":"https:\/\/mekulo.com\/no\/wp-content\/uploads\/sites\/10\/2025\/12\/favicon_mekulo.png","contentUrl":"https:\/\/mekulo.com\/no\/wp-content\/uploads\/sites\/10\/2025\/12\/favicon_mekulo.png","width":50,"height":50,"caption":"Mekulo"},"image":{"@id":"https:\/\/mekulo.com\/no\/#\/schema\/logo\/image\/"}}]}},"_links":{"self":[{"href":"https:\/\/mekulo.com\/no\/wp-json\/wp\/v2\/product\/19234","targetHints":{"allow":["GET"]}}],"collection":[{"href":"https:\/\/mekulo.com\/no\/wp-json\/wp\/v2\/product"}],"about":[{"href":"https:\/\/mekulo.com\/no\/wp-json\/wp\/v2\/types\/product"}],"replies":[{"embeddable":true,"href":"https:\/\/mekulo.com\/no\/wp-json\/wp\/v2\/comments?post=19234"}],"wp:featuredmedia":[{"embeddable":true,"href":"https:\/\/mekulo.com\/no\/wp-json\/wp\/v2\/media\/19230"}],"wp:attachment":[{"href":"https:\/\/mekulo.com\/no\/wp-json\/wp\/v2\/media?parent=19234"}],"wp:term":[{"taxonomy":"product_brand","embeddable":true,"href":"https:\/\/mekulo.com\/no\/wp-json\/wp\/v2\/product_brand?post=19234"},{"taxonomy":"product_cat","embeddable":true,"href":"https:\/\/mekulo.com\/no\/wp-json\/wp\/v2\/product_cat?post=19234"},{"taxonomy":"product_tag","embeddable":true,"href":"https:\/\/mekulo.com\/no\/wp-json\/wp\/v2\/product_tag?post=19234"}],"curies":[{"name":"wp","href":"https:\/\/api.w.org\/{rel}","templated":true}]}}