{"id":19219,"date":"2026-01-22T16:05:25","date_gmt":"2026-01-22T14:05:25","guid":{"rendered":"https:\/\/mekulo.com\/no\/produkt\/sammenleggbar-vanntank\/"},"modified":"2026-02-03T17:05:34","modified_gmt":"2026-02-03T15:05:34","slug":"sammenleggbar-vanntank","status":"publish","type":"product","link":"https:\/\/mekulo.com\/no\/produkt\/sammenleggbar-vanntank\/","title":{"rendered":"Sammenleggbar vanntank"},"content":{"rendered":"<div class=\"flex flex-col text-sm pb-25\">\n<article class=\"text-token-text-primary w-full focus:outline-none [--shadow-height:45px] has-data-writing-block:pointer-events-none has-data-writing-block:-mt-(--shadow-height) has-data-writing-block:pt-(--shadow-height) [&amp;:has([data-writing-block])&gt;*]:pointer-events-auto scroll-mt-[calc(var(--header-height)+min(200px,max(70px,20svh)))]\" dir=\"auto\" data-turn-id=\"c3fc3312-e28a-4db5-be64-ac3b18ec1aff\" data-testid=\"conversation-turn-140\" data-scroll-anchor=\"true\" data-turn=\"assistant\">\n<div class=\"text-base my-auto mx-auto pb-10 [--thread-content-margin:--spacing(4)] @w-sm\/main:[--thread-content-margin:--spacing(6)] @w-lg\/main:[--thread-content-margin:--spacing(16)] px-(--thread-content-margin)\">\n<div class=\"[--thread-content-max-width:40rem] @w-lg\/main:[--thread-content-max-width:48rem] mx-auto max-w-(--thread-content-max-width) flex-1 group\/turn-messages focus-visible:outline-hidden relative flex w-full min-w-0 flex-col agent-turn\">\n<div class=\"flex max-w-full flex-col grow\">\n<div class=\"min-h-8 text-message relative flex w-full flex-col items-end gap-2 text-start break-words whitespace-normal [.text-message+&amp;]:mt-1\" dir=\"auto\" data-message-author-role=\"assistant\" data-message-id=\"c5cc00d4-181d-499a-bcdf-48846b7d138c\" data-message-model-slug=\"gpt-5-2\">\n<div class=\"flex w-full flex-col gap-1 empty:hidden first:pt-[1px]\">\n<div class=\"markdown prose dark:prose-invert w-full break-words light markdown-new-styling\">\n<p style=\"text-align: center;\" data-start=\"0\" data-end=\"48\"><strong data-start=\"0\" data-end=\"48\">Oppbevar og hell vann enkelt uansett hvor du g\u00e5r. \ud83d\udeb0<\/strong><\/p>\n<p data-start=\"0\" data-end=\"48\"><img fetchpriority=\"high\" decoding=\"async\" class=\"size-full wp-image-21495 aligncenter\" src=\"https:\/\/mekulo.com\/template\/wp-content\/uploads\/sites\/6\/2026\/01\/8f2be9fcdc0e70ac348dac7236a82ca846bdf3e2-700.jpg\" alt=\"\" width=\"1080\" height=\"1080\" \/><\/p>\n<h2 style=\"text-align: center;\" data-start=\"267\" data-end=\"287\">Hovedfordeler \ud83d\udca7<\/h2>\n<p data-start=\"290\" data-end=\"355\">\ud83e\udea3 Stor 8L kapasitet \u2013 Nok vann til daglige utend\u00f8rsbehov.<\/p>\n<p data-start=\"358\" data-end=\"415\">\ud83d\udeb0 Innebygd kran \u2013 Enkel helling og vannkontroll.<\/p>\n<p data-start=\"418\" data-end=\"479\">\u267b\ufe0f Trygt matvaremateriale \u2013 BPA-fritt og milj\u00f8vennlig.<\/p>\n<p data-start=\"482\" data-end=\"543\">\ud83c\udf92 Sammenleggbar og lett \u2013 Sparer plass n\u00e5r den ikke er i bruk.<\/p>\n<p data-start=\"546\" data-end=\"613\">\ud83d\udcaa Sterk og holdbar \u2013 Slitesterk og trykkbestandig.<\/p>\n<p data-start=\"616\" data-end=\"686\">\ud83c\udf0d Flerbruksbruk \u2013 Flott for camping, grilling, reise og hjemme.<\/p>\n<p data-start=\"616\" data-end=\"686\"><img decoding=\"async\" class=\"size-full wp-image-21497 aligncenter\" src=\"https:\/\/mekulo.com\/template\/wp-content\/uploads\/sites\/6\/2026\/01\/1280ee14bddec10c5c1e9598e6bb050927520ed7-700.avif\" alt=\"\" \/><\/p>\n<h2 style=\"text-align: center;\" data-start=\"693\" data-end=\"707\">Hvordan du bruker \ud83d\udccc<\/h2>\n<ol data-start=\"708\" data-end=\"950\">\n<li data-start=\"708\" data-end=\"741\">\n<p data-start=\"711\" data-end=\"741\">Brett vanntanken helt ut.<\/p>\n<\/li>\n<li data-start=\"742\" data-end=\"797\">\n<p data-start=\"745\" data-end=\"797\">\u00c5pne den brede munnen og fyll med vann eller drikke.<\/p>\n<\/li>\n<li data-start=\"798\" data-end=\"825\">\n<p data-start=\"801\" data-end=\"825\">Lukk hetten tett.<\/p>\n<\/li>\n<li data-start=\"826\" data-end=\"866\">\n<p data-start=\"829\" data-end=\"866\">Plasser tanken p\u00e5 en stabil overflate.<\/p>\n<\/li>\n<li data-start=\"867\" data-end=\"911\">\n<p data-start=\"870\" data-end=\"911\">Bruk kranen til \u00e5 helle vann etter behov.<\/p>\n<\/li>\n<li data-start=\"912\" data-end=\"950\">\n<p data-start=\"915\" data-end=\"950\">T\u00f8m, rengj\u00f8r og brett etter bruk.<\/p>\n<\/li>\n<\/ol>\n<h2 style=\"text-align: center;\" data-start=\"957\" data-end=\"976\">Produktdetaljer \ud83d\udccf<\/h2>\n<ul data-start=\"977\" data-end=\"1219\">\n<li data-start=\"1018\" data-end=\"1040\">\n<p data-start=\"1020\" data-end=\"1040\">Kapasitet: 8 liter<\/p>\n<\/li>\n<li data-start=\"1041\" data-end=\"1068\">\n<p data-start=\"1043\" data-end=\"1068\">Materiale: PE + PA + PET<\/p>\n<\/li>\n<li data-start=\"1089\" data-end=\"1104\">\n<p data-start=\"1091\" data-end=\"1104\">Kran: Ja<\/p>\n<\/li>\n<li data-start=\"1105\" data-end=\"1134\">\n<p data-start=\"1107\" data-end=\"1134\">H\u00e5ndtak: Tykt og slitesterkt<\/p>\n<\/li>\n<li data-start=\"1135\" data-end=\"1177\">\n<p data-start=\"1137\" data-end=\"1177\">Funksjon: Sammenleggbar, gjenbrukbar, matsikker<\/p>\n<\/li>\n<li data-start=\"1178\" data-end=\"1219\">\n<p data-start=\"1180\" data-end=\"1219\">Bruk: Vann, drikke, vask, rengj\u00f8ring<\/p>\n<\/li>\n<li data-start=\"1178\" data-end=\"1219\">St\u00f8rrelse: 42 x 32 cm<\/li>\n<\/ul>\n<h2 style=\"text-align: center;\" data-start=\"1226\" data-end=\"1246\">Pakken inkluderer \ud83d\udce6<\/h2>\n<ul data-start=\"1247\" data-end=\"1278\" data-is-last-node=\"\" data-is-only-node=\"\">\n<li data-start=\"1247\" data-end=\"1278\" data-is-last-node=\"\">\n<p data-start=\"1249\" data-end=\"1278\" data-is-last-node=\"\">1, 2, 4x sammenleggbare vanntank(er).<\/p>\n<\/li>\n<\/ul>\n<\/div>\n<\/div>\n<\/div>\n<\/div>\n<\/div>\n<\/div>\n<\/article>\n<\/div>\n","protected":false},"excerpt":{"rendered":"<p>\ud83d\udca6Denne sammenleggbare vanntanken rommer opptil 8 liter vann og kan brettes flatt n\u00e5r den ikke er i bruk.<br \/>\n\ud83c\udfd5\ufe0fDet er perfekt for camping, reiser, utend\u00f8rsaktiviteter eller hjemmebruk i n\u00f8dstilfeller, og gir deg rent vann n\u00e5r du trenger det.<br \/>\n\ud83d\udeb0Den lette designen gj\u00f8r den enkel \u00e5 ta med og oppbevare hvor som helst.<\/p>\n","protected":false},"featured_media":19215,"comment_status":"open","ping_status":"closed","template":"","meta":{"site-sidebar-layout":"default","site-content-layout":"","ast-site-content-layout":"default","site-content-style":"default","site-sidebar-style":"default","ast-global-header-display":"","ast-banner-title-visibility":"","ast-main-header-display":"","ast-hfb-above-header-display":"","ast-hfb-below-header-display":"","ast-hfb-mobile-header-display":"","site-post-title":"","ast-breadcrumbs-content":"","ast-featured-img":"","footer-sml-layout":"","theme-transparent-header-meta":"default","adv-header-id-meta":"","stick-header-meta":"","header-above-stick-meta":"","header-main-stick-meta":"","header-below-stick-meta":"","astra-migrate-meta-layouts":"set","ast-page-background-enabled":"default","ast-page-background-meta":{"desktop":{"background-color":"var(--ast-global-color-5)","background-image":"","background-repeat":"repeat","background-position":"center center","background-size":"auto","background-attachment":"scroll","background-type":"","background-media":"","overlay-type":"","overlay-color":"","overlay-opacity":"","overlay-gradient":""},"tablet":{"background-color":"","background-image":"","background-repeat":"repeat","background-position":"center center","background-size":"auto","background-attachment":"scroll","background-type":"","background-media":"","overlay-type":"","overlay-color":"","overlay-opacity":"","overlay-gradient":""},"mobile":{"background-color":"","background-image":"","background-repeat":"repeat","background-position":"center center","background-size":"auto","background-attachment":"scroll","background-type":"","background-media":"","overlay-type":"","overlay-color":"","overlay-opacity":"","overlay-gradient":""}},"ast-content-background-meta":{"desktop":{"background-color":"var(--ast-global-color-4)","background-image":"","background-repeat":"repeat","background-position":"center center","background-size":"auto","background-attachment":"scroll","background-type":"","background-media":"","overlay-type":"","overlay-color":"","overlay-opacity":"","overlay-gradient":""},"tablet":{"background-color":"var(--ast-global-color-4)","background-image":"","background-repeat":"repeat","background-position":"center center","background-size":"auto","background-attachment":"scroll","background-type":"","background-media":"","overlay-type":"","overlay-color":"","overlay-opacity":"","overlay-gradient":""},"mobile":{"background-color":"var(--ast-global-color-4)","background-image":"","background-repeat":"repeat","background-position":"center center","background-size":"auto","background-attachment":"scroll","background-type":"","background-media":"","overlay-type":"","overlay-color":"","overlay-opacity":"","overlay-gradient":""}}},"product_brand":[],"product_cat":[167],"product_tag":[],"class_list":{"0":"post-19219","1":"product","2":"type-product","3":"status-publish","4":"has-post-thumbnail","6":"product_cat-fotturer-camping-og-fritidsartikler","7":"pa_51501_ct476o0o-1-stk","8":"pa_51501_ct476o0o-2-stk","9":"pa_51501_ct476o0o-4-stk","10":"desktop-align-left","11":"tablet-align-left","12":"mobile-align-left","14":"first","15":"instock","16":"shipping-taxable","17":"purchasable","18":"product-type-variable"},"yoast_head":"<!-- This site is optimized with the Yoast SEO plugin v26.6 - https:\/\/yoast.com\/wordpress\/plugins\/seo\/ -->\n<title>Sammenleggbar vanntank - Mekulo NO<\/title>\n<meta name=\"robots\" content=\"index, follow, max-snippet:-1, max-image-preview:large, max-video-preview:-1\" \/>\n<link rel=\"canonical\" href=\"https:\/\/mekulo.com\/no\/produkt\/sammenleggbar-vanntank\/\" \/>\n<meta property=\"og:locale\" content=\"nb_NO\" \/>\n<meta property=\"og:type\" content=\"article\" \/>\n<meta property=\"og:title\" content=\"Sammenleggbar vanntank - Mekulo NO\" \/>\n<meta property=\"og:description\" content=\"\ud83d\udca6Denne sammenleggbare vanntanken rommer opptil 8 liter vann og kan brettes flatt n\u00e5r den ikke er i bruk. \ud83c\udfd5\ufe0fDet er perfekt for camping, reiser, utend\u00f8rsaktiviteter eller hjemmebruk i n\u00f8dstilfeller, og gir deg rent vann n\u00e5r du trenger det. \ud83d\udeb0Den lette designen gj\u00f8r den enkel \u00e5 ta med og oppbevare hvor som helst.\" \/>\n<meta property=\"og:url\" content=\"https:\/\/mekulo.com\/no\/produkt\/sammenleggbar-vanntank\/\" \/>\n<meta property=\"og:site_name\" content=\"Mekulo NO\" \/>\n<meta property=\"article:modified_time\" content=\"2026-02-03T15:05:34+00:00\" \/>\n<meta property=\"og:image\" content=\"https:\/\/mekulo.com\/no\/wp-content\/uploads\/sites\/10\/2026\/01\/uqt7fc0-1.jpg\" \/>\n\t<meta property=\"og:image:width\" content=\"700\" \/>\n\t<meta property=\"og:image:height\" content=\"700\" \/>\n\t<meta property=\"og:image:type\" content=\"image\/jpeg\" \/>\n<meta name=\"twitter:card\" content=\"summary_large_image\" \/>\n<meta name=\"twitter:label1\" content=\"Ansl. lesetid\" \/>\n\t<meta name=\"twitter:data1\" content=\"2 minutter\" \/>\n<script type=\"application\/ld+json\" class=\"yoast-schema-graph\">{\"@context\":\"https:\/\/schema.org\",\"@graph\":[{\"@type\":\"WebPage\",\"@id\":\"https:\/\/mekulo.com\/no\/produkt\/sammenleggbar-vanntank\/\",\"url\":\"https:\/\/mekulo.com\/no\/produkt\/sammenleggbar-vanntank\/\",\"name\":\"Sammenleggbar vanntank - Mekulo NO\",\"isPartOf\":{\"@id\":\"https:\/\/mekulo.com\/no\/#website\"},\"primaryImageOfPage\":{\"@id\":\"https:\/\/mekulo.com\/no\/produkt\/sammenleggbar-vanntank\/#primaryimage\"},\"image\":{\"@id\":\"https:\/\/mekulo.com\/no\/produkt\/sammenleggbar-vanntank\/#primaryimage\"},\"thumbnailUrl\":\"https:\/\/mekulo.com\/no\/wp-content\/uploads\/sites\/10\/2026\/01\/uqt7fc0-1.jpg\",\"datePublished\":\"2026-01-22T14:05:25+00:00\",\"dateModified\":\"2026-02-03T15:05:34+00:00\",\"breadcrumb\":{\"@id\":\"https:\/\/mekulo.com\/no\/produkt\/sammenleggbar-vanntank\/#breadcrumb\"},\"inLanguage\":\"nb-NO\",\"potentialAction\":[{\"@type\":\"ReadAction\",\"target\":[\"https:\/\/mekulo.com\/no\/produkt\/sammenleggbar-vanntank\/\"]}]},{\"@type\":\"ImageObject\",\"inLanguage\":\"nb-NO\",\"@id\":\"https:\/\/mekulo.com\/no\/produkt\/sammenleggbar-vanntank\/#primaryimage\",\"url\":\"https:\/\/mekulo.com\/no\/wp-content\/uploads\/sites\/10\/2026\/01\/uqt7fc0-1.jpg\",\"contentUrl\":\"https:\/\/mekulo.com\/no\/wp-content\/uploads\/sites\/10\/2026\/01\/uqt7fc0-1.jpg\",\"width\":700,\"height\":700},{\"@type\":\"BreadcrumbList\",\"@id\":\"https:\/\/mekulo.com\/no\/produkt\/sammenleggbar-vanntank\/#breadcrumb\",\"itemListElement\":[{\"@type\":\"ListItem\",\"position\":1,\"name\":\"Home\",\"item\":\"https:\/\/mekulo.com\/no\/\"},{\"@type\":\"ListItem\",\"position\":2,\"name\":\"Butikk\",\"item\":\"https:\/\/mekulo.com\/no\/butikk\/\"},{\"@type\":\"ListItem\",\"position\":3,\"name\":\"Sammenleggbar vanntank\"}]},{\"@type\":\"WebSite\",\"@id\":\"https:\/\/mekulo.com\/no\/#website\",\"url\":\"https:\/\/mekulo.com\/no\/\",\"name\":\"Mekulo NO\",\"description\":\"\",\"publisher\":{\"@id\":\"https:\/\/mekulo.com\/no\/#organization\"},\"potentialAction\":[{\"@type\":\"SearchAction\",\"target\":{\"@type\":\"EntryPoint\",\"urlTemplate\":\"https:\/\/mekulo.com\/no\/?s={search_term_string}\"},\"query-input\":{\"@type\":\"PropertyValueSpecification\",\"valueRequired\":true,\"valueName\":\"search_term_string\"}}],\"inLanguage\":\"nb-NO\"},{\"@type\":\"Organization\",\"@id\":\"https:\/\/mekulo.com\/no\/#organization\",\"name\":\"Mekulo\",\"url\":\"https:\/\/mekulo.com\/no\/\",\"logo\":{\"@type\":\"ImageObject\",\"inLanguage\":\"nb-NO\",\"@id\":\"https:\/\/mekulo.com\/no\/#\/schema\/logo\/image\/\",\"url\":\"https:\/\/mekulo.com\/no\/wp-content\/uploads\/sites\/10\/2025\/12\/favicon_mekulo.png\",\"contentUrl\":\"https:\/\/mekulo.com\/no\/wp-content\/uploads\/sites\/10\/2025\/12\/favicon_mekulo.png\",\"width\":50,\"height\":50,\"caption\":\"Mekulo\"},\"image\":{\"@id\":\"https:\/\/mekulo.com\/no\/#\/schema\/logo\/image\/\"}}]}<\/script>\n<!-- \/ Yoast SEO plugin. -->","yoast_head_json":{"title":"Sammenleggbar vanntank - Mekulo NO","robots":{"index":"index","follow":"follow","max-snippet":"max-snippet:-1","max-image-preview":"max-image-preview:large","max-video-preview":"max-video-preview:-1"},"canonical":"https:\/\/mekulo.com\/no\/produkt\/sammenleggbar-vanntank\/","og_locale":"nb_NO","og_type":"article","og_title":"Sammenleggbar vanntank - Mekulo NO","og_description":"\ud83d\udca6Denne sammenleggbare vanntanken rommer opptil 8 liter vann og kan brettes flatt n\u00e5r den ikke er i bruk. \ud83c\udfd5\ufe0fDet er perfekt for camping, reiser, utend\u00f8rsaktiviteter eller hjemmebruk i n\u00f8dstilfeller, og gir deg rent vann n\u00e5r du trenger det. \ud83d\udeb0Den lette designen gj\u00f8r den enkel \u00e5 ta med og oppbevare hvor som helst.","og_url":"https:\/\/mekulo.com\/no\/produkt\/sammenleggbar-vanntank\/","og_site_name":"Mekulo NO","article_modified_time":"2026-02-03T15:05:34+00:00","og_image":[{"width":700,"height":700,"url":"https:\/\/mekulo.com\/no\/wp-content\/uploads\/sites\/10\/2026\/01\/uqt7fc0-1.jpg","type":"image\/jpeg"}],"twitter_card":"summary_large_image","twitter_misc":{"Ansl. lesetid":"2 minutter"},"schema":{"@context":"https:\/\/schema.org","@graph":[{"@type":"WebPage","@id":"https:\/\/mekulo.com\/no\/produkt\/sammenleggbar-vanntank\/","url":"https:\/\/mekulo.com\/no\/produkt\/sammenleggbar-vanntank\/","name":"Sammenleggbar vanntank - Mekulo NO","isPartOf":{"@id":"https:\/\/mekulo.com\/no\/#website"},"primaryImageOfPage":{"@id":"https:\/\/mekulo.com\/no\/produkt\/sammenleggbar-vanntank\/#primaryimage"},"image":{"@id":"https:\/\/mekulo.com\/no\/produkt\/sammenleggbar-vanntank\/#primaryimage"},"thumbnailUrl":"https:\/\/mekulo.com\/no\/wp-content\/uploads\/sites\/10\/2026\/01\/uqt7fc0-1.jpg","datePublished":"2026-01-22T14:05:25+00:00","dateModified":"2026-02-03T15:05:34+00:00","breadcrumb":{"@id":"https:\/\/mekulo.com\/no\/produkt\/sammenleggbar-vanntank\/#breadcrumb"},"inLanguage":"nb-NO","potentialAction":[{"@type":"ReadAction","target":["https:\/\/mekulo.com\/no\/produkt\/sammenleggbar-vanntank\/"]}]},{"@type":"ImageObject","inLanguage":"nb-NO","@id":"https:\/\/mekulo.com\/no\/produkt\/sammenleggbar-vanntank\/#primaryimage","url":"https:\/\/mekulo.com\/no\/wp-content\/uploads\/sites\/10\/2026\/01\/uqt7fc0-1.jpg","contentUrl":"https:\/\/mekulo.com\/no\/wp-content\/uploads\/sites\/10\/2026\/01\/uqt7fc0-1.jpg","width":700,"height":700},{"@type":"BreadcrumbList","@id":"https:\/\/mekulo.com\/no\/produkt\/sammenleggbar-vanntank\/#breadcrumb","itemListElement":[{"@type":"ListItem","position":1,"name":"Home","item":"https:\/\/mekulo.com\/no\/"},{"@type":"ListItem","position":2,"name":"Butikk","item":"https:\/\/mekulo.com\/no\/butikk\/"},{"@type":"ListItem","position":3,"name":"Sammenleggbar vanntank"}]},{"@type":"WebSite","@id":"https:\/\/mekulo.com\/no\/#website","url":"https:\/\/mekulo.com\/no\/","name":"Mekulo NO","description":"","publisher":{"@id":"https:\/\/mekulo.com\/no\/#organization"},"potentialAction":[{"@type":"SearchAction","target":{"@type":"EntryPoint","urlTemplate":"https:\/\/mekulo.com\/no\/?s={search_term_string}"},"query-input":{"@type":"PropertyValueSpecification","valueRequired":true,"valueName":"search_term_string"}}],"inLanguage":"nb-NO"},{"@type":"Organization","@id":"https:\/\/mekulo.com\/no\/#organization","name":"Mekulo","url":"https:\/\/mekulo.com\/no\/","logo":{"@type":"ImageObject","inLanguage":"nb-NO","@id":"https:\/\/mekulo.com\/no\/#\/schema\/logo\/image\/","url":"https:\/\/mekulo.com\/no\/wp-content\/uploads\/sites\/10\/2025\/12\/favicon_mekulo.png","contentUrl":"https:\/\/mekulo.com\/no\/wp-content\/uploads\/sites\/10\/2025\/12\/favicon_mekulo.png","width":50,"height":50,"caption":"Mekulo"},"image":{"@id":"https:\/\/mekulo.com\/no\/#\/schema\/logo\/image\/"}}]}},"_links":{"self":[{"href":"https:\/\/mekulo.com\/no\/wp-json\/wp\/v2\/product\/19219","targetHints":{"allow":["GET"]}}],"collection":[{"href":"https:\/\/mekulo.com\/no\/wp-json\/wp\/v2\/product"}],"about":[{"href":"https:\/\/mekulo.com\/no\/wp-json\/wp\/v2\/types\/product"}],"replies":[{"embeddable":true,"href":"https:\/\/mekulo.com\/no\/wp-json\/wp\/v2\/comments?post=19219"}],"wp:featuredmedia":[{"embeddable":true,"href":"https:\/\/mekulo.com\/no\/wp-json\/wp\/v2\/media\/19215"}],"wp:attachment":[{"href":"https:\/\/mekulo.com\/no\/wp-json\/wp\/v2\/media?parent=19219"}],"wp:term":[{"taxonomy":"product_brand","embeddable":true,"href":"https:\/\/mekulo.com\/no\/wp-json\/wp\/v2\/product_brand?post=19219"},{"taxonomy":"product_cat","embeddable":true,"href":"https:\/\/mekulo.com\/no\/wp-json\/wp\/v2\/product_cat?post=19219"},{"taxonomy":"product_tag","embeddable":true,"href":"https:\/\/mekulo.com\/no\/wp-json\/wp\/v2\/product_tag?post=19219"}],"curies":[{"name":"wp","href":"https:\/\/api.w.org\/{rel}","templated":true}]}}