{"id":19207,"date":"2026-01-22T16:03:46","date_gmt":"2026-01-22T14:03:46","guid":{"rendered":"https:\/\/mekulo.com\/no\/produkt\/m12-batteriadapter\/"},"modified":"2026-02-03T17:02:47","modified_gmt":"2026-02-03T15:02:47","slug":"m12-batteriadapter","status":"publish","type":"product","link":"https:\/\/mekulo.com\/no\/produkt\/m12-batteriadapter\/","title":{"rendered":"M12 batteriadapter"},"content":{"rendered":"<p style=\"text-align: center;\" data-start=\"0\" data-end=\"57\"><strong data-start=\"0\" data-end=\"57\">Bruk 20V\/18V-batteriene dine trygt med 12V M12-verkt\u00f8y. \ud83d\udee0\ufe0f<\/strong><\/p>\n<p data-start=\"0\" data-end=\"57\"><img decoding=\"async\" class=\"size-full wp-image-21489 aligncenter\" src=\"https:\/\/mekulo.com\/template\/wp-content\/uploads\/sites\/6\/2026\/01\/eba7cd21fee2c306d25c33416560f92edcf5a8ee-700.avif\" alt=\"\" \/><\/p>\n<h2 style=\"text-align: center;\" data-start=\"301\" data-end=\"321\">Hovedfordeler \ud83d\udd0b<\/h2>\n<p data-start=\"324\" data-end=\"391\">\ud83d\udd04 Spenningskonvertering &#8211; Konverterer 20V\/18V batteristr\u00f8m til 12V.<\/p>\n<p data-start=\"394\" data-end=\"464\">\ud83d\udee0\ufe0f Bred verkt\u00f8ykompatibilitet &#8211; Fungerer med mange tr\u00e5dl\u00f8se M12-verkt\u00f8y.<\/p>\n<p data-start=\"467\" data-end=\"573\">\ud83d\udee1\ufe0f Innebygd beskyttelse &#8211; Beskytter mot overspenning, overstr\u00f8m, overoppheting og kortslutning.<\/p>\n<p data-start=\"576\" data-end=\"638\">\u2699\ufe0f Stabil ytelse &#8211; Beskytter verkt\u00f8yene mot str\u00f8mskader.<\/p>\n<p data-start=\"641\" data-end=\"695\">\ud83e\udde9 Enkel installasjon &#8211; Rask plug-and-use-design.<\/p>\n<p data-start=\"698\" data-end=\"760\">\ud83d\udcaa Slitesterk ABS-konstruksjon &#8211; Sterk og p\u00e5litelig for daglig bruk.<\/p>\n<p data-start=\"698\" data-end=\"760\"><img decoding=\"async\" class=\"size-full wp-image-21491 aligncenter\" src=\"https:\/\/mekulo.com\/template\/wp-content\/uploads\/sites\/6\/2026\/01\/0fbbdf2c15d84ab4e730d299f2a39b98fa9e079b-700.avif\" alt=\"\" \/><\/p>\n<h2 style=\"text-align: center;\" data-start=\"767\" data-end=\"781\">Hvordan du bruker \ud83d\udccc<\/h2>\n<ol data-start=\"782\" data-end=\"1051\">\n<li data-start=\"782\" data-end=\"848\">\n<p data-start=\"785\" data-end=\"848\">Feste adapteren til et kompatibelt 20V eller 18V Li-ion-batteri.<\/p>\n<\/li>\n<li data-start=\"849\" data-end=\"905\">\n<p data-start=\"852\" data-end=\"905\">Sett adapteren inn i 12V M12 batteridrevet verkt\u00f8y.<\/p>\n<\/li>\n<li data-start=\"906\" data-end=\"946\">\n<p data-start=\"909\" data-end=\"946\">S\u00f8rg for at tilkoblingen er sikker.<\/p>\n<\/li>\n<li data-start=\"947\" data-end=\"976\">\n<p data-start=\"950\" data-end=\"976\">Bruk verkt\u00f8yet som normalt.<\/p>\n<\/li>\n<li data-start=\"977\" data-end=\"1051\">\n<p data-start=\"980\" data-end=\"1051\">Fjern adapteren fra batteriet n\u00e5r den ikke er i bruk i lengre perioder.<\/p>\n<\/li>\n<\/ol>\n<h2 style=\"text-align: center;\" data-start=\"1058\" data-end=\"1077\">Produktdetaljer \ud83d\udccf<\/h2>\n<ul data-start=\"1078\" data-end=\"1384\">\n<li data-start=\"1116\" data-end=\"1134\">\n<p data-start=\"1118\" data-end=\"1134\">Model: DM20M12<\/p>\n<\/li>\n<li data-start=\"1135\" data-end=\"1152\">\n<p data-start=\"1137\" data-end=\"1152\">Materiale: ABS<\/p>\n<\/li>\n<li data-start=\"1176\" data-end=\"1228\">\n<p data-start=\"1178\" data-end=\"1228\">Funksjon: Konverterer 20V \/ 18V batteri til 12V utgang<\/p>\n<\/li>\n<li data-start=\"1229\" data-end=\"1296\">\n<p data-start=\"1231\" data-end=\"1296\">Beskyttelse: Overspenning, overstr\u00f8m, overoppheting, kortslutning<\/p>\n<\/li>\n<li data-start=\"1297\" data-end=\"1352\">\n<p data-start=\"1299\" data-end=\"1352\">Kompatible verkt\u00f8y: Flere M12 batteridrevne verkt\u00f8ymodeller<\/p>\n<\/li>\n<li data-start=\"1353\" data-end=\"1384\">\n<p data-start=\"1355\" data-end=\"1384\">Installasjon: Plug and play<\/p>\n<\/li>\n<\/ul>\n<h2 style=\"text-align: center;\" data-start=\"1391\" data-end=\"1411\">Pakken inkluderer \ud83d\udce6<\/h2>\n<ul data-start=\"1412\" data-end=\"1442\">\n<li data-start=\"1412\" data-end=\"1442\">\n<p data-start=\"1414\" data-end=\"1442\">1x M12 batteriadapter.<\/p>\n<\/li>\n<\/ul>\n","protected":false},"excerpt":{"rendered":"<p>\ud83d\udd0bMed denne M12-batteriadapteren kan du drive 12 V M12 batteridrevet verkt\u00f8y med kompatible 20 V eller 18 V Li-ion-batterier.<br \/>\n\u2699\ufe0fDet konverterer spenningen p\u00e5 en sikker m\u00e5te og beskytter b\u00e5de batteriet og verkt\u00f8yet, slik at du f\u00e5r mer fleksibilitet uten \u00e5 m\u00e5tte kj\u00f8pe ekstra batterier.<br \/>\n\ud83e\udeabDette hjelper deg med \u00e5 f\u00e5 mer ut av batteriene du allerede eier.<\/p>\n","protected":false},"featured_media":19203,"comment_status":"open","ping_status":"closed","template":"","meta":{"site-sidebar-layout":"default","site-content-layout":"","ast-site-content-layout":"default","site-content-style":"default","site-sidebar-style":"default","ast-global-header-display":"","ast-banner-title-visibility":"","ast-main-header-display":"","ast-hfb-above-header-display":"","ast-hfb-below-header-display":"","ast-hfb-mobile-header-display":"","site-post-title":"","ast-breadcrumbs-content":"","ast-featured-img":"","footer-sml-layout":"","theme-transparent-header-meta":"default","adv-header-id-meta":"","stick-header-meta":"","header-above-stick-meta":"","header-main-stick-meta":"","header-below-stick-meta":"","astra-migrate-meta-layouts":"set","ast-page-background-enabled":"default","ast-page-background-meta":{"desktop":{"background-color":"var(--ast-global-color-5)","background-image":"","background-repeat":"repeat","background-position":"center center","background-size":"auto","background-attachment":"scroll","background-type":"","background-media":"","overlay-type":"","overlay-color":"","overlay-opacity":"","overlay-gradient":""},"tablet":{"background-color":"","background-image":"","background-repeat":"repeat","background-position":"center center","background-size":"auto","background-attachment":"scroll","background-type":"","background-media":"","overlay-type":"","overlay-color":"","overlay-opacity":"","overlay-gradient":""},"mobile":{"background-color":"","background-image":"","background-repeat":"repeat","background-position":"center center","background-size":"auto","background-attachment":"scroll","background-type":"","background-media":"","overlay-type":"","overlay-color":"","overlay-opacity":"","overlay-gradient":""}},"ast-content-background-meta":{"desktop":{"background-color":"var(--ast-global-color-4)","background-image":"","background-repeat":"repeat","background-position":"center center","background-size":"auto","background-attachment":"scroll","background-type":"","background-media":"","overlay-type":"","overlay-color":"","overlay-opacity":"","overlay-gradient":""},"tablet":{"background-color":"var(--ast-global-color-4)","background-image":"","background-repeat":"repeat","background-position":"center center","background-size":"auto","background-attachment":"scroll","background-type":"","background-media":"","overlay-type":"","overlay-color":"","overlay-opacity":"","overlay-gradient":""},"mobile":{"background-color":"var(--ast-global-color-4)","background-image":"","background-repeat":"repeat","background-position":"center center","background-size":"auto","background-attachment":"scroll","background-type":"","background-media":"","overlay-type":"","overlay-color":"","overlay-opacity":"","overlay-gradient":""}}},"product_brand":[],"product_cat":[171],"product_tag":[],"class_list":{"0":"post-19207","1":"product","2":"type-product","3":"status-publish","4":"has-post-thumbnail","6":"product_cat-verktoy","7":"desktop-align-left","8":"tablet-align-left","9":"mobile-align-left","11":"first","12":"instock","13":"shipping-taxable","14":"purchasable","15":"product-type-simple"},"yoast_head":"<!-- This site is optimized with the Yoast SEO plugin v26.6 - https:\/\/yoast.com\/wordpress\/plugins\/seo\/ -->\n<title>M12 batteriadapter - Mekulo NO<\/title>\n<meta name=\"robots\" content=\"index, follow, max-snippet:-1, max-image-preview:large, max-video-preview:-1\" \/>\n<link rel=\"canonical\" href=\"https:\/\/mekulo.com\/no\/produkt\/m12-batteriadapter\/\" \/>\n<meta property=\"og:locale\" content=\"nb_NO\" \/>\n<meta property=\"og:type\" content=\"article\" \/>\n<meta property=\"og:title\" content=\"M12 batteriadapter - Mekulo NO\" \/>\n<meta property=\"og:description\" content=\"\ud83d\udd0bMed denne M12-batteriadapteren kan du drive 12 V M12 batteridrevet verkt\u00f8y med kompatible 20 V eller 18 V Li-ion-batterier. \u2699\ufe0fDet konverterer spenningen p\u00e5 en sikker m\u00e5te og beskytter b\u00e5de batteriet og verkt\u00f8yet, slik at du f\u00e5r mer fleksibilitet uten \u00e5 m\u00e5tte kj\u00f8pe ekstra batterier. \ud83e\udeabDette hjelper deg med \u00e5 f\u00e5 mer ut av batteriene du allerede eier.\" \/>\n<meta property=\"og:url\" content=\"https:\/\/mekulo.com\/no\/produkt\/m12-batteriadapter\/\" \/>\n<meta property=\"og:site_name\" content=\"Mekulo NO\" \/>\n<meta property=\"article:modified_time\" content=\"2026-02-03T15:02:47+00:00\" \/>\n<meta property=\"og:image\" content=\"https:\/\/mekulo.com\/no\/wp-content\/uploads\/sites\/10\/2026\/01\/f83i7t4-1.jpg\" \/>\n\t<meta property=\"og:image:width\" content=\"800\" \/>\n\t<meta property=\"og:image:height\" content=\"800\" \/>\n\t<meta property=\"og:image:type\" content=\"image\/jpeg\" \/>\n<meta name=\"twitter:card\" content=\"summary_large_image\" \/>\n<meta name=\"twitter:label1\" content=\"Ansl. lesetid\" \/>\n\t<meta name=\"twitter:data1\" content=\"2 minutter\" \/>\n<script type=\"application\/ld+json\" class=\"yoast-schema-graph\">{\"@context\":\"https:\/\/schema.org\",\"@graph\":[{\"@type\":\"WebPage\",\"@id\":\"https:\/\/mekulo.com\/no\/produkt\/m12-batteriadapter\/\",\"url\":\"https:\/\/mekulo.com\/no\/produkt\/m12-batteriadapter\/\",\"name\":\"M12 batteriadapter - Mekulo NO\",\"isPartOf\":{\"@id\":\"https:\/\/mekulo.com\/no\/#website\"},\"primaryImageOfPage\":{\"@id\":\"https:\/\/mekulo.com\/no\/produkt\/m12-batteriadapter\/#primaryimage\"},\"image\":{\"@id\":\"https:\/\/mekulo.com\/no\/produkt\/m12-batteriadapter\/#primaryimage\"},\"thumbnailUrl\":\"https:\/\/mekulo.com\/no\/wp-content\/uploads\/sites\/10\/2026\/01\/f83i7t4-1.jpg\",\"datePublished\":\"2026-01-22T14:03:46+00:00\",\"dateModified\":\"2026-02-03T15:02:47+00:00\",\"breadcrumb\":{\"@id\":\"https:\/\/mekulo.com\/no\/produkt\/m12-batteriadapter\/#breadcrumb\"},\"inLanguage\":\"nb-NO\",\"potentialAction\":[{\"@type\":\"ReadAction\",\"target\":[\"https:\/\/mekulo.com\/no\/produkt\/m12-batteriadapter\/\"]}]},{\"@type\":\"ImageObject\",\"inLanguage\":\"nb-NO\",\"@id\":\"https:\/\/mekulo.com\/no\/produkt\/m12-batteriadapter\/#primaryimage\",\"url\":\"https:\/\/mekulo.com\/no\/wp-content\/uploads\/sites\/10\/2026\/01\/f83i7t4-1.jpg\",\"contentUrl\":\"https:\/\/mekulo.com\/no\/wp-content\/uploads\/sites\/10\/2026\/01\/f83i7t4-1.jpg\",\"width\":800,\"height\":800},{\"@type\":\"BreadcrumbList\",\"@id\":\"https:\/\/mekulo.com\/no\/produkt\/m12-batteriadapter\/#breadcrumb\",\"itemListElement\":[{\"@type\":\"ListItem\",\"position\":1,\"name\":\"Home\",\"item\":\"https:\/\/mekulo.com\/no\/\"},{\"@type\":\"ListItem\",\"position\":2,\"name\":\"Butikk\",\"item\":\"https:\/\/mekulo.com\/no\/butikk\/\"},{\"@type\":\"ListItem\",\"position\":3,\"name\":\"M12 batteriadapter\"}]},{\"@type\":\"WebSite\",\"@id\":\"https:\/\/mekulo.com\/no\/#website\",\"url\":\"https:\/\/mekulo.com\/no\/\",\"name\":\"Mekulo NO\",\"description\":\"\",\"publisher\":{\"@id\":\"https:\/\/mekulo.com\/no\/#organization\"},\"potentialAction\":[{\"@type\":\"SearchAction\",\"target\":{\"@type\":\"EntryPoint\",\"urlTemplate\":\"https:\/\/mekulo.com\/no\/?s={search_term_string}\"},\"query-input\":{\"@type\":\"PropertyValueSpecification\",\"valueRequired\":true,\"valueName\":\"search_term_string\"}}],\"inLanguage\":\"nb-NO\"},{\"@type\":\"Organization\",\"@id\":\"https:\/\/mekulo.com\/no\/#organization\",\"name\":\"Mekulo\",\"url\":\"https:\/\/mekulo.com\/no\/\",\"logo\":{\"@type\":\"ImageObject\",\"inLanguage\":\"nb-NO\",\"@id\":\"https:\/\/mekulo.com\/no\/#\/schema\/logo\/image\/\",\"url\":\"https:\/\/mekulo.com\/no\/wp-content\/uploads\/sites\/10\/2025\/12\/favicon_mekulo.png\",\"contentUrl\":\"https:\/\/mekulo.com\/no\/wp-content\/uploads\/sites\/10\/2025\/12\/favicon_mekulo.png\",\"width\":50,\"height\":50,\"caption\":\"Mekulo\"},\"image\":{\"@id\":\"https:\/\/mekulo.com\/no\/#\/schema\/logo\/image\/\"}}]}<\/script>\n<!-- \/ Yoast SEO plugin. -->","yoast_head_json":{"title":"M12 batteriadapter - Mekulo NO","robots":{"index":"index","follow":"follow","max-snippet":"max-snippet:-1","max-image-preview":"max-image-preview:large","max-video-preview":"max-video-preview:-1"},"canonical":"https:\/\/mekulo.com\/no\/produkt\/m12-batteriadapter\/","og_locale":"nb_NO","og_type":"article","og_title":"M12 batteriadapter - Mekulo NO","og_description":"\ud83d\udd0bMed denne M12-batteriadapteren kan du drive 12 V M12 batteridrevet verkt\u00f8y med kompatible 20 V eller 18 V Li-ion-batterier. \u2699\ufe0fDet konverterer spenningen p\u00e5 en sikker m\u00e5te og beskytter b\u00e5de batteriet og verkt\u00f8yet, slik at du f\u00e5r mer fleksibilitet uten \u00e5 m\u00e5tte kj\u00f8pe ekstra batterier. \ud83e\udeabDette hjelper deg med \u00e5 f\u00e5 mer ut av batteriene du allerede eier.","og_url":"https:\/\/mekulo.com\/no\/produkt\/m12-batteriadapter\/","og_site_name":"Mekulo NO","article_modified_time":"2026-02-03T15:02:47+00:00","og_image":[{"width":800,"height":800,"url":"https:\/\/mekulo.com\/no\/wp-content\/uploads\/sites\/10\/2026\/01\/f83i7t4-1.jpg","type":"image\/jpeg"}],"twitter_card":"summary_large_image","twitter_misc":{"Ansl. lesetid":"2 minutter"},"schema":{"@context":"https:\/\/schema.org","@graph":[{"@type":"WebPage","@id":"https:\/\/mekulo.com\/no\/produkt\/m12-batteriadapter\/","url":"https:\/\/mekulo.com\/no\/produkt\/m12-batteriadapter\/","name":"M12 batteriadapter - Mekulo NO","isPartOf":{"@id":"https:\/\/mekulo.com\/no\/#website"},"primaryImageOfPage":{"@id":"https:\/\/mekulo.com\/no\/produkt\/m12-batteriadapter\/#primaryimage"},"image":{"@id":"https:\/\/mekulo.com\/no\/produkt\/m12-batteriadapter\/#primaryimage"},"thumbnailUrl":"https:\/\/mekulo.com\/no\/wp-content\/uploads\/sites\/10\/2026\/01\/f83i7t4-1.jpg","datePublished":"2026-01-22T14:03:46+00:00","dateModified":"2026-02-03T15:02:47+00:00","breadcrumb":{"@id":"https:\/\/mekulo.com\/no\/produkt\/m12-batteriadapter\/#breadcrumb"},"inLanguage":"nb-NO","potentialAction":[{"@type":"ReadAction","target":["https:\/\/mekulo.com\/no\/produkt\/m12-batteriadapter\/"]}]},{"@type":"ImageObject","inLanguage":"nb-NO","@id":"https:\/\/mekulo.com\/no\/produkt\/m12-batteriadapter\/#primaryimage","url":"https:\/\/mekulo.com\/no\/wp-content\/uploads\/sites\/10\/2026\/01\/f83i7t4-1.jpg","contentUrl":"https:\/\/mekulo.com\/no\/wp-content\/uploads\/sites\/10\/2026\/01\/f83i7t4-1.jpg","width":800,"height":800},{"@type":"BreadcrumbList","@id":"https:\/\/mekulo.com\/no\/produkt\/m12-batteriadapter\/#breadcrumb","itemListElement":[{"@type":"ListItem","position":1,"name":"Home","item":"https:\/\/mekulo.com\/no\/"},{"@type":"ListItem","position":2,"name":"Butikk","item":"https:\/\/mekulo.com\/no\/butikk\/"},{"@type":"ListItem","position":3,"name":"M12 batteriadapter"}]},{"@type":"WebSite","@id":"https:\/\/mekulo.com\/no\/#website","url":"https:\/\/mekulo.com\/no\/","name":"Mekulo NO","description":"","publisher":{"@id":"https:\/\/mekulo.com\/no\/#organization"},"potentialAction":[{"@type":"SearchAction","target":{"@type":"EntryPoint","urlTemplate":"https:\/\/mekulo.com\/no\/?s={search_term_string}"},"query-input":{"@type":"PropertyValueSpecification","valueRequired":true,"valueName":"search_term_string"}}],"inLanguage":"nb-NO"},{"@type":"Organization","@id":"https:\/\/mekulo.com\/no\/#organization","name":"Mekulo","url":"https:\/\/mekulo.com\/no\/","logo":{"@type":"ImageObject","inLanguage":"nb-NO","@id":"https:\/\/mekulo.com\/no\/#\/schema\/logo\/image\/","url":"https:\/\/mekulo.com\/no\/wp-content\/uploads\/sites\/10\/2025\/12\/favicon_mekulo.png","contentUrl":"https:\/\/mekulo.com\/no\/wp-content\/uploads\/sites\/10\/2025\/12\/favicon_mekulo.png","width":50,"height":50,"caption":"Mekulo"},"image":{"@id":"https:\/\/mekulo.com\/no\/#\/schema\/logo\/image\/"}}]}},"_links":{"self":[{"href":"https:\/\/mekulo.com\/no\/wp-json\/wp\/v2\/product\/19207","targetHints":{"allow":["GET"]}}],"collection":[{"href":"https:\/\/mekulo.com\/no\/wp-json\/wp\/v2\/product"}],"about":[{"href":"https:\/\/mekulo.com\/no\/wp-json\/wp\/v2\/types\/product"}],"replies":[{"embeddable":true,"href":"https:\/\/mekulo.com\/no\/wp-json\/wp\/v2\/comments?post=19207"}],"wp:featuredmedia":[{"embeddable":true,"href":"https:\/\/mekulo.com\/no\/wp-json\/wp\/v2\/media\/19203"}],"wp:attachment":[{"href":"https:\/\/mekulo.com\/no\/wp-json\/wp\/v2\/media?parent=19207"}],"wp:term":[{"taxonomy":"product_brand","embeddable":true,"href":"https:\/\/mekulo.com\/no\/wp-json\/wp\/v2\/product_brand?post=19207"},{"taxonomy":"product_cat","embeddable":true,"href":"https:\/\/mekulo.com\/no\/wp-json\/wp\/v2\/product_cat?post=19207"},{"taxonomy":"product_tag","embeddable":true,"href":"https:\/\/mekulo.com\/no\/wp-json\/wp\/v2\/product_tag?post=19207"}],"curies":[{"name":"wp","href":"https:\/\/api.w.org\/{rel}","templated":true}]}}