{"id":19183,"date":"2026-01-22T16:01:54","date_gmt":"2026-01-22T14:01:54","guid":{"rendered":"https:\/\/mekulo.com\/no\/produkt\/taskeveske-i-nylon-med-stor-kapasitet\/"},"modified":"2026-02-03T17:05:30","modified_gmt":"2026-02-03T15:05:30","slug":"taskeveske-i-nylon-med-stor-kapasitet","status":"publish","type":"product","link":"https:\/\/mekulo.com\/no\/produkt\/taskeveske-i-nylon-med-stor-kapasitet\/","title":{"rendered":"Taskeveske i nylon med stor kapasitet"},"content":{"rendered":"<p style=\"text-align: center;\" data-start=\"0\" data-end=\"65\"><strong data-start=\"0\" data-end=\"65\">B\u00e6r alle dine daglige n\u00f8dvendigheter i en stilig og romslig veske. \ud83d\udc5c<\/strong><\/p>\n<p data-start=\"0\" data-end=\"65\"><img fetchpriority=\"high\" decoding=\"async\" class=\"size-full wp-image-21468 aligncenter\" src=\"https:\/\/mekulo.com\/template\/wp-content\/uploads\/sites\/6\/2026\/01\/3b91bc7289017e866841a9a5d72d1900b203fd22.jpg\" alt=\"\" width=\"1080\" height=\"1080\" \/><\/p>\n<h2 style=\"text-align: center;\" data-start=\"303\" data-end=\"323\">Hovedfordeler \ud83d\udc5c<\/h2>\n<p data-start=\"326\" data-end=\"392\">\ud83d\udce6 Stor oppbevaringskapasitet &#8211; rommer det du trenger i hverdagen.<\/p>\n<p data-start=\"395\" data-end=\"454\">\ud83e\udde9 Design med flere lommer &#8211; holder tingene godt organisert.<\/p>\n<p data-start=\"457\" data-end=\"519\">\ud83d\udca7 Vanntett nylonmateriale &#8211; slitesterkt og lett \u00e5 rengj\u00f8re.<\/p>\n<p data-start=\"522\" data-end=\"587\">\u2728 Minimalistisk stil &#8211; passer til uformelle og semi-formelle antrekk.<\/p>\n<p data-start=\"590\" data-end=\"648\">\ud83c\udf92 Komfortable h\u00e5ndtak &#8211; lett \u00e5 b\u00e6re p\u00e5 skulderen eller i h\u00e5nden.<\/p>\n<p data-start=\"651\" data-end=\"713\">\ud83c\udf0d Allsidig bruk &#8211; Perfekt for jobb, reise, treningsstudio eller strand.<\/p>\n<p data-start=\"651\" data-end=\"713\"><img decoding=\"async\" class=\"size-full wp-image-21469 aligncenter\" src=\"https:\/\/mekulo.com\/template\/wp-content\/uploads\/sites\/6\/2026\/01\/c4b5ce5c5fd29a0cef6ec2acdbf6dde0aef6a5c8.jpg\" alt=\"\" width=\"1080\" height=\"1080\" \/><\/p>\n<h2 style=\"text-align: center;\" data-start=\"720\" data-end=\"734\">Hvordan bruke \ud83d\udccc<\/h2>\n<ol data-start=\"735\" data-end=\"974\">\n<li data-start=\"735\" data-end=\"788\">\n<p data-start=\"738\" data-end=\"788\">Plasser st\u00f8rre gjenstander i hovedrommet.<\/p>\n<\/li>\n<li data-start=\"789\" data-end=\"834\">\n<p data-start=\"792\" data-end=\"834\">Oppbevar verdisaker i den indre glidel\u00e5slommen.<\/p>\n<\/li>\n<li data-start=\"835\" data-end=\"884\">\n<p data-start=\"838\" data-end=\"884\">Bruk sidelommene med glidel\u00e5s for hurtig tilgang til gjenstander.<\/p>\n<\/li>\n<li data-start=\"885\" data-end=\"925\">\n<p data-start=\"888\" data-end=\"925\">B\u00e6r for h\u00e5nd eller over skulderen.<\/p>\n<\/li>\n<li data-start=\"926\" data-end=\"974\">\n<p data-start=\"929\" data-end=\"974\">Nyt organisert oppbevaring hele dagen.<\/p>\n<\/li>\n<\/ol>\n<h2 style=\"text-align: center;\" data-start=\"981\" data-end=\"1000\">Produktdetaljer \ud83d\udccf<\/h2>\n<ul data-start=\"1001\" data-end=\"1303\">\n<li data-start=\"1049\" data-end=\"1079\">\n<p data-start=\"1051\" data-end=\"1079\">Materiale: Vanntett nylon<\/p>\n<\/li>\n<li data-start=\"1080\" data-end=\"1116\">\n<p data-start=\"1082\" data-end=\"1116\">St\u00f8rrelse: 47 x 37 x 18 cm<\/p>\n<\/li>\n<li data-start=\"1117\" data-end=\"1218\">\n<p data-start=\"1119\" data-end=\"1134\">Rom:<\/p>\n<ul data-start=\"1137\" data-end=\"1218\">\n<li data-start=\"1137\" data-end=\"1161\">\n<p data-start=\"1139\" data-end=\"1161\">1x hovedrom<\/p>\n<\/li>\n<li data-start=\"1164\" data-end=\"1191\">\n<p data-start=\"1166\" data-end=\"1191\">1x innvendig lomme med glidel\u00e5s<\/p>\n<\/li>\n<li data-start=\"1194\" data-end=\"1218\">\n<p data-start=\"1196\" data-end=\"1218\">2x sidelommer med glidel\u00e5s<\/p>\n<\/li>\n<\/ul>\n<\/li>\n<li data-start=\"1219\" data-end=\"1252\">\n<p data-start=\"1221\" data-end=\"1252\">Stil: Minimalistisk, hobo-style<\/p>\n<\/li>\n<li data-start=\"1253\" data-end=\"1303\">\n<p data-start=\"1255\" data-end=\"1303\">Bruk: Arbeid, pendling, shopping, reise, sport<\/p>\n<\/li>\n<\/ul>\n<h2 style=\"text-align: center;\" data-start=\"1310\" data-end=\"1330\">Pakken inkluderer \ud83d\udce6<\/h2>\n<ul data-start=\"1331\" data-end=\"1369\" data-is-last-node=\"\" data-is-only-node=\"\">\n<li data-start=\"1331\" data-end=\"1369\" data-is-last-node=\"\">\n<p data-start=\"1333\" data-end=\"1369\" data-is-last-node=\"\">1x nylonveske med stor kapasitet.<\/p>\n<\/li>\n<\/ul>\n","protected":false},"excerpt":{"rendered":"<p>\ud83d\udc5cDenne store nylonvesken har god plass og smarte lommer for \u00e5 holde alt organisert.<br \/>\n\ud83d\udca6Den vanntette nylondesignen gj\u00f8r den perfekt for jobb, shopping, reiser eller hverdagsbruk, samtidig som den er behagelig \u00e5 b\u00e6re.<br \/>\n\ud83d\udc5dDu kan enkelt f\u00e5 plass til nettbrett, telefon, lommebok, sminke og andre daglige n\u00f8dvendigheter i \u00e9n veske.<\/p>\n","protected":false},"featured_media":19179,"comment_status":"open","ping_status":"closed","template":"","meta":{"site-sidebar-layout":"default","site-content-layout":"","ast-site-content-layout":"default","site-content-style":"default","site-sidebar-style":"default","ast-global-header-display":"","ast-banner-title-visibility":"","ast-main-header-display":"","ast-hfb-above-header-display":"","ast-hfb-below-header-display":"","ast-hfb-mobile-header-display":"","site-post-title":"","ast-breadcrumbs-content":"","ast-featured-img":"","footer-sml-layout":"","theme-transparent-header-meta":"default","adv-header-id-meta":"","stick-header-meta":"","header-above-stick-meta":"","header-main-stick-meta":"","header-below-stick-meta":"","astra-migrate-meta-layouts":"set","ast-page-background-enabled":"default","ast-page-background-meta":{"desktop":{"background-color":"var(--ast-global-color-5)","background-image":"","background-repeat":"repeat","background-position":"center center","background-size":"auto","background-attachment":"scroll","background-type":"","background-media":"","overlay-type":"","overlay-color":"","overlay-opacity":"","overlay-gradient":""},"tablet":{"background-color":"","background-image":"","background-repeat":"repeat","background-position":"center center","background-size":"auto","background-attachment":"scroll","background-type":"","background-media":"","overlay-type":"","overlay-color":"","overlay-opacity":"","overlay-gradient":""},"mobile":{"background-color":"","background-image":"","background-repeat":"repeat","background-position":"center center","background-size":"auto","background-attachment":"scroll","background-type":"","background-media":"","overlay-type":"","overlay-color":"","overlay-opacity":"","overlay-gradient":""}},"ast-content-background-meta":{"desktop":{"background-color":"var(--ast-global-color-4)","background-image":"","background-repeat":"repeat","background-position":"center center","background-size":"auto","background-attachment":"scroll","background-type":"","background-media":"","overlay-type":"","overlay-color":"","overlay-opacity":"","overlay-gradient":""},"tablet":{"background-color":"var(--ast-global-color-4)","background-image":"","background-repeat":"repeat","background-position":"center center","background-size":"auto","background-attachment":"scroll","background-type":"","background-media":"","overlay-type":"","overlay-color":"","overlay-opacity":"","overlay-gradient":""},"mobile":{"background-color":"var(--ast-global-color-4)","background-image":"","background-repeat":"repeat","background-position":"center center","background-size":"auto","background-attachment":"scroll","background-type":"","background-media":"","overlay-type":"","overlay-color":"","overlay-opacity":"","overlay-gradient":""}}},"product_brand":[],"product_cat":[165],"product_tag":[],"class_list":{"0":"post-19183","1":"product","2":"type-product","3":"status-publish","4":"has-post-thumbnail","6":"product_cat-fottoy-tilbehor","7":"pa_51481_6ri2azbx-beige","8":"pa_51481_6ri2azbx-brun","9":"pa_51481_6ri2azbx-gul","10":"pa_51481_6ri2azbx-khaki","11":"pa_51481_6ri2azbx-rod","12":"pa_51481_6ri2azbx-svart","13":"desktop-align-left","14":"tablet-align-left","15":"mobile-align-left","17":"first","18":"instock","19":"shipping-taxable","20":"purchasable","21":"product-type-variable"},"yoast_head":"<!-- This site is optimized with the Yoast SEO plugin v26.6 - https:\/\/yoast.com\/wordpress\/plugins\/seo\/ -->\n<title>Taskeveske i nylon med stor kapasitet - Mekulo NO<\/title>\n<meta name=\"robots\" content=\"index, follow, max-snippet:-1, max-image-preview:large, max-video-preview:-1\" \/>\n<link rel=\"canonical\" href=\"https:\/\/mekulo.com\/no\/produkt\/taskeveske-i-nylon-med-stor-kapasitet\/\" \/>\n<meta property=\"og:locale\" content=\"nb_NO\" \/>\n<meta property=\"og:type\" content=\"article\" \/>\n<meta property=\"og:title\" content=\"Taskeveske i nylon med stor kapasitet - Mekulo NO\" \/>\n<meta property=\"og:description\" content=\"\ud83d\udc5cDenne store nylonvesken har god plass og smarte lommer for \u00e5 holde alt organisert. \ud83d\udca6Den vanntette nylondesignen gj\u00f8r den perfekt for jobb, shopping, reiser eller hverdagsbruk, samtidig som den er behagelig \u00e5 b\u00e6re. \ud83d\udc5dDu kan enkelt f\u00e5 plass til nettbrett, telefon, lommebok, sminke og andre daglige n\u00f8dvendigheter i \u00e9n veske.\" \/>\n<meta property=\"og:url\" content=\"https:\/\/mekulo.com\/no\/produkt\/taskeveske-i-nylon-med-stor-kapasitet\/\" \/>\n<meta property=\"og:site_name\" content=\"Mekulo NO\" \/>\n<meta property=\"article:modified_time\" content=\"2026-02-03T15:05:30+00:00\" \/>\n<meta property=\"og:image\" content=\"https:\/\/mekulo.com\/no\/wp-content\/uploads\/sites\/10\/2026\/01\/wal71ah-1.jpg\" \/>\n\t<meta property=\"og:image:width\" content=\"600\" \/>\n\t<meta property=\"og:image:height\" content=\"800\" \/>\n\t<meta property=\"og:image:type\" content=\"image\/jpeg\" \/>\n<meta name=\"twitter:card\" content=\"summary_large_image\" \/>\n<meta name=\"twitter:label1\" content=\"Ansl. lesetid\" \/>\n\t<meta name=\"twitter:data1\" content=\"2 minutter\" \/>\n<script type=\"application\/ld+json\" class=\"yoast-schema-graph\">{\"@context\":\"https:\/\/schema.org\",\"@graph\":[{\"@type\":\"WebPage\",\"@id\":\"https:\/\/mekulo.com\/no\/produkt\/taskeveske-i-nylon-med-stor-kapasitet\/\",\"url\":\"https:\/\/mekulo.com\/no\/produkt\/taskeveske-i-nylon-med-stor-kapasitet\/\",\"name\":\"Taskeveske i nylon med stor kapasitet - Mekulo NO\",\"isPartOf\":{\"@id\":\"https:\/\/mekulo.com\/no\/#website\"},\"primaryImageOfPage\":{\"@id\":\"https:\/\/mekulo.com\/no\/produkt\/taskeveske-i-nylon-med-stor-kapasitet\/#primaryimage\"},\"image\":{\"@id\":\"https:\/\/mekulo.com\/no\/produkt\/taskeveske-i-nylon-med-stor-kapasitet\/#primaryimage\"},\"thumbnailUrl\":\"https:\/\/mekulo.com\/no\/wp-content\/uploads\/sites\/10\/2026\/01\/wal71ah-1.jpg\",\"datePublished\":\"2026-01-22T14:01:54+00:00\",\"dateModified\":\"2026-02-03T15:05:30+00:00\",\"breadcrumb\":{\"@id\":\"https:\/\/mekulo.com\/no\/produkt\/taskeveske-i-nylon-med-stor-kapasitet\/#breadcrumb\"},\"inLanguage\":\"nb-NO\",\"potentialAction\":[{\"@type\":\"ReadAction\",\"target\":[\"https:\/\/mekulo.com\/no\/produkt\/taskeveske-i-nylon-med-stor-kapasitet\/\"]}]},{\"@type\":\"ImageObject\",\"inLanguage\":\"nb-NO\",\"@id\":\"https:\/\/mekulo.com\/no\/produkt\/taskeveske-i-nylon-med-stor-kapasitet\/#primaryimage\",\"url\":\"https:\/\/mekulo.com\/no\/wp-content\/uploads\/sites\/10\/2026\/01\/wal71ah-1.jpg\",\"contentUrl\":\"https:\/\/mekulo.com\/no\/wp-content\/uploads\/sites\/10\/2026\/01\/wal71ah-1.jpg\",\"width\":600,\"height\":800},{\"@type\":\"BreadcrumbList\",\"@id\":\"https:\/\/mekulo.com\/no\/produkt\/taskeveske-i-nylon-med-stor-kapasitet\/#breadcrumb\",\"itemListElement\":[{\"@type\":\"ListItem\",\"position\":1,\"name\":\"Home\",\"item\":\"https:\/\/mekulo.com\/no\/\"},{\"@type\":\"ListItem\",\"position\":2,\"name\":\"Butikk\",\"item\":\"https:\/\/mekulo.com\/no\/butikk\/\"},{\"@type\":\"ListItem\",\"position\":3,\"name\":\"Taskeveske i nylon med stor kapasitet\"}]},{\"@type\":\"WebSite\",\"@id\":\"https:\/\/mekulo.com\/no\/#website\",\"url\":\"https:\/\/mekulo.com\/no\/\",\"name\":\"Mekulo NO\",\"description\":\"\",\"publisher\":{\"@id\":\"https:\/\/mekulo.com\/no\/#organization\"},\"potentialAction\":[{\"@type\":\"SearchAction\",\"target\":{\"@type\":\"EntryPoint\",\"urlTemplate\":\"https:\/\/mekulo.com\/no\/?s={search_term_string}\"},\"query-input\":{\"@type\":\"PropertyValueSpecification\",\"valueRequired\":true,\"valueName\":\"search_term_string\"}}],\"inLanguage\":\"nb-NO\"},{\"@type\":\"Organization\",\"@id\":\"https:\/\/mekulo.com\/no\/#organization\",\"name\":\"Mekulo\",\"url\":\"https:\/\/mekulo.com\/no\/\",\"logo\":{\"@type\":\"ImageObject\",\"inLanguage\":\"nb-NO\",\"@id\":\"https:\/\/mekulo.com\/no\/#\/schema\/logo\/image\/\",\"url\":\"https:\/\/mekulo.com\/no\/wp-content\/uploads\/sites\/10\/2025\/12\/favicon_mekulo.png\",\"contentUrl\":\"https:\/\/mekulo.com\/no\/wp-content\/uploads\/sites\/10\/2025\/12\/favicon_mekulo.png\",\"width\":50,\"height\":50,\"caption\":\"Mekulo\"},\"image\":{\"@id\":\"https:\/\/mekulo.com\/no\/#\/schema\/logo\/image\/\"}}]}<\/script>\n<!-- \/ Yoast SEO plugin. -->","yoast_head_json":{"title":"Taskeveske i nylon med stor kapasitet - Mekulo NO","robots":{"index":"index","follow":"follow","max-snippet":"max-snippet:-1","max-image-preview":"max-image-preview:large","max-video-preview":"max-video-preview:-1"},"canonical":"https:\/\/mekulo.com\/no\/produkt\/taskeveske-i-nylon-med-stor-kapasitet\/","og_locale":"nb_NO","og_type":"article","og_title":"Taskeveske i nylon med stor kapasitet - Mekulo NO","og_description":"\ud83d\udc5cDenne store nylonvesken har god plass og smarte lommer for \u00e5 holde alt organisert. \ud83d\udca6Den vanntette nylondesignen gj\u00f8r den perfekt for jobb, shopping, reiser eller hverdagsbruk, samtidig som den er behagelig \u00e5 b\u00e6re. \ud83d\udc5dDu kan enkelt f\u00e5 plass til nettbrett, telefon, lommebok, sminke og andre daglige n\u00f8dvendigheter i \u00e9n veske.","og_url":"https:\/\/mekulo.com\/no\/produkt\/taskeveske-i-nylon-med-stor-kapasitet\/","og_site_name":"Mekulo NO","article_modified_time":"2026-02-03T15:05:30+00:00","og_image":[{"width":600,"height":800,"url":"https:\/\/mekulo.com\/no\/wp-content\/uploads\/sites\/10\/2026\/01\/wal71ah-1.jpg","type":"image\/jpeg"}],"twitter_card":"summary_large_image","twitter_misc":{"Ansl. lesetid":"2 minutter"},"schema":{"@context":"https:\/\/schema.org","@graph":[{"@type":"WebPage","@id":"https:\/\/mekulo.com\/no\/produkt\/taskeveske-i-nylon-med-stor-kapasitet\/","url":"https:\/\/mekulo.com\/no\/produkt\/taskeveske-i-nylon-med-stor-kapasitet\/","name":"Taskeveske i nylon med stor kapasitet - Mekulo NO","isPartOf":{"@id":"https:\/\/mekulo.com\/no\/#website"},"primaryImageOfPage":{"@id":"https:\/\/mekulo.com\/no\/produkt\/taskeveske-i-nylon-med-stor-kapasitet\/#primaryimage"},"image":{"@id":"https:\/\/mekulo.com\/no\/produkt\/taskeveske-i-nylon-med-stor-kapasitet\/#primaryimage"},"thumbnailUrl":"https:\/\/mekulo.com\/no\/wp-content\/uploads\/sites\/10\/2026\/01\/wal71ah-1.jpg","datePublished":"2026-01-22T14:01:54+00:00","dateModified":"2026-02-03T15:05:30+00:00","breadcrumb":{"@id":"https:\/\/mekulo.com\/no\/produkt\/taskeveske-i-nylon-med-stor-kapasitet\/#breadcrumb"},"inLanguage":"nb-NO","potentialAction":[{"@type":"ReadAction","target":["https:\/\/mekulo.com\/no\/produkt\/taskeveske-i-nylon-med-stor-kapasitet\/"]}]},{"@type":"ImageObject","inLanguage":"nb-NO","@id":"https:\/\/mekulo.com\/no\/produkt\/taskeveske-i-nylon-med-stor-kapasitet\/#primaryimage","url":"https:\/\/mekulo.com\/no\/wp-content\/uploads\/sites\/10\/2026\/01\/wal71ah-1.jpg","contentUrl":"https:\/\/mekulo.com\/no\/wp-content\/uploads\/sites\/10\/2026\/01\/wal71ah-1.jpg","width":600,"height":800},{"@type":"BreadcrumbList","@id":"https:\/\/mekulo.com\/no\/produkt\/taskeveske-i-nylon-med-stor-kapasitet\/#breadcrumb","itemListElement":[{"@type":"ListItem","position":1,"name":"Home","item":"https:\/\/mekulo.com\/no\/"},{"@type":"ListItem","position":2,"name":"Butikk","item":"https:\/\/mekulo.com\/no\/butikk\/"},{"@type":"ListItem","position":3,"name":"Taskeveske i nylon med stor kapasitet"}]},{"@type":"WebSite","@id":"https:\/\/mekulo.com\/no\/#website","url":"https:\/\/mekulo.com\/no\/","name":"Mekulo NO","description":"","publisher":{"@id":"https:\/\/mekulo.com\/no\/#organization"},"potentialAction":[{"@type":"SearchAction","target":{"@type":"EntryPoint","urlTemplate":"https:\/\/mekulo.com\/no\/?s={search_term_string}"},"query-input":{"@type":"PropertyValueSpecification","valueRequired":true,"valueName":"search_term_string"}}],"inLanguage":"nb-NO"},{"@type":"Organization","@id":"https:\/\/mekulo.com\/no\/#organization","name":"Mekulo","url":"https:\/\/mekulo.com\/no\/","logo":{"@type":"ImageObject","inLanguage":"nb-NO","@id":"https:\/\/mekulo.com\/no\/#\/schema\/logo\/image\/","url":"https:\/\/mekulo.com\/no\/wp-content\/uploads\/sites\/10\/2025\/12\/favicon_mekulo.png","contentUrl":"https:\/\/mekulo.com\/no\/wp-content\/uploads\/sites\/10\/2025\/12\/favicon_mekulo.png","width":50,"height":50,"caption":"Mekulo"},"image":{"@id":"https:\/\/mekulo.com\/no\/#\/schema\/logo\/image\/"}}]}},"_links":{"self":[{"href":"https:\/\/mekulo.com\/no\/wp-json\/wp\/v2\/product\/19183","targetHints":{"allow":["GET"]}}],"collection":[{"href":"https:\/\/mekulo.com\/no\/wp-json\/wp\/v2\/product"}],"about":[{"href":"https:\/\/mekulo.com\/no\/wp-json\/wp\/v2\/types\/product"}],"replies":[{"embeddable":true,"href":"https:\/\/mekulo.com\/no\/wp-json\/wp\/v2\/comments?post=19183"}],"wp:featuredmedia":[{"embeddable":true,"href":"https:\/\/mekulo.com\/no\/wp-json\/wp\/v2\/media\/19179"}],"wp:attachment":[{"href":"https:\/\/mekulo.com\/no\/wp-json\/wp\/v2\/media?parent=19183"}],"wp:term":[{"taxonomy":"product_brand","embeddable":true,"href":"https:\/\/mekulo.com\/no\/wp-json\/wp\/v2\/product_brand?post=19183"},{"taxonomy":"product_cat","embeddable":true,"href":"https:\/\/mekulo.com\/no\/wp-json\/wp\/v2\/product_cat?post=19183"},{"taxonomy":"product_tag","embeddable":true,"href":"https:\/\/mekulo.com\/no\/wp-json\/wp\/v2\/product_tag?post=19183"}],"curies":[{"name":"wp","href":"https:\/\/api.w.org\/{rel}","templated":true}]}}