{"id":19158,"date":"2026-01-22T15:58:10","date_gmt":"2026-01-22T13:58:10","guid":{"rendered":"https:\/\/mekulo.com\/no\/produkt\/mini-bilcymbal\/"},"modified":"2026-01-26T22:31:33","modified_gmt":"2026-01-26T20:31:33","slug":"mini-bilcymbal","status":"publish","type":"product","link":"https:\/\/mekulo.com\/no\/produkt\/mini-bilcymbal\/","title":{"rendered":"Mini bilcymbal"},"content":{"rendered":"<p style=\"text-align: center;\" data-start=\"0\" data-end=\"80\"><strong data-start=\"0\" data-end=\"80\">Legg til morsomme rytmer p\u00e5 kj\u00f8returen med et mini-cymbal som passer rett inn i bilen. \ud83d\ude98<\/strong><\/p>\n<p data-start=\"0\" data-end=\"80\"><img fetchpriority=\"high\" decoding=\"async\" class=\"size-full wp-image-21447 aligncenter\" src=\"https:\/\/mekulo.com\/template\/wp-content\/uploads\/sites\/6\/2026\/01\/127161c2470beaed3b48210919dcd94702ab6bf7.jpg\" alt=\"\" width=\"1080\" height=\"1080\" \/><\/p>\n<h2 style=\"text-align: center;\" data-start=\"342\" data-end=\"362\">Hovedfordeler \ud83e\udd41<\/h2>\n<p data-start=\"365\" data-end=\"442\">\ud83c\udfb6 Morsom underholdning i bilen &#8211; Sl\u00e5 rytmer n\u00e5r som helst n\u00e5r bilen er parkert.<\/p>\n<p data-start=\"445\" data-end=\"500\">\ud83d\udd14 Ekte metalllyd &#8211; Skarp og klar cymbaltone.<\/p>\n<p data-start=\"503\" data-end=\"566\">\ud83d\ude97 Ventilasjonsmontert design &#8211; Passer sikkert til de fleste luftventiler i bilen.<\/p>\n<p data-start=\"569\" data-end=\"633\">\ud83e\uddf2 Stabil og justerbar &#8211; L\u00e5ser seg p\u00e5 plass i riktig vinkel.<\/p>\n<p data-start=\"636\" data-end=\"693\">\ud83e\uddf3 Liten, men kraftig &#8211; Kompakt st\u00f8rrelse med stor lyd.<\/p>\n<p data-start=\"696\" data-end=\"758\">\ud83c\udf81 Perfekt gaveide &#8211; Flott for trommeslagere og musikkfans.<\/p>\n<p data-start=\"696\" data-end=\"758\"><img decoding=\"async\" class=\"size-full wp-image-21448 aligncenter\" src=\"https:\/\/mekulo.com\/template\/wp-content\/uploads\/sites\/6\/2026\/01\/c76debcb25d23d0bf546d68a9e08a884673b2f24.jpg\" alt=\"\" width=\"1080\" height=\"1080\" \/><\/p>\n<h2 style=\"text-align: center;\" data-start=\"765\" data-end=\"779\">Hvordan du bruker \ud83d\udccc<\/h2>\n<ol data-start=\"780\" data-end=\"1024\">\n<li data-start=\"780\" data-end=\"841\">\n<p data-start=\"783\" data-end=\"841\">Feste cymbalholderen til en luftventil eller dashbord i bilen.<\/p>\n<\/li>\n<li data-start=\"842\" data-end=\"886\">\n<p data-start=\"845\" data-end=\"886\">Juster armen til \u00f8nsket vinkel.<\/p>\n<\/li>\n<li data-start=\"887\" data-end=\"923\">\n<p data-start=\"890\" data-end=\"923\">S\u00f8rg for at den er godt festet.<\/p>\n<\/li>\n<li data-start=\"924\" data-end=\"974\">\n<p data-start=\"927\" data-end=\"974\">Bank forsiktig p\u00e5 cymbalen n\u00e5r bilen er parkert.<\/p>\n<\/li>\n<li data-start=\"975\" data-end=\"1024\">\n<p data-start=\"978\" data-end=\"1024\">Nyt lett rytmespill uten tung kraft.<\/p>\n<\/li>\n<\/ol>\n<h2 style=\"text-align: center;\" data-start=\"1031\" data-end=\"1050\">Produktdetaljer \ud83d\udccf<\/h2>\n<ul data-start=\"1051\" data-end=\"1359\">\n<li data-start=\"1085\" data-end=\"1112\">\n<p data-start=\"1087\" data-end=\"1112\">Materiale: ABS og legering<\/p>\n<\/li>\n<li data-start=\"1113\" data-end=\"1151\">\n<p data-start=\"1115\" data-end=\"1151\">Lydtype: Metallcymbalresonans<\/p>\n<\/li>\n<li data-start=\"1152\" data-end=\"1211\">\n<p data-start=\"1154\" data-end=\"1211\">Installasjonssted: Luftventil eller instrumentpanel i bilen<\/p>\n<\/li>\n<li data-start=\"1212\" data-end=\"1232\">\n<p data-start=\"1214\" data-end=\"1232\">St\u00f8rrelse: H\u00e5ndflatest\u00f8rrelse<\/p>\n<\/li>\n<li data-start=\"1233\" data-end=\"1267\">\n<p data-start=\"1235\" data-end=\"1267\">Pakningsst\u00f8rrelse: 15 x 14 x 3,5 cm<\/p>\n<\/li>\n<li data-start=\"1268\" data-end=\"1293\">\n<p data-start=\"1270\" data-end=\"1293\">Pakningsvekt: 108 g<\/p>\n<\/li>\n<li data-start=\"1294\" data-end=\"1359\">\n<p data-start=\"1296\" data-end=\"1359\">Bemerkninger: Kun for lett banking; bruk n\u00e5r kj\u00f8ret\u00f8yet st\u00e5r stille<\/p>\n<\/li>\n<\/ul>\n<h2 style=\"text-align: center;\" data-start=\"1366\" data-end=\"1386\">Pakken inkluderer \ud83d\udce6<\/h2>\n<ul data-start=\"1387\" data-end=\"1427\" data-is-last-node=\"\" data-is-only-node=\"\">\n<li data-start=\"1387\" data-end=\"1427\" data-is-last-node=\"\">\n<p data-start=\"1389\" data-end=\"1427\" data-is-last-node=\"\">1, 2, 3x mini bilcymbaler.<\/p>\n<\/li>\n<\/ul>\n","protected":false},"excerpt":{"rendered":"<p>\ud83e\udd41Denne mini-bilcymbalen er en liten, ventilasjonsmontert cymbal designet for \u00e5 bringe lett trommemoro til bilen din n\u00e5r den er parkert.<br \/>\n\ud83c\udfb6Laget med ekte metallresonans, gj\u00f8r den kjedelige \u00f8yeblikk til leken rytmetid og er en unik gave til trommeslagere og musikkelskere.<br \/>\n\ud83d\ude97Den kompakte designen gir personlighet uten \u00e5 blokkere luftstr\u00f8mmen eller ta opp plass.<\/p>\n","protected":false},"featured_media":19154,"comment_status":"open","ping_status":"closed","template":"","meta":{"site-sidebar-layout":"default","site-content-layout":"","ast-site-content-layout":"default","site-content-style":"default","site-sidebar-style":"default","ast-global-header-display":"","ast-banner-title-visibility":"","ast-main-header-display":"","ast-hfb-above-header-display":"","ast-hfb-below-header-display":"","ast-hfb-mobile-header-display":"","site-post-title":"","ast-breadcrumbs-content":"","ast-featured-img":"","footer-sml-layout":"","theme-transparent-header-meta":"default","adv-header-id-meta":"","stick-header-meta":"","header-above-stick-meta":"","header-main-stick-meta":"","header-below-stick-meta":"","astra-migrate-meta-layouts":"set","ast-page-background-enabled":"default","ast-page-background-meta":{"desktop":{"background-color":"var(--ast-global-color-5)","background-image":"","background-repeat":"repeat","background-position":"center center","background-size":"auto","background-attachment":"scroll","background-type":"","background-media":"","overlay-type":"","overlay-color":"","overlay-opacity":"","overlay-gradient":""},"tablet":{"background-color":"","background-image":"","background-repeat":"repeat","background-position":"center center","background-size":"auto","background-attachment":"scroll","background-type":"","background-media":"","overlay-type":"","overlay-color":"","overlay-opacity":"","overlay-gradient":""},"mobile":{"background-color":"","background-image":"","background-repeat":"repeat","background-position":"center center","background-size":"auto","background-attachment":"scroll","background-type":"","background-media":"","overlay-type":"","overlay-color":"","overlay-opacity":"","overlay-gradient":""}},"ast-content-background-meta":{"desktop":{"background-color":"var(--ast-global-color-4)","background-image":"","background-repeat":"repeat","background-position":"center center","background-size":"auto","background-attachment":"scroll","background-type":"","background-media":"","overlay-type":"","overlay-color":"","overlay-opacity":"","overlay-gradient":""},"tablet":{"background-color":"var(--ast-global-color-4)","background-image":"","background-repeat":"repeat","background-position":"center center","background-size":"auto","background-attachment":"scroll","background-type":"","background-media":"","overlay-type":"","overlay-color":"","overlay-opacity":"","overlay-gradient":""},"mobile":{"background-color":"var(--ast-global-color-4)","background-image":"","background-repeat":"repeat","background-position":"center center","background-size":"auto","background-attachment":"scroll","background-type":"","background-media":"","overlay-type":"","overlay-color":"","overlay-opacity":"","overlay-gradient":""}}},"product_brand":[],"product_cat":[161],"product_tag":[],"class_list":{"0":"post-19158","1":"product","2":"type-product","3":"status-publish","4":"has-post-thumbnail","6":"product_cat-bilprodukter","7":"pa_51469_ba5k59br-gull","8":"pa_51469_ba5k59br-solv","9":"pa_51469_tfhiceg3-1-stk","10":"pa_51469_tfhiceg3-2-stk","11":"pa_51469_tfhiceg3-3-stk","12":"desktop-align-left","13":"tablet-align-left","14":"mobile-align-left","16":"first","17":"instock","18":"shipping-taxable","19":"purchasable","20":"product-type-variable","21":"has-default-attributes"},"yoast_head":"<!-- This site is optimized with the Yoast SEO plugin v26.6 - https:\/\/yoast.com\/wordpress\/plugins\/seo\/ -->\n<title>Mini bilcymbal - Mekulo NO<\/title>\n<meta name=\"robots\" content=\"index, follow, max-snippet:-1, max-image-preview:large, max-video-preview:-1\" \/>\n<link rel=\"canonical\" href=\"https:\/\/mekulo.com\/no\/produkt\/mini-bilcymbal\/\" \/>\n<meta property=\"og:locale\" content=\"nb_NO\" \/>\n<meta property=\"og:type\" content=\"article\" \/>\n<meta property=\"og:title\" content=\"Mini bilcymbal - Mekulo NO\" \/>\n<meta property=\"og:description\" content=\"\ud83e\udd41Denne mini-bilcymbalen er en liten, ventilasjonsmontert cymbal designet for \u00e5 bringe lett trommemoro til bilen din n\u00e5r den er parkert. \ud83c\udfb6Laget med ekte metallresonans, gj\u00f8r den kjedelige \u00f8yeblikk til leken rytmetid og er en unik gave til trommeslagere og musikkelskere. \ud83d\ude97Den kompakte designen gir personlighet uten \u00e5 blokkere luftstr\u00f8mmen eller ta opp plass.\" \/>\n<meta property=\"og:url\" content=\"https:\/\/mekulo.com\/no\/produkt\/mini-bilcymbal\/\" \/>\n<meta property=\"og:site_name\" content=\"Mekulo NO\" \/>\n<meta property=\"article:modified_time\" content=\"2026-01-26T20:31:33+00:00\" \/>\n<meta property=\"og:image\" content=\"https:\/\/mekulo.com\/no\/wp-content\/uploads\/sites\/10\/2026\/01\/0ttnv34-1.jpg\" \/>\n\t<meta property=\"og:image:width\" content=\"679\" \/>\n\t<meta property=\"og:image:height\" content=\"648\" \/>\n\t<meta property=\"og:image:type\" content=\"image\/jpeg\" \/>\n<meta name=\"twitter:card\" content=\"summary_large_image\" \/>\n<meta name=\"twitter:label1\" content=\"Ansl. lesetid\" \/>\n\t<meta name=\"twitter:data1\" content=\"2 minutter\" \/>\n<script type=\"application\/ld+json\" class=\"yoast-schema-graph\">{\"@context\":\"https:\/\/schema.org\",\"@graph\":[{\"@type\":\"WebPage\",\"@id\":\"https:\/\/mekulo.com\/no\/produkt\/mini-bilcymbal\/\",\"url\":\"https:\/\/mekulo.com\/no\/produkt\/mini-bilcymbal\/\",\"name\":\"Mini bilcymbal - Mekulo NO\",\"isPartOf\":{\"@id\":\"https:\/\/mekulo.com\/no\/#website\"},\"primaryImageOfPage\":{\"@id\":\"https:\/\/mekulo.com\/no\/produkt\/mini-bilcymbal\/#primaryimage\"},\"image\":{\"@id\":\"https:\/\/mekulo.com\/no\/produkt\/mini-bilcymbal\/#primaryimage\"},\"thumbnailUrl\":\"https:\/\/mekulo.com\/no\/wp-content\/uploads\/sites\/10\/2026\/01\/0ttnv34-1.jpg\",\"datePublished\":\"2026-01-22T13:58:10+00:00\",\"dateModified\":\"2026-01-26T20:31:33+00:00\",\"breadcrumb\":{\"@id\":\"https:\/\/mekulo.com\/no\/produkt\/mini-bilcymbal\/#breadcrumb\"},\"inLanguage\":\"nb-NO\",\"potentialAction\":[{\"@type\":\"ReadAction\",\"target\":[\"https:\/\/mekulo.com\/no\/produkt\/mini-bilcymbal\/\"]}]},{\"@type\":\"ImageObject\",\"inLanguage\":\"nb-NO\",\"@id\":\"https:\/\/mekulo.com\/no\/produkt\/mini-bilcymbal\/#primaryimage\",\"url\":\"https:\/\/mekulo.com\/no\/wp-content\/uploads\/sites\/10\/2026\/01\/0ttnv34-1.jpg\",\"contentUrl\":\"https:\/\/mekulo.com\/no\/wp-content\/uploads\/sites\/10\/2026\/01\/0ttnv34-1.jpg\",\"width\":679,\"height\":648},{\"@type\":\"BreadcrumbList\",\"@id\":\"https:\/\/mekulo.com\/no\/produkt\/mini-bilcymbal\/#breadcrumb\",\"itemListElement\":[{\"@type\":\"ListItem\",\"position\":1,\"name\":\"Home\",\"item\":\"https:\/\/mekulo.com\/no\/\"},{\"@type\":\"ListItem\",\"position\":2,\"name\":\"Butikk\",\"item\":\"https:\/\/mekulo.com\/no\/butikk\/\"},{\"@type\":\"ListItem\",\"position\":3,\"name\":\"Mini bilcymbal\"}]},{\"@type\":\"WebSite\",\"@id\":\"https:\/\/mekulo.com\/no\/#website\",\"url\":\"https:\/\/mekulo.com\/no\/\",\"name\":\"Mekulo NO\",\"description\":\"\",\"publisher\":{\"@id\":\"https:\/\/mekulo.com\/no\/#organization\"},\"potentialAction\":[{\"@type\":\"SearchAction\",\"target\":{\"@type\":\"EntryPoint\",\"urlTemplate\":\"https:\/\/mekulo.com\/no\/?s={search_term_string}\"},\"query-input\":{\"@type\":\"PropertyValueSpecification\",\"valueRequired\":true,\"valueName\":\"search_term_string\"}}],\"inLanguage\":\"nb-NO\"},{\"@type\":\"Organization\",\"@id\":\"https:\/\/mekulo.com\/no\/#organization\",\"name\":\"Mekulo\",\"url\":\"https:\/\/mekulo.com\/no\/\",\"logo\":{\"@type\":\"ImageObject\",\"inLanguage\":\"nb-NO\",\"@id\":\"https:\/\/mekulo.com\/no\/#\/schema\/logo\/image\/\",\"url\":\"https:\/\/mekulo.com\/no\/wp-content\/uploads\/sites\/10\/2025\/12\/favicon_mekulo.png\",\"contentUrl\":\"https:\/\/mekulo.com\/no\/wp-content\/uploads\/sites\/10\/2025\/12\/favicon_mekulo.png\",\"width\":50,\"height\":50,\"caption\":\"Mekulo\"},\"image\":{\"@id\":\"https:\/\/mekulo.com\/no\/#\/schema\/logo\/image\/\"}}]}<\/script>\n<!-- \/ Yoast SEO plugin. -->","yoast_head_json":{"title":"Mini bilcymbal - Mekulo NO","robots":{"index":"index","follow":"follow","max-snippet":"max-snippet:-1","max-image-preview":"max-image-preview:large","max-video-preview":"max-video-preview:-1"},"canonical":"https:\/\/mekulo.com\/no\/produkt\/mini-bilcymbal\/","og_locale":"nb_NO","og_type":"article","og_title":"Mini bilcymbal - Mekulo NO","og_description":"\ud83e\udd41Denne mini-bilcymbalen er en liten, ventilasjonsmontert cymbal designet for \u00e5 bringe lett trommemoro til bilen din n\u00e5r den er parkert. \ud83c\udfb6Laget med ekte metallresonans, gj\u00f8r den kjedelige \u00f8yeblikk til leken rytmetid og er en unik gave til trommeslagere og musikkelskere. \ud83d\ude97Den kompakte designen gir personlighet uten \u00e5 blokkere luftstr\u00f8mmen eller ta opp plass.","og_url":"https:\/\/mekulo.com\/no\/produkt\/mini-bilcymbal\/","og_site_name":"Mekulo NO","article_modified_time":"2026-01-26T20:31:33+00:00","og_image":[{"width":679,"height":648,"url":"https:\/\/mekulo.com\/no\/wp-content\/uploads\/sites\/10\/2026\/01\/0ttnv34-1.jpg","type":"image\/jpeg"}],"twitter_card":"summary_large_image","twitter_misc":{"Ansl. lesetid":"2 minutter"},"schema":{"@context":"https:\/\/schema.org","@graph":[{"@type":"WebPage","@id":"https:\/\/mekulo.com\/no\/produkt\/mini-bilcymbal\/","url":"https:\/\/mekulo.com\/no\/produkt\/mini-bilcymbal\/","name":"Mini bilcymbal - Mekulo NO","isPartOf":{"@id":"https:\/\/mekulo.com\/no\/#website"},"primaryImageOfPage":{"@id":"https:\/\/mekulo.com\/no\/produkt\/mini-bilcymbal\/#primaryimage"},"image":{"@id":"https:\/\/mekulo.com\/no\/produkt\/mini-bilcymbal\/#primaryimage"},"thumbnailUrl":"https:\/\/mekulo.com\/no\/wp-content\/uploads\/sites\/10\/2026\/01\/0ttnv34-1.jpg","datePublished":"2026-01-22T13:58:10+00:00","dateModified":"2026-01-26T20:31:33+00:00","breadcrumb":{"@id":"https:\/\/mekulo.com\/no\/produkt\/mini-bilcymbal\/#breadcrumb"},"inLanguage":"nb-NO","potentialAction":[{"@type":"ReadAction","target":["https:\/\/mekulo.com\/no\/produkt\/mini-bilcymbal\/"]}]},{"@type":"ImageObject","inLanguage":"nb-NO","@id":"https:\/\/mekulo.com\/no\/produkt\/mini-bilcymbal\/#primaryimage","url":"https:\/\/mekulo.com\/no\/wp-content\/uploads\/sites\/10\/2026\/01\/0ttnv34-1.jpg","contentUrl":"https:\/\/mekulo.com\/no\/wp-content\/uploads\/sites\/10\/2026\/01\/0ttnv34-1.jpg","width":679,"height":648},{"@type":"BreadcrumbList","@id":"https:\/\/mekulo.com\/no\/produkt\/mini-bilcymbal\/#breadcrumb","itemListElement":[{"@type":"ListItem","position":1,"name":"Home","item":"https:\/\/mekulo.com\/no\/"},{"@type":"ListItem","position":2,"name":"Butikk","item":"https:\/\/mekulo.com\/no\/butikk\/"},{"@type":"ListItem","position":3,"name":"Mini bilcymbal"}]},{"@type":"WebSite","@id":"https:\/\/mekulo.com\/no\/#website","url":"https:\/\/mekulo.com\/no\/","name":"Mekulo NO","description":"","publisher":{"@id":"https:\/\/mekulo.com\/no\/#organization"},"potentialAction":[{"@type":"SearchAction","target":{"@type":"EntryPoint","urlTemplate":"https:\/\/mekulo.com\/no\/?s={search_term_string}"},"query-input":{"@type":"PropertyValueSpecification","valueRequired":true,"valueName":"search_term_string"}}],"inLanguage":"nb-NO"},{"@type":"Organization","@id":"https:\/\/mekulo.com\/no\/#organization","name":"Mekulo","url":"https:\/\/mekulo.com\/no\/","logo":{"@type":"ImageObject","inLanguage":"nb-NO","@id":"https:\/\/mekulo.com\/no\/#\/schema\/logo\/image\/","url":"https:\/\/mekulo.com\/no\/wp-content\/uploads\/sites\/10\/2025\/12\/favicon_mekulo.png","contentUrl":"https:\/\/mekulo.com\/no\/wp-content\/uploads\/sites\/10\/2025\/12\/favicon_mekulo.png","width":50,"height":50,"caption":"Mekulo"},"image":{"@id":"https:\/\/mekulo.com\/no\/#\/schema\/logo\/image\/"}}]}},"_links":{"self":[{"href":"https:\/\/mekulo.com\/no\/wp-json\/wp\/v2\/product\/19158","targetHints":{"allow":["GET"]}}],"collection":[{"href":"https:\/\/mekulo.com\/no\/wp-json\/wp\/v2\/product"}],"about":[{"href":"https:\/\/mekulo.com\/no\/wp-json\/wp\/v2\/types\/product"}],"replies":[{"embeddable":true,"href":"https:\/\/mekulo.com\/no\/wp-json\/wp\/v2\/comments?post=19158"}],"wp:featuredmedia":[{"embeddable":true,"href":"https:\/\/mekulo.com\/no\/wp-json\/wp\/v2\/media\/19154"}],"wp:attachment":[{"href":"https:\/\/mekulo.com\/no\/wp-json\/wp\/v2\/media?parent=19158"}],"wp:term":[{"taxonomy":"product_brand","embeddable":true,"href":"https:\/\/mekulo.com\/no\/wp-json\/wp\/v2\/product_brand?post=19158"},{"taxonomy":"product_cat","embeddable":true,"href":"https:\/\/mekulo.com\/no\/wp-json\/wp\/v2\/product_cat?post=19158"},{"taxonomy":"product_tag","embeddable":true,"href":"https:\/\/mekulo.com\/no\/wp-json\/wp\/v2\/product_tag?post=19158"}],"curies":[{"name":"wp","href":"https:\/\/api.w.org\/{rel}","templated":true}]}}