{"id":19113,"date":"2026-01-22T15:54:26","date_gmt":"2026-01-22T13:54:26","guid":{"rendered":"https:\/\/mekulo.com\/no\/produkt\/myk-skyklemme-3-stk\/"},"modified":"2026-01-26T22:27:10","modified_gmt":"2026-01-26T20:27:10","slug":"myk-skyklemme-3-stk","status":"publish","type":"product","link":"https:\/\/mekulo.com\/no\/produkt\/myk-skyklemme-3-stk\/","title":{"rendered":"Myk skyklemme (3 stk)"},"content":{"rendered":"<p style=\"text-align: center;\" data-start=\"0\" data-end=\"69\"><strong data-start=\"0\" data-end=\"69\">Holder h\u00e5ret sikkert p\u00e5 plass hele dagen med myk, trykkfri komfort. \ud83d\udc71\u200d\u2640\ufe0f<\/strong><\/p>\n<p data-start=\"0\" data-end=\"69\"><img fetchpriority=\"high\" decoding=\"async\" class=\"size-full wp-image-21407 aligncenter\" src=\"https:\/\/mekulo.com\/template\/wp-content\/uploads\/sites\/6\/2026\/01\/Sea4b7ed93ad5423a85b454ebecc75f25W.jpg_960x960q75.jpg_.jpg\" alt=\"\" width=\"1080\" height=\"1080\" \/><\/p>\n<h2 style=\"text-align: center;\" data-start=\"344\" data-end=\"364\">Hovedfordeler \u2601\ufe0f<\/h2>\n<p data-start=\"367\" data-end=\"428\">\ud83d\udc86 Myk og behagelig &#8211; Ingen smerter i hodebunnen eller trekk i h\u00e5ret.<\/p>\n<p data-start=\"431\" data-end=\"481\">\ud83d\udd12 Sterkt grep &#8211; Holder h\u00e5ret sikkert hele dagen.<\/p>\n<p data-start=\"484\" data-end=\"543\">\u2728 Stilig geometrisk design &#8211; Rent, moderne matt utseende.<\/p>\n<p data-start=\"546\" data-end=\"607\">\ud83c\udf3f H\u00e5rvennlig materiale &#8211; Fleksibelt og sk\u00e5nsomt mot h\u00e5ret.<\/p>\n<p data-start=\"610\" data-end=\"666\">\ud83c\udf92 Lett og b\u00e6rbar &#8211; Lett \u00e5 ta med seg hvor som helst.<\/p>\n<p data-start=\"669\" data-end=\"732\">\ud83d\udc69 Laget for alle h\u00e5rtyper &#8211; Fungerer for tykt eller fint h\u00e5r.<\/p>\n<p data-start=\"669\" data-end=\"732\"><img decoding=\"async\" class=\"size-full wp-image-21412 aligncenter\" src=\"https:\/\/mekulo.com\/template\/wp-content\/uploads\/sites\/6\/2026\/01\/S812909067673412c91f8ce7e1bf26508V.jpg_960x960q75.jpg_.avif\" alt=\"\" width=\"960\" height=\"960\" \/><\/p>\n<h2 style=\"text-align: center;\" data-start=\"739\" data-end=\"753\">Hvordan du bruker \ud83d\udccc<\/h2>\n<ol data-start=\"754\" data-end=\"953\">\n<li data-start=\"754\" data-end=\"780\">\n<p data-start=\"757\" data-end=\"780\">\u00c5pne klippet forsiktig.<\/p>\n<\/li>\n<li data-start=\"781\" data-end=\"826\">\n<p data-start=\"784\" data-end=\"826\">Samle h\u00e5ret ditt i \u00f8nsket stil.<\/p>\n<\/li>\n<li data-start=\"827\" data-end=\"870\">\n<p data-start=\"830\" data-end=\"870\">Plasser klippet over h\u00e5rseksjonen.<\/p>\n<\/li>\n<li data-start=\"871\" data-end=\"909\">\n<p data-start=\"874\" data-end=\"909\">Slipp for \u00e5 sikre frisyren din.<\/p>\n<\/li>\n<li data-start=\"910\" data-end=\"953\">\n<p data-start=\"913\" data-end=\"953\">Juster litt for komfort om n\u00f8dvendig.<\/p>\n<\/li>\n<\/ol>\n<h2 style=\"text-align: center;\" data-start=\"960\" data-end=\"979\">Produktdetaljer \ud83d\udccf<\/h2>\n<ul data-start=\"980\" data-end=\"1201\">\n<li data-start=\"1014\" data-end=\"1044\">\n<p data-start=\"1016\" data-end=\"1044\">Materiale: TPR av h\u00f8y kvalitet<\/p>\n<\/li>\n<li data-start=\"1063\" data-end=\"1084\">\n<p data-start=\"1065\" data-end=\"1084\">Design: Geometrisk<\/p>\n<\/li>\n<li data-start=\"1085\" data-end=\"1145\">\n<p data-start=\"1087\" data-end=\"1145\">St\u00f8rrelse: 10,5 x 4 cm<\/p>\n<\/li>\n<li data-start=\"1146\" data-end=\"1163\">\n<p data-start=\"1148\" data-end=\"1163\">Kj\u00f8nn: Kvinner<\/p>\n<\/li>\n<li data-start=\"1164\" data-end=\"1201\">\n<p data-start=\"1166\" data-end=\"1201\">Bruk: Uformelle og formelle frisyrer<\/p>\n<\/li>\n<\/ul>\n<h2 style=\"text-align: center;\" data-start=\"1208\" data-end=\"1228\">Pakken inkluderer \ud83d\udce6<\/h2>\n<ul data-start=\"1229\" data-end=\"1253\" data-is-last-node=\"\" data-is-only-node=\"\">\n<li data-start=\"1229\" data-end=\"1253\" data-is-last-node=\"\">\n<p data-start=\"1231\" data-end=\"1253\" data-is-last-node=\"\">3x myke skyklemmer.<\/p>\n<\/li>\n<\/ul>\n","protected":false},"excerpt":{"rendered":"<p>\ud83d\udc69Denne myke skyklemmen er en sk\u00e5nsom, men likevel sterk h\u00e5rklemme designet for \u00e5 holde frisyren p\u00e5 plass uten \u00e5 trekke eller smerter i hodebunnen.<br \/>\n\ud83c\udf80Laget av TPR-materiale av h\u00f8y kvalitet, gir den en myk ber\u00f8ring med et sikkert grep, noe som gj\u00f8r den perfekt for daglig bruk, arbeid eller spesielle anledninger.<br \/>\n\ud83d\udc86\u200d\u2640\ufe0fDu kan bruke den hele dagen komfortabelt uten \u00e5 f\u00f8le trykk p\u00e5 hodet.<\/p>\n","protected":false},"featured_media":19109,"comment_status":"open","ping_status":"closed","template":"","meta":{"site-sidebar-layout":"default","site-content-layout":"","ast-site-content-layout":"default","site-content-style":"default","site-sidebar-style":"default","ast-global-header-display":"","ast-banner-title-visibility":"","ast-main-header-display":"","ast-hfb-above-header-display":"","ast-hfb-below-header-display":"","ast-hfb-mobile-header-display":"","site-post-title":"","ast-breadcrumbs-content":"","ast-featured-img":"","footer-sml-layout":"","theme-transparent-header-meta":"default","adv-header-id-meta":"","stick-header-meta":"","header-above-stick-meta":"","header-main-stick-meta":"","header-below-stick-meta":"","astra-migrate-meta-layouts":"set","ast-page-background-enabled":"default","ast-page-background-meta":{"desktop":{"background-color":"var(--ast-global-color-5)","background-image":"","background-repeat":"repeat","background-position":"center center","background-size":"auto","background-attachment":"scroll","background-type":"","background-media":"","overlay-type":"","overlay-color":"","overlay-opacity":"","overlay-gradient":""},"tablet":{"background-color":"","background-image":"","background-repeat":"repeat","background-position":"center center","background-size":"auto","background-attachment":"scroll","background-type":"","background-media":"","overlay-type":"","overlay-color":"","overlay-opacity":"","overlay-gradient":""},"mobile":{"background-color":"","background-image":"","background-repeat":"repeat","background-position":"center center","background-size":"auto","background-attachment":"scroll","background-type":"","background-media":"","overlay-type":"","overlay-color":"","overlay-opacity":"","overlay-gradient":""}},"ast-content-background-meta":{"desktop":{"background-color":"var(--ast-global-color-4)","background-image":"","background-repeat":"repeat","background-position":"center center","background-size":"auto","background-attachment":"scroll","background-type":"","background-media":"","overlay-type":"","overlay-color":"","overlay-opacity":"","overlay-gradient":""},"tablet":{"background-color":"var(--ast-global-color-4)","background-image":"","background-repeat":"repeat","background-position":"center center","background-size":"auto","background-attachment":"scroll","background-type":"","background-media":"","overlay-type":"","overlay-color":"","overlay-opacity":"","overlay-gradient":""},"mobile":{"background-color":"var(--ast-global-color-4)","background-image":"","background-repeat":"repeat","background-position":"center center","background-size":"auto","background-attachment":"scroll","background-type":"","background-media":"","overlay-type":"","overlay-color":"","overlay-opacity":"","overlay-gradient":""}}},"product_brand":[],"product_cat":[165,162],"product_tag":[],"class_list":{"0":"post-19113","1":"product","2":"type-product","3":"status-publish","4":"has-post-thumbnail","6":"product_cat-fottoy-tilbehor","7":"product_cat-skjonnhets-og-hygieneprodukter","8":"pa_51445_wxycyevx-hvit","9":"pa_51445_wxycyevx-khaki","10":"pa_51445_wxycyevx-rod","11":"pa_51445_wxycyevx-svart","12":"desktop-align-left","13":"tablet-align-left","14":"mobile-align-left","16":"first","17":"instock","18":"shipping-taxable","19":"purchasable","20":"product-type-variable"},"yoast_head":"<!-- This site is optimized with the Yoast SEO plugin v26.6 - https:\/\/yoast.com\/wordpress\/plugins\/seo\/ -->\n<title>Myk skyklemme (3 stk) - Mekulo NO<\/title>\n<meta name=\"robots\" content=\"index, follow, max-snippet:-1, max-image-preview:large, max-video-preview:-1\" \/>\n<link rel=\"canonical\" href=\"https:\/\/mekulo.com\/no\/produkt\/myk-skyklemme-3-stk\/\" \/>\n<meta property=\"og:locale\" content=\"nb_NO\" \/>\n<meta property=\"og:type\" content=\"article\" \/>\n<meta property=\"og:title\" content=\"Myk skyklemme (3 stk) - Mekulo NO\" \/>\n<meta property=\"og:description\" content=\"\ud83d\udc69Denne myke skyklemmen er en sk\u00e5nsom, men likevel sterk h\u00e5rklemme designet for \u00e5 holde frisyren p\u00e5 plass uten \u00e5 trekke eller smerter i hodebunnen. \ud83c\udf80Laget av TPR-materiale av h\u00f8y kvalitet, gir den en myk ber\u00f8ring med et sikkert grep, noe som gj\u00f8r den perfekt for daglig bruk, arbeid eller spesielle anledninger. \ud83d\udc86\u200d\u2640\ufe0fDu kan bruke den hele dagen komfortabelt uten \u00e5 f\u00f8le trykk p\u00e5 hodet.\" \/>\n<meta property=\"og:url\" content=\"https:\/\/mekulo.com\/no\/produkt\/myk-skyklemme-3-stk\/\" \/>\n<meta property=\"og:site_name\" content=\"Mekulo NO\" \/>\n<meta property=\"article:modified_time\" content=\"2026-01-26T20:27:10+00:00\" \/>\n<meta property=\"og:image\" content=\"https:\/\/mekulo.com\/no\/wp-content\/uploads\/sites\/10\/2026\/01\/ialusg7-1.webp\" \/>\n\t<meta property=\"og:image:width\" content=\"600\" \/>\n\t<meta property=\"og:image:height\" content=\"600\" \/>\n\t<meta property=\"og:image:type\" content=\"image\/webp\" \/>\n<meta name=\"twitter:card\" content=\"summary_large_image\" \/>\n<meta name=\"twitter:label1\" content=\"Ansl. lesetid\" \/>\n\t<meta name=\"twitter:data1\" content=\"2 minutter\" \/>\n<script type=\"application\/ld+json\" class=\"yoast-schema-graph\">{\"@context\":\"https:\/\/schema.org\",\"@graph\":[{\"@type\":\"WebPage\",\"@id\":\"https:\/\/mekulo.com\/no\/produkt\/myk-skyklemme-3-stk\/\",\"url\":\"https:\/\/mekulo.com\/no\/produkt\/myk-skyklemme-3-stk\/\",\"name\":\"Myk skyklemme (3 stk) - Mekulo NO\",\"isPartOf\":{\"@id\":\"https:\/\/mekulo.com\/no\/#website\"},\"primaryImageOfPage\":{\"@id\":\"https:\/\/mekulo.com\/no\/produkt\/myk-skyklemme-3-stk\/#primaryimage\"},\"image\":{\"@id\":\"https:\/\/mekulo.com\/no\/produkt\/myk-skyklemme-3-stk\/#primaryimage\"},\"thumbnailUrl\":\"https:\/\/mekulo.com\/no\/wp-content\/uploads\/sites\/10\/2026\/01\/ialusg7-1.webp\",\"datePublished\":\"2026-01-22T13:54:26+00:00\",\"dateModified\":\"2026-01-26T20:27:10+00:00\",\"breadcrumb\":{\"@id\":\"https:\/\/mekulo.com\/no\/produkt\/myk-skyklemme-3-stk\/#breadcrumb\"},\"inLanguage\":\"nb-NO\",\"potentialAction\":[{\"@type\":\"ReadAction\",\"target\":[\"https:\/\/mekulo.com\/no\/produkt\/myk-skyklemme-3-stk\/\"]}]},{\"@type\":\"ImageObject\",\"inLanguage\":\"nb-NO\",\"@id\":\"https:\/\/mekulo.com\/no\/produkt\/myk-skyklemme-3-stk\/#primaryimage\",\"url\":\"https:\/\/mekulo.com\/no\/wp-content\/uploads\/sites\/10\/2026\/01\/ialusg7-1.webp\",\"contentUrl\":\"https:\/\/mekulo.com\/no\/wp-content\/uploads\/sites\/10\/2026\/01\/ialusg7-1.webp\",\"width\":600,\"height\":600},{\"@type\":\"BreadcrumbList\",\"@id\":\"https:\/\/mekulo.com\/no\/produkt\/myk-skyklemme-3-stk\/#breadcrumb\",\"itemListElement\":[{\"@type\":\"ListItem\",\"position\":1,\"name\":\"Home\",\"item\":\"https:\/\/mekulo.com\/no\/\"},{\"@type\":\"ListItem\",\"position\":2,\"name\":\"Butikk\",\"item\":\"https:\/\/mekulo.com\/no\/butikk\/\"},{\"@type\":\"ListItem\",\"position\":3,\"name\":\"Myk skyklemme (3 stk)\"}]},{\"@type\":\"WebSite\",\"@id\":\"https:\/\/mekulo.com\/no\/#website\",\"url\":\"https:\/\/mekulo.com\/no\/\",\"name\":\"Mekulo NO\",\"description\":\"\",\"publisher\":{\"@id\":\"https:\/\/mekulo.com\/no\/#organization\"},\"potentialAction\":[{\"@type\":\"SearchAction\",\"target\":{\"@type\":\"EntryPoint\",\"urlTemplate\":\"https:\/\/mekulo.com\/no\/?s={search_term_string}\"},\"query-input\":{\"@type\":\"PropertyValueSpecification\",\"valueRequired\":true,\"valueName\":\"search_term_string\"}}],\"inLanguage\":\"nb-NO\"},{\"@type\":\"Organization\",\"@id\":\"https:\/\/mekulo.com\/no\/#organization\",\"name\":\"Mekulo\",\"url\":\"https:\/\/mekulo.com\/no\/\",\"logo\":{\"@type\":\"ImageObject\",\"inLanguage\":\"nb-NO\",\"@id\":\"https:\/\/mekulo.com\/no\/#\/schema\/logo\/image\/\",\"url\":\"https:\/\/mekulo.com\/no\/wp-content\/uploads\/sites\/10\/2025\/12\/favicon_mekulo.png\",\"contentUrl\":\"https:\/\/mekulo.com\/no\/wp-content\/uploads\/sites\/10\/2025\/12\/favicon_mekulo.png\",\"width\":50,\"height\":50,\"caption\":\"Mekulo\"},\"image\":{\"@id\":\"https:\/\/mekulo.com\/no\/#\/schema\/logo\/image\/\"}}]}<\/script>\n<!-- \/ Yoast SEO plugin. -->","yoast_head_json":{"title":"Myk skyklemme (3 stk) - Mekulo NO","robots":{"index":"index","follow":"follow","max-snippet":"max-snippet:-1","max-image-preview":"max-image-preview:large","max-video-preview":"max-video-preview:-1"},"canonical":"https:\/\/mekulo.com\/no\/produkt\/myk-skyklemme-3-stk\/","og_locale":"nb_NO","og_type":"article","og_title":"Myk skyklemme (3 stk) - Mekulo NO","og_description":"\ud83d\udc69Denne myke skyklemmen er en sk\u00e5nsom, men likevel sterk h\u00e5rklemme designet for \u00e5 holde frisyren p\u00e5 plass uten \u00e5 trekke eller smerter i hodebunnen. \ud83c\udf80Laget av TPR-materiale av h\u00f8y kvalitet, gir den en myk ber\u00f8ring med et sikkert grep, noe som gj\u00f8r den perfekt for daglig bruk, arbeid eller spesielle anledninger. \ud83d\udc86\u200d\u2640\ufe0fDu kan bruke den hele dagen komfortabelt uten \u00e5 f\u00f8le trykk p\u00e5 hodet.","og_url":"https:\/\/mekulo.com\/no\/produkt\/myk-skyklemme-3-stk\/","og_site_name":"Mekulo NO","article_modified_time":"2026-01-26T20:27:10+00:00","og_image":[{"width":600,"height":600,"url":"https:\/\/mekulo.com\/no\/wp-content\/uploads\/sites\/10\/2026\/01\/ialusg7-1.webp","type":"image\/webp"}],"twitter_card":"summary_large_image","twitter_misc":{"Ansl. lesetid":"2 minutter"},"schema":{"@context":"https:\/\/schema.org","@graph":[{"@type":"WebPage","@id":"https:\/\/mekulo.com\/no\/produkt\/myk-skyklemme-3-stk\/","url":"https:\/\/mekulo.com\/no\/produkt\/myk-skyklemme-3-stk\/","name":"Myk skyklemme (3 stk) - Mekulo NO","isPartOf":{"@id":"https:\/\/mekulo.com\/no\/#website"},"primaryImageOfPage":{"@id":"https:\/\/mekulo.com\/no\/produkt\/myk-skyklemme-3-stk\/#primaryimage"},"image":{"@id":"https:\/\/mekulo.com\/no\/produkt\/myk-skyklemme-3-stk\/#primaryimage"},"thumbnailUrl":"https:\/\/mekulo.com\/no\/wp-content\/uploads\/sites\/10\/2026\/01\/ialusg7-1.webp","datePublished":"2026-01-22T13:54:26+00:00","dateModified":"2026-01-26T20:27:10+00:00","breadcrumb":{"@id":"https:\/\/mekulo.com\/no\/produkt\/myk-skyklemme-3-stk\/#breadcrumb"},"inLanguage":"nb-NO","potentialAction":[{"@type":"ReadAction","target":["https:\/\/mekulo.com\/no\/produkt\/myk-skyklemme-3-stk\/"]}]},{"@type":"ImageObject","inLanguage":"nb-NO","@id":"https:\/\/mekulo.com\/no\/produkt\/myk-skyklemme-3-stk\/#primaryimage","url":"https:\/\/mekulo.com\/no\/wp-content\/uploads\/sites\/10\/2026\/01\/ialusg7-1.webp","contentUrl":"https:\/\/mekulo.com\/no\/wp-content\/uploads\/sites\/10\/2026\/01\/ialusg7-1.webp","width":600,"height":600},{"@type":"BreadcrumbList","@id":"https:\/\/mekulo.com\/no\/produkt\/myk-skyklemme-3-stk\/#breadcrumb","itemListElement":[{"@type":"ListItem","position":1,"name":"Home","item":"https:\/\/mekulo.com\/no\/"},{"@type":"ListItem","position":2,"name":"Butikk","item":"https:\/\/mekulo.com\/no\/butikk\/"},{"@type":"ListItem","position":3,"name":"Myk skyklemme (3 stk)"}]},{"@type":"WebSite","@id":"https:\/\/mekulo.com\/no\/#website","url":"https:\/\/mekulo.com\/no\/","name":"Mekulo NO","description":"","publisher":{"@id":"https:\/\/mekulo.com\/no\/#organization"},"potentialAction":[{"@type":"SearchAction","target":{"@type":"EntryPoint","urlTemplate":"https:\/\/mekulo.com\/no\/?s={search_term_string}"},"query-input":{"@type":"PropertyValueSpecification","valueRequired":true,"valueName":"search_term_string"}}],"inLanguage":"nb-NO"},{"@type":"Organization","@id":"https:\/\/mekulo.com\/no\/#organization","name":"Mekulo","url":"https:\/\/mekulo.com\/no\/","logo":{"@type":"ImageObject","inLanguage":"nb-NO","@id":"https:\/\/mekulo.com\/no\/#\/schema\/logo\/image\/","url":"https:\/\/mekulo.com\/no\/wp-content\/uploads\/sites\/10\/2025\/12\/favicon_mekulo.png","contentUrl":"https:\/\/mekulo.com\/no\/wp-content\/uploads\/sites\/10\/2025\/12\/favicon_mekulo.png","width":50,"height":50,"caption":"Mekulo"},"image":{"@id":"https:\/\/mekulo.com\/no\/#\/schema\/logo\/image\/"}}]}},"_links":{"self":[{"href":"https:\/\/mekulo.com\/no\/wp-json\/wp\/v2\/product\/19113","targetHints":{"allow":["GET"]}}],"collection":[{"href":"https:\/\/mekulo.com\/no\/wp-json\/wp\/v2\/product"}],"about":[{"href":"https:\/\/mekulo.com\/no\/wp-json\/wp\/v2\/types\/product"}],"replies":[{"embeddable":true,"href":"https:\/\/mekulo.com\/no\/wp-json\/wp\/v2\/comments?post=19113"}],"wp:featuredmedia":[{"embeddable":true,"href":"https:\/\/mekulo.com\/no\/wp-json\/wp\/v2\/media\/19109"}],"wp:attachment":[{"href":"https:\/\/mekulo.com\/no\/wp-json\/wp\/v2\/media?parent=19113"}],"wp:term":[{"taxonomy":"product_brand","embeddable":true,"href":"https:\/\/mekulo.com\/no\/wp-json\/wp\/v2\/product_brand?post=19113"},{"taxonomy":"product_cat","embeddable":true,"href":"https:\/\/mekulo.com\/no\/wp-json\/wp\/v2\/product_cat?post=19113"},{"taxonomy":"product_tag","embeddable":true,"href":"https:\/\/mekulo.com\/no\/wp-json\/wp\/v2\/product_tag?post=19113"}],"curies":[{"name":"wp","href":"https:\/\/api.w.org\/{rel}","templated":true}]}}