{"id":19058,"date":"2026-01-22T15:49:52","date_gmt":"2026-01-22T13:49:52","guid":{"rendered":"https:\/\/mekulo.com\/no\/produkt\/flaskeapnerhjelm-med-soldathilsen\/"},"modified":"2026-01-26T22:21:17","modified_gmt":"2026-01-26T20:21:17","slug":"flaskeapnerhjelm-med-soldathilsen","status":"publish","type":"product","link":"https:\/\/mekulo.com\/no\/produkt\/flaskeapnerhjelm-med-soldathilsen\/","title":{"rendered":"Flaske\u00e5pnerhjelm med soldathilsen"},"content":{"rendered":"<div class=\"flex max-w-full flex-col grow\">\n<div class=\"min-h-8 text-message relative flex w-full flex-col items-end gap-2 text-start break-words whitespace-normal [.text-message+&amp;]:mt-1\" dir=\"auto\" data-message-author-role=\"assistant\" data-message-id=\"a957dae7-92d5-491e-90b0-f299506f1358\" data-message-model-slug=\"gpt-5-2\">\n<div class=\"flex w-full flex-col gap-1 empty:hidden first:pt-[1px]\">\n<div class=\"markdown prose dark:prose-invert w-full break-words light markdown-new-styling\">\n<p style=\"text-align: center;\" data-start=\"0\" data-end=\"65\"><strong data-start=\"0\" data-end=\"65\">\u00c5pne Og Beskytt Drikken Din Med Et Morsomt Soldathilsen-Design. \ud83c\udf7e<\/strong><\/p>\n<p data-start=\"0\" data-end=\"65\"><img decoding=\"async\" class=\"size-full wp-image-21361 aligncenter\" src=\"https:\/\/mekulo.com\/template\/wp-content\/uploads\/sites\/6\/2026\/01\/98690ba2abe5b3b382aee4e23925bf9d0b93b4fb.avif\" alt=\"\" \/><\/p>\n<h2 style=\"text-align: center;\" data-start=\"340\" data-end=\"360\">Hovedfordeler \ud83c\udf7a<\/h2>\n<p data-start=\"363\" data-end=\"433\">\ud83e\ude96 Unikt soldathilsen-design \u2013 Morsomt og i\u00f8ynefallende tilbeh\u00f8r.<\/p>\n<p data-start=\"436\" data-end=\"494\">\ud83e\udd9f Holder drinker rene \u2013 Hjelper med \u00e5 blokkere st\u00f8v og insekter.<\/p>\n<p data-start=\"497\" data-end=\"561\">\ud83e\uddf2 Enkel \u00e5 bruke \u2013 Ingen verkt\u00f8y n\u00f8dvendig, bare plasser p\u00e5 flasken.<\/p>\n<p data-start=\"564\" data-end=\"630\">\u267b\ufe0f Gjenbrukbar og lett \u2013 Slitesterk plast for gjentatt bruk.<\/p>\n<p data-start=\"633\" data-end=\"690\">\ud83c\udf89 Perfekt for fester \u2013 Flott samtalestarter.<\/p>\n<p data-start=\"693\" data-end=\"754\">\ud83c\udf81 Flott gaveid\u00e9 \u2013 Ideell for veteraner og \u00f8lelskere.<\/p>\n<p data-start=\"693\" data-end=\"754\"><img fetchpriority=\"high\" decoding=\"async\" class=\"size-full wp-image-21357 aligncenter\" src=\"https:\/\/mekulo.com\/template\/wp-content\/uploads\/sites\/6\/2026\/01\/S94d0914c6576417d85f9e2bbd584e97bH.jpg_960x960q75.jpg_.jpg\" alt=\"\" width=\"1080\" height=\"1080\" \/><\/p>\n<h2 style=\"text-align: center;\" data-start=\"761\" data-end=\"775\">Hvordan du bruker \ud83d\udccc<\/h2>\n<ol data-start=\"776\" data-end=\"1007\">\n<li data-start=\"776\" data-end=\"807\">\n<p data-start=\"779\" data-end=\"807\">\u00c5pne flasken som vanlig.<\/p>\n<\/li>\n<li data-start=\"808\" data-end=\"861\">\n<p data-start=\"811\" data-end=\"861\">Plasser hjelmtoppen over flaske\u00e5pningen.<\/p>\n<\/li>\n<li data-start=\"862\" data-end=\"902\">\n<p data-start=\"865\" data-end=\"902\">Trykk forsiktig for \u00e5 feste den p\u00e5 plass.<\/p>\n<\/li>\n<li data-start=\"903\" data-end=\"966\">\n<p data-start=\"906\" data-end=\"966\">Drikk komfortabelt mens hjelmen beskytter drikken din.<\/p>\n<\/li>\n<li data-start=\"967\" data-end=\"1007\">\n<p data-start=\"970\" data-end=\"1007\">Fjern, skyll og bruk p\u00e5 nytt etter bruk.<\/p>\n<\/li>\n<\/ol>\n<h2 style=\"text-align: center;\" data-start=\"1014\" data-end=\"1033\">Produktdetaljer \ud83d\udccf<\/h2>\n<ul data-start=\"1034\" data-end=\"1293\">\n<li data-start=\"1088\" data-end=\"1115\">\n<p data-start=\"1090\" data-end=\"1115\">Materiale: Plast (PLA)<\/p>\n<\/li>\n<li data-start=\"1116\" data-end=\"1159\">\n<p data-start=\"1118\" data-end=\"1159\">Design: Soldathjelm med honn\u00f8rpositur<\/p>\n<\/li>\n<li data-start=\"1160\" data-end=\"1209\">\n<p data-start=\"1162\" data-end=\"1209\">St\u00f8rrelse: 85 x 85 x 40 mm<\/p>\n<\/li>\n<li data-start=\"1210\" data-end=\"1245\">\n<p data-start=\"1212\" data-end=\"1245\">Passform: De fleste standard \u00f8lflasker<\/p>\n<\/li>\n<li data-start=\"1246\" data-end=\"1293\">\n<p data-start=\"1248\" data-end=\"1293\">Bruk: Drikkebeskyttelse og nyhetstilbeh\u00f8r<\/p>\n<\/li>\n<\/ul>\n<h2 style=\"text-align: center;\" data-start=\"1300\" data-end=\"1320\">Pakken inkluderer \ud83d\udce6<\/h2>\n<ul data-start=\"1321\" data-end=\"1400\" data-is-last-node=\"\" data-is-only-node=\"\">\n<li data-start=\"1321\" data-end=\"1400\" data-is-last-node=\"\">\n<p data-start=\"1323\" data-end=\"1400\" data-is-last-node=\"\">2, 3x Soldathilsen Flaske\u00e5pnerhjelmer.<\/p>\n<\/li>\n<\/ul>\n<\/div>\n<\/div>\n<\/div>\n<\/div>\n","protected":false},"excerpt":{"rendered":"<p>\ud83e\ude96Denne hjelmen med soldathilsen er et kreativt flasketilbeh\u00f8r som gir personlighet samtidig som den holder drikken ren.<br \/>\n\ud83e\udeb0Den passer over de fleste standardflasker for \u00e5 blokkere st\u00f8v og insekter, noe som gj\u00f8r hver slurk morsommere p\u00e5 fester, grillfester eller uformelle sammenkomster.<br \/>\n\ud83c\udf89Den lekne designen gj\u00f8r umiddelbart en vanlig drink til et morsomt samtaleemne.<\/p>\n","protected":false},"featured_media":19054,"comment_status":"open","ping_status":"closed","template":"","meta":{"site-sidebar-layout":"default","site-content-layout":"","ast-site-content-layout":"default","site-content-style":"default","site-sidebar-style":"default","ast-global-header-display":"","ast-banner-title-visibility":"","ast-main-header-display":"","ast-hfb-above-header-display":"","ast-hfb-below-header-display":"","ast-hfb-mobile-header-display":"","site-post-title":"","ast-breadcrumbs-content":"","ast-featured-img":"","footer-sml-layout":"","theme-transparent-header-meta":"default","adv-header-id-meta":"","stick-header-meta":"","header-above-stick-meta":"","header-main-stick-meta":"","header-below-stick-meta":"","astra-migrate-meta-layouts":"set","ast-page-background-enabled":"default","ast-page-background-meta":{"desktop":{"background-color":"var(--ast-global-color-5)","background-image":"","background-repeat":"repeat","background-position":"center center","background-size":"auto","background-attachment":"scroll","background-type":"","background-media":"","overlay-type":"","overlay-color":"","overlay-opacity":"","overlay-gradient":""},"tablet":{"background-color":"","background-image":"","background-repeat":"repeat","background-position":"center center","background-size":"auto","background-attachment":"scroll","background-type":"","background-media":"","overlay-type":"","overlay-color":"","overlay-opacity":"","overlay-gradient":""},"mobile":{"background-color":"","background-image":"","background-repeat":"repeat","background-position":"center center","background-size":"auto","background-attachment":"scroll","background-type":"","background-media":"","overlay-type":"","overlay-color":"","overlay-opacity":"","overlay-gradient":""}},"ast-content-background-meta":{"desktop":{"background-color":"var(--ast-global-color-4)","background-image":"","background-repeat":"repeat","background-position":"center center","background-size":"auto","background-attachment":"scroll","background-type":"","background-media":"","overlay-type":"","overlay-color":"","overlay-opacity":"","overlay-gradient":""},"tablet":{"background-color":"var(--ast-global-color-4)","background-image":"","background-repeat":"repeat","background-position":"center center","background-size":"auto","background-attachment":"scroll","background-type":"","background-media":"","overlay-type":"","overlay-color":"","overlay-opacity":"","overlay-gradient":""},"mobile":{"background-color":"var(--ast-global-color-4)","background-image":"","background-repeat":"repeat","background-position":"center center","background-size":"auto","background-attachment":"scroll","background-type":"","background-media":"","overlay-type":"","overlay-color":"","overlay-opacity":"","overlay-gradient":""}}},"product_brand":[],"product_cat":[168],"product_tag":[],"class_list":{"0":"post-19058","1":"product","2":"type-product","3":"status-publish","4":"has-post-thumbnail","6":"product_cat-husholdningsartikler","7":"pa_51395_jtaclnsq-a","8":"pa_51395_jtaclnsq-b","9":"pa_51395_jtaclnsq-c","10":"pa_51395_waq6du37-2-stk","11":"pa_51395_waq6du37-3-stk","12":"desktop-align-left","13":"tablet-align-left","14":"mobile-align-left","16":"first","17":"instock","18":"shipping-taxable","19":"purchasable","20":"product-type-variable","21":"has-default-attributes"},"yoast_head":"<!-- This site is optimized with the Yoast SEO plugin v26.6 - https:\/\/yoast.com\/wordpress\/plugins\/seo\/ -->\n<title>Flaske\u00e5pnerhjelm med soldathilsen - Mekulo NO<\/title>\n<meta name=\"robots\" content=\"index, follow, max-snippet:-1, max-image-preview:large, max-video-preview:-1\" \/>\n<link rel=\"canonical\" href=\"https:\/\/mekulo.com\/no\/produkt\/flaskeapnerhjelm-med-soldathilsen\/\" \/>\n<meta property=\"og:locale\" content=\"nb_NO\" \/>\n<meta property=\"og:type\" content=\"article\" \/>\n<meta property=\"og:title\" content=\"Flaske\u00e5pnerhjelm med soldathilsen - Mekulo NO\" \/>\n<meta property=\"og:description\" content=\"\ud83e\ude96Denne hjelmen med soldathilsen er et kreativt flasketilbeh\u00f8r som gir personlighet samtidig som den holder drikken ren. \ud83e\udeb0Den passer over de fleste standardflasker for \u00e5 blokkere st\u00f8v og insekter, noe som gj\u00f8r hver slurk morsommere p\u00e5 fester, grillfester eller uformelle sammenkomster. \ud83c\udf89Den lekne designen gj\u00f8r umiddelbart en vanlig drink til et morsomt samtaleemne.\" \/>\n<meta property=\"og:url\" content=\"https:\/\/mekulo.com\/no\/produkt\/flaskeapnerhjelm-med-soldathilsen\/\" \/>\n<meta property=\"og:site_name\" content=\"Mekulo NO\" \/>\n<meta property=\"article:modified_time\" content=\"2026-01-26T20:21:17+00:00\" \/>\n<meta property=\"og:image\" content=\"https:\/\/mekulo.com\/no\/wp-content\/uploads\/sites\/10\/2026\/01\/40tn1qt-1.jpg\" \/>\n\t<meta property=\"og:image:width\" content=\"1080\" \/>\n\t<meta property=\"og:image:height\" content=\"1080\" \/>\n\t<meta property=\"og:image:type\" content=\"image\/jpeg\" \/>\n<meta name=\"twitter:card\" content=\"summary_large_image\" \/>\n<meta name=\"twitter:label1\" content=\"Ansl. lesetid\" \/>\n\t<meta name=\"twitter:data1\" content=\"2 minutter\" \/>\n<script type=\"application\/ld+json\" class=\"yoast-schema-graph\">{\"@context\":\"https:\/\/schema.org\",\"@graph\":[{\"@type\":\"WebPage\",\"@id\":\"https:\/\/mekulo.com\/no\/produkt\/flaskeapnerhjelm-med-soldathilsen\/\",\"url\":\"https:\/\/mekulo.com\/no\/produkt\/flaskeapnerhjelm-med-soldathilsen\/\",\"name\":\"Flaske\u00e5pnerhjelm med soldathilsen - Mekulo NO\",\"isPartOf\":{\"@id\":\"https:\/\/mekulo.com\/no\/#website\"},\"primaryImageOfPage\":{\"@id\":\"https:\/\/mekulo.com\/no\/produkt\/flaskeapnerhjelm-med-soldathilsen\/#primaryimage\"},\"image\":{\"@id\":\"https:\/\/mekulo.com\/no\/produkt\/flaskeapnerhjelm-med-soldathilsen\/#primaryimage\"},\"thumbnailUrl\":\"https:\/\/mekulo.com\/no\/wp-content\/uploads\/sites\/10\/2026\/01\/40tn1qt-1.jpg\",\"datePublished\":\"2026-01-22T13:49:52+00:00\",\"dateModified\":\"2026-01-26T20:21:17+00:00\",\"breadcrumb\":{\"@id\":\"https:\/\/mekulo.com\/no\/produkt\/flaskeapnerhjelm-med-soldathilsen\/#breadcrumb\"},\"inLanguage\":\"nb-NO\",\"potentialAction\":[{\"@type\":\"ReadAction\",\"target\":[\"https:\/\/mekulo.com\/no\/produkt\/flaskeapnerhjelm-med-soldathilsen\/\"]}]},{\"@type\":\"ImageObject\",\"inLanguage\":\"nb-NO\",\"@id\":\"https:\/\/mekulo.com\/no\/produkt\/flaskeapnerhjelm-med-soldathilsen\/#primaryimage\",\"url\":\"https:\/\/mekulo.com\/no\/wp-content\/uploads\/sites\/10\/2026\/01\/40tn1qt-1.jpg\",\"contentUrl\":\"https:\/\/mekulo.com\/no\/wp-content\/uploads\/sites\/10\/2026\/01\/40tn1qt-1.jpg\",\"width\":1080,\"height\":1080},{\"@type\":\"BreadcrumbList\",\"@id\":\"https:\/\/mekulo.com\/no\/produkt\/flaskeapnerhjelm-med-soldathilsen\/#breadcrumb\",\"itemListElement\":[{\"@type\":\"ListItem\",\"position\":1,\"name\":\"Home\",\"item\":\"https:\/\/mekulo.com\/no\/\"},{\"@type\":\"ListItem\",\"position\":2,\"name\":\"Butikk\",\"item\":\"https:\/\/mekulo.com\/no\/butikk\/\"},{\"@type\":\"ListItem\",\"position\":3,\"name\":\"Flaske\u00e5pnerhjelm med soldathilsen\"}]},{\"@type\":\"WebSite\",\"@id\":\"https:\/\/mekulo.com\/no\/#website\",\"url\":\"https:\/\/mekulo.com\/no\/\",\"name\":\"Mekulo NO\",\"description\":\"\",\"publisher\":{\"@id\":\"https:\/\/mekulo.com\/no\/#organization\"},\"potentialAction\":[{\"@type\":\"SearchAction\",\"target\":{\"@type\":\"EntryPoint\",\"urlTemplate\":\"https:\/\/mekulo.com\/no\/?s={search_term_string}\"},\"query-input\":{\"@type\":\"PropertyValueSpecification\",\"valueRequired\":true,\"valueName\":\"search_term_string\"}}],\"inLanguage\":\"nb-NO\"},{\"@type\":\"Organization\",\"@id\":\"https:\/\/mekulo.com\/no\/#organization\",\"name\":\"Mekulo\",\"url\":\"https:\/\/mekulo.com\/no\/\",\"logo\":{\"@type\":\"ImageObject\",\"inLanguage\":\"nb-NO\",\"@id\":\"https:\/\/mekulo.com\/no\/#\/schema\/logo\/image\/\",\"url\":\"https:\/\/mekulo.com\/no\/wp-content\/uploads\/sites\/10\/2025\/12\/favicon_mekulo.png\",\"contentUrl\":\"https:\/\/mekulo.com\/no\/wp-content\/uploads\/sites\/10\/2025\/12\/favicon_mekulo.png\",\"width\":50,\"height\":50,\"caption\":\"Mekulo\"},\"image\":{\"@id\":\"https:\/\/mekulo.com\/no\/#\/schema\/logo\/image\/\"}}]}<\/script>\n<!-- \/ Yoast SEO plugin. -->","yoast_head_json":{"title":"Flaske\u00e5pnerhjelm med soldathilsen - Mekulo NO","robots":{"index":"index","follow":"follow","max-snippet":"max-snippet:-1","max-image-preview":"max-image-preview:large","max-video-preview":"max-video-preview:-1"},"canonical":"https:\/\/mekulo.com\/no\/produkt\/flaskeapnerhjelm-med-soldathilsen\/","og_locale":"nb_NO","og_type":"article","og_title":"Flaske\u00e5pnerhjelm med soldathilsen - Mekulo NO","og_description":"\ud83e\ude96Denne hjelmen med soldathilsen er et kreativt flasketilbeh\u00f8r som gir personlighet samtidig som den holder drikken ren. \ud83e\udeb0Den passer over de fleste standardflasker for \u00e5 blokkere st\u00f8v og insekter, noe som gj\u00f8r hver slurk morsommere p\u00e5 fester, grillfester eller uformelle sammenkomster. \ud83c\udf89Den lekne designen gj\u00f8r umiddelbart en vanlig drink til et morsomt samtaleemne.","og_url":"https:\/\/mekulo.com\/no\/produkt\/flaskeapnerhjelm-med-soldathilsen\/","og_site_name":"Mekulo NO","article_modified_time":"2026-01-26T20:21:17+00:00","og_image":[{"width":1080,"height":1080,"url":"https:\/\/mekulo.com\/no\/wp-content\/uploads\/sites\/10\/2026\/01\/40tn1qt-1.jpg","type":"image\/jpeg"}],"twitter_card":"summary_large_image","twitter_misc":{"Ansl. lesetid":"2 minutter"},"schema":{"@context":"https:\/\/schema.org","@graph":[{"@type":"WebPage","@id":"https:\/\/mekulo.com\/no\/produkt\/flaskeapnerhjelm-med-soldathilsen\/","url":"https:\/\/mekulo.com\/no\/produkt\/flaskeapnerhjelm-med-soldathilsen\/","name":"Flaske\u00e5pnerhjelm med soldathilsen - Mekulo NO","isPartOf":{"@id":"https:\/\/mekulo.com\/no\/#website"},"primaryImageOfPage":{"@id":"https:\/\/mekulo.com\/no\/produkt\/flaskeapnerhjelm-med-soldathilsen\/#primaryimage"},"image":{"@id":"https:\/\/mekulo.com\/no\/produkt\/flaskeapnerhjelm-med-soldathilsen\/#primaryimage"},"thumbnailUrl":"https:\/\/mekulo.com\/no\/wp-content\/uploads\/sites\/10\/2026\/01\/40tn1qt-1.jpg","datePublished":"2026-01-22T13:49:52+00:00","dateModified":"2026-01-26T20:21:17+00:00","breadcrumb":{"@id":"https:\/\/mekulo.com\/no\/produkt\/flaskeapnerhjelm-med-soldathilsen\/#breadcrumb"},"inLanguage":"nb-NO","potentialAction":[{"@type":"ReadAction","target":["https:\/\/mekulo.com\/no\/produkt\/flaskeapnerhjelm-med-soldathilsen\/"]}]},{"@type":"ImageObject","inLanguage":"nb-NO","@id":"https:\/\/mekulo.com\/no\/produkt\/flaskeapnerhjelm-med-soldathilsen\/#primaryimage","url":"https:\/\/mekulo.com\/no\/wp-content\/uploads\/sites\/10\/2026\/01\/40tn1qt-1.jpg","contentUrl":"https:\/\/mekulo.com\/no\/wp-content\/uploads\/sites\/10\/2026\/01\/40tn1qt-1.jpg","width":1080,"height":1080},{"@type":"BreadcrumbList","@id":"https:\/\/mekulo.com\/no\/produkt\/flaskeapnerhjelm-med-soldathilsen\/#breadcrumb","itemListElement":[{"@type":"ListItem","position":1,"name":"Home","item":"https:\/\/mekulo.com\/no\/"},{"@type":"ListItem","position":2,"name":"Butikk","item":"https:\/\/mekulo.com\/no\/butikk\/"},{"@type":"ListItem","position":3,"name":"Flaske\u00e5pnerhjelm med soldathilsen"}]},{"@type":"WebSite","@id":"https:\/\/mekulo.com\/no\/#website","url":"https:\/\/mekulo.com\/no\/","name":"Mekulo NO","description":"","publisher":{"@id":"https:\/\/mekulo.com\/no\/#organization"},"potentialAction":[{"@type":"SearchAction","target":{"@type":"EntryPoint","urlTemplate":"https:\/\/mekulo.com\/no\/?s={search_term_string}"},"query-input":{"@type":"PropertyValueSpecification","valueRequired":true,"valueName":"search_term_string"}}],"inLanguage":"nb-NO"},{"@type":"Organization","@id":"https:\/\/mekulo.com\/no\/#organization","name":"Mekulo","url":"https:\/\/mekulo.com\/no\/","logo":{"@type":"ImageObject","inLanguage":"nb-NO","@id":"https:\/\/mekulo.com\/no\/#\/schema\/logo\/image\/","url":"https:\/\/mekulo.com\/no\/wp-content\/uploads\/sites\/10\/2025\/12\/favicon_mekulo.png","contentUrl":"https:\/\/mekulo.com\/no\/wp-content\/uploads\/sites\/10\/2025\/12\/favicon_mekulo.png","width":50,"height":50,"caption":"Mekulo"},"image":{"@id":"https:\/\/mekulo.com\/no\/#\/schema\/logo\/image\/"}}]}},"_links":{"self":[{"href":"https:\/\/mekulo.com\/no\/wp-json\/wp\/v2\/product\/19058","targetHints":{"allow":["GET"]}}],"collection":[{"href":"https:\/\/mekulo.com\/no\/wp-json\/wp\/v2\/product"}],"about":[{"href":"https:\/\/mekulo.com\/no\/wp-json\/wp\/v2\/types\/product"}],"replies":[{"embeddable":true,"href":"https:\/\/mekulo.com\/no\/wp-json\/wp\/v2\/comments?post=19058"}],"wp:featuredmedia":[{"embeddable":true,"href":"https:\/\/mekulo.com\/no\/wp-json\/wp\/v2\/media\/19054"}],"wp:attachment":[{"href":"https:\/\/mekulo.com\/no\/wp-json\/wp\/v2\/media?parent=19058"}],"wp:term":[{"taxonomy":"product_brand","embeddable":true,"href":"https:\/\/mekulo.com\/no\/wp-json\/wp\/v2\/product_brand?post=19058"},{"taxonomy":"product_cat","embeddable":true,"href":"https:\/\/mekulo.com\/no\/wp-json\/wp\/v2\/product_cat?post=19058"},{"taxonomy":"product_tag","embeddable":true,"href":"https:\/\/mekulo.com\/no\/wp-json\/wp\/v2\/product_tag?post=19058"}],"curies":[{"name":"wp","href":"https:\/\/api.w.org\/{rel}","templated":true}]}}