{"id":19038,"date":"2026-01-22T15:47:31","date_gmt":"2026-01-22T13:47:31","guid":{"rendered":"https:\/\/mekulo.com\/no\/produkt\/justerbar-dusjhodeholder-i-silikon\/"},"modified":"2026-04-13T11:22:43","modified_gmt":"2026-04-13T08:22:43","slug":"justerbar-dusjhodeholder-i-silikon","status":"publish","type":"product","link":"https:\/\/mekulo.com\/no\/produkt\/justerbar-dusjhodeholder-i-silikon\/","title":{"rendered":"Justerbar dusjhodeholder i silikon"},"content":{"rendered":"<p style=\"text-align: center;\" data-start=\"0\" data-end=\"68\"><strong data-start=\"0\" data-end=\"68\">Juster enkelt dusjhodeh\u00f8yden uten boring eller verkt\u00f8y. \ud83d\udebf<\/strong><\/p>\n<p data-start=\"0\" data-end=\"68\"><img fetchpriority=\"high\" decoding=\"async\" class=\"size-full wp-image-21346 aligncenter\" src=\"https:\/\/mekulo.com\/template\/wp-content\/uploads\/sites\/6\/2026\/01\/Sc54517d4292f49dabba184ded2ab220aq.webp\" alt=\"\" width=\"800\" height=\"800\" \/><\/p>\n<h2 style=\"text-align: center;\" data-start=\"330\" data-end=\"350\">Hovedfordeler \ud83d\udebf<\/h2>\n<p data-start=\"353\" data-end=\"424\">\ud83d\udc1b S\u00f8t larvedesign &#8211; Morsomt og praktisk baderomstilbeh\u00f8r.<\/p>\n<p data-start=\"427\" data-end=\"489\">\ud83e\uddf2 Sterk sugekopp &#8211; Sitter godt fast p\u00e5 glatte overflater.<\/p>\n<p data-start=\"492\" data-end=\"558\">\ud83d\udd27 Verkt\u00f8yfri installasjon &#8211; Installeres p\u00e5 f\u00e5 sekunder, ingen boring.<\/p>\n<p data-start=\"561\" data-end=\"625\">\ud83d\udd04 Gjenbrukbar og avtakbar &#8211; Enkel \u00e5 flytte uten veggskader.<\/p>\n<p data-start=\"628\" data-end=\"684\">\ud83e\uddfc Vanntett silikon &#8211; Slitesterk og enkel \u00e5 rengj\u00f8re.<\/p>\n<p data-start=\"687\" data-end=\"749\">\ud83d\udccf Justerbar h\u00f8yde &#8211; Senker dusjhodet for enkel rekkevidde.<\/p>\n<p data-start=\"687\" data-end=\"749\"><img decoding=\"async\" class=\"size-full wp-image-21345 aligncenter\" src=\"https:\/\/mekulo.com\/template\/wp-content\/uploads\/sites\/6\/2026\/01\/Sb05a60998b744c20b887bf941175339cv.webp\" alt=\"\" width=\"800\" height=\"800\" \/><\/p>\n<h2 style=\"text-align: center;\" data-start=\"756\" data-end=\"770\">Hvordan du bruker \ud83d\udccc<\/h2>\n<ol data-start=\"771\" data-end=\"1020\">\n<li data-start=\"771\" data-end=\"810\">\n<p data-start=\"774\" data-end=\"810\">Rengj\u00f8r og t\u00f8rk veggen eller overflaten.<\/p>\n<\/li>\n<li data-start=\"811\" data-end=\"867\">\n<p data-start=\"814\" data-end=\"867\">Trykk sugekoppen godt p\u00e5 en glatt overflate.<\/p>\n<\/li>\n<li data-start=\"868\" data-end=\"908\">\n<p data-start=\"871\" data-end=\"908\">Trykk ut all luft for et sterkt grep.<\/p>\n<\/li>\n<li data-start=\"909\" data-end=\"952\">\n<p data-start=\"912\" data-end=\"952\">Plasser dusjhodet i holderen.<\/p>\n<\/li>\n<li data-start=\"953\" data-end=\"984\">\n<p data-start=\"956\" data-end=\"984\">Juster posisjonen etter behov.<\/p>\n<\/li>\n<li data-start=\"985\" data-end=\"1020\">\n<p data-start=\"988\" data-end=\"1020\">Fjern og plasser p\u00e5 nytt n\u00e5r som helst.<\/p>\n<\/li>\n<\/ol>\n<h2 style=\"text-align: center;\" data-start=\"1027\" data-end=\"1046\">Produktdetaljer \ud83d\udccf<\/h2>\n<ul data-start=\"1047\" data-end=\"1332\">\n<li data-start=\"1104\" data-end=\"1139\">\n<p data-start=\"1106\" data-end=\"1139\">Materiale: Silikon av h\u00f8y kvalitet<\/p>\n<\/li>\n<li data-start=\"1140\" data-end=\"1169\">\n<p data-start=\"1142\" data-end=\"1169\">Design: Larvestil<\/p>\n<\/li>\n<li data-start=\"1170\" data-end=\"1218\">\n<p data-start=\"1172\" data-end=\"1218\">Installasjon: Sugekopp, ingen verkt\u00f8y kreves<\/p>\n<\/li>\n<li data-start=\"1219\" data-end=\"1284\">\n<p data-start=\"1221\" data-end=\"1284\">Overflatekompatibilitet: Glatte vegger, fliser, speil, badekar<\/p>\n<\/li>\n<li data-start=\"1285\" data-end=\"1332\">\n<p data-start=\"1287\" data-end=\"1332\">Funksjoner: Vanntett, gjenbrukbar, lett<\/p>\n<\/li>\n<li data-start=\"1285\" data-end=\"1332\">St\u00f8rrelse: 7,5 x 4,5 x 2,7 cm<\/li>\n<\/ul>\n<h2 style=\"text-align: center;\" data-start=\"1339\" data-end=\"1359\">Pakken inkluderer \ud83d\udce6<\/h2>\n<ul data-start=\"1360\" data-end=\"1407\" data-is-last-node=\"\" data-is-only-node=\"\">\n<li data-start=\"1360\" data-end=\"1407\" data-is-last-node=\"\">\n<p data-start=\"1362\" data-end=\"1407\" data-is-last-node=\"\">1, 2x justerbar silikon dusjhodeholder \/ -holdere.<\/p>\n<\/li>\n<\/ul>\n","protected":false},"excerpt":{"rendered":"<p>\ud83d\udec0Denne justerbare dusjhodeholderen i silikon bruker en sterk sugekopp for \u00e5 holde dusjhodet sikkert i den h\u00f8yden du trenger.<br \/>\n\ud83e\uddfcDen myke silikonutformingen gj\u00f8r den perfekt for barn, eldre eller alle som \u00f8nsker et mer komfortabelt og fleksibelt dusjoppsett.<br \/>\n\ud83e\uddf4Dette gj\u00f8r at alle i husholdningen kan nyte en tryggere og enklere dusjopplevelse.<\/p>\n","protected":false},"featured_media":19034,"comment_status":"open","ping_status":"closed","template":"","meta":{"site-sidebar-layout":"default","site-content-layout":"","ast-site-content-layout":"default","site-content-style":"default","site-sidebar-style":"default","ast-global-header-display":"","ast-banner-title-visibility":"","ast-main-header-display":"","ast-hfb-above-header-display":"","ast-hfb-below-header-display":"","ast-hfb-mobile-header-display":"","site-post-title":"","ast-breadcrumbs-content":"","ast-featured-img":"","footer-sml-layout":"","theme-transparent-header-meta":"default","adv-header-id-meta":"","stick-header-meta":"","header-above-stick-meta":"","header-main-stick-meta":"","header-below-stick-meta":"","astra-migrate-meta-layouts":"set","ast-page-background-enabled":"default","ast-page-background-meta":{"desktop":{"background-color":"var(--ast-global-color-5)","background-image":"","background-repeat":"repeat","background-position":"center center","background-size":"auto","background-attachment":"scroll","background-type":"","background-media":"","overlay-type":"","overlay-color":"","overlay-opacity":"","overlay-gradient":""},"tablet":{"background-color":"","background-image":"","background-repeat":"repeat","background-position":"center center","background-size":"auto","background-attachment":"scroll","background-type":"","background-media":"","overlay-type":"","overlay-color":"","overlay-opacity":"","overlay-gradient":""},"mobile":{"background-color":"","background-image":"","background-repeat":"repeat","background-position":"center center","background-size":"auto","background-attachment":"scroll","background-type":"","background-media":"","overlay-type":"","overlay-color":"","overlay-opacity":"","overlay-gradient":""}},"ast-content-background-meta":{"desktop":{"background-color":"var(--ast-global-color-4)","background-image":"","background-repeat":"repeat","background-position":"center center","background-size":"auto","background-attachment":"scroll","background-type":"","background-media":"","overlay-type":"","overlay-color":"","overlay-opacity":"","overlay-gradient":""},"tablet":{"background-color":"var(--ast-global-color-4)","background-image":"","background-repeat":"repeat","background-position":"center center","background-size":"auto","background-attachment":"scroll","background-type":"","background-media":"","overlay-type":"","overlay-color":"","overlay-opacity":"","overlay-gradient":""},"mobile":{"background-color":"var(--ast-global-color-4)","background-image":"","background-repeat":"repeat","background-position":"center center","background-size":"auto","background-attachment":"scroll","background-type":"","background-media":"","overlay-type":"","overlay-color":"","overlay-opacity":"","overlay-gradient":""}}},"product_brand":[],"product_cat":[168],"product_tag":[],"class_list":{"0":"post-19038","1":"product","2":"type-product","3":"status-publish","4":"has-post-thumbnail","6":"product_cat-husholdningsartikler","7":"pa_51142_5pc3ne1t-gra","8":"pa_51142_5pc3ne1t-hvit","9":"pa_51142_mr79zmwe-1-stk","10":"pa_51142_mr79zmwe-2-stk","11":"desktop-align-left","12":"tablet-align-left","13":"mobile-align-left","15":"first","16":"instock","17":"shipping-taxable","18":"purchasable","19":"product-type-variable","20":"has-default-attributes"},"yoast_head":"<!-- This site is optimized with the Yoast SEO plugin v26.6 - https:\/\/yoast.com\/wordpress\/plugins\/seo\/ -->\n<title>Justerbar dusjhodeholder i silikon - Mekulo NO<\/title>\n<meta name=\"robots\" content=\"index, follow, max-snippet:-1, max-image-preview:large, max-video-preview:-1\" \/>\n<link rel=\"canonical\" href=\"https:\/\/mekulo.com\/no\/produkt\/justerbar-dusjhodeholder-i-silikon\/\" \/>\n<meta property=\"og:locale\" content=\"nb_NO\" \/>\n<meta property=\"og:type\" content=\"article\" \/>\n<meta property=\"og:title\" content=\"Justerbar dusjhodeholder i silikon - Mekulo NO\" \/>\n<meta property=\"og:description\" content=\"\ud83d\udec0Denne justerbare dusjhodeholderen i silikon bruker en sterk sugekopp for \u00e5 holde dusjhodet sikkert i den h\u00f8yden du trenger. \ud83e\uddfcDen myke silikonutformingen gj\u00f8r den perfekt for barn, eldre eller alle som \u00f8nsker et mer komfortabelt og fleksibelt dusjoppsett. \ud83e\uddf4Dette gj\u00f8r at alle i husholdningen kan nyte en tryggere og enklere dusjopplevelse.\" \/>\n<meta property=\"og:url\" content=\"https:\/\/mekulo.com\/no\/produkt\/justerbar-dusjhodeholder-i-silikon\/\" \/>\n<meta property=\"og:site_name\" content=\"Mekulo NO\" \/>\n<meta property=\"article:modified_time\" content=\"2026-04-13T08:22:43+00:00\" \/>\n<meta property=\"og:image\" content=\"https:\/\/mekulo.com\/no\/wp-content\/uploads\/sites\/10\/2026\/01\/n6nelgp-1.webp\" \/>\n\t<meta property=\"og:image:width\" content=\"1000\" \/>\n\t<meta property=\"og:image:height\" content=\"1000\" \/>\n\t<meta property=\"og:image:type\" content=\"image\/webp\" \/>\n<meta name=\"twitter:card\" content=\"summary_large_image\" \/>\n<meta name=\"twitter:label1\" content=\"Ansl. lesetid\" \/>\n\t<meta name=\"twitter:data1\" content=\"2 minutter\" \/>\n<script type=\"application\/ld+json\" class=\"yoast-schema-graph\">{\"@context\":\"https:\/\/schema.org\",\"@graph\":[{\"@type\":\"WebPage\",\"@id\":\"https:\/\/mekulo.com\/no\/produkt\/justerbar-dusjhodeholder-i-silikon\/\",\"url\":\"https:\/\/mekulo.com\/no\/produkt\/justerbar-dusjhodeholder-i-silikon\/\",\"name\":\"Justerbar dusjhodeholder i silikon - Mekulo NO\",\"isPartOf\":{\"@id\":\"https:\/\/mekulo.com\/no\/#website\"},\"primaryImageOfPage\":{\"@id\":\"https:\/\/mekulo.com\/no\/produkt\/justerbar-dusjhodeholder-i-silikon\/#primaryimage\"},\"image\":{\"@id\":\"https:\/\/mekulo.com\/no\/produkt\/justerbar-dusjhodeholder-i-silikon\/#primaryimage\"},\"thumbnailUrl\":\"https:\/\/mekulo.com\/no\/wp-content\/uploads\/sites\/10\/2026\/01\/n6nelgp-1.webp\",\"datePublished\":\"2026-01-22T13:47:31+00:00\",\"dateModified\":\"2026-04-13T08:22:43+00:00\",\"breadcrumb\":{\"@id\":\"https:\/\/mekulo.com\/no\/produkt\/justerbar-dusjhodeholder-i-silikon\/#breadcrumb\"},\"inLanguage\":\"nb-NO\",\"potentialAction\":[{\"@type\":\"ReadAction\",\"target\":[\"https:\/\/mekulo.com\/no\/produkt\/justerbar-dusjhodeholder-i-silikon\/\"]}]},{\"@type\":\"ImageObject\",\"inLanguage\":\"nb-NO\",\"@id\":\"https:\/\/mekulo.com\/no\/produkt\/justerbar-dusjhodeholder-i-silikon\/#primaryimage\",\"url\":\"https:\/\/mekulo.com\/no\/wp-content\/uploads\/sites\/10\/2026\/01\/n6nelgp-1.webp\",\"contentUrl\":\"https:\/\/mekulo.com\/no\/wp-content\/uploads\/sites\/10\/2026\/01\/n6nelgp-1.webp\",\"width\":1000,\"height\":1000},{\"@type\":\"BreadcrumbList\",\"@id\":\"https:\/\/mekulo.com\/no\/produkt\/justerbar-dusjhodeholder-i-silikon\/#breadcrumb\",\"itemListElement\":[{\"@type\":\"ListItem\",\"position\":1,\"name\":\"Home\",\"item\":\"https:\/\/mekulo.com\/no\/\"},{\"@type\":\"ListItem\",\"position\":2,\"name\":\"Butikk\",\"item\":\"https:\/\/mekulo.com\/no\/butikk\/\"},{\"@type\":\"ListItem\",\"position\":3,\"name\":\"Justerbar dusjhodeholder i silikon\"}]},{\"@type\":\"WebSite\",\"@id\":\"https:\/\/mekulo.com\/no\/#website\",\"url\":\"https:\/\/mekulo.com\/no\/\",\"name\":\"Mekulo NO\",\"description\":\"\",\"publisher\":{\"@id\":\"https:\/\/mekulo.com\/no\/#organization\"},\"potentialAction\":[{\"@type\":\"SearchAction\",\"target\":{\"@type\":\"EntryPoint\",\"urlTemplate\":\"https:\/\/mekulo.com\/no\/?s={search_term_string}\"},\"query-input\":{\"@type\":\"PropertyValueSpecification\",\"valueRequired\":true,\"valueName\":\"search_term_string\"}}],\"inLanguage\":\"nb-NO\"},{\"@type\":\"Organization\",\"@id\":\"https:\/\/mekulo.com\/no\/#organization\",\"name\":\"Mekulo\",\"url\":\"https:\/\/mekulo.com\/no\/\",\"logo\":{\"@type\":\"ImageObject\",\"inLanguage\":\"nb-NO\",\"@id\":\"https:\/\/mekulo.com\/no\/#\/schema\/logo\/image\/\",\"url\":\"https:\/\/mekulo.com\/no\/wp-content\/uploads\/sites\/10\/2025\/12\/favicon_mekulo.png\",\"contentUrl\":\"https:\/\/mekulo.com\/no\/wp-content\/uploads\/sites\/10\/2025\/12\/favicon_mekulo.png\",\"width\":50,\"height\":50,\"caption\":\"Mekulo\"},\"image\":{\"@id\":\"https:\/\/mekulo.com\/no\/#\/schema\/logo\/image\/\"}}]}<\/script>\n<!-- \/ Yoast SEO plugin. -->","yoast_head_json":{"title":"Justerbar dusjhodeholder i silikon - Mekulo NO","robots":{"index":"index","follow":"follow","max-snippet":"max-snippet:-1","max-image-preview":"max-image-preview:large","max-video-preview":"max-video-preview:-1"},"canonical":"https:\/\/mekulo.com\/no\/produkt\/justerbar-dusjhodeholder-i-silikon\/","og_locale":"nb_NO","og_type":"article","og_title":"Justerbar dusjhodeholder i silikon - Mekulo NO","og_description":"\ud83d\udec0Denne justerbare dusjhodeholderen i silikon bruker en sterk sugekopp for \u00e5 holde dusjhodet sikkert i den h\u00f8yden du trenger. \ud83e\uddfcDen myke silikonutformingen gj\u00f8r den perfekt for barn, eldre eller alle som \u00f8nsker et mer komfortabelt og fleksibelt dusjoppsett. \ud83e\uddf4Dette gj\u00f8r at alle i husholdningen kan nyte en tryggere og enklere dusjopplevelse.","og_url":"https:\/\/mekulo.com\/no\/produkt\/justerbar-dusjhodeholder-i-silikon\/","og_site_name":"Mekulo NO","article_modified_time":"2026-04-13T08:22:43+00:00","og_image":[{"width":1000,"height":1000,"url":"https:\/\/mekulo.com\/no\/wp-content\/uploads\/sites\/10\/2026\/01\/n6nelgp-1.webp","type":"image\/webp"}],"twitter_card":"summary_large_image","twitter_misc":{"Ansl. lesetid":"2 minutter"},"schema":{"@context":"https:\/\/schema.org","@graph":[{"@type":"WebPage","@id":"https:\/\/mekulo.com\/no\/produkt\/justerbar-dusjhodeholder-i-silikon\/","url":"https:\/\/mekulo.com\/no\/produkt\/justerbar-dusjhodeholder-i-silikon\/","name":"Justerbar dusjhodeholder i silikon - Mekulo NO","isPartOf":{"@id":"https:\/\/mekulo.com\/no\/#website"},"primaryImageOfPage":{"@id":"https:\/\/mekulo.com\/no\/produkt\/justerbar-dusjhodeholder-i-silikon\/#primaryimage"},"image":{"@id":"https:\/\/mekulo.com\/no\/produkt\/justerbar-dusjhodeholder-i-silikon\/#primaryimage"},"thumbnailUrl":"https:\/\/mekulo.com\/no\/wp-content\/uploads\/sites\/10\/2026\/01\/n6nelgp-1.webp","datePublished":"2026-01-22T13:47:31+00:00","dateModified":"2026-04-13T08:22:43+00:00","breadcrumb":{"@id":"https:\/\/mekulo.com\/no\/produkt\/justerbar-dusjhodeholder-i-silikon\/#breadcrumb"},"inLanguage":"nb-NO","potentialAction":[{"@type":"ReadAction","target":["https:\/\/mekulo.com\/no\/produkt\/justerbar-dusjhodeholder-i-silikon\/"]}]},{"@type":"ImageObject","inLanguage":"nb-NO","@id":"https:\/\/mekulo.com\/no\/produkt\/justerbar-dusjhodeholder-i-silikon\/#primaryimage","url":"https:\/\/mekulo.com\/no\/wp-content\/uploads\/sites\/10\/2026\/01\/n6nelgp-1.webp","contentUrl":"https:\/\/mekulo.com\/no\/wp-content\/uploads\/sites\/10\/2026\/01\/n6nelgp-1.webp","width":1000,"height":1000},{"@type":"BreadcrumbList","@id":"https:\/\/mekulo.com\/no\/produkt\/justerbar-dusjhodeholder-i-silikon\/#breadcrumb","itemListElement":[{"@type":"ListItem","position":1,"name":"Home","item":"https:\/\/mekulo.com\/no\/"},{"@type":"ListItem","position":2,"name":"Butikk","item":"https:\/\/mekulo.com\/no\/butikk\/"},{"@type":"ListItem","position":3,"name":"Justerbar dusjhodeholder i silikon"}]},{"@type":"WebSite","@id":"https:\/\/mekulo.com\/no\/#website","url":"https:\/\/mekulo.com\/no\/","name":"Mekulo NO","description":"","publisher":{"@id":"https:\/\/mekulo.com\/no\/#organization"},"potentialAction":[{"@type":"SearchAction","target":{"@type":"EntryPoint","urlTemplate":"https:\/\/mekulo.com\/no\/?s={search_term_string}"},"query-input":{"@type":"PropertyValueSpecification","valueRequired":true,"valueName":"search_term_string"}}],"inLanguage":"nb-NO"},{"@type":"Organization","@id":"https:\/\/mekulo.com\/no\/#organization","name":"Mekulo","url":"https:\/\/mekulo.com\/no\/","logo":{"@type":"ImageObject","inLanguage":"nb-NO","@id":"https:\/\/mekulo.com\/no\/#\/schema\/logo\/image\/","url":"https:\/\/mekulo.com\/no\/wp-content\/uploads\/sites\/10\/2025\/12\/favicon_mekulo.png","contentUrl":"https:\/\/mekulo.com\/no\/wp-content\/uploads\/sites\/10\/2025\/12\/favicon_mekulo.png","width":50,"height":50,"caption":"Mekulo"},"image":{"@id":"https:\/\/mekulo.com\/no\/#\/schema\/logo\/image\/"}}]}},"_links":{"self":[{"href":"https:\/\/mekulo.com\/no\/wp-json\/wp\/v2\/product\/19038","targetHints":{"allow":["GET"]}}],"collection":[{"href":"https:\/\/mekulo.com\/no\/wp-json\/wp\/v2\/product"}],"about":[{"href":"https:\/\/mekulo.com\/no\/wp-json\/wp\/v2\/types\/product"}],"replies":[{"embeddable":true,"href":"https:\/\/mekulo.com\/no\/wp-json\/wp\/v2\/comments?post=19038"}],"wp:featuredmedia":[{"embeddable":true,"href":"https:\/\/mekulo.com\/no\/wp-json\/wp\/v2\/media\/19034"}],"wp:attachment":[{"href":"https:\/\/mekulo.com\/no\/wp-json\/wp\/v2\/media?parent=19038"}],"wp:term":[{"taxonomy":"product_brand","embeddable":true,"href":"https:\/\/mekulo.com\/no\/wp-json\/wp\/v2\/product_brand?post=19038"},{"taxonomy":"product_cat","embeddable":true,"href":"https:\/\/mekulo.com\/no\/wp-json\/wp\/v2\/product_cat?post=19038"},{"taxonomy":"product_tag","embeddable":true,"href":"https:\/\/mekulo.com\/no\/wp-json\/wp\/v2\/product_tag?post=19038"}],"curies":[{"name":"wp","href":"https:\/\/api.w.org\/{rel}","templated":true}]}}