{"id":18968,"date":"2026-01-22T15:42:12","date_gmt":"2026-01-22T13:42:12","guid":{"rendered":"https:\/\/mekulo.com\/no\/produkt\/vinterbeskyttelse-med-hoy-stretch-i-midjen-2-stk\/"},"modified":"2026-02-03T17:04:12","modified_gmt":"2026-02-03T15:04:12","slug":"vinterbeskyttelse-med-hoy-stretch-i-midjen-2-stk","status":"publish","type":"product","link":"https:\/\/mekulo.com\/no\/produkt\/vinterbeskyttelse-med-hoy-stretch-i-midjen-2-stk\/","title":{"rendered":"Vinterbeskyttelse med h\u00f8y stretch i midjen (2 stk)"},"content":{"rendered":"<div class=\"flex flex-col text-sm pb-25\">\n<article class=\"text-token-text-primary w-full focus:outline-none [--shadow-height:45px] has-data-writing-block:pointer-events-none has-data-writing-block:-mt-(--shadow-height) has-data-writing-block:pt-(--shadow-height) [&amp;:has([data-writing-block])&gt;*]:pointer-events-auto scroll-mt-[calc(var(--header-height)+min(200px,max(70px,20svh)))]\" dir=\"auto\" data-turn-id=\"request-6967c1f1-7850-8327-b867-fefbba98715c-0\" data-testid=\"conversation-turn-92\" data-scroll-anchor=\"true\" data-turn=\"assistant\">\n<div class=\"text-base my-auto mx-auto pb-10 [--thread-content-margin:--spacing(4)] @w-sm\/main:[--thread-content-margin:--spacing(6)] @w-lg\/main:[--thread-content-margin:--spacing(16)] px-(--thread-content-margin)\">\n<div class=\"[--thread-content-max-width:40rem] @w-lg\/main:[--thread-content-max-width:48rem] mx-auto max-w-(--thread-content-max-width) flex-1 group\/turn-messages focus-visible:outline-hidden relative flex w-full min-w-0 flex-col agent-turn\">\n<div class=\"flex max-w-full flex-col grow\">\n<div class=\"min-h-8 text-message relative flex w-full flex-col items-end gap-2 text-start break-words whitespace-normal [.text-message+&amp;]:mt-1\" dir=\"auto\" data-message-author-role=\"assistant\" data-message-id=\"13e850c6-7bc9-4520-9964-6059b6da161a\" data-message-model-slug=\"gpt-5-2\">\n<div class=\"flex w-full flex-col gap-1 empty:hidden first:pt-[1px]\">\n<div class=\"markdown prose dark:prose-invert w-full break-words light markdown-new-styling\">\n<p style=\"text-align: center;\" data-start=\"0\" data-end=\"72\"><strong data-start=\"0\" data-end=\"72\">Hold Midjen Og Korsryggen Varm Og St\u00f8ttet Hele Dagen Om Vinteren. \ud83d\udd25<\/strong><\/p>\n<p data-start=\"0\" data-end=\"72\"><img fetchpriority=\"high\" decoding=\"async\" class=\"size-full wp-image-21275 aligncenter\" src=\"https:\/\/mekulo.com\/template\/wp-content\/uploads\/sites\/6\/2026\/01\/spp_20241015165820_813efb6fb9b425ff8f4f83051be980df.png\" alt=\"\" width=\"709\" height=\"558\" \/><\/p>\n<h2 style=\"text-align: center;\" data-start=\"339\" data-end=\"359\">Hovedfordeler \u2744\ufe0f<\/h2>\n<p data-start=\"362\" data-end=\"431\">\ud83d\udd25 Langvarig varme &#8211; Hjelper deg med \u00e5 holde deg varm i opptil 24 timer.<\/p>\n<p data-start=\"434\" data-end=\"505\">\ud83e\udd38 Stoff med h\u00f8y stretch &#8211; Beveger seg med kroppen din uten begrensning.<\/p>\n<p data-start=\"508\" data-end=\"578\">\ud83c\udf2c\ufe0f Pustende og fukttransporterende &#8211; Komfortabel for bruk hele dagen.<\/p>\n<p data-start=\"581\" data-end=\"650\">\ud83c\udf3f Mugwort dot-alternativ &#8211; Gir beroligende varme og avslapning.<\/p>\n<p data-start=\"653\" data-end=\"716\">\ud83d\udc57 Slank og diskret design &#8211; Lett \u00e5 ha p\u00e5 seg under ethvert antrekk.<\/p>\n<p data-start=\"719\" data-end=\"775\">\ud83e\uddfc Lett \u00e5 ta vare p\u00e5 &#8211; kan vaskes i maskin og er slitesterk.<\/p>\n<p data-start=\"719\" data-end=\"775\"><img decoding=\"async\" class=\"size-full wp-image-21281 aligncenter\" src=\"https:\/\/mekulo.com\/template\/wp-content\/uploads\/sites\/6\/2026\/01\/Screenshot-2026-01-19-200053.png\" alt=\"\" width=\"943\" height=\"524\" \/><\/p>\n<h2 style=\"text-align: center;\" data-start=\"782\" data-end=\"796\">Hvordan du bruker \ud83d\udccc<\/h2>\n<ol data-start=\"797\" data-end=\"1042\">\n<li data-start=\"797\" data-end=\"859\">\n<p data-start=\"800\" data-end=\"859\">Pakk midjebeskytteren rundt midjen eller korsryggen.<\/p>\n<\/li>\n<li data-start=\"860\" data-end=\"906\">\n<p data-start=\"863\" data-end=\"906\">Juster den for en tettsittende og behagelig passform.<\/p>\n<\/li>\n<li data-start=\"907\" data-end=\"953\">\n<p data-start=\"910\" data-end=\"953\">Bruk den under eller over kl\u00e6r etter behov.<\/p>\n<\/li>\n<li data-start=\"954\" data-end=\"1005\">\n<p data-start=\"957\" data-end=\"1005\">Bruk hele dagen for varme og komfort.<\/p>\n<\/li>\n<li data-start=\"1006\" data-end=\"1042\">\n<p data-start=\"1009\" data-end=\"1042\">Ta av og vask n\u00e5r det er n\u00f8dvendig.<\/p>\n<\/li>\n<\/ol>\n<h2 style=\"text-align: center;\" data-start=\"1049\" data-end=\"1068\">Produktdetaljer \ud83d\udccf<\/h2>\n<ul data-start=\"1069\" data-end=\"1366\">\n<li data-start=\"1123\" data-end=\"1166\">\n<p data-start=\"1125\" data-end=\"1166\">Materiale: Syntetisk fl\u00f8yel av h\u00f8y kvalitet<\/p>\n<\/li>\n<li data-start=\"1167\" data-end=\"1214\">\n<p data-start=\"1169\" data-end=\"1214\">Stilalternativer: Med mugwort-prikker eller vanlig<\/p>\n<\/li>\n<li data-start=\"1261\" data-end=\"1290\">\n<p data-start=\"1263\" data-end=\"1290\">Design: Elastisk, slank passform<\/p>\n<\/li>\n<li data-start=\"1291\" data-end=\"1339\">\n<p data-start=\"1293\" data-end=\"1339\">Bruk: Midje, korsrygg og magevarme<\/p>\n<\/li>\n<li data-start=\"1340\" data-end=\"1366\">\n<p data-start=\"1342\" data-end=\"1366\">Pleie: Kan vaskes i maskin<\/p>\n<\/li>\n<li data-start=\"1340\" data-end=\"1366\">St\u00f8rrelser: M (20 x 25 cm), L (23 x 25 cm), XL (27 x 25 cm), XXL (30 x 25 cm)<\/li>\n<\/ul>\n<h2 style=\"text-align: center;\" data-start=\"1373\" data-end=\"1393\">Pakken inkluderer \ud83d\udce6<\/h2>\n<ul data-start=\"1394\" data-end=\"1438\" data-is-last-node=\"\" data-is-only-node=\"\">\n<li data-start=\"1394\" data-end=\"1438\" data-is-last-node=\"\">\n<p data-start=\"1396\" data-end=\"1438\" data-is-last-node=\"\">2x Vinter Midjebeskyttere Med H\u00f8y Stretch.<\/p>\n<\/li>\n<\/ul>\n<\/div>\n<\/div>\n<\/div>\n<\/div>\n<\/div>\n<\/div>\n<\/article>\n<\/div>\n","protected":false},"excerpt":{"rendered":"<p>\ud83d\udd25Denne vintermidjebeskytteren med h\u00f8y stretch gir mild varme og fleksibel st\u00f8tte for midjen, korsryggen og magen.<br \/>\n\ud83e\udd38Laget av myk, elastisk fl\u00f8yel, passer den komfortabelt under kl\u00e6rne og hjelper til med \u00e5 lindre kaldt ubehag under daglige aktiviteter eller hvile.<br \/>\n\u2744\ufe0fDette gj\u00f8r den ideell for \u00e5 holde deg varm hjemme, utend\u00f8rs eller i l\u00f8pet av lange vinterdager.<\/p>\n","protected":false},"featured_media":18964,"comment_status":"open","ping_status":"closed","template":"","meta":{"site-sidebar-layout":"default","site-content-layout":"","ast-site-content-layout":"default","site-content-style":"default","site-sidebar-style":"default","ast-global-header-display":"","ast-banner-title-visibility":"","ast-main-header-display":"","ast-hfb-above-header-display":"","ast-hfb-below-header-display":"","ast-hfb-mobile-header-display":"","site-post-title":"","ast-breadcrumbs-content":"","ast-featured-img":"","footer-sml-layout":"","theme-transparent-header-meta":"default","adv-header-id-meta":"","stick-header-meta":"","header-above-stick-meta":"","header-main-stick-meta":"","header-below-stick-meta":"","astra-migrate-meta-layouts":"set","ast-page-background-enabled":"default","ast-page-background-meta":{"desktop":{"background-color":"var(--ast-global-color-5)","background-image":"","background-repeat":"repeat","background-position":"center center","background-size":"auto","background-attachment":"scroll","background-type":"","background-media":"","overlay-type":"","overlay-color":"","overlay-opacity":"","overlay-gradient":""},"tablet":{"background-color":"","background-image":"","background-repeat":"repeat","background-position":"center center","background-size":"auto","background-attachment":"scroll","background-type":"","background-media":"","overlay-type":"","overlay-color":"","overlay-opacity":"","overlay-gradient":""},"mobile":{"background-color":"","background-image":"","background-repeat":"repeat","background-position":"center center","background-size":"auto","background-attachment":"scroll","background-type":"","background-media":"","overlay-type":"","overlay-color":"","overlay-opacity":"","overlay-gradient":""}},"ast-content-background-meta":{"desktop":{"background-color":"var(--ast-global-color-4)","background-image":"","background-repeat":"repeat","background-position":"center center","background-size":"auto","background-attachment":"scroll","background-type":"","background-media":"","overlay-type":"","overlay-color":"","overlay-opacity":"","overlay-gradient":""},"tablet":{"background-color":"var(--ast-global-color-4)","background-image":"","background-repeat":"repeat","background-position":"center center","background-size":"auto","background-attachment":"scroll","background-type":"","background-media":"","overlay-type":"","overlay-color":"","overlay-opacity":"","overlay-gradient":""},"mobile":{"background-color":"var(--ast-global-color-4)","background-image":"","background-repeat":"repeat","background-position":"center center","background-size":"auto","background-attachment":"scroll","background-type":"","background-media":"","overlay-type":"","overlay-color":"","overlay-opacity":"","overlay-gradient":""}}},"product_brand":[],"product_cat":[166],"product_tag":[],"class_list":{"0":"post-18968","1":"product","2":"type-product","3":"status-publish","4":"has-post-thumbnail","6":"product_cat-helsevesenets-forsyninger","7":"pa_50989_lsro7wxx-l","8":"pa_50989_lsro7wxx-m","9":"pa_50989_lsro7wxx-xl","10":"pa_50989_lsro7wxx-xxl","11":"pa_50989_uqo7c8rd-gra","12":"pa_50989_uqo7c8rd-hudfarge","13":"pa_50989_uqo7c8rd-rosa","14":"pa_50989_uqo7c8rd-svart","15":"desktop-align-left","16":"tablet-align-left","17":"mobile-align-left","19":"first","20":"instock","21":"shipping-taxable","22":"purchasable","23":"product-type-variable","24":"has-default-attributes"},"yoast_head":"<!-- This site is optimized with the Yoast SEO plugin v26.6 - https:\/\/yoast.com\/wordpress\/plugins\/seo\/ -->\n<title>Vinterbeskyttelse med h\u00f8y stretch i midjen (2 stk) - Mekulo NO<\/title>\n<meta name=\"robots\" content=\"index, follow, max-snippet:-1, max-image-preview:large, max-video-preview:-1\" \/>\n<link rel=\"canonical\" href=\"https:\/\/mekulo.com\/no\/produkt\/vinterbeskyttelse-med-hoy-stretch-i-midjen-2-stk\/\" \/>\n<meta property=\"og:locale\" content=\"nb_NO\" \/>\n<meta property=\"og:type\" content=\"article\" \/>\n<meta property=\"og:title\" content=\"Vinterbeskyttelse med h\u00f8y stretch i midjen (2 stk) - Mekulo NO\" \/>\n<meta property=\"og:description\" content=\"\ud83d\udd25Denne vintermidjebeskytteren med h\u00f8y stretch gir mild varme og fleksibel st\u00f8tte for midjen, korsryggen og magen. \ud83e\udd38Laget av myk, elastisk fl\u00f8yel, passer den komfortabelt under kl\u00e6rne og hjelper til med \u00e5 lindre kaldt ubehag under daglige aktiviteter eller hvile. \u2744\ufe0fDette gj\u00f8r den ideell for \u00e5 holde deg varm hjemme, utend\u00f8rs eller i l\u00f8pet av lange vinterdager.\" \/>\n<meta property=\"og:url\" content=\"https:\/\/mekulo.com\/no\/produkt\/vinterbeskyttelse-med-hoy-stretch-i-midjen-2-stk\/\" \/>\n<meta property=\"og:site_name\" content=\"Mekulo NO\" \/>\n<meta property=\"article:modified_time\" content=\"2026-02-03T15:04:12+00:00\" \/>\n<meta property=\"og:image\" content=\"https:\/\/mekulo.com\/no\/wp-content\/uploads\/sites\/10\/2026\/01\/km6641i-1.webp\" \/>\n\t<meta property=\"og:image:width\" content=\"713\" \/>\n\t<meta property=\"og:image:height\" content=\"713\" \/>\n\t<meta property=\"og:image:type\" content=\"image\/webp\" \/>\n<meta name=\"twitter:card\" content=\"summary_large_image\" \/>\n<meta name=\"twitter:label1\" content=\"Ansl. lesetid\" \/>\n\t<meta name=\"twitter:data1\" content=\"2 minutter\" \/>\n<script type=\"application\/ld+json\" class=\"yoast-schema-graph\">{\"@context\":\"https:\/\/schema.org\",\"@graph\":[{\"@type\":\"WebPage\",\"@id\":\"https:\/\/mekulo.com\/no\/produkt\/vinterbeskyttelse-med-hoy-stretch-i-midjen-2-stk\/\",\"url\":\"https:\/\/mekulo.com\/no\/produkt\/vinterbeskyttelse-med-hoy-stretch-i-midjen-2-stk\/\",\"name\":\"Vinterbeskyttelse med h\u00f8y stretch i midjen (2 stk) - Mekulo NO\",\"isPartOf\":{\"@id\":\"https:\/\/mekulo.com\/no\/#website\"},\"primaryImageOfPage\":{\"@id\":\"https:\/\/mekulo.com\/no\/produkt\/vinterbeskyttelse-med-hoy-stretch-i-midjen-2-stk\/#primaryimage\"},\"image\":{\"@id\":\"https:\/\/mekulo.com\/no\/produkt\/vinterbeskyttelse-med-hoy-stretch-i-midjen-2-stk\/#primaryimage\"},\"thumbnailUrl\":\"https:\/\/mekulo.com\/no\/wp-content\/uploads\/sites\/10\/2026\/01\/km6641i-1.webp\",\"datePublished\":\"2026-01-22T13:42:12+00:00\",\"dateModified\":\"2026-02-03T15:04:12+00:00\",\"breadcrumb\":{\"@id\":\"https:\/\/mekulo.com\/no\/produkt\/vinterbeskyttelse-med-hoy-stretch-i-midjen-2-stk\/#breadcrumb\"},\"inLanguage\":\"nb-NO\",\"potentialAction\":[{\"@type\":\"ReadAction\",\"target\":[\"https:\/\/mekulo.com\/no\/produkt\/vinterbeskyttelse-med-hoy-stretch-i-midjen-2-stk\/\"]}]},{\"@type\":\"ImageObject\",\"inLanguage\":\"nb-NO\",\"@id\":\"https:\/\/mekulo.com\/no\/produkt\/vinterbeskyttelse-med-hoy-stretch-i-midjen-2-stk\/#primaryimage\",\"url\":\"https:\/\/mekulo.com\/no\/wp-content\/uploads\/sites\/10\/2026\/01\/km6641i-1.webp\",\"contentUrl\":\"https:\/\/mekulo.com\/no\/wp-content\/uploads\/sites\/10\/2026\/01\/km6641i-1.webp\",\"width\":713,\"height\":713},{\"@type\":\"BreadcrumbList\",\"@id\":\"https:\/\/mekulo.com\/no\/produkt\/vinterbeskyttelse-med-hoy-stretch-i-midjen-2-stk\/#breadcrumb\",\"itemListElement\":[{\"@type\":\"ListItem\",\"position\":1,\"name\":\"Home\",\"item\":\"https:\/\/mekulo.com\/no\/\"},{\"@type\":\"ListItem\",\"position\":2,\"name\":\"Butikk\",\"item\":\"https:\/\/mekulo.com\/no\/butikk\/\"},{\"@type\":\"ListItem\",\"position\":3,\"name\":\"Vinterbeskyttelse med h\u00f8y stretch i midjen (2 stk)\"}]},{\"@type\":\"WebSite\",\"@id\":\"https:\/\/mekulo.com\/no\/#website\",\"url\":\"https:\/\/mekulo.com\/no\/\",\"name\":\"Mekulo NO\",\"description\":\"\",\"publisher\":{\"@id\":\"https:\/\/mekulo.com\/no\/#organization\"},\"potentialAction\":[{\"@type\":\"SearchAction\",\"target\":{\"@type\":\"EntryPoint\",\"urlTemplate\":\"https:\/\/mekulo.com\/no\/?s={search_term_string}\"},\"query-input\":{\"@type\":\"PropertyValueSpecification\",\"valueRequired\":true,\"valueName\":\"search_term_string\"}}],\"inLanguage\":\"nb-NO\"},{\"@type\":\"Organization\",\"@id\":\"https:\/\/mekulo.com\/no\/#organization\",\"name\":\"Mekulo\",\"url\":\"https:\/\/mekulo.com\/no\/\",\"logo\":{\"@type\":\"ImageObject\",\"inLanguage\":\"nb-NO\",\"@id\":\"https:\/\/mekulo.com\/no\/#\/schema\/logo\/image\/\",\"url\":\"https:\/\/mekulo.com\/no\/wp-content\/uploads\/sites\/10\/2025\/12\/favicon_mekulo.png\",\"contentUrl\":\"https:\/\/mekulo.com\/no\/wp-content\/uploads\/sites\/10\/2025\/12\/favicon_mekulo.png\",\"width\":50,\"height\":50,\"caption\":\"Mekulo\"},\"image\":{\"@id\":\"https:\/\/mekulo.com\/no\/#\/schema\/logo\/image\/\"}}]}<\/script>\n<!-- \/ Yoast SEO plugin. -->","yoast_head_json":{"title":"Vinterbeskyttelse med h\u00f8y stretch i midjen (2 stk) - Mekulo NO","robots":{"index":"index","follow":"follow","max-snippet":"max-snippet:-1","max-image-preview":"max-image-preview:large","max-video-preview":"max-video-preview:-1"},"canonical":"https:\/\/mekulo.com\/no\/produkt\/vinterbeskyttelse-med-hoy-stretch-i-midjen-2-stk\/","og_locale":"nb_NO","og_type":"article","og_title":"Vinterbeskyttelse med h\u00f8y stretch i midjen (2 stk) - Mekulo NO","og_description":"\ud83d\udd25Denne vintermidjebeskytteren med h\u00f8y stretch gir mild varme og fleksibel st\u00f8tte for midjen, korsryggen og magen. \ud83e\udd38Laget av myk, elastisk fl\u00f8yel, passer den komfortabelt under kl\u00e6rne og hjelper til med \u00e5 lindre kaldt ubehag under daglige aktiviteter eller hvile. \u2744\ufe0fDette gj\u00f8r den ideell for \u00e5 holde deg varm hjemme, utend\u00f8rs eller i l\u00f8pet av lange vinterdager.","og_url":"https:\/\/mekulo.com\/no\/produkt\/vinterbeskyttelse-med-hoy-stretch-i-midjen-2-stk\/","og_site_name":"Mekulo NO","article_modified_time":"2026-02-03T15:04:12+00:00","og_image":[{"width":713,"height":713,"url":"https:\/\/mekulo.com\/no\/wp-content\/uploads\/sites\/10\/2026\/01\/km6641i-1.webp","type":"image\/webp"}],"twitter_card":"summary_large_image","twitter_misc":{"Ansl. lesetid":"2 minutter"},"schema":{"@context":"https:\/\/schema.org","@graph":[{"@type":"WebPage","@id":"https:\/\/mekulo.com\/no\/produkt\/vinterbeskyttelse-med-hoy-stretch-i-midjen-2-stk\/","url":"https:\/\/mekulo.com\/no\/produkt\/vinterbeskyttelse-med-hoy-stretch-i-midjen-2-stk\/","name":"Vinterbeskyttelse med h\u00f8y stretch i midjen (2 stk) - Mekulo NO","isPartOf":{"@id":"https:\/\/mekulo.com\/no\/#website"},"primaryImageOfPage":{"@id":"https:\/\/mekulo.com\/no\/produkt\/vinterbeskyttelse-med-hoy-stretch-i-midjen-2-stk\/#primaryimage"},"image":{"@id":"https:\/\/mekulo.com\/no\/produkt\/vinterbeskyttelse-med-hoy-stretch-i-midjen-2-stk\/#primaryimage"},"thumbnailUrl":"https:\/\/mekulo.com\/no\/wp-content\/uploads\/sites\/10\/2026\/01\/km6641i-1.webp","datePublished":"2026-01-22T13:42:12+00:00","dateModified":"2026-02-03T15:04:12+00:00","breadcrumb":{"@id":"https:\/\/mekulo.com\/no\/produkt\/vinterbeskyttelse-med-hoy-stretch-i-midjen-2-stk\/#breadcrumb"},"inLanguage":"nb-NO","potentialAction":[{"@type":"ReadAction","target":["https:\/\/mekulo.com\/no\/produkt\/vinterbeskyttelse-med-hoy-stretch-i-midjen-2-stk\/"]}]},{"@type":"ImageObject","inLanguage":"nb-NO","@id":"https:\/\/mekulo.com\/no\/produkt\/vinterbeskyttelse-med-hoy-stretch-i-midjen-2-stk\/#primaryimage","url":"https:\/\/mekulo.com\/no\/wp-content\/uploads\/sites\/10\/2026\/01\/km6641i-1.webp","contentUrl":"https:\/\/mekulo.com\/no\/wp-content\/uploads\/sites\/10\/2026\/01\/km6641i-1.webp","width":713,"height":713},{"@type":"BreadcrumbList","@id":"https:\/\/mekulo.com\/no\/produkt\/vinterbeskyttelse-med-hoy-stretch-i-midjen-2-stk\/#breadcrumb","itemListElement":[{"@type":"ListItem","position":1,"name":"Home","item":"https:\/\/mekulo.com\/no\/"},{"@type":"ListItem","position":2,"name":"Butikk","item":"https:\/\/mekulo.com\/no\/butikk\/"},{"@type":"ListItem","position":3,"name":"Vinterbeskyttelse med h\u00f8y stretch i midjen (2 stk)"}]},{"@type":"WebSite","@id":"https:\/\/mekulo.com\/no\/#website","url":"https:\/\/mekulo.com\/no\/","name":"Mekulo NO","description":"","publisher":{"@id":"https:\/\/mekulo.com\/no\/#organization"},"potentialAction":[{"@type":"SearchAction","target":{"@type":"EntryPoint","urlTemplate":"https:\/\/mekulo.com\/no\/?s={search_term_string}"},"query-input":{"@type":"PropertyValueSpecification","valueRequired":true,"valueName":"search_term_string"}}],"inLanguage":"nb-NO"},{"@type":"Organization","@id":"https:\/\/mekulo.com\/no\/#organization","name":"Mekulo","url":"https:\/\/mekulo.com\/no\/","logo":{"@type":"ImageObject","inLanguage":"nb-NO","@id":"https:\/\/mekulo.com\/no\/#\/schema\/logo\/image\/","url":"https:\/\/mekulo.com\/no\/wp-content\/uploads\/sites\/10\/2025\/12\/favicon_mekulo.png","contentUrl":"https:\/\/mekulo.com\/no\/wp-content\/uploads\/sites\/10\/2025\/12\/favicon_mekulo.png","width":50,"height":50,"caption":"Mekulo"},"image":{"@id":"https:\/\/mekulo.com\/no\/#\/schema\/logo\/image\/"}}]}},"_links":{"self":[{"href":"https:\/\/mekulo.com\/no\/wp-json\/wp\/v2\/product\/18968","targetHints":{"allow":["GET"]}}],"collection":[{"href":"https:\/\/mekulo.com\/no\/wp-json\/wp\/v2\/product"}],"about":[{"href":"https:\/\/mekulo.com\/no\/wp-json\/wp\/v2\/types\/product"}],"replies":[{"embeddable":true,"href":"https:\/\/mekulo.com\/no\/wp-json\/wp\/v2\/comments?post=18968"}],"wp:featuredmedia":[{"embeddable":true,"href":"https:\/\/mekulo.com\/no\/wp-json\/wp\/v2\/media\/18964"}],"wp:attachment":[{"href":"https:\/\/mekulo.com\/no\/wp-json\/wp\/v2\/media?parent=18968"}],"wp:term":[{"taxonomy":"product_brand","embeddable":true,"href":"https:\/\/mekulo.com\/no\/wp-json\/wp\/v2\/product_brand?post=18968"},{"taxonomy":"product_cat","embeddable":true,"href":"https:\/\/mekulo.com\/no\/wp-json\/wp\/v2\/product_cat?post=18968"},{"taxonomy":"product_tag","embeddable":true,"href":"https:\/\/mekulo.com\/no\/wp-json\/wp\/v2\/product_tag?post=18968"}],"curies":[{"name":"wp","href":"https:\/\/api.w.org\/{rel}","templated":true}]}}