{"id":18902,"date":"2026-01-22T15:36:16","date_gmt":"2026-01-22T13:36:16","guid":{"rendered":"https:\/\/mekulo.com\/no\/produkt\/ballspill-med-bestemorbukser\/"},"modified":"2026-02-03T17:04:03","modified_gmt":"2026-02-03T15:04:03","slug":"ballspill-med-bestemorbukser","status":"publish","type":"product","link":"https:\/\/mekulo.com\/no\/produkt\/ballspill-med-bestemorbukser\/","title":{"rendered":"Ballspill med bestemorbukser"},"content":{"rendered":"<p style=\"text-align: center;\" data-start=\"0\" data-end=\"77\"><strong data-start=\"0\" data-end=\"77\">Gj\u00f8r enhver sammenkomst til en fest med latter uten stans med et t\u00e5pelig, aktivt selskapsspill. \ud83e\udd21<\/strong><\/p>\n<p data-start=\"0\" data-end=\"77\"><img fetchpriority=\"high\" decoding=\"async\" class=\"size-full wp-image-21068 aligncenter\" src=\"https:\/\/mekulo.com\/template\/wp-content\/uploads\/sites\/6\/2026\/01\/27472e1c3abfbecc0ba6a009b3a1de4110ec891b-800.jpg\" alt=\"\" width=\"1080\" height=\"1080\" \/><\/p>\n<h2 style=\"text-align: center;\" data-start=\"349\" data-end=\"369\">Hovedfordeler \ud83d\ude02<\/h2>\n<p data-start=\"372\" data-end=\"433\">\ud83c\udf89 \u00d8yeblikkelig festmoro &#8211; Bryter isen og \u00f8ker energien.<\/p>\n<p data-start=\"436\" data-end=\"500\">\ud83d\udc56 Morsom overdimensjonert design &#8211; F\u00e5r alle til \u00e5 le \u00f8yeblikkelig.<\/p>\n<p data-start=\"503\" data-end=\"562\">\ud83c\udfc3 Aktivt spill &#8211; Oppmuntrer til bevegelse og teamarbeid.<\/p>\n<p data-start=\"565\" data-end=\"629\">\ud83c\udf2c\ufe0f Pustende stoff &#8211; Komfortabelt for lange spill\u00f8kter.<\/p>\n<p data-start=\"632\" data-end=\"699\">\ud83d\udcaa Slitesterkt materiale &#8211; Bygget for hopping, l\u00f8ping og kast.<\/p>\n<p data-start=\"702\" data-end=\"771\">\ud83d\udc68\u200d\ud83d\udc69\u200d\ud83d\udc67 Moro for alle aldre &#8211; Barn, voksne og besteforeldre kan spille.<\/p>\n<p data-start=\"702\" data-end=\"771\"><img decoding=\"async\" class=\"size-full wp-image-21071 aligncenter\" src=\"https:\/\/mekulo.com\/template\/wp-content\/uploads\/sites\/6\/2026\/01\/b013a048d9917285580e317663a612a0ab6c8d85-800.avif\" alt=\"\" \/><\/p>\n<h2 style=\"text-align: center;\" data-start=\"778\" data-end=\"792\">Hvordan bruke \ud83d\udccc<\/h2>\n<ol data-start=\"793\" data-end=\"1039\">\n<li data-start=\"793\" data-end=\"835\">\n<p data-start=\"796\" data-end=\"835\">Ta p\u00e5 deg de overdimensjonerte bestemorbuksene.<\/p>\n<\/li>\n<li data-start=\"836\" data-end=\"869\">\n<p data-start=\"839\" data-end=\"869\">St\u00e5 vendt mot lagkameratene dine.<\/p>\n<\/li>\n<li data-start=\"870\" data-end=\"928\">\n<p data-start=\"873\" data-end=\"928\">Kast myke baller mot spilleren som har p\u00e5 seg buksene.<\/p>\n<\/li>\n<li data-start=\"929\" data-end=\"971\">\n<p data-start=\"932\" data-end=\"971\">Fang ballene bare ved hjelp av buksene.<\/p>\n<\/li>\n<li data-start=\"972\" data-end=\"994\">\n<p data-start=\"975\" data-end=\"994\">Ingen hender er tillatt.<\/p>\n<\/li>\n<li data-start=\"995\" data-end=\"1039\">\n<p data-start=\"998\" data-end=\"1039\">Bytt spillere og hold spillet i gang.<\/p>\n<\/li>\n<\/ol>\n<h2 style=\"text-align: center;\" data-start=\"1046\" data-end=\"1065\">Produktdetaljer \ud83d\udccf<\/h2>\n<ul data-start=\"1066\" data-end=\"1378\">\n<li data-start=\"1107\" data-end=\"1137\">\n<p data-start=\"1109\" data-end=\"1137\">Materiale: Melkesilke stoff<\/p>\n<\/li>\n<li data-start=\"1138\" data-end=\"1191\">\n<p data-start=\"1140\" data-end=\"1191\">Stofftype: Mykt, pustende og rivebestandig<\/p>\n<\/li>\n<li data-start=\"1234\" data-end=\"1272\">\n<p data-start=\"1236\" data-end=\"1272\">Voksenst\u00f8rrelse: 100 x 80 cm<\/p>\n<\/li>\n<li data-start=\"1273\" data-end=\"1317\">\n<p data-start=\"1275\" data-end=\"1317\">B\u00f8rnest\u00f8rrelse: 60 x 80 cm<\/p>\n<\/li>\n<li data-start=\"1318\" data-end=\"1378\">\n<p data-start=\"1320\" data-end=\"1378\">Bruk: Fester, grillfester, piknik, skoleleker, teambuilding<\/p>\n<\/li>\n<\/ul>\n<h2 style=\"text-align: center;\" data-start=\"1385\" data-end=\"1405\">Pakken inkluderer \ud83d\udce6<\/h2>\n<ul data-start=\"1406\" data-end=\"1444\" data-is-last-node=\"\" data-is-only-node=\"\">\n<li data-start=\"1406\" data-end=\"1444\" data-is-last-node=\"\">\n<p data-start=\"1408\" data-end=\"1444\" data-is-last-node=\"\">1x bestemorbukser festspillbukser.<\/p>\n<\/li>\n<\/ul>\n","protected":false},"excerpt":{"rendered":"<p>\ud83d\udc56Dette bestemor-bukseballspillet er et morsomt gruppespill der spillerne har p\u00e5 seg store bukser og pr\u00f8ver \u00e5 fange baller kun ved hjelp av buksene.<br \/>\n\ud83d\udc68\u200d\ud83d\udc69\u200d\ud83d\udc67It f\u00e5r alle til \u00e5 bevege seg, le og samhandle, noe som gj\u00f8r det perfekt for fester, familiearrangementer, skoleaktiviteter og utend\u00f8rs moro.<br \/>\n\ud83e\udd23De enkle reglene gj\u00f8r det enkelt for alle \u00e5 v\u00e6re med og begynne \u00e5 ha det g\u00f8y med en gang.<\/p>\n","protected":false},"featured_media":18898,"comment_status":"open","ping_status":"closed","template":"","meta":{"site-sidebar-layout":"default","site-content-layout":"","ast-site-content-layout":"default","site-content-style":"default","site-sidebar-style":"default","ast-global-header-display":"","ast-banner-title-visibility":"","ast-main-header-display":"","ast-hfb-above-header-display":"","ast-hfb-below-header-display":"","ast-hfb-mobile-header-display":"","site-post-title":"","ast-breadcrumbs-content":"","ast-featured-img":"","footer-sml-layout":"","theme-transparent-header-meta":"default","adv-header-id-meta":"","stick-header-meta":"","header-above-stick-meta":"","header-main-stick-meta":"","header-below-stick-meta":"","astra-migrate-meta-layouts":"set","ast-page-background-enabled":"default","ast-page-background-meta":{"desktop":{"background-color":"var(--ast-global-color-5)","background-image":"","background-repeat":"repeat","background-position":"center center","background-size":"auto","background-attachment":"scroll","background-type":"","background-media":"","overlay-type":"","overlay-color":"","overlay-opacity":"","overlay-gradient":""},"tablet":{"background-color":"","background-image":"","background-repeat":"repeat","background-position":"center center","background-size":"auto","background-attachment":"scroll","background-type":"","background-media":"","overlay-type":"","overlay-color":"","overlay-opacity":"","overlay-gradient":""},"mobile":{"background-color":"","background-image":"","background-repeat":"repeat","background-position":"center center","background-size":"auto","background-attachment":"scroll","background-type":"","background-media":"","overlay-type":"","overlay-color":"","overlay-opacity":"","overlay-gradient":""}},"ast-content-background-meta":{"desktop":{"background-color":"var(--ast-global-color-4)","background-image":"","background-repeat":"repeat","background-position":"center center","background-size":"auto","background-attachment":"scroll","background-type":"","background-media":"","overlay-type":"","overlay-color":"","overlay-opacity":"","overlay-gradient":""},"tablet":{"background-color":"var(--ast-global-color-4)","background-image":"","background-repeat":"repeat","background-position":"center center","background-size":"auto","background-attachment":"scroll","background-type":"","background-media":"","overlay-type":"","overlay-color":"","overlay-opacity":"","overlay-gradient":""},"mobile":{"background-color":"var(--ast-global-color-4)","background-image":"","background-repeat":"repeat","background-position":"center center","background-size":"auto","background-attachment":"scroll","background-type":"","background-media":"","overlay-type":"","overlay-color":"","overlay-opacity":"","overlay-gradient":""}}},"product_brand":[],"product_cat":[172],"product_tag":[],"class_list":{"0":"post-18902","1":"product","2":"type-product","3":"status-publish","4":"has-post-thumbnail","6":"product_cat-leker-barne-og-babyprodukter","7":"pa_50685_bey0f3es-bla","8":"pa_50685_bey0f3es-gronn","9":"pa_50685_bey0f3es-gul","10":"pa_50685_bey0f3es-rosa","11":"pa_50685_yiepvjfq-100-x-80-cm","12":"pa_50685_yiepvjfq-60-x-80-cm","13":"desktop-align-left","14":"tablet-align-left","15":"mobile-align-left","17":"first","18":"instock","19":"shipping-taxable","20":"purchasable","21":"product-type-variable","22":"has-default-attributes"},"yoast_head":"<!-- This site is optimized with the Yoast SEO plugin v26.6 - https:\/\/yoast.com\/wordpress\/plugins\/seo\/ -->\n<title>Ballspill med bestemorbukser - Mekulo NO<\/title>\n<meta name=\"robots\" content=\"index, follow, max-snippet:-1, max-image-preview:large, max-video-preview:-1\" \/>\n<link rel=\"canonical\" href=\"https:\/\/mekulo.com\/no\/produkt\/ballspill-med-bestemorbukser\/\" \/>\n<meta property=\"og:locale\" content=\"nb_NO\" \/>\n<meta property=\"og:type\" content=\"article\" \/>\n<meta property=\"og:title\" content=\"Ballspill med bestemorbukser - Mekulo NO\" \/>\n<meta property=\"og:description\" content=\"\ud83d\udc56Dette bestemor-bukseballspillet er et morsomt gruppespill der spillerne har p\u00e5 seg store bukser og pr\u00f8ver \u00e5 fange baller kun ved hjelp av buksene. \ud83d\udc68\u200d\ud83d\udc69\u200d\ud83d\udc67It f\u00e5r alle til \u00e5 bevege seg, le og samhandle, noe som gj\u00f8r det perfekt for fester, familiearrangementer, skoleaktiviteter og utend\u00f8rs moro. \ud83e\udd23De enkle reglene gj\u00f8r det enkelt for alle \u00e5 v\u00e6re med og begynne \u00e5 ha det g\u00f8y med en gang.\" \/>\n<meta property=\"og:url\" content=\"https:\/\/mekulo.com\/no\/produkt\/ballspill-med-bestemorbukser\/\" \/>\n<meta property=\"og:site_name\" content=\"Mekulo NO\" \/>\n<meta property=\"article:modified_time\" content=\"2026-02-03T15:04:03+00:00\" \/>\n<meta property=\"og:image\" content=\"https:\/\/mekulo.com\/no\/wp-content\/uploads\/sites\/10\/2026\/01\/gbniymz-1.jpg\" \/>\n\t<meta property=\"og:image:width\" content=\"1080\" \/>\n\t<meta property=\"og:image:height\" content=\"1080\" \/>\n\t<meta property=\"og:image:type\" content=\"image\/jpeg\" \/>\n<meta name=\"twitter:card\" content=\"summary_large_image\" \/>\n<meta name=\"twitter:label1\" content=\"Ansl. lesetid\" \/>\n\t<meta name=\"twitter:data1\" content=\"2 minutter\" \/>\n<script type=\"application\/ld+json\" class=\"yoast-schema-graph\">{\"@context\":\"https:\/\/schema.org\",\"@graph\":[{\"@type\":\"WebPage\",\"@id\":\"https:\/\/mekulo.com\/no\/produkt\/ballspill-med-bestemorbukser\/\",\"url\":\"https:\/\/mekulo.com\/no\/produkt\/ballspill-med-bestemorbukser\/\",\"name\":\"Ballspill med bestemorbukser - Mekulo NO\",\"isPartOf\":{\"@id\":\"https:\/\/mekulo.com\/no\/#website\"},\"primaryImageOfPage\":{\"@id\":\"https:\/\/mekulo.com\/no\/produkt\/ballspill-med-bestemorbukser\/#primaryimage\"},\"image\":{\"@id\":\"https:\/\/mekulo.com\/no\/produkt\/ballspill-med-bestemorbukser\/#primaryimage\"},\"thumbnailUrl\":\"https:\/\/mekulo.com\/no\/wp-content\/uploads\/sites\/10\/2026\/01\/gbniymz-1.jpg\",\"datePublished\":\"2026-01-22T13:36:16+00:00\",\"dateModified\":\"2026-02-03T15:04:03+00:00\",\"breadcrumb\":{\"@id\":\"https:\/\/mekulo.com\/no\/produkt\/ballspill-med-bestemorbukser\/#breadcrumb\"},\"inLanguage\":\"nb-NO\",\"potentialAction\":[{\"@type\":\"ReadAction\",\"target\":[\"https:\/\/mekulo.com\/no\/produkt\/ballspill-med-bestemorbukser\/\"]}]},{\"@type\":\"ImageObject\",\"inLanguage\":\"nb-NO\",\"@id\":\"https:\/\/mekulo.com\/no\/produkt\/ballspill-med-bestemorbukser\/#primaryimage\",\"url\":\"https:\/\/mekulo.com\/no\/wp-content\/uploads\/sites\/10\/2026\/01\/gbniymz-1.jpg\",\"contentUrl\":\"https:\/\/mekulo.com\/no\/wp-content\/uploads\/sites\/10\/2026\/01\/gbniymz-1.jpg\",\"width\":1080,\"height\":1080},{\"@type\":\"BreadcrumbList\",\"@id\":\"https:\/\/mekulo.com\/no\/produkt\/ballspill-med-bestemorbukser\/#breadcrumb\",\"itemListElement\":[{\"@type\":\"ListItem\",\"position\":1,\"name\":\"Home\",\"item\":\"https:\/\/mekulo.com\/no\/\"},{\"@type\":\"ListItem\",\"position\":2,\"name\":\"Butikk\",\"item\":\"https:\/\/mekulo.com\/no\/butikk\/\"},{\"@type\":\"ListItem\",\"position\":3,\"name\":\"Ballspill med bestemorbukser\"}]},{\"@type\":\"WebSite\",\"@id\":\"https:\/\/mekulo.com\/no\/#website\",\"url\":\"https:\/\/mekulo.com\/no\/\",\"name\":\"Mekulo NO\",\"description\":\"\",\"publisher\":{\"@id\":\"https:\/\/mekulo.com\/no\/#organization\"},\"potentialAction\":[{\"@type\":\"SearchAction\",\"target\":{\"@type\":\"EntryPoint\",\"urlTemplate\":\"https:\/\/mekulo.com\/no\/?s={search_term_string}\"},\"query-input\":{\"@type\":\"PropertyValueSpecification\",\"valueRequired\":true,\"valueName\":\"search_term_string\"}}],\"inLanguage\":\"nb-NO\"},{\"@type\":\"Organization\",\"@id\":\"https:\/\/mekulo.com\/no\/#organization\",\"name\":\"Mekulo\",\"url\":\"https:\/\/mekulo.com\/no\/\",\"logo\":{\"@type\":\"ImageObject\",\"inLanguage\":\"nb-NO\",\"@id\":\"https:\/\/mekulo.com\/no\/#\/schema\/logo\/image\/\",\"url\":\"https:\/\/mekulo.com\/no\/wp-content\/uploads\/sites\/10\/2025\/12\/favicon_mekulo.png\",\"contentUrl\":\"https:\/\/mekulo.com\/no\/wp-content\/uploads\/sites\/10\/2025\/12\/favicon_mekulo.png\",\"width\":50,\"height\":50,\"caption\":\"Mekulo\"},\"image\":{\"@id\":\"https:\/\/mekulo.com\/no\/#\/schema\/logo\/image\/\"}}]}<\/script>\n<!-- \/ Yoast SEO plugin. -->","yoast_head_json":{"title":"Ballspill med bestemorbukser - Mekulo NO","robots":{"index":"index","follow":"follow","max-snippet":"max-snippet:-1","max-image-preview":"max-image-preview:large","max-video-preview":"max-video-preview:-1"},"canonical":"https:\/\/mekulo.com\/no\/produkt\/ballspill-med-bestemorbukser\/","og_locale":"nb_NO","og_type":"article","og_title":"Ballspill med bestemorbukser - Mekulo NO","og_description":"\ud83d\udc56Dette bestemor-bukseballspillet er et morsomt gruppespill der spillerne har p\u00e5 seg store bukser og pr\u00f8ver \u00e5 fange baller kun ved hjelp av buksene. \ud83d\udc68\u200d\ud83d\udc69\u200d\ud83d\udc67It f\u00e5r alle til \u00e5 bevege seg, le og samhandle, noe som gj\u00f8r det perfekt for fester, familiearrangementer, skoleaktiviteter og utend\u00f8rs moro. \ud83e\udd23De enkle reglene gj\u00f8r det enkelt for alle \u00e5 v\u00e6re med og begynne \u00e5 ha det g\u00f8y med en gang.","og_url":"https:\/\/mekulo.com\/no\/produkt\/ballspill-med-bestemorbukser\/","og_site_name":"Mekulo NO","article_modified_time":"2026-02-03T15:04:03+00:00","og_image":[{"width":1080,"height":1080,"url":"https:\/\/mekulo.com\/no\/wp-content\/uploads\/sites\/10\/2026\/01\/gbniymz-1.jpg","type":"image\/jpeg"}],"twitter_card":"summary_large_image","twitter_misc":{"Ansl. lesetid":"2 minutter"},"schema":{"@context":"https:\/\/schema.org","@graph":[{"@type":"WebPage","@id":"https:\/\/mekulo.com\/no\/produkt\/ballspill-med-bestemorbukser\/","url":"https:\/\/mekulo.com\/no\/produkt\/ballspill-med-bestemorbukser\/","name":"Ballspill med bestemorbukser - Mekulo NO","isPartOf":{"@id":"https:\/\/mekulo.com\/no\/#website"},"primaryImageOfPage":{"@id":"https:\/\/mekulo.com\/no\/produkt\/ballspill-med-bestemorbukser\/#primaryimage"},"image":{"@id":"https:\/\/mekulo.com\/no\/produkt\/ballspill-med-bestemorbukser\/#primaryimage"},"thumbnailUrl":"https:\/\/mekulo.com\/no\/wp-content\/uploads\/sites\/10\/2026\/01\/gbniymz-1.jpg","datePublished":"2026-01-22T13:36:16+00:00","dateModified":"2026-02-03T15:04:03+00:00","breadcrumb":{"@id":"https:\/\/mekulo.com\/no\/produkt\/ballspill-med-bestemorbukser\/#breadcrumb"},"inLanguage":"nb-NO","potentialAction":[{"@type":"ReadAction","target":["https:\/\/mekulo.com\/no\/produkt\/ballspill-med-bestemorbukser\/"]}]},{"@type":"ImageObject","inLanguage":"nb-NO","@id":"https:\/\/mekulo.com\/no\/produkt\/ballspill-med-bestemorbukser\/#primaryimage","url":"https:\/\/mekulo.com\/no\/wp-content\/uploads\/sites\/10\/2026\/01\/gbniymz-1.jpg","contentUrl":"https:\/\/mekulo.com\/no\/wp-content\/uploads\/sites\/10\/2026\/01\/gbniymz-1.jpg","width":1080,"height":1080},{"@type":"BreadcrumbList","@id":"https:\/\/mekulo.com\/no\/produkt\/ballspill-med-bestemorbukser\/#breadcrumb","itemListElement":[{"@type":"ListItem","position":1,"name":"Home","item":"https:\/\/mekulo.com\/no\/"},{"@type":"ListItem","position":2,"name":"Butikk","item":"https:\/\/mekulo.com\/no\/butikk\/"},{"@type":"ListItem","position":3,"name":"Ballspill med bestemorbukser"}]},{"@type":"WebSite","@id":"https:\/\/mekulo.com\/no\/#website","url":"https:\/\/mekulo.com\/no\/","name":"Mekulo NO","description":"","publisher":{"@id":"https:\/\/mekulo.com\/no\/#organization"},"potentialAction":[{"@type":"SearchAction","target":{"@type":"EntryPoint","urlTemplate":"https:\/\/mekulo.com\/no\/?s={search_term_string}"},"query-input":{"@type":"PropertyValueSpecification","valueRequired":true,"valueName":"search_term_string"}}],"inLanguage":"nb-NO"},{"@type":"Organization","@id":"https:\/\/mekulo.com\/no\/#organization","name":"Mekulo","url":"https:\/\/mekulo.com\/no\/","logo":{"@type":"ImageObject","inLanguage":"nb-NO","@id":"https:\/\/mekulo.com\/no\/#\/schema\/logo\/image\/","url":"https:\/\/mekulo.com\/no\/wp-content\/uploads\/sites\/10\/2025\/12\/favicon_mekulo.png","contentUrl":"https:\/\/mekulo.com\/no\/wp-content\/uploads\/sites\/10\/2025\/12\/favicon_mekulo.png","width":50,"height":50,"caption":"Mekulo"},"image":{"@id":"https:\/\/mekulo.com\/no\/#\/schema\/logo\/image\/"}}]}},"_links":{"self":[{"href":"https:\/\/mekulo.com\/no\/wp-json\/wp\/v2\/product\/18902","targetHints":{"allow":["GET"]}}],"collection":[{"href":"https:\/\/mekulo.com\/no\/wp-json\/wp\/v2\/product"}],"about":[{"href":"https:\/\/mekulo.com\/no\/wp-json\/wp\/v2\/types\/product"}],"replies":[{"embeddable":true,"href":"https:\/\/mekulo.com\/no\/wp-json\/wp\/v2\/comments?post=18902"}],"wp:featuredmedia":[{"embeddable":true,"href":"https:\/\/mekulo.com\/no\/wp-json\/wp\/v2\/media\/18898"}],"wp:attachment":[{"href":"https:\/\/mekulo.com\/no\/wp-json\/wp\/v2\/media?parent=18902"}],"wp:term":[{"taxonomy":"product_brand","embeddable":true,"href":"https:\/\/mekulo.com\/no\/wp-json\/wp\/v2\/product_brand?post=18902"},{"taxonomy":"product_cat","embeddable":true,"href":"https:\/\/mekulo.com\/no\/wp-json\/wp\/v2\/product_cat?post=18902"},{"taxonomy":"product_tag","embeddable":true,"href":"https:\/\/mekulo.com\/no\/wp-json\/wp\/v2\/product_tag?post=18902"}],"curies":[{"name":"wp","href":"https:\/\/api.w.org\/{rel}","templated":true}]}}