{"id":18886,"date":"2026-01-22T15:34:12","date_gmt":"2026-01-22T13:34:12","guid":{"rendered":"https:\/\/mekulo.com\/no\/produkt\/handarbeidssett-med-vennskapsarmband\/"},"modified":"2026-02-03T17:08:22","modified_gmt":"2026-02-03T15:08:22","slug":"handarbeidssett-med-vennskapsarmband","status":"publish","type":"product","link":"https:\/\/mekulo.com\/no\/produkt\/handarbeidssett-med-vennskapsarmband\/","title":{"rendered":"H\u00e5ndarbeidssett med vennskapsarmb\u00e5nd"},"content":{"rendered":"<div class=\"flex flex-col text-sm pb-25\">\n<article class=\"text-token-text-primary w-full focus:outline-none [--shadow-height:45px] has-data-writing-block:pointer-events-none has-data-writing-block:-mt-(--shadow-height) has-data-writing-block:pt-(--shadow-height) [&amp;:has([data-writing-block])&gt;*]:pointer-events-auto scroll-mt-[calc(var(--header-height)+min(200px,max(70px,20svh)))]\" dir=\"auto\" data-turn-id=\"request-6967c1f1-7850-8327-b867-fefbba98715c-6\" data-testid=\"conversation-turn-68\" data-scroll-anchor=\"true\" data-turn=\"assistant\">\n<div class=\"text-base my-auto mx-auto pb-10 [--thread-content-margin:--spacing(4)] @w-sm\/main:[--thread-content-margin:--spacing(6)] @w-lg\/main:[--thread-content-margin:--spacing(16)] px-(--thread-content-margin)\">\n<div class=\"[--thread-content-max-width:40rem] @w-lg\/main:[--thread-content-max-width:48rem] mx-auto max-w-(--thread-content-max-width) flex-1 group\/turn-messages focus-visible:outline-hidden relative flex w-full min-w-0 flex-col agent-turn\">\n<div class=\"flex max-w-full flex-col grow\">\n<div class=\"min-h-8 text-message relative flex w-full flex-col items-end gap-2 text-start break-words whitespace-normal [.text-message+&amp;]:mt-1\" dir=\"auto\" data-message-author-role=\"assistant\" data-message-id=\"82d5bb7a-c718-4c34-a64d-bc2f53991739\" data-message-model-slug=\"gpt-5-2\">\n<div class=\"flex w-full flex-col gap-1 empty:hidden first:pt-[1px]\">\n<div class=\"markdown prose dark:prose-invert w-full break-words light markdown-new-styling\">\n<p style=\"text-align: center\" data-start=\"0\" data-end=\"75\"><strong data-start=\"0\" data-end=\"75\">Lag Fargerike Vennskapsarmb\u00e5nd Samtidig Som Du \u00d8ker Kreativiteten Og Moroa. \ud83d\udc65<\/strong><\/p>\n<p data-start=\"0\" data-end=\"75\"><img decoding=\"async\" class=\"size-full wp-image-21061 aligncenter\" src=\"https:\/\/mekulo.com\/template\/wp-content\/uploads\/sites\/6\/2026\/01\/746097e795a7bf853821dbe4edd3622698f605c8-800.avif\" alt=\"\" \/><\/p>\n<h2 style=\"text-align: center\" data-start=\"327\" data-end=\"347\">Hovedfordeler \ud83c\udf08<\/h2>\n<p data-start=\"350\" data-end=\"418\">\u2728 Kreative armb\u00e5nd &#8211; Design og flett unike armb\u00e5nd.<\/p>\n<p data-start=\"421\" data-end=\"476\">\ud83c\udfa8 Fargerike tr\u00e5der &#8211; Morsomme farger som barn elsker.<\/p>\n<p data-start=\"479\" data-end=\"542\">\u270b Forbedrer h\u00e5ndferdigheter &#8211; Styrker koordinasjon og t\u00e5lmodighet.<\/p>\n<p data-start=\"545\" data-end=\"610\">\ud83e\udde0 Oppmuntrer til kreativitet &#8211; Uttrykk personlig stil og ideer.<\/p>\n<p data-start=\"613\" data-end=\"677\">\ud83d\udc68\u200d\ud83d\udc69\u200d\ud83d\udc67 Flott for familietid &#8211; Morsom aktivitet for foreldre og barn.<\/p>\n<p data-start=\"680\" data-end=\"742\">\ud83c\udf81 Perfekt gave til jenter &#8211; L\u00e6rerikt og underholdende.<\/p>\n<p data-start=\"680\" data-end=\"742\"><img decoding=\"async\" class=\"size-full wp-image-21062 aligncenter\" src=\"https:\/\/mekulo.com\/template\/wp-content\/uploads\/sites\/6\/2026\/01\/62dbecdee3b7938c382335b056a70993b78fa000.avif\" alt=\"\" \/><\/p>\n<h2 style=\"text-align: center\" data-start=\"749\" data-end=\"763\">Bruksanvisning \ud83d\udccc<\/h2>\n<ol data-start=\"764\" data-end=\"1031\">\n<li data-start=\"764\" data-end=\"806\">\n<p data-start=\"767\" data-end=\"806\">Velg dine favorittfargede tr\u00e5der.<\/p>\n<\/li>\n<li data-start=\"807\" data-end=\"853\">\n<p data-start=\"810\" data-end=\"853\">Legg tr\u00e5dene i fletteverkt\u00f8yet.<\/p>\n<\/li>\n<li data-start=\"854\" data-end=\"892\">\n<p data-start=\"857\" data-end=\"892\">F\u00f8lg de enkle flettetrinnene.<\/p>\n<\/li>\n<li data-start=\"893\" data-end=\"946\">\n<p data-start=\"896\" data-end=\"946\">Fortsett \u00e5 veve til armb\u00e5ndet er ferdig.<\/p>\n<\/li>\n<li data-start=\"947\" data-end=\"988\">\n<p data-start=\"950\" data-end=\"988\">Fest med en spenne eller et gummib\u00e5nd.<\/p>\n<\/li>\n<li data-start=\"989\" data-end=\"1031\">\n<p data-start=\"992\" data-end=\"1031\">Bruk eller del ditt h\u00e5ndlagde armb\u00e5nd.<\/p>\n<\/li>\n<\/ol>\n<h2 style=\"text-align: center\" data-start=\"1038\" data-end=\"1057\">Produktdetaljer \ud83d\udccf<\/h2>\n<ul data-start=\"1058\" data-end=\"1272\">\n<li data-start=\"1106\" data-end=\"1141\">\n<p data-start=\"1108\" data-end=\"1141\">Materiale: ABS og bomullstr\u00e5d<\/p>\n<\/li>\n<li data-start=\"1142\" data-end=\"1186\">\n<p data-start=\"1144\" data-end=\"1186\">Type: Armb\u00e5ndsfletting og h\u00e5ndverkssett<\/p>\n<\/li>\n<li data-start=\"1187\" data-end=\"1213\">\n<p data-start=\"1189\" data-end=\"1213\">Egnet for: Barn<\/p>\n<\/li>\n<li data-start=\"1214\" data-end=\"1272\">\n<p data-start=\"1216\" data-end=\"1272\">Bruk: Lage armb\u00e5nd, kreativ lek, familieaktiviteter<\/p>\n<\/li>\n<li data-start=\"1214\" data-end=\"1272\">St\u00f8rrelse: 23,8 x 11 x 2,8 cm<\/li>\n<\/ul>\n<h2 style=\"text-align: center\" data-start=\"1279\" data-end=\"1299\">Pakken Inkluderer \ud83d\udce6<\/h2>\n<ul data-start=\"1300\" data-end=\"1452\" data-is-last-node=\"\" data-is-only-node=\"\">\n<li data-start=\"1300\" data-end=\"1336\">\n<p data-start=\"1302\" data-end=\"1336\">1x fletteverkt\u00f8y<\/p>\n<\/li>\n<li data-start=\"1337\" data-end=\"1384\">\n<p data-start=\"1339\" data-end=\"1384\">10x fargede silketr\u00e5der med 10 korn<\/p>\n<\/li>\n<li data-start=\"1385\" data-end=\"1410\">\n<p data-start=\"1387\" data-end=\"1410\">10x runde spenner<\/p>\n<\/li>\n<li data-start=\"1411\" data-end=\"1435\">\n<p data-start=\"1413\" data-end=\"1435\">10x gummib\u00e5nd<\/p>\n<\/li>\n<li data-start=\"1436\" data-end=\"1452\" data-is-last-node=\"\">\n<p data-start=\"1438\" data-end=\"1452\" data-is-last-node=\"\">1x klistremerke.<\/p>\n<\/li>\n<\/ul>\n<\/div>\n<\/div>\n<\/div>\n<\/div>\n<\/div>\n<\/div>\n<\/article>\n<\/div>\n","protected":false},"excerpt":{"rendered":"<p>\ud83e\uddf5Med dette settet med vennskapsarmb\u00e5nd kan barna lage sine egne unike armb\u00e5nd ved hjelp av lyse, trygge tr\u00e5der og et enkelt fletteverkt\u00f8y.<br \/>\n\ud83e\uddf7Det oppmuntrer til kreativitet, forbedrer h\u00e5ndferdighetene og gir en morsom aktivitet for sololek eller familietid.<br \/>\n\ud83c\udfa8Dette gj\u00f8r det til et meningsfullt og engasjerende h\u00e5ndverk for \u00e5 l\u00e6re samtidig som man har det g\u00f8y.<\/p>\n","protected":false},"featured_media":18882,"comment_status":"open","ping_status":"closed","template":"","meta":{"site-sidebar-layout":"default","site-content-layout":"","ast-site-content-layout":"default","site-content-style":"default","site-sidebar-style":"default","ast-global-header-display":"","ast-banner-title-visibility":"","ast-main-header-display":"","ast-hfb-above-header-display":"","ast-hfb-below-header-display":"","ast-hfb-mobile-header-display":"","site-post-title":"","ast-breadcrumbs-content":"","ast-featured-img":"","footer-sml-layout":"","theme-transparent-header-meta":"default","adv-header-id-meta":"","stick-header-meta":"","header-above-stick-meta":"","header-main-stick-meta":"","header-below-stick-meta":"","astra-migrate-meta-layouts":"set","ast-page-background-enabled":"default","ast-page-background-meta":{"desktop":{"background-color":"var(--ast-global-color-5)","background-image":"","background-repeat":"repeat","background-position":"center center","background-size":"auto","background-attachment":"scroll","background-type":"","background-media":"","overlay-type":"","overlay-color":"","overlay-opacity":"","overlay-gradient":""},"tablet":{"background-color":"","background-image":"","background-repeat":"repeat","background-position":"center center","background-size":"auto","background-attachment":"scroll","background-type":"","background-media":"","overlay-type":"","overlay-color":"","overlay-opacity":"","overlay-gradient":""},"mobile":{"background-color":"","background-image":"","background-repeat":"repeat","background-position":"center center","background-size":"auto","background-attachment":"scroll","background-type":"","background-media":"","overlay-type":"","overlay-color":"","overlay-opacity":"","overlay-gradient":""}},"ast-content-background-meta":{"desktop":{"background-color":"var(--ast-global-color-4)","background-image":"","background-repeat":"repeat","background-position":"center center","background-size":"auto","background-attachment":"scroll","background-type":"","background-media":"","overlay-type":"","overlay-color":"","overlay-opacity":"","overlay-gradient":""},"tablet":{"background-color":"var(--ast-global-color-4)","background-image":"","background-repeat":"repeat","background-position":"center center","background-size":"auto","background-attachment":"scroll","background-type":"","background-media":"","overlay-type":"","overlay-color":"","overlay-opacity":"","overlay-gradient":""},"mobile":{"background-color":"var(--ast-global-color-4)","background-image":"","background-repeat":"repeat","background-position":"center center","background-size":"auto","background-attachment":"scroll","background-type":"","background-media":"","overlay-type":"","overlay-color":"","overlay-opacity":"","overlay-gradient":""}}},"product_brand":[],"product_cat":[172],"product_tag":[],"class_list":{"0":"post-18886","1":"product","2":"type-product","3":"status-publish","4":"has-post-thumbnail","6":"product_cat-leker-barne-og-babyprodukter","7":"pa_50680_clvxenay-lilla","8":"pa_50680_clvxenay-rosa","9":"desktop-align-left","10":"tablet-align-left","11":"mobile-align-left","13":"first","14":"instock","15":"shipping-taxable","16":"purchasable","17":"product-type-variable"},"yoast_head":"<!-- This site is optimized with the Yoast SEO plugin v26.6 - https:\/\/yoast.com\/wordpress\/plugins\/seo\/ -->\n<title>H\u00e5ndarbeidssett med vennskapsarmb\u00e5nd - Mekulo NO<\/title>\n<meta name=\"robots\" content=\"index, follow, max-snippet:-1, max-image-preview:large, max-video-preview:-1\" \/>\n<link rel=\"canonical\" href=\"https:\/\/mekulo.com\/no\/produkt\/handarbeidssett-med-vennskapsarmband\/\" \/>\n<meta property=\"og:locale\" content=\"nb_NO\" \/>\n<meta property=\"og:type\" content=\"article\" \/>\n<meta property=\"og:title\" content=\"H\u00e5ndarbeidssett med vennskapsarmb\u00e5nd - Mekulo NO\" \/>\n<meta property=\"og:description\" content=\"\ud83e\uddf5Med dette settet med vennskapsarmb\u00e5nd kan barna lage sine egne unike armb\u00e5nd ved hjelp av lyse, trygge tr\u00e5der og et enkelt fletteverkt\u00f8y. \ud83e\uddf7Det oppmuntrer til kreativitet, forbedrer h\u00e5ndferdighetene og gir en morsom aktivitet for sololek eller familietid. \ud83c\udfa8Dette gj\u00f8r det til et meningsfullt og engasjerende h\u00e5ndverk for \u00e5 l\u00e6re samtidig som man har det g\u00f8y.\" \/>\n<meta property=\"og:url\" content=\"https:\/\/mekulo.com\/no\/produkt\/handarbeidssett-med-vennskapsarmband\/\" \/>\n<meta property=\"og:site_name\" content=\"Mekulo NO\" \/>\n<meta property=\"article:modified_time\" content=\"2026-02-03T15:08:22+00:00\" \/>\n<meta property=\"og:image\" content=\"https:\/\/mekulo.com\/no\/wp-content\/uploads\/sites\/10\/2026\/01\/xdxs1k7-1.jpg\" \/>\n\t<meta property=\"og:image:width\" content=\"1080\" \/>\n\t<meta property=\"og:image:height\" content=\"1080\" \/>\n\t<meta property=\"og:image:type\" content=\"image\/jpeg\" \/>\n<meta name=\"twitter:card\" content=\"summary_large_image\" \/>\n<meta name=\"twitter:label1\" content=\"Ansl. lesetid\" \/>\n\t<meta name=\"twitter:data1\" content=\"2 minutter\" \/>\n<script type=\"application\/ld+json\" class=\"yoast-schema-graph\">{\"@context\":\"https:\/\/schema.org\",\"@graph\":[{\"@type\":\"WebPage\",\"@id\":\"https:\/\/mekulo.com\/no\/produkt\/handarbeidssett-med-vennskapsarmband\/\",\"url\":\"https:\/\/mekulo.com\/no\/produkt\/handarbeidssett-med-vennskapsarmband\/\",\"name\":\"H\u00e5ndarbeidssett med vennskapsarmb\u00e5nd - Mekulo NO\",\"isPartOf\":{\"@id\":\"https:\/\/mekulo.com\/no\/#website\"},\"primaryImageOfPage\":{\"@id\":\"https:\/\/mekulo.com\/no\/produkt\/handarbeidssett-med-vennskapsarmband\/#primaryimage\"},\"image\":{\"@id\":\"https:\/\/mekulo.com\/no\/produkt\/handarbeidssett-med-vennskapsarmband\/#primaryimage\"},\"thumbnailUrl\":\"https:\/\/mekulo.com\/no\/wp-content\/uploads\/sites\/10\/2026\/01\/xdxs1k7-1.jpg\",\"datePublished\":\"2026-01-22T13:34:12+00:00\",\"dateModified\":\"2026-02-03T15:08:22+00:00\",\"breadcrumb\":{\"@id\":\"https:\/\/mekulo.com\/no\/produkt\/handarbeidssett-med-vennskapsarmband\/#breadcrumb\"},\"inLanguage\":\"nb-NO\",\"potentialAction\":[{\"@type\":\"ReadAction\",\"target\":[\"https:\/\/mekulo.com\/no\/produkt\/handarbeidssett-med-vennskapsarmband\/\"]}]},{\"@type\":\"ImageObject\",\"inLanguage\":\"nb-NO\",\"@id\":\"https:\/\/mekulo.com\/no\/produkt\/handarbeidssett-med-vennskapsarmband\/#primaryimage\",\"url\":\"https:\/\/mekulo.com\/no\/wp-content\/uploads\/sites\/10\/2026\/01\/xdxs1k7-1.jpg\",\"contentUrl\":\"https:\/\/mekulo.com\/no\/wp-content\/uploads\/sites\/10\/2026\/01\/xdxs1k7-1.jpg\",\"width\":1080,\"height\":1080},{\"@type\":\"BreadcrumbList\",\"@id\":\"https:\/\/mekulo.com\/no\/produkt\/handarbeidssett-med-vennskapsarmband\/#breadcrumb\",\"itemListElement\":[{\"@type\":\"ListItem\",\"position\":1,\"name\":\"Home\",\"item\":\"https:\/\/mekulo.com\/no\/\"},{\"@type\":\"ListItem\",\"position\":2,\"name\":\"Butikk\",\"item\":\"https:\/\/mekulo.com\/no\/butikk\/\"},{\"@type\":\"ListItem\",\"position\":3,\"name\":\"H\u00e5ndarbeidssett med vennskapsarmb\u00e5nd\"}]},{\"@type\":\"WebSite\",\"@id\":\"https:\/\/mekulo.com\/no\/#website\",\"url\":\"https:\/\/mekulo.com\/no\/\",\"name\":\"Mekulo NO\",\"description\":\"\",\"publisher\":{\"@id\":\"https:\/\/mekulo.com\/no\/#organization\"},\"potentialAction\":[{\"@type\":\"SearchAction\",\"target\":{\"@type\":\"EntryPoint\",\"urlTemplate\":\"https:\/\/mekulo.com\/no\/?s={search_term_string}\"},\"query-input\":{\"@type\":\"PropertyValueSpecification\",\"valueRequired\":true,\"valueName\":\"search_term_string\"}}],\"inLanguage\":\"nb-NO\"},{\"@type\":\"Organization\",\"@id\":\"https:\/\/mekulo.com\/no\/#organization\",\"name\":\"Mekulo\",\"url\":\"https:\/\/mekulo.com\/no\/\",\"logo\":{\"@type\":\"ImageObject\",\"inLanguage\":\"nb-NO\",\"@id\":\"https:\/\/mekulo.com\/no\/#\/schema\/logo\/image\/\",\"url\":\"https:\/\/mekulo.com\/no\/wp-content\/uploads\/sites\/10\/2025\/12\/favicon_mekulo.png\",\"contentUrl\":\"https:\/\/mekulo.com\/no\/wp-content\/uploads\/sites\/10\/2025\/12\/favicon_mekulo.png\",\"width\":50,\"height\":50,\"caption\":\"Mekulo\"},\"image\":{\"@id\":\"https:\/\/mekulo.com\/no\/#\/schema\/logo\/image\/\"}}]}<\/script>\n<!-- \/ Yoast SEO plugin. -->","yoast_head_json":{"title":"H\u00e5ndarbeidssett med vennskapsarmb\u00e5nd - Mekulo NO","robots":{"index":"index","follow":"follow","max-snippet":"max-snippet:-1","max-image-preview":"max-image-preview:large","max-video-preview":"max-video-preview:-1"},"canonical":"https:\/\/mekulo.com\/no\/produkt\/handarbeidssett-med-vennskapsarmband\/","og_locale":"nb_NO","og_type":"article","og_title":"H\u00e5ndarbeidssett med vennskapsarmb\u00e5nd - Mekulo NO","og_description":"\ud83e\uddf5Med dette settet med vennskapsarmb\u00e5nd kan barna lage sine egne unike armb\u00e5nd ved hjelp av lyse, trygge tr\u00e5der og et enkelt fletteverkt\u00f8y. \ud83e\uddf7Det oppmuntrer til kreativitet, forbedrer h\u00e5ndferdighetene og gir en morsom aktivitet for sololek eller familietid. \ud83c\udfa8Dette gj\u00f8r det til et meningsfullt og engasjerende h\u00e5ndverk for \u00e5 l\u00e6re samtidig som man har det g\u00f8y.","og_url":"https:\/\/mekulo.com\/no\/produkt\/handarbeidssett-med-vennskapsarmband\/","og_site_name":"Mekulo NO","article_modified_time":"2026-02-03T15:08:22+00:00","og_image":[{"width":1080,"height":1080,"url":"https:\/\/mekulo.com\/no\/wp-content\/uploads\/sites\/10\/2026\/01\/xdxs1k7-1.jpg","type":"image\/jpeg"}],"twitter_card":"summary_large_image","twitter_misc":{"Ansl. lesetid":"2 minutter"},"schema":{"@context":"https:\/\/schema.org","@graph":[{"@type":"WebPage","@id":"https:\/\/mekulo.com\/no\/produkt\/handarbeidssett-med-vennskapsarmband\/","url":"https:\/\/mekulo.com\/no\/produkt\/handarbeidssett-med-vennskapsarmband\/","name":"H\u00e5ndarbeidssett med vennskapsarmb\u00e5nd - Mekulo NO","isPartOf":{"@id":"https:\/\/mekulo.com\/no\/#website"},"primaryImageOfPage":{"@id":"https:\/\/mekulo.com\/no\/produkt\/handarbeidssett-med-vennskapsarmband\/#primaryimage"},"image":{"@id":"https:\/\/mekulo.com\/no\/produkt\/handarbeidssett-med-vennskapsarmband\/#primaryimage"},"thumbnailUrl":"https:\/\/mekulo.com\/no\/wp-content\/uploads\/sites\/10\/2026\/01\/xdxs1k7-1.jpg","datePublished":"2026-01-22T13:34:12+00:00","dateModified":"2026-02-03T15:08:22+00:00","breadcrumb":{"@id":"https:\/\/mekulo.com\/no\/produkt\/handarbeidssett-med-vennskapsarmband\/#breadcrumb"},"inLanguage":"nb-NO","potentialAction":[{"@type":"ReadAction","target":["https:\/\/mekulo.com\/no\/produkt\/handarbeidssett-med-vennskapsarmband\/"]}]},{"@type":"ImageObject","inLanguage":"nb-NO","@id":"https:\/\/mekulo.com\/no\/produkt\/handarbeidssett-med-vennskapsarmband\/#primaryimage","url":"https:\/\/mekulo.com\/no\/wp-content\/uploads\/sites\/10\/2026\/01\/xdxs1k7-1.jpg","contentUrl":"https:\/\/mekulo.com\/no\/wp-content\/uploads\/sites\/10\/2026\/01\/xdxs1k7-1.jpg","width":1080,"height":1080},{"@type":"BreadcrumbList","@id":"https:\/\/mekulo.com\/no\/produkt\/handarbeidssett-med-vennskapsarmband\/#breadcrumb","itemListElement":[{"@type":"ListItem","position":1,"name":"Home","item":"https:\/\/mekulo.com\/no\/"},{"@type":"ListItem","position":2,"name":"Butikk","item":"https:\/\/mekulo.com\/no\/butikk\/"},{"@type":"ListItem","position":3,"name":"H\u00e5ndarbeidssett med vennskapsarmb\u00e5nd"}]},{"@type":"WebSite","@id":"https:\/\/mekulo.com\/no\/#website","url":"https:\/\/mekulo.com\/no\/","name":"Mekulo NO","description":"","publisher":{"@id":"https:\/\/mekulo.com\/no\/#organization"},"potentialAction":[{"@type":"SearchAction","target":{"@type":"EntryPoint","urlTemplate":"https:\/\/mekulo.com\/no\/?s={search_term_string}"},"query-input":{"@type":"PropertyValueSpecification","valueRequired":true,"valueName":"search_term_string"}}],"inLanguage":"nb-NO"},{"@type":"Organization","@id":"https:\/\/mekulo.com\/no\/#organization","name":"Mekulo","url":"https:\/\/mekulo.com\/no\/","logo":{"@type":"ImageObject","inLanguage":"nb-NO","@id":"https:\/\/mekulo.com\/no\/#\/schema\/logo\/image\/","url":"https:\/\/mekulo.com\/no\/wp-content\/uploads\/sites\/10\/2025\/12\/favicon_mekulo.png","contentUrl":"https:\/\/mekulo.com\/no\/wp-content\/uploads\/sites\/10\/2025\/12\/favicon_mekulo.png","width":50,"height":50,"caption":"Mekulo"},"image":{"@id":"https:\/\/mekulo.com\/no\/#\/schema\/logo\/image\/"}}]}},"_links":{"self":[{"href":"https:\/\/mekulo.com\/no\/wp-json\/wp\/v2\/product\/18886","targetHints":{"allow":["GET"]}}],"collection":[{"href":"https:\/\/mekulo.com\/no\/wp-json\/wp\/v2\/product"}],"about":[{"href":"https:\/\/mekulo.com\/no\/wp-json\/wp\/v2\/types\/product"}],"replies":[{"embeddable":true,"href":"https:\/\/mekulo.com\/no\/wp-json\/wp\/v2\/comments?post=18886"}],"wp:featuredmedia":[{"embeddable":true,"href":"https:\/\/mekulo.com\/no\/wp-json\/wp\/v2\/media\/18882"}],"wp:attachment":[{"href":"https:\/\/mekulo.com\/no\/wp-json\/wp\/v2\/media?parent=18886"}],"wp:term":[{"taxonomy":"product_brand","embeddable":true,"href":"https:\/\/mekulo.com\/no\/wp-json\/wp\/v2\/product_brand?post=18886"},{"taxonomy":"product_cat","embeddable":true,"href":"https:\/\/mekulo.com\/no\/wp-json\/wp\/v2\/product_cat?post=18886"},{"taxonomy":"product_tag","embeddable":true,"href":"https:\/\/mekulo.com\/no\/wp-json\/wp\/v2\/product_tag?post=18886"}],"curies":[{"name":"wp","href":"https:\/\/api.w.org\/{rel}","templated":true}]}}