{"id":18854,"date":"2026-01-22T15:30:36","date_gmt":"2026-01-22T13:30:36","guid":{"rendered":"https:\/\/mekulo.com\/no\/produkt\/baerbar-dobbel-fotmassasjerulle\/"},"modified":"2026-01-26T22:05:51","modified_gmt":"2026-01-26T20:05:51","slug":"baerbar-dobbel-fotmassasjerulle","status":"publish","type":"product","link":"https:\/\/mekulo.com\/no\/produkt\/baerbar-dobbel-fotmassasjerulle\/","title":{"rendered":"B\u00e6rbar dobbel fotmassasjerulle"},"content":{"rendered":"<p style=\"text-align: center;\" data-start=\"0\" data-end=\"80\"><strong data-start=\"0\" data-end=\"80\">Lindre fotsmerter og slapp av f\u00f8ttene n\u00e5r som helst med en enkel rullemassasje. \ud83e\uddb6<\/strong><\/p>\n<p data-start=\"0\" data-end=\"80\"><img fetchpriority=\"high\" decoding=\"async\" class=\"size-full wp-image-21034 aligncenter\" src=\"https:\/\/mekulo.com\/template\/wp-content\/uploads\/sites\/6\/2026\/01\/S989a2918e77f448bb74888fb165a1b6aI.webp\" alt=\"\" width=\"1001\" height=\"1001\" \/><\/p>\n<h2 style=\"text-align: center;\" data-start=\"334\" data-end=\"354\">Hovedfordeler \ud83d\udc63<\/h2>\n<p data-start=\"357\" data-end=\"415\">\ud83d\udd04 Massasje med to hjul &#8211; Dyp elting for slitne f\u00f8tter.<\/p>\n<p data-start=\"418\" data-end=\"477\">\ud83e\uddb6 M\u00e5lretter mot trykkpunkter &#8211; Hjelper med \u00e5 slappe av fotmuskulaturen.<\/p>\n<p data-start=\"480\" data-end=\"540\">\ud83d\udc86 Lindrer tretthet &#8211; Reduserer \u00f8mhet etter lange dager.<\/p>\n<p data-start=\"543\" data-end=\"600\">\ud83e\uddf3 B\u00e6rbar og lett &#8211; Enkel \u00e5 b\u00e6re og oppbevare.<\/p>\n<p data-start=\"603\" data-end=\"650\">\ud83c\udfe0 Bruk hvor som helst &#8211; Hjemme, p\u00e5 kontoret eller p\u00e5 reise.<\/p>\n<p data-start=\"653\" data-end=\"714\">\ud83d\ude34 Fremmer avslapning &#8211; St\u00f8tter bedre hvile og s\u00f8vn.<\/p>\n<p data-start=\"653\" data-end=\"714\"><img decoding=\"async\" class=\"size-full wp-image-21031 aligncenter\" src=\"https:\/\/mekulo.com\/template\/wp-content\/uploads\/sites\/6\/2026\/01\/S4c14f93a68fe4c3b91f678b2164affa5J.jpg\" alt=\"\" width=\"1080\" height=\"1080\" \/><\/p>\n<h2 style=\"text-align: center;\" data-start=\"721\" data-end=\"735\">Hvordan du bruker \ud83d\udccc<\/h2>\n<ol data-start=\"736\" data-end=\"986\">\n<li data-start=\"736\" data-end=\"784\">\n<p data-start=\"739\" data-end=\"784\">Plasser fotmassasjerullen p\u00e5 gulvet.<\/p>\n<\/li>\n<li data-start=\"785\" data-end=\"817\">\n<p data-start=\"788\" data-end=\"817\">Sitt komfortabelt p\u00e5 en stol.<\/p>\n<\/li>\n<li data-start=\"818\" data-end=\"861\">\n<p data-start=\"821\" data-end=\"861\">Plasser en eller begge f\u00f8ttene p\u00e5 rullene.<\/p>\n<\/li>\n<li data-start=\"862\" data-end=\"899\">\n<p data-start=\"865\" data-end=\"899\">Rull f\u00f8ttene frem og tilbake forsiktig.<\/p>\n<\/li>\n<li data-start=\"900\" data-end=\"953\">\n<p data-start=\"903\" data-end=\"953\">Juster trykket ved \u00e5 bruke mer eller mindre vekt.<\/p>\n<\/li>\n<li data-start=\"954\" data-end=\"986\">\n<p data-start=\"957\" data-end=\"986\">Bruk daglig for best resultat.<\/p>\n<\/li>\n<\/ol>\n<h2 style=\"text-align: center;\" data-start=\"993\" data-end=\"1012\">Produktdetaljer \ud83d\udccf<\/h2>\n<ul data-start=\"1013\" data-end=\"1251\">\n<li data-start=\"1067\" data-end=\"1109\">\n<p data-start=\"1069\" data-end=\"1109\">Design: Ergonomisk struktur med to hjul<\/p>\n<\/li>\n<li data-start=\"1110\" data-end=\"1139\">\n<p data-start=\"1112\" data-end=\"1139\">Materiale: Slitesterk plast<\/p>\n<\/li>\n<li data-start=\"1140\" data-end=\"1178\">\n<p data-start=\"1142\" data-end=\"1178\">Bruk: Fotmassasje og avslapning<\/p>\n<\/li>\n<li data-start=\"1179\" data-end=\"1211\">\n<p data-start=\"1181\" data-end=\"1211\">Egnet for: Alle fotst\u00f8rrelser<\/p>\n<\/li>\n<li data-start=\"1212\" data-end=\"1251\">\n<p data-start=\"1214\" data-end=\"1251\">Brukssteder: Hjem, kontor, reise<\/p>\n<\/li>\n<\/ul>\n<h2 style=\"text-align: center;\" data-start=\"1258\" data-end=\"1278\">Pakken inkluderer \ud83d\udce6<\/h2>\n<ul data-start=\"1279\" data-end=\"1323\" data-is-last-node=\"\" data-is-only-node=\"\">\n<li data-start=\"1279\" data-end=\"1323\" data-is-last-node=\"\">\n<p data-start=\"1281\" data-end=\"1323\" data-is-last-node=\"\">1, 2x b\u00e6rbar dobbel fotmassasjerulle \/ r.<\/p>\n<\/li>\n<\/ul>\n","protected":false},"excerpt":{"rendered":"<p>\ud83d\udc86Denne b\u00e6rbare, doble fotmassasjerullen bruker doble ruller for \u00e5 etterligne h\u00e5ndkn\u00e5ding og frigj\u00f8re spenninger i slitne f\u00f8tter.<br \/>\n\ud83c\udfe0Den hjelper til med \u00e5 stimulere trykkpunkter, forbedrer blodsirkulasjonen og er perfekt for bruk hjemme, p\u00e5 kontoret eller p\u00e5 reise.<br \/>\n\ud83d\udc63Dette gj\u00f8r den til et godt valg for alle som st\u00e5r eller g\u00e5r i lange timer.<\/p>\n","protected":false},"featured_media":18850,"comment_status":"open","ping_status":"closed","template":"","meta":{"site-sidebar-layout":"default","site-content-layout":"","ast-site-content-layout":"default","site-content-style":"default","site-sidebar-style":"default","ast-global-header-display":"","ast-banner-title-visibility":"","ast-main-header-display":"","ast-hfb-above-header-display":"","ast-hfb-below-header-display":"","ast-hfb-mobile-header-display":"","site-post-title":"","ast-breadcrumbs-content":"","ast-featured-img":"","footer-sml-layout":"","theme-transparent-header-meta":"default","adv-header-id-meta":"","stick-header-meta":"","header-above-stick-meta":"","header-main-stick-meta":"","header-below-stick-meta":"","astra-migrate-meta-layouts":"set","ast-page-background-enabled":"default","ast-page-background-meta":{"desktop":{"background-color":"var(--ast-global-color-5)","background-image":"","background-repeat":"repeat","background-position":"center center","background-size":"auto","background-attachment":"scroll","background-type":"","background-media":"","overlay-type":"","overlay-color":"","overlay-opacity":"","overlay-gradient":""},"tablet":{"background-color":"","background-image":"","background-repeat":"repeat","background-position":"center center","background-size":"auto","background-attachment":"scroll","background-type":"","background-media":"","overlay-type":"","overlay-color":"","overlay-opacity":"","overlay-gradient":""},"mobile":{"background-color":"","background-image":"","background-repeat":"repeat","background-position":"center center","background-size":"auto","background-attachment":"scroll","background-type":"","background-media":"","overlay-type":"","overlay-color":"","overlay-opacity":"","overlay-gradient":""}},"ast-content-background-meta":{"desktop":{"background-color":"var(--ast-global-color-4)","background-image":"","background-repeat":"repeat","background-position":"center center","background-size":"auto","background-attachment":"scroll","background-type":"","background-media":"","overlay-type":"","overlay-color":"","overlay-opacity":"","overlay-gradient":""},"tablet":{"background-color":"var(--ast-global-color-4)","background-image":"","background-repeat":"repeat","background-position":"center center","background-size":"auto","background-attachment":"scroll","background-type":"","background-media":"","overlay-type":"","overlay-color":"","overlay-opacity":"","overlay-gradient":""},"mobile":{"background-color":"var(--ast-global-color-4)","background-image":"","background-repeat":"repeat","background-position":"center center","background-size":"auto","background-attachment":"scroll","background-type":"","background-media":"","overlay-type":"","overlay-color":"","overlay-opacity":"","overlay-gradient":""}}},"product_brand":[],"product_cat":[15],"product_tag":[],"class_list":{"0":"post-18854","1":"product","2":"type-product","3":"status-publish","4":"has-post-thumbnail","6":"product_cat-uncategorized","7":"pa_50476_67wpt8n4-1-stk","8":"pa_50476_67wpt8n4-2-stk","9":"pa_50476_y8i138yf-gronn","10":"pa_50476_y8i138yf-lilla","11":"pa_50476_y8i138yf-oransje","12":"desktop-align-left","13":"tablet-align-left","14":"mobile-align-left","16":"first","17":"instock","18":"shipping-taxable","19":"purchasable","20":"product-type-variable","21":"has-default-attributes"},"yoast_head":"<!-- This site is optimized with the Yoast SEO plugin v26.6 - https:\/\/yoast.com\/wordpress\/plugins\/seo\/ -->\n<title>B\u00e6rbar dobbel fotmassasjerulle - Mekulo NO<\/title>\n<meta name=\"robots\" content=\"index, follow, max-snippet:-1, max-image-preview:large, max-video-preview:-1\" \/>\n<link rel=\"canonical\" href=\"https:\/\/mekulo.com\/no\/produkt\/baerbar-dobbel-fotmassasjerulle\/\" \/>\n<meta property=\"og:locale\" content=\"nb_NO\" \/>\n<meta property=\"og:type\" content=\"article\" \/>\n<meta property=\"og:title\" content=\"B\u00e6rbar dobbel fotmassasjerulle - Mekulo NO\" \/>\n<meta property=\"og:description\" content=\"\ud83d\udc86Denne b\u00e6rbare, doble fotmassasjerullen bruker doble ruller for \u00e5 etterligne h\u00e5ndkn\u00e5ding og frigj\u00f8re spenninger i slitne f\u00f8tter. \ud83c\udfe0Den hjelper til med \u00e5 stimulere trykkpunkter, forbedrer blodsirkulasjonen og er perfekt for bruk hjemme, p\u00e5 kontoret eller p\u00e5 reise. \ud83d\udc63Dette gj\u00f8r den til et godt valg for alle som st\u00e5r eller g\u00e5r i lange timer.\" \/>\n<meta property=\"og:url\" content=\"https:\/\/mekulo.com\/no\/produkt\/baerbar-dobbel-fotmassasjerulle\/\" \/>\n<meta property=\"og:site_name\" content=\"Mekulo NO\" \/>\n<meta property=\"article:modified_time\" content=\"2026-01-26T20:05:51+00:00\" \/>\n<meta property=\"og:image\" content=\"https:\/\/mekulo.com\/no\/wp-content\/uploads\/sites\/10\/2026\/01\/wtlkuy5-1.webp\" \/>\n\t<meta property=\"og:image:width\" content=\"1001\" \/>\n\t<meta property=\"og:image:height\" content=\"1001\" \/>\n\t<meta property=\"og:image:type\" content=\"image\/webp\" \/>\n<meta name=\"twitter:card\" content=\"summary_large_image\" \/>\n<meta name=\"twitter:label1\" content=\"Ansl. lesetid\" \/>\n\t<meta name=\"twitter:data1\" content=\"2 minutter\" \/>\n<script type=\"application\/ld+json\" class=\"yoast-schema-graph\">{\"@context\":\"https:\/\/schema.org\",\"@graph\":[{\"@type\":\"WebPage\",\"@id\":\"https:\/\/mekulo.com\/no\/produkt\/baerbar-dobbel-fotmassasjerulle\/\",\"url\":\"https:\/\/mekulo.com\/no\/produkt\/baerbar-dobbel-fotmassasjerulle\/\",\"name\":\"B\u00e6rbar dobbel fotmassasjerulle - Mekulo NO\",\"isPartOf\":{\"@id\":\"https:\/\/mekulo.com\/no\/#website\"},\"primaryImageOfPage\":{\"@id\":\"https:\/\/mekulo.com\/no\/produkt\/baerbar-dobbel-fotmassasjerulle\/#primaryimage\"},\"image\":{\"@id\":\"https:\/\/mekulo.com\/no\/produkt\/baerbar-dobbel-fotmassasjerulle\/#primaryimage\"},\"thumbnailUrl\":\"https:\/\/mekulo.com\/no\/wp-content\/uploads\/sites\/10\/2026\/01\/wtlkuy5-1.webp\",\"datePublished\":\"2026-01-22T13:30:36+00:00\",\"dateModified\":\"2026-01-26T20:05:51+00:00\",\"breadcrumb\":{\"@id\":\"https:\/\/mekulo.com\/no\/produkt\/baerbar-dobbel-fotmassasjerulle\/#breadcrumb\"},\"inLanguage\":\"nb-NO\",\"potentialAction\":[{\"@type\":\"ReadAction\",\"target\":[\"https:\/\/mekulo.com\/no\/produkt\/baerbar-dobbel-fotmassasjerulle\/\"]}]},{\"@type\":\"ImageObject\",\"inLanguage\":\"nb-NO\",\"@id\":\"https:\/\/mekulo.com\/no\/produkt\/baerbar-dobbel-fotmassasjerulle\/#primaryimage\",\"url\":\"https:\/\/mekulo.com\/no\/wp-content\/uploads\/sites\/10\/2026\/01\/wtlkuy5-1.webp\",\"contentUrl\":\"https:\/\/mekulo.com\/no\/wp-content\/uploads\/sites\/10\/2026\/01\/wtlkuy5-1.webp\",\"width\":1001,\"height\":1001},{\"@type\":\"BreadcrumbList\",\"@id\":\"https:\/\/mekulo.com\/no\/produkt\/baerbar-dobbel-fotmassasjerulle\/#breadcrumb\",\"itemListElement\":[{\"@type\":\"ListItem\",\"position\":1,\"name\":\"Home\",\"item\":\"https:\/\/mekulo.com\/no\/\"},{\"@type\":\"ListItem\",\"position\":2,\"name\":\"Butikk\",\"item\":\"https:\/\/mekulo.com\/no\/butikk\/\"},{\"@type\":\"ListItem\",\"position\":3,\"name\":\"B\u00e6rbar dobbel fotmassasjerulle\"}]},{\"@type\":\"WebSite\",\"@id\":\"https:\/\/mekulo.com\/no\/#website\",\"url\":\"https:\/\/mekulo.com\/no\/\",\"name\":\"Mekulo NO\",\"description\":\"\",\"publisher\":{\"@id\":\"https:\/\/mekulo.com\/no\/#organization\"},\"potentialAction\":[{\"@type\":\"SearchAction\",\"target\":{\"@type\":\"EntryPoint\",\"urlTemplate\":\"https:\/\/mekulo.com\/no\/?s={search_term_string}\"},\"query-input\":{\"@type\":\"PropertyValueSpecification\",\"valueRequired\":true,\"valueName\":\"search_term_string\"}}],\"inLanguage\":\"nb-NO\"},{\"@type\":\"Organization\",\"@id\":\"https:\/\/mekulo.com\/no\/#organization\",\"name\":\"Mekulo\",\"url\":\"https:\/\/mekulo.com\/no\/\",\"logo\":{\"@type\":\"ImageObject\",\"inLanguage\":\"nb-NO\",\"@id\":\"https:\/\/mekulo.com\/no\/#\/schema\/logo\/image\/\",\"url\":\"https:\/\/mekulo.com\/no\/wp-content\/uploads\/sites\/10\/2025\/12\/favicon_mekulo.png\",\"contentUrl\":\"https:\/\/mekulo.com\/no\/wp-content\/uploads\/sites\/10\/2025\/12\/favicon_mekulo.png\",\"width\":50,\"height\":50,\"caption\":\"Mekulo\"},\"image\":{\"@id\":\"https:\/\/mekulo.com\/no\/#\/schema\/logo\/image\/\"}}]}<\/script>\n<!-- \/ Yoast SEO plugin. -->","yoast_head_json":{"title":"B\u00e6rbar dobbel fotmassasjerulle - Mekulo NO","robots":{"index":"index","follow":"follow","max-snippet":"max-snippet:-1","max-image-preview":"max-image-preview:large","max-video-preview":"max-video-preview:-1"},"canonical":"https:\/\/mekulo.com\/no\/produkt\/baerbar-dobbel-fotmassasjerulle\/","og_locale":"nb_NO","og_type":"article","og_title":"B\u00e6rbar dobbel fotmassasjerulle - Mekulo NO","og_description":"\ud83d\udc86Denne b\u00e6rbare, doble fotmassasjerullen bruker doble ruller for \u00e5 etterligne h\u00e5ndkn\u00e5ding og frigj\u00f8re spenninger i slitne f\u00f8tter. \ud83c\udfe0Den hjelper til med \u00e5 stimulere trykkpunkter, forbedrer blodsirkulasjonen og er perfekt for bruk hjemme, p\u00e5 kontoret eller p\u00e5 reise. \ud83d\udc63Dette gj\u00f8r den til et godt valg for alle som st\u00e5r eller g\u00e5r i lange timer.","og_url":"https:\/\/mekulo.com\/no\/produkt\/baerbar-dobbel-fotmassasjerulle\/","og_site_name":"Mekulo NO","article_modified_time":"2026-01-26T20:05:51+00:00","og_image":[{"width":1001,"height":1001,"url":"https:\/\/mekulo.com\/no\/wp-content\/uploads\/sites\/10\/2026\/01\/wtlkuy5-1.webp","type":"image\/webp"}],"twitter_card":"summary_large_image","twitter_misc":{"Ansl. lesetid":"2 minutter"},"schema":{"@context":"https:\/\/schema.org","@graph":[{"@type":"WebPage","@id":"https:\/\/mekulo.com\/no\/produkt\/baerbar-dobbel-fotmassasjerulle\/","url":"https:\/\/mekulo.com\/no\/produkt\/baerbar-dobbel-fotmassasjerulle\/","name":"B\u00e6rbar dobbel fotmassasjerulle - Mekulo NO","isPartOf":{"@id":"https:\/\/mekulo.com\/no\/#website"},"primaryImageOfPage":{"@id":"https:\/\/mekulo.com\/no\/produkt\/baerbar-dobbel-fotmassasjerulle\/#primaryimage"},"image":{"@id":"https:\/\/mekulo.com\/no\/produkt\/baerbar-dobbel-fotmassasjerulle\/#primaryimage"},"thumbnailUrl":"https:\/\/mekulo.com\/no\/wp-content\/uploads\/sites\/10\/2026\/01\/wtlkuy5-1.webp","datePublished":"2026-01-22T13:30:36+00:00","dateModified":"2026-01-26T20:05:51+00:00","breadcrumb":{"@id":"https:\/\/mekulo.com\/no\/produkt\/baerbar-dobbel-fotmassasjerulle\/#breadcrumb"},"inLanguage":"nb-NO","potentialAction":[{"@type":"ReadAction","target":["https:\/\/mekulo.com\/no\/produkt\/baerbar-dobbel-fotmassasjerulle\/"]}]},{"@type":"ImageObject","inLanguage":"nb-NO","@id":"https:\/\/mekulo.com\/no\/produkt\/baerbar-dobbel-fotmassasjerulle\/#primaryimage","url":"https:\/\/mekulo.com\/no\/wp-content\/uploads\/sites\/10\/2026\/01\/wtlkuy5-1.webp","contentUrl":"https:\/\/mekulo.com\/no\/wp-content\/uploads\/sites\/10\/2026\/01\/wtlkuy5-1.webp","width":1001,"height":1001},{"@type":"BreadcrumbList","@id":"https:\/\/mekulo.com\/no\/produkt\/baerbar-dobbel-fotmassasjerulle\/#breadcrumb","itemListElement":[{"@type":"ListItem","position":1,"name":"Home","item":"https:\/\/mekulo.com\/no\/"},{"@type":"ListItem","position":2,"name":"Butikk","item":"https:\/\/mekulo.com\/no\/butikk\/"},{"@type":"ListItem","position":3,"name":"B\u00e6rbar dobbel fotmassasjerulle"}]},{"@type":"WebSite","@id":"https:\/\/mekulo.com\/no\/#website","url":"https:\/\/mekulo.com\/no\/","name":"Mekulo NO","description":"","publisher":{"@id":"https:\/\/mekulo.com\/no\/#organization"},"potentialAction":[{"@type":"SearchAction","target":{"@type":"EntryPoint","urlTemplate":"https:\/\/mekulo.com\/no\/?s={search_term_string}"},"query-input":{"@type":"PropertyValueSpecification","valueRequired":true,"valueName":"search_term_string"}}],"inLanguage":"nb-NO"},{"@type":"Organization","@id":"https:\/\/mekulo.com\/no\/#organization","name":"Mekulo","url":"https:\/\/mekulo.com\/no\/","logo":{"@type":"ImageObject","inLanguage":"nb-NO","@id":"https:\/\/mekulo.com\/no\/#\/schema\/logo\/image\/","url":"https:\/\/mekulo.com\/no\/wp-content\/uploads\/sites\/10\/2025\/12\/favicon_mekulo.png","contentUrl":"https:\/\/mekulo.com\/no\/wp-content\/uploads\/sites\/10\/2025\/12\/favicon_mekulo.png","width":50,"height":50,"caption":"Mekulo"},"image":{"@id":"https:\/\/mekulo.com\/no\/#\/schema\/logo\/image\/"}}]}},"_links":{"self":[{"href":"https:\/\/mekulo.com\/no\/wp-json\/wp\/v2\/product\/18854","targetHints":{"allow":["GET"]}}],"collection":[{"href":"https:\/\/mekulo.com\/no\/wp-json\/wp\/v2\/product"}],"about":[{"href":"https:\/\/mekulo.com\/no\/wp-json\/wp\/v2\/types\/product"}],"replies":[{"embeddable":true,"href":"https:\/\/mekulo.com\/no\/wp-json\/wp\/v2\/comments?post=18854"}],"wp:featuredmedia":[{"embeddable":true,"href":"https:\/\/mekulo.com\/no\/wp-json\/wp\/v2\/media\/18850"}],"wp:attachment":[{"href":"https:\/\/mekulo.com\/no\/wp-json\/wp\/v2\/media?parent=18854"}],"wp:term":[{"taxonomy":"product_brand","embeddable":true,"href":"https:\/\/mekulo.com\/no\/wp-json\/wp\/v2\/product_brand?post=18854"},{"taxonomy":"product_cat","embeddable":true,"href":"https:\/\/mekulo.com\/no\/wp-json\/wp\/v2\/product_cat?post=18854"},{"taxonomy":"product_tag","embeddable":true,"href":"https:\/\/mekulo.com\/no\/wp-json\/wp\/v2\/product_tag?post=18854"}],"curies":[{"name":"wp","href":"https:\/\/api.w.org\/{rel}","templated":true}]}}