{"id":18770,"date":"2026-01-22T15:25:50","date_gmt":"2026-01-22T13:25:50","guid":{"rendered":"https:\/\/mekulo.com\/no\/produkt\/krollete-bolgete-hestehaleforlengelse\/"},"modified":"2026-02-03T17:04:21","modified_gmt":"2026-02-03T15:04:21","slug":"krollete-bolgete-hestehaleforlengelse","status":"publish","type":"product","link":"https:\/\/mekulo.com\/no\/produkt\/krollete-bolgete-hestehaleforlengelse\/","title":{"rendered":"Kr\u00f8llete, b\u00f8lgete hestehaleforlengelse"},"content":{"rendered":"<p style=\"text-align: center;\" data-start=\"0\" data-end=\"58\"><strong data-start=\"0\" data-end=\"58\">Gir \u00f8yeblikkelig lengde og volum til h\u00e5ret ditt p\u00e5 f\u00e5 sekunder. \ud83d\udc87\u200d\u2640\ufe0f<\/strong><\/p>\n<p data-start=\"0\" data-end=\"58\"><img fetchpriority=\"high\" decoding=\"async\" class=\"size-full wp-image-20955 aligncenter\" src=\"https:\/\/mekulo.com\/template\/wp-content\/uploads\/sites\/6\/2026\/01\/Sa59025980f054993be0ac7d0ad7c5ef39.png_960x960.png_.avif\" alt=\"\" width=\"960\" height=\"960\" \/><\/p>\n<h2 style=\"text-align: center;\" data-start=\"310\" data-end=\"333\">Hovedfordeler \ud83d\udc81\u200d\u2640\ufe0f<\/h2>\n<p data-start=\"336\" data-end=\"396\">\u2728 \u00d8yeblikkelig volum og lengde &#8211; Fyldigere hestehale p\u00e5 f\u00e5 sekunder.<\/p>\n<p data-start=\"399\" data-end=\"456\">\ud83c\udf0a Maisb\u00f8lget stil &#8211; Myke kr\u00f8ller med et naturlig utseende.<\/p>\n<p data-start=\"459\" data-end=\"522\">\ud83e\uddf7 Enkel klipp-inn design &#8211; Fest og fjern uten anstrengelse.<\/p>\n<p data-start=\"525\" data-end=\"587\">\ud83e\udeb6 Lett og behagelig &#8211; Bruk den hele dagen med letthet.<\/p>\n<p data-start=\"590\" data-end=\"642\">\ud83d\udd12 Sikkert hold &#8211; Kloklips holder h\u00e5ret p\u00e5 plass.<\/p>\n<p data-start=\"645\" data-end=\"709\">\ud83c\udf89 Allsidig styling &#8211; Perfekt for uformelle og formelle looks.<\/p>\n<p data-start=\"645\" data-end=\"709\"><img decoding=\"async\" class=\"size-full wp-image-20956 aligncenter\" src=\"https:\/\/mekulo.com\/template\/wp-content\/uploads\/sites\/6\/2026\/01\/2116a5bf-ac32-4e90-ba62-28ba7356e615.webp\" alt=\"\" width=\"800\" height=\"800\" \/><\/p>\n<h2 style=\"text-align: center;\" data-start=\"716\" data-end=\"730\">Hvordan du bruker \ud83d\udccc<\/h2>\n<ol data-start=\"731\" data-end=\"961\">\n<li data-start=\"731\" data-end=\"781\">\n<p data-start=\"734\" data-end=\"781\">Sett det naturlige h\u00e5ret ditt i en hestehale eller knute.<\/p>\n<\/li>\n<li data-start=\"782\" data-end=\"832\">\n<p data-start=\"785\" data-end=\"832\">\u00c5pne kloklemmen p\u00e5 hestehaleforlengelsen.<\/p>\n<\/li>\n<li data-start=\"833\" data-end=\"876\">\n<p data-start=\"836\" data-end=\"876\">Fest den sikkert over hestehalen.<\/p>\n<\/li>\n<li data-start=\"877\" data-end=\"926\">\n<p data-start=\"880\" data-end=\"926\">Juster for komfort og bland med h\u00e5ret ditt.<\/p>\n<\/li>\n<li data-start=\"927\" data-end=\"961\">\n<p data-start=\"930\" data-end=\"961\">Style h\u00f8yt eller lavt etter \u00f8nske.<\/p>\n<\/li>\n<\/ol>\n<h2 style=\"text-align: center;\" data-start=\"968\" data-end=\"987\">Produktdetaljer \ud83d\udccf<\/h2>\n<ul data-start=\"988\" data-end=\"1266\">\n<li data-start=\"1036\" data-end=\"1072\">\n<p data-start=\"1038\" data-end=\"1072\">Type: Clip-in hestehale h\u00e5rdel<\/p>\n<\/li>\n<li data-start=\"1073\" data-end=\"1116\">\n<p data-start=\"1075\" data-end=\"1116\">Materiale: Syntetiske fibre av h\u00f8y kvalitet<\/p>\n<\/li>\n<li data-start=\"1117\" data-end=\"1137\">\n<p data-start=\"1119\" data-end=\"1137\">Stil: Kornb\u00f8lget<\/p>\n<\/li>\n<li data-start=\"1138\" data-end=\"1181\">\n<p data-start=\"1140\" data-end=\"1181\">Lengde: Gener\u00f8s lengde for et fyldig utseende<\/p>\n<\/li>\n<li data-start=\"1182\" data-end=\"1219\">\n<p data-start=\"1184\" data-end=\"1219\">Textur: Mykt, naturlig utseende<\/p>\n<\/li>\n<li data-start=\"1220\" data-end=\"1266\">\n<p data-start=\"1222\" data-end=\"1266\">Bruk: Daglig bruk, arrangementer, bryllup, fester<\/p>\n<\/li>\n<li data-start=\"1220\" data-end=\"1266\">Lengde: 50 cm<\/li>\n<\/ul>\n<h2 style=\"text-align: center;\" data-start=\"1273\" data-end=\"1293\">Pakken inkluderer \ud83d\udce6<\/h2>\n<ul data-start=\"1294\" data-end=\"1332\" data-is-last-node=\"\" data-is-only-node=\"\">\n<li data-start=\"1294\" data-end=\"1332\" data-is-last-node=\"\">\n<p data-start=\"1296\" data-end=\"1332\" data-is-last-node=\"\">1x kr\u00f8llete b\u00f8lgete hestehaleforlengelse.<\/p>\n<\/li>\n<\/ul>\n","protected":false},"excerpt":{"rendered":"<p>\ud83d\udc69\u200d\ud83e\uddb1Denne kr\u00f8llete, b\u00f8lgete hestehaleforlengelsen er en clip-in h\u00e5rdel designet for \u00e5 gi deg en fyldig, stilig hestehale uten salongbes\u00f8k.<br \/>\n\ud83d\udc60Den smelter naturlig sammen med h\u00e5ret ditt og lar deg raskt endre looken din til daglig bruk, arrangementer eller spesielle anledninger.<br \/>\n\u2728Dette gj\u00f8r det til en enkel og rimelig m\u00e5te \u00e5 oppgradere frisyren din n\u00e5r som helst.<\/p>\n","protected":false},"featured_media":18766,"comment_status":"open","ping_status":"closed","template":"","meta":{"site-sidebar-layout":"default","site-content-layout":"","ast-site-content-layout":"default","site-content-style":"default","site-sidebar-style":"default","ast-global-header-display":"","ast-banner-title-visibility":"","ast-main-header-display":"","ast-hfb-above-header-display":"","ast-hfb-below-header-display":"","ast-hfb-mobile-header-display":"","site-post-title":"","ast-breadcrumbs-content":"","ast-featured-img":"","footer-sml-layout":"","theme-transparent-header-meta":"default","adv-header-id-meta":"","stick-header-meta":"","header-above-stick-meta":"","header-main-stick-meta":"","header-below-stick-meta":"","astra-migrate-meta-layouts":"set","ast-page-background-enabled":"default","ast-page-background-meta":{"desktop":{"background-color":"var(--ast-global-color-5)","background-image":"","background-repeat":"repeat","background-position":"center center","background-size":"auto","background-attachment":"scroll","background-type":"","background-media":"","overlay-type":"","overlay-color":"","overlay-opacity":"","overlay-gradient":""},"tablet":{"background-color":"","background-image":"","background-repeat":"repeat","background-position":"center center","background-size":"auto","background-attachment":"scroll","background-type":"","background-media":"","overlay-type":"","overlay-color":"","overlay-opacity":"","overlay-gradient":""},"mobile":{"background-color":"","background-image":"","background-repeat":"repeat","background-position":"center center","background-size":"auto","background-attachment":"scroll","background-type":"","background-media":"","overlay-type":"","overlay-color":"","overlay-opacity":"","overlay-gradient":""}},"ast-content-background-meta":{"desktop":{"background-color":"var(--ast-global-color-4)","background-image":"","background-repeat":"repeat","background-position":"center center","background-size":"auto","background-attachment":"scroll","background-type":"","background-media":"","overlay-type":"","overlay-color":"","overlay-opacity":"","overlay-gradient":""},"tablet":{"background-color":"var(--ast-global-color-4)","background-image":"","background-repeat":"repeat","background-position":"center center","background-size":"auto","background-attachment":"scroll","background-type":"","background-media":"","overlay-type":"","overlay-color":"","overlay-opacity":"","overlay-gradient":""},"mobile":{"background-color":"var(--ast-global-color-4)","background-image":"","background-repeat":"repeat","background-position":"center center","background-size":"auto","background-attachment":"scroll","background-type":"","background-media":"","overlay-type":"","overlay-color":"","overlay-opacity":"","overlay-gradient":""}}},"product_brand":[],"product_cat":[162],"product_tag":[],"class_list":{"0":"post-18770","1":"product","2":"type-product","3":"status-publish","4":"has-post-thumbnail","6":"product_cat-skjonnhets-og-hygieneprodukter","7":"pa_50456_661p8ooc-a","8":"pa_50456_661p8ooc-b","9":"pa_50456_661p8ooc-c","10":"pa_50456_661p8ooc-d","11":"pa_50456_661p8ooc-e","12":"pa_50456_661p8ooc-f","13":"pa_50456_661p8ooc-g","14":"pa_50456_661p8ooc-h","15":"pa_50456_661p8ooc-i","16":"pa_50456_661p8ooc-j","17":"pa_50456_661p8ooc-k","18":"desktop-align-left","19":"tablet-align-left","20":"mobile-align-left","22":"first","23":"instock","24":"shipping-taxable","25":"purchasable","26":"product-type-variable"},"yoast_head":"<!-- This site is optimized with the Yoast SEO plugin v26.6 - https:\/\/yoast.com\/wordpress\/plugins\/seo\/ -->\n<title>Kr\u00f8llete, b\u00f8lgete hestehaleforlengelse - Mekulo NO<\/title>\n<meta name=\"robots\" content=\"index, follow, max-snippet:-1, max-image-preview:large, max-video-preview:-1\" \/>\n<link rel=\"canonical\" href=\"https:\/\/mekulo.com\/no\/produkt\/krollete-bolgete-hestehaleforlengelse\/\" \/>\n<meta property=\"og:locale\" content=\"nb_NO\" \/>\n<meta property=\"og:type\" content=\"article\" \/>\n<meta property=\"og:title\" content=\"Kr\u00f8llete, b\u00f8lgete hestehaleforlengelse - Mekulo NO\" \/>\n<meta property=\"og:description\" content=\"\ud83d\udc69\u200d\ud83e\uddb1Denne kr\u00f8llete, b\u00f8lgete hestehaleforlengelsen er en clip-in h\u00e5rdel designet for \u00e5 gi deg en fyldig, stilig hestehale uten salongbes\u00f8k. \ud83d\udc60Den smelter naturlig sammen med h\u00e5ret ditt og lar deg raskt endre looken din til daglig bruk, arrangementer eller spesielle anledninger. \u2728Dette gj\u00f8r det til en enkel og rimelig m\u00e5te \u00e5 oppgradere frisyren din n\u00e5r som helst.\" \/>\n<meta property=\"og:url\" content=\"https:\/\/mekulo.com\/no\/produkt\/krollete-bolgete-hestehaleforlengelse\/\" \/>\n<meta property=\"og:site_name\" content=\"Mekulo NO\" \/>\n<meta property=\"article:modified_time\" content=\"2026-02-03T15:04:21+00:00\" \/>\n<meta property=\"og:image\" content=\"https:\/\/mekulo.com\/no\/wp-content\/uploads\/sites\/10\/2026\/01\/pzpa543-1.jpg\" \/>\n\t<meta property=\"og:image:width\" content=\"960\" \/>\n\t<meta property=\"og:image:height\" content=\"960\" \/>\n\t<meta property=\"og:image:type\" content=\"image\/jpeg\" \/>\n<meta name=\"twitter:card\" content=\"summary_large_image\" \/>\n<meta name=\"twitter:label1\" content=\"Ansl. lesetid\" \/>\n\t<meta name=\"twitter:data1\" content=\"2 minutter\" \/>\n<script type=\"application\/ld+json\" class=\"yoast-schema-graph\">{\"@context\":\"https:\/\/schema.org\",\"@graph\":[{\"@type\":\"WebPage\",\"@id\":\"https:\/\/mekulo.com\/no\/produkt\/krollete-bolgete-hestehaleforlengelse\/\",\"url\":\"https:\/\/mekulo.com\/no\/produkt\/krollete-bolgete-hestehaleforlengelse\/\",\"name\":\"Kr\u00f8llete, b\u00f8lgete hestehaleforlengelse - Mekulo NO\",\"isPartOf\":{\"@id\":\"https:\/\/mekulo.com\/no\/#website\"},\"primaryImageOfPage\":{\"@id\":\"https:\/\/mekulo.com\/no\/produkt\/krollete-bolgete-hestehaleforlengelse\/#primaryimage\"},\"image\":{\"@id\":\"https:\/\/mekulo.com\/no\/produkt\/krollete-bolgete-hestehaleforlengelse\/#primaryimage\"},\"thumbnailUrl\":\"https:\/\/mekulo.com\/no\/wp-content\/uploads\/sites\/10\/2026\/01\/pzpa543-1.jpg\",\"datePublished\":\"2026-01-22T13:25:50+00:00\",\"dateModified\":\"2026-02-03T15:04:21+00:00\",\"breadcrumb\":{\"@id\":\"https:\/\/mekulo.com\/no\/produkt\/krollete-bolgete-hestehaleforlengelse\/#breadcrumb\"},\"inLanguage\":\"nb-NO\",\"potentialAction\":[{\"@type\":\"ReadAction\",\"target\":[\"https:\/\/mekulo.com\/no\/produkt\/krollete-bolgete-hestehaleforlengelse\/\"]}]},{\"@type\":\"ImageObject\",\"inLanguage\":\"nb-NO\",\"@id\":\"https:\/\/mekulo.com\/no\/produkt\/krollete-bolgete-hestehaleforlengelse\/#primaryimage\",\"url\":\"https:\/\/mekulo.com\/no\/wp-content\/uploads\/sites\/10\/2026\/01\/pzpa543-1.jpg\",\"contentUrl\":\"https:\/\/mekulo.com\/no\/wp-content\/uploads\/sites\/10\/2026\/01\/pzpa543-1.jpg\",\"width\":960,\"height\":960},{\"@type\":\"BreadcrumbList\",\"@id\":\"https:\/\/mekulo.com\/no\/produkt\/krollete-bolgete-hestehaleforlengelse\/#breadcrumb\",\"itemListElement\":[{\"@type\":\"ListItem\",\"position\":1,\"name\":\"Home\",\"item\":\"https:\/\/mekulo.com\/no\/\"},{\"@type\":\"ListItem\",\"position\":2,\"name\":\"Butikk\",\"item\":\"https:\/\/mekulo.com\/no\/butikk\/\"},{\"@type\":\"ListItem\",\"position\":3,\"name\":\"Kr\u00f8llete, b\u00f8lgete hestehaleforlengelse\"}]},{\"@type\":\"WebSite\",\"@id\":\"https:\/\/mekulo.com\/no\/#website\",\"url\":\"https:\/\/mekulo.com\/no\/\",\"name\":\"Mekulo NO\",\"description\":\"\",\"publisher\":{\"@id\":\"https:\/\/mekulo.com\/no\/#organization\"},\"potentialAction\":[{\"@type\":\"SearchAction\",\"target\":{\"@type\":\"EntryPoint\",\"urlTemplate\":\"https:\/\/mekulo.com\/no\/?s={search_term_string}\"},\"query-input\":{\"@type\":\"PropertyValueSpecification\",\"valueRequired\":true,\"valueName\":\"search_term_string\"}}],\"inLanguage\":\"nb-NO\"},{\"@type\":\"Organization\",\"@id\":\"https:\/\/mekulo.com\/no\/#organization\",\"name\":\"Mekulo\",\"url\":\"https:\/\/mekulo.com\/no\/\",\"logo\":{\"@type\":\"ImageObject\",\"inLanguage\":\"nb-NO\",\"@id\":\"https:\/\/mekulo.com\/no\/#\/schema\/logo\/image\/\",\"url\":\"https:\/\/mekulo.com\/no\/wp-content\/uploads\/sites\/10\/2025\/12\/favicon_mekulo.png\",\"contentUrl\":\"https:\/\/mekulo.com\/no\/wp-content\/uploads\/sites\/10\/2025\/12\/favicon_mekulo.png\",\"width\":50,\"height\":50,\"caption\":\"Mekulo\"},\"image\":{\"@id\":\"https:\/\/mekulo.com\/no\/#\/schema\/logo\/image\/\"}}]}<\/script>\n<!-- \/ Yoast SEO plugin. -->","yoast_head_json":{"title":"Kr\u00f8llete, b\u00f8lgete hestehaleforlengelse - Mekulo NO","robots":{"index":"index","follow":"follow","max-snippet":"max-snippet:-1","max-image-preview":"max-image-preview:large","max-video-preview":"max-video-preview:-1"},"canonical":"https:\/\/mekulo.com\/no\/produkt\/krollete-bolgete-hestehaleforlengelse\/","og_locale":"nb_NO","og_type":"article","og_title":"Kr\u00f8llete, b\u00f8lgete hestehaleforlengelse - Mekulo NO","og_description":"\ud83d\udc69\u200d\ud83e\uddb1Denne kr\u00f8llete, b\u00f8lgete hestehaleforlengelsen er en clip-in h\u00e5rdel designet for \u00e5 gi deg en fyldig, stilig hestehale uten salongbes\u00f8k. \ud83d\udc60Den smelter naturlig sammen med h\u00e5ret ditt og lar deg raskt endre looken din til daglig bruk, arrangementer eller spesielle anledninger. \u2728Dette gj\u00f8r det til en enkel og rimelig m\u00e5te \u00e5 oppgradere frisyren din n\u00e5r som helst.","og_url":"https:\/\/mekulo.com\/no\/produkt\/krollete-bolgete-hestehaleforlengelse\/","og_site_name":"Mekulo NO","article_modified_time":"2026-02-03T15:04:21+00:00","og_image":[{"width":960,"height":960,"url":"https:\/\/mekulo.com\/no\/wp-content\/uploads\/sites\/10\/2026\/01\/pzpa543-1.jpg","type":"image\/jpeg"}],"twitter_card":"summary_large_image","twitter_misc":{"Ansl. lesetid":"2 minutter"},"schema":{"@context":"https:\/\/schema.org","@graph":[{"@type":"WebPage","@id":"https:\/\/mekulo.com\/no\/produkt\/krollete-bolgete-hestehaleforlengelse\/","url":"https:\/\/mekulo.com\/no\/produkt\/krollete-bolgete-hestehaleforlengelse\/","name":"Kr\u00f8llete, b\u00f8lgete hestehaleforlengelse - Mekulo NO","isPartOf":{"@id":"https:\/\/mekulo.com\/no\/#website"},"primaryImageOfPage":{"@id":"https:\/\/mekulo.com\/no\/produkt\/krollete-bolgete-hestehaleforlengelse\/#primaryimage"},"image":{"@id":"https:\/\/mekulo.com\/no\/produkt\/krollete-bolgete-hestehaleforlengelse\/#primaryimage"},"thumbnailUrl":"https:\/\/mekulo.com\/no\/wp-content\/uploads\/sites\/10\/2026\/01\/pzpa543-1.jpg","datePublished":"2026-01-22T13:25:50+00:00","dateModified":"2026-02-03T15:04:21+00:00","breadcrumb":{"@id":"https:\/\/mekulo.com\/no\/produkt\/krollete-bolgete-hestehaleforlengelse\/#breadcrumb"},"inLanguage":"nb-NO","potentialAction":[{"@type":"ReadAction","target":["https:\/\/mekulo.com\/no\/produkt\/krollete-bolgete-hestehaleforlengelse\/"]}]},{"@type":"ImageObject","inLanguage":"nb-NO","@id":"https:\/\/mekulo.com\/no\/produkt\/krollete-bolgete-hestehaleforlengelse\/#primaryimage","url":"https:\/\/mekulo.com\/no\/wp-content\/uploads\/sites\/10\/2026\/01\/pzpa543-1.jpg","contentUrl":"https:\/\/mekulo.com\/no\/wp-content\/uploads\/sites\/10\/2026\/01\/pzpa543-1.jpg","width":960,"height":960},{"@type":"BreadcrumbList","@id":"https:\/\/mekulo.com\/no\/produkt\/krollete-bolgete-hestehaleforlengelse\/#breadcrumb","itemListElement":[{"@type":"ListItem","position":1,"name":"Home","item":"https:\/\/mekulo.com\/no\/"},{"@type":"ListItem","position":2,"name":"Butikk","item":"https:\/\/mekulo.com\/no\/butikk\/"},{"@type":"ListItem","position":3,"name":"Kr\u00f8llete, b\u00f8lgete hestehaleforlengelse"}]},{"@type":"WebSite","@id":"https:\/\/mekulo.com\/no\/#website","url":"https:\/\/mekulo.com\/no\/","name":"Mekulo NO","description":"","publisher":{"@id":"https:\/\/mekulo.com\/no\/#organization"},"potentialAction":[{"@type":"SearchAction","target":{"@type":"EntryPoint","urlTemplate":"https:\/\/mekulo.com\/no\/?s={search_term_string}"},"query-input":{"@type":"PropertyValueSpecification","valueRequired":true,"valueName":"search_term_string"}}],"inLanguage":"nb-NO"},{"@type":"Organization","@id":"https:\/\/mekulo.com\/no\/#organization","name":"Mekulo","url":"https:\/\/mekulo.com\/no\/","logo":{"@type":"ImageObject","inLanguage":"nb-NO","@id":"https:\/\/mekulo.com\/no\/#\/schema\/logo\/image\/","url":"https:\/\/mekulo.com\/no\/wp-content\/uploads\/sites\/10\/2025\/12\/favicon_mekulo.png","contentUrl":"https:\/\/mekulo.com\/no\/wp-content\/uploads\/sites\/10\/2025\/12\/favicon_mekulo.png","width":50,"height":50,"caption":"Mekulo"},"image":{"@id":"https:\/\/mekulo.com\/no\/#\/schema\/logo\/image\/"}}]}},"_links":{"self":[{"href":"https:\/\/mekulo.com\/no\/wp-json\/wp\/v2\/product\/18770","targetHints":{"allow":["GET"]}}],"collection":[{"href":"https:\/\/mekulo.com\/no\/wp-json\/wp\/v2\/product"}],"about":[{"href":"https:\/\/mekulo.com\/no\/wp-json\/wp\/v2\/types\/product"}],"replies":[{"embeddable":true,"href":"https:\/\/mekulo.com\/no\/wp-json\/wp\/v2\/comments?post=18770"}],"wp:featuredmedia":[{"embeddable":true,"href":"https:\/\/mekulo.com\/no\/wp-json\/wp\/v2\/media\/18766"}],"wp:attachment":[{"href":"https:\/\/mekulo.com\/no\/wp-json\/wp\/v2\/media?parent=18770"}],"wp:term":[{"taxonomy":"product_brand","embeddable":true,"href":"https:\/\/mekulo.com\/no\/wp-json\/wp\/v2\/product_brand?post=18770"},{"taxonomy":"product_cat","embeddable":true,"href":"https:\/\/mekulo.com\/no\/wp-json\/wp\/v2\/product_cat?post=18770"},{"taxonomy":"product_tag","embeddable":true,"href":"https:\/\/mekulo.com\/no\/wp-json\/wp\/v2\/product_tag?post=18770"}],"curies":[{"name":"wp","href":"https:\/\/api.w.org\/{rel}","templated":true}]}}