{"id":18746,"date":"2026-01-22T15:23:58","date_gmt":"2026-01-22T13:23:58","guid":{"rendered":"https:\/\/mekulo.com\/no\/produkt\/multifunksjonell-dreneringsskal\/"},"modified":"2026-02-03T18:03:55","modified_gmt":"2026-02-03T16:03:55","slug":"multifunksjonell-dreneringsskal","status":"publish","type":"product","link":"https:\/\/mekulo.com\/no\/produkt\/multifunksjonell-dreneringsskal\/","title":{"rendered":"Multifunksjonell dreneringssk\u00e5l"},"content":{"rendered":"<article class=\"text-token-text-primary w-full focus:outline-none [--shadow-height:45px] has-data-writing-block:pointer-events-none has-data-writing-block:-mt-(--shadow-height) has-data-writing-block:pt-(--shadow-height) [&amp;:has([data-writing-block])&gt;*]:pointer-events-auto scroll-mt-[calc(var(--header-height)+min(200px,max(70px,20svh)))]\" dir=\"auto\" data-turn-id=\"request-6967c1f1-7850-8327-b867-fefbba98715c-8\" data-testid=\"conversation-turn-48\" data-scroll-anchor=\"false\" data-turn=\"assistant\">\n<div class=\"text-base my-auto mx-auto [--thread-content-margin:--spacing(4)] @w-sm\/main:[--thread-content-margin:--spacing(6)] @w-lg\/main:[--thread-content-margin:--spacing(16)] px-(--thread-content-margin)\">\n<div class=\"[--thread-content-max-width:40rem] @w-lg\/main:[--thread-content-max-width:48rem] mx-auto max-w-(--thread-content-max-width) flex-1 group\/turn-messages focus-visible:outline-hidden relative flex w-full min-w-0 flex-col agent-turn\">\n<div class=\"flex max-w-full flex-col grow\">\n<div class=\"min-h-8 text-message relative flex w-full flex-col items-end gap-2 text-start break-words whitespace-normal [.text-message+&amp;]:mt-1\" dir=\"auto\" data-message-author-role=\"assistant\" data-message-id=\"23497cbe-5029-4ad8-8737-b4a8e4c918c8\" data-message-model-slug=\"gpt-5-2\">\n<div class=\"flex w-full flex-col gap-1 empty:hidden first:pt-[1px]\">\n<div class=\"markdown prose dark:prose-invert w-full break-words light markdown-new-styling\">\n<p style=\"text-align: center\" data-start=\"0\" data-end=\"64\"><strong data-start=\"0\" data-end=\"64\">Holder Frukten Frisk Lenger Samtidig Som Overfl\u00f8dig Vann Lett Dreneres. \ud83d\udca6<\/strong><\/p>\n<p data-start=\"0\" data-end=\"64\"><img fetchpriority=\"high\" decoding=\"async\" class=\"size-full wp-image-20934 aligncenter\" src=\"https:\/\/mekulo.com\/template\/wp-content\/uploads\/sites\/6\/2026\/01\/e3825467-c2e9-47b4-8e88-cce3e676a2b5.webp\" alt=\"\" width=\"800\" height=\"800\" \/><\/p>\n<h2 style=\"text-align: center\" data-start=\"280\" data-end=\"300\">Hovedfordeler \ud83c\udf53<\/h2>\n<p data-start=\"303\" data-end=\"370\">\ud83d\udca7 Innebygd dreneringsdesign &#8211; Drenerer vann raskt og enkelt.<\/p>\n<p data-start=\"373\" data-end=\"440\">\ud83e\udd57 Holder maten fersk &#8211; Hjelper med \u00e5 forhindre fukt og muggdannelse.<\/p>\n<p data-start=\"443\" data-end=\"512\">\ud83e\uddfa Flerbruksbeholder &#8211; Dreneringsbeholder, kj\u00f8leskap og snackboks.<\/p>\n<p data-start=\"515\" data-end=\"581\">\ud83e\uddfc Enkel \u00e5 rengj\u00f8re &#8211; Demonteres raskt for hygienisk vask.<\/p>\n<p data-start=\"584\" data-end=\"645\">\ud83e\uddf3 Enkel \u00e5 b\u00e6re &#8211; Skjult h\u00e5ndtak for reiser og piknik.<\/p>\n<p data-start=\"648\" data-end=\"715\">\ud83c\udfe0 Praktisk i hverdagen &#8211; Passer perfekt hjemme, i kj\u00f8leskapet eller utend\u00f8rs.<\/p>\n<p data-start=\"648\" data-end=\"715\"><img decoding=\"async\" class=\"size-full wp-image-20935 aligncenter\" src=\"https:\/\/mekulo.com\/template\/wp-content\/uploads\/sites\/6\/2026\/01\/561f240b-9d0b-4f7d-984b-c1f1ceb700d7.webp\" alt=\"\" width=\"800\" height=\"800\" \/><\/p>\n<h2 style=\"text-align: center\" data-start=\"722\" data-end=\"736\">Hvordan Du Bruker \ud83d\udccc<\/h2>\n<ol data-start=\"737\" data-end=\"988\">\n<li data-start=\"737\" data-end=\"785\">\n<p data-start=\"740\" data-end=\"785\">Plasser frukt eller gr\u00f8nnsaker i bollen.<\/p>\n<\/li>\n<li data-start=\"786\" data-end=\"837\">\n<p data-start=\"789\" data-end=\"837\">Vask dem direkte i beholderen om n\u00f8dvendig.<\/p>\n<\/li>\n<li data-start=\"838\" data-end=\"890\">\n<p data-start=\"841\" data-end=\"890\">La overfl\u00f8dig vann renne ned i den nederste delen.<\/p>\n<\/li>\n<li data-start=\"891\" data-end=\"951\">\n<p data-start=\"894\" data-end=\"951\">Lukk lokket for \u00e5 oppbevare i kj\u00f8leskapet eller ta med deg.<\/p>\n<\/li>\n<li data-start=\"952\" data-end=\"988\">\n<p data-start=\"955\" data-end=\"988\">Demonter og vask etter bruk.<\/p>\n<\/li>\n<\/ol>\n<h2 style=\"text-align: center\" data-start=\"995\" data-end=\"1014\">Produktdetaljer \ud83d\udccf<\/h2>\n<ul data-start=\"1015\" data-end=\"1230\">\n<li data-start=\"1063\" data-end=\"1084\">\n<p data-start=\"1065\" data-end=\"1084\">Materiale: Plast<\/p>\n<\/li>\n<li data-start=\"1105\" data-end=\"1135\">\n<p data-start=\"1107\" data-end=\"1135\">St\u00f8rrelse: 15,5 x 15,5 x 8,3 cm<\/p>\n<\/li>\n<li data-start=\"1136\" data-end=\"1171\">\n<p data-start=\"1138\" data-end=\"1171\">Design: Avl\u00f8pskurv med lokk<\/p>\n<\/li>\n<li data-start=\"1172\" data-end=\"1230\">\n<p data-start=\"1174\" data-end=\"1230\">Bruk: Fruktvask, drenering, oppbevaring og transport<\/p>\n<\/li>\n<\/ul>\n<h2 style=\"text-align: center\" data-start=\"1237\" data-end=\"1257\">Pakken Inkluderer \ud83d\udce6<\/h2>\n<ul data-start=\"1258\" data-end=\"1305\" data-is-last-node=\"\" data-is-only-node=\"\">\n<li data-start=\"1258\" data-end=\"1305\" data-is-last-node=\"\">\n<p data-start=\"1260\" data-end=\"1305\" data-is-last-node=\"\">1, 2, 3x multifunksjonelle dreneringssk\u00e5ler.<\/p>\n<\/li>\n<\/ul>\n<\/div>\n<\/div>\n<\/div>\n<\/div>\n<\/div>\n<\/div>\n<\/article>\n","protected":false},"excerpt":{"rendered":"<p>\ud83c\udf47Denne multifunksjonelle dreneringssk\u00e5len er designet for \u00e5 vaske, drenere, oppbevare og b\u00e6re frukt med letthet.<br \/>\n\ud83d\udca7Den hjelper til med \u00e5 fjerne overfl\u00f8dig vann etter vask, og holder b\u00e6r og snacks friske, rene og muggfrie lenger.<br \/>\n\ud83d\udc69\u200d\ud83c\udf73This gj\u00f8r den ideell for daglig kj\u00f8kkenbruk, oppbevaring i kj\u00f8leskapet og snacks p\u00e5 farten.<\/p>\n","protected":false},"featured_media":18742,"comment_status":"open","ping_status":"closed","template":"","meta":{"site-sidebar-layout":"default","site-content-layout":"","ast-site-content-layout":"default","site-content-style":"default","site-sidebar-style":"default","ast-global-header-display":"","ast-banner-title-visibility":"","ast-main-header-display":"","ast-hfb-above-header-display":"","ast-hfb-below-header-display":"","ast-hfb-mobile-header-display":"","site-post-title":"","ast-breadcrumbs-content":"","ast-featured-img":"","footer-sml-layout":"","theme-transparent-header-meta":"default","adv-header-id-meta":"","stick-header-meta":"","header-above-stick-meta":"","header-main-stick-meta":"","header-below-stick-meta":"","astra-migrate-meta-layouts":"set","ast-page-background-enabled":"default","ast-page-background-meta":{"desktop":{"background-color":"var(--ast-global-color-5)","background-image":"","background-repeat":"repeat","background-position":"center center","background-size":"auto","background-attachment":"scroll","background-type":"","background-media":"","overlay-type":"","overlay-color":"","overlay-opacity":"","overlay-gradient":""},"tablet":{"background-color":"","background-image":"","background-repeat":"repeat","background-position":"center center","background-size":"auto","background-attachment":"scroll","background-type":"","background-media":"","overlay-type":"","overlay-color":"","overlay-opacity":"","overlay-gradient":""},"mobile":{"background-color":"","background-image":"","background-repeat":"repeat","background-position":"center center","background-size":"auto","background-attachment":"scroll","background-type":"","background-media":"","overlay-type":"","overlay-color":"","overlay-opacity":"","overlay-gradient":""}},"ast-content-background-meta":{"desktop":{"background-color":"var(--ast-global-color-4)","background-image":"","background-repeat":"repeat","background-position":"center center","background-size":"auto","background-attachment":"scroll","background-type":"","background-media":"","overlay-type":"","overlay-color":"","overlay-opacity":"","overlay-gradient":""},"tablet":{"background-color":"var(--ast-global-color-4)","background-image":"","background-repeat":"repeat","background-position":"center center","background-size":"auto","background-attachment":"scroll","background-type":"","background-media":"","overlay-type":"","overlay-color":"","overlay-opacity":"","overlay-gradient":""},"mobile":{"background-color":"var(--ast-global-color-4)","background-image":"","background-repeat":"repeat","background-position":"center center","background-size":"auto","background-attachment":"scroll","background-type":"","background-media":"","overlay-type":"","overlay-color":"","overlay-opacity":"","overlay-gradient":""}}},"product_brand":[],"product_cat":[168],"product_tag":[],"class_list":{"0":"post-18746","1":"product","2":"type-product","3":"status-publish","4":"has-post-thumbnail","6":"product_cat-husholdningsartikler","7":"pa_50394_eh5n56nj-1-stk","8":"pa_50394_eh5n56nj-2-stk","9":"pa_50394_eh5n56nj-3-stk","10":"pa_50394_qnesmtb7-brun","11":"pa_50394_qnesmtb7-hvit","12":"desktop-align-left","13":"tablet-align-left","14":"mobile-align-left","16":"first","17":"instock","18":"shipping-taxable","19":"purchasable","20":"product-type-variable","21":"has-default-attributes"},"yoast_head":"<!-- This site is optimized with the Yoast SEO plugin v26.6 - https:\/\/yoast.com\/wordpress\/plugins\/seo\/ -->\n<title>Multifunksjonell dreneringssk\u00e5l - Mekulo NO<\/title>\n<meta name=\"robots\" content=\"index, follow, max-snippet:-1, max-image-preview:large, max-video-preview:-1\" \/>\n<link rel=\"canonical\" href=\"https:\/\/mekulo.com\/no\/produkt\/multifunksjonell-dreneringsskal\/\" \/>\n<meta property=\"og:locale\" content=\"nb_NO\" \/>\n<meta property=\"og:type\" content=\"article\" \/>\n<meta property=\"og:title\" content=\"Multifunksjonell dreneringssk\u00e5l - Mekulo NO\" \/>\n<meta property=\"og:description\" content=\"\ud83c\udf47Denne multifunksjonelle dreneringssk\u00e5len er designet for \u00e5 vaske, drenere, oppbevare og b\u00e6re frukt med letthet. \ud83d\udca7Den hjelper til med \u00e5 fjerne overfl\u00f8dig vann etter vask, og holder b\u00e6r og snacks friske, rene og muggfrie lenger. \ud83d\udc69\u200d\ud83c\udf73This gj\u00f8r den ideell for daglig kj\u00f8kkenbruk, oppbevaring i kj\u00f8leskapet og snacks p\u00e5 farten.\" \/>\n<meta property=\"og:url\" content=\"https:\/\/mekulo.com\/no\/produkt\/multifunksjonell-dreneringsskal\/\" \/>\n<meta property=\"og:site_name\" content=\"Mekulo NO\" \/>\n<meta property=\"article:modified_time\" content=\"2026-02-03T16:03:55+00:00\" \/>\n<meta property=\"og:image\" content=\"https:\/\/mekulo.com\/no\/wp-content\/uploads\/sites\/10\/2026\/01\/1enguzm-1.jpg\" \/>\n\t<meta property=\"og:image:width\" content=\"960\" \/>\n\t<meta property=\"og:image:height\" content=\"960\" \/>\n\t<meta property=\"og:image:type\" content=\"image\/jpeg\" \/>\n<meta name=\"twitter:card\" content=\"summary_large_image\" \/>\n<meta name=\"twitter:label1\" content=\"Ansl. lesetid\" \/>\n\t<meta name=\"twitter:data1\" content=\"2 minutter\" \/>\n<script type=\"application\/ld+json\" class=\"yoast-schema-graph\">{\"@context\":\"https:\/\/schema.org\",\"@graph\":[{\"@type\":\"WebPage\",\"@id\":\"https:\/\/mekulo.com\/no\/produkt\/multifunksjonell-dreneringsskal\/\",\"url\":\"https:\/\/mekulo.com\/no\/produkt\/multifunksjonell-dreneringsskal\/\",\"name\":\"Multifunksjonell dreneringssk\u00e5l - Mekulo NO\",\"isPartOf\":{\"@id\":\"https:\/\/mekulo.com\/no\/#website\"},\"primaryImageOfPage\":{\"@id\":\"https:\/\/mekulo.com\/no\/produkt\/multifunksjonell-dreneringsskal\/#primaryimage\"},\"image\":{\"@id\":\"https:\/\/mekulo.com\/no\/produkt\/multifunksjonell-dreneringsskal\/#primaryimage\"},\"thumbnailUrl\":\"https:\/\/mekulo.com\/no\/wp-content\/uploads\/sites\/10\/2026\/01\/1enguzm-1.jpg\",\"datePublished\":\"2026-01-22T13:23:58+00:00\",\"dateModified\":\"2026-02-03T16:03:55+00:00\",\"breadcrumb\":{\"@id\":\"https:\/\/mekulo.com\/no\/produkt\/multifunksjonell-dreneringsskal\/#breadcrumb\"},\"inLanguage\":\"nb-NO\",\"potentialAction\":[{\"@type\":\"ReadAction\",\"target\":[\"https:\/\/mekulo.com\/no\/produkt\/multifunksjonell-dreneringsskal\/\"]}]},{\"@type\":\"ImageObject\",\"inLanguage\":\"nb-NO\",\"@id\":\"https:\/\/mekulo.com\/no\/produkt\/multifunksjonell-dreneringsskal\/#primaryimage\",\"url\":\"https:\/\/mekulo.com\/no\/wp-content\/uploads\/sites\/10\/2026\/01\/1enguzm-1.jpg\",\"contentUrl\":\"https:\/\/mekulo.com\/no\/wp-content\/uploads\/sites\/10\/2026\/01\/1enguzm-1.jpg\",\"width\":960,\"height\":960},{\"@type\":\"BreadcrumbList\",\"@id\":\"https:\/\/mekulo.com\/no\/produkt\/multifunksjonell-dreneringsskal\/#breadcrumb\",\"itemListElement\":[{\"@type\":\"ListItem\",\"position\":1,\"name\":\"Home\",\"item\":\"https:\/\/mekulo.com\/no\/\"},{\"@type\":\"ListItem\",\"position\":2,\"name\":\"Butikk\",\"item\":\"https:\/\/mekulo.com\/no\/butikk\/\"},{\"@type\":\"ListItem\",\"position\":3,\"name\":\"Multifunksjonell dreneringssk\u00e5l\"}]},{\"@type\":\"WebSite\",\"@id\":\"https:\/\/mekulo.com\/no\/#website\",\"url\":\"https:\/\/mekulo.com\/no\/\",\"name\":\"Mekulo NO\",\"description\":\"\",\"publisher\":{\"@id\":\"https:\/\/mekulo.com\/no\/#organization\"},\"potentialAction\":[{\"@type\":\"SearchAction\",\"target\":{\"@type\":\"EntryPoint\",\"urlTemplate\":\"https:\/\/mekulo.com\/no\/?s={search_term_string}\"},\"query-input\":{\"@type\":\"PropertyValueSpecification\",\"valueRequired\":true,\"valueName\":\"search_term_string\"}}],\"inLanguage\":\"nb-NO\"},{\"@type\":\"Organization\",\"@id\":\"https:\/\/mekulo.com\/no\/#organization\",\"name\":\"Mekulo\",\"url\":\"https:\/\/mekulo.com\/no\/\",\"logo\":{\"@type\":\"ImageObject\",\"inLanguage\":\"nb-NO\",\"@id\":\"https:\/\/mekulo.com\/no\/#\/schema\/logo\/image\/\",\"url\":\"https:\/\/mekulo.com\/no\/wp-content\/uploads\/sites\/10\/2025\/12\/favicon_mekulo.png\",\"contentUrl\":\"https:\/\/mekulo.com\/no\/wp-content\/uploads\/sites\/10\/2025\/12\/favicon_mekulo.png\",\"width\":50,\"height\":50,\"caption\":\"Mekulo\"},\"image\":{\"@id\":\"https:\/\/mekulo.com\/no\/#\/schema\/logo\/image\/\"}}]}<\/script>\n<!-- \/ Yoast SEO plugin. -->","yoast_head_json":{"title":"Multifunksjonell dreneringssk\u00e5l - Mekulo NO","robots":{"index":"index","follow":"follow","max-snippet":"max-snippet:-1","max-image-preview":"max-image-preview:large","max-video-preview":"max-video-preview:-1"},"canonical":"https:\/\/mekulo.com\/no\/produkt\/multifunksjonell-dreneringsskal\/","og_locale":"nb_NO","og_type":"article","og_title":"Multifunksjonell dreneringssk\u00e5l - Mekulo NO","og_description":"\ud83c\udf47Denne multifunksjonelle dreneringssk\u00e5len er designet for \u00e5 vaske, drenere, oppbevare og b\u00e6re frukt med letthet. \ud83d\udca7Den hjelper til med \u00e5 fjerne overfl\u00f8dig vann etter vask, og holder b\u00e6r og snacks friske, rene og muggfrie lenger. \ud83d\udc69\u200d\ud83c\udf73This gj\u00f8r den ideell for daglig kj\u00f8kkenbruk, oppbevaring i kj\u00f8leskapet og snacks p\u00e5 farten.","og_url":"https:\/\/mekulo.com\/no\/produkt\/multifunksjonell-dreneringsskal\/","og_site_name":"Mekulo NO","article_modified_time":"2026-02-03T16:03:55+00:00","og_image":[{"width":960,"height":960,"url":"https:\/\/mekulo.com\/no\/wp-content\/uploads\/sites\/10\/2026\/01\/1enguzm-1.jpg","type":"image\/jpeg"}],"twitter_card":"summary_large_image","twitter_misc":{"Ansl. lesetid":"2 minutter"},"schema":{"@context":"https:\/\/schema.org","@graph":[{"@type":"WebPage","@id":"https:\/\/mekulo.com\/no\/produkt\/multifunksjonell-dreneringsskal\/","url":"https:\/\/mekulo.com\/no\/produkt\/multifunksjonell-dreneringsskal\/","name":"Multifunksjonell dreneringssk\u00e5l - Mekulo NO","isPartOf":{"@id":"https:\/\/mekulo.com\/no\/#website"},"primaryImageOfPage":{"@id":"https:\/\/mekulo.com\/no\/produkt\/multifunksjonell-dreneringsskal\/#primaryimage"},"image":{"@id":"https:\/\/mekulo.com\/no\/produkt\/multifunksjonell-dreneringsskal\/#primaryimage"},"thumbnailUrl":"https:\/\/mekulo.com\/no\/wp-content\/uploads\/sites\/10\/2026\/01\/1enguzm-1.jpg","datePublished":"2026-01-22T13:23:58+00:00","dateModified":"2026-02-03T16:03:55+00:00","breadcrumb":{"@id":"https:\/\/mekulo.com\/no\/produkt\/multifunksjonell-dreneringsskal\/#breadcrumb"},"inLanguage":"nb-NO","potentialAction":[{"@type":"ReadAction","target":["https:\/\/mekulo.com\/no\/produkt\/multifunksjonell-dreneringsskal\/"]}]},{"@type":"ImageObject","inLanguage":"nb-NO","@id":"https:\/\/mekulo.com\/no\/produkt\/multifunksjonell-dreneringsskal\/#primaryimage","url":"https:\/\/mekulo.com\/no\/wp-content\/uploads\/sites\/10\/2026\/01\/1enguzm-1.jpg","contentUrl":"https:\/\/mekulo.com\/no\/wp-content\/uploads\/sites\/10\/2026\/01\/1enguzm-1.jpg","width":960,"height":960},{"@type":"BreadcrumbList","@id":"https:\/\/mekulo.com\/no\/produkt\/multifunksjonell-dreneringsskal\/#breadcrumb","itemListElement":[{"@type":"ListItem","position":1,"name":"Home","item":"https:\/\/mekulo.com\/no\/"},{"@type":"ListItem","position":2,"name":"Butikk","item":"https:\/\/mekulo.com\/no\/butikk\/"},{"@type":"ListItem","position":3,"name":"Multifunksjonell dreneringssk\u00e5l"}]},{"@type":"WebSite","@id":"https:\/\/mekulo.com\/no\/#website","url":"https:\/\/mekulo.com\/no\/","name":"Mekulo NO","description":"","publisher":{"@id":"https:\/\/mekulo.com\/no\/#organization"},"potentialAction":[{"@type":"SearchAction","target":{"@type":"EntryPoint","urlTemplate":"https:\/\/mekulo.com\/no\/?s={search_term_string}"},"query-input":{"@type":"PropertyValueSpecification","valueRequired":true,"valueName":"search_term_string"}}],"inLanguage":"nb-NO"},{"@type":"Organization","@id":"https:\/\/mekulo.com\/no\/#organization","name":"Mekulo","url":"https:\/\/mekulo.com\/no\/","logo":{"@type":"ImageObject","inLanguage":"nb-NO","@id":"https:\/\/mekulo.com\/no\/#\/schema\/logo\/image\/","url":"https:\/\/mekulo.com\/no\/wp-content\/uploads\/sites\/10\/2025\/12\/favicon_mekulo.png","contentUrl":"https:\/\/mekulo.com\/no\/wp-content\/uploads\/sites\/10\/2025\/12\/favicon_mekulo.png","width":50,"height":50,"caption":"Mekulo"},"image":{"@id":"https:\/\/mekulo.com\/no\/#\/schema\/logo\/image\/"}}]}},"_links":{"self":[{"href":"https:\/\/mekulo.com\/no\/wp-json\/wp\/v2\/product\/18746","targetHints":{"allow":["GET"]}}],"collection":[{"href":"https:\/\/mekulo.com\/no\/wp-json\/wp\/v2\/product"}],"about":[{"href":"https:\/\/mekulo.com\/no\/wp-json\/wp\/v2\/types\/product"}],"replies":[{"embeddable":true,"href":"https:\/\/mekulo.com\/no\/wp-json\/wp\/v2\/comments?post=18746"}],"wp:featuredmedia":[{"embeddable":true,"href":"https:\/\/mekulo.com\/no\/wp-json\/wp\/v2\/media\/18742"}],"wp:attachment":[{"href":"https:\/\/mekulo.com\/no\/wp-json\/wp\/v2\/media?parent=18746"}],"wp:term":[{"taxonomy":"product_brand","embeddable":true,"href":"https:\/\/mekulo.com\/no\/wp-json\/wp\/v2\/product_brand?post=18746"},{"taxonomy":"product_cat","embeddable":true,"href":"https:\/\/mekulo.com\/no\/wp-json\/wp\/v2\/product_cat?post=18746"},{"taxonomy":"product_tag","embeddable":true,"href":"https:\/\/mekulo.com\/no\/wp-json\/wp\/v2\/product_tag?post=18746"}],"curies":[{"name":"wp","href":"https:\/\/api.w.org\/{rel}","templated":true}]}}