{"id":18736,"date":"2026-01-22T15:22:30","date_gmt":"2026-01-22T13:22:30","guid":{"rendered":"https:\/\/mekulo.com\/no\/produkt\/elektrisk-grillpanne\/"},"modified":"2026-02-03T17:06:21","modified_gmt":"2026-02-03T15:06:21","slug":"elektrisk-grillpanne","status":"publish","type":"product","link":"https:\/\/mekulo.com\/no\/produkt\/elektrisk-grillpanne\/","title":{"rendered":"Elektrisk grillpanne"},"content":{"rendered":"<p style=\"text-align: center;\" data-start=\"0\" data-end=\"56\"><strong data-start=\"0\" data-end=\"56\">Lag velsmakende m\u00e5ltider raskere med jevn varme og mindre olje. \ud83e\udd69<\/strong><\/p>\n<p data-start=\"0\" data-end=\"56\"><img fetchpriority=\"high\" decoding=\"async\" class=\"size-full wp-image-20925 aligncenter\" src=\"https:\/\/mekulo.com\/template\/wp-content\/uploads\/sites\/6\/2026\/01\/dceec3b7-d4f6-4aa4-9ac5-a834d9ec4e44.webp\" alt=\"\" width=\"800\" height=\"800\" \/><\/p>\n<h2 style=\"text-align: center;\" data-start=\"288\" data-end=\"308\">Hovedfordeler \ud83c\udf73<\/h2>\n<p data-start=\"311\" data-end=\"369\">\ud83d\udd25 Flerbruksmatlaging &#8211; Grill, stek, bake eller grill.<\/p>\n<p data-start=\"372\" data-end=\"434\">\ud83c\udf56 Jevn varmefordeling &#8211; Tilbereder maten jevnt hver gang.<\/p>\n<p data-start=\"437\" data-end=\"492\">\ud83e\uddfc Nonstick-overflate &#8211; Enkel \u00e5 rengj\u00f8re etter tilberedning.<\/p>\n<p data-start=\"495\" data-end=\"558\">\ud83d\udee2\ufe0f Oljedreneringsdesign &#8211; Hjelper med \u00e5 redusere overfl\u00f8dig olje og fett.<\/p>\n<p data-start=\"561\" data-end=\"624\">\u26a1 Kraftig oppvarming &#8211; 1200 W for rask og effektiv matlaging.<\/p>\n<p data-start=\"627\" data-end=\"686\">\ud83c\udfe0 Stabil og sikker &#8211; Sterk base holder pannen st\u00f8dig.<\/p>\n<p data-start=\"627\" data-end=\"686\"><img decoding=\"async\" class=\"size-full wp-image-20928 aligncenter\" src=\"https:\/\/mekulo.com\/template\/wp-content\/uploads\/sites\/6\/2026\/01\/ace0da4f-78c7-4bf5-953f-d46a587e2af1.webp\" alt=\"\" width=\"800\" height=\"800\" \/><\/p>\n<h2 style=\"text-align: center;\" data-start=\"693\" data-end=\"707\">Hvordan du bruker \ud83d\udccc<\/h2>\n<ol data-start=\"708\" data-end=\"953\">\n<li data-start=\"708\" data-end=\"759\">\n<p data-start=\"711\" data-end=\"759\">Plasser grillpannen p\u00e5 en flat, stabil overflate.<\/p>\n<\/li>\n<li data-start=\"760\" data-end=\"793\">\n<p data-start=\"763\" data-end=\"793\">Koble den til et str\u00f8muttak.<\/p>\n<\/li>\n<li data-start=\"794\" data-end=\"827\">\n<p data-start=\"797\" data-end=\"827\">Still inn \u00f8nsket temperatur.<\/p>\n<\/li>\n<li data-start=\"828\" data-end=\"866\">\n<p data-start=\"831\" data-end=\"866\">Legg mat p\u00e5 nonstick-overflaten.<\/p>\n<\/li>\n<li data-start=\"867\" data-end=\"911\">\n<p data-start=\"870\" data-end=\"911\">Kok til maten er ferdig etter eget \u00f8nske.<\/p>\n<\/li>\n<li data-start=\"912\" data-end=\"953\">\n<p data-start=\"915\" data-end=\"953\">Trekk ut st\u00f8pselet og la avkj\u00f8les f\u00f8r rengj\u00f8ring.<\/p>\n<\/li>\n<\/ol>\n<h2 style=\"text-align: center;\" data-start=\"960\" data-end=\"979\">Produktdetaljer \ud83d\udccf<\/h2>\n<ul data-start=\"980\" data-end=\"1262\">\n<li data-start=\"1017\" data-end=\"1033\">\n<p data-start=\"1019\" data-end=\"1033\">Effekt: 1200W<\/p>\n<\/li>\n<li data-start=\"1034\" data-end=\"1054\">\n<p data-start=\"1036\" data-end=\"1054\">Spenning: AC 110V<\/p>\n<\/li>\n<li data-start=\"1055\" data-end=\"1077\">\n<p data-start=\"1057\" data-end=\"1077\">Plug type: EU-plugg<\/p>\n<\/li>\n<li data-start=\"1078\" data-end=\"1128\">\n<p data-start=\"1080\" data-end=\"1128\">Materiale: Aluminium med nonstick-belegg i stein<\/p>\n<\/li>\n<li data-start=\"1129\" data-end=\"1154\">\n<p data-start=\"1131\" data-end=\"1154\">Platediameter: 30 cm<\/p>\n<\/li>\n<li data-start=\"1155\" data-end=\"1199\">\n<p data-start=\"1157\" data-end=\"1199\">Design: Rund panne med oljedreneringsport<\/p>\n<\/li>\n<li data-start=\"1220\" data-end=\"1262\">\n<p data-start=\"1222\" data-end=\"1262\">Varmetype: Jevn og jevn oppvarming<\/p>\n<\/li>\n<\/ul>\n<h2 style=\"text-align: center;\" data-start=\"1269\" data-end=\"1289\">Pakken inkluderer \ud83d\udce6<\/h2>\n<ul data-start=\"1290\" data-end=\"1317\" data-is-last-node=\"\" data-is-only-node=\"\">\n<li data-start=\"1290\" data-end=\"1317\" data-is-last-node=\"\">\n<p data-start=\"1292\" data-end=\"1317\" data-is-last-node=\"\">1x elektrisk grillpanne.<\/p>\n<\/li>\n<\/ul>\n","protected":false},"excerpt":{"rendered":"<p>\ud83d\udc69\u200d\ud83c\udf73Dette elektrisk grillpanne lar deg grille, steke og tilberede mange typer mat i ett og samme apparat.<br \/>\n\ud83d\udd25Med jevn varme, nonstick-belegg og presis temperaturkontroll gj\u00f8r den matlagingen enklere, renere og sunnere i hverdagen.<br \/>\n\ud83c\udf56Den er perfekt for \u00e5 tilberede raske frokoster, lunsjer eller familiemiddager hjemme.<\/p>\n","protected":false},"featured_media":18732,"comment_status":"open","ping_status":"closed","template":"","meta":{"site-sidebar-layout":"default","site-content-layout":"","ast-site-content-layout":"default","site-content-style":"default","site-sidebar-style":"default","ast-global-header-display":"","ast-banner-title-visibility":"","ast-main-header-display":"","ast-hfb-above-header-display":"","ast-hfb-below-header-display":"","ast-hfb-mobile-header-display":"","site-post-title":"","ast-breadcrumbs-content":"","ast-featured-img":"","footer-sml-layout":"","theme-transparent-header-meta":"default","adv-header-id-meta":"","stick-header-meta":"","header-above-stick-meta":"","header-main-stick-meta":"","header-below-stick-meta":"","astra-migrate-meta-layouts":"set","ast-page-background-enabled":"default","ast-page-background-meta":{"desktop":{"background-color":"var(--ast-global-color-5)","background-image":"","background-repeat":"repeat","background-position":"center center","background-size":"auto","background-attachment":"scroll","background-type":"","background-media":"","overlay-type":"","overlay-color":"","overlay-opacity":"","overlay-gradient":""},"tablet":{"background-color":"","background-image":"","background-repeat":"repeat","background-position":"center center","background-size":"auto","background-attachment":"scroll","background-type":"","background-media":"","overlay-type":"","overlay-color":"","overlay-opacity":"","overlay-gradient":""},"mobile":{"background-color":"","background-image":"","background-repeat":"repeat","background-position":"center center","background-size":"auto","background-attachment":"scroll","background-type":"","background-media":"","overlay-type":"","overlay-color":"","overlay-opacity":"","overlay-gradient":""}},"ast-content-background-meta":{"desktop":{"background-color":"var(--ast-global-color-4)","background-image":"","background-repeat":"repeat","background-position":"center center","background-size":"auto","background-attachment":"scroll","background-type":"","background-media":"","overlay-type":"","overlay-color":"","overlay-opacity":"","overlay-gradient":""},"tablet":{"background-color":"var(--ast-global-color-4)","background-image":"","background-repeat":"repeat","background-position":"center center","background-size":"auto","background-attachment":"scroll","background-type":"","background-media":"","overlay-type":"","overlay-color":"","overlay-opacity":"","overlay-gradient":""},"mobile":{"background-color":"var(--ast-global-color-4)","background-image":"","background-repeat":"repeat","background-position":"center center","background-size":"auto","background-attachment":"scroll","background-type":"","background-media":"","overlay-type":"","overlay-color":"","overlay-opacity":"","overlay-gradient":""}}},"product_brand":[],"product_cat":[15],"product_tag":[],"class_list":{"0":"post-18736","1":"product","2":"type-product","3":"status-publish","4":"has-post-thumbnail","6":"product_cat-uncategorized","7":"desktop-align-left","8":"tablet-align-left","9":"mobile-align-left","11":"first","12":"instock","13":"shipping-taxable","14":"purchasable","15":"product-type-simple"},"yoast_head":"<!-- This site is optimized with the Yoast SEO plugin v26.6 - https:\/\/yoast.com\/wordpress\/plugins\/seo\/ -->\n<title>Elektrisk grillpanne - Mekulo NO<\/title>\n<meta name=\"robots\" content=\"index, follow, max-snippet:-1, max-image-preview:large, max-video-preview:-1\" \/>\n<link rel=\"canonical\" href=\"https:\/\/mekulo.com\/no\/produkt\/elektrisk-grillpanne\/\" \/>\n<meta property=\"og:locale\" content=\"nb_NO\" \/>\n<meta property=\"og:type\" content=\"article\" \/>\n<meta property=\"og:title\" content=\"Elektrisk grillpanne - Mekulo NO\" \/>\n<meta property=\"og:description\" content=\"\ud83d\udc69\u200d\ud83c\udf73Dette elektrisk grillpanne lar deg grille, steke og tilberede mange typer mat i ett og samme apparat. \ud83d\udd25Med jevn varme, nonstick-belegg og presis temperaturkontroll gj\u00f8r den matlagingen enklere, renere og sunnere i hverdagen. \ud83c\udf56Den er perfekt for \u00e5 tilberede raske frokoster, lunsjer eller familiemiddager hjemme.\" \/>\n<meta property=\"og:url\" content=\"https:\/\/mekulo.com\/no\/produkt\/elektrisk-grillpanne\/\" \/>\n<meta property=\"og:site_name\" content=\"Mekulo NO\" \/>\n<meta property=\"article:modified_time\" content=\"2026-02-03T15:06:21+00:00\" \/>\n<meta property=\"og:image\" content=\"https:\/\/mekulo.com\/no\/wp-content\/uploads\/sites\/10\/2026\/01\/1lk0129-1.webp\" \/>\n\t<meta property=\"og:image:width\" content=\"800\" \/>\n\t<meta property=\"og:image:height\" content=\"800\" \/>\n\t<meta property=\"og:image:type\" content=\"image\/webp\" \/>\n<meta name=\"twitter:card\" content=\"summary_large_image\" \/>\n<meta name=\"twitter:label1\" content=\"Ansl. lesetid\" \/>\n\t<meta name=\"twitter:data1\" content=\"2 minutter\" \/>\n<script type=\"application\/ld+json\" class=\"yoast-schema-graph\">{\"@context\":\"https:\/\/schema.org\",\"@graph\":[{\"@type\":\"WebPage\",\"@id\":\"https:\/\/mekulo.com\/no\/produkt\/elektrisk-grillpanne\/\",\"url\":\"https:\/\/mekulo.com\/no\/produkt\/elektrisk-grillpanne\/\",\"name\":\"Elektrisk grillpanne - Mekulo NO\",\"isPartOf\":{\"@id\":\"https:\/\/mekulo.com\/no\/#website\"},\"primaryImageOfPage\":{\"@id\":\"https:\/\/mekulo.com\/no\/produkt\/elektrisk-grillpanne\/#primaryimage\"},\"image\":{\"@id\":\"https:\/\/mekulo.com\/no\/produkt\/elektrisk-grillpanne\/#primaryimage\"},\"thumbnailUrl\":\"https:\/\/mekulo.com\/no\/wp-content\/uploads\/sites\/10\/2026\/01\/1lk0129-1.webp\",\"datePublished\":\"2026-01-22T13:22:30+00:00\",\"dateModified\":\"2026-02-03T15:06:21+00:00\",\"breadcrumb\":{\"@id\":\"https:\/\/mekulo.com\/no\/produkt\/elektrisk-grillpanne\/#breadcrumb\"},\"inLanguage\":\"nb-NO\",\"potentialAction\":[{\"@type\":\"ReadAction\",\"target\":[\"https:\/\/mekulo.com\/no\/produkt\/elektrisk-grillpanne\/\"]}]},{\"@type\":\"ImageObject\",\"inLanguage\":\"nb-NO\",\"@id\":\"https:\/\/mekulo.com\/no\/produkt\/elektrisk-grillpanne\/#primaryimage\",\"url\":\"https:\/\/mekulo.com\/no\/wp-content\/uploads\/sites\/10\/2026\/01\/1lk0129-1.webp\",\"contentUrl\":\"https:\/\/mekulo.com\/no\/wp-content\/uploads\/sites\/10\/2026\/01\/1lk0129-1.webp\",\"width\":800,\"height\":800},{\"@type\":\"BreadcrumbList\",\"@id\":\"https:\/\/mekulo.com\/no\/produkt\/elektrisk-grillpanne\/#breadcrumb\",\"itemListElement\":[{\"@type\":\"ListItem\",\"position\":1,\"name\":\"Home\",\"item\":\"https:\/\/mekulo.com\/no\/\"},{\"@type\":\"ListItem\",\"position\":2,\"name\":\"Butikk\",\"item\":\"https:\/\/mekulo.com\/no\/butikk\/\"},{\"@type\":\"ListItem\",\"position\":3,\"name\":\"Elektrisk grillpanne\"}]},{\"@type\":\"WebSite\",\"@id\":\"https:\/\/mekulo.com\/no\/#website\",\"url\":\"https:\/\/mekulo.com\/no\/\",\"name\":\"Mekulo NO\",\"description\":\"\",\"publisher\":{\"@id\":\"https:\/\/mekulo.com\/no\/#organization\"},\"potentialAction\":[{\"@type\":\"SearchAction\",\"target\":{\"@type\":\"EntryPoint\",\"urlTemplate\":\"https:\/\/mekulo.com\/no\/?s={search_term_string}\"},\"query-input\":{\"@type\":\"PropertyValueSpecification\",\"valueRequired\":true,\"valueName\":\"search_term_string\"}}],\"inLanguage\":\"nb-NO\"},{\"@type\":\"Organization\",\"@id\":\"https:\/\/mekulo.com\/no\/#organization\",\"name\":\"Mekulo\",\"url\":\"https:\/\/mekulo.com\/no\/\",\"logo\":{\"@type\":\"ImageObject\",\"inLanguage\":\"nb-NO\",\"@id\":\"https:\/\/mekulo.com\/no\/#\/schema\/logo\/image\/\",\"url\":\"https:\/\/mekulo.com\/no\/wp-content\/uploads\/sites\/10\/2025\/12\/favicon_mekulo.png\",\"contentUrl\":\"https:\/\/mekulo.com\/no\/wp-content\/uploads\/sites\/10\/2025\/12\/favicon_mekulo.png\",\"width\":50,\"height\":50,\"caption\":\"Mekulo\"},\"image\":{\"@id\":\"https:\/\/mekulo.com\/no\/#\/schema\/logo\/image\/\"}}]}<\/script>\n<!-- \/ Yoast SEO plugin. -->","yoast_head_json":{"title":"Elektrisk grillpanne - Mekulo NO","robots":{"index":"index","follow":"follow","max-snippet":"max-snippet:-1","max-image-preview":"max-image-preview:large","max-video-preview":"max-video-preview:-1"},"canonical":"https:\/\/mekulo.com\/no\/produkt\/elektrisk-grillpanne\/","og_locale":"nb_NO","og_type":"article","og_title":"Elektrisk grillpanne - Mekulo NO","og_description":"\ud83d\udc69\u200d\ud83c\udf73Dette elektrisk grillpanne lar deg grille, steke og tilberede mange typer mat i ett og samme apparat. \ud83d\udd25Med jevn varme, nonstick-belegg og presis temperaturkontroll gj\u00f8r den matlagingen enklere, renere og sunnere i hverdagen. \ud83c\udf56Den er perfekt for \u00e5 tilberede raske frokoster, lunsjer eller familiemiddager hjemme.","og_url":"https:\/\/mekulo.com\/no\/produkt\/elektrisk-grillpanne\/","og_site_name":"Mekulo NO","article_modified_time":"2026-02-03T15:06:21+00:00","og_image":[{"width":800,"height":800,"url":"https:\/\/mekulo.com\/no\/wp-content\/uploads\/sites\/10\/2026\/01\/1lk0129-1.webp","type":"image\/webp"}],"twitter_card":"summary_large_image","twitter_misc":{"Ansl. lesetid":"2 minutter"},"schema":{"@context":"https:\/\/schema.org","@graph":[{"@type":"WebPage","@id":"https:\/\/mekulo.com\/no\/produkt\/elektrisk-grillpanne\/","url":"https:\/\/mekulo.com\/no\/produkt\/elektrisk-grillpanne\/","name":"Elektrisk grillpanne - Mekulo NO","isPartOf":{"@id":"https:\/\/mekulo.com\/no\/#website"},"primaryImageOfPage":{"@id":"https:\/\/mekulo.com\/no\/produkt\/elektrisk-grillpanne\/#primaryimage"},"image":{"@id":"https:\/\/mekulo.com\/no\/produkt\/elektrisk-grillpanne\/#primaryimage"},"thumbnailUrl":"https:\/\/mekulo.com\/no\/wp-content\/uploads\/sites\/10\/2026\/01\/1lk0129-1.webp","datePublished":"2026-01-22T13:22:30+00:00","dateModified":"2026-02-03T15:06:21+00:00","breadcrumb":{"@id":"https:\/\/mekulo.com\/no\/produkt\/elektrisk-grillpanne\/#breadcrumb"},"inLanguage":"nb-NO","potentialAction":[{"@type":"ReadAction","target":["https:\/\/mekulo.com\/no\/produkt\/elektrisk-grillpanne\/"]}]},{"@type":"ImageObject","inLanguage":"nb-NO","@id":"https:\/\/mekulo.com\/no\/produkt\/elektrisk-grillpanne\/#primaryimage","url":"https:\/\/mekulo.com\/no\/wp-content\/uploads\/sites\/10\/2026\/01\/1lk0129-1.webp","contentUrl":"https:\/\/mekulo.com\/no\/wp-content\/uploads\/sites\/10\/2026\/01\/1lk0129-1.webp","width":800,"height":800},{"@type":"BreadcrumbList","@id":"https:\/\/mekulo.com\/no\/produkt\/elektrisk-grillpanne\/#breadcrumb","itemListElement":[{"@type":"ListItem","position":1,"name":"Home","item":"https:\/\/mekulo.com\/no\/"},{"@type":"ListItem","position":2,"name":"Butikk","item":"https:\/\/mekulo.com\/no\/butikk\/"},{"@type":"ListItem","position":3,"name":"Elektrisk grillpanne"}]},{"@type":"WebSite","@id":"https:\/\/mekulo.com\/no\/#website","url":"https:\/\/mekulo.com\/no\/","name":"Mekulo NO","description":"","publisher":{"@id":"https:\/\/mekulo.com\/no\/#organization"},"potentialAction":[{"@type":"SearchAction","target":{"@type":"EntryPoint","urlTemplate":"https:\/\/mekulo.com\/no\/?s={search_term_string}"},"query-input":{"@type":"PropertyValueSpecification","valueRequired":true,"valueName":"search_term_string"}}],"inLanguage":"nb-NO"},{"@type":"Organization","@id":"https:\/\/mekulo.com\/no\/#organization","name":"Mekulo","url":"https:\/\/mekulo.com\/no\/","logo":{"@type":"ImageObject","inLanguage":"nb-NO","@id":"https:\/\/mekulo.com\/no\/#\/schema\/logo\/image\/","url":"https:\/\/mekulo.com\/no\/wp-content\/uploads\/sites\/10\/2025\/12\/favicon_mekulo.png","contentUrl":"https:\/\/mekulo.com\/no\/wp-content\/uploads\/sites\/10\/2025\/12\/favicon_mekulo.png","width":50,"height":50,"caption":"Mekulo"},"image":{"@id":"https:\/\/mekulo.com\/no\/#\/schema\/logo\/image\/"}}]}},"_links":{"self":[{"href":"https:\/\/mekulo.com\/no\/wp-json\/wp\/v2\/product\/18736","targetHints":{"allow":["GET"]}}],"collection":[{"href":"https:\/\/mekulo.com\/no\/wp-json\/wp\/v2\/product"}],"about":[{"href":"https:\/\/mekulo.com\/no\/wp-json\/wp\/v2\/types\/product"}],"replies":[{"embeddable":true,"href":"https:\/\/mekulo.com\/no\/wp-json\/wp\/v2\/comments?post=18736"}],"wp:featuredmedia":[{"embeddable":true,"href":"https:\/\/mekulo.com\/no\/wp-json\/wp\/v2\/media\/18732"}],"wp:attachment":[{"href":"https:\/\/mekulo.com\/no\/wp-json\/wp\/v2\/media?parent=18736"}],"wp:term":[{"taxonomy":"product_brand","embeddable":true,"href":"https:\/\/mekulo.com\/no\/wp-json\/wp\/v2\/product_brand?post=18736"},{"taxonomy":"product_cat","embeddable":true,"href":"https:\/\/mekulo.com\/no\/wp-json\/wp\/v2\/product_cat?post=18736"},{"taxonomy":"product_tag","embeddable":true,"href":"https:\/\/mekulo.com\/no\/wp-json\/wp\/v2\/product_tag?post=18736"}],"curies":[{"name":"wp","href":"https:\/\/api.w.org\/{rel}","templated":true}]}}