{"id":18719,"date":"2026-01-22T15:21:20","date_gmt":"2026-01-22T13:21:20","guid":{"rendered":"https:\/\/mekulo.com\/no\/produkt\/sprintvest-for-loping\/"},"modified":"2026-02-03T17:04:19","modified_gmt":"2026-02-03T15:04:19","slug":"sprintvest-for-loping","status":"publish","type":"product","link":"https:\/\/mekulo.com\/no\/produkt\/sprintvest-for-loping\/","title":{"rendered":"Sprintvest for l\u00f8ping"},"content":{"rendered":"<p style=\"text-align: center;\" data-start=\"0\" data-end=\"84\"><strong data-start=\"0\" data-end=\"84\">B\u00e6r Telefonen Og Andre Viktige Ting Komfortabelt Mens Du L\u00f8per, Uten \u00c5 Bremse Ned Farten. \ud83c\udfc3<\/strong><\/p>\n<p data-start=\"0\" data-end=\"84\"><img fetchpriority=\"high\" decoding=\"async\" class=\"size-full wp-image-20907 aligncenter\" src=\"https:\/\/mekulo.com\/template\/wp-content\/uploads\/sites\/6\/2026\/01\/S7fde8c113b904c5bba812799d6b4cb47i.webp\" alt=\"\" width=\"1600\" height=\"1074\" \/><\/p>\n<h2 style=\"text-align: center;\" data-start=\"382\" data-end=\"405\">Hovedfordeler \ud83c\udfc3\u200d\u2642\ufe0f<\/h2>\n<p data-start=\"408\" data-end=\"478\">\ud83d\udcf1 Sikker telefonlomme &#8211; Holder telefonen trygg og lett tilgjengelig.<\/p>\n<p data-start=\"481\" data-end=\"557\">\ud83c\udf92 Flere oppbevaringslommer &#8211; B\u00e6r n\u00f8kler, kort, geler og sm\u00e5ting.<\/p>\n<p data-start=\"560\" data-end=\"631\">\ud83e\udeb6 Lett og pustende &#8211; Forblir behagelig selv p\u00e5 lange l\u00f8peturer.<\/p>\n<p data-start=\"634\" data-end=\"692\">\ud83d\udd27 Justerbar passform &#8211; Passer b\u00e5de menn og kvinner sikkert.<\/p>\n<p data-start=\"695\" data-end=\"766\">\ud83c\udf19 Reflekterende detaljer &#8211; Bedre synlighet i d\u00e5rlige lysforhold.<\/p>\n<p data-start=\"769\" data-end=\"846\">\ud83d\udd04 Multi-aktivitetsbruk &#8211; Perfekt for l\u00f8ping, jogging, fotturer og g\u00e5ing.<\/p>\n<p data-start=\"769\" data-end=\"846\"><img decoding=\"async\" class=\"size-full wp-image-20910 aligncenter\" src=\"https:\/\/mekulo.com\/template\/wp-content\/uploads\/sites\/6\/2026\/01\/Sc63465b031544ef1a79b71dc6446c4e3M.webp\" alt=\"\" width=\"1600\" height=\"1600\" \/><\/p>\n<h2 style=\"text-align: center;\" data-start=\"853\" data-end=\"867\">Hvordan du bruker den \ud83d\udccc<\/h2>\n<ol data-start=\"868\" data-end=\"1144\">\n<li data-start=\"868\" data-end=\"915\">\n<p data-start=\"871\" data-end=\"915\">Ta p\u00e5 deg vesten som en lett jakke.<\/p>\n<\/li>\n<li data-start=\"916\" data-end=\"970\">\n<p data-start=\"919\" data-end=\"970\">Juster stroppene for en tettsittende og komfortabel passform.<\/p>\n<\/li>\n<li data-start=\"971\" data-end=\"1013\">\n<p data-start=\"974\" data-end=\"1013\">Legg telefonen i telefonlommen.<\/p>\n<\/li>\n<li data-start=\"1014\" data-end=\"1066\">\n<p data-start=\"1017\" data-end=\"1066\">Oppbevar n\u00f8kler, ID eller snacks i de ekstra lommene.<\/p>\n<\/li>\n<li data-start=\"1067\" data-end=\"1111\">\n<p data-start=\"1070\" data-end=\"1111\">Start l\u00f8peturen med h\u00e5ndfri komfort.<\/p>\n<\/li>\n<li data-start=\"1112\" data-end=\"1144\">\n<p data-start=\"1115\" data-end=\"1144\">Vask etter bruk ved behov.<\/p>\n<\/li>\n<\/ol>\n<h2 style=\"text-align: center;\" data-start=\"1151\" data-end=\"1170\">Produktdetaljer \ud83d\udccf<\/h2>\n<ul data-start=\"1171\" data-end=\"1522\">\n<li data-start=\"1205\" data-end=\"1239\">\n<p data-start=\"1207\" data-end=\"1239\">Type: Lettvekts l\u00f8pevest<\/p>\n<\/li>\n<li data-start=\"1240\" data-end=\"1284\">\n<p data-start=\"1242\" data-end=\"1284\">Passform: Justerbare stropper for menn og kvinner<\/p>\n<\/li>\n<li data-start=\"1285\" data-end=\"1331\">\n<p data-start=\"1287\" data-end=\"1331\">Materiale: Pustende, svetteavvisende stoff<\/p>\n<\/li>\n<li data-start=\"1332\" data-end=\"1405\">\n<p data-start=\"1334\" data-end=\"1405\">Funksjoner: Telefonlomme, flere oppbevaringslommer, reflekterende elementer<\/p>\n<\/li>\n<li data-start=\"1406\" data-end=\"1470\">\n<p data-start=\"1408\" data-end=\"1470\">Bruk: L\u00f8ping, jogging, maratontrening, utend\u00f8rsaktiviteter<\/p>\n<\/li>\n<li data-start=\"1471\" data-end=\"1522\">\n<p data-start=\"1473\" data-end=\"1522\">Pleie: Lett \u00e5 rengj\u00f8re og slitesterk for regelmessig bruk<\/p>\n<\/li>\n<li data-start=\"1471\" data-end=\"1522\">St\u00f8rrelse: 36 x 35,5 cm<\/li>\n<\/ul>\n<h2 style=\"text-align: center;\" data-start=\"1529\" data-end=\"1549\">Pakken inkluderer \ud83d\udce6<\/h2>\n<ul data-start=\"1550\" data-end=\"1574\" data-is-last-node=\"\" data-is-only-node=\"\">\n<li data-start=\"1550\" data-end=\"1574\" data-is-last-node=\"\">\n<p data-start=\"1552\" data-end=\"1574\" data-is-last-node=\"\">1x Sprint L\u00f8pevest.<\/p>\n<\/li>\n<\/ul>\n","protected":false},"excerpt":{"rendered":"<p>\ud83c\udfc3\u200d\u2640\ufe0fDette sprint run vest er en lett l\u00f8pevest som er designet for \u00e5 holde telefonen, n\u00f8kler og sm\u00e5ting sikre mens du beveger deg.<br \/>\n\ud83c\udfbdDen sitter tett inntil kroppen, holder seg stabil under l\u00f8ping og forbedrer sikkerheten med reflekterende detaljer, noe som gj\u00f8r den ideell for daglig jogging, lange l\u00f8peturer og utend\u00f8rs trenings\u00f8kter.<br \/>\n\ud83d\udc5fDette gj\u00f8r at du kan l\u00f8pe uten hender og fokusere fullt og helt p\u00e5 prestasjonen din.<\/p>\n","protected":false},"featured_media":18715,"comment_status":"open","ping_status":"closed","template":"","meta":{"site-sidebar-layout":"default","site-content-layout":"","ast-site-content-layout":"default","site-content-style":"default","site-sidebar-style":"default","ast-global-header-display":"","ast-banner-title-visibility":"","ast-main-header-display":"","ast-hfb-above-header-display":"","ast-hfb-below-header-display":"","ast-hfb-mobile-header-display":"","site-post-title":"","ast-breadcrumbs-content":"","ast-featured-img":"","footer-sml-layout":"","theme-transparent-header-meta":"default","adv-header-id-meta":"","stick-header-meta":"","header-above-stick-meta":"","header-main-stick-meta":"","header-below-stick-meta":"","astra-migrate-meta-layouts":"set","ast-page-background-enabled":"default","ast-page-background-meta":{"desktop":{"background-color":"var(--ast-global-color-5)","background-image":"","background-repeat":"repeat","background-position":"center center","background-size":"auto","background-attachment":"scroll","background-type":"","background-media":"","overlay-type":"","overlay-color":"","overlay-opacity":"","overlay-gradient":""},"tablet":{"background-color":"","background-image":"","background-repeat":"repeat","background-position":"center center","background-size":"auto","background-attachment":"scroll","background-type":"","background-media":"","overlay-type":"","overlay-color":"","overlay-opacity":"","overlay-gradient":""},"mobile":{"background-color":"","background-image":"","background-repeat":"repeat","background-position":"center center","background-size":"auto","background-attachment":"scroll","background-type":"","background-media":"","overlay-type":"","overlay-color":"","overlay-opacity":"","overlay-gradient":""}},"ast-content-background-meta":{"desktop":{"background-color":"var(--ast-global-color-4)","background-image":"","background-repeat":"repeat","background-position":"center center","background-size":"auto","background-attachment":"scroll","background-type":"","background-media":"","overlay-type":"","overlay-color":"","overlay-opacity":"","overlay-gradient":""},"tablet":{"background-color":"var(--ast-global-color-4)","background-image":"","background-repeat":"repeat","background-position":"center center","background-size":"auto","background-attachment":"scroll","background-type":"","background-media":"","overlay-type":"","overlay-color":"","overlay-opacity":"","overlay-gradient":""},"mobile":{"background-color":"var(--ast-global-color-4)","background-image":"","background-repeat":"repeat","background-position":"center center","background-size":"auto","background-attachment":"scroll","background-type":"","background-media":"","overlay-type":"","overlay-color":"","overlay-opacity":"","overlay-gradient":""}}},"product_brand":[],"product_cat":[167,170],"product_tag":[],"class_list":{"0":"post-18719","1":"product","2":"type-product","3":"status-publish","4":"has-post-thumbnail","6":"product_cat-fotturer-camping-og-fritidsartikler","7":"product_cat-sportsutstyr","8":"pa_50353_taxm04sl-a","9":"pa_50353_taxm04sl-b","10":"pa_50353_taxm04sl-c","11":"pa_50353_taxm04sl-d","12":"desktop-align-left","13":"tablet-align-left","14":"mobile-align-left","16":"first","17":"instock","18":"shipping-taxable","19":"purchasable","20":"product-type-variable"},"yoast_head":"<!-- This site is optimized with the Yoast SEO plugin v26.6 - https:\/\/yoast.com\/wordpress\/plugins\/seo\/ -->\n<title>Sprintvest for l\u00f8ping - Mekulo NO<\/title>\n<meta name=\"robots\" content=\"index, follow, max-snippet:-1, max-image-preview:large, max-video-preview:-1\" \/>\n<link rel=\"canonical\" href=\"https:\/\/mekulo.com\/no\/produkt\/sprintvest-for-loping\/\" \/>\n<meta property=\"og:locale\" content=\"nb_NO\" \/>\n<meta property=\"og:type\" content=\"article\" \/>\n<meta property=\"og:title\" content=\"Sprintvest for l\u00f8ping - Mekulo NO\" \/>\n<meta property=\"og:description\" content=\"\ud83c\udfc3\u200d\u2640\ufe0fDette sprint run vest er en lett l\u00f8pevest som er designet for \u00e5 holde telefonen, n\u00f8kler og sm\u00e5ting sikre mens du beveger deg. \ud83c\udfbdDen sitter tett inntil kroppen, holder seg stabil under l\u00f8ping og forbedrer sikkerheten med reflekterende detaljer, noe som gj\u00f8r den ideell for daglig jogging, lange l\u00f8peturer og utend\u00f8rs trenings\u00f8kter. \ud83d\udc5fDette gj\u00f8r at du kan l\u00f8pe uten hender og fokusere fullt og helt p\u00e5 prestasjonen din.\" \/>\n<meta property=\"og:url\" content=\"https:\/\/mekulo.com\/no\/produkt\/sprintvest-for-loping\/\" \/>\n<meta property=\"og:site_name\" content=\"Mekulo NO\" \/>\n<meta property=\"article:modified_time\" content=\"2026-02-03T15:04:19+00:00\" \/>\n<meta property=\"og:image\" content=\"https:\/\/mekulo.com\/no\/wp-content\/uploads\/sites\/10\/2026\/01\/ppw4msl-1.webp\" \/>\n\t<meta property=\"og:image:width\" content=\"1600\" \/>\n\t<meta property=\"og:image:height\" content=\"1600\" \/>\n\t<meta property=\"og:image:type\" content=\"image\/webp\" \/>\n<meta name=\"twitter:card\" content=\"summary_large_image\" \/>\n<meta name=\"twitter:label1\" content=\"Ansl. lesetid\" \/>\n\t<meta name=\"twitter:data1\" content=\"2 minutter\" \/>\n<script type=\"application\/ld+json\" class=\"yoast-schema-graph\">{\"@context\":\"https:\/\/schema.org\",\"@graph\":[{\"@type\":\"WebPage\",\"@id\":\"https:\/\/mekulo.com\/no\/produkt\/sprintvest-for-loping\/\",\"url\":\"https:\/\/mekulo.com\/no\/produkt\/sprintvest-for-loping\/\",\"name\":\"Sprintvest for l\u00f8ping - Mekulo NO\",\"isPartOf\":{\"@id\":\"https:\/\/mekulo.com\/no\/#website\"},\"primaryImageOfPage\":{\"@id\":\"https:\/\/mekulo.com\/no\/produkt\/sprintvest-for-loping\/#primaryimage\"},\"image\":{\"@id\":\"https:\/\/mekulo.com\/no\/produkt\/sprintvest-for-loping\/#primaryimage\"},\"thumbnailUrl\":\"https:\/\/mekulo.com\/no\/wp-content\/uploads\/sites\/10\/2026\/01\/ppw4msl-1.webp\",\"datePublished\":\"2026-01-22T13:21:20+00:00\",\"dateModified\":\"2026-02-03T15:04:19+00:00\",\"breadcrumb\":{\"@id\":\"https:\/\/mekulo.com\/no\/produkt\/sprintvest-for-loping\/#breadcrumb\"},\"inLanguage\":\"nb-NO\",\"potentialAction\":[{\"@type\":\"ReadAction\",\"target\":[\"https:\/\/mekulo.com\/no\/produkt\/sprintvest-for-loping\/\"]}]},{\"@type\":\"ImageObject\",\"inLanguage\":\"nb-NO\",\"@id\":\"https:\/\/mekulo.com\/no\/produkt\/sprintvest-for-loping\/#primaryimage\",\"url\":\"https:\/\/mekulo.com\/no\/wp-content\/uploads\/sites\/10\/2026\/01\/ppw4msl-1.webp\",\"contentUrl\":\"https:\/\/mekulo.com\/no\/wp-content\/uploads\/sites\/10\/2026\/01\/ppw4msl-1.webp\",\"width\":1600,\"height\":1600},{\"@type\":\"BreadcrumbList\",\"@id\":\"https:\/\/mekulo.com\/no\/produkt\/sprintvest-for-loping\/#breadcrumb\",\"itemListElement\":[{\"@type\":\"ListItem\",\"position\":1,\"name\":\"Home\",\"item\":\"https:\/\/mekulo.com\/no\/\"},{\"@type\":\"ListItem\",\"position\":2,\"name\":\"Butikk\",\"item\":\"https:\/\/mekulo.com\/no\/butikk\/\"},{\"@type\":\"ListItem\",\"position\":3,\"name\":\"Sprintvest for l\u00f8ping\"}]},{\"@type\":\"WebSite\",\"@id\":\"https:\/\/mekulo.com\/no\/#website\",\"url\":\"https:\/\/mekulo.com\/no\/\",\"name\":\"Mekulo NO\",\"description\":\"\",\"publisher\":{\"@id\":\"https:\/\/mekulo.com\/no\/#organization\"},\"potentialAction\":[{\"@type\":\"SearchAction\",\"target\":{\"@type\":\"EntryPoint\",\"urlTemplate\":\"https:\/\/mekulo.com\/no\/?s={search_term_string}\"},\"query-input\":{\"@type\":\"PropertyValueSpecification\",\"valueRequired\":true,\"valueName\":\"search_term_string\"}}],\"inLanguage\":\"nb-NO\"},{\"@type\":\"Organization\",\"@id\":\"https:\/\/mekulo.com\/no\/#organization\",\"name\":\"Mekulo\",\"url\":\"https:\/\/mekulo.com\/no\/\",\"logo\":{\"@type\":\"ImageObject\",\"inLanguage\":\"nb-NO\",\"@id\":\"https:\/\/mekulo.com\/no\/#\/schema\/logo\/image\/\",\"url\":\"https:\/\/mekulo.com\/no\/wp-content\/uploads\/sites\/10\/2025\/12\/favicon_mekulo.png\",\"contentUrl\":\"https:\/\/mekulo.com\/no\/wp-content\/uploads\/sites\/10\/2025\/12\/favicon_mekulo.png\",\"width\":50,\"height\":50,\"caption\":\"Mekulo\"},\"image\":{\"@id\":\"https:\/\/mekulo.com\/no\/#\/schema\/logo\/image\/\"}}]}<\/script>\n<!-- \/ Yoast SEO plugin. -->","yoast_head_json":{"title":"Sprintvest for l\u00f8ping - Mekulo NO","robots":{"index":"index","follow":"follow","max-snippet":"max-snippet:-1","max-image-preview":"max-image-preview:large","max-video-preview":"max-video-preview:-1"},"canonical":"https:\/\/mekulo.com\/no\/produkt\/sprintvest-for-loping\/","og_locale":"nb_NO","og_type":"article","og_title":"Sprintvest for l\u00f8ping - Mekulo NO","og_description":"\ud83c\udfc3\u200d\u2640\ufe0fDette sprint run vest er en lett l\u00f8pevest som er designet for \u00e5 holde telefonen, n\u00f8kler og sm\u00e5ting sikre mens du beveger deg. \ud83c\udfbdDen sitter tett inntil kroppen, holder seg stabil under l\u00f8ping og forbedrer sikkerheten med reflekterende detaljer, noe som gj\u00f8r den ideell for daglig jogging, lange l\u00f8peturer og utend\u00f8rs trenings\u00f8kter. \ud83d\udc5fDette gj\u00f8r at du kan l\u00f8pe uten hender og fokusere fullt og helt p\u00e5 prestasjonen din.","og_url":"https:\/\/mekulo.com\/no\/produkt\/sprintvest-for-loping\/","og_site_name":"Mekulo NO","article_modified_time":"2026-02-03T15:04:19+00:00","og_image":[{"width":1600,"height":1600,"url":"https:\/\/mekulo.com\/no\/wp-content\/uploads\/sites\/10\/2026\/01\/ppw4msl-1.webp","type":"image\/webp"}],"twitter_card":"summary_large_image","twitter_misc":{"Ansl. lesetid":"2 minutter"},"schema":{"@context":"https:\/\/schema.org","@graph":[{"@type":"WebPage","@id":"https:\/\/mekulo.com\/no\/produkt\/sprintvest-for-loping\/","url":"https:\/\/mekulo.com\/no\/produkt\/sprintvest-for-loping\/","name":"Sprintvest for l\u00f8ping - Mekulo NO","isPartOf":{"@id":"https:\/\/mekulo.com\/no\/#website"},"primaryImageOfPage":{"@id":"https:\/\/mekulo.com\/no\/produkt\/sprintvest-for-loping\/#primaryimage"},"image":{"@id":"https:\/\/mekulo.com\/no\/produkt\/sprintvest-for-loping\/#primaryimage"},"thumbnailUrl":"https:\/\/mekulo.com\/no\/wp-content\/uploads\/sites\/10\/2026\/01\/ppw4msl-1.webp","datePublished":"2026-01-22T13:21:20+00:00","dateModified":"2026-02-03T15:04:19+00:00","breadcrumb":{"@id":"https:\/\/mekulo.com\/no\/produkt\/sprintvest-for-loping\/#breadcrumb"},"inLanguage":"nb-NO","potentialAction":[{"@type":"ReadAction","target":["https:\/\/mekulo.com\/no\/produkt\/sprintvest-for-loping\/"]}]},{"@type":"ImageObject","inLanguage":"nb-NO","@id":"https:\/\/mekulo.com\/no\/produkt\/sprintvest-for-loping\/#primaryimage","url":"https:\/\/mekulo.com\/no\/wp-content\/uploads\/sites\/10\/2026\/01\/ppw4msl-1.webp","contentUrl":"https:\/\/mekulo.com\/no\/wp-content\/uploads\/sites\/10\/2026\/01\/ppw4msl-1.webp","width":1600,"height":1600},{"@type":"BreadcrumbList","@id":"https:\/\/mekulo.com\/no\/produkt\/sprintvest-for-loping\/#breadcrumb","itemListElement":[{"@type":"ListItem","position":1,"name":"Home","item":"https:\/\/mekulo.com\/no\/"},{"@type":"ListItem","position":2,"name":"Butikk","item":"https:\/\/mekulo.com\/no\/butikk\/"},{"@type":"ListItem","position":3,"name":"Sprintvest for l\u00f8ping"}]},{"@type":"WebSite","@id":"https:\/\/mekulo.com\/no\/#website","url":"https:\/\/mekulo.com\/no\/","name":"Mekulo NO","description":"","publisher":{"@id":"https:\/\/mekulo.com\/no\/#organization"},"potentialAction":[{"@type":"SearchAction","target":{"@type":"EntryPoint","urlTemplate":"https:\/\/mekulo.com\/no\/?s={search_term_string}"},"query-input":{"@type":"PropertyValueSpecification","valueRequired":true,"valueName":"search_term_string"}}],"inLanguage":"nb-NO"},{"@type":"Organization","@id":"https:\/\/mekulo.com\/no\/#organization","name":"Mekulo","url":"https:\/\/mekulo.com\/no\/","logo":{"@type":"ImageObject","inLanguage":"nb-NO","@id":"https:\/\/mekulo.com\/no\/#\/schema\/logo\/image\/","url":"https:\/\/mekulo.com\/no\/wp-content\/uploads\/sites\/10\/2025\/12\/favicon_mekulo.png","contentUrl":"https:\/\/mekulo.com\/no\/wp-content\/uploads\/sites\/10\/2025\/12\/favicon_mekulo.png","width":50,"height":50,"caption":"Mekulo"},"image":{"@id":"https:\/\/mekulo.com\/no\/#\/schema\/logo\/image\/"}}]}},"_links":{"self":[{"href":"https:\/\/mekulo.com\/no\/wp-json\/wp\/v2\/product\/18719","targetHints":{"allow":["GET"]}}],"collection":[{"href":"https:\/\/mekulo.com\/no\/wp-json\/wp\/v2\/product"}],"about":[{"href":"https:\/\/mekulo.com\/no\/wp-json\/wp\/v2\/types\/product"}],"replies":[{"embeddable":true,"href":"https:\/\/mekulo.com\/no\/wp-json\/wp\/v2\/comments?post=18719"}],"wp:featuredmedia":[{"embeddable":true,"href":"https:\/\/mekulo.com\/no\/wp-json\/wp\/v2\/media\/18715"}],"wp:attachment":[{"href":"https:\/\/mekulo.com\/no\/wp-json\/wp\/v2\/media?parent=18719"}],"wp:term":[{"taxonomy":"product_brand","embeddable":true,"href":"https:\/\/mekulo.com\/no\/wp-json\/wp\/v2\/product_brand?post=18719"},{"taxonomy":"product_cat","embeddable":true,"href":"https:\/\/mekulo.com\/no\/wp-json\/wp\/v2\/product_cat?post=18719"},{"taxonomy":"product_tag","embeddable":true,"href":"https:\/\/mekulo.com\/no\/wp-json\/wp\/v2\/product_tag?post=18719"}],"curies":[{"name":"wp","href":"https:\/\/api.w.org\/{rel}","templated":true}]}}