{"id":18697,"date":"2026-01-22T15:20:01","date_gmt":"2026-01-22T13:20:01","guid":{"rendered":"https:\/\/mekulo.com\/no\/produkt\/sett-med-midlertidige-tatoveringspenner\/"},"modified":"2026-02-10T11:04:30","modified_gmt":"2026-02-10T09:04:30","slug":"sett-med-midlertidige-tatoveringspenner","status":"publish","type":"product","link":"https:\/\/mekulo.com\/no\/produkt\/sett-med-midlertidige-tatoveringspenner\/","title":{"rendered":"Sett med midlertidige tatoveringspenner"},"content":{"rendered":"<p style=\"text-align: center;\" data-start=\"0\" data-end=\"68\"><strong data-start=\"0\" data-end=\"68\">Lag fargerike midlertidige tatoveringer og design n\u00e5r som helst og hvor som helst. \ud83c\udf08<\/strong><\/p>\n<p data-start=\"0\" data-end=\"68\"><img fetchpriority=\"high\" decoding=\"async\" class=\"size-full wp-image-20890 aligncenter\" src=\"https:\/\/mekulo.com\/template\/wp-content\/uploads\/sites\/6\/2026\/01\/f73b57f5-1a6f-4afc-be5c-4170b70f79d6.webp\" alt=\"\" width=\"1000\" height=\"500\" \/><\/p>\n<h2 style=\"text-align: center;\" data-start=\"343\" data-end=\"363\">Hovedfordeler \ud83c\udfa8<\/h2>\n<p data-start=\"366\" data-end=\"435\">\ud83c\udf08 Flere fargealternativer &#8211; Velg mellom 10, 15, 30 livlige farger.<\/p>\n<p data-start=\"438\" data-end=\"512\">\ud83d\udd8c\ufe0f Fleksibel penselspiss &#8211; Tegn fine linjer og detaljerte design enkelt.<\/p>\n<p data-start=\"515\" data-end=\"580\">\ud83e\uddf4 Hudsikker formel &#8211; Laget med ingredienser av kosmetisk kvalitet.<\/p>\n<p data-start=\"583\" data-end=\"648\">\ud83c\udfad Flerbruksdesign &#8211; Fungerer som tatoveringsmark\u00f8r og ansiktsmaling.<\/p>\n<p data-start=\"651\" data-end=\"720\">\ud83d\udca7 Vanntett og svettebestandig &#8211; Varer i flere dager uten \u00e5 falme.<\/p>\n<p data-start=\"723\" data-end=\"792\">\u267b\ufe0f Gjenbrukbar design &#8211; Avtakbar for enkel utskifting av blekkp\u00e5fylling.<\/p>\n<p data-start=\"723\" data-end=\"792\"><img decoding=\"async\" class=\" wp-image-20888 aligncenter\" src=\"https:\/\/mekulo.com\/template\/wp-content\/uploads\/sites\/6\/2026\/01\/eb25e7ca-32e8-4f03-b518-32a425b10412.webp\" alt=\"\" width=\"754\" height=\"501\" \/><\/p>\n<h2 style=\"text-align: center;\" data-start=\"799\" data-end=\"813\">Hvordan du bruker \ud83d\udccc<\/h2>\n<ol data-start=\"814\" data-end=\"1071\">\n<li data-start=\"814\" data-end=\"847\">\n<p data-start=\"817\" data-end=\"847\">Rengj\u00f8r og t\u00f8rk hudomr\u00e5det.<\/p>\n<\/li>\n<li data-start=\"848\" data-end=\"888\">\n<p data-start=\"851\" data-end=\"888\">Rist mark\u00f8ren forsiktig f\u00f8r bruk.<\/p>\n<\/li>\n<li data-start=\"889\" data-end=\"932\">\n<p data-start=\"892\" data-end=\"932\">Tegn designet ditt direkte p\u00e5 huden.<\/p>\n<\/li>\n<li data-start=\"933\" data-end=\"972\">\n<p data-start=\"936\" data-end=\"972\">La blekket t\u00f8rke i noen sekunder.<\/p>\n<\/li>\n<li data-start=\"973\" data-end=\"1018\">\n<p data-start=\"976\" data-end=\"1018\">Nyt din midlertidige tatovering eller ansiktskunst.<\/p>\n<\/li>\n<li data-start=\"1019\" data-end=\"1071\">\n<p data-start=\"1022\" data-end=\"1071\">Fjern med varmt vann eller alkohol n\u00e5r det er \u00f8nskelig.<\/p>\n<\/li>\n<\/ol>\n<h2 style=\"text-align: center;\" data-start=\"1078\" data-end=\"1097\">Produktdetaljer \ud83d\udccf<\/h2>\n<ul data-start=\"1098\" data-end=\"1426\">\n<li data-start=\"1144\" data-end=\"1187\">\n<p data-start=\"1146\" data-end=\"1187\">Blekk type: Kosmetisk, hudsikkert blekk<\/p>\n<\/li>\n<li data-start=\"1188\" data-end=\"1220\">\n<p data-start=\"1190\" data-end=\"1220\">Tippetype: Fleksibel penselspiss<\/p>\n<\/li>\n<li data-start=\"1263\" data-end=\"1314\">\n<p data-start=\"1265\" data-end=\"1314\">Funksjoner: Vanntett, svettebestandig, gjenbrukbar<\/p>\n<\/li>\n<li data-start=\"1315\" data-end=\"1352\">\n<p data-start=\"1317\" data-end=\"1352\">Egnede for: Barn, ten\u00e5ringer, voksne<\/p>\n<\/li>\n<li data-start=\"1353\" data-end=\"1426\">\n<p data-start=\"1355\" data-end=\"1426\">Bruksomr\u00e5der: Midlertidige tatoveringer, ansiktsmaling, cosplay, fester, Halloween<\/p>\n<\/li>\n<\/ul>\n<h2 style=\"text-align: center;\" data-start=\"1433\" data-end=\"1453\">Pakken inkluderer \ud83d\udce6<\/h2>\n<ul data-start=\"1454\" data-end=\"1489\" data-is-last-node=\"\" data-is-only-node=\"\">\n<li data-start=\"1454\" data-end=\"1489\" data-is-last-node=\"\">\n<p data-start=\"1456\" data-end=\"1489\" data-is-last-node=\"\">10, 15, 30x farge midlertidige tatoveringsmark\u00f8rer<\/p>\n<\/li>\n<li data-start=\"1454\" data-end=\"1489\" data-is-last-node=\"\">5, 18x sjablonger.<\/li>\n<\/ul>\n","protected":false},"excerpt":{"rendered":"<p>\ud83e\udd8bMed dette midlertidige tatoveringsmark\u00f8rsettet kan du tegne morsomme, detaljerte design direkte p\u00e5 huden din ved hjelp av lyst, kosmetisk blekk.<br \/>\n\ud83d\udd8c\ufe0fIt er trygt, enkelt \u00e5 bruke og perfekt for fester, festivaler, ansiktsmaling og kreative kostymer uten forpliktelsen til permanente tatoveringer.<br \/>\n\ud83c\udfadDu kan uttrykke stilen din fritt og endre design n\u00e5r du vil.<\/p>\n<p>Fargene du f\u00e5r, er akkurat som p\u00e5 bildene.<\/p>\n","protected":false},"featured_media":18693,"comment_status":"open","ping_status":"closed","template":"","meta":{"site-sidebar-layout":"default","site-content-layout":"","ast-site-content-layout":"default","site-content-style":"default","site-sidebar-style":"default","ast-global-header-display":"","ast-banner-title-visibility":"","ast-main-header-display":"","ast-hfb-above-header-display":"","ast-hfb-below-header-display":"","ast-hfb-mobile-header-display":"","site-post-title":"","ast-breadcrumbs-content":"","ast-featured-img":"","footer-sml-layout":"","theme-transparent-header-meta":"default","adv-header-id-meta":"","stick-header-meta":"","header-above-stick-meta":"","header-main-stick-meta":"","header-below-stick-meta":"","astra-migrate-meta-layouts":"set","ast-page-background-enabled":"default","ast-page-background-meta":{"desktop":{"background-color":"var(--ast-global-color-5)","background-image":"","background-repeat":"repeat","background-position":"center center","background-size":"auto","background-attachment":"scroll","background-type":"","background-media":"","overlay-type":"","overlay-color":"","overlay-opacity":"","overlay-gradient":""},"tablet":{"background-color":"","background-image":"","background-repeat":"repeat","background-position":"center center","background-size":"auto","background-attachment":"scroll","background-type":"","background-media":"","overlay-type":"","overlay-color":"","overlay-opacity":"","overlay-gradient":""},"mobile":{"background-color":"","background-image":"","background-repeat":"repeat","background-position":"center center","background-size":"auto","background-attachment":"scroll","background-type":"","background-media":"","overlay-type":"","overlay-color":"","overlay-opacity":"","overlay-gradient":""}},"ast-content-background-meta":{"desktop":{"background-color":"var(--ast-global-color-4)","background-image":"","background-repeat":"repeat","background-position":"center center","background-size":"auto","background-attachment":"scroll","background-type":"","background-media":"","overlay-type":"","overlay-color":"","overlay-opacity":"","overlay-gradient":""},"tablet":{"background-color":"var(--ast-global-color-4)","background-image":"","background-repeat":"repeat","background-position":"center center","background-size":"auto","background-attachment":"scroll","background-type":"","background-media":"","overlay-type":"","overlay-color":"","overlay-opacity":"","overlay-gradient":""},"mobile":{"background-color":"var(--ast-global-color-4)","background-image":"","background-repeat":"repeat","background-position":"center center","background-size":"auto","background-attachment":"scroll","background-type":"","background-media":"","overlay-type":"","overlay-color":"","overlay-opacity":"","overlay-gradient":""}}},"product_brand":[],"product_cat":[172],"product_tag":[],"class_list":{"0":"post-18697","1":"product","2":"type-product","3":"status-publish","4":"has-post-thumbnail","6":"product_cat-leker-barne-og-babyprodukter","7":"pa_50212_1lk4h1oa-10-markorer","8":"pa_50212_1lk4h1oa-15-markorer","9":"pa_50212_1lk4h1oa-30-markorer","10":"pa_50212_sizv83ql-18-stk","11":"pa_50212_sizv83ql-5-stk","12":"desktop-align-left","13":"tablet-align-left","14":"mobile-align-left","16":"first","17":"instock","18":"shipping-taxable","19":"purchasable","20":"product-type-variable","21":"has-default-attributes"},"yoast_head":"<!-- This site is optimized with the Yoast SEO plugin v26.6 - https:\/\/yoast.com\/wordpress\/plugins\/seo\/ -->\n<title>Sett med midlertidige tatoveringspenner - Mekulo NO<\/title>\n<meta name=\"robots\" content=\"index, follow, max-snippet:-1, max-image-preview:large, max-video-preview:-1\" \/>\n<link rel=\"canonical\" href=\"https:\/\/mekulo.com\/no\/produkt\/sett-med-midlertidige-tatoveringspenner\/\" \/>\n<meta property=\"og:locale\" content=\"nb_NO\" \/>\n<meta property=\"og:type\" content=\"article\" \/>\n<meta property=\"og:title\" content=\"Sett med midlertidige tatoveringspenner - Mekulo NO\" \/>\n<meta property=\"og:description\" content=\"\ud83e\udd8bMed dette midlertidige tatoveringsmark\u00f8rsettet kan du tegne morsomme, detaljerte design direkte p\u00e5 huden din ved hjelp av lyst, kosmetisk blekk. \ud83d\udd8c\ufe0fIt er trygt, enkelt \u00e5 bruke og perfekt for fester, festivaler, ansiktsmaling og kreative kostymer uten forpliktelsen til permanente tatoveringer. \ud83c\udfadDu kan uttrykke stilen din fritt og endre design n\u00e5r du vil.  Fargene du f\u00e5r, er akkurat som p\u00e5 bildene.\" \/>\n<meta property=\"og:url\" content=\"https:\/\/mekulo.com\/no\/produkt\/sett-med-midlertidige-tatoveringspenner\/\" \/>\n<meta property=\"og:site_name\" content=\"Mekulo NO\" \/>\n<meta property=\"article:modified_time\" content=\"2026-02-10T09:04:30+00:00\" \/>\n<meta property=\"og:image\" content=\"https:\/\/mekulo.com\/no\/wp-content\/uploads\/sites\/10\/2026\/01\/wy9pvwy-1.jpg\" \/>\n\t<meta property=\"og:image:width\" content=\"1080\" \/>\n\t<meta property=\"og:image:height\" content=\"1080\" \/>\n\t<meta property=\"og:image:type\" content=\"image\/jpeg\" \/>\n<meta name=\"twitter:card\" content=\"summary_large_image\" \/>\n<meta name=\"twitter:label1\" content=\"Ansl. lesetid\" \/>\n\t<meta name=\"twitter:data1\" content=\"2 minutter\" \/>\n<script type=\"application\/ld+json\" class=\"yoast-schema-graph\">{\"@context\":\"https:\/\/schema.org\",\"@graph\":[{\"@type\":\"WebPage\",\"@id\":\"https:\/\/mekulo.com\/no\/produkt\/sett-med-midlertidige-tatoveringspenner\/\",\"url\":\"https:\/\/mekulo.com\/no\/produkt\/sett-med-midlertidige-tatoveringspenner\/\",\"name\":\"Sett med midlertidige tatoveringspenner - Mekulo NO\",\"isPartOf\":{\"@id\":\"https:\/\/mekulo.com\/no\/#website\"},\"primaryImageOfPage\":{\"@id\":\"https:\/\/mekulo.com\/no\/produkt\/sett-med-midlertidige-tatoveringspenner\/#primaryimage\"},\"image\":{\"@id\":\"https:\/\/mekulo.com\/no\/produkt\/sett-med-midlertidige-tatoveringspenner\/#primaryimage\"},\"thumbnailUrl\":\"https:\/\/mekulo.com\/no\/wp-content\/uploads\/sites\/10\/2026\/01\/wy9pvwy-1.jpg\",\"datePublished\":\"2026-01-22T13:20:01+00:00\",\"dateModified\":\"2026-02-10T09:04:30+00:00\",\"breadcrumb\":{\"@id\":\"https:\/\/mekulo.com\/no\/produkt\/sett-med-midlertidige-tatoveringspenner\/#breadcrumb\"},\"inLanguage\":\"nb-NO\",\"potentialAction\":[{\"@type\":\"ReadAction\",\"target\":[\"https:\/\/mekulo.com\/no\/produkt\/sett-med-midlertidige-tatoveringspenner\/\"]}]},{\"@type\":\"ImageObject\",\"inLanguage\":\"nb-NO\",\"@id\":\"https:\/\/mekulo.com\/no\/produkt\/sett-med-midlertidige-tatoveringspenner\/#primaryimage\",\"url\":\"https:\/\/mekulo.com\/no\/wp-content\/uploads\/sites\/10\/2026\/01\/wy9pvwy-1.jpg\",\"contentUrl\":\"https:\/\/mekulo.com\/no\/wp-content\/uploads\/sites\/10\/2026\/01\/wy9pvwy-1.jpg\",\"width\":1080,\"height\":1080},{\"@type\":\"BreadcrumbList\",\"@id\":\"https:\/\/mekulo.com\/no\/produkt\/sett-med-midlertidige-tatoveringspenner\/#breadcrumb\",\"itemListElement\":[{\"@type\":\"ListItem\",\"position\":1,\"name\":\"Home\",\"item\":\"https:\/\/mekulo.com\/no\/\"},{\"@type\":\"ListItem\",\"position\":2,\"name\":\"Butikk\",\"item\":\"https:\/\/mekulo.com\/no\/butikk\/\"},{\"@type\":\"ListItem\",\"position\":3,\"name\":\"Sett med midlertidige tatoveringspenner\"}]},{\"@type\":\"WebSite\",\"@id\":\"https:\/\/mekulo.com\/no\/#website\",\"url\":\"https:\/\/mekulo.com\/no\/\",\"name\":\"Mekulo NO\",\"description\":\"\",\"publisher\":{\"@id\":\"https:\/\/mekulo.com\/no\/#organization\"},\"potentialAction\":[{\"@type\":\"SearchAction\",\"target\":{\"@type\":\"EntryPoint\",\"urlTemplate\":\"https:\/\/mekulo.com\/no\/?s={search_term_string}\"},\"query-input\":{\"@type\":\"PropertyValueSpecification\",\"valueRequired\":true,\"valueName\":\"search_term_string\"}}],\"inLanguage\":\"nb-NO\"},{\"@type\":\"Organization\",\"@id\":\"https:\/\/mekulo.com\/no\/#organization\",\"name\":\"Mekulo\",\"url\":\"https:\/\/mekulo.com\/no\/\",\"logo\":{\"@type\":\"ImageObject\",\"inLanguage\":\"nb-NO\",\"@id\":\"https:\/\/mekulo.com\/no\/#\/schema\/logo\/image\/\",\"url\":\"https:\/\/mekulo.com\/no\/wp-content\/uploads\/sites\/10\/2025\/12\/favicon_mekulo.png\",\"contentUrl\":\"https:\/\/mekulo.com\/no\/wp-content\/uploads\/sites\/10\/2025\/12\/favicon_mekulo.png\",\"width\":50,\"height\":50,\"caption\":\"Mekulo\"},\"image\":{\"@id\":\"https:\/\/mekulo.com\/no\/#\/schema\/logo\/image\/\"}}]}<\/script>\n<!-- \/ Yoast SEO plugin. -->","yoast_head_json":{"title":"Sett med midlertidige tatoveringspenner - Mekulo NO","robots":{"index":"index","follow":"follow","max-snippet":"max-snippet:-1","max-image-preview":"max-image-preview:large","max-video-preview":"max-video-preview:-1"},"canonical":"https:\/\/mekulo.com\/no\/produkt\/sett-med-midlertidige-tatoveringspenner\/","og_locale":"nb_NO","og_type":"article","og_title":"Sett med midlertidige tatoveringspenner - Mekulo NO","og_description":"\ud83e\udd8bMed dette midlertidige tatoveringsmark\u00f8rsettet kan du tegne morsomme, detaljerte design direkte p\u00e5 huden din ved hjelp av lyst, kosmetisk blekk. \ud83d\udd8c\ufe0fIt er trygt, enkelt \u00e5 bruke og perfekt for fester, festivaler, ansiktsmaling og kreative kostymer uten forpliktelsen til permanente tatoveringer. \ud83c\udfadDu kan uttrykke stilen din fritt og endre design n\u00e5r du vil.  Fargene du f\u00e5r, er akkurat som p\u00e5 bildene.","og_url":"https:\/\/mekulo.com\/no\/produkt\/sett-med-midlertidige-tatoveringspenner\/","og_site_name":"Mekulo NO","article_modified_time":"2026-02-10T09:04:30+00:00","og_image":[{"width":1080,"height":1080,"url":"https:\/\/mekulo.com\/no\/wp-content\/uploads\/sites\/10\/2026\/01\/wy9pvwy-1.jpg","type":"image\/jpeg"}],"twitter_card":"summary_large_image","twitter_misc":{"Ansl. lesetid":"2 minutter"},"schema":{"@context":"https:\/\/schema.org","@graph":[{"@type":"WebPage","@id":"https:\/\/mekulo.com\/no\/produkt\/sett-med-midlertidige-tatoveringspenner\/","url":"https:\/\/mekulo.com\/no\/produkt\/sett-med-midlertidige-tatoveringspenner\/","name":"Sett med midlertidige tatoveringspenner - Mekulo NO","isPartOf":{"@id":"https:\/\/mekulo.com\/no\/#website"},"primaryImageOfPage":{"@id":"https:\/\/mekulo.com\/no\/produkt\/sett-med-midlertidige-tatoveringspenner\/#primaryimage"},"image":{"@id":"https:\/\/mekulo.com\/no\/produkt\/sett-med-midlertidige-tatoveringspenner\/#primaryimage"},"thumbnailUrl":"https:\/\/mekulo.com\/no\/wp-content\/uploads\/sites\/10\/2026\/01\/wy9pvwy-1.jpg","datePublished":"2026-01-22T13:20:01+00:00","dateModified":"2026-02-10T09:04:30+00:00","breadcrumb":{"@id":"https:\/\/mekulo.com\/no\/produkt\/sett-med-midlertidige-tatoveringspenner\/#breadcrumb"},"inLanguage":"nb-NO","potentialAction":[{"@type":"ReadAction","target":["https:\/\/mekulo.com\/no\/produkt\/sett-med-midlertidige-tatoveringspenner\/"]}]},{"@type":"ImageObject","inLanguage":"nb-NO","@id":"https:\/\/mekulo.com\/no\/produkt\/sett-med-midlertidige-tatoveringspenner\/#primaryimage","url":"https:\/\/mekulo.com\/no\/wp-content\/uploads\/sites\/10\/2026\/01\/wy9pvwy-1.jpg","contentUrl":"https:\/\/mekulo.com\/no\/wp-content\/uploads\/sites\/10\/2026\/01\/wy9pvwy-1.jpg","width":1080,"height":1080},{"@type":"BreadcrumbList","@id":"https:\/\/mekulo.com\/no\/produkt\/sett-med-midlertidige-tatoveringspenner\/#breadcrumb","itemListElement":[{"@type":"ListItem","position":1,"name":"Home","item":"https:\/\/mekulo.com\/no\/"},{"@type":"ListItem","position":2,"name":"Butikk","item":"https:\/\/mekulo.com\/no\/butikk\/"},{"@type":"ListItem","position":3,"name":"Sett med midlertidige tatoveringspenner"}]},{"@type":"WebSite","@id":"https:\/\/mekulo.com\/no\/#website","url":"https:\/\/mekulo.com\/no\/","name":"Mekulo NO","description":"","publisher":{"@id":"https:\/\/mekulo.com\/no\/#organization"},"potentialAction":[{"@type":"SearchAction","target":{"@type":"EntryPoint","urlTemplate":"https:\/\/mekulo.com\/no\/?s={search_term_string}"},"query-input":{"@type":"PropertyValueSpecification","valueRequired":true,"valueName":"search_term_string"}}],"inLanguage":"nb-NO"},{"@type":"Organization","@id":"https:\/\/mekulo.com\/no\/#organization","name":"Mekulo","url":"https:\/\/mekulo.com\/no\/","logo":{"@type":"ImageObject","inLanguage":"nb-NO","@id":"https:\/\/mekulo.com\/no\/#\/schema\/logo\/image\/","url":"https:\/\/mekulo.com\/no\/wp-content\/uploads\/sites\/10\/2025\/12\/favicon_mekulo.png","contentUrl":"https:\/\/mekulo.com\/no\/wp-content\/uploads\/sites\/10\/2025\/12\/favicon_mekulo.png","width":50,"height":50,"caption":"Mekulo"},"image":{"@id":"https:\/\/mekulo.com\/no\/#\/schema\/logo\/image\/"}}]}},"_links":{"self":[{"href":"https:\/\/mekulo.com\/no\/wp-json\/wp\/v2\/product\/18697","targetHints":{"allow":["GET"]}}],"collection":[{"href":"https:\/\/mekulo.com\/no\/wp-json\/wp\/v2\/product"}],"about":[{"href":"https:\/\/mekulo.com\/no\/wp-json\/wp\/v2\/types\/product"}],"replies":[{"embeddable":true,"href":"https:\/\/mekulo.com\/no\/wp-json\/wp\/v2\/comments?post=18697"}],"wp:featuredmedia":[{"embeddable":true,"href":"https:\/\/mekulo.com\/no\/wp-json\/wp\/v2\/media\/18693"}],"wp:attachment":[{"href":"https:\/\/mekulo.com\/no\/wp-json\/wp\/v2\/media?parent=18697"}],"wp:term":[{"taxonomy":"product_brand","embeddable":true,"href":"https:\/\/mekulo.com\/no\/wp-json\/wp\/v2\/product_brand?post=18697"},{"taxonomy":"product_cat","embeddable":true,"href":"https:\/\/mekulo.com\/no\/wp-json\/wp\/v2\/product_cat?post=18697"},{"taxonomy":"product_tag","embeddable":true,"href":"https:\/\/mekulo.com\/no\/wp-json\/wp\/v2\/product_tag?post=18697"}],"curies":[{"name":"wp","href":"https:\/\/api.w.org\/{rel}","templated":true}]}}