{"id":18446,"date":"2026-01-15T17:27:59","date_gmt":"2026-01-15T15:27:59","guid":{"rendered":"https:\/\/mekulo.com\/no\/produkt\/multifunksjonell-oppbevaringsboks-for-kjoleskap\/"},"modified":"2026-01-16T21:14:36","modified_gmt":"2026-01-16T19:14:36","slug":"multifunksjonell-oppbevaringsboks-for-kjoleskap","status":"publish","type":"product","link":"https:\/\/mekulo.com\/no\/produkt\/multifunksjonell-oppbevaringsboks-for-kjoleskap\/","title":{"rendered":"Multifunksjonell oppbevaringsboks for kj\u00f8leskap"},"content":{"rendered":"<p style=\"text-align: center;\" data-start=\"0\" data-end=\"88\"><strong data-start=\"0\" data-end=\"88\">Hold frukt og gr\u00f8nnsaker ferske, synlige og ryddig organisert i kj\u00f8leskapet. \ud83c\udf4b<\/strong><\/p>\n<p data-start=\"0\" data-end=\"88\"><img fetchpriority=\"high\" decoding=\"async\" class=\"size-full wp-image-20809 aligncenter\" src=\"https:\/\/mekulo.com\/template\/wp-content\/uploads\/sites\/6\/2026\/01\/spp_shopify20250924141528_b6b02f8e2aa73cfd780474f7f6aebb3a.webp\" alt=\"\" width=\"800\" height=\"800\" \/><\/p>\n<h2 style=\"text-align: center;\" data-start=\"381\" data-end=\"401\"><strong>Hovedfordeler \ud83e\uddca<\/strong><\/h2>\n<p data-start=\"404\" data-end=\"474\">\ud83e\udd55 Holder produktene ferske \u2013 Ideell for frukt, gr\u00f8nnsaker og urter.<\/p>\n<p data-start=\"477\" data-end=\"537\">\ud83d\udc40 Tydelig design \u2013 Se innholdet uten \u00e5 \u00e5pne esken.<\/p>\n<p data-start=\"540\" data-end=\"612\">\ud83d\udeaa Perfekt passform til kj\u00f8leskapsd\u00f8ren \u2013 Sparer plass og forbedrer organiseringen.<\/p>\n<p data-start=\"615\" data-end=\"674\">\ud83e\uddfc Enkel \u00e5 rengj\u00f8re \u2013 Glatt overflate t\u00f8rkes raskt av.<\/p>\n<p data-start=\"677\" data-end=\"736\">\ud83d\udcaa Slitesterkt materiale \u2013 Sterk PP-plast for daglig bruk.<\/p>\n<p data-start=\"739\" data-end=\"812\">\ud83d\udce6 Fleksible pakningsalternativer \u2013 Velg det antallet som passer dine behov.<\/p>\n<p data-start=\"739\" data-end=\"812\"><img decoding=\"async\" class=\"size-full wp-image-20806 aligncenter\" src=\"https:\/\/mekulo.com\/template\/wp-content\/uploads\/sites\/6\/2026\/01\/S3435b2323db44eab97885b5e7322b11fV.jpg_960x960q75.jpg_.jpg\" alt=\"\" width=\"1071\" height=\"870\" \/><\/p>\n<h2 style=\"text-align: center;\" data-start=\"819\" data-end=\"833\"><strong>Hvordan Du Bruker \ud83d\udccc<\/strong><\/h2>\n<ol data-start=\"834\" data-end=\"1039\">\n<li data-start=\"834\" data-end=\"889\">\n<p data-start=\"837\" data-end=\"889\">Plasser frukt eller gr\u00f8nnsaker i oppbevaringsboksen.<\/p>\n<\/li>\n<li data-start=\"890\" data-end=\"950\">\n<p data-start=\"893\" data-end=\"950\">Sett boksen inn i sided\u00f8ren p\u00e5 kj\u00f8leskapet.<\/p>\n<\/li>\n<li data-start=\"951\" data-end=\"992\">\n<p data-start=\"954\" data-end=\"992\">Ta enkelt ut varene n\u00e5r det er n\u00f8dvendig.<\/p>\n<\/li>\n<li data-start=\"993\" data-end=\"1039\">\n<p data-start=\"996\" data-end=\"1039\">Vask eller t\u00f8rk av boksen n\u00e5r det er n\u00f8dvendig.<\/p>\n<\/li>\n<\/ol>\n<h2 style=\"text-align: center;\" data-start=\"1046\" data-end=\"1065\"><strong>Produktdetaljer \ud83d\udccf<\/strong><\/h2>\n<ul data-start=\"1066\" data-end=\"1354\">\n<li data-start=\"1125\" data-end=\"1157\">\n<p data-start=\"1127\" data-end=\"1157\">Materiale: Slitesterk PP-plast<\/p>\n<\/li>\n<li data-start=\"1158\" data-end=\"1180\">\n<p data-start=\"1160\" data-end=\"1180\">Farge: Gjennomsiktig<\/p>\n<\/li>\n<li data-start=\"1181\" data-end=\"1206\">\n<p data-start=\"1183\" data-end=\"1206\">St\u00f8rrelse: 10 x 8 x 9,5 cm<\/p>\n<\/li>\n<li data-start=\"1253\" data-end=\"1315\">\n<p data-start=\"1255\" data-end=\"1315\">Bruk: Oppbevaring av kj\u00f8leskapsd\u00f8r for frukt og gr\u00f8nnsaker<\/p>\n<\/li>\n<li data-start=\"1316\" data-end=\"1354\">\n<p data-start=\"1318\" data-end=\"1354\">Temperaturbestandighet: Opptil 105 \u2103<\/p>\n<\/li>\n<\/ul>\n<h2 style=\"text-align: center;\" data-start=\"1361\" data-end=\"1381\"><strong>Pakken inkluderer \ud83d\udce6<\/strong><\/h2>\n<ul data-start=\"1382\" data-end=\"1461\" data-is-last-node=\"\" data-is-only-node=\"\">\n<li data-start=\"1382\" data-end=\"1461\" data-is-last-node=\"\">\n<p data-start=\"1384\" data-end=\"1461\" data-is-last-node=\"\">1, 3, 5, 10x multifunksjonell oppbevaringsboks\/es.<\/p>\n<\/li>\n<\/ul>\n","protected":false},"excerpt":{"rendered":"<p>\ud83c\udf4eDenne multifunksjonelle oppbevaringsboksen for kj\u00f8leskap er designet for \u00e5 passe perfekt i kj\u00f8leskapsd\u00f8ren, noe som gj\u00f8r det enkelt \u00e5 oppbevare fersk frukt, gr\u00f8nnsaker og urter.<br \/>\n\ud83d\udc69\u200d\ud83c\udf73Dens\u00a0gjennomsiktig dsig<span style=\"font-size: 16px; font-style: normal; font-weight: 400;\">e<\/span><span style=\"font-size: 16px;\">n lar deg se hva som er inni p\u00e5 et \u00f8yeblikk, noe som hjelper deg \u00e5 holde orden og redusere matsvinn p\u00e5 kj\u00f8kkenet.<\/span><\/p>\n<p>\ud83e\uded1Den kompakte st\u00f8rrelsen holder varene innen rekkevidde uten \u00e5 ta opp verdifull hylleplass.<\/p>\n","protected":false},"featured_media":18442,"comment_status":"open","ping_status":"closed","template":"","meta":{"site-sidebar-layout":"default","site-content-layout":"","ast-site-content-layout":"default","site-content-style":"default","site-sidebar-style":"default","ast-global-header-display":"","ast-banner-title-visibility":"","ast-main-header-display":"","ast-hfb-above-header-display":"","ast-hfb-below-header-display":"","ast-hfb-mobile-header-display":"","site-post-title":"","ast-breadcrumbs-content":"","ast-featured-img":"","footer-sml-layout":"","theme-transparent-header-meta":"default","adv-header-id-meta":"","stick-header-meta":"","header-above-stick-meta":"","header-main-stick-meta":"","header-below-stick-meta":"","astra-migrate-meta-layouts":"set","ast-page-background-enabled":"default","ast-page-background-meta":{"desktop":{"background-color":"var(--ast-global-color-5)","background-image":"","background-repeat":"repeat","background-position":"center center","background-size":"auto","background-attachment":"scroll","background-type":"","background-media":"","overlay-type":"","overlay-color":"","overlay-opacity":"","overlay-gradient":""},"tablet":{"background-color":"","background-image":"","background-repeat":"repeat","background-position":"center center","background-size":"auto","background-attachment":"scroll","background-type":"","background-media":"","overlay-type":"","overlay-color":"","overlay-opacity":"","overlay-gradient":""},"mobile":{"background-color":"","background-image":"","background-repeat":"repeat","background-position":"center center","background-size":"auto","background-attachment":"scroll","background-type":"","background-media":"","overlay-type":"","overlay-color":"","overlay-opacity":"","overlay-gradient":""}},"ast-content-background-meta":{"desktop":{"background-color":"var(--ast-global-color-4)","background-image":"","background-repeat":"repeat","background-position":"center center","background-size":"auto","background-attachment":"scroll","background-type":"","background-media":"","overlay-type":"","overlay-color":"","overlay-opacity":"","overlay-gradient":""},"tablet":{"background-color":"var(--ast-global-color-4)","background-image":"","background-repeat":"repeat","background-position":"center center","background-size":"auto","background-attachment":"scroll","background-type":"","background-media":"","overlay-type":"","overlay-color":"","overlay-opacity":"","overlay-gradient":""},"mobile":{"background-color":"var(--ast-global-color-4)","background-image":"","background-repeat":"repeat","background-position":"center center","background-size":"auto","background-attachment":"scroll","background-type":"","background-media":"","overlay-type":"","overlay-color":"","overlay-opacity":"","overlay-gradient":""}}},"product_brand":[],"product_cat":[168],"product_tag":[],"class_list":{"0":"post-18446","1":"product","2":"type-product","3":"status-publish","4":"has-post-thumbnail","6":"product_cat-husholdningsartikler","7":"pa_50194_anp924ff-1-stk","8":"pa_50194_anp924ff-10-stk","9":"pa_50194_anp924ff-3-stk","10":"pa_50194_anp924ff-5-stk","11":"desktop-align-left","12":"tablet-align-left","13":"mobile-align-left","15":"first","16":"instock","17":"shipping-taxable","18":"purchasable","19":"product-type-variable"},"yoast_head":"<!-- This site is optimized with the Yoast SEO plugin v26.6 - https:\/\/yoast.com\/wordpress\/plugins\/seo\/ -->\n<title>Multifunksjonell oppbevaringsboks for kj\u00f8leskap - Mekulo NO<\/title>\n<meta name=\"robots\" content=\"index, follow, max-snippet:-1, max-image-preview:large, max-video-preview:-1\" \/>\n<link rel=\"canonical\" href=\"https:\/\/mekulo.com\/no\/produkt\/multifunksjonell-oppbevaringsboks-for-kjoleskap\/\" \/>\n<meta property=\"og:locale\" content=\"nb_NO\" \/>\n<meta property=\"og:type\" content=\"article\" \/>\n<meta property=\"og:title\" content=\"Multifunksjonell oppbevaringsboks for kj\u00f8leskap - Mekulo NO\" \/>\n<meta property=\"og:description\" content=\"\ud83c\udf4eDenne multifunksjonelle oppbevaringsboksen for kj\u00f8leskap er designet for \u00e5 passe perfekt i kj\u00f8leskapsd\u00f8ren, noe som gj\u00f8r det enkelt \u00e5 oppbevare fersk frukt, gr\u00f8nnsaker og urter. \ud83d\udc69\u200d\ud83c\udf73Dens\u00a0gjennomsiktig dsigen lar deg se hva som er inni p\u00e5 et \u00f8yeblikk, noe som hjelper deg \u00e5 holde orden og redusere matsvinn p\u00e5 kj\u00f8kkenet.  \ud83e\uded1Den kompakte st\u00f8rrelsen holder varene innen rekkevidde uten \u00e5 ta opp verdifull hylleplass.\" \/>\n<meta property=\"og:url\" content=\"https:\/\/mekulo.com\/no\/produkt\/multifunksjonell-oppbevaringsboks-for-kjoleskap\/\" \/>\n<meta property=\"og:site_name\" content=\"Mekulo NO\" \/>\n<meta property=\"article:modified_time\" content=\"2026-01-16T19:14:36+00:00\" \/>\n<meta property=\"og:image\" content=\"https:\/\/mekulo.com\/no\/wp-content\/uploads\/sites\/10\/2026\/01\/pywfqr4-1.webp\" \/>\n\t<meta property=\"og:image:width\" content=\"713\" \/>\n\t<meta property=\"og:image:height\" content=\"713\" \/>\n\t<meta property=\"og:image:type\" content=\"image\/webp\" \/>\n<meta name=\"twitter:card\" content=\"summary_large_image\" \/>\n<meta name=\"twitter:label1\" content=\"Ansl. lesetid\" \/>\n\t<meta name=\"twitter:data1\" content=\"2 minutter\" \/>\n<script type=\"application\/ld+json\" class=\"yoast-schema-graph\">{\"@context\":\"https:\/\/schema.org\",\"@graph\":[{\"@type\":\"WebPage\",\"@id\":\"https:\/\/mekulo.com\/no\/produkt\/multifunksjonell-oppbevaringsboks-for-kjoleskap\/\",\"url\":\"https:\/\/mekulo.com\/no\/produkt\/multifunksjonell-oppbevaringsboks-for-kjoleskap\/\",\"name\":\"Multifunksjonell oppbevaringsboks for kj\u00f8leskap - Mekulo NO\",\"isPartOf\":{\"@id\":\"https:\/\/mekulo.com\/no\/#website\"},\"primaryImageOfPage\":{\"@id\":\"https:\/\/mekulo.com\/no\/produkt\/multifunksjonell-oppbevaringsboks-for-kjoleskap\/#primaryimage\"},\"image\":{\"@id\":\"https:\/\/mekulo.com\/no\/produkt\/multifunksjonell-oppbevaringsboks-for-kjoleskap\/#primaryimage\"},\"thumbnailUrl\":\"https:\/\/mekulo.com\/no\/wp-content\/uploads\/sites\/10\/2026\/01\/pywfqr4-1.webp\",\"datePublished\":\"2026-01-15T15:27:59+00:00\",\"dateModified\":\"2026-01-16T19:14:36+00:00\",\"breadcrumb\":{\"@id\":\"https:\/\/mekulo.com\/no\/produkt\/multifunksjonell-oppbevaringsboks-for-kjoleskap\/#breadcrumb\"},\"inLanguage\":\"nb-NO\",\"potentialAction\":[{\"@type\":\"ReadAction\",\"target\":[\"https:\/\/mekulo.com\/no\/produkt\/multifunksjonell-oppbevaringsboks-for-kjoleskap\/\"]}]},{\"@type\":\"ImageObject\",\"inLanguage\":\"nb-NO\",\"@id\":\"https:\/\/mekulo.com\/no\/produkt\/multifunksjonell-oppbevaringsboks-for-kjoleskap\/#primaryimage\",\"url\":\"https:\/\/mekulo.com\/no\/wp-content\/uploads\/sites\/10\/2026\/01\/pywfqr4-1.webp\",\"contentUrl\":\"https:\/\/mekulo.com\/no\/wp-content\/uploads\/sites\/10\/2026\/01\/pywfqr4-1.webp\",\"width\":713,\"height\":713},{\"@type\":\"BreadcrumbList\",\"@id\":\"https:\/\/mekulo.com\/no\/produkt\/multifunksjonell-oppbevaringsboks-for-kjoleskap\/#breadcrumb\",\"itemListElement\":[{\"@type\":\"ListItem\",\"position\":1,\"name\":\"Home\",\"item\":\"https:\/\/mekulo.com\/no\/\"},{\"@type\":\"ListItem\",\"position\":2,\"name\":\"Butikk\",\"item\":\"https:\/\/mekulo.com\/no\/butikk\/\"},{\"@type\":\"ListItem\",\"position\":3,\"name\":\"Multifunksjonell oppbevaringsboks for kj\u00f8leskap\"}]},{\"@type\":\"WebSite\",\"@id\":\"https:\/\/mekulo.com\/no\/#website\",\"url\":\"https:\/\/mekulo.com\/no\/\",\"name\":\"Mekulo NO\",\"description\":\"\",\"publisher\":{\"@id\":\"https:\/\/mekulo.com\/no\/#organization\"},\"potentialAction\":[{\"@type\":\"SearchAction\",\"target\":{\"@type\":\"EntryPoint\",\"urlTemplate\":\"https:\/\/mekulo.com\/no\/?s={search_term_string}\"},\"query-input\":{\"@type\":\"PropertyValueSpecification\",\"valueRequired\":true,\"valueName\":\"search_term_string\"}}],\"inLanguage\":\"nb-NO\"},{\"@type\":\"Organization\",\"@id\":\"https:\/\/mekulo.com\/no\/#organization\",\"name\":\"Mekulo\",\"url\":\"https:\/\/mekulo.com\/no\/\",\"logo\":{\"@type\":\"ImageObject\",\"inLanguage\":\"nb-NO\",\"@id\":\"https:\/\/mekulo.com\/no\/#\/schema\/logo\/image\/\",\"url\":\"https:\/\/mekulo.com\/no\/wp-content\/uploads\/sites\/10\/2025\/12\/favicon_mekulo.png\",\"contentUrl\":\"https:\/\/mekulo.com\/no\/wp-content\/uploads\/sites\/10\/2025\/12\/favicon_mekulo.png\",\"width\":50,\"height\":50,\"caption\":\"Mekulo\"},\"image\":{\"@id\":\"https:\/\/mekulo.com\/no\/#\/schema\/logo\/image\/\"}}]}<\/script>\n<!-- \/ Yoast SEO plugin. -->","yoast_head_json":{"title":"Multifunksjonell oppbevaringsboks for kj\u00f8leskap - Mekulo NO","robots":{"index":"index","follow":"follow","max-snippet":"max-snippet:-1","max-image-preview":"max-image-preview:large","max-video-preview":"max-video-preview:-1"},"canonical":"https:\/\/mekulo.com\/no\/produkt\/multifunksjonell-oppbevaringsboks-for-kjoleskap\/","og_locale":"nb_NO","og_type":"article","og_title":"Multifunksjonell oppbevaringsboks for kj\u00f8leskap - Mekulo NO","og_description":"\ud83c\udf4eDenne multifunksjonelle oppbevaringsboksen for kj\u00f8leskap er designet for \u00e5 passe perfekt i kj\u00f8leskapsd\u00f8ren, noe som gj\u00f8r det enkelt \u00e5 oppbevare fersk frukt, gr\u00f8nnsaker og urter. \ud83d\udc69\u200d\ud83c\udf73Dens\u00a0gjennomsiktig dsigen lar deg se hva som er inni p\u00e5 et \u00f8yeblikk, noe som hjelper deg \u00e5 holde orden og redusere matsvinn p\u00e5 kj\u00f8kkenet.  \ud83e\uded1Den kompakte st\u00f8rrelsen holder varene innen rekkevidde uten \u00e5 ta opp verdifull hylleplass.","og_url":"https:\/\/mekulo.com\/no\/produkt\/multifunksjonell-oppbevaringsboks-for-kjoleskap\/","og_site_name":"Mekulo NO","article_modified_time":"2026-01-16T19:14:36+00:00","og_image":[{"width":713,"height":713,"url":"https:\/\/mekulo.com\/no\/wp-content\/uploads\/sites\/10\/2026\/01\/pywfqr4-1.webp","type":"image\/webp"}],"twitter_card":"summary_large_image","twitter_misc":{"Ansl. lesetid":"2 minutter"},"schema":{"@context":"https:\/\/schema.org","@graph":[{"@type":"WebPage","@id":"https:\/\/mekulo.com\/no\/produkt\/multifunksjonell-oppbevaringsboks-for-kjoleskap\/","url":"https:\/\/mekulo.com\/no\/produkt\/multifunksjonell-oppbevaringsboks-for-kjoleskap\/","name":"Multifunksjonell oppbevaringsboks for kj\u00f8leskap - Mekulo NO","isPartOf":{"@id":"https:\/\/mekulo.com\/no\/#website"},"primaryImageOfPage":{"@id":"https:\/\/mekulo.com\/no\/produkt\/multifunksjonell-oppbevaringsboks-for-kjoleskap\/#primaryimage"},"image":{"@id":"https:\/\/mekulo.com\/no\/produkt\/multifunksjonell-oppbevaringsboks-for-kjoleskap\/#primaryimage"},"thumbnailUrl":"https:\/\/mekulo.com\/no\/wp-content\/uploads\/sites\/10\/2026\/01\/pywfqr4-1.webp","datePublished":"2026-01-15T15:27:59+00:00","dateModified":"2026-01-16T19:14:36+00:00","breadcrumb":{"@id":"https:\/\/mekulo.com\/no\/produkt\/multifunksjonell-oppbevaringsboks-for-kjoleskap\/#breadcrumb"},"inLanguage":"nb-NO","potentialAction":[{"@type":"ReadAction","target":["https:\/\/mekulo.com\/no\/produkt\/multifunksjonell-oppbevaringsboks-for-kjoleskap\/"]}]},{"@type":"ImageObject","inLanguage":"nb-NO","@id":"https:\/\/mekulo.com\/no\/produkt\/multifunksjonell-oppbevaringsboks-for-kjoleskap\/#primaryimage","url":"https:\/\/mekulo.com\/no\/wp-content\/uploads\/sites\/10\/2026\/01\/pywfqr4-1.webp","contentUrl":"https:\/\/mekulo.com\/no\/wp-content\/uploads\/sites\/10\/2026\/01\/pywfqr4-1.webp","width":713,"height":713},{"@type":"BreadcrumbList","@id":"https:\/\/mekulo.com\/no\/produkt\/multifunksjonell-oppbevaringsboks-for-kjoleskap\/#breadcrumb","itemListElement":[{"@type":"ListItem","position":1,"name":"Home","item":"https:\/\/mekulo.com\/no\/"},{"@type":"ListItem","position":2,"name":"Butikk","item":"https:\/\/mekulo.com\/no\/butikk\/"},{"@type":"ListItem","position":3,"name":"Multifunksjonell oppbevaringsboks for kj\u00f8leskap"}]},{"@type":"WebSite","@id":"https:\/\/mekulo.com\/no\/#website","url":"https:\/\/mekulo.com\/no\/","name":"Mekulo NO","description":"","publisher":{"@id":"https:\/\/mekulo.com\/no\/#organization"},"potentialAction":[{"@type":"SearchAction","target":{"@type":"EntryPoint","urlTemplate":"https:\/\/mekulo.com\/no\/?s={search_term_string}"},"query-input":{"@type":"PropertyValueSpecification","valueRequired":true,"valueName":"search_term_string"}}],"inLanguage":"nb-NO"},{"@type":"Organization","@id":"https:\/\/mekulo.com\/no\/#organization","name":"Mekulo","url":"https:\/\/mekulo.com\/no\/","logo":{"@type":"ImageObject","inLanguage":"nb-NO","@id":"https:\/\/mekulo.com\/no\/#\/schema\/logo\/image\/","url":"https:\/\/mekulo.com\/no\/wp-content\/uploads\/sites\/10\/2025\/12\/favicon_mekulo.png","contentUrl":"https:\/\/mekulo.com\/no\/wp-content\/uploads\/sites\/10\/2025\/12\/favicon_mekulo.png","width":50,"height":50,"caption":"Mekulo"},"image":{"@id":"https:\/\/mekulo.com\/no\/#\/schema\/logo\/image\/"}}]}},"_links":{"self":[{"href":"https:\/\/mekulo.com\/no\/wp-json\/wp\/v2\/product\/18446","targetHints":{"allow":["GET"]}}],"collection":[{"href":"https:\/\/mekulo.com\/no\/wp-json\/wp\/v2\/product"}],"about":[{"href":"https:\/\/mekulo.com\/no\/wp-json\/wp\/v2\/types\/product"}],"replies":[{"embeddable":true,"href":"https:\/\/mekulo.com\/no\/wp-json\/wp\/v2\/comments?post=18446"}],"wp:featuredmedia":[{"embeddable":true,"href":"https:\/\/mekulo.com\/no\/wp-json\/wp\/v2\/media\/18442"}],"wp:attachment":[{"href":"https:\/\/mekulo.com\/no\/wp-json\/wp\/v2\/media?parent=18446"}],"wp:term":[{"taxonomy":"product_brand","embeddable":true,"href":"https:\/\/mekulo.com\/no\/wp-json\/wp\/v2\/product_brand?post=18446"},{"taxonomy":"product_cat","embeddable":true,"href":"https:\/\/mekulo.com\/no\/wp-json\/wp\/v2\/product_cat?post=18446"},{"taxonomy":"product_tag","embeddable":true,"href":"https:\/\/mekulo.com\/no\/wp-json\/wp\/v2\/product_tag?post=18446"}],"curies":[{"name":"wp","href":"https:\/\/api.w.org\/{rel}","templated":true}]}}